{"id":9594,"date":"2023-05-08T09:11:20","date_gmt":"2023-05-08T09:11:20","guid":{"rendered":"https:\/\/dti.developallin.com\/product\/tenemos-un-corazon-para-ti\/"},"modified":"2023-05-16T10:57:47","modified_gmt":"2023-05-16T10:57:47","slug":"tenemos-un-corazon-para-ti","status":"publish","type":"product","link":"https:\/\/dtifoundation.com\/es\/producto\/tenemos-un-corazon-para-ti\/","title":{"rendered":"Tenemos un coraz\u00f3n para ti"},"content":{"rendered":"","protected":false},"excerpt":{"rendered":"<p>Hay gente que contrae alguna enfermedad grave a lo largo de su vida. Otras personas sufren m\u00e1s de una. \u00a1Yo las he sufrido todas! Y es que debo ser ego\u00edsta por naturaleza&#8230; \u00a1todo para m\u00ed! Soy irresistiblemente atractiva para las enfermedades&#8230; He probado casi todas las secciones de los hospitales. Aun as\u00ed, pienso que soy afortunada, lo he ido superando. A fines de 2015 todo mi cuerpo empez\u00f3 a fallar progresivamente y se fueron agotando las opciones de sobrevivir. En este libro explico c\u00f3mo pude optar a un trasplante de coraz\u00f3n, y c\u00f3mo desde entonces puedo disfrutar de una nueva vida, con la posibilidad de hacer cosas a las que hab\u00eda renunciado.<\/p>\n","protected":false},"featured_media":9972,"template":"","meta":{"_acf_changed":false},"product_brand":[],"product_cat":[36],"product_tag":[],"class_list":{"0":"post-9594","1":"product","2":"type-product","3":"status-publish","4":"has-post-thumbnail","6":"product_cat-productos","8":"first","9":"instock","10":"shipping-taxable","11":"purchasable","12":"product-type-simple"},"acf":[],"yoast_head":"<!-- This site is optimized with the Yoast SEO plugin v26.9 - https:\/\/yoast.com\/product\/yoast-seo-wordpress\/ -->\n<title>Tenemos un coraz\u00f3n para ti | DTI Foundation | Donation &amp; Transplantation Institute<\/title>\n<meta name=\"robots\" content=\"index, follow, max-snippet:-1, max-image-preview:large, max-video-preview:-1\" \/>\n<link rel=\"canonical\" href=\"https:\/\/dtifoundation.com\/es\/producto\/tenemos-un-corazon-para-ti\/\" \/>\n<meta property=\"og:locale\" content=\"es_ES\" \/>\n<meta property=\"og:type\" content=\"article\" \/>\n<meta property=\"og:title\" content=\"Tenemos un coraz\u00f3n para ti | DTI Foundation | Donation &amp; Transplantation Institute\" \/>\n<meta property=\"og:description\" content=\"Hay gente que contrae alguna enfermedad grave a lo largo de su vida. Otras personas sufren m\u00e1s de una. \u00a1Yo las he sufrido todas! Y es que debo ser ego\u00edsta por naturaleza... \u00a1todo para m\u00ed! Soy irresistiblemente atractiva para las enfermedades... He probado casi todas las secciones de los hospitales. Aun as\u00ed, pienso que soy afortunada, lo he ido superando. A fines de 2015 todo mi cuerpo empez\u00f3 a fallar progresivamente y se fueron agotando las opciones de sobrevivir. En este libro explico c\u00f3mo pude optar a un trasplante de coraz\u00f3n, y c\u00f3mo desde entonces puedo disfrutar de una nueva vida, con la posibilidad de hacer cosas a las que hab\u00eda renunciado.\" \/>\n<meta property=\"og:url\" content=\"https:\/\/dtifoundation.com\/es\/producto\/tenemos-un-corazon-para-ti\/\" \/>\n<meta property=\"og:site_name\" content=\"DTI Foundation | Donation &amp; Transplantation Institute\" \/>\n<meta property=\"article:modified_time\" content=\"2023-05-16T10:57:47+00:00\" \/>\n<meta property=\"og:image\" content=\"https:\/\/dtifoundation.com\/wp-content\/uploads\/2023\/05\/tenemos-un-corazon-para-ti-marta-gubau-sq-1.jpg\" \/>\n\t<meta property=\"og:image:width\" content=\"500\" \/>\n\t<meta property=\"og:image:height\" content=\"500\" \/>\n\t<meta property=\"og:image:type\" content=\"image\/jpeg\" \/>\n<meta name=\"twitter:card\" content=\"summary_large_image\" \/>\n<script type=\"application\/ld+json\" class=\"yoast-schema-graph\">{\"@context\":\"https:\/\/schema.org\",\"@graph\":[{\"@type\":\"WebPage\",\"@id\":\"https:\/\/dtifoundation.com\/es\/producto\/tenemos-un-corazon-para-ti\/\",\"url\":\"https:\/\/dtifoundation.com\/es\/producto\/tenemos-un-corazon-para-ti\/\",\"name\":\"Tenemos un coraz\u00f3n para ti | DTI Foundation | Donation &amp; Transplantation Institute\",\"isPartOf\":{\"@id\":\"https:\/\/dtifoundation.com\/#website\"},\"primaryImageOfPage\":{\"@id\":\"https:\/\/dtifoundation.com\/es\/producto\/tenemos-un-corazon-para-ti\/#primaryimage\"},\"image\":{\"@id\":\"https:\/\/dtifoundation.com\/es\/producto\/tenemos-un-corazon-para-ti\/#primaryimage\"},\"thumbnailUrl\":\"https:\/\/dtifoundation.com\/wp-content\/uploads\/2023\/05\/tenemos-un-corazon-para-ti-marta-gubau-sq-1.jpg\",\"datePublished\":\"2023-05-08T09:11:20+00:00\",\"dateModified\":\"2023-05-16T10:57:47+00:00\",\"breadcrumb\":{\"@id\":\"https:\/\/dtifoundation.com\/es\/producto\/tenemos-un-corazon-para-ti\/#breadcrumb\"},\"inLanguage\":\"es\",\"potentialAction\":[{\"@type\":\"ReadAction\",\"target\":[\"https:\/\/dtifoundation.com\/es\/producto\/tenemos-un-corazon-para-ti\/\"]}]},{\"@type\":\"ImageObject\",\"inLanguage\":\"es\",\"@id\":\"https:\/\/dtifoundation.com\/es\/producto\/tenemos-un-corazon-para-ti\/#primaryimage\",\"url\":\"https:\/\/dtifoundation.com\/wp-content\/uploads\/2023\/05\/tenemos-un-corazon-para-ti-marta-gubau-sq-1.jpg\",\"contentUrl\":\"https:\/\/dtifoundation.com\/wp-content\/uploads\/2023\/05\/tenemos-un-corazon-para-ti-marta-gubau-sq-1.jpg\",\"width\":500,\"height\":500},{\"@type\":\"BreadcrumbList\",\"@id\":\"https:\/\/dtifoundation.com\/es\/producto\/tenemos-un-corazon-para-ti\/#breadcrumb\",\"itemListElement\":[{\"@type\":\"ListItem\",\"position\":1,\"name\":\"Home\",\"item\":\"https:\/\/dtifoundation.com\/es\/\"},{\"@type\":\"ListItem\",\"position\":2,\"name\":\"Donar\",\"item\":\"https:\/\/dtifoundation.com\/es\/donar-3\/\"},{\"@type\":\"ListItem\",\"position\":3,\"name\":\"Tenemos un coraz\u00f3n para ti\"}]},{\"@type\":\"WebSite\",\"@id\":\"https:\/\/dtifoundation.com\/#website\",\"url\":\"https:\/\/dtifoundation.com\/\",\"name\":\"TPM - DTI Foundation\",\"description\":\"\",\"potentialAction\":[{\"@type\":\"SearchAction\",\"target\":{\"@type\":\"EntryPoint\",\"urlTemplate\":\"https:\/\/dtifoundation.com\/?s={search_term_string}\"},\"query-input\":{\"@type\":\"PropertyValueSpecification\",\"valueRequired\":true,\"valueName\":\"search_term_string\"}}],\"inLanguage\":\"es\"}]}<\/script>\n<!-- \/ Yoast SEO plugin. -->","yoast_head_json":{"title":"Tenemos un coraz\u00f3n para ti | DTI Foundation | Donation &amp; Transplantation Institute","robots":{"index":"index","follow":"follow","max-snippet":"max-snippet:-1","max-image-preview":"max-image-preview:large","max-video-preview":"max-video-preview:-1"},"canonical":"https:\/\/dtifoundation.com\/es\/producto\/tenemos-un-corazon-para-ti\/","og_locale":"es_ES","og_type":"article","og_title":"Tenemos un coraz\u00f3n para ti | DTI Foundation | Donation &amp; Transplantation Institute","og_description":"Hay gente que contrae alguna enfermedad grave a lo largo de su vida. Otras personas sufren m\u00e1s de una. \u00a1Yo las he sufrido todas! Y es que debo ser ego\u00edsta por naturaleza... \u00a1todo para m\u00ed! Soy irresistiblemente atractiva para las enfermedades... He probado casi todas las secciones de los hospitales. Aun as\u00ed, pienso que soy afortunada, lo he ido superando. A fines de 2015 todo mi cuerpo empez\u00f3 a fallar progresivamente y se fueron agotando las opciones de sobrevivir. En este libro explico c\u00f3mo pude optar a un trasplante de coraz\u00f3n, y c\u00f3mo desde entonces puedo disfrutar de una nueva vida, con la posibilidad de hacer cosas a las que hab\u00eda renunciado.","og_url":"https:\/\/dtifoundation.com\/es\/producto\/tenemos-un-corazon-para-ti\/","og_site_name":"DTI Foundation | Donation &amp; Transplantation Institute","article_modified_time":"2023-05-16T10:57:47+00:00","og_image":[{"width":500,"height":500,"url":"https:\/\/dtifoundation.com\/wp-content\/uploads\/2023\/05\/tenemos-un-corazon-para-ti-marta-gubau-sq-1.jpg","type":"image\/jpeg"}],"twitter_card":"summary_large_image","schema":{"@context":"https:\/\/schema.org","@graph":[{"@type":"WebPage","@id":"https:\/\/dtifoundation.com\/es\/producto\/tenemos-un-corazon-para-ti\/","url":"https:\/\/dtifoundation.com\/es\/producto\/tenemos-un-corazon-para-ti\/","name":"Tenemos un coraz\u00f3n para ti | DTI Foundation | Donation &amp; Transplantation Institute","isPartOf":{"@id":"https:\/\/dtifoundation.com\/#website"},"primaryImageOfPage":{"@id":"https:\/\/dtifoundation.com\/es\/producto\/tenemos-un-corazon-para-ti\/#primaryimage"},"image":{"@id":"https:\/\/dtifoundation.com\/es\/producto\/tenemos-un-corazon-para-ti\/#primaryimage"},"thumbnailUrl":"https:\/\/dtifoundation.com\/wp-content\/uploads\/2023\/05\/tenemos-un-corazon-para-ti-marta-gubau-sq-1.jpg","datePublished":"2023-05-08T09:11:20+00:00","dateModified":"2023-05-16T10:57:47+00:00","breadcrumb":{"@id":"https:\/\/dtifoundation.com\/es\/producto\/tenemos-un-corazon-para-ti\/#breadcrumb"},"inLanguage":"es","potentialAction":[{"@type":"ReadAction","target":["https:\/\/dtifoundation.com\/es\/producto\/tenemos-un-corazon-para-ti\/"]}]},{"@type":"ImageObject","inLanguage":"es","@id":"https:\/\/dtifoundation.com\/es\/producto\/tenemos-un-corazon-para-ti\/#primaryimage","url":"https:\/\/dtifoundation.com\/wp-content\/uploads\/2023\/05\/tenemos-un-corazon-para-ti-marta-gubau-sq-1.jpg","contentUrl":"https:\/\/dtifoundation.com\/wp-content\/uploads\/2023\/05\/tenemos-un-corazon-para-ti-marta-gubau-sq-1.jpg","width":500,"height":500},{"@type":"BreadcrumbList","@id":"https:\/\/dtifoundation.com\/es\/producto\/tenemos-un-corazon-para-ti\/#breadcrumb","itemListElement":[{"@type":"ListItem","position":1,"name":"Home","item":"https:\/\/dtifoundation.com\/es\/"},{"@type":"ListItem","position":2,"name":"Donar","item":"https:\/\/dtifoundation.com\/es\/donar-3\/"},{"@type":"ListItem","position":3,"name":"Tenemos un coraz\u00f3n para ti"}]},{"@type":"WebSite","@id":"https:\/\/dtifoundation.com\/#website","url":"https:\/\/dtifoundation.com\/","name":"TPM - DTI Foundation","description":"","potentialAction":[{"@type":"SearchAction","target":{"@type":"EntryPoint","urlTemplate":"https:\/\/dtifoundation.com\/?s={search_term_string}"},"query-input":{"@type":"PropertyValueSpecification","valueRequired":true,"valueName":"search_term_string"}}],"inLanguage":"es"}]}},"_links":{"self":[{"href":"https:\/\/dtifoundation.com\/es\/wp-json\/wp\/v2\/product\/9594","targetHints":{"allow":["GET"]}}],"collection":[{"href":"https:\/\/dtifoundation.com\/es\/wp-json\/wp\/v2\/product"}],"about":[{"href":"https:\/\/dtifoundation.com\/es\/wp-json\/wp\/v2\/types\/product"}],"wp:featuredmedia":[{"embeddable":true,"href":"https:\/\/dtifoundation.com\/es\/wp-json\/wp\/v2\/media\/9972"}],"wp:attachment":[{"href":"https:\/\/dtifoundation.com\/es\/wp-json\/wp\/v2\/media?parent=9594"}],"wp:term":[{"taxonomy":"product_brand","embeddable":true,"href":"https:\/\/dtifoundation.com\/es\/wp-json\/wp\/v2\/product_brand?post=9594"},{"taxonomy":"product_cat","embeddable":true,"href":"https:\/\/dtifoundation.com\/es\/wp-json\/wp\/v2\/product_cat?post=9594"},{"taxonomy":"product_tag","embeddable":true,"href":"https:\/\/dtifoundation.com\/es\/wp-json\/wp\/v2\/product_tag?post=9594"}],"curies":[{"name":"wp","href":"https:\/\/api.w.org\/{rel}","templated":true}]}}