{"id":9867,"date":"2023-05-08T15:31:38","date_gmt":"2023-05-08T15:31:38","guid":{"rendered":"http:\/\/dti.developallin.com\/becas-y-patrocinios\/"},"modified":"2023-10-10T10:47:51","modified_gmt":"2023-10-10T10:47:51","slug":"becas-y-patrocinios","status":"publish","type":"page","link":"https:\/\/dtifoundation.com\/es\/becas-y-patrocinios\/","title":{"rendered":"Becas y patrocinios"},"content":{"rendered":"<div class=\"wpb-content-wrapper\"><p>[vc_row row_height_percent=\u00bb0&#8243; override_padding=\u00bbyes\u00bb h_padding=\u00bb2&#8243; top_padding=\u00bb3&#8243; bottom_padding=\u00bb3&#8243; overlay_alpha=\u00bb50&#8243; gutter_size=\u00bb3&#8243; column_width_percent=\u00bb100&#8243; shift_y=\u00bb0&#8243; z_index=\u00bb0&#8243; uncode_shortcode_id=\u00bb107598&#8243;][vc_column width=\u00bb1\/1&#8243;][vc_column_text uncode_shortcode_id=\u00bb382850&#8243;]En DTI, es importante tener un impacto positivo en la vida de los pacientes con enfermedades cr\u00f3nicas que esperan un trasplante de \u00f3rganos. Para ello, pretendemos asegurar la formaci\u00f3n y especializaci\u00f3n de miles de profesionales sanitarios en el campo de la donaci\u00f3n y trasplante de \u00f3rganos.<\/p>\n<p>Al implementar proyectos globales dise\u00f1ados espec\u00edficamente para las necesidades \u00fanicas de cada pa\u00eds, hemos formado a m\u00e1s de 19.000 m\u00e9dicos y enfermeras en de 113 pa\u00edses, y esperamos aumentar este n\u00famero en el futuro&#8230; pero no podemos hacerlo solos. Por esta raz\u00f3n, ofrecemos a los donantes la oportunidad de financiar becas individuales o patrocinar un proyecto en otro pa\u00eds, \u00a1los cuales cambiar\u00e1n la vida de muchos![\/vc_column_text][vc_custom_heading heading_semantic=\u00bbdiv\u00bb text_weight=\u00bb600&#8243; uncode_shortcode_id=\u00bb425608&#8243;]Becas:[\/vc_custom_heading][vc_column_text uncode_shortcode_id=\u00bb229533&#8243;]Se ha demostrado que uno de los temas clave que mejoran los programas de donaci\u00f3n y trasplante a nivel mundial es la formaci\u00f3n de los profesionales sanitarios. La fundaci\u00f3n DTI ofrece la oportunidad de donar para financiar becas utilizadas directamente para la formaci\u00f3n de profesionales m\u00e9dicos individuales en el campo de la donaci\u00f3n y el trasplante.<\/p>\n<p>Al donar para una beca, financiar\u00e1s directamente la formaci\u00f3n de un profesional de la salud, como un intensivista, una enfermera, un m\u00e9dico de urgencias, un anestesi\u00f3logo, etc. A trav\u00e9s de la formaci\u00f3n de profesionales m\u00e9dicos en este campo, tu donaci\u00f3n aumentar\u00e1 la cantidad de trasplantes realizados, reduciendo as\u00ed el n\u00famero de pacientes en largas listas de espera.[\/vc_column_text][vc_custom_heading heading_semantic=\u00bbdiv\u00bb text_weight=\u00bb600&#8243; uncode_shortcode_id=\u00bb132995&#8243;]Patrocinios:[\/vc_custom_heading][vc_column_text uncode_shortcode_id=\u00bb167118&#8243;]En una escala m\u00e1s amplia, DTI ofrece proyectos de patrocinio destinados a fortalecer los sistemas nacionales de salud dentro del campo de la donaci\u00f3n y el trasplante de \u00f3rganos en pa\u00edses en v\u00edas de desarrollo. Estos patrocinios se dirigen a pa\u00edses como China, Brasil, Egipto, India, Mongolia y muchos m\u00e1s.<\/p>\n<p>Te invitamos a considerar hacer una donaci\u00f3n a uno de nuestros proyectos de patrocinio, lo que permitir\u00e1 que el personal experto tome medidas en los pa\u00edses en desarrollo, creando planes de acci\u00f3n personalizados, capacitando al personal del hospital sobre la conciencia de la donaci\u00f3n y m\u00e1s para finalmente aumentar las tasas de donaci\u00f3n en estos pa\u00edses.<\/p>\n<p>Agradecemos amablemente a nuestros valiosos donantes por vuestra generosidad y apoyo.[\/vc_column_text][vc_single_image media=\u00bb12227&#8243; media_width_percent=\u00bb60&#8243; alignment=\u00bbcenter\u00bb uncode_shortcode_id=\u00bb197507&#8243;][\/vc_column][\/vc_row]<\/p>\n<\/div>","protected":false},"excerpt":{"rendered":"<p>[vc_row row_height_percent=\u00bb0&#8243; override_padding=\u00bbyes\u00bb h_padding=\u00bb2&#8243; top_padding=\u00bb3&#8243; bottom_padding=\u00bb3&#8243; overlay_alpha=\u00bb50&#8243; gutter_size=\u00bb3&#8243; column_width_percent=\u00bb100&#8243; shift_y=\u00bb0&#8243; z_index=\u00bb0&#8243; uncode_shortcode_id=\u00bb107598&#8243;][vc_column width=\u00bb1\/1&#8243;][vc_column_text uncode_shortcode_id=\u00bb382850&#8243;]En DTI, es importante tener un impacto [&hellip;]<\/p>\n","protected":false},"author":1,"featured_media":9834,"parent":0,"menu_order":0,"comment_status":"closed","ping_status":"closed","template":"","meta":{"_acf_changed":false,"footnotes":""},"class_list":["post-9867","page","type-page","status-publish","has-post-thumbnail","hentry"],"acf":[],"yoast_head":"<!-- This site is optimized with the Yoast SEO plugin v26.9 - https:\/\/yoast.com\/product\/yoast-seo-wordpress\/ -->\n<title>Becas y patrocinios | DTI Foundation | Donation &amp; Transplantation Institute<\/title>\n<meta name=\"description\" content=\"Descubre toda la informaci\u00f3n sobre Becas y patrocinios en nuestra web. En la Fundaci\u00f3n DTI trabajamos para brindar servicios y formaci\u00f3n en donaci\u00f3n de organos y transplantes en el mundo.\" \/>\n<meta name=\"robots\" content=\"index, follow, max-snippet:-1, max-image-preview:large, max-video-preview:-1\" \/>\n<link rel=\"canonical\" href=\"https:\/\/dtifoundation.com\/scholarships-and-sponsorship\/\" \/>\n<meta property=\"og:locale\" content=\"es_ES\" \/>\n<meta property=\"og:type\" content=\"article\" \/>\n<meta property=\"og:title\" content=\"Becas y patrocinios | DTI Foundation | Donation &amp; Transplantation Institute\" \/>\n<meta property=\"og:description\" content=\"Descubre toda la informaci\u00f3n sobre Becas y patrocinios en nuestra web. En la Fundaci\u00f3n DTI trabajamos para brindar servicios y formaci\u00f3n en donaci\u00f3n de organos y transplantes en el mundo.\" \/>\n<meta property=\"og:url\" content=\"https:\/\/dtifoundation.com\/scholarships-and-sponsorship\/\" \/>\n<meta property=\"og:site_name\" content=\"DTI Foundation | Donation &amp; Transplantation Institute\" \/>\n<meta property=\"article:modified_time\" content=\"2023-10-10T10:47:51+00:00\" \/>\n<meta property=\"og:image\" content=\"https:\/\/dtifoundation.com\/wp-content\/uploads\/2023\/05\/back-view-of-young-caucasian-man-choosing-a-book-2022-01-28-21-19-30-utc.jpg\" \/>\n\t<meta property=\"og:image:width\" content=\"2500\" \/>\n\t<meta property=\"og:image:height\" content=\"1667\" \/>\n\t<meta property=\"og:image:type\" content=\"image\/jpeg\" \/>\n<meta name=\"twitter:card\" content=\"summary_large_image\" \/>\n<meta name=\"twitter:label1\" content=\"Tiempo de lectura\" \/>\n\t<meta name=\"twitter:data1\" content=\"2 minutos\" \/>\n<script type=\"application\/ld+json\" class=\"yoast-schema-graph\">{\"@context\":\"https:\/\/schema.org\",\"@graph\":[{\"@type\":[\"WebPage\",\"MedicalWebPage\"],\"@id\":\"https:\/\/dtifoundation.com\/scholarships-and-sponsorship\/\",\"url\":\"https:\/\/dtifoundation.com\/scholarships-and-sponsorship\/\",\"name\":\"Becas y patrocinios | DTI Foundation | Donation &amp; Transplantation Institute\",\"isPartOf\":{\"@id\":\"https:\/\/dtifoundation.com\/#website\"},\"primaryImageOfPage\":{\"@id\":\"https:\/\/dtifoundation.com\/scholarships-and-sponsorship\/#primaryimage\"},\"image\":{\"@id\":\"https:\/\/dtifoundation.com\/scholarships-and-sponsorship\/#primaryimage\"},\"thumbnailUrl\":\"https:\/\/dtifoundation.com\/wp-content\/uploads\/2023\/05\/back-view-of-young-caucasian-man-choosing-a-book-2022-01-28-21-19-30-utc.jpg\",\"datePublished\":\"2023-05-08T15:31:38+00:00\",\"dateModified\":\"2023-10-10T10:47:51+00:00\",\"description\":\"Descubre toda la informaci\u00f3n sobre Becas y patrocinios en nuestra web. En la Fundaci\u00f3n DTI trabajamos para brindar servicios y formaci\u00f3n en donaci\u00f3n de organos y transplantes en el mundo.\",\"breadcrumb\":{\"@id\":\"https:\/\/dtifoundation.com\/scholarships-and-sponsorship\/#breadcrumb\"},\"inLanguage\":\"es\",\"potentialAction\":[{\"@type\":\"ReadAction\",\"target\":[\"https:\/\/dtifoundation.com\/scholarships-and-sponsorship\/\"]}]},{\"@type\":\"ImageObject\",\"inLanguage\":\"es\",\"@id\":\"https:\/\/dtifoundation.com\/scholarships-and-sponsorship\/#primaryimage\",\"url\":\"https:\/\/dtifoundation.com\/wp-content\/uploads\/2023\/05\/back-view-of-young-caucasian-man-choosing-a-book-2022-01-28-21-19-30-utc.jpg\",\"contentUrl\":\"https:\/\/dtifoundation.com\/wp-content\/uploads\/2023\/05\/back-view-of-young-caucasian-man-choosing-a-book-2022-01-28-21-19-30-utc.jpg\",\"width\":2500,\"height\":1667},{\"@type\":\"BreadcrumbList\",\"@id\":\"https:\/\/dtifoundation.com\/scholarships-and-sponsorship\/#breadcrumb\",\"itemListElement\":[{\"@type\":\"ListItem\",\"position\":1,\"name\":\"Home\",\"item\":\"https:\/\/dtifoundation.com\/es\/\"},{\"@type\":\"ListItem\",\"position\":2,\"name\":\"Becas y patrocinios\"}]},{\"@type\":\"WebSite\",\"@id\":\"https:\/\/dtifoundation.com\/#website\",\"url\":\"https:\/\/dtifoundation.com\/\",\"name\":\"TPM - DTI Foundation\",\"description\":\"\",\"potentialAction\":[{\"@type\":\"SearchAction\",\"target\":{\"@type\":\"EntryPoint\",\"urlTemplate\":\"https:\/\/dtifoundation.com\/?s={search_term_string}\"},\"query-input\":{\"@type\":\"PropertyValueSpecification\",\"valueRequired\":true,\"valueName\":\"search_term_string\"}}],\"inLanguage\":\"es\"}]}<\/script>\n<!-- \/ Yoast SEO plugin. -->","yoast_head_json":{"title":"Becas y patrocinios | DTI Foundation | Donation &amp; Transplantation Institute","description":"Descubre toda la informaci\u00f3n sobre Becas y patrocinios en nuestra web. En la Fundaci\u00f3n DTI trabajamos para brindar servicios y formaci\u00f3n en donaci\u00f3n de organos y transplantes en el mundo.","robots":{"index":"index","follow":"follow","max-snippet":"max-snippet:-1","max-image-preview":"max-image-preview:large","max-video-preview":"max-video-preview:-1"},"canonical":"https:\/\/dtifoundation.com\/scholarships-and-sponsorship\/","og_locale":"es_ES","og_type":"article","og_title":"Becas y patrocinios | DTI Foundation | Donation &amp; Transplantation Institute","og_description":"Descubre toda la informaci\u00f3n sobre Becas y patrocinios en nuestra web. En la Fundaci\u00f3n DTI trabajamos para brindar servicios y formaci\u00f3n en donaci\u00f3n de organos y transplantes en el mundo.","og_url":"https:\/\/dtifoundation.com\/scholarships-and-sponsorship\/","og_site_name":"DTI Foundation | Donation &amp; Transplantation Institute","article_modified_time":"2023-10-10T10:47:51+00:00","og_image":[{"width":2500,"height":1667,"url":"https:\/\/dtifoundation.com\/wp-content\/uploads\/2023\/05\/back-view-of-young-caucasian-man-choosing-a-book-2022-01-28-21-19-30-utc.jpg","type":"image\/jpeg"}],"twitter_card":"summary_large_image","twitter_misc":{"Tiempo de lectura":"2 minutos"},"schema":{"@context":"https:\/\/schema.org","@graph":[{"@type":["WebPage","MedicalWebPage"],"@id":"https:\/\/dtifoundation.com\/scholarships-and-sponsorship\/","url":"https:\/\/dtifoundation.com\/scholarships-and-sponsorship\/","name":"Becas y patrocinios | DTI Foundation | Donation &amp; Transplantation Institute","isPartOf":{"@id":"https:\/\/dtifoundation.com\/#website"},"primaryImageOfPage":{"@id":"https:\/\/dtifoundation.com\/scholarships-and-sponsorship\/#primaryimage"},"image":{"@id":"https:\/\/dtifoundation.com\/scholarships-and-sponsorship\/#primaryimage"},"thumbnailUrl":"https:\/\/dtifoundation.com\/wp-content\/uploads\/2023\/05\/back-view-of-young-caucasian-man-choosing-a-book-2022-01-28-21-19-30-utc.jpg","datePublished":"2023-05-08T15:31:38+00:00","dateModified":"2023-10-10T10:47:51+00:00","description":"Descubre toda la informaci\u00f3n sobre Becas y patrocinios en nuestra web. En la Fundaci\u00f3n DTI trabajamos para brindar servicios y formaci\u00f3n en donaci\u00f3n de organos y transplantes en el mundo.","breadcrumb":{"@id":"https:\/\/dtifoundation.com\/scholarships-and-sponsorship\/#breadcrumb"},"inLanguage":"es","potentialAction":[{"@type":"ReadAction","target":["https:\/\/dtifoundation.com\/scholarships-and-sponsorship\/"]}]},{"@type":"ImageObject","inLanguage":"es","@id":"https:\/\/dtifoundation.com\/scholarships-and-sponsorship\/#primaryimage","url":"https:\/\/dtifoundation.com\/wp-content\/uploads\/2023\/05\/back-view-of-young-caucasian-man-choosing-a-book-2022-01-28-21-19-30-utc.jpg","contentUrl":"https:\/\/dtifoundation.com\/wp-content\/uploads\/2023\/05\/back-view-of-young-caucasian-man-choosing-a-book-2022-01-28-21-19-30-utc.jpg","width":2500,"height":1667},{"@type":"BreadcrumbList","@id":"https:\/\/dtifoundation.com\/scholarships-and-sponsorship\/#breadcrumb","itemListElement":[{"@type":"ListItem","position":1,"name":"Home","item":"https:\/\/dtifoundation.com\/es\/"},{"@type":"ListItem","position":2,"name":"Becas y patrocinios"}]},{"@type":"WebSite","@id":"https:\/\/dtifoundation.com\/#website","url":"https:\/\/dtifoundation.com\/","name":"TPM - DTI Foundation","description":"","potentialAction":[{"@type":"SearchAction","target":{"@type":"EntryPoint","urlTemplate":"https:\/\/dtifoundation.com\/?s={search_term_string}"},"query-input":{"@type":"PropertyValueSpecification","valueRequired":true,"valueName":"search_term_string"}}],"inLanguage":"es"}]}},"_links":{"self":[{"href":"https:\/\/dtifoundation.com\/es\/wp-json\/wp\/v2\/pages\/9867","targetHints":{"allow":["GET"]}}],"collection":[{"href":"https:\/\/dtifoundation.com\/es\/wp-json\/wp\/v2\/pages"}],"about":[{"href":"https:\/\/dtifoundation.com\/es\/wp-json\/wp\/v2\/types\/page"}],"author":[{"embeddable":true,"href":"https:\/\/dtifoundation.com\/es\/wp-json\/wp\/v2\/users\/1"}],"replies":[{"embeddable":true,"href":"https:\/\/dtifoundation.com\/es\/wp-json\/wp\/v2\/comments?post=9867"}],"version-history":[{"count":0,"href":"https:\/\/dtifoundation.com\/es\/wp-json\/wp\/v2\/pages\/9867\/revisions"}],"wp:featuredmedia":[{"embeddable":true,"href":"https:\/\/dtifoundation.com\/es\/wp-json\/wp\/v2\/media\/9834"}],"wp:attachment":[{"href":"https:\/\/dtifoundation.com\/es\/wp-json\/wp\/v2\/media?parent=9867"}],"curies":[{"name":"wp","href":"https:\/\/api.w.org\/{rel}","templated":true}]}}