{"id":9858,"date":"2023-05-08T15:49:18","date_gmt":"2023-05-08T15:49:18","guid":{"rendered":"http:\/\/dti.developallin.com\/actividades-beneficas\/"},"modified":"2023-07-27T09:12:08","modified_gmt":"2023-07-27T09:12:08","slug":"actividades-beneficas","status":"publish","type":"page","link":"https:\/\/dtifoundation.com\/es\/actividades-beneficas\/","title":{"rendered":"Actividades ben\u00e9ficas"},"content":{"rendered":"<div class=\"wpb-content-wrapper\"><p>[vc_row row_height_percent=\u00bb0&#8243; override_padding=\u00bbyes\u00bb h_padding=\u00bb2&#8243; top_padding=\u00bb3&#8243; bottom_padding=\u00bb3&#8243; overlay_alpha=\u00bb50&#8243; gutter_size=\u00bb3&#8243; column_width_percent=\u00bb100&#8243; shift_y=\u00bb0&#8243; z_index=\u00bb0&#8243; uncode_shortcode_id=\u00bb135412&#8243;][vc_column width=\u00bb1\/1&#8243;][vc_custom_heading text_weight=\u00bb600&#8243; uncode_shortcode_id=\u00bb134094&#8243;]Nuestro prop\u00f3sito[\/vc_custom_heading][vc_column_text uncode_shortcode_id=\u00bb509650&#8243;]<span style=\"font-weight: 400;\">Durante los \u00faltimos a\u00f1os, la Fundaci\u00f3n DTI ha organizado una serie de eventos solidarios abiertos al p\u00fablico para concienciar sobre la donaci\u00f3n y trasplante de \u00f3rganos as\u00ed como para recaudar fondos. Los fondos recaudados van directamente a becas para la formaci\u00f3n de profesionales sanitarios de todo el mundo, como intensivistas, enfermeras, m\u00e9dicos de urgencias, anestesi\u00f3logos, etc., en un programa TPM.<\/span><\/p>\n<p>&nbsp;<\/p>\n<p><span style=\"font-weight: 400;\">Esperamos en el futuro seguir organizando muchos m\u00e1s eventos solidarios para recaudar fondos que hagan posibles becas tan importantes. Como fundaci\u00f3n, nuestra misi\u00f3n es salvar un mill\u00f3n de vidas, pero no podemos hacerlo solos. A trav\u00e9s de becas y formando a suficientes profesionales de la salud podemos conseguirlo. <\/span>[\/vc_column_text][vc_row_inner][vc_column_inner width=\u00bb1\/2&#8243;][vc_custom_heading text_color=\u00bbcolor-red-tpm-dti\u00bb heading_semantic=\u00bbdiv\u00bb text_size=\u00bbh3&#8243; text_weight=\u00bb600&#8243; uncode_shortcode_id=\u00bb954610&#8243; text_color_type=\u00bbuncode-palette\u00bb]Eventos con fundaci\u00f3 Nen D\u00e9u[\/vc_custom_heading][vc_column_text uncode_shortcode_id=\u00bb140757&#8243;]En 2021 tuvimos el placer de colaborar con la Fundaci\u00f3 Nen D\u00e9u en un concierto solidario en el Palau de la M\u00fasica Catalana. Este concierto estuvo protagonizado por las actuaciones de la Escolania de Montserrat y la Orquestra Simf\u00f2nica del Vall\u00e9s con solistas en ambos coros.<\/p>\n<p>De nuevo en 2022 tuvimos la oportunidad de colaborar con la Fundaci\u00f3 Nen D\u00e9u en otro concierto solidario. Este a\u00f1o se organiz\u00f3 un concierto en la Bas\u00edlica de Santa Mar\u00eda del Mar donde actuaron la Escolania de Montserrat y la Orquestra Simf\u00f2nica Sant Cugat para recaudar fondos para ambas fundaciones.<\/p>\n<p>Con estos eventos, la Fundaci\u00f3 Nen D\u00e9u y la Fundaci\u00f3n DTI pretenden organizar un evento en el que los miembros de la audiencia experimenten y aprecien la m\u00fasica, al mismo tiempo que aprenden m\u00e1s y aumentan su conciencia sobre las misiones de ambas organizaciones. La Fundaci\u00f3n DTI se enorgullece de haberse asociado con la Fundaci\u00f3 Nen D\u00e9u y agradece su ayuda y apoyo para estos eventos.[\/vc_column_text][\/vc_column_inner][vc_column_inner column_width_percent=\u00bb100&#8243; position_vertical=\u00bbmiddle\u00bb gutter_size=\u00bb3&#8243; overlay_alpha=\u00bb50&#8243; shift_x=\u00bb0&#8243; shift_y=\u00bb0&#8243; shift_y_down=\u00bb0&#8243; z_index=\u00bb0&#8243; medium_width=\u00bb0&#8243; mobile_width=\u00bb0&#8243; width=\u00bb1\/2&#8243; uncode_shortcode_id=\u00bb211671&#8243;][vc_single_image media=\u00bb11745&#8243; media_width_percent=\u00bb100&#8243; shape=\u00bbimg-round\u00bb radius=\u00bbstd\u00bb uncode_shortcode_id=\u00bb200273&#8243;][\/vc_column_inner][\/vc_row_inner][vc_row_inner][vc_column_inner column_width_percent=\u00bb100&#8243; position_vertical=\u00bbmiddle\u00bb gutter_size=\u00bb3&#8243; overlay_alpha=\u00bb50&#8243; shift_x=\u00bb0&#8243; shift_y=\u00bb0&#8243; shift_y_down=\u00bb0&#8243; z_index=\u00bb0&#8243; medium_width=\u00bb0&#8243; mobile_width=\u00bb0&#8243; width=\u00bb1\/2&#8243; uncode_shortcode_id=\u00bb188442&#8243;][vc_single_image media=\u00bb11736&#8243; media_width_percent=\u00bb100&#8243; media_ratio=\u00bbone-one\u00bb shape=\u00bbimg-round\u00bb radius=\u00bbstd\u00bb uncode_shortcode_id=\u00bb196287&#8243;][\/vc_column_inner][vc_column_inner column_width_percent=\u00bb100&#8243; gutter_size=\u00bb3&#8243; overlay_alpha=\u00bb50&#8243; shift_x=\u00bb0&#8243; shift_y=\u00bb0&#8243; shift_y_down=\u00bb0&#8243; z_index=\u00bb0&#8243; medium_width=\u00bb0&#8243; mobile_width=\u00bb0&#8243; width=\u00bb1\/2&#8243; uncode_shortcode_id=\u00bb445721&#8243;][vc_custom_heading text_color=\u00bbcolor-red-tpm-dti\u00bb heading_semantic=\u00bbdiv\u00bb text_size=\u00bbh3&#8243; text_weight=\u00bb600&#8243; uncode_shortcode_id=\u00bb108152&#8243; text_color_type=\u00bbuncode-palette\u00bb]Concierto Luz de Gas[\/vc_custom_heading][vc_column_text uncode_shortcode_id=\u00bb138840&#8243;]La Fundaci\u00f3n DTI se enorgullece de haber coorganizado un concierto solidario en Luz de Gas en Barcelona, \u200b\u200bjunto con otras tres destacadas organizaciones sin \u00e1nimo de lucro. El objetivo del concierto solidario es sensibilizar a la ciudadan\u00eda sobre los diferentes retos a los que nos enfrentamos cada d\u00eda como sociedad. Fundaci\u00f3 Boscana, Kadiand\u00fa y Recu\u00e9rdame Alzheimer son las fundaciones con las que DTI ha tenido el honor de trabajar para este evento. En noviembre de 2022, el concierto cont\u00f3 con la banda Por Fin Viernes que se actu\u00f3 en directo durante el evento.<\/p>\n<p>Con este concierto, la Fundaci\u00f3n DTI pretend\u00eda informar al p\u00fablico sobre la importancia de la donaci\u00f3n de \u00f3rganos. Debido a la generosidad tanto de los artistas como de la audiencia, DTI pudo recaudar fondos para futuras becas. Nuestra esperanza para el futuro es que este concierto sirva como punto de partida para una mayor capacitaci\u00f3n de los profesionales de la salud en el campo de la donaci\u00f3n y el trasplante de \u00f3rganos.<\/p>\n<p>Es un honor haber trabajado junto a artistas como Por Fin Viernes en este concierto, y les damos las gracias por su generosidad al hacer posible este evento. Difundir la conciencia sobre nuestra misi\u00f3n es vital y requiere la ayuda y participaci\u00f3n del p\u00fablico. Por lo tanto, es a trav\u00e9s de eventos como este que podemos trabajar para salvar un mill\u00f3n de vidas.[\/vc_column_text][\/vc_column_inner][\/vc_row_inner][\/vc_column][\/vc_row]<\/p>\n<\/div>","protected":false},"excerpt":{"rendered":"<p>[vc_row row_height_percent=\u00bb0&#8243; override_padding=\u00bbyes\u00bb h_padding=\u00bb2&#8243; top_padding=\u00bb3&#8243; bottom_padding=\u00bb3&#8243; overlay_alpha=\u00bb50&#8243; gutter_size=\u00bb3&#8243; column_width_percent=\u00bb100&#8243; shift_y=\u00bb0&#8243; z_index=\u00bb0&#8243; uncode_shortcode_id=\u00bb135412&#8243;][vc_column width=\u00bb1\/1&#8243;][vc_custom_heading text_weight=\u00bb600&#8243; uncode_shortcode_id=\u00bb134094&#8243;]Nuestro prop\u00f3sito[\/vc_custom_heading][vc_column_text uncode_shortcode_id=\u00bb509650&#8243;]Durante los \u00faltimos a\u00f1os, [&hellip;]<\/p>\n","protected":false},"author":1,"featured_media":0,"parent":0,"menu_order":0,"comment_status":"closed","ping_status":"closed","template":"","meta":{"_acf_changed":false,"footnotes":""},"class_list":["post-9858","page","type-page","status-publish","hentry"],"acf":[],"yoast_head":"<!-- This site is optimized with the Yoast SEO plugin v26.9 - https:\/\/yoast.com\/product\/yoast-seo-wordpress\/ -->\n<title>Actividades ben\u00e9ficas | DTI Foundation | Donation &amp; Transplantation Institute<\/title>\n<meta name=\"description\" content=\"Descubre toda la informaci\u00f3n sobre Actividades ben\u00e9ficas en nuestra web. En la Fundaci\u00f3n DTI trabajamos para brindar servicios y formaci\u00f3n en donaci\u00f3n de organos y transplantes en el mundo.\" \/>\n<meta name=\"robots\" content=\"index, follow, max-snippet:-1, max-image-preview:large, max-video-preview:-1\" \/>\n<link rel=\"canonical\" href=\"https:\/\/dtifoundation.com\/fundraising-activities\/\" \/>\n<meta property=\"og:locale\" content=\"es_ES\" \/>\n<meta property=\"og:type\" content=\"article\" \/>\n<meta property=\"og:title\" content=\"Actividades ben\u00e9ficas | DTI Foundation | Donation &amp; Transplantation Institute\" \/>\n<meta property=\"og:description\" content=\"Descubre toda la informaci\u00f3n sobre Actividades ben\u00e9ficas en nuestra web. En la Fundaci\u00f3n DTI trabajamos para brindar servicios y formaci\u00f3n en donaci\u00f3n de organos y transplantes en el mundo.\" \/>\n<meta property=\"og:url\" content=\"https:\/\/dtifoundation.com\/fundraising-activities\/\" \/>\n<meta property=\"og:site_name\" content=\"DTI Foundation | Donation &amp; Transplantation Institute\" \/>\n<meta property=\"article:modified_time\" content=\"2023-07-27T09:12:08+00:00\" \/>\n<meta name=\"twitter:card\" content=\"summary_large_image\" \/>\n<meta name=\"twitter:label1\" content=\"Tiempo de lectura\" \/>\n\t<meta name=\"twitter:data1\" content=\"4 minutos\" \/>\n<script type=\"application\/ld+json\" class=\"yoast-schema-graph\">{\"@context\":\"https:\/\/schema.org\",\"@graph\":[{\"@type\":[\"WebPage\",\"MedicalWebPage\"],\"@id\":\"https:\/\/dtifoundation.com\/fundraising-activities\/\",\"url\":\"https:\/\/dtifoundation.com\/fundraising-activities\/\",\"name\":\"Actividades ben\u00e9ficas | DTI Foundation | Donation &amp; Transplantation Institute\",\"isPartOf\":{\"@id\":\"https:\/\/dtifoundation.com\/#website\"},\"datePublished\":\"2023-05-08T15:49:18+00:00\",\"dateModified\":\"2023-07-27T09:12:08+00:00\",\"description\":\"Descubre toda la informaci\u00f3n sobre Actividades ben\u00e9ficas en nuestra web. En la Fundaci\u00f3n DTI trabajamos para brindar servicios y formaci\u00f3n en donaci\u00f3n de organos y transplantes en el mundo.\",\"breadcrumb\":{\"@id\":\"https:\/\/dtifoundation.com\/fundraising-activities\/#breadcrumb\"},\"inLanguage\":\"es\",\"potentialAction\":[{\"@type\":\"ReadAction\",\"target\":[\"https:\/\/dtifoundation.com\/fundraising-activities\/\"]}]},{\"@type\":\"BreadcrumbList\",\"@id\":\"https:\/\/dtifoundation.com\/fundraising-activities\/#breadcrumb\",\"itemListElement\":[{\"@type\":\"ListItem\",\"position\":1,\"name\":\"Home\",\"item\":\"https:\/\/dtifoundation.com\/es\/\"},{\"@type\":\"ListItem\",\"position\":2,\"name\":\"Actividades ben\u00e9ficas\"}]},{\"@type\":\"WebSite\",\"@id\":\"https:\/\/dtifoundation.com\/#website\",\"url\":\"https:\/\/dtifoundation.com\/\",\"name\":\"TPM - DTI Foundation\",\"description\":\"\",\"potentialAction\":[{\"@type\":\"SearchAction\",\"target\":{\"@type\":\"EntryPoint\",\"urlTemplate\":\"https:\/\/dtifoundation.com\/?s={search_term_string}\"},\"query-input\":{\"@type\":\"PropertyValueSpecification\",\"valueRequired\":true,\"valueName\":\"search_term_string\"}}],\"inLanguage\":\"es\"}]}<\/script>\n<!-- \/ Yoast SEO plugin. -->","yoast_head_json":{"title":"Actividades ben\u00e9ficas | DTI Foundation | Donation &amp; Transplantation Institute","description":"Descubre toda la informaci\u00f3n sobre Actividades ben\u00e9ficas en nuestra web. En la Fundaci\u00f3n DTI trabajamos para brindar servicios y formaci\u00f3n en donaci\u00f3n de organos y transplantes en el mundo.","robots":{"index":"index","follow":"follow","max-snippet":"max-snippet:-1","max-image-preview":"max-image-preview:large","max-video-preview":"max-video-preview:-1"},"canonical":"https:\/\/dtifoundation.com\/fundraising-activities\/","og_locale":"es_ES","og_type":"article","og_title":"Actividades ben\u00e9ficas | DTI Foundation | Donation &amp; Transplantation Institute","og_description":"Descubre toda la informaci\u00f3n sobre Actividades ben\u00e9ficas en nuestra web. En la Fundaci\u00f3n DTI trabajamos para brindar servicios y formaci\u00f3n en donaci\u00f3n de organos y transplantes en el mundo.","og_url":"https:\/\/dtifoundation.com\/fundraising-activities\/","og_site_name":"DTI Foundation | Donation &amp; Transplantation Institute","article_modified_time":"2023-07-27T09:12:08+00:00","twitter_card":"summary_large_image","twitter_misc":{"Tiempo de lectura":"4 minutos"},"schema":{"@context":"https:\/\/schema.org","@graph":[{"@type":["WebPage","MedicalWebPage"],"@id":"https:\/\/dtifoundation.com\/fundraising-activities\/","url":"https:\/\/dtifoundation.com\/fundraising-activities\/","name":"Actividades ben\u00e9ficas | DTI Foundation | Donation &amp; Transplantation Institute","isPartOf":{"@id":"https:\/\/dtifoundation.com\/#website"},"datePublished":"2023-05-08T15:49:18+00:00","dateModified":"2023-07-27T09:12:08+00:00","description":"Descubre toda la informaci\u00f3n sobre Actividades ben\u00e9ficas en nuestra web. En la Fundaci\u00f3n DTI trabajamos para brindar servicios y formaci\u00f3n en donaci\u00f3n de organos y transplantes en el mundo.","breadcrumb":{"@id":"https:\/\/dtifoundation.com\/fundraising-activities\/#breadcrumb"},"inLanguage":"es","potentialAction":[{"@type":"ReadAction","target":["https:\/\/dtifoundation.com\/fundraising-activities\/"]}]},{"@type":"BreadcrumbList","@id":"https:\/\/dtifoundation.com\/fundraising-activities\/#breadcrumb","itemListElement":[{"@type":"ListItem","position":1,"name":"Home","item":"https:\/\/dtifoundation.com\/es\/"},{"@type":"ListItem","position":2,"name":"Actividades ben\u00e9ficas"}]},{"@type":"WebSite","@id":"https:\/\/dtifoundation.com\/#website","url":"https:\/\/dtifoundation.com\/","name":"TPM - DTI Foundation","description":"","potentialAction":[{"@type":"SearchAction","target":{"@type":"EntryPoint","urlTemplate":"https:\/\/dtifoundation.com\/?s={search_term_string}"},"query-input":{"@type":"PropertyValueSpecification","valueRequired":true,"valueName":"search_term_string"}}],"inLanguage":"es"}]}},"_links":{"self":[{"href":"https:\/\/dtifoundation.com\/es\/wp-json\/wp\/v2\/pages\/9858","targetHints":{"allow":["GET"]}}],"collection":[{"href":"https:\/\/dtifoundation.com\/es\/wp-json\/wp\/v2\/pages"}],"about":[{"href":"https:\/\/dtifoundation.com\/es\/wp-json\/wp\/v2\/types\/page"}],"author":[{"embeddable":true,"href":"https:\/\/dtifoundation.com\/es\/wp-json\/wp\/v2\/users\/1"}],"replies":[{"embeddable":true,"href":"https:\/\/dtifoundation.com\/es\/wp-json\/wp\/v2\/comments?post=9858"}],"version-history":[{"count":0,"href":"https:\/\/dtifoundation.com\/es\/wp-json\/wp\/v2\/pages\/9858\/revisions"}],"wp:attachment":[{"href":"https:\/\/dtifoundation.com\/es\/wp-json\/wp\/v2\/media?parent=9858"}],"curies":[{"name":"wp","href":"https:\/\/api.w.org\/{rel}","templated":true}]}}