{"id":9784,"date":"2023-05-08T10:24:34","date_gmt":"2023-05-08T10:24:34","guid":{"rendered":"https:\/\/dti.developallin.com\/proyectos-europeos\/"},"modified":"2023-05-25T16:24:17","modified_gmt":"2023-05-25T16:24:17","slug":"proyectos-europeos","status":"publish","type":"page","link":"https:\/\/dtifoundation.com\/es\/proyectos-europeos\/","title":{"rendered":"Proyectos Europeos"},"content":{"rendered":"<div class=\"wpb-content-wrapper\"><p>[vc_row row_height_percent=\u00bb0&#8243; override_padding=\u00bbyes\u00bb h_padding=\u00bb2&#8243; top_padding=\u00bb3&#8243; bottom_padding=\u00bb3&#8243; overlay_alpha=\u00bb50&#8243; gutter_size=\u00bb3&#8243; column_width_percent=\u00bb100&#8243; shift_y=\u00bb0&#8243; z_index=\u00bb0&#8243; uncode_shortcode_id=\u00bb479102&#8243;][vc_column width=\u00bb1\/1&#8243;][vc_column_text uncode_shortcode_id=\u00bb475387&#8243;]\u00a0 \u00a0 \u00a0 \u00a0 \u00a0 [\/vc_column_text][uncode_index el_id=\u00bbindex-835983&#8243; loop=\u00bbsize:9|order_by:date|order:ASC|post_type:projects|taxonomy_count:10&#8243; screen_lg=\u00bb1000&#8243; screen_md=\u00bb600&#8243; screen_sm=\u00bb480&#8243; gutter_size=\u00bb3&#8243; inner_padding=\u00bbyes\u00bb projects_items=\u00bbmedia|featured|onpost|original,title,text|full|150&#8243; single_text=\u00bblateral\u00bb single_width=\u00bb12&#8243; images_size=\u00bbone-one\u00bb single_image_size=\u00bb2&#8243; single_overlay_opacity=\u00bb1&#8243; single_padding=\u00bb2&#8243; uncode_shortcode_id=\u00bb418607&#8243; el_class=\u00bbcustom-european-project\u00bb][\/vc_column][\/vc_row]<\/p>\n<\/div>","protected":false},"excerpt":{"rendered":"<p>[vc_row row_height_percent=\u00bb0&#8243; override_padding=\u00bbyes\u00bb h_padding=\u00bb2&#8243; top_padding=\u00bb3&#8243; bottom_padding=\u00bb3&#8243; overlay_alpha=\u00bb50&#8243; gutter_size=\u00bb3&#8243; column_width_percent=\u00bb100&#8243; shift_y=\u00bb0&#8243; z_index=\u00bb0&#8243; uncode_shortcode_id=\u00bb479102&#8243;][vc_column width=\u00bb1\/1&#8243;][vc_column_text uncode_shortcode_id=\u00bb475387&#8243;]\u00a0 \u00a0 \u00a0 \u00a0 \u00a0 [\/vc_column_text][uncode_index el_id=\u00bbindex-835983&#8243; [&hellip;]<\/p>\n","protected":false},"author":1,"featured_media":11134,"parent":0,"menu_order":0,"comment_status":"closed","ping_status":"closed","template":"","meta":{"_acf_changed":false,"footnotes":""},"class_list":["post-9784","page","type-page","status-publish","has-post-thumbnail","hentry"],"acf":[],"yoast_head":"<!-- This site is optimized with the Yoast SEO plugin v26.9 - https:\/\/yoast.com\/product\/yoast-seo-wordpress\/ -->\n<title>Proyectos Europeos | DTI Foundation | Donation &amp; Transplantation Institute<\/title>\n<meta name=\"description\" content=\"Descubre toda la informaci\u00f3n sobre Proyectos Europeos en nuestra web. En la Fundaci\u00f3n DTI trabajamos para brindar servicios y formaci\u00f3n en donaci\u00f3n de organos y transplantes en el mundo.\" \/>\n<meta name=\"robots\" content=\"index, follow, max-snippet:-1, max-image-preview:large, max-video-preview:-1\" \/>\n<link rel=\"canonical\" href=\"https:\/\/dtifoundation.com\/es\/proyectos-europeos\/\" \/>\n<meta property=\"og:locale\" content=\"es_ES\" \/>\n<meta property=\"og:type\" content=\"article\" \/>\n<meta property=\"og:title\" content=\"Proyectos Europeos | DTI Foundation | Donation &amp; Transplantation Institute\" \/>\n<meta property=\"og:description\" content=\"Descubre toda la informaci\u00f3n sobre Proyectos Europeos en nuestra web. En la Fundaci\u00f3n DTI trabajamos para brindar servicios y formaci\u00f3n en donaci\u00f3n de organos y transplantes en el mundo.\" \/>\n<meta property=\"og:url\" content=\"https:\/\/dtifoundation.com\/es\/proyectos-europeos\/\" \/>\n<meta property=\"og:site_name\" content=\"DTI Foundation | Donation &amp; Transplantation Institute\" \/>\n<meta property=\"article:modified_time\" content=\"2023-05-25T16:24:17+00:00\" \/>\n<meta property=\"og:image\" content=\"https:\/\/dtifoundation.com\/wp-content\/uploads\/2023\/05\/European-projects-scaled.jpeg\" \/>\n\t<meta property=\"og:image:width\" content=\"2560\" \/>\n\t<meta property=\"og:image:height\" content=\"1611\" \/>\n\t<meta property=\"og:image:type\" content=\"image\/jpeg\" \/>\n<meta name=\"twitter:card\" content=\"summary_large_image\" \/>\n<meta name=\"twitter:label1\" content=\"Tiempo de lectura\" \/>\n\t<meta name=\"twitter:data1\" content=\"1 minuto\" \/>\n<script type=\"application\/ld+json\" class=\"yoast-schema-graph\">{\"@context\":\"https:\/\/schema.org\",\"@graph\":[{\"@type\":[\"WebPage\",\"MedicalWebPage\"],\"@id\":\"https:\/\/dtifoundation.com\/es\/proyectos-europeos\/\",\"url\":\"https:\/\/dtifoundation.com\/es\/proyectos-europeos\/\",\"name\":\"Proyectos Europeos | DTI Foundation | Donation &amp; Transplantation Institute\",\"isPartOf\":{\"@id\":\"https:\/\/dtifoundation.com\/#website\"},\"primaryImageOfPage\":{\"@id\":\"https:\/\/dtifoundation.com\/es\/proyectos-europeos\/#primaryimage\"},\"image\":{\"@id\":\"https:\/\/dtifoundation.com\/es\/proyectos-europeos\/#primaryimage\"},\"thumbnailUrl\":\"https:\/\/dtifoundation.com\/wp-content\/uploads\/2023\/05\/European-projects-scaled.jpeg\",\"datePublished\":\"2023-05-08T10:24:34+00:00\",\"dateModified\":\"2023-05-25T16:24:17+00:00\",\"description\":\"Descubre toda la informaci\u00f3n sobre Proyectos Europeos en nuestra web. En la Fundaci\u00f3n DTI trabajamos para brindar servicios y formaci\u00f3n en donaci\u00f3n de organos y transplantes en el mundo.\",\"breadcrumb\":{\"@id\":\"https:\/\/dtifoundation.com\/es\/proyectos-europeos\/#breadcrumb\"},\"inLanguage\":\"es\",\"potentialAction\":[{\"@type\":\"ReadAction\",\"target\":[\"https:\/\/dtifoundation.com\/es\/proyectos-europeos\/\"]}]},{\"@type\":\"ImageObject\",\"inLanguage\":\"es\",\"@id\":\"https:\/\/dtifoundation.com\/es\/proyectos-europeos\/#primaryimage\",\"url\":\"https:\/\/dtifoundation.com\/wp-content\/uploads\/2023\/05\/European-projects-scaled.jpeg\",\"contentUrl\":\"https:\/\/dtifoundation.com\/wp-content\/uploads\/2023\/05\/European-projects-scaled.jpeg\",\"width\":2560,\"height\":1611,\"caption\":\"Handwriting text Conduct. Conceptual photo manner in which an organization or activity is managed or directed\"},{\"@type\":\"BreadcrumbList\",\"@id\":\"https:\/\/dtifoundation.com\/es\/proyectos-europeos\/#breadcrumb\",\"itemListElement\":[{\"@type\":\"ListItem\",\"position\":1,\"name\":\"Home\",\"item\":\"https:\/\/dtifoundation.com\/es\/\"},{\"@type\":\"ListItem\",\"position\":2,\"name\":\"Proyectos Europeos\"}]},{\"@type\":\"WebSite\",\"@id\":\"https:\/\/dtifoundation.com\/#website\",\"url\":\"https:\/\/dtifoundation.com\/\",\"name\":\"TPM - DTI Foundation\",\"description\":\"\",\"potentialAction\":[{\"@type\":\"SearchAction\",\"target\":{\"@type\":\"EntryPoint\",\"urlTemplate\":\"https:\/\/dtifoundation.com\/?s={search_term_string}\"},\"query-input\":{\"@type\":\"PropertyValueSpecification\",\"valueRequired\":true,\"valueName\":\"search_term_string\"}}],\"inLanguage\":\"es\"}]}<\/script>\n<!-- \/ Yoast SEO plugin. -->","yoast_head_json":{"title":"Proyectos Europeos | DTI Foundation | Donation &amp; Transplantation Institute","description":"Descubre toda la informaci\u00f3n sobre Proyectos Europeos en nuestra web. En la Fundaci\u00f3n DTI trabajamos para brindar servicios y formaci\u00f3n en donaci\u00f3n de organos y transplantes en el mundo.","robots":{"index":"index","follow":"follow","max-snippet":"max-snippet:-1","max-image-preview":"max-image-preview:large","max-video-preview":"max-video-preview:-1"},"canonical":"https:\/\/dtifoundation.com\/es\/proyectos-europeos\/","og_locale":"es_ES","og_type":"article","og_title":"Proyectos Europeos | DTI Foundation | Donation &amp; Transplantation Institute","og_description":"Descubre toda la informaci\u00f3n sobre Proyectos Europeos en nuestra web. En la Fundaci\u00f3n DTI trabajamos para brindar servicios y formaci\u00f3n en donaci\u00f3n de organos y transplantes en el mundo.","og_url":"https:\/\/dtifoundation.com\/es\/proyectos-europeos\/","og_site_name":"DTI Foundation | Donation &amp; Transplantation Institute","article_modified_time":"2023-05-25T16:24:17+00:00","og_image":[{"width":2560,"height":1611,"url":"https:\/\/dtifoundation.com\/wp-content\/uploads\/2023\/05\/European-projects-scaled.jpeg","type":"image\/jpeg"}],"twitter_card":"summary_large_image","twitter_misc":{"Tiempo de lectura":"1 minuto"},"schema":{"@context":"https:\/\/schema.org","@graph":[{"@type":["WebPage","MedicalWebPage"],"@id":"https:\/\/dtifoundation.com\/es\/proyectos-europeos\/","url":"https:\/\/dtifoundation.com\/es\/proyectos-europeos\/","name":"Proyectos Europeos | DTI Foundation | Donation &amp; Transplantation Institute","isPartOf":{"@id":"https:\/\/dtifoundation.com\/#website"},"primaryImageOfPage":{"@id":"https:\/\/dtifoundation.com\/es\/proyectos-europeos\/#primaryimage"},"image":{"@id":"https:\/\/dtifoundation.com\/es\/proyectos-europeos\/#primaryimage"},"thumbnailUrl":"https:\/\/dtifoundation.com\/wp-content\/uploads\/2023\/05\/European-projects-scaled.jpeg","datePublished":"2023-05-08T10:24:34+00:00","dateModified":"2023-05-25T16:24:17+00:00","description":"Descubre toda la informaci\u00f3n sobre Proyectos Europeos en nuestra web. En la Fundaci\u00f3n DTI trabajamos para brindar servicios y formaci\u00f3n en donaci\u00f3n de organos y transplantes en el mundo.","breadcrumb":{"@id":"https:\/\/dtifoundation.com\/es\/proyectos-europeos\/#breadcrumb"},"inLanguage":"es","potentialAction":[{"@type":"ReadAction","target":["https:\/\/dtifoundation.com\/es\/proyectos-europeos\/"]}]},{"@type":"ImageObject","inLanguage":"es","@id":"https:\/\/dtifoundation.com\/es\/proyectos-europeos\/#primaryimage","url":"https:\/\/dtifoundation.com\/wp-content\/uploads\/2023\/05\/European-projects-scaled.jpeg","contentUrl":"https:\/\/dtifoundation.com\/wp-content\/uploads\/2023\/05\/European-projects-scaled.jpeg","width":2560,"height":1611,"caption":"Handwriting text Conduct. Conceptual photo manner in which an organization or activity is managed or directed"},{"@type":"BreadcrumbList","@id":"https:\/\/dtifoundation.com\/es\/proyectos-europeos\/#breadcrumb","itemListElement":[{"@type":"ListItem","position":1,"name":"Home","item":"https:\/\/dtifoundation.com\/es\/"},{"@type":"ListItem","position":2,"name":"Proyectos Europeos"}]},{"@type":"WebSite","@id":"https:\/\/dtifoundation.com\/#website","url":"https:\/\/dtifoundation.com\/","name":"TPM - DTI Foundation","description":"","potentialAction":[{"@type":"SearchAction","target":{"@type":"EntryPoint","urlTemplate":"https:\/\/dtifoundation.com\/?s={search_term_string}"},"query-input":{"@type":"PropertyValueSpecification","valueRequired":true,"valueName":"search_term_string"}}],"inLanguage":"es"}]}},"_links":{"self":[{"href":"https:\/\/dtifoundation.com\/es\/wp-json\/wp\/v2\/pages\/9784","targetHints":{"allow":["GET"]}}],"collection":[{"href":"https:\/\/dtifoundation.com\/es\/wp-json\/wp\/v2\/pages"}],"about":[{"href":"https:\/\/dtifoundation.com\/es\/wp-json\/wp\/v2\/types\/page"}],"author":[{"embeddable":true,"href":"https:\/\/dtifoundation.com\/es\/wp-json\/wp\/v2\/users\/1"}],"replies":[{"embeddable":true,"href":"https:\/\/dtifoundation.com\/es\/wp-json\/wp\/v2\/comments?post=9784"}],"version-history":[{"count":0,"href":"https:\/\/dtifoundation.com\/es\/wp-json\/wp\/v2\/pages\/9784\/revisions"}],"wp:featuredmedia":[{"embeddable":true,"href":"https:\/\/dtifoundation.com\/es\/wp-json\/wp\/v2\/media\/11134"}],"wp:attachment":[{"href":"https:\/\/dtifoundation.com\/es\/wp-json\/wp\/v2\/media?parent=9784"}],"curies":[{"name":"wp","href":"https:\/\/api.w.org\/{rel}","templated":true}]}}