{"id":5955,"date":"2023-03-23T11:35:08","date_gmt":"2023-03-23T11:35:08","guid":{"rendered":"http:\/\/dti.developallin.com\/memorias-anuales\/"},"modified":"2026-03-27T11:10:31","modified_gmt":"2026-03-27T11:10:31","slug":"memorias-anuales","status":"publish","type":"page","link":"https:\/\/dtifoundation.com\/es\/memorias-anuales\/","title":{"rendered":"Memorias Anuales"},"content":{"rendered":"<div class=\"wpb-content-wrapper\"><p>[vc_row row_height_percent=\u00bb0&#8243; override_padding=\u00bbyes\u00bb h_padding=\u00bb2&#8243; top_padding=\u00bb3&#8243; bottom_padding=\u00bb0&#8243; overlay_alpha=\u00bb50&#8243; gutter_size=\u00bb3&#8243; column_width_percent=\u00bb100&#8243; shift_y=\u00bb0&#8243; z_index=\u00bb0&#8243; uncode_shortcode_id=\u00bb174954&#8243;][vc_column width=\u00bb1\/1&#8243;][vc_custom_heading text_color=\u00bbcolor-115985&#8243; heading_semantic=\u00bbdiv\u00bb text_size=\u00bbh1&#8243; uncode_shortcode_id=\u00bb508862&#8243; text_color_type=\u00bbuncode-palette\u00bb]<strong>Memorias Anuales<\/strong>[\/vc_custom_heading][\/vc_column][\/vc_row][vc_row][vc_column column_width_percent=\u00bb100&#8243; gutter_size=\u00bb3&#8243; overlay_alpha=\u00bb50&#8243; shift_x=\u00bb0&#8243; shift_y=\u00bb0&#8243; shift_y_down=\u00bb0&#8243; z_index=\u00bb0&#8243; medium_width=\u00bb0&#8243; mobile_width=\u00bb0&#8243; width=\u00bb1\/2&#8243; uncode_shortcode_id=\u00bb160272&#8243; link_to=\u00bburl:https%3A%2F%2Fdtifoundation.com%2Fwp-content%2Fuploads%2F2026%2F03%2FCAST-MEMORIA-DTI-2025-2.pdf\u00bb][vc_custom_heading heading_semantic=\u00bbdiv\u00bb text_size=\u00bbh4&#8243; uncode_shortcode_id=\u00bb150472&#8243;]<strong>Memoria de actividad 2025 Fundaci\u00f3n DTI<\/strong>[\/vc_custom_heading][vc_single_image media=\u00bb17749&#8243; media_width_percent=\u00bb100&#8243; shape=\u00bbimg-round\u00bb radius=\u00bbstd\u00bb uncode_shortcode_id=\u00bb593332&#8243; media_link=\u00bburl:https%3A%2F%2Fdtifoundation.com%2Fwp-content%2Fuploads%2F2026%2F03%2FCAST-MEMORIA-DTI-2025-2.pdf|title:https%3A%2F%2Fdtifoundation.com%2Fwp-content%2Fuploads%2F2026%2F03%2FCAST-MEMORIA-DTI-2025-2.pdf|target:_blank\u00bb][\/vc_column][\/vc_row][vc_row][vc_column column_width_percent=\u00bb100&#8243; gutter_size=\u00bb3&#8243; overlay_alpha=\u00bb50&#8243; shift_x=\u00bb0&#8243; shift_y=\u00bb0&#8243; shift_y_down=\u00bb0&#8243; z_index=\u00bb0&#8243; medium_width=\u00bb0&#8243; mobile_width=\u00bb0&#8243; width=\u00bb1\/2&#8243; uncode_shortcode_id=\u00bb913525&#8243; link_to=\u00bburl:https%3A%2F%2Fdtifoundation.com%2Fwp-content%2Fuploads%2F2025%2F05%2FMemoriaActividades_DTI_V7_ESP.pdf\u00bb][vc_custom_heading heading_semantic=\u00bbdiv\u00bb text_size=\u00bbh4&#8243; uncode_shortcode_id=\u00bb115750&#8243;]<strong>Memoria de actividad 2024 Fundaci\u00f3n DTI<\/strong>[\/vc_custom_heading][vc_single_image media=\u00bb15760&#8243; media_width_percent=\u00bb100&#8243; shape=\u00bbimg-round\u00bb radius=\u00bbstd\u00bb uncode_shortcode_id=\u00bb649255&#8243; media_link=\u00bburl:https%3A%2F%2Fdtifoundation.com%2Fwp-content%2Fuploads%2F2024%2F05%2Fmemoria-anual-DTI-2023-castellano.pdf|title:https%3A%2F%2Fdtifoundation.com%2Fwp-content%2Fuploads%2F2024%2F05%2Fmemoria-anual-DTI-2023-castellano.pdf|target:_blank\u00bb][\/vc_column][vc_column width=\u00bb1\/2&#8243;][vc_custom_heading heading_semantic=\u00bbdiv\u00bb text_size=\u00bbh4&#8243; uncode_shortcode_id=\u00bb137542&#8243;]<strong>Memoria de actividad 2023 Fundaci\u00f3n DTI<\/strong>[\/vc_custom_heading][vc_single_image media=\u00bb13549&#8243; media_width_percent=\u00bb100&#8243; shape=\u00bbimg-round\u00bb radius=\u00bbstd\u00bb uncode_shortcode_id=\u00bb213951&#8243; media_link=\u00bburl:https%3A%2F%2Fdtifoundation.com%2Fwp-content%2Fuploads%2F2024%2F05%2Fmemoria-anual-DTI-2023-castellano.pdf|title:https%3A%2F%2Fdtifoundation.com%2Fwp-content%2Fuploads%2F2024%2F05%2Fmemoria-anual-DTI-2023-castellano.pdf|target:_blank\u00bb][\/vc_column][\/vc_row][vc_row][vc_column width=\u00bb1\/2&#8243;][vc_custom_heading heading_semantic=\u00bbdiv\u00bb text_size=\u00bbh4&#8243; uncode_shortcode_id=\u00bb173439&#8243;]<strong>Memoria de actividad 2022 Fundaci\u00f3n DTI<\/strong>[\/vc_custom_heading][vc_single_image media=\u00bb11823&#8243; media_width_percent=\u00bb100&#8243; shape=\u00bbimg-round\u00bb radius=\u00bbstd\u00bb uncode_shortcode_id=\u00bb136858&#8243; media_link=\u00bburl:https%3A%2F%2Fdtifoundation.com%2Fwp-content%2Fuploads%2F2023%2F07%2FAnnual-report-2022.pdf|title:https%3A%2F%2Fdtifoundation.com%2Fwp-content%2Fuploads%2F2023%2F07%2FAnnual-report-2022.pdf|target:_blank\u00bb][\/vc_column][vc_column width=\u00bb1\/2&#8243;][vc_custom_heading heading_semantic=\u00bbdiv\u00bb text_size=\u00bbh4&#8243; uncode_shortcode_id=\u00bb156767&#8243;]<strong>Memoria de actividad 2021 Fundaci\u00f3n DTI<\/strong>[\/vc_custom_heading][vc_single_image media=\u00bb6188&#8243; media_width_percent=\u00bb100&#8243; shape=\u00bbimg-round\u00bb radius=\u00bbstd\u00bb uncode_shortcode_id=\u00bb497609&#8243; media_link=\u00bburl:https%3A%2F%2Fdtifoundation.com%2Fwp-content%2Fuploads%2F2025%2F08%2FDTI_2021_ESP.pdf\u00bb][\/vc_column][\/vc_row][vc_row][vc_column width=\u00bb1\/2&#8243;][vc_custom_heading heading_semantic=\u00bbdiv\u00bb text_size=\u00bbh4&#8243; uncode_shortcode_id=\u00bb363960&#8243;]<strong>Memoria de actividad 2020 Fundaci\u00f3n DTI<\/strong>[\/vc_custom_heading][vc_single_image media=\u00bb5937&#8243; media_width_percent=\u00bb100&#8243; shape=\u00bbimg-round\u00bb radius=\u00bbstd\u00bb uncode_shortcode_id=\u00bb576384&#8243; media_link=\u00bburl:https%3A%2F%2Fdtifoundation.com%2Fwp-content%2Fuploads%2F2025%2F08%2FDTI_Memoria_anual_2020.pdf\u00bb][\/vc_column][vc_column width=\u00bb1\/2&#8243;][vc_custom_heading heading_semantic=\u00bbdiv\u00bb text_size=\u00bbh4&#8243; uncode_shortcode_id=\u00bb142639&#8243;]<strong>Memoria de actividad 2019 Fundaci\u00f3n DTI<\/strong>[\/vc_custom_heading][vc_single_image media=\u00bb5934&#8243; media_width_percent=\u00bb100&#8243; shape=\u00bbimg-round\u00bb radius=\u00bbstd\u00bb uncode_shortcode_id=\u00bb162940&#8243; media_link=\u00bburl:https%3A%2F%2Fdtifoundation.com%2Fwp-content%2Fuploads%2F2025%2F08%2FDTI_Memoria-2019_cast.pdf\u00bb][\/vc_column][\/vc_row][vc_row][vc_column width=\u00bb1\/2&#8243;][vc_custom_heading heading_semantic=\u00bbdiv\u00bb text_size=\u00bbh4&#8243; uncode_shortcode_id=\u00bb167003&#8243;]<strong>Memoria de actividad 2018 Fundaci\u00f3n DTI<\/strong>[\/vc_custom_heading][vc_single_image media=\u00bb5943&#8243; media_width_percent=\u00bb100&#8243; shape=\u00bbimg-round\u00bb radius=\u00bbstd\u00bb uncode_shortcode_id=\u00bb186394&#8243; media_link=\u00bburl:https%3A%2F%2Fdtifoundation.com%2Fwp-content%2Fuploads%2F2025%2F08%2FAF-Memoria-DTI-Foundation-2018_ESP_IMP_NoMarques.pdf\u00bb][\/vc_column][vc_column width=\u00bb1\/2&#8243;][vc_custom_heading heading_semantic=\u00bbdiv\u00bb text_size=\u00bbh4&#8243; uncode_shortcode_id=\u00bb140868&#8243;]<strong>Memoria de actividad 2017 Fundaci\u00f3n DTI<\/strong>[\/vc_custom_heading][vc_single_image media=\u00bb5929&#8243; media_width_percent=\u00bb100&#8243; shape=\u00bbimg-round\u00bb radius=\u00bbstd\u00bb uncode_shortcode_id=\u00bb115121&#8243; media_link=\u00bburl:https%3A%2F%2Fdtifoundation.com%2Fwp-content%2Fuploads%2F2025%2F08%2FAF-Memoria-TPM-DTI-Foundation-2017_ES_IMP_NoMarques_v2.pdf\u00bb][\/vc_column][\/vc_row][vc_row][vc_column width=\u00bb1\/2&#8243;][vc_custom_heading heading_semantic=\u00bbdiv\u00bb text_size=\u00bbh4&#8243; uncode_shortcode_id=\u00bb207726&#8243;]<strong>Memoria de actividad 2016 Fundaci\u00f3n DTI<\/strong>[\/vc_custom_heading][vc_single_image media=\u00bb5926&#8243; media_width_percent=\u00bb100&#8243; shape=\u00bbimg-round\u00bb radius=\u00bbstd\u00bb uncode_shortcode_id=\u00bb194192&#8243; media_link=\u00bburl:https%3A%2F%2Fdtifoundation.com%2Fwp-content%2Fuploads%2F2025%2F08%2FAF-Memoria-TPM-DTI-Foundation-2016_ES_Issuu-170404.pdf\u00bb][\/vc_column][vc_column width=\u00bb1\/2&#8243;][vc_custom_heading heading_semantic=\u00bbdiv\u00bb text_size=\u00bbh4&#8243; uncode_shortcode_id=\u00bb707348&#8243;]<strong>Memoria de actividad 2015 Fundaci\u00f3n DTI<\/strong>[\/vc_custom_heading][vc_single_image media=\u00bb5923&#8243; media_width_percent=\u00bb100&#8243; shape=\u00bbimg-round\u00bb radius=\u00bbstd\u00bb uncode_shortcode_id=\u00bb230136&#8243; media_link=\u00bburl:https%3A%2F%2Fdtifoundation.com%2Fwp-content%2Fuploads%2F2025%2F08%2FDTI-2015-castellano_compressed.pdf\u00bb][\/vc_column][\/vc_row][vc_row][vc_column width=\u00bb1\/2&#8243;][vc_custom_heading heading_semantic=\u00bbdiv\u00bb text_size=\u00bbh4&#8243; uncode_shortcode_id=\u00bb191390&#8243;]<strong>Memoria de actividad 2014 Fundaci\u00f3n DTI<\/strong>[\/vc_custom_heading][vc_single_image media=\u00bb5917&#8243; media_width_percent=\u00bb100&#8243; shape=\u00bbimg-round\u00bb radius=\u00bbstd\u00bb uncode_shortcode_id=\u00bb363330&#8243; media_link=\u00bburl:https%3A%2F%2Fissuu.com%2Fdtifoundation%2Fdocs%2Fmemoria_2014_140eng\u00bb][\/vc_column][vc_column width=\u00bb1\/2&#8243;][\/vc_column][\/vc_row]<\/p>\n<\/div>","protected":false},"excerpt":{"rendered":"<p>[vc_row row_height_percent=\u00bb0&#8243; override_padding=\u00bbyes\u00bb h_padding=\u00bb2&#8243; top_padding=\u00bb3&#8243; bottom_padding=\u00bb0&#8243; overlay_alpha=\u00bb50&#8243; gutter_size=\u00bb3&#8243; column_width_percent=\u00bb100&#8243; shift_y=\u00bb0&#8243; z_index=\u00bb0&#8243; uncode_shortcode_id=\u00bb174954&#8243;][vc_column width=\u00bb1\/1&#8243;][vc_custom_heading text_color=\u00bbcolor-115985&#8243; heading_semantic=\u00bbdiv\u00bb text_size=\u00bbh1&#8243; uncode_shortcode_id=\u00bb508862&#8243; text_color_type=\u00bbuncode-palette\u00bb]Memorias Anuales[\/vc_custom_heading][\/vc_column][\/vc_row][vc_row][vc_column column_width_percent=\u00bb100&#8243; [&hellip;]<\/p>\n","protected":false},"author":1,"featured_media":11143,"parent":0,"menu_order":0,"comment_status":"closed","ping_status":"closed","template":"","meta":{"_acf_changed":false,"footnotes":""},"class_list":["post-5955","page","type-page","status-publish","has-post-thumbnail","hentry"],"acf":[],"yoast_head":"<!-- This site is optimized with the Yoast SEO plugin v26.9 - https:\/\/yoast.com\/product\/yoast-seo-wordpress\/ -->\n<title>Memorias Anuales | DTI Foundation | Donation &amp; Transplantation Institute<\/title>\n<meta name=\"description\" content=\"Descubre toda la informaci\u00f3n sobre Memorias Anuales en nuestra web. En la Fundaci\u00f3n DTI trabajamos para brindar servicios y formaci\u00f3n en donaci\u00f3n de organos y transplantes en el mundo.\" \/>\n<meta name=\"robots\" content=\"index, follow, max-snippet:-1, max-image-preview:large, max-video-preview:-1\" \/>\n<link rel=\"canonical\" href=\"https:\/\/dtifoundation.com\/es\/memorias-anuales\/\" \/>\n<meta property=\"og:locale\" content=\"es_ES\" \/>\n<meta property=\"og:type\" content=\"article\" \/>\n<meta property=\"og:title\" content=\"Memorias Anuales | DTI Foundation | Donation &amp; Transplantation Institute\" \/>\n<meta property=\"og:description\" content=\"Descubre toda la informaci\u00f3n sobre Memorias Anuales en nuestra web. En la Fundaci\u00f3n DTI trabajamos para brindar servicios y formaci\u00f3n en donaci\u00f3n de organos y transplantes en el mundo.\" \/>\n<meta property=\"og:url\" content=\"https:\/\/dtifoundation.com\/es\/memorias-anuales\/\" \/>\n<meta property=\"og:site_name\" content=\"DTI Foundation | Donation &amp; Transplantation Institute\" \/>\n<meta property=\"article:modified_time\" content=\"2026-03-27T11:10:31+00:00\" \/>\n<meta property=\"og:image\" content=\"https:\/\/dtifoundation.com\/wp-content\/uploads\/2023\/05\/annual-report-scaled.jpeg\" \/>\n\t<meta property=\"og:image:width\" content=\"2560\" \/>\n\t<meta property=\"og:image:height\" content=\"1709\" \/>\n\t<meta property=\"og:image:type\" content=\"image\/jpeg\" \/>\n<meta name=\"twitter:card\" content=\"summary_large_image\" \/>\n<meta name=\"twitter:label1\" content=\"Tiempo de lectura\" \/>\n\t<meta name=\"twitter:data1\" content=\"4 minutos\" \/>\n<script type=\"application\/ld+json\" class=\"yoast-schema-graph\">{\"@context\":\"https:\/\/schema.org\",\"@graph\":[{\"@type\":[\"WebPage\",\"MedicalWebPage\"],\"@id\":\"https:\/\/dtifoundation.com\/es\/memorias-anuales\/\",\"url\":\"https:\/\/dtifoundation.com\/es\/memorias-anuales\/\",\"name\":\"Memorias Anuales | DTI Foundation | Donation &amp; Transplantation Institute\",\"isPartOf\":{\"@id\":\"https:\/\/dtifoundation.com\/#website\"},\"primaryImageOfPage\":{\"@id\":\"https:\/\/dtifoundation.com\/es\/memorias-anuales\/#primaryimage\"},\"image\":{\"@id\":\"https:\/\/dtifoundation.com\/es\/memorias-anuales\/#primaryimage\"},\"thumbnailUrl\":\"https:\/\/dtifoundation.com\/wp-content\/uploads\/2023\/05\/annual-report-scaled.jpeg\",\"datePublished\":\"2023-03-23T11:35:08+00:00\",\"dateModified\":\"2026-03-27T11:10:31+00:00\",\"description\":\"Descubre toda la informaci\u00f3n sobre Memorias Anuales en nuestra web. En la Fundaci\u00f3n DTI trabajamos para brindar servicios y formaci\u00f3n en donaci\u00f3n de organos y transplantes en el mundo.\",\"breadcrumb\":{\"@id\":\"https:\/\/dtifoundation.com\/es\/memorias-anuales\/#breadcrumb\"},\"inLanguage\":\"es\",\"potentialAction\":[{\"@type\":\"ReadAction\",\"target\":[\"https:\/\/dtifoundation.com\/es\/memorias-anuales\/\"]}]},{\"@type\":\"ImageObject\",\"inLanguage\":\"es\",\"@id\":\"https:\/\/dtifoundation.com\/es\/memorias-anuales\/#primaryimage\",\"url\":\"https:\/\/dtifoundation.com\/wp-content\/uploads\/2023\/05\/annual-report-scaled.jpeg\",\"contentUrl\":\"https:\/\/dtifoundation.com\/wp-content\/uploads\/2023\/05\/annual-report-scaled.jpeg\",\"width\":2560,\"height\":1709,\"caption\":\"Business and Financial Planning Concept. Hand of Financial advisor planning budget and point at report. Professional Businesswoman discusses and analysis annual report at home office.\"},{\"@type\":\"BreadcrumbList\",\"@id\":\"https:\/\/dtifoundation.com\/es\/memorias-anuales\/#breadcrumb\",\"itemListElement\":[{\"@type\":\"ListItem\",\"position\":1,\"name\":\"Home\",\"item\":\"https:\/\/dtifoundation.com\/es\/\"},{\"@type\":\"ListItem\",\"position\":2,\"name\":\"Memorias Anuales\"}]},{\"@type\":\"WebSite\",\"@id\":\"https:\/\/dtifoundation.com\/#website\",\"url\":\"https:\/\/dtifoundation.com\/\",\"name\":\"TPM - DTI Foundation\",\"description\":\"\",\"potentialAction\":[{\"@type\":\"SearchAction\",\"target\":{\"@type\":\"EntryPoint\",\"urlTemplate\":\"https:\/\/dtifoundation.com\/?s={search_term_string}\"},\"query-input\":{\"@type\":\"PropertyValueSpecification\",\"valueRequired\":true,\"valueName\":\"search_term_string\"}}],\"inLanguage\":\"es\"}]}<\/script>\n<!-- \/ Yoast SEO plugin. -->","yoast_head_json":{"title":"Memorias Anuales | DTI Foundation | Donation &amp; Transplantation Institute","description":"Descubre toda la informaci\u00f3n sobre Memorias Anuales en nuestra web. En la Fundaci\u00f3n DTI trabajamos para brindar servicios y formaci\u00f3n en donaci\u00f3n de organos y transplantes en el mundo.","robots":{"index":"index","follow":"follow","max-snippet":"max-snippet:-1","max-image-preview":"max-image-preview:large","max-video-preview":"max-video-preview:-1"},"canonical":"https:\/\/dtifoundation.com\/es\/memorias-anuales\/","og_locale":"es_ES","og_type":"article","og_title":"Memorias Anuales | DTI Foundation | Donation &amp; Transplantation Institute","og_description":"Descubre toda la informaci\u00f3n sobre Memorias Anuales en nuestra web. En la Fundaci\u00f3n DTI trabajamos para brindar servicios y formaci\u00f3n en donaci\u00f3n de organos y transplantes en el mundo.","og_url":"https:\/\/dtifoundation.com\/es\/memorias-anuales\/","og_site_name":"DTI Foundation | Donation &amp; Transplantation Institute","article_modified_time":"2026-03-27T11:10:31+00:00","og_image":[{"width":2560,"height":1709,"url":"https:\/\/dtifoundation.com\/wp-content\/uploads\/2023\/05\/annual-report-scaled.jpeg","type":"image\/jpeg"}],"twitter_card":"summary_large_image","twitter_misc":{"Tiempo de lectura":"4 minutos"},"schema":{"@context":"https:\/\/schema.org","@graph":[{"@type":["WebPage","MedicalWebPage"],"@id":"https:\/\/dtifoundation.com\/es\/memorias-anuales\/","url":"https:\/\/dtifoundation.com\/es\/memorias-anuales\/","name":"Memorias Anuales | DTI Foundation | Donation &amp; Transplantation Institute","isPartOf":{"@id":"https:\/\/dtifoundation.com\/#website"},"primaryImageOfPage":{"@id":"https:\/\/dtifoundation.com\/es\/memorias-anuales\/#primaryimage"},"image":{"@id":"https:\/\/dtifoundation.com\/es\/memorias-anuales\/#primaryimage"},"thumbnailUrl":"https:\/\/dtifoundation.com\/wp-content\/uploads\/2023\/05\/annual-report-scaled.jpeg","datePublished":"2023-03-23T11:35:08+00:00","dateModified":"2026-03-27T11:10:31+00:00","description":"Descubre toda la informaci\u00f3n sobre Memorias Anuales en nuestra web. En la Fundaci\u00f3n DTI trabajamos para brindar servicios y formaci\u00f3n en donaci\u00f3n de organos y transplantes en el mundo.","breadcrumb":{"@id":"https:\/\/dtifoundation.com\/es\/memorias-anuales\/#breadcrumb"},"inLanguage":"es","potentialAction":[{"@type":"ReadAction","target":["https:\/\/dtifoundation.com\/es\/memorias-anuales\/"]}]},{"@type":"ImageObject","inLanguage":"es","@id":"https:\/\/dtifoundation.com\/es\/memorias-anuales\/#primaryimage","url":"https:\/\/dtifoundation.com\/wp-content\/uploads\/2023\/05\/annual-report-scaled.jpeg","contentUrl":"https:\/\/dtifoundation.com\/wp-content\/uploads\/2023\/05\/annual-report-scaled.jpeg","width":2560,"height":1709,"caption":"Business and Financial Planning Concept. Hand of Financial advisor planning budget and point at report. Professional Businesswoman discusses and analysis annual report at home office."},{"@type":"BreadcrumbList","@id":"https:\/\/dtifoundation.com\/es\/memorias-anuales\/#breadcrumb","itemListElement":[{"@type":"ListItem","position":1,"name":"Home","item":"https:\/\/dtifoundation.com\/es\/"},{"@type":"ListItem","position":2,"name":"Memorias Anuales"}]},{"@type":"WebSite","@id":"https:\/\/dtifoundation.com\/#website","url":"https:\/\/dtifoundation.com\/","name":"TPM - DTI Foundation","description":"","potentialAction":[{"@type":"SearchAction","target":{"@type":"EntryPoint","urlTemplate":"https:\/\/dtifoundation.com\/?s={search_term_string}"},"query-input":{"@type":"PropertyValueSpecification","valueRequired":true,"valueName":"search_term_string"}}],"inLanguage":"es"}]}},"_links":{"self":[{"href":"https:\/\/dtifoundation.com\/es\/wp-json\/wp\/v2\/pages\/5955","targetHints":{"allow":["GET"]}}],"collection":[{"href":"https:\/\/dtifoundation.com\/es\/wp-json\/wp\/v2\/pages"}],"about":[{"href":"https:\/\/dtifoundation.com\/es\/wp-json\/wp\/v2\/types\/page"}],"author":[{"embeddable":true,"href":"https:\/\/dtifoundation.com\/es\/wp-json\/wp\/v2\/users\/1"}],"replies":[{"embeddable":true,"href":"https:\/\/dtifoundation.com\/es\/wp-json\/wp\/v2\/comments?post=5955"}],"version-history":[{"count":8,"href":"https:\/\/dtifoundation.com\/es\/wp-json\/wp\/v2\/pages\/5955\/revisions"}],"predecessor-version":[{"id":17912,"href":"https:\/\/dtifoundation.com\/es\/wp-json\/wp\/v2\/pages\/5955\/revisions\/17912"}],"wp:featuredmedia":[{"embeddable":true,"href":"https:\/\/dtifoundation.com\/es\/wp-json\/wp\/v2\/media\/11143"}],"wp:attachment":[{"href":"https:\/\/dtifoundation.com\/es\/wp-json\/wp\/v2\/media?parent=5955"}],"curies":[{"name":"wp","href":"https:\/\/api.w.org\/{rel}","templated":true}]}}