{"id":5898,"date":"2023-03-23T09:31:18","date_gmt":"2023-03-23T09:31:18","guid":{"rendered":"http:\/\/dti.developallin.com\/condiciones-de-uso\/"},"modified":"2023-09-27T07:51:13","modified_gmt":"2023-09-27T07:51:13","slug":"condiciones-de-uso","status":"publish","type":"page","link":"https:\/\/dtifoundation.com\/es\/condiciones-de-uso\/","title":{"rendered":"Condiciones de uso"},"content":{"rendered":"<div class=\"wpb-content-wrapper\"><p>[vc_row row_height_percent=\u00bb0&#8243; override_padding=\u00bbyes\u00bb h_padding=\u00bb2&#8243; top_padding=\u00bb3&#8243; bottom_padding=\u00bb0&#8243; overlay_alpha=\u00bb50&#8243; gutter_size=\u00bb3&#8243; column_width_percent=\u00bb100&#8243; shift_y=\u00bb0&#8243; z_index=\u00bb0&#8243; uncode_shortcode_id=\u00bb180101&#8243;][vc_column width=\u00bb1\/1&#8243;][vc_custom_heading text_color=\u00bbcolor-115985&#8243; heading_semantic=\u00bbdiv\u00bb text_size=\u00bbh1&#8243; uncode_shortcode_id=\u00bb873665&#8243; text_color_type=\u00bbuncode-palette\u00bb]<strong>Condiciones de uso<\/strong>[\/vc_custom_heading][\/vc_column][\/vc_row][vc_row row_height_percent=\u00bb0&#8243; overlay_alpha=\u00bb50&#8243; gutter_size=\u00bb3&#8243; column_width_percent=\u00bb100&#8243; shift_y=\u00bb0&#8243; z_index=\u00bb0&#8243; uncode_shortcode_id=\u00bb142234&#8243;][vc_column width=\u00bb1\/1&#8243;][vc_custom_heading heading_semantic=\u00bbdiv\u00bb text_size=\u00bbh3&#8243; uncode_shortcode_id=\u00bb130413&#8243;]<strong>Privacidad<\/strong>[\/vc_custom_heading][vc_column_text uncode_shortcode_id=\u00bb397939&#8243;]De acuerdo con la Ley de Servicios de la Sociedad de la Informaci\u00f3n, informamos que esta web es propiedad de DTI DONATION &amp; TRANSPLANTATION INSTITUTE, Fundaci\u00f3 Privada (DTI), con sede en el Parc Cient\u00edfic de Barcelona \u2013 UB ( 08208 ) calle Baldiri i Reixac, 4-8, Torre I, 8\u00aa planta. Con CIF G-64862006\u00a0y direcci\u00f3n electr\u00f3nica\u00a0<a style=\"color: #b53125;\" href=\"mailto:infodti@dtifoundation.com\">infodti@dtifoundation.com<\/a>[\/vc_column_text][\/vc_column][\/vc_row][vc_row][vc_column width=\u00bb1\/1&#8243;][vc_custom_heading heading_semantic=\u00bbdiv\u00bb text_size=\u00bbh3&#8243; uncode_shortcode_id=\u00bb466067&#8243;]<strong>Condiciones de uso de esta web<\/strong>[\/vc_custom_heading][vc_column_text uncode_shortcode_id=\u00bb871411&#8243;]Acceder a esta web confiere la condici\u00f3n de usuario y determina la aceptaci\u00f3n de las condiciones de utilizaci\u00f3n que se establecen en este aviso.<\/p>\n<ol>\n<li>DTI no garantiza la certeza de los contenidos ni se responsabiliza de su uso ni de los da\u00f1os y perjuicios que se deriven de las decisiones que se fundamenten en los mismos. En todo caso, el acceso a la web se realiza por cuenta y riesgo y bajo la estricta responsabilidad del usuario.<\/li>\n<li>Todos los contenidos de la web son propiedad de DTI y, por tanto, los textos, las im\u00e1genes, los gr\u00e1ficos, los archivos, logotipos, marcas y dise\u00f1o y cualquier otro elemento que contenga, incluido el c\u00f3digo Fuente est\u00e1n protegidas por la regulaci\u00f3n aplicable en materia de propiedad intelectual e industrial.<\/li>\n<li>No se autoriza y, por lo tanto, se proh\u00edbe la reproducci\u00f3n de los contenidos que no sean para uso privado, as\u00ed como la transformaci\u00f3n, distribuci\u00f3n, comunicaci\u00f3n p\u00fablica, puesta a disposici\u00f3n del p\u00fablico o cualquier otra explotaci\u00f3n si no consta establecido expresamente y por escrito por DTI.<\/li>\n<li>No se autoriza y por lo tanto se proh\u00edbe:<br \/>\n\u2013 La reproducci\u00f3n total o parcial de los contenidos, en cualquier formato existente o futuro, de cualquier tipo o naturaleza.<br \/>\n\u2013 La difusi\u00f3n de contenidos.<br \/>\n\u2013 La difusi\u00f3n que autoricen las leyes sin mencionar la Fuente.<br \/>\n\u2013 La utilizaci\u00f3n total o parcial, hasta con modificaciones de las marcas, dise\u00f1os, logotipos, formularios contenidos en la p\u00e1gina web.<\/li>\n<li>Solo se permiten enlaces a la p\u00e1gina principal de la p\u00e1gina web y se proh\u00edben las pr\u00e1cticas de framming y deep-linking y otras equivalentes que oculten o confundan el origen de los contenidos as\u00ed como de los enlaces des de p\u00e1ginas que vulneren las leyes o las buenas costumbres, falseen o difamen DTI o las persones o entidades que formen parten o sean colaboradores de la entidad.<\/li>\n<li>En ning\u00fan caso, el establecimiento de enlaces implicar\u00e1 la existencia de ning\u00fan tipo de v\u00ednculo con DTI.<\/li>\n<li>Las cuestiones relacionadas con la web se someten a la ley espa\u00f1ola y a la regulaci\u00f3n europea que sea aplicable.<\/li>\n<\/ol>\n<p>Estatutos de la empresa:<\/p>\n<p><a style=\"color: #b53125;\" href=\"\/wp-content\/uploads\/2023\/03\/Estatutos-DTI.pdf\">Estatutos DTI<\/a>[\/vc_column_text][\/vc_column][\/vc_row][vc_row][vc_column width=\u00bb1\/1&#8243;][vc_custom_heading heading_semantic=\u00bbdiv\u00bb text_size=\u00bbh3&#8243; uncode_shortcode_id=\u00bb260386&#8243;]<strong>Cancelaci\u00f3n de pedidos<\/strong>[\/vc_custom_heading][vc_column_text uncode_shortcode_id=\u00bb544305&#8243;]Si por alg\u00fan motivo necesitas cancelar el pedido hecho a trav\u00e9s de la web, puedes hacerlo sin ning\u00fan cargo hasta 15 d\u00edas naturales despu\u00e9s de finalizar la compra siempre que sea antes del primer d\u00eda que empiece el curso comprado. Cuando se hubieran entregado materiales did\u00e1cticos, se deber\u00e1n devolver en perfectas condiciones, siendo a cargo del cliente los gastos de devoluci\u00f3n, al igual que los desperfectos de dichos materiales.<\/p>\n<p>Para realizar una cancelaci\u00f3n, deber\u00e1s contactar a trav\u00e9s de la siguiente direcci\u00f3n de correo electr\u00f3nico\u00a0<a style=\"color: #b53125;\" href=\"mailto:infodti@dtifoundation.com\">infodti@dtifoundation.com<\/a>\u00a0indicando:<\/p>\n<ol>\n<li>Nombre y apellido<\/li>\n<li>Curso comprado<\/li>\n<li>Fecha de compra<\/li>\n<li>M\u00e9todo de pago<\/li>\n<li>Datos de contacto<\/li>\n<\/ol>\n<p>[\/vc_column_text][\/vc_column][\/vc_row][vc_row row_height_percent=\u00bb0&#8243; override_padding=\u00bbyes\u00bb h_padding=\u00bb2&#8243; top_padding=\u00bb2&#8243; bottom_padding=\u00bb3&#8243; overlay_alpha=\u00bb50&#8243; gutter_size=\u00bb3&#8243; column_width_percent=\u00bb100&#8243; shift_y=\u00bb0&#8243; z_index=\u00bb0&#8243; uncode_shortcode_id=\u00bb206006&#8243;][vc_column width=\u00bb1\/1&#8243;][vc_custom_heading heading_semantic=\u00bbdiv\u00bb text_size=\u00bbh3&#8243; uncode_shortcode_id=\u00bb895117&#8243;]<strong>Devoluci\u00f3n y reembolso<\/strong>[\/vc_custom_heading][vc_column_text uncode_shortcode_id=\u00bb209912&#8243;]En caso de cumplir lo especificado en el apartado de cancelaci\u00f3n de pedidos se proceder\u00e1 al reembolso del dinero hasta el plazo m\u00e1ximo de 15 d\u00edas naturales, cancel\u00e1ndose la matr\u00edcula y el acceso al curso y la plataforma online de la acci\u00f3n formativa. No obstante lo anterior, DTI podr\u00e1 retener el reembolso de las cantidades hasta que no haya recibido los materiales did\u00e1cticos a devolver por el Cliente.[\/vc_column_text][\/vc_column][\/vc_row]<\/p>\n<\/div>","protected":false},"excerpt":{"rendered":"<p>[vc_row row_height_percent=\u00bb0&#8243; override_padding=\u00bbyes\u00bb h_padding=\u00bb2&#8243; top_padding=\u00bb3&#8243; bottom_padding=\u00bb0&#8243; overlay_alpha=\u00bb50&#8243; gutter_size=\u00bb3&#8243; column_width_percent=\u00bb100&#8243; shift_y=\u00bb0&#8243; z_index=\u00bb0&#8243; uncode_shortcode_id=\u00bb180101&#8243;][vc_column width=\u00bb1\/1&#8243;][vc_custom_heading text_color=\u00bbcolor-115985&#8243; heading_semantic=\u00bbdiv\u00bb text_size=\u00bbh1&#8243; uncode_shortcode_id=\u00bb873665&#8243; text_color_type=\u00bbuncode-palette\u00bb]Condiciones de uso[\/vc_custom_heading][\/vc_column][\/vc_row][vc_row [&hellip;]<\/p>\n","protected":false},"author":1,"featured_media":0,"parent":0,"menu_order":0,"comment_status":"closed","ping_status":"closed","template":"","meta":{"_acf_changed":false,"footnotes":""},"class_list":["post-5898","page","type-page","status-publish","hentry"],"acf":[],"yoast_head":"<!-- This site is optimized with the Yoast SEO plugin v26.9 - https:\/\/yoast.com\/product\/yoast-seo-wordpress\/ -->\n<title>Condiciones de uso | DTI Foundation | Donation &amp; Transplantation Institute<\/title>\n<meta name=\"description\" content=\"Descubre toda la informaci\u00f3n sobre Condiciones de uso en nuestra web. En la Fundaci\u00f3n DTI trabajamos para brindar servicios y formaci\u00f3n en donaci\u00f3n de organos y transplantes en el mundo.\" \/>\n<meta name=\"robots\" content=\"index, follow, max-snippet:-1, max-image-preview:large, max-video-preview:-1\" \/>\n<link rel=\"canonical\" href=\"https:\/\/dtifoundation.com\/terms-of-use\/\" \/>\n<meta property=\"og:locale\" content=\"es_ES\" \/>\n<meta property=\"og:type\" content=\"article\" \/>\n<meta property=\"og:title\" content=\"Condiciones de uso | DTI Foundation | Donation &amp; Transplantation Institute\" \/>\n<meta property=\"og:description\" content=\"Descubre toda la informaci\u00f3n sobre Condiciones de uso en nuestra web. En la Fundaci\u00f3n DTI trabajamos para brindar servicios y formaci\u00f3n en donaci\u00f3n de organos y transplantes en el mundo.\" \/>\n<meta property=\"og:url\" content=\"https:\/\/dtifoundation.com\/terms-of-use\/\" \/>\n<meta property=\"og:site_name\" content=\"DTI Foundation | Donation &amp; Transplantation Institute\" \/>\n<meta property=\"article:modified_time\" content=\"2023-09-27T07:51:13+00:00\" \/>\n<meta name=\"twitter:card\" content=\"summary_large_image\" \/>\n<meta name=\"twitter:label1\" content=\"Tiempo de lectura\" \/>\n\t<meta name=\"twitter:data1\" content=\"4 minutos\" \/>\n<script type=\"application\/ld+json\" class=\"yoast-schema-graph\">{\"@context\":\"https:\/\/schema.org\",\"@graph\":[{\"@type\":[\"WebPage\",\"MedicalWebPage\"],\"@id\":\"https:\/\/dtifoundation.com\/terms-of-use\/\",\"url\":\"https:\/\/dtifoundation.com\/terms-of-use\/\",\"name\":\"Condiciones de uso | DTI Foundation | Donation &amp; Transplantation Institute\",\"isPartOf\":{\"@id\":\"https:\/\/dtifoundation.com\/#website\"},\"datePublished\":\"2023-03-23T09:31:18+00:00\",\"dateModified\":\"2023-09-27T07:51:13+00:00\",\"description\":\"Descubre toda la informaci\u00f3n sobre Condiciones de uso en nuestra web. En la Fundaci\u00f3n DTI trabajamos para brindar servicios y formaci\u00f3n en donaci\u00f3n de organos y transplantes en el mundo.\",\"breadcrumb\":{\"@id\":\"https:\/\/dtifoundation.com\/terms-of-use\/#breadcrumb\"},\"inLanguage\":\"es\",\"potentialAction\":[{\"@type\":\"ReadAction\",\"target\":[\"https:\/\/dtifoundation.com\/terms-of-use\/\"]}]},{\"@type\":\"BreadcrumbList\",\"@id\":\"https:\/\/dtifoundation.com\/terms-of-use\/#breadcrumb\",\"itemListElement\":[{\"@type\":\"ListItem\",\"position\":1,\"name\":\"Home\",\"item\":\"https:\/\/dtifoundation.com\/es\/\"},{\"@type\":\"ListItem\",\"position\":2,\"name\":\"Condiciones de uso\"}]},{\"@type\":\"WebSite\",\"@id\":\"https:\/\/dtifoundation.com\/#website\",\"url\":\"https:\/\/dtifoundation.com\/\",\"name\":\"TPM - DTI Foundation\",\"description\":\"\",\"potentialAction\":[{\"@type\":\"SearchAction\",\"target\":{\"@type\":\"EntryPoint\",\"urlTemplate\":\"https:\/\/dtifoundation.com\/?s={search_term_string}\"},\"query-input\":{\"@type\":\"PropertyValueSpecification\",\"valueRequired\":true,\"valueName\":\"search_term_string\"}}],\"inLanguage\":\"es\"}]}<\/script>\n<!-- \/ Yoast SEO plugin. -->","yoast_head_json":{"title":"Condiciones de uso | DTI Foundation | Donation &amp; Transplantation Institute","description":"Descubre toda la informaci\u00f3n sobre Condiciones de uso en nuestra web. En la Fundaci\u00f3n DTI trabajamos para brindar servicios y formaci\u00f3n en donaci\u00f3n de organos y transplantes en el mundo.","robots":{"index":"index","follow":"follow","max-snippet":"max-snippet:-1","max-image-preview":"max-image-preview:large","max-video-preview":"max-video-preview:-1"},"canonical":"https:\/\/dtifoundation.com\/terms-of-use\/","og_locale":"es_ES","og_type":"article","og_title":"Condiciones de uso | DTI Foundation | Donation &amp; Transplantation Institute","og_description":"Descubre toda la informaci\u00f3n sobre Condiciones de uso en nuestra web. En la Fundaci\u00f3n DTI trabajamos para brindar servicios y formaci\u00f3n en donaci\u00f3n de organos y transplantes en el mundo.","og_url":"https:\/\/dtifoundation.com\/terms-of-use\/","og_site_name":"DTI Foundation | Donation &amp; Transplantation Institute","article_modified_time":"2023-09-27T07:51:13+00:00","twitter_card":"summary_large_image","twitter_misc":{"Tiempo de lectura":"4 minutos"},"schema":{"@context":"https:\/\/schema.org","@graph":[{"@type":["WebPage","MedicalWebPage"],"@id":"https:\/\/dtifoundation.com\/terms-of-use\/","url":"https:\/\/dtifoundation.com\/terms-of-use\/","name":"Condiciones de uso | DTI Foundation | Donation &amp; Transplantation Institute","isPartOf":{"@id":"https:\/\/dtifoundation.com\/#website"},"datePublished":"2023-03-23T09:31:18+00:00","dateModified":"2023-09-27T07:51:13+00:00","description":"Descubre toda la informaci\u00f3n sobre Condiciones de uso en nuestra web. En la Fundaci\u00f3n DTI trabajamos para brindar servicios y formaci\u00f3n en donaci\u00f3n de organos y transplantes en el mundo.","breadcrumb":{"@id":"https:\/\/dtifoundation.com\/terms-of-use\/#breadcrumb"},"inLanguage":"es","potentialAction":[{"@type":"ReadAction","target":["https:\/\/dtifoundation.com\/terms-of-use\/"]}]},{"@type":"BreadcrumbList","@id":"https:\/\/dtifoundation.com\/terms-of-use\/#breadcrumb","itemListElement":[{"@type":"ListItem","position":1,"name":"Home","item":"https:\/\/dtifoundation.com\/es\/"},{"@type":"ListItem","position":2,"name":"Condiciones de uso"}]},{"@type":"WebSite","@id":"https:\/\/dtifoundation.com\/#website","url":"https:\/\/dtifoundation.com\/","name":"TPM - DTI Foundation","description":"","potentialAction":[{"@type":"SearchAction","target":{"@type":"EntryPoint","urlTemplate":"https:\/\/dtifoundation.com\/?s={search_term_string}"},"query-input":{"@type":"PropertyValueSpecification","valueRequired":true,"valueName":"search_term_string"}}],"inLanguage":"es"}]}},"_links":{"self":[{"href":"https:\/\/dtifoundation.com\/es\/wp-json\/wp\/v2\/pages\/5898","targetHints":{"allow":["GET"]}}],"collection":[{"href":"https:\/\/dtifoundation.com\/es\/wp-json\/wp\/v2\/pages"}],"about":[{"href":"https:\/\/dtifoundation.com\/es\/wp-json\/wp\/v2\/types\/page"}],"author":[{"embeddable":true,"href":"https:\/\/dtifoundation.com\/es\/wp-json\/wp\/v2\/users\/1"}],"replies":[{"embeddable":true,"href":"https:\/\/dtifoundation.com\/es\/wp-json\/wp\/v2\/comments?post=5898"}],"version-history":[{"count":0,"href":"https:\/\/dtifoundation.com\/es\/wp-json\/wp\/v2\/pages\/5898\/revisions"}],"wp:attachment":[{"href":"https:\/\/dtifoundation.com\/es\/wp-json\/wp\/v2\/media?parent=5898"}],"curies":[{"name":"wp","href":"https:\/\/api.w.org\/{rel}","templated":true}]}}