{"id":5889,"date":"2023-03-23T09:45:17","date_gmt":"2023-03-23T09:45:17","guid":{"rendered":"http:\/\/dti.developallin.com\/politica-de-cookies\/"},"modified":"2023-03-23T10:08:00","modified_gmt":"2023-03-23T10:08:00","slug":"politica-de-cookies","status":"publish","type":"page","link":"https:\/\/dtifoundation.com\/es\/politica-de-cookies\/","title":{"rendered":"Pol\u00edtica de cookies"},"content":{"rendered":"<div class=\"wpb-content-wrapper\"><p>[vc_row row_height_percent=\u00bb0&#8243; override_padding=\u00bbyes\u00bb h_padding=\u00bb2&#8243; top_padding=\u00bb3&#8243; bottom_padding=\u00bb0&#8243; overlay_alpha=\u00bb50&#8243; gutter_size=\u00bb3&#8243; column_width_percent=\u00bb100&#8243; shift_y=\u00bb0&#8243; z_index=\u00bb0&#8243; uncode_shortcode_id=\u00bb180101&#8243;][vc_column width=\u00bb1\/1&#8243;][vc_custom_heading text_color=\u00bbcolor-115985&#8243; heading_semantic=\u00bbdiv\u00bb text_size=\u00bbh1&#8243; uncode_shortcode_id=\u00bb672120&#8243; text_color_type=\u00bbuncode-palette\u00bb]<strong>Pol\u00edtica de cookies<\/strong>[\/vc_custom_heading][\/vc_column][\/vc_row][vc_row][vc_column width=\u00bb1\/1&#8243;][vc_column_text uncode_shortcode_id=\u00bb368471&#8243;]Esta Pol\u00edtica de Cookies explica qu\u00e9 son las cookies, c\u00f3mo las utiliza DTI DONATION &amp; TRANSPLANTATION INSTITUTE en su sitio web y c\u00f3mo puede gestionarlas el usuario.<\/p>\n<p>&nbsp;<\/p>\n<p><strong>1. \u00bfQU\u00c9 ES UNA COOKIE?<\/strong><\/p>\n<p>Las cookies son peque\u00f1os ficheros de datos que se almacenan en el ordenador del usuario y que contienen determinada informaci\u00f3n sobre la visita que el usuario realiza al sitio web. La cookie es descargada por el dispositivo que utiliza para acceder al sitio web y almacenada en el disco duro de ese dispositivo. Las cookies tienen varios usos, entre ellos permitir que el sitio web reconozca su dispositivo cuando nos visita nuevamente, garantizar que reciba el contenido correcto o guardar informaci\u00f3n con preferencias o servicios que el usuario nos ha proporcionado. Las cookies no da\u00f1an el dispositivo del usuario.<\/p>\n<p>En esta pol\u00edtica de cookies utilizamos la palabra cookie para referirnos a todos los archivos que almacenan informaci\u00f3n de esta forma.<\/p>\n<p>&nbsp;<\/p>\n<p><strong>2. \u00bfUTILIZAMOS COOKIES?<\/strong><\/p>\n<p>Nuestro sitio web utiliza cookies con la finalidad de recopilar datos con los que seguir el uso y utilidad de nuestro sitio web y obtener datos estad\u00edsticos y de seguridad. Las herramientas utilizadas para obtener estad\u00edsticas de uso del sitio web ofrecen la posibilidad de obtener un nivel de detalle cada vez mayor sobre el comportamiento de los visitantes y usuarios del sitio web. Estos datos pueden ser recogidos, tratados y almacenados asociados a una direcci\u00f3n IP oa un usuario concreto o pueden ser objeto de un proceso de disociaci\u00f3n con el fin de obtener conclusiones en base a datos an\u00f3nimos.<\/p>\n<p>&nbsp;<\/p>\n<p><strong>3. \u00bfQU\u00c9 TIPO DE COOKIES UTILIZAMOS?<\/strong><\/p>\n<p>Las cookies se pueden diferenciar teniendo en cuenta las distintas funciones para las que se utilizan, su duraci\u00f3n o qui\u00e9n las gestiona. Es importante tener en cuenta que una misma cookie puede pertenecer a diferentes categor\u00edas. A continuaci\u00f3n, el usuario encontrar\u00e1 una descripci\u00f3n de las cookies utilizadas por este sitio web<\/p>\n<p><strong>Cookies t\u00e9cnicas<\/strong><\/p>\n<p>Las cookies t\u00e9cnicas son aquellas que permiten al usuario la navegaci\u00f3n a trav\u00e9s del sitio web y la utilizaci\u00f3n de las diferentes opciones o servicios que ofrece. Nuestro Sitio Web utiliza cookies t\u00e9cnicas, algunas de las cuales son esenciales para el funcionamiento del sitio web, como cookies que nos permiten identificar a los usuarios para que puedan acceder a su acceso privado o mantener la sesi\u00f3n con el servidor. . Si el usuario decide no habilitar estas cookies, la navegaci\u00f3n por el sitio web puede no ser posible o puede ser mucho menos satisfactoria.<\/p>\n<p><strong>Cookies de an\u00e1lisis<\/strong><\/p>\n<p>Las cookies de an\u00e1lisis permiten obtener informaci\u00f3n gen\u00e9rica de los accesos de los usuarios al sitio web para ofrecer informaci\u00f3n agregada de los mismos con fines estad\u00edsticos. Este tipo de cookies se utilizan para analizar la navegaci\u00f3n de los usuarios por el sitio web y controlar su rendimiento. Adicionalmente, las herramientas utilizadas para obtener estad\u00edsticas de uso del sitio web ofrecen la posibilidad de obtener un nivel de detalle cada vez mayor sobre el comportamiento de los visitantes y usuarios del sitio web. Estos datos pueden ser recogidos, tratados y almacenados asociados a una direcci\u00f3n IP oa un usuario concreto o pueden ser objeto de un proceso de disociaci\u00f3n con el fin de obtener conclusiones en base a datos an\u00f3nimos.<\/p>\n<p>La informaci\u00f3n recogida a trav\u00e9s de las cookies puede incluir, entre otros datos, la direcci\u00f3n IP que identifica al ordenador en ese momento, la fecha y hora de acceso y las \u00e1reas del sitio web que se visitan. El prop\u00f3sito de esta recopilaci\u00f3n de datos es monitorear el uso y la utilidad de nuestro sitio web, con fines estad\u00edsticos y de seguridad.<\/p>\n<p><strong>Cookies propias<\/strong><\/p>\n<p>Son cookies que se env\u00edan a tu terminal desde un equipo o dominio gestionado por DTI DONATION &amp; TRANSPLANTATION INSTITUTE y desde el que se presta el servicio solicitado.<\/p>\n<p><strong>Cookies de personalizaci\u00f3n<\/strong><\/p>\n<p>Utilizamos cookies de funcionalidad para recordar sus preferencias. Por ejemplo, recordamos los cambios que ha realizado en las preferencias de su cuenta.<\/p>\n<p>Las cookies tambi\u00e9n se pueden utilizar para recordar la configuraci\u00f3n y preferencias del usuario en cuanto a dise\u00f1o, colores y las \u00e1reas o men\u00fas que desea tener m\u00e1s accesibles en la pantalla de inicio.<\/p>\n<p><strong>Cookies publicitarias<\/strong><\/p>\n<p>Utilizamos estas cookies para gestionar, de la forma m\u00e1s eficaz posible, los espacios publicitarios de la web en base a criterios como el contenido editado o la frecuencia en la que se muestran los anuncios.<\/p>\n<p>&nbsp;<\/p>\n<p><strong>4. \u00bfQU\u00c9 COOKIES PUEDE ENCONTRAR EN NUESTRA WEB?<\/strong><\/p>\n<p>A continuaci\u00f3n se muestra una lista de cookies que puede encontrar en nuestro sitio web:<\/p>\n<p>&nbsp;<\/p>\n<p><strong>5. \u00bfC\u00d3MO DESHABILITAR Y BLOQUEAR LAS COOKIES?<\/strong><\/p>\n<p>Le informamos que, en todo caso, puede deshabilitar o bloquear las cookies mediante la activaci\u00f3n de la configuraci\u00f3n de su navegador, que le permite rechazar la instalaci\u00f3n de todas o algunas de las cookies. Si rechaza las cookies podr\u00e1 seguir usando nuestro sitio web, aunque el uso de algunos de los servicios podr\u00e1 ser limitado y, como consecuencia, su experiencia en nuestro sitio web menos satisfactoria.<\/p>\n<p>&nbsp;<\/p>\n<p><strong>6. \u00bfC\u00d3MO PUEDO RETIRAR MI CONSENTIMIENTO?<\/strong><\/p>\n<p>Si desea retirar su consentimiento relacionado con esta Pol\u00edtica de Cookies, deber\u00e1 eliminar las cookies almacenadas en su equipo a trav\u00e9s de los ajustes y configuraciones de su navegador de internet.<\/p>\n<p>&nbsp;<\/p>\n<p><strong>7. \u00bfC\u00d3MO GESTIONO Y CONFIGURO LAS COOKIES?<\/strong><\/p>\n<p>Puedes permitir, bloquear o eliminar las cookies instaladas en tu equipo mediante la configuraci\u00f3n de las opciones del navegador instalado en tu ordenador. Para m\u00e1s informaci\u00f3n sobre c\u00f3mo ajustar la configuraci\u00f3n de cookies en los siguientes navegadores, le remitimos al enlace correspondiente:<\/p>\n<p><strong>Internet Explorer<\/strong><br \/>\n<a href=\"https:\/\/support.microsoft.com\/es-es\/help\/17442\/windows-internet-explorer-borrar-gestionar-cookies\">https:\/\/support.microsoft.com\/es-es\/help\/17442\/windows-internet-explorer-borrar-gestionar-cookies<\/a><\/p>\n<p><strong>Firefox<\/strong><br \/>\n<a href=\"https:\/\/support.mozilla.org\/es\/kb\/habilitar-y-deshabilitar-cookies-sitios-web-rastrear-preferencias?redirectlocale=es&amp;redirectslug=habilitar-y-deshabilitar-cookies-que-los-sitios-we\">https:\/\/support.mozilla.org\/es\/kb\/habilitar-y-deshabilitar-cookies-sitios-web-rastrear-preferencias?redirectlocale=es&amp;redirectslug=habilitar-y-deshabilitar-cookies-que-los-sitios-we<\/a><\/p>\n<p><strong>Cromo<\/strong><br \/>\n<a href=\"http:\/\/support.google.com\/chrome\/bin\/answer.py?hl=es&amp;answer=95647\">http:\/\/support.google.com\/chrome\/bin\/answer.py?hl=es&amp;answer=95647<\/a><\/p>\n<p><strong>Safari<\/strong><br \/>\n<a href=\"https:\/\/support.apple.com\/kb\/PH19214?viewlocale=es_ES&amp;locale=es_ES\">https:\/\/support.apple.com\/kb\/PH19214?viewlocale=es_ES&amp;locale=es_ES<\/a><\/p>\n<p><strong>\u00d3pera<\/strong><br \/>\n<a href=\"http:\/\/help.opera.com\/Windows\/11.50\/es-ES\/cookies.html\">http:\/\/help.opera.com\/Windows\/11.50\/es-ES\/cookies.html<\/a><\/p>\n<p>&nbsp;<\/p>\n<p><strong>8. CAMBIOS EN LA POL\u00cdTICA DE COOKIES<\/strong><\/p>\n<p>Es posible que esta Pol\u00edtica de Cookies est\u00e9 sujeta a cambios o modificaciones, por ello le recomendamos revisar esta pol\u00edtica cada vez que acceda a nuestro sitio web con el objetivo de estar adecuadamente informado sobre c\u00f3mo y para qu\u00e9 usamos las cookies.<\/p>\n<p>&nbsp;<\/p>\n<p><strong>9. CONTACTO<\/strong><\/p>\n<p>Si tiene alguna duda, comentario o sugerencia acerca de la Pol\u00edtica de Cookies, puede escribir a<a href=\"mailto:infodti@dtifoundation.com\"> infodti@dtifoundation.com<\/a>.[\/vc_column_text][\/vc_column][\/vc_row]<\/p>\n<\/div>","protected":false},"excerpt":{"rendered":"<p>[vc_row row_height_percent=\u00bb0&#8243; override_padding=\u00bbyes\u00bb h_padding=\u00bb2&#8243; top_padding=\u00bb3&#8243; bottom_padding=\u00bb0&#8243; overlay_alpha=\u00bb50&#8243; gutter_size=\u00bb3&#8243; column_width_percent=\u00bb100&#8243; shift_y=\u00bb0&#8243; z_index=\u00bb0&#8243; uncode_shortcode_id=\u00bb180101&#8243;][vc_column width=\u00bb1\/1&#8243;][vc_custom_heading text_color=\u00bbcolor-115985&#8243; heading_semantic=\u00bbdiv\u00bb text_size=\u00bbh1&#8243; uncode_shortcode_id=\u00bb672120&#8243; text_color_type=\u00bbuncode-palette\u00bb]Pol\u00edtica de cookies[\/vc_custom_heading][\/vc_column][\/vc_row][vc_row][vc_column [&hellip;]<\/p>\n","protected":false},"author":1,"featured_media":0,"parent":0,"menu_order":0,"comment_status":"closed","ping_status":"closed","template":"","meta":{"_acf_changed":false,"footnotes":""},"class_list":["post-5889","page","type-page","status-publish","hentry"],"acf":[],"yoast_head":"<!-- This site is optimized with the Yoast SEO plugin v26.9 - https:\/\/yoast.com\/product\/yoast-seo-wordpress\/ -->\n<title>Pol\u00edtica de cookies | DTI Foundation | Donation &amp; Transplantation Institute<\/title>\n<meta name=\"description\" content=\"Descubre toda la informaci\u00f3n sobre Pol\u00edtica de cookies en nuestra web. En la Fundaci\u00f3n DTI trabajamos para brindar servicios y formaci\u00f3n en donaci\u00f3n de organos y transplantes en el mundo.\" \/>\n<meta name=\"robots\" content=\"index, follow, max-snippet:-1, max-image-preview:large, max-video-preview:-1\" \/>\n<link rel=\"canonical\" href=\"https:\/\/dtifoundation.com\/es\/politica-de-cookies\/\" \/>\n<meta property=\"og:locale\" content=\"es_ES\" \/>\n<meta property=\"og:type\" content=\"article\" \/>\n<meta property=\"og:title\" content=\"Pol\u00edtica de cookies | DTI Foundation | Donation &amp; Transplantation Institute\" \/>\n<meta property=\"og:description\" content=\"Descubre toda la informaci\u00f3n sobre Pol\u00edtica de cookies en nuestra web. En la Fundaci\u00f3n DTI trabajamos para brindar servicios y formaci\u00f3n en donaci\u00f3n de organos y transplantes en el mundo.\" \/>\n<meta property=\"og:url\" content=\"https:\/\/dtifoundation.com\/es\/politica-de-cookies\/\" \/>\n<meta property=\"og:site_name\" content=\"DTI Foundation | Donation &amp; Transplantation Institute\" \/>\n<meta property=\"article:modified_time\" content=\"2023-03-23T10:08:00+00:00\" \/>\n<meta name=\"twitter:card\" content=\"summary_large_image\" \/>\n<meta name=\"twitter:label1\" content=\"Tiempo de lectura\" \/>\n\t<meta name=\"twitter:data1\" content=\"6 minutos\" \/>\n<script type=\"application\/ld+json\" class=\"yoast-schema-graph\">{\"@context\":\"https:\/\/schema.org\",\"@graph\":[{\"@type\":[\"WebPage\",\"MedicalWebPage\"],\"@id\":\"https:\/\/dtifoundation.com\/es\/politica-de-cookies\/\",\"url\":\"https:\/\/dtifoundation.com\/es\/politica-de-cookies\/\",\"name\":\"Pol\u00edtica de cookies | DTI Foundation | Donation &amp; Transplantation Institute\",\"isPartOf\":{\"@id\":\"https:\/\/dtifoundation.com\/#website\"},\"datePublished\":\"2023-03-23T09:45:17+00:00\",\"dateModified\":\"2023-03-23T10:08:00+00:00\",\"description\":\"Descubre toda la informaci\u00f3n sobre Pol\u00edtica de cookies en nuestra web. En la Fundaci\u00f3n DTI trabajamos para brindar servicios y formaci\u00f3n en donaci\u00f3n de organos y transplantes en el mundo.\",\"breadcrumb\":{\"@id\":\"https:\/\/dtifoundation.com\/es\/politica-de-cookies\/#breadcrumb\"},\"inLanguage\":\"es\",\"potentialAction\":[{\"@type\":\"ReadAction\",\"target\":[\"https:\/\/dtifoundation.com\/es\/politica-de-cookies\/\"]}]},{\"@type\":\"BreadcrumbList\",\"@id\":\"https:\/\/dtifoundation.com\/es\/politica-de-cookies\/#breadcrumb\",\"itemListElement\":[{\"@type\":\"ListItem\",\"position\":1,\"name\":\"Home\",\"item\":\"https:\/\/dtifoundation.com\/es\/\"},{\"@type\":\"ListItem\",\"position\":2,\"name\":\"Pol\u00edtica de cookies\"}]},{\"@type\":\"WebSite\",\"@id\":\"https:\/\/dtifoundation.com\/#website\",\"url\":\"https:\/\/dtifoundation.com\/\",\"name\":\"TPM - DTI Foundation\",\"description\":\"\",\"potentialAction\":[{\"@type\":\"SearchAction\",\"target\":{\"@type\":\"EntryPoint\",\"urlTemplate\":\"https:\/\/dtifoundation.com\/?s={search_term_string}\"},\"query-input\":{\"@type\":\"PropertyValueSpecification\",\"valueRequired\":true,\"valueName\":\"search_term_string\"}}],\"inLanguage\":\"es\"}]}<\/script>\n<!-- \/ Yoast SEO plugin. -->","yoast_head_json":{"title":"Pol\u00edtica de cookies | DTI Foundation | Donation &amp; Transplantation Institute","description":"Descubre toda la informaci\u00f3n sobre Pol\u00edtica de cookies en nuestra web. En la Fundaci\u00f3n DTI trabajamos para brindar servicios y formaci\u00f3n en donaci\u00f3n de organos y transplantes en el mundo.","robots":{"index":"index","follow":"follow","max-snippet":"max-snippet:-1","max-image-preview":"max-image-preview:large","max-video-preview":"max-video-preview:-1"},"canonical":"https:\/\/dtifoundation.com\/es\/politica-de-cookies\/","og_locale":"es_ES","og_type":"article","og_title":"Pol\u00edtica de cookies | DTI Foundation | Donation &amp; Transplantation Institute","og_description":"Descubre toda la informaci\u00f3n sobre Pol\u00edtica de cookies en nuestra web. En la Fundaci\u00f3n DTI trabajamos para brindar servicios y formaci\u00f3n en donaci\u00f3n de organos y transplantes en el mundo.","og_url":"https:\/\/dtifoundation.com\/es\/politica-de-cookies\/","og_site_name":"DTI Foundation | Donation &amp; Transplantation Institute","article_modified_time":"2023-03-23T10:08:00+00:00","twitter_card":"summary_large_image","twitter_misc":{"Tiempo de lectura":"6 minutos"},"schema":{"@context":"https:\/\/schema.org","@graph":[{"@type":["WebPage","MedicalWebPage"],"@id":"https:\/\/dtifoundation.com\/es\/politica-de-cookies\/","url":"https:\/\/dtifoundation.com\/es\/politica-de-cookies\/","name":"Pol\u00edtica de cookies | DTI Foundation | Donation &amp; Transplantation Institute","isPartOf":{"@id":"https:\/\/dtifoundation.com\/#website"},"datePublished":"2023-03-23T09:45:17+00:00","dateModified":"2023-03-23T10:08:00+00:00","description":"Descubre toda la informaci\u00f3n sobre Pol\u00edtica de cookies en nuestra web. En la Fundaci\u00f3n DTI trabajamos para brindar servicios y formaci\u00f3n en donaci\u00f3n de organos y transplantes en el mundo.","breadcrumb":{"@id":"https:\/\/dtifoundation.com\/es\/politica-de-cookies\/#breadcrumb"},"inLanguage":"es","potentialAction":[{"@type":"ReadAction","target":["https:\/\/dtifoundation.com\/es\/politica-de-cookies\/"]}]},{"@type":"BreadcrumbList","@id":"https:\/\/dtifoundation.com\/es\/politica-de-cookies\/#breadcrumb","itemListElement":[{"@type":"ListItem","position":1,"name":"Home","item":"https:\/\/dtifoundation.com\/es\/"},{"@type":"ListItem","position":2,"name":"Pol\u00edtica de cookies"}]},{"@type":"WebSite","@id":"https:\/\/dtifoundation.com\/#website","url":"https:\/\/dtifoundation.com\/","name":"TPM - DTI Foundation","description":"","potentialAction":[{"@type":"SearchAction","target":{"@type":"EntryPoint","urlTemplate":"https:\/\/dtifoundation.com\/?s={search_term_string}"},"query-input":{"@type":"PropertyValueSpecification","valueRequired":true,"valueName":"search_term_string"}}],"inLanguage":"es"}]}},"_links":{"self":[{"href":"https:\/\/dtifoundation.com\/es\/wp-json\/wp\/v2\/pages\/5889","targetHints":{"allow":["GET"]}}],"collection":[{"href":"https:\/\/dtifoundation.com\/es\/wp-json\/wp\/v2\/pages"}],"about":[{"href":"https:\/\/dtifoundation.com\/es\/wp-json\/wp\/v2\/types\/page"}],"author":[{"embeddable":true,"href":"https:\/\/dtifoundation.com\/es\/wp-json\/wp\/v2\/users\/1"}],"replies":[{"embeddable":true,"href":"https:\/\/dtifoundation.com\/es\/wp-json\/wp\/v2\/comments?post=5889"}],"version-history":[{"count":0,"href":"https:\/\/dtifoundation.com\/es\/wp-json\/wp\/v2\/pages\/5889\/revisions"}],"wp:attachment":[{"href":"https:\/\/dtifoundation.com\/es\/wp-json\/wp\/v2\/media?parent=5889"}],"curies":[{"name":"wp","href":"https:\/\/api.w.org\/{rel}","templated":true}]}}