{"id":5879,"date":"2023-03-23T09:36:52","date_gmt":"2023-03-23T09:36:52","guid":{"rendered":"http:\/\/dti.developallin.com\/politica-de-privacidad\/"},"modified":"2023-09-27T08:03:56","modified_gmt":"2023-09-27T08:03:56","slug":"politica-de-privacidad","status":"publish","type":"page","link":"https:\/\/dtifoundation.com\/es\/politica-de-privacidad\/","title":{"rendered":"Pol\u00edtica de privacidad"},"content":{"rendered":"<div class=\"wpb-content-wrapper\"><p>[vc_row row_height_percent=\u00bb0&#8243; override_padding=\u00bbyes\u00bb h_padding=\u00bb2&#8243; top_padding=\u00bb3&#8243; bottom_padding=\u00bb0&#8243; overlay_alpha=\u00bb50&#8243; gutter_size=\u00bb3&#8243; column_width_percent=\u00bb100&#8243; shift_y=\u00bb0&#8243; z_index=\u00bb0&#8243; uncode_shortcode_id=\u00bb180101&#8243;][vc_column width=\u00bb1\/1&#8243;][vc_custom_heading text_color=\u00bbcolor-115985&#8243; heading_semantic=\u00bbdiv\u00bb text_size=\u00bbh1&#8243; uncode_shortcode_id=\u00bb218618&#8243; text_color_type=\u00bbuncode-palette\u00bb]<strong>Pol\u00edtica de privacidad<\/strong>[\/vc_custom_heading][\/vc_column][\/vc_row][vc_row row_height_percent=\u00bb0&#8243; overlay_alpha=\u00bb50&#8243; gutter_size=\u00bb3&#8243; column_width_percent=\u00bb100&#8243; shift_y=\u00bb0&#8243; z_index=\u00bb0&#8243; uncode_shortcode_id=\u00bb142234&#8243;][vc_column width=\u00bb1\/1&#8243;][vc_custom_heading heading_semantic=\u00bbdiv\u00bb text_size=\u00bbh3&#8243; uncode_shortcode_id=\u00bb434334&#8243;]<strong>Informaci\u00f3n b\u00e1sica<\/strong>[\/vc_custom_heading][vc_column_text uncode_shortcode_id=\u00bb172078&#8243;]<strong>Informaci\u00f3n B\u00e1sica sobre Protecci\u00f3n de Datos<\/strong><\/p>\n<table>\n<tbody>\n<tr>\n<td width=\"160\">Responsable<\/td>\n<td width=\"773\">DTI DONATION &amp; TRANSPLANTATION INSTITUTE, FUNDACI\u00d3N PRIVADA.<\/td>\n<\/tr>\n<tr>\n<td width=\"160\">Finalidad<\/td>\n<td width=\"773\">Facilitar el contacto para poder ofrecer una respuesta a sus consultas, dudas o solicitudes de informaci\u00f3n sobre los programas de formaci\u00f3n llevados a cabo, as\u00ed como la tramitaci\u00f3n y el env\u00edo de informaci\u00f3n que pueda ser de su inter\u00e9s.<\/td>\n<\/tr>\n<tr>\n<td width=\"160\">Legitimaci\u00f3n<\/td>\n<td width=\"773\">Consentimiento del usuario para el tratamiento de sus datos personales.<\/td>\n<\/tr>\n<tr>\n<td width=\"160\">Destinatarios<\/td>\n<td width=\"773\">No se ceder\u00e1n datos a terceros, salvo obligaci\u00f3n legal.<\/td>\n<\/tr>\n<tr>\n<td width=\"160\">Derechos<\/td>\n<td width=\"773\">Acceder, rectificar y suprimir datos, as\u00ed como otros derechos, tal y como se explica en la informaci\u00f3n adicional.<\/td>\n<\/tr>\n<tr>\n<td width=\"160\">Informaci\u00f3n adicional<\/td>\n<td width=\"773\">Podr\u00e1 encontrar m\u00e1s informaci\u00f3n sobre protecci\u00f3n de datos en la informaci\u00f3n adicional.<\/td>\n<\/tr>\n<\/tbody>\n<\/table>\n<p>[\/vc_column_text][\/vc_column][\/vc_row][vc_row][vc_column width=\u00bb1\/1&#8243;][vc_custom_heading heading_semantic=\u00bbdiv\u00bb text_size=\u00bbh3&#8243; uncode_shortcode_id=\u00bb313177&#8243;]<strong>Informaci\u00f3n adicional<\/strong>[\/vc_custom_heading][vc_column_text uncode_shortcode_id=\u00bb310015&#8243;]DTI Donation &amp; Transplantation Institute desea informarle de manera transparente, a trav\u00e9s de la presente Pol\u00edtica de Privacidad, sobre todos los tratamientos que realizamos con sus datos, las finalidades para las cuales los tratamos y los derechos que como usuario puede ejercer sobre sus datos personales, as\u00ed como el tiempo durante el cual conservaremos sus datos.<\/p>\n<p>Le informamos que al acceder a nuestro sitio web pasa a tener la condici\u00f3n de usuario. Como usuario, declara que dispone de la capacidad legal necesaria para comprender y aceptar en su integridad la Pol\u00edtica de Privacidad. La presente Pol\u00edtica de Privacidad debe leerse juntamente con nuestra Pol\u00edtica de Cookies.<\/p>\n<p>Gracias por visitar nuestro sitio web.<\/p>\n<p>Esperemos que disfrute conociendo los servicios que DTI Donation &amp; Transplantation Institute le ofrece.[\/vc_column_text][\/vc_column][\/vc_row][vc_row][vc_column width=\u00bb1\/1&#8243;][vc_column_text uncode_shortcode_id=\u00bb187775&#8243;]<\/p>\n<ol>\n<li><strong>\u00bfQUI\u00c9N ES EL RESPONSABLE DEL TRATAMIENTO DE SUS DATOS?<\/strong><\/li>\n<\/ol>\n<ul>\n<li><em>Identidad:<\/em>\u00a0DTI DONATION &amp; TRANSPLANTATION INSTITUTE, FUNDACI\u00d3N PRIVADA. (en adelante \u201cDTI\u201d), con CIF G-64862006 , es responsable del tratamiento de sus datos de car\u00e1cter personal que nos facilita.<\/li>\n<li><em>Direcci\u00f3n postal:\u00a0<\/em>Parc Cient\u00edfic de Barcelona, C\/Baldiri i Reixac, 4-8, Torre I, 8\u00aa planta, 08028, Barcelona.<\/li>\n<li><em>Tel\u00e9fono:<\/em>\u00a0+34 934020896<\/li>\n<li><em>Correo electr\u00f3nico:\u00a0<\/em><a href=\"mailto:infodti@dtifoundation.com\">infodti@dtifoundation.com<\/a>.<\/li>\n<li>CIF: G-64862006<\/li>\n<\/ul>\n<ol start=\"2\">\n<li><strong>\u00bfQU\u00c9 ES UN DATO Y UN TRATAMIENTO DE CAR\u00c1CTER PERSONAL?<\/strong><\/li>\n<\/ol>\n<p>Son aquellos datos que identifiquen o permitan identificar a una persona. Por ejemplo, los datos que pueden identificar directamente a una persona son el nombre y apellidos, mientras que el n\u00famero de D.N.I puede llegar a identificarla. Los datos de car\u00e1cter personal incluyen informaci\u00f3n como el tel\u00e9fono m\u00f3vil, la direcci\u00f3n de correo electr\u00f3nico, fecha de nacimiento y sexo entre otros. Tambi\u00e9n podr\u00eda incluirse los identificadores num\u00e9ricos como la direcci\u00f3n IP de su ordenador, as\u00ed como la informaci\u00f3n que se obtiene a trav\u00e9s de las cookies.<\/p>\n<p>Un tratamiento de car\u00e1cter personal es toda operaci\u00f3n o conjunto de operaciones que realizamos sobre sus datos personales, como, por ejemplo, la recogida, registro, conservaci\u00f3n, utilizaci\u00f3n y comunicaci\u00f3n de sus datos.<\/p>\n<ol start=\"3\">\n<li><strong>\u00bfQU\u00c9 TIPO DE INFORMACI\u00d3N RECOPILAMOS?<\/strong><\/li>\n<\/ol>\n<p>Para poder completar tanto el formulario de contacto disponible en el apartado de contacto del sitio web, como el formulario de solicitud de informaci\u00f3n disponible en el apartado de formaci\u00f3n, es necesario que cumplimente la siguiente informaci\u00f3n:<\/p>\n<ul>\n<li>Nombre<\/li>\n<li>Apellidos<\/li>\n<li>Direcci\u00f3n de correo electr\u00f3nico<\/li>\n<li>Tel\u00e9fono<\/li>\n<\/ul>\n<p>De manera voluntaria podemos recopilar otros datos personales que haya incluido en el formulario de contacto y en el formulario de solicitud de informaci\u00f3n que no sean obligatorios.<\/p>\n<p>Asimismo, podemos captar otros datos que nos facilite a trav\u00e9s del tel\u00e9fono y correo electr\u00f3nico de contacto.<\/p>\n<p>Para poder suscribirse a nuestra newsletter con el fin de recibir noticias, ofertas y promociones en nuestros programas de formaci\u00f3n, as\u00ed como otras comunicaciones, obtenemos su direcci\u00f3n de correo electr\u00f3nico.<\/p>\n<p>La captaci\u00f3n de los datos personales mencionados es necesaria para la correcta prestaci\u00f3n y ejecuci\u00f3n de nuestros servicios.<\/p>\n<p><strong>\u00a0<\/strong><\/p>\n<ol start=\"4\">\n<li><strong>\u00bfQU\u00c9 TRAMIENTOS REALIZAMOS CON SUS DATOS PERSONALES Y PARA QU\u00c9 FINALIDADES?<\/strong><\/li>\n<\/ol>\n<p>Queremos ser transparentes con usted e informarle sobre las operaciones que llevamos a cabo con sus datos y las finalidades para las cuales tratamos dichos datos.<\/p>\n<p>A continuaci\u00f3n, le exponemos todos los tratamientos u operaciones que llevamos a cabo con sus datos personales:<\/p>\n<ul>\n<li><strong>Tramitaci\u00f3n y env\u00edo de comunicaciones comerciales<\/strong><\/li>\n<\/ul>\n<p>DTI enviar\u00e1 al usuario, siempre que este haya dado su consentimiento, comunicaciones comerciales por correo electr\u00f3nico informando sobre noticias y ofertas especiales relacionadas con los cursos formativos y otras actividades que realiza la fundaci\u00f3n.<\/p>\n<p>Le informamos que en cualquier momento podr\u00e1 oponerse a recibir comunicaciones comerciales siguiendo las instrucciones en el pie del correo electr\u00f3nico enviado por DTI o enviando un email a infodti@dtifoundation.com.<\/p>\n<ul>\n<li><strong>Contacto y servicio de atenci\u00f3n al cliente<\/strong><\/li>\n<\/ul>\n<p>DTI proporcionar\u00e1 el servicio de atenci\u00f3n al cliente, atendiendo cualquier solicitud de informaci\u00f3n o consulta remitida a trav\u00e9s del formulario de contacto de la web corporativa, direcci\u00f3n de correo electr\u00f3nico o tel\u00e9fono de atenci\u00f3n al cliente.<\/p>\n<ul>\n<li><strong>Mantenimiento de listas de supresi\u00f3n actualizadas para evitar ser contactado si as\u00ed lo solicita el usuario<\/strong><\/li>\n<\/ul>\n<p>DTI mantendr\u00e1 la confirmaci\u00f3n de aquellos usuarios que hayan solicitado la supresi\u00f3n de sus datos en una lista de supresi\u00f3n, cuando los usuarios se hayan opuesto al env\u00edo de nuestras comunicaciones comerciales o hayan solicitado la cancelaci\u00f3n de sus datos.<\/p>\n<ol start=\"5\">\n<li><strong>\u00bfCU\u00c1L ES LA LEGITIMACI\u00d3N PARA EL TRATAMIENTO DE SUS DATOS?<\/strong><\/li>\n<\/ol>\n<p>La normativa de protecci\u00f3n de datos requiere que para el tratamiento de sus datos tengamos una base que legitime dicho tratamiento. As\u00ed, para tratar su informaci\u00f3n personal nos basamos en dos bases legales dependiendo de la actividad o tratamiento que llevemos a cabo de sus datos. Las bases legales para el tratamiento de sus datos personales son:<\/p>\n<ul>\n<li>Su consentimiento: Al completar el formulario suscribi\u00e9ndose a nuestra newsletter, as\u00ed como el formulario de contacto para poder realizar cualquier consulta o solicitud de informaci\u00f3n, aceptando nuestra pol\u00edtica de privacidad, consiente el tratamiento de sus datos por DTI necesario para llevar a cabo la correcta inscripci\u00f3n a nuestra newsletter y la atenci\u00f3n a sus consultas o solicitudes remitidas.<\/li>\n<li>Cumplimiento de una obligaci\u00f3n legal: DTI mantendr\u00e1 la confirmaci\u00f3n de aquellos usuarios que hayan solicitado la supresi\u00f3n de sus datos en una lista de supresi\u00f3n, en cumplimiento de la obligaci\u00f3n legal derivada del Reglamento (UE) 2016\/679 DEL Parlamento Europeo y del Consejo, de 27 de abril de 2016, relativo a la protecci\u00f3n de las personas f\u00edsicas en lo que respecta al tratamiento de datos personales y a la libre circulaci\u00f3n de estos datos y por el que se deroga la Directiva 95\/46\/CE.<\/li>\n<\/ul>\n<ol start=\"6\">\n<li><strong>\u00bfDURANTE CU\u00c1NTO TIEMPO CONSERVAMOS SUS DATOS?<\/strong><\/li>\n<\/ol>\n<p><strong>\u00a0<\/strong>Conservaremos sus datos mientras no solicite darse de baja de nuestra newsletter, y en todo caso durante los plazos previstos por la normativa aplicable respecto a la prescripci\u00f3n de responsabilidades.<\/p>\n<ol start=\"7\">\n<li><strong>\u00bfCU\u00c1LES SON SUS DERECHOS CUANDO NOS FACILITA SUS DATOS?<\/strong><\/li>\n<\/ol>\n<p>A continuaci\u00f3n, le facilitamos los derechos que como usuario del sitio web puede ejercitar:<\/p>\n<table>\n<tbody>\n<tr>\n<td width=\"151\"><strong>Derechos<\/strong><\/td>\n<td width=\"875\"><strong>\u00bfQu\u00e9 significa?<\/strong><\/td>\n<\/tr>\n<tr>\n<td width=\"151\">Derecho de acceso<\/td>\n<td width=\"875\">Tiene derecho a que DTI le confirme si est\u00e1 tratando o no tus datos personales, y en tal caso, derecho a conocer qu\u00e9 datos trata.<\/td>\n<\/tr>\n<tr>\n<td width=\"151\">Derecho de rectificaci\u00f3n<\/td>\n<td width=\"875\">Consiste en la posibilidad de que pueda modificar aquellos datos que sean inexactos o incompletos, debiendo en la solicitud de rectificaci\u00f3n indicar qu\u00e9 datos desea que se modifiquen.<\/td>\n<\/tr>\n<tr>\n<td width=\"151\">Derecho de oposici\u00f3n<\/td>\n<td width=\"875\">Puede oponerse en cualquier momento a que tratemos sus datos. Tiene derecho a oponerse en cualquier momento, por motivos relacionados con su situaci\u00f3n particular, a que datos personales que le conciernan sean objeto de un tratamiento basado en el inter\u00e9s leg\u00edtimo de la empresa. DTI dejar\u00e1 de tratar los datos personales, salvo que acreditemos motivos leg\u00edtimos imperiosos para el tratamiento que prevalezcan sobre sus intereses, derechos y libertades, o para la formulaci\u00f3n, el ejercicio o la defensa de reclamaciones.<\/td>\n<\/tr>\n<tr>\n<td width=\"151\">Derecho de supresi\u00f3n<\/td>\n<td width=\"875\">Este derecho permite la cancelaci\u00f3n de sus datos personales. Los datos se conservar\u00e1n bloqueados de manera que impida su tratamiento, sin perjuicio de su puesta a disposici\u00f3n de las administraciones p\u00fablicas, jueces y tribunales, para la atenci\u00f3n de posibles responsabilidades que hayan surgido del tratamiento durante su plazo de prescripci\u00f3n.<\/td>\n<\/tr>\n<tr>\n<td width=\"151\">Derecho a la portabilidad de los datos<\/td>\n<td width=\"875\">Tiene derecho a copiar y transferir datos desde nuestra base de datos a otro responsable del tratamiento. Solo es posible ejercer este derecho cuando el tratamiento est\u00e9 basado en la ejecuci\u00f3n de un contrato o en su consentimiento y el tratamiento se realice por medios automatizados.<\/td>\n<\/tr>\n<tr>\n<td width=\"151\">Derecho a la limitaci\u00f3n del tratamiento<\/td>\n<td width=\"875\">Este derecho le permite solicitarnos que suspendamos el tratamiento de sus datos cuando:&nbsp;<\/p>\n<p>\u00a7\u00a0 Impugne la exactitud de los datos, mientras DTI verifica dicha exactitud.<\/p>\n<p>\u00a7\u00a0 Haya ejercido su derecho de oposici\u00f3n al tratamiento de sus datos, mientras se verifica si los motivos leg\u00edtimos de DTI prevalecen sobre los suyos como interesado.<\/p>\n<p>Igualmente, este derecho le permite solicitar a DTI que conserve sus datos personales cuando:<\/p>\n<p>\u00a7\u00a0 El tratamiento de datos sea il\u00edcito y como interesado se oponga a la supresi\u00f3n de tus datos y solicite en su lugar una limitaci\u00f3n de su uso.<\/p>\n<p>\u00a7\u00a0 DTI ya no necesite sus datos personales para los fines del tratamiento, pero los necesite para la formulaci\u00f3n, ejercicio, o defensa de reclamaciones.<\/td>\n<\/tr>\n<tr>\n<td width=\"151\">\u00bfC\u00f3mo ejercitar estos derechos?<\/td>\n<td width=\"875\">Podr\u00e1 ejercer su derecho, mand\u00e1ndonos su petici\u00f3n a la siguiente direcci\u00f3n de correo electr\u00f3nico o bien por correo postal,\u00a0<a href=\"mailto:infodti@dtifoundation.com\">infodti@dtifoundation.com<\/a>\u00a0mediante solicitud escrita y firmada, acompa\u00f1ada de fotocopia de DNI o pasaporte, dirigida a la siguiente direcci\u00f3n: Parc Cient\u00edfic de Barcelona, C\/Baldiri i Reixac, 4-8, Torre I, 8\u00aa planta, 08028, Barcelona. \u2013 Ref. Protecci\u00f3n de datos.&nbsp;<\/p>\n<p>Asimismo, le informamos de que, cuando DTI no haya satisfecho correctamente el ejercicio de sus derechos, podr\u00e1 presentar una reclamaci\u00f3n ante la Agencia Espa\u00f1ola de Protecci\u00f3n de Datos (AEPD). Si quiere conocer m\u00e1s informaci\u00f3n sobre este derecho y como ejercerlo puede dirigirse a la AEPD:<\/p>\n<p><a href=\"http:\/\/www.agpd.es\/\">http:\/\/www.agpd.es<\/a><\/p>\n<p>Tel. 901 100 099 y 91.266.35.17<\/p>\n<p>C\/Jorge Juan,6 28001-Madrid<\/td>\n<\/tr>\n<\/tbody>\n<\/table>\n<ol start=\"8\">\n<li><strong>\u00bfA QUI\u00c9N COMUNICAMOS SUS DATOS PERSONALES?<\/strong><\/li>\n<\/ol>\n<p>DTI no revela la informaci\u00f3n personal que usted nos proporciona a trav\u00e9s de las v\u00edas descritas en el apartado cuarto, salvo que sea necesario para la prestaci\u00f3n del servicio.<\/p>\n<p>Igualmente, es posible que podamos comunicar sus datos personales, previo requerimiento legal o base que legitime la comunicaci\u00f3n a tribunales u organismos de la administraci\u00f3n p\u00fablica.<\/p>\n<ol start=\"9\">\n<li><strong>CAMBIOS EN LA PRESENTE POL\u00cdTICA DE PRIVACIDAD<\/strong><\/li>\n<\/ol>\n<p>La presente Pol\u00edtica de Privacidad podr\u00e1 variar con el tiempo debido a los posibles cambios de criterio seguidos por la autoridad de control competente en materia de protecci\u00f3n de datos en cada momento. DTI se reserva por tanto el derecho a modificar la presente Pol\u00edtica de Privacidad para poder adaptarla a dichos criterios, as\u00ed como a novedades jurisprudenciales o legislativas.<\/p>\n<p>\u00daltima versi\u00f3n:\u00a0 Mayo 2019.[\/vc_column_text][\/vc_column][\/vc_row]<\/p>\n<\/div>","protected":false},"excerpt":{"rendered":"<p>[vc_row row_height_percent=\u00bb0&#8243; override_padding=\u00bbyes\u00bb h_padding=\u00bb2&#8243; top_padding=\u00bb3&#8243; bottom_padding=\u00bb0&#8243; overlay_alpha=\u00bb50&#8243; gutter_size=\u00bb3&#8243; column_width_percent=\u00bb100&#8243; shift_y=\u00bb0&#8243; z_index=\u00bb0&#8243; uncode_shortcode_id=\u00bb180101&#8243;][vc_column width=\u00bb1\/1&#8243;][vc_custom_heading text_color=\u00bbcolor-115985&#8243; heading_semantic=\u00bbdiv\u00bb text_size=\u00bbh1&#8243; uncode_shortcode_id=\u00bb218618&#8243; text_color_type=\u00bbuncode-palette\u00bb]Pol\u00edtica de privacidad[\/vc_custom_heading][\/vc_column][\/vc_row][vc_row [&hellip;]<\/p>\n","protected":false},"author":1,"featured_media":0,"parent":0,"menu_order":0,"comment_status":"closed","ping_status":"closed","template":"","meta":{"_acf_changed":false,"footnotes":""},"class_list":["post-5879","page","type-page","status-publish","hentry"],"acf":[],"yoast_head":"<!-- This site is optimized with the Yoast SEO plugin v26.9 - https:\/\/yoast.com\/product\/yoast-seo-wordpress\/ -->\n<title>Pol\u00edtica de privacidad | DTI Foundation | Donation &amp; Transplantation Institute<\/title>\n<meta name=\"description\" content=\"Descubre toda la informaci\u00f3n sobre Pol\u00edtica de privacidad en nuestra web. En la Fundaci\u00f3n DTI trabajamos para brindar servicios y formaci\u00f3n en donaci\u00f3n de organos y transplantes en el mundo.\" \/>\n<meta name=\"robots\" content=\"index, follow, max-snippet:-1, max-image-preview:large, max-video-preview:-1\" \/>\n<link rel=\"canonical\" href=\"https:\/\/dtifoundation.com\/privacy-policy\/\" \/>\n<meta property=\"og:locale\" content=\"es_ES\" \/>\n<meta property=\"og:type\" content=\"article\" \/>\n<meta property=\"og:title\" content=\"Pol\u00edtica de privacidad | DTI Foundation | Donation &amp; Transplantation Institute\" \/>\n<meta property=\"og:description\" content=\"Descubre toda la informaci\u00f3n sobre Pol\u00edtica de privacidad en nuestra web. En la Fundaci\u00f3n DTI trabajamos para brindar servicios y formaci\u00f3n en donaci\u00f3n de organos y transplantes en el mundo.\" \/>\n<meta property=\"og:url\" content=\"https:\/\/dtifoundation.com\/privacy-policy\/\" \/>\n<meta property=\"og:site_name\" content=\"DTI Foundation | Donation &amp; Transplantation Institute\" \/>\n<meta property=\"article:modified_time\" content=\"2023-09-27T08:03:56+00:00\" \/>\n<meta name=\"twitter:card\" content=\"summary_large_image\" \/>\n<meta name=\"twitter:label1\" content=\"Tiempo de lectura\" \/>\n\t<meta name=\"twitter:data1\" content=\"10 minutos\" \/>\n<script type=\"application\/ld+json\" class=\"yoast-schema-graph\">{\"@context\":\"https:\/\/schema.org\",\"@graph\":[{\"@type\":[\"WebPage\",\"MedicalWebPage\"],\"@id\":\"https:\/\/dtifoundation.com\/privacy-policy\/\",\"url\":\"https:\/\/dtifoundation.com\/privacy-policy\/\",\"name\":\"Pol\u00edtica de privacidad | DTI Foundation | Donation &amp; Transplantation Institute\",\"isPartOf\":{\"@id\":\"https:\/\/dtifoundation.com\/#website\"},\"datePublished\":\"2023-03-23T09:36:52+00:00\",\"dateModified\":\"2023-09-27T08:03:56+00:00\",\"description\":\"Descubre toda la informaci\u00f3n sobre Pol\u00edtica de privacidad en nuestra web. En la Fundaci\u00f3n DTI trabajamos para brindar servicios y formaci\u00f3n en donaci\u00f3n de organos y transplantes en el mundo.\",\"breadcrumb\":{\"@id\":\"https:\/\/dtifoundation.com\/privacy-policy\/#breadcrumb\"},\"inLanguage\":\"es\",\"potentialAction\":[{\"@type\":\"ReadAction\",\"target\":[\"https:\/\/dtifoundation.com\/privacy-policy\/\"]}]},{\"@type\":\"BreadcrumbList\",\"@id\":\"https:\/\/dtifoundation.com\/privacy-policy\/#breadcrumb\",\"itemListElement\":[{\"@type\":\"ListItem\",\"position\":1,\"name\":\"Home\",\"item\":\"https:\/\/dtifoundation.com\/es\/\"},{\"@type\":\"ListItem\",\"position\":2,\"name\":\"Pol\u00edtica de privacidad\"}]},{\"@type\":\"WebSite\",\"@id\":\"https:\/\/dtifoundation.com\/#website\",\"url\":\"https:\/\/dtifoundation.com\/\",\"name\":\"TPM - DTI Foundation\",\"description\":\"\",\"potentialAction\":[{\"@type\":\"SearchAction\",\"target\":{\"@type\":\"EntryPoint\",\"urlTemplate\":\"https:\/\/dtifoundation.com\/?s={search_term_string}\"},\"query-input\":{\"@type\":\"PropertyValueSpecification\",\"valueRequired\":true,\"valueName\":\"search_term_string\"}}],\"inLanguage\":\"es\"}]}<\/script>\n<!-- \/ Yoast SEO plugin. -->","yoast_head_json":{"title":"Pol\u00edtica de privacidad | DTI Foundation | Donation &amp; Transplantation Institute","description":"Descubre toda la informaci\u00f3n sobre Pol\u00edtica de privacidad en nuestra web. En la Fundaci\u00f3n DTI trabajamos para brindar servicios y formaci\u00f3n en donaci\u00f3n de organos y transplantes en el mundo.","robots":{"index":"index","follow":"follow","max-snippet":"max-snippet:-1","max-image-preview":"max-image-preview:large","max-video-preview":"max-video-preview:-1"},"canonical":"https:\/\/dtifoundation.com\/privacy-policy\/","og_locale":"es_ES","og_type":"article","og_title":"Pol\u00edtica de privacidad | DTI Foundation | Donation &amp; Transplantation Institute","og_description":"Descubre toda la informaci\u00f3n sobre Pol\u00edtica de privacidad en nuestra web. En la Fundaci\u00f3n DTI trabajamos para brindar servicios y formaci\u00f3n en donaci\u00f3n de organos y transplantes en el mundo.","og_url":"https:\/\/dtifoundation.com\/privacy-policy\/","og_site_name":"DTI Foundation | Donation &amp; Transplantation Institute","article_modified_time":"2023-09-27T08:03:56+00:00","twitter_card":"summary_large_image","twitter_misc":{"Tiempo de lectura":"10 minutos"},"schema":{"@context":"https:\/\/schema.org","@graph":[{"@type":["WebPage","MedicalWebPage"],"@id":"https:\/\/dtifoundation.com\/privacy-policy\/","url":"https:\/\/dtifoundation.com\/privacy-policy\/","name":"Pol\u00edtica de privacidad | DTI Foundation | Donation &amp; Transplantation Institute","isPartOf":{"@id":"https:\/\/dtifoundation.com\/#website"},"datePublished":"2023-03-23T09:36:52+00:00","dateModified":"2023-09-27T08:03:56+00:00","description":"Descubre toda la informaci\u00f3n sobre Pol\u00edtica de privacidad en nuestra web. En la Fundaci\u00f3n DTI trabajamos para brindar servicios y formaci\u00f3n en donaci\u00f3n de organos y transplantes en el mundo.","breadcrumb":{"@id":"https:\/\/dtifoundation.com\/privacy-policy\/#breadcrumb"},"inLanguage":"es","potentialAction":[{"@type":"ReadAction","target":["https:\/\/dtifoundation.com\/privacy-policy\/"]}]},{"@type":"BreadcrumbList","@id":"https:\/\/dtifoundation.com\/privacy-policy\/#breadcrumb","itemListElement":[{"@type":"ListItem","position":1,"name":"Home","item":"https:\/\/dtifoundation.com\/es\/"},{"@type":"ListItem","position":2,"name":"Pol\u00edtica de privacidad"}]},{"@type":"WebSite","@id":"https:\/\/dtifoundation.com\/#website","url":"https:\/\/dtifoundation.com\/","name":"TPM - DTI Foundation","description":"","potentialAction":[{"@type":"SearchAction","target":{"@type":"EntryPoint","urlTemplate":"https:\/\/dtifoundation.com\/?s={search_term_string}"},"query-input":{"@type":"PropertyValueSpecification","valueRequired":true,"valueName":"search_term_string"}}],"inLanguage":"es"}]}},"_links":{"self":[{"href":"https:\/\/dtifoundation.com\/es\/wp-json\/wp\/v2\/pages\/5879","targetHints":{"allow":["GET"]}}],"collection":[{"href":"https:\/\/dtifoundation.com\/es\/wp-json\/wp\/v2\/pages"}],"about":[{"href":"https:\/\/dtifoundation.com\/es\/wp-json\/wp\/v2\/types\/page"}],"author":[{"embeddable":true,"href":"https:\/\/dtifoundation.com\/es\/wp-json\/wp\/v2\/users\/1"}],"replies":[{"embeddable":true,"href":"https:\/\/dtifoundation.com\/es\/wp-json\/wp\/v2\/comments?post=5879"}],"version-history":[{"count":0,"href":"https:\/\/dtifoundation.com\/es\/wp-json\/wp\/v2\/pages\/5879\/revisions"}],"wp:attachment":[{"href":"https:\/\/dtifoundation.com\/es\/wp-json\/wp\/v2\/media?parent=5879"}],"curies":[{"name":"wp","href":"https:\/\/api.w.org\/{rel}","templated":true}]}}