{"id":5670,"date":"2023-03-02T16:03:23","date_gmt":"2023-03-02T16:03:23","guid":{"rendered":"https:\/\/dti.developallin.com\/dispositivos-medicos\/"},"modified":"2026-04-15T10:22:42","modified_gmt":"2026-04-15T10:22:42","slug":"dispositivos-medicos","status":"publish","type":"page","link":"https:\/\/dtifoundation.com\/es\/investigacion-y-desarrollo\/dispositivos-medicos\/","title":{"rendered":"Organ Medicine"},"content":{"rendered":"<div class=\"wpb-content-wrapper\"><p>[vc_row row_height_percent=\u00bb0&#8243; override_padding=\u00bbyes\u00bb h_padding=\u00bb2&#8243; top_padding=\u00bb3&#8243; bottom_padding=\u00bb3&#8243; overlay_alpha=\u00bb50&#8243; gutter_size=\u00bb3&#8243; column_width_percent=\u00bb100&#8243; shift_y=\u00bb0&#8243; z_index=\u00bb0&#8243; uncode_shortcode_id=\u00bb104758&#8243;][vc_column width=\u00bb2\/3&#8243;][vc_custom_heading text_color=\u00bbcolor-red-tpm-dti\u00bb heading_semantic=\u00bbdiv\u00bb text_size=\u00bbh5&#8243; text_weight=\u00bb600&#8243; uncode_shortcode_id=\u00bb101989&#8243; text_color_type=\u00bbuncode-palette\u00bb]Research Development[\/vc_custom_heading][vc_custom_heading text_color=\u00bbcolor-jevc\u00bb text_transform=\u00bbuppercase\u00bb uncode_shortcode_id=\u00bb147174&#8243; text_color_type=\u00bbuncode-palette\u00bb]Organ Medicine[\/vc_custom_heading][vc_column_text uncode_shortcode_id=\u00bb187195&#8243;]<\/p>\n<p style=\"text-align: justify;\">Con m\u00e1s de 30 a\u00f1os de experiencia en programas educativos y actividades de cooperaci\u00f3n internacional a nivel mundial, la Fundaci\u00f3n DTI es un actor clave capaz de asesorar y colaborar en el desarrollo, validaci\u00f3n e implementaci\u00f3n de soluciones o programas innovadores en el campo de la donaci\u00f3n y trasplante de \u00f3rganos.<\/p>\n<p style=\"text-align: justify;\">Colaboramos con diferentes tipos de instituciones como universidades, hospitales, empresas biotecnol\u00f3gicas y farmac\u00e9uticas, centros tecnol\u00f3gicos y otras fundaciones biom\u00e9dicas, en el desarrollo de proyectos tanto locales como internacionales.<\/p>\n<p style=\"text-align: justify;\">Para ello, impulsamos y coordinamos proyectos relacionados con:<\/p>\n<ul style=\"text-align: justify;\">\n<li>Dispositivos de preservaci\u00f3n y transporte de \u00f3rganos<\/li>\n<li>Dispositivos de perfusi\u00f3n de m\u00e1quinas ex situ<\/li>\n<li>Soluciones de preservaci\u00f3n de \u00f3rganos<\/li>\n<li>Software relacionado con la donaci\u00f3n y el trasplante de \u00f3rganos<\/li>\n<li>Soluciones innovadoras de tecnolog\u00eda m\u00e9dica<\/li>\n<\/ul>\n<p style=\"text-align: justify;\">Tenemos experiencia en la promoci\u00f3n de proyectos de perfusi\u00f3n de \u00f3rganos ex situ. Actualmente, este tipo de soluciones innovadoras est\u00e1 generando un inter\u00e9s creciente en regiones donde DTI tiene una fuerte presencia, como Asia y Medio Oriente.<\/p>\n<p>[\/vc_column_text][vc_tabs align=\u00bbleft\u00bb el_id=\u00bbtabs-rd\u00bb][vc_tab gutter_size=\u00bb2&#8243; column_padding=\u00bb2&#8243; title=\u00bbNuestros valores\u00bb tab_id=\u00bb1683706229-1-6&#8243;][uncode_list icon=\u00bbfa fa-chevron-right\u00bb icon_color=\u00bbcolor-red-tpm-dti\u00bb uncode_shortcode_id=\u00bb168568&#8243; icon_color_type=\u00bbuncode-palette\u00bb]<\/p>\n<ul>\n<li>Contacto directo con hospitales<\/li>\n<li>Redes internacionales<\/li>\n<li>Coordinaci\u00f3n de proyectos de recaudaci\u00f3n de fondos p\u00fablicos.<\/li>\n<\/ul>\n<p>[\/uncode_list][\/vc_tab][vc_tab gutter_size=\u00bb2&#8243; column_padding=\u00bb2&#8243; title=\u00bbPor qu\u00e9 DTI\u00bb tab_id=\u00bb1683706229-2-95&#8243;][vc_column_text uncode_shortcode_id=\u00bb178124&#8243;]DTI puede brindar apoyo a diferentes niveles, dependiendo de la madurez y las necesidades espec\u00edficas del proyecto. Proporcionamos:[\/vc_column_text][uncode_list icon=\u00bbfa fa-chevron-right\u00bb icon_color=\u00bbcolor-red-tpm-dti\u00bb uncode_shortcode_id=\u00bb840378&#8243; icon_color_type=\u00bbuncode-palette\u00bb]<\/p>\n<ul>\n<li><span style=\"font-weight: 400;\">Constituci\u00f3n del Consejo Cient\u00edfico Asesor y nombramiento de expertos internacionales<\/span><\/li>\n<li><span style=\"font-weight: 400;\">Gesti\u00f3n de la validaci\u00f3n t\u00e9cnica precl\u00ednica de productos sanitarios\u00a0<\/span><\/li>\n<li><span style=\"font-weight: 400;\">Apoyo en estudios cl\u00ednicos<\/span><\/li>\n<li><span style=\"font-weight: 400;\">Programas internacionales de formaci\u00f3n en perfusi\u00f3n mec\u00e1nica de \u00f3rganos<\/span><\/li>\n<li><span style=\"font-weight: 400;\">Actividades de sensibilizaci\u00f3n sobre las t\u00e9cnicas de perfusi\u00f3n ex situ de \u00f3rganos en todo el mundo<\/span><\/li>\n<\/ul>\n<p>[\/uncode_list][vc_column_text uncode_shortcode_id=\u00bb130820&#8243;]Nuestro trabajo abarca diversas <strong>\u00e1reas clave<\/strong>, con un enfoque centrado en la mejora continua, el conocimiento aplicado y el impacto real en nuestro \u00e1mbito de actuaci\u00f3n.[\/vc_column_text][uncode_list icon=\u00bbfa fa-chevron-right\u00bb icon_color=\u00bbcolor-red-tpm-dti\u00bb uncode_shortcode_id=\u00bb431496&#8243; icon_color_type=\u00bbuncode-palette\u00bb]<\/p>\n<ul>\n<li><span style=\"font-weight: 400;\">Comit\u00e9s asesores con expertos internacionales<\/span><\/li>\n<li><span style=\"font-weight: 400;\">Asesoramiento a hospitales y departamentos m\u00e9dicos<\/span><\/li>\n<li>Coordinaci\u00f3n de ensayos cl\u00ednicos<\/li>\n<li>Validaci\u00f3n de dispositivos m\u00e9dicos<\/li>\n<li>Lanzamiento al mercado de productos<\/li>\n<\/ul>\n<p>[\/uncode_list][\/vc_tab][vc_tab gutter_size=\u00bb2&#8243; column_padding=\u00bb2&#8243; title=\u00bbCircuito de trabajo\u00bb tab_id=\u00bb1683821554947-3-0&#8243;][uncode_list uncode_shortcode_id=\u00bb710745&#8243;][\/uncode_list][vc_single_image media=\u00bb10379&#8243; media_width_percent=\u00bb90&#8243; uncode_shortcode_id=\u00bb726973&#8243;][\/vc_tab][\/vc_tabs][\/vc_column][vc_column column_width_percent=\u00bb100&#8243; gutter_size=\u00bb3&#8243; overlay_alpha=\u00bb50&#8243; shift_x=\u00bb0&#8243; shift_y=\u00bb0&#8243; shift_y_down=\u00bb0&#8243; z_index=\u00bb0&#8243; medium_width=\u00bb0&#8243; mobile_width=\u00bb0&#8243; sticky=\u00bbyes\u00bb width=\u00bb1\/3&#8243; uncode_shortcode_id=\u00bb126289&#8243;][vc_raw_html]Jm5ic3A7DQo8ZGl2IGNsYXNzPSJzaWRlYmFyLW5lZWQtaGVscC1jb250YWluZXIiPg0KPGRpdiBjbGFzcz0iaDQiPjwvZGl2Pg0KPGltZyBzcmM9Ii93cC1jb250ZW50L3VwbG9hZHMvMjAyMy8wMy9QQ0IuanBnIiBhbHQ9IlBhcmMgQ2llbnTDrWZpYyBkZSBCYXJjZWxvbmEiIC8+DQo8ZGl2IGNsYXNzPSJzaWRlYmFyLW5lZWQtaGVscCI+DQo8ZGl2IGNsYXNzPSJzaWRlYmFyLW5lZWQtaGVscC1saW5lIj4NCg0KPGltZyBzcmM9Ii93cC1jb250ZW50L3RoZW1lcy91bmNvZGUtY2hpbGQvYXNzZXRzL2ltYWdlcy9pY29uLnBuZyIgYWx0PSIiIHdpZHRoPSIzMCIgaGVpZ2h0PSIzMCIgLz4NCjxkaXY+DQoNCk1vbmRheSAtIEZyaWRheQ0KDQo8Yj4wOTowMCBBTSAtIDA1OjAwIFBNPC9iPg0KDQo8L2Rpdj4NCjwvZGl2Pg0KPGRpdiBjbGFzcz0ic2lkZWJhci1uZWVkLWhlbHAtbGluZSI+DQoNCjxpbWcgc3JjPSIvd3AtY29udGVudC90aGVtZXMvdW5jb2RlLWNoaWxkL2Fzc2V0cy9pbWFnZXMvaWNvbi0xLnBuZyIgYWx0PSIiIHdpZHRoPSIzMCIgaGVpZ2h0PSIzMCIgLz4NCjxkaXY+DQoNCkNvbnRhY3QgdXMNCg0KPGI+KzM0IDkzNCAwMjAgODk2PC9iPg0KDQo8L2Rpdj4NCjwvZGl2Pg0KPGRpdiBjbGFzcz0ic2lkZWJhci1uZWVkLWhlbHAtbGluZSI+DQoNCjxpbWcgc3JjPSIvd3AtY29udGVudC90aGVtZXMvdW5jb2RlLWNoaWxkL2Fzc2V0cy9pbWFnZXMvaWNvbi0xLnBuZyIgYWx0PSIiIHdpZHRoPSIzMCIgaGVpZ2h0PSIzMCIgLz4NCjxkaXY+DQoNClBhcmMgQ2llbnTDrWZpYyBkZSBCYXJjZWxvbmENCg0KPGI+Qy9CYWxkaXJpIFJlaXhhYywgNC04IFRvcnJlIEkuIFBsYW50YSA4LCAwODAyOCBCYXJjZWxvbmEsIFNwYWluPC9iPg0KDQo8L2Rpdj4NCjwvZGl2Pg0KPC9kaXY+DQo8L2Rpdj4=[\/vc_raw_html][\/vc_column][\/vc_row][vc_row row_height_percent=\u00bb0&#8243; override_padding=\u00bbyes\u00bb h_padding=\u00bb2&#8243; top_padding=\u00bb3&#8243; bottom_padding=\u00bb3&#8243; back_color=\u00bbcolor-lxmt\u00bb overlay_alpha=\u00bb50&#8243; gutter_size=\u00bb3&#8243; column_width_percent=\u00bb100&#8243; shift_y=\u00bb0&#8243; z_index=\u00bb0&#8243; uncode_shortcode_id=\u00bb162001&#8243; back_color_type=\u00bbuncode-palette\u00bb][vc_column column_width_percent=\u00bb100&#8243; align_horizontal=\u00bbalign_center\u00bb gutter_size=\u00bb3&#8243; overlay_alpha=\u00bb50&#8243; shift_x=\u00bb0&#8243; shift_y=\u00bb0&#8243; shift_y_down=\u00bb0&#8243; z_index=\u00bb0&#8243; medium_width=\u00bb0&#8243; mobile_width=\u00bb0&#8243; width=\u00bb1\/1&#8243; uncode_shortcode_id=\u00bb879541&#8243;][vc_custom_heading heading_semantic=\u00bbdiv\u00bb text_weight=\u00bb600&#8243; uncode_shortcode_id=\u00bb820346&#8243;]Cont\u00e1ctanos para m\u00e1s informaci\u00f3n sobre este servicio[\/vc_custom_heading][vc_raw_html]PGlmcmFtZSBmcmFtZWJvcmRlcj0iMCIgc3R5bGU9ImhlaWdodDo4MDBweDt3aWR0aDo5OSU7Ym9yZGVyOm5vbmU7IiBzcmM9J2h0dHBzOi8vZm9ybXMuem9ob3B1YmxpYy5jb20vZHRpZm91bmRhdGlvbi9mb3JtL0RUSUZvdW5kYXRpb25NZWRpY2FsZGV2aWNlcy9mb3JtcGVybWEvQ2pZNGstWDl5cG1IZnFsM3psYnlhRUhmMFFQeWtXTU1tY3g4RUZ4NFlEUT96Zl9sYW5nPWVzJz48L2lmcmFtZT4=[\/vc_raw_html][\/vc_column][\/vc_row]<\/p>\n<\/div>","protected":false},"excerpt":{"rendered":"<p>[vc_row row_height_percent=\u00bb0&#8243; override_padding=\u00bbyes\u00bb h_padding=\u00bb2&#8243; top_padding=\u00bb3&#8243; bottom_padding=\u00bb3&#8243; overlay_alpha=\u00bb50&#8243; gutter_size=\u00bb3&#8243; column_width_percent=\u00bb100&#8243; shift_y=\u00bb0&#8243; z_index=\u00bb0&#8243; uncode_shortcode_id=\u00bb104758&#8243;][vc_column width=\u00bb2\/3&#8243;][vc_custom_heading text_color=\u00bbcolor-red-tpm-dti\u00bb heading_semantic=\u00bbdiv\u00bb text_size=\u00bbh5&#8243; text_weight=\u00bb600&#8243; uncode_shortcode_id=\u00bb101989&#8243; text_color_type=\u00bbuncode-palette\u00bb]Research Development[\/vc_custom_heading][vc_custom_heading [&hellip;]<\/p>\n","protected":false},"author":1,"featured_media":9290,"parent":17303,"menu_order":0,"comment_status":"closed","ping_status":"closed","template":"","meta":{"_acf_changed":false,"footnotes":""},"class_list":["post-5670","page","type-page","status-publish","has-post-thumbnail","hentry"],"acf":[],"yoast_head":"<!-- This site is optimized with the Yoast SEO plugin v26.9 - https:\/\/yoast.com\/product\/yoast-seo-wordpress\/ -->\n<title>Organ Medicine | DTI Foundation | Donation &amp; Transplantation Institute<\/title>\n<meta name=\"description\" content=\"Descubre toda la informaci\u00f3n sobre Organ Medicine en nuestra web. En la Fundaci\u00f3n DTI trabajamos para brindar servicios y formaci\u00f3n en donaci\u00f3n de organos y transplantes en el mundo.\" \/>\n<meta name=\"robots\" content=\"index, follow, max-snippet:-1, max-image-preview:large, max-video-preview:-1\" \/>\n<link rel=\"canonical\" href=\"https:\/\/dtifoundation.com\/es\/investigacion-y-desarrollo\/dispositivos-medicos\/\" \/>\n<meta property=\"og:locale\" content=\"es_ES\" \/>\n<meta property=\"og:type\" content=\"article\" \/>\n<meta property=\"og:title\" content=\"Organ Medicine | DTI Foundation | Donation &amp; Transplantation Institute\" \/>\n<meta property=\"og:description\" content=\"Descubre toda la informaci\u00f3n sobre Organ Medicine en nuestra web. En la Fundaci\u00f3n DTI trabajamos para brindar servicios y formaci\u00f3n en donaci\u00f3n de organos y transplantes en el mundo.\" \/>\n<meta property=\"og:url\" content=\"https:\/\/dtifoundation.com\/es\/investigacion-y-desarrollo\/dispositivos-medicos\/\" \/>\n<meta property=\"og:site_name\" content=\"DTI Foundation | Donation &amp; Transplantation Institute\" \/>\n<meta property=\"article:modified_time\" content=\"2026-04-15T10:22:42+00:00\" \/>\n<meta property=\"og:image\" content=\"https:\/\/dtifoundation.com\/wp-content\/uploads\/2023\/04\/doctor-s-hands-placing-medical-material-for-laparo-2022-03-15-18-43-46-utc.jpg\" \/>\n\t<meta property=\"og:image:width\" content=\"2500\" \/>\n\t<meta property=\"og:image:height\" content=\"1576\" \/>\n\t<meta property=\"og:image:type\" content=\"image\/jpeg\" \/>\n<meta name=\"twitter:card\" content=\"summary_large_image\" \/>\n<meta name=\"twitter:label1\" content=\"Tiempo de lectura\" \/>\n\t<meta name=\"twitter:data1\" content=\"4 minutos\" \/>\n<script type=\"application\/ld+json\" class=\"yoast-schema-graph\">{\"@context\":\"https:\/\/schema.org\",\"@graph\":[{\"@type\":[\"WebPage\",\"MedicalWebPage\"],\"@id\":\"https:\/\/dtifoundation.com\/es\/investigacion-y-desarrollo\/dispositivos-medicos\/\",\"url\":\"https:\/\/dtifoundation.com\/es\/investigacion-y-desarrollo\/dispositivos-medicos\/\",\"name\":\"Organ Medicine | DTI Foundation | Donation &amp; Transplantation Institute\",\"isPartOf\":{\"@id\":\"https:\/\/dtifoundation.com\/#website\"},\"primaryImageOfPage\":{\"@id\":\"https:\/\/dtifoundation.com\/es\/investigacion-y-desarrollo\/dispositivos-medicos\/#primaryimage\"},\"image\":{\"@id\":\"https:\/\/dtifoundation.com\/es\/investigacion-y-desarrollo\/dispositivos-medicos\/#primaryimage\"},\"thumbnailUrl\":\"https:\/\/dtifoundation.com\/wp-content\/uploads\/2023\/04\/doctor-s-hands-placing-medical-material-for-laparo-2022-03-15-18-43-46-utc.jpg\",\"datePublished\":\"2023-03-02T16:03:23+00:00\",\"dateModified\":\"2026-04-15T10:22:42+00:00\",\"description\":\"Descubre toda la informaci\u00f3n sobre Organ Medicine en nuestra web. En la Fundaci\u00f3n DTI trabajamos para brindar servicios y formaci\u00f3n en donaci\u00f3n de organos y transplantes en el mundo.\",\"breadcrumb\":{\"@id\":\"https:\/\/dtifoundation.com\/es\/investigacion-y-desarrollo\/dispositivos-medicos\/#breadcrumb\"},\"inLanguage\":\"es\",\"potentialAction\":[{\"@type\":\"ReadAction\",\"target\":[\"https:\/\/dtifoundation.com\/es\/investigacion-y-desarrollo\/dispositivos-medicos\/\"]}]},{\"@type\":\"ImageObject\",\"inLanguage\":\"es\",\"@id\":\"https:\/\/dtifoundation.com\/es\/investigacion-y-desarrollo\/dispositivos-medicos\/#primaryimage\",\"url\":\"https:\/\/dtifoundation.com\/wp-content\/uploads\/2023\/04\/doctor-s-hands-placing-medical-material-for-laparo-2022-03-15-18-43-46-utc.jpg\",\"contentUrl\":\"https:\/\/dtifoundation.com\/wp-content\/uploads\/2023\/04\/doctor-s-hands-placing-medical-material-for-laparo-2022-03-15-18-43-46-utc.jpg\",\"width\":2500,\"height\":1576},{\"@type\":\"BreadcrumbList\",\"@id\":\"https:\/\/dtifoundation.com\/es\/investigacion-y-desarrollo\/dispositivos-medicos\/#breadcrumb\",\"itemListElement\":[{\"@type\":\"ListItem\",\"position\":1,\"name\":\"Home\",\"item\":\"https:\/\/dtifoundation.com\/es\/\"},{\"@type\":\"ListItem\",\"position\":2,\"name\":\"Investigaci\u00f3n y desarrollo\",\"item\":\"https:\/\/dtifoundation.com\/es\/investigacion-y-desarrollo\/\"},{\"@type\":\"ListItem\",\"position\":3,\"name\":\"Organ Medicine\"}]},{\"@type\":\"WebSite\",\"@id\":\"https:\/\/dtifoundation.com\/#website\",\"url\":\"https:\/\/dtifoundation.com\/\",\"name\":\"TPM - DTI Foundation\",\"description\":\"\",\"potentialAction\":[{\"@type\":\"SearchAction\",\"target\":{\"@type\":\"EntryPoint\",\"urlTemplate\":\"https:\/\/dtifoundation.com\/?s={search_term_string}\"},\"query-input\":{\"@type\":\"PropertyValueSpecification\",\"valueRequired\":true,\"valueName\":\"search_term_string\"}}],\"inLanguage\":\"es\"}]}<\/script>\n<!-- \/ Yoast SEO plugin. -->","yoast_head_json":{"title":"Organ Medicine | DTI Foundation | Donation &amp; Transplantation Institute","description":"Descubre toda la informaci\u00f3n sobre Organ Medicine en nuestra web. En la Fundaci\u00f3n DTI trabajamos para brindar servicios y formaci\u00f3n en donaci\u00f3n de organos y transplantes en el mundo.","robots":{"index":"index","follow":"follow","max-snippet":"max-snippet:-1","max-image-preview":"max-image-preview:large","max-video-preview":"max-video-preview:-1"},"canonical":"https:\/\/dtifoundation.com\/es\/investigacion-y-desarrollo\/dispositivos-medicos\/","og_locale":"es_ES","og_type":"article","og_title":"Organ Medicine | DTI Foundation | Donation &amp; Transplantation Institute","og_description":"Descubre toda la informaci\u00f3n sobre Organ Medicine en nuestra web. En la Fundaci\u00f3n DTI trabajamos para brindar servicios y formaci\u00f3n en donaci\u00f3n de organos y transplantes en el mundo.","og_url":"https:\/\/dtifoundation.com\/es\/investigacion-y-desarrollo\/dispositivos-medicos\/","og_site_name":"DTI Foundation | Donation &amp; Transplantation Institute","article_modified_time":"2026-04-15T10:22:42+00:00","og_image":[{"width":2500,"height":1576,"url":"https:\/\/dtifoundation.com\/wp-content\/uploads\/2023\/04\/doctor-s-hands-placing-medical-material-for-laparo-2022-03-15-18-43-46-utc.jpg","type":"image\/jpeg"}],"twitter_card":"summary_large_image","twitter_misc":{"Tiempo de lectura":"4 minutos"},"schema":{"@context":"https:\/\/schema.org","@graph":[{"@type":["WebPage","MedicalWebPage"],"@id":"https:\/\/dtifoundation.com\/es\/investigacion-y-desarrollo\/dispositivos-medicos\/","url":"https:\/\/dtifoundation.com\/es\/investigacion-y-desarrollo\/dispositivos-medicos\/","name":"Organ Medicine | DTI Foundation | Donation &amp; Transplantation Institute","isPartOf":{"@id":"https:\/\/dtifoundation.com\/#website"},"primaryImageOfPage":{"@id":"https:\/\/dtifoundation.com\/es\/investigacion-y-desarrollo\/dispositivos-medicos\/#primaryimage"},"image":{"@id":"https:\/\/dtifoundation.com\/es\/investigacion-y-desarrollo\/dispositivos-medicos\/#primaryimage"},"thumbnailUrl":"https:\/\/dtifoundation.com\/wp-content\/uploads\/2023\/04\/doctor-s-hands-placing-medical-material-for-laparo-2022-03-15-18-43-46-utc.jpg","datePublished":"2023-03-02T16:03:23+00:00","dateModified":"2026-04-15T10:22:42+00:00","description":"Descubre toda la informaci\u00f3n sobre Organ Medicine en nuestra web. En la Fundaci\u00f3n DTI trabajamos para brindar servicios y formaci\u00f3n en donaci\u00f3n de organos y transplantes en el mundo.","breadcrumb":{"@id":"https:\/\/dtifoundation.com\/es\/investigacion-y-desarrollo\/dispositivos-medicos\/#breadcrumb"},"inLanguage":"es","potentialAction":[{"@type":"ReadAction","target":["https:\/\/dtifoundation.com\/es\/investigacion-y-desarrollo\/dispositivos-medicos\/"]}]},{"@type":"ImageObject","inLanguage":"es","@id":"https:\/\/dtifoundation.com\/es\/investigacion-y-desarrollo\/dispositivos-medicos\/#primaryimage","url":"https:\/\/dtifoundation.com\/wp-content\/uploads\/2023\/04\/doctor-s-hands-placing-medical-material-for-laparo-2022-03-15-18-43-46-utc.jpg","contentUrl":"https:\/\/dtifoundation.com\/wp-content\/uploads\/2023\/04\/doctor-s-hands-placing-medical-material-for-laparo-2022-03-15-18-43-46-utc.jpg","width":2500,"height":1576},{"@type":"BreadcrumbList","@id":"https:\/\/dtifoundation.com\/es\/investigacion-y-desarrollo\/dispositivos-medicos\/#breadcrumb","itemListElement":[{"@type":"ListItem","position":1,"name":"Home","item":"https:\/\/dtifoundation.com\/es\/"},{"@type":"ListItem","position":2,"name":"Investigaci\u00f3n y desarrollo","item":"https:\/\/dtifoundation.com\/es\/investigacion-y-desarrollo\/"},{"@type":"ListItem","position":3,"name":"Organ Medicine"}]},{"@type":"WebSite","@id":"https:\/\/dtifoundation.com\/#website","url":"https:\/\/dtifoundation.com\/","name":"TPM - DTI Foundation","description":"","potentialAction":[{"@type":"SearchAction","target":{"@type":"EntryPoint","urlTemplate":"https:\/\/dtifoundation.com\/?s={search_term_string}"},"query-input":{"@type":"PropertyValueSpecification","valueRequired":true,"valueName":"search_term_string"}}],"inLanguage":"es"}]}},"_links":{"self":[{"href":"https:\/\/dtifoundation.com\/es\/wp-json\/wp\/v2\/pages\/5670","targetHints":{"allow":["GET"]}}],"collection":[{"href":"https:\/\/dtifoundation.com\/es\/wp-json\/wp\/v2\/pages"}],"about":[{"href":"https:\/\/dtifoundation.com\/es\/wp-json\/wp\/v2\/types\/page"}],"author":[{"embeddable":true,"href":"https:\/\/dtifoundation.com\/es\/wp-json\/wp\/v2\/users\/1"}],"replies":[{"embeddable":true,"href":"https:\/\/dtifoundation.com\/es\/wp-json\/wp\/v2\/comments?post=5670"}],"version-history":[{"count":10,"href":"https:\/\/dtifoundation.com\/es\/wp-json\/wp\/v2\/pages\/5670\/revisions"}],"predecessor-version":[{"id":18233,"href":"https:\/\/dtifoundation.com\/es\/wp-json\/wp\/v2\/pages\/5670\/revisions\/18233"}],"up":[{"embeddable":true,"href":"https:\/\/dtifoundation.com\/es\/wp-json\/wp\/v2\/pages\/17303"}],"wp:featuredmedia":[{"embeddable":true,"href":"https:\/\/dtifoundation.com\/es\/wp-json\/wp\/v2\/media\/9290"}],"wp:attachment":[{"href":"https:\/\/dtifoundation.com\/es\/wp-json\/wp\/v2\/media?parent=5670"}],"curies":[{"name":"wp","href":"https:\/\/api.w.org\/{rel}","templated":true}]}}