{"id":5548,"date":"2023-03-14T15:54:48","date_gmt":"2023-03-14T15:54:48","guid":{"rendered":"http:\/\/dti.developallin.com\/odds\/"},"modified":"2023-04-26T07:50:00","modified_gmt":"2023-04-26T07:50:00","slug":"odds","status":"publish","type":"page","link":"https:\/\/dtifoundation.com\/es\/odds\/","title":{"rendered":"ODDS"},"content":{"rendered":"<div class=\"wpb-content-wrapper\"><p>[vc_row row_height_percent=\u00bb0&#8243; override_padding=\u00bbyes\u00bb h_padding=\u00bb2&#8243; top_padding=\u00bb3&#8243; bottom_padding=\u00bb3&#8243; overlay_alpha=\u00bb50&#8243; gutter_size=\u00bb3&#8243; column_width_percent=\u00bb100&#8243; shift_y=\u00bb0&#8243; z_index=\u00bb0&#8243; uncode_shortcode_id=\u00bb235899&#8243;][vc_column width=\u00bb1\/2&#8243;][vc_custom_heading text_color=\u00bbcolor-red-tpm-dti\u00bb heading_semantic=\u00bbh3&#8243; text_size=\u00bbh5&#8243; uncode_shortcode_id=\u00bb148580&#8243; text_color_type=\u00bbuncode-palette\u00bb]<strong>ODDS<\/strong>[\/vc_custom_heading][vc_custom_heading uncode_shortcode_id=\u00bb141856&#8243;]ENCUESTAS SOBRE EL DIAGN\u00d3STICO DE LA DONACI\u00d3N DE \u00d3RGANOS[\/vc_custom_heading][vc_column_text uncode_shortcode_id=\u00bb189686&#8243;]<span style=\"font-weight: 400;\">Las Encuestas de Diagn\u00f3stico de Donaci\u00f3n de \u00d3rganos (ODDS) son una herramienta de diagn\u00f3stico en l\u00ednea que permite calcular el potencial de donaci\u00f3n cadav\u00e9rica de un departamento, hospital, regi\u00f3n o pa\u00eds.\u00a0<\/span><\/p>\n<p><span style=\"font-weight: 400;\">Para implementarlo contar\u00e1 con la ayuda de nuestros expertos que realizar\u00e1n un primer an\u00e1lisis.\u00a0<\/span><\/p>\n<p><span style=\"font-weight: 400;\">Esta herramienta de diagn\u00f3stico ofrece tres etapas diferentes: <\/span>[\/vc_column_text][vc_column_text uncode_shortcode_id=\u00bb135892&#8243;]<br \/>\n<strong>\u00a0Fase 1: Cuestionarios<\/strong><\/p>\n<p><span style=\"font-weight: 400;\">Las encuestas se realizan a distintos miembros del personal: directores de hospital, coordinadores de donantes, UCI y servicios de trasplante.<\/span><\/p>\n<p><strong>Fase 2: Entrevistas<\/strong><\/p>\n<p><span style=\"font-weight: 400;\">Entrevistas por videoconferencia con expertos de DTI a las partes interesadas en el proceso de donaci\u00f3n y trasplante de \u00f3rganos.\u00a0<\/span><\/p>\n<p><strong>Fase 3: Informe de diagn\u00f3stico<\/strong><\/p>\n<p><span style=\"font-weight: 400;\">Entrega de un Informe de Diagn\u00f3stico que incluir\u00e1 la potencialidad en t\u00e9rminos de donaci\u00f3n de \u00f3rganos para trasplante, y las consiguientes medidas de mejora. <\/span>[\/vc_column_text][\/vc_column][vc_column width=\u00bb1\/2&#8243;][vc_single_image media=\u00bb5606&#8243; media_width_percent=\u00bb100&#8243; uncode_shortcode_id=\u00bb209052&#8243;][\/vc_column][\/vc_row]<\/p>\n<\/div>","protected":false},"excerpt":{"rendered":"<p>[vc_row row_height_percent=\u00bb0&#8243; override_padding=\u00bbyes\u00bb h_padding=\u00bb2&#8243; top_padding=\u00bb3&#8243; bottom_padding=\u00bb3&#8243; overlay_alpha=\u00bb50&#8243; gutter_size=\u00bb3&#8243; column_width_percent=\u00bb100&#8243; shift_y=\u00bb0&#8243; z_index=\u00bb0&#8243; uncode_shortcode_id=\u00bb235899&#8243;][vc_column width=\u00bb1\/2&#8243;][vc_custom_heading text_color=\u00bbcolor-red-tpm-dti\u00bb heading_semantic=\u00bbh3&#8243; text_size=\u00bbh5&#8243; uncode_shortcode_id=\u00bb148580&#8243; text_color_type=\u00bbuncode-palette\u00bb]ODDS[\/vc_custom_heading][vc_custom_heading uncode_shortcode_id=\u00bb141856&#8243;]ENCUESTAS SOBRE [&hellip;]<\/p>\n","protected":false},"author":1,"featured_media":9341,"parent":0,"menu_order":0,"comment_status":"closed","ping_status":"closed","template":"","meta":{"_acf_changed":false,"footnotes":""},"class_list":["post-5548","page","type-page","status-publish","has-post-thumbnail","hentry"],"acf":[],"yoast_head":"<!-- This site is optimized with the Yoast SEO plugin v26.9 - https:\/\/yoast.com\/product\/yoast-seo-wordpress\/ -->\n<title>ODDS | DTI Foundation | Donation &amp; Transplantation Institute<\/title>\n<meta name=\"description\" content=\"Descubre toda la informaci\u00f3n sobre ODDS en nuestra web. En la Fundaci\u00f3n DTI trabajamos para brindar servicios y formaci\u00f3n en donaci\u00f3n de organos y transplantes en el mundo.\" \/>\n<meta name=\"robots\" content=\"index, follow, max-snippet:-1, max-image-preview:large, max-video-preview:-1\" \/>\n<link rel=\"canonical\" href=\"https:\/\/dtifoundation.com\/es\/odds\/\" \/>\n<meta property=\"og:locale\" content=\"es_ES\" \/>\n<meta property=\"og:type\" content=\"article\" \/>\n<meta property=\"og:title\" content=\"ODDS | DTI Foundation | Donation &amp; Transplantation Institute\" \/>\n<meta property=\"og:description\" content=\"Descubre toda la informaci\u00f3n sobre ODDS en nuestra web. En la Fundaci\u00f3n DTI trabajamos para brindar servicios y formaci\u00f3n en donaci\u00f3n de organos y transplantes en el mundo.\" \/>\n<meta property=\"og:url\" content=\"https:\/\/dtifoundation.com\/es\/odds\/\" \/>\n<meta property=\"og:site_name\" content=\"DTI Foundation | Donation &amp; Transplantation Institute\" \/>\n<meta property=\"article:modified_time\" content=\"2023-04-26T07:50:00+00:00\" \/>\n<meta property=\"og:image\" content=\"https:\/\/dtifoundation.com\/wp-content\/uploads\/2023\/04\/doctor-presenting-report-of-diagnosis-2022-11-15-15-29-11-utc.jpg\" \/>\n\t<meta property=\"og:image:width\" content=\"2500\" \/>\n\t<meta property=\"og:image:height\" content=\"1667\" \/>\n\t<meta property=\"og:image:type\" content=\"image\/jpeg\" \/>\n<meta name=\"twitter:card\" content=\"summary_large_image\" \/>\n<meta name=\"twitter:label1\" content=\"Tiempo de lectura\" \/>\n\t<meta name=\"twitter:data1\" content=\"1 minuto\" \/>\n<script type=\"application\/ld+json\" class=\"yoast-schema-graph\">{\"@context\":\"https:\/\/schema.org\",\"@graph\":[{\"@type\":[\"WebPage\",\"MedicalWebPage\"],\"@id\":\"https:\/\/dtifoundation.com\/es\/odds\/\",\"url\":\"https:\/\/dtifoundation.com\/es\/odds\/\",\"name\":\"ODDS | DTI Foundation | Donation &amp; Transplantation Institute\",\"isPartOf\":{\"@id\":\"https:\/\/dtifoundation.com\/#website\"},\"primaryImageOfPage\":{\"@id\":\"https:\/\/dtifoundation.com\/es\/odds\/#primaryimage\"},\"image\":{\"@id\":\"https:\/\/dtifoundation.com\/es\/odds\/#primaryimage\"},\"thumbnailUrl\":\"https:\/\/dtifoundation.com\/wp-content\/uploads\/2023\/04\/doctor-presenting-report-of-diagnosis-2022-11-15-15-29-11-utc.jpg\",\"datePublished\":\"2023-03-14T15:54:48+00:00\",\"dateModified\":\"2023-04-26T07:50:00+00:00\",\"description\":\"Descubre toda la informaci\u00f3n sobre ODDS en nuestra web. En la Fundaci\u00f3n DTI trabajamos para brindar servicios y formaci\u00f3n en donaci\u00f3n de organos y transplantes en el mundo.\",\"breadcrumb\":{\"@id\":\"https:\/\/dtifoundation.com\/es\/odds\/#breadcrumb\"},\"inLanguage\":\"es\",\"potentialAction\":[{\"@type\":\"ReadAction\",\"target\":[\"https:\/\/dtifoundation.com\/es\/odds\/\"]}]},{\"@type\":\"ImageObject\",\"inLanguage\":\"es\",\"@id\":\"https:\/\/dtifoundation.com\/es\/odds\/#primaryimage\",\"url\":\"https:\/\/dtifoundation.com\/wp-content\/uploads\/2023\/04\/doctor-presenting-report-of-diagnosis-2022-11-15-15-29-11-utc.jpg\",\"contentUrl\":\"https:\/\/dtifoundation.com\/wp-content\/uploads\/2023\/04\/doctor-presenting-report-of-diagnosis-2022-11-15-15-29-11-utc.jpg\",\"width\":2500,\"height\":1667},{\"@type\":\"BreadcrumbList\",\"@id\":\"https:\/\/dtifoundation.com\/es\/odds\/#breadcrumb\",\"itemListElement\":[{\"@type\":\"ListItem\",\"position\":1,\"name\":\"Home\",\"item\":\"https:\/\/dtifoundation.com\/es\/\"},{\"@type\":\"ListItem\",\"position\":2,\"name\":\"ODDS\"}]},{\"@type\":\"WebSite\",\"@id\":\"https:\/\/dtifoundation.com\/#website\",\"url\":\"https:\/\/dtifoundation.com\/\",\"name\":\"TPM - DTI Foundation\",\"description\":\"\",\"potentialAction\":[{\"@type\":\"SearchAction\",\"target\":{\"@type\":\"EntryPoint\",\"urlTemplate\":\"https:\/\/dtifoundation.com\/?s={search_term_string}\"},\"query-input\":{\"@type\":\"PropertyValueSpecification\",\"valueRequired\":true,\"valueName\":\"search_term_string\"}}],\"inLanguage\":\"es\"}]}<\/script>\n<!-- \/ Yoast SEO plugin. -->","yoast_head_json":{"title":"ODDS | DTI Foundation | Donation &amp; Transplantation Institute","description":"Descubre toda la informaci\u00f3n sobre ODDS en nuestra web. En la Fundaci\u00f3n DTI trabajamos para brindar servicios y formaci\u00f3n en donaci\u00f3n de organos y transplantes en el mundo.","robots":{"index":"index","follow":"follow","max-snippet":"max-snippet:-1","max-image-preview":"max-image-preview:large","max-video-preview":"max-video-preview:-1"},"canonical":"https:\/\/dtifoundation.com\/es\/odds\/","og_locale":"es_ES","og_type":"article","og_title":"ODDS | DTI Foundation | Donation &amp; Transplantation Institute","og_description":"Descubre toda la informaci\u00f3n sobre ODDS en nuestra web. En la Fundaci\u00f3n DTI trabajamos para brindar servicios y formaci\u00f3n en donaci\u00f3n de organos y transplantes en el mundo.","og_url":"https:\/\/dtifoundation.com\/es\/odds\/","og_site_name":"DTI Foundation | Donation &amp; Transplantation Institute","article_modified_time":"2023-04-26T07:50:00+00:00","og_image":[{"width":2500,"height":1667,"url":"https:\/\/dtifoundation.com\/wp-content\/uploads\/2023\/04\/doctor-presenting-report-of-diagnosis-2022-11-15-15-29-11-utc.jpg","type":"image\/jpeg"}],"twitter_card":"summary_large_image","twitter_misc":{"Tiempo de lectura":"1 minuto"},"schema":{"@context":"https:\/\/schema.org","@graph":[{"@type":["WebPage","MedicalWebPage"],"@id":"https:\/\/dtifoundation.com\/es\/odds\/","url":"https:\/\/dtifoundation.com\/es\/odds\/","name":"ODDS | DTI Foundation | Donation &amp; Transplantation Institute","isPartOf":{"@id":"https:\/\/dtifoundation.com\/#website"},"primaryImageOfPage":{"@id":"https:\/\/dtifoundation.com\/es\/odds\/#primaryimage"},"image":{"@id":"https:\/\/dtifoundation.com\/es\/odds\/#primaryimage"},"thumbnailUrl":"https:\/\/dtifoundation.com\/wp-content\/uploads\/2023\/04\/doctor-presenting-report-of-diagnosis-2022-11-15-15-29-11-utc.jpg","datePublished":"2023-03-14T15:54:48+00:00","dateModified":"2023-04-26T07:50:00+00:00","description":"Descubre toda la informaci\u00f3n sobre ODDS en nuestra web. En la Fundaci\u00f3n DTI trabajamos para brindar servicios y formaci\u00f3n en donaci\u00f3n de organos y transplantes en el mundo.","breadcrumb":{"@id":"https:\/\/dtifoundation.com\/es\/odds\/#breadcrumb"},"inLanguage":"es","potentialAction":[{"@type":"ReadAction","target":["https:\/\/dtifoundation.com\/es\/odds\/"]}]},{"@type":"ImageObject","inLanguage":"es","@id":"https:\/\/dtifoundation.com\/es\/odds\/#primaryimage","url":"https:\/\/dtifoundation.com\/wp-content\/uploads\/2023\/04\/doctor-presenting-report-of-diagnosis-2022-11-15-15-29-11-utc.jpg","contentUrl":"https:\/\/dtifoundation.com\/wp-content\/uploads\/2023\/04\/doctor-presenting-report-of-diagnosis-2022-11-15-15-29-11-utc.jpg","width":2500,"height":1667},{"@type":"BreadcrumbList","@id":"https:\/\/dtifoundation.com\/es\/odds\/#breadcrumb","itemListElement":[{"@type":"ListItem","position":1,"name":"Home","item":"https:\/\/dtifoundation.com\/es\/"},{"@type":"ListItem","position":2,"name":"ODDS"}]},{"@type":"WebSite","@id":"https:\/\/dtifoundation.com\/#website","url":"https:\/\/dtifoundation.com\/","name":"TPM - DTI Foundation","description":"","potentialAction":[{"@type":"SearchAction","target":{"@type":"EntryPoint","urlTemplate":"https:\/\/dtifoundation.com\/?s={search_term_string}"},"query-input":{"@type":"PropertyValueSpecification","valueRequired":true,"valueName":"search_term_string"}}],"inLanguage":"es"}]}},"_links":{"self":[{"href":"https:\/\/dtifoundation.com\/es\/wp-json\/wp\/v2\/pages\/5548","targetHints":{"allow":["GET"]}}],"collection":[{"href":"https:\/\/dtifoundation.com\/es\/wp-json\/wp\/v2\/pages"}],"about":[{"href":"https:\/\/dtifoundation.com\/es\/wp-json\/wp\/v2\/types\/page"}],"author":[{"embeddable":true,"href":"https:\/\/dtifoundation.com\/es\/wp-json\/wp\/v2\/users\/1"}],"replies":[{"embeddable":true,"href":"https:\/\/dtifoundation.com\/es\/wp-json\/wp\/v2\/comments?post=5548"}],"version-history":[{"count":0,"href":"https:\/\/dtifoundation.com\/es\/wp-json\/wp\/v2\/pages\/5548\/revisions"}],"wp:featuredmedia":[{"embeddable":true,"href":"https:\/\/dtifoundation.com\/es\/wp-json\/wp\/v2\/media\/9341"}],"wp:attachment":[{"href":"https:\/\/dtifoundation.com\/es\/wp-json\/wp\/v2\/media?parent=5548"}],"curies":[{"name":"wp","href":"https:\/\/api.w.org\/{rel}","templated":true}]}}