{"id":5545,"date":"2023-03-14T16:50:48","date_gmt":"2023-03-14T16:50:48","guid":{"rendered":"http:\/\/dti.developallin.com\/odequs\/"},"modified":"2023-07-26T08:57:09","modified_gmt":"2023-07-26T08:57:09","slug":"odequs","status":"publish","type":"page","link":"https:\/\/dtifoundation.com\/es\/odequs\/","title":{"rendered":"ODEQUS"},"content":{"rendered":"<div class=\"wpb-content-wrapper\"><p>[vc_row row_height_percent=\u00bb0&#8243; override_padding=\u00bbyes\u00bb h_padding=\u00bb2&#8243; top_padding=\u00bb3&#8243; bottom_padding=\u00bb3&#8243; overlay_alpha=\u00bb50&#8243; gutter_size=\u00bb3&#8243; column_width_percent=\u00bb100&#8243; shift_y=\u00bb0&#8243; z_index=\u00bb0&#8243; uncode_shortcode_id=\u00bb104332&#8243; shape_dividers=\u00bb\u00bb][vc_column width=\u00bb1\/1&#8243;][vc_row_inner][vc_column_inner width=\u00bb1\/2&#8243;][vc_custom_heading text_color=\u00bbcolor-red-tpm-dti\u00bb heading_semantic=\u00bbh5&#8243; text_size=\u00bbh5&#8243; uncode_shortcode_id=\u00bb898198&#8243; text_color_type=\u00bbuncode-palette\u00bb]\u00bfQu\u00e9 es[\/vc_custom_heading][vc_custom_heading uncode_shortcode_id=\u00bb130656&#8243;]<b>ODEQUS?<\/b>[\/vc_custom_heading][\/vc_column_inner][vc_column_inner width=\u00bb1\/2&#8243;][\/vc_column_inner][\/vc_row_inner][vc_column_text uncode_shortcode_id=\u00bb117728&#8243;]<span style=\"font-weight: 400;\">El Proyecto Europeo de Sistema de Calidad para la Donaci\u00f3n de \u00d3rganos (ODEQUS) es un programa inform\u00e1tico cuyo objetivo es identificar, crear y establecer un conjunto de procedimientos de calidad para la donaci\u00f3n de \u00f3rganos. En \u00faltima instancia, el proyecto pretende aumentar el n\u00famero y la calidad de los \u00f3rganos obtenidos para trasplantes.\u00a0<\/span><\/p>\n<p><span style=\"font-weight: 400;\">Coordinado por la Universidad de Barcelona junto con 14 organizaciones nacionales y hospitales participantes de 11 pa\u00edses europeos, ODEQUS se desarroll\u00f3 entre octubre de 2010 y diciembre de 2013. Desde su lanzamiento en 2013, ODEQUS ha identificado m\u00e1s de 130 Criterios de Calidad y 30 Indicadores de Calidad, que se han puesto a prueba en 12 hospitales de Europa mediante evaluaciones internas y externas, seg\u00fan el sitio web. En la actualidad, est\u00e1 demostrado que estos indicadores de calidad son medidas eficaces para determinar la calidad de los hospitales en lo que respecta a la donaci\u00f3n de \u00f3rganos.<\/span>[\/vc_column_text][\/vc_column][\/vc_row][vc_row row_height_percent=\u00bb0&#8243; override_padding=\u00bbyes\u00bb h_padding=\u00bb2&#8243; top_padding=\u00bb0&#8243; bottom_padding=\u00bb0&#8243; overlay_alpha=\u00bb50&#8243; gutter_size=\u00bb3&#8243; column_width_percent=\u00bb100&#8243; shift_y=\u00bb0&#8243; z_index=\u00bb0&#8243; uncode_shortcode_id=\u00bb154359&#8243;][vc_column width=\u00bb1\/2&#8243;][vc_custom_heading text_color=\u00bbcolor-red-tpm-dti\u00bb heading_semantic=\u00bbh5&#8243; text_size=\u00bbh5&#8243; uncode_shortcode_id=\u00bb110939&#8243; text_color_type=\u00bbuncode-palette\u00bb]ODEQUS[\/vc_custom_heading][vc_custom_heading uncode_shortcode_id=\u00bb823256&#8243;]<strong>OBJETIVOS<\/strong>[\/vc_custom_heading][vc_column_text uncode_shortcode_id=\u00bb176470&#8243;]<span style=\"font-weight: 400;\">El objetivo principal del proyecto ODEQUS es definir una metodolog\u00eda para evaluar los resultados de la obtenci\u00f3n de \u00f3rganos a nivel hospitalario.<\/span><\/p>\n<p><span style=\"font-weight: 400;\">ODEQUS pretende cumplir los siguientes objetivos:<\/span><\/p>\n<ul>\n<li style=\"font-weight: 400;\" aria-level=\"1\"><span style=\"font-weight: 400;\">Identificar y desarrollar Criterios de Calidad (QC) en los tres tipos diferentes de donaci\u00f3n de \u00f3rganos: tras muerte encef\u00e1lica (DBD), tras parada cardiaca (DCD) y donaci\u00f3n en vida (LD), centrados principalmente en el \u00e1mbito hospitalario.<\/span><\/li>\n<li style=\"font-weight: 400;\" aria-level=\"1\"><span style=\"font-weight: 400;\">Crear indicadores de calidad (QI) para evaluar las estructuras organizativas, los procedimientos cl\u00ednicos y los resultados.<\/span><\/li>\n<li style=\"font-weight: 400;\" aria-level=\"1\"><span style=\"font-weight: 400;\">Desarrollar herramientas de auditor\u00eda para evaluar la aplicaci\u00f3n de las mejores pr\u00e1cticas descritas en el QC y utilizadas por el QI.<\/span><\/li>\n<li style=\"font-weight: 400;\" aria-level=\"1\"><span style=\"font-weight: 400;\">Formar a los profesionales sanitarios sobre c\u00f3mo utilizar las herramientas de mejora de la calidad y de evaluaci\u00f3n.<\/span><\/li>\n<\/ul>\n<p>[\/vc_column_text][vc_custom_heading text_color=\u00bbcolor-red-tpm-dti\u00bb heading_semantic=\u00bbh5&#8243; text_size=\u00bbh5&#8243; uncode_shortcode_id=\u00bb810484&#8243; text_color_type=\u00bbuncode-palette\u00bb]<strong>METODOLOG\u00cdA\u00a0<\/strong>[\/vc_custom_heading][vc_custom_heading uncode_shortcode_id=\u00bb171487&#8243;]DE LOS PROYECTOS[\/vc_custom_heading][vc_column_text uncode_shortcode_id=\u00bb141180&#8243;]<span style=\"font-weight: 400;\">ODEQUS sigue las normas de buenas pr\u00e1cticas definidas por:<\/span><\/p>\n<ul>\n<li style=\"font-weight: 400;\" aria-level=\"1\"><span style=\"font-weight: 400;\">Opiniones de expertos<\/span><\/li>\n<li style=\"font-weight: 400;\" aria-level=\"1\"><span style=\"font-weight: 400;\">Revisiones bibliogr\u00e1ficas e investigaci\u00f3n para obtener pruebas, siempre que sea posible.<\/span><\/li>\n<li style=\"font-weight: 400;\" aria-level=\"1\"><span style=\"font-weight: 400;\">Encuestas que determinan el uso actual de la mejora de la calidad a nivel hospitalario, seg\u00fan encuestados de 11 pa\u00edses europeos.<\/span><\/li>\n<\/ul>\n<p><span style=\"font-weight: 400;\">Para evaluar las estructuras organizativas de ODEQUS, se tienen en cuenta los siguientes \u00e1mbitos:<\/span><\/p>\n<ul>\n<li style=\"font-weight: 400;\" aria-level=\"1\"><span style=\"font-weight: 400;\">Marco jur\u00eddico<\/span><\/li>\n<li style=\"font-weight: 400;\" aria-level=\"1\"><span style=\"font-weight: 400;\">Acreditaci\u00f3n y certificaci\u00f3n<\/span><\/li>\n<li style=\"font-weight: 400;\" aria-level=\"1\"><span style=\"font-weight: 400;\">Organizaci\u00f3n<\/span><\/li>\n<li style=\"font-weight: 400;\" aria-level=\"1\"><span style=\"font-weight: 400;\">Recursos humanos y materiales<\/span><\/li>\n<li style=\"font-weight: 400;\" aria-level=\"1\"><span style=\"font-weight: 400;\">Educaci\u00f3n e investigaci\u00f3n<\/span><\/li>\n<\/ul>\n<p>[\/vc_column_text][\/vc_column][vc_column column_width_percent=\u00bb100&#8243; position_vertical=\u00bbmiddle\u00bb gutter_size=\u00bb3&#8243; overlay_alpha=\u00bb50&#8243; shift_x=\u00bb0&#8243; shift_y=\u00bb0&#8243; shift_y_down=\u00bb0&#8243; z_index=\u00bb0&#8243; medium_width=\u00bb0&#8243; mobile_width=\u00bb0&#8243; width=\u00bb1\/2&#8243; uncode_shortcode_id=\u00bb153787&#8243;][vc_single_image media=\u00bb5587&#8243; media_width_percent=\u00bb100&#8243; uncode_shortcode_id=\u00bb208248&#8243;][\/vc_column][\/vc_row][vc_row row_height_percent=\u00bb0&#8243; override_padding=\u00bbyes\u00bb h_padding=\u00bb2&#8243; top_padding=\u00bb2&#8243; bottom_padding=\u00bb3&#8243; overlay_alpha=\u00bb50&#8243; gutter_size=\u00bb3&#8243; column_width_percent=\u00bb100&#8243; shift_y=\u00bb0&#8243; z_index=\u00bb0&#8243; uncode_shortcode_id=\u00bb151639&#8243; shape_dividers=\u00bb\u00bb][vc_column width=\u00bb1\/1&#8243;][vc_column_text uncode_shortcode_id=\u00bb824851&#8243;]<span style=\"font-weight: 400;\">Los principales \u00e1mbitos considerados para evaluar las estructuras organizativas han sido el marco jur\u00eddico, la acreditaci\u00f3n y certificaci\u00f3n, la organizaci\u00f3n, los recursos humanos y materiales, la educaci\u00f3n y la investigaci\u00f3n.<\/span>[\/vc_column_text][\/vc_column][\/vc_row]<\/p>\n<\/div>","protected":false},"excerpt":{"rendered":"<p>[vc_row row_height_percent=\u00bb0&#8243; override_padding=\u00bbyes\u00bb h_padding=\u00bb2&#8243; top_padding=\u00bb3&#8243; bottom_padding=\u00bb3&#8243; overlay_alpha=\u00bb50&#8243; gutter_size=\u00bb3&#8243; column_width_percent=\u00bb100&#8243; shift_y=\u00bb0&#8243; z_index=\u00bb0&#8243; uncode_shortcode_id=\u00bb104332&#8243; shape_dividers=\u00bb\u00bb][vc_column width=\u00bb1\/1&#8243;][vc_row_inner][vc_column_inner width=\u00bb1\/2&#8243;][vc_custom_heading text_color=\u00bbcolor-red-tpm-dti\u00bb heading_semantic=\u00bbh5&#8243; text_size=\u00bbh5&#8243; uncode_shortcode_id=\u00bb898198&#8243; text_color_type=\u00bbuncode-palette\u00bb]\u00bfQu\u00e9 [&hellip;]<\/p>\n","protected":false},"author":1,"featured_media":9302,"parent":0,"menu_order":0,"comment_status":"closed","ping_status":"closed","template":"","meta":{"_acf_changed":false,"footnotes":""},"class_list":["post-5545","page","type-page","status-publish","has-post-thumbnail","hentry"],"acf":[],"yoast_head":"<!-- This site is optimized with the Yoast SEO plugin v26.9 - https:\/\/yoast.com\/product\/yoast-seo-wordpress\/ -->\n<title>ODEQUS | DTI Foundation | Donation &amp; Transplantation Institute<\/title>\n<meta name=\"description\" content=\"Descubre toda la informaci\u00f3n sobre ODEQUS en nuestra web. En la Fundaci\u00f3n DTI trabajamos para brindar servicios y formaci\u00f3n en donaci\u00f3n de organos y transplantes en el mundo.\" \/>\n<meta name=\"robots\" content=\"index, follow, max-snippet:-1, max-image-preview:large, max-video-preview:-1\" \/>\n<link rel=\"canonical\" href=\"https:\/\/dtifoundation.com\/odequs\/\" \/>\n<meta property=\"og:locale\" content=\"es_ES\" \/>\n<meta property=\"og:type\" content=\"article\" \/>\n<meta property=\"og:title\" content=\"ODEQUS | DTI Foundation | Donation &amp; Transplantation Institute\" \/>\n<meta property=\"og:description\" content=\"Descubre toda la informaci\u00f3n sobre ODEQUS en nuestra web. En la Fundaci\u00f3n DTI trabajamos para brindar servicios y formaci\u00f3n en donaci\u00f3n de organos y transplantes en el mundo.\" \/>\n<meta property=\"og:url\" content=\"https:\/\/dtifoundation.com\/odequs\/\" \/>\n<meta property=\"og:site_name\" content=\"DTI Foundation | Donation &amp; Transplantation Institute\" \/>\n<meta property=\"article:modified_time\" content=\"2023-07-26T08:57:09+00:00\" \/>\n<meta property=\"og:image\" content=\"https:\/\/dtifoundation.com\/wp-content\/uploads\/2023\/04\/medical-exam-at-hospital-2021-08-29-18-27-31-utc.jpg\" \/>\n\t<meta property=\"og:image:width\" content=\"2500\" \/>\n\t<meta property=\"og:image:height\" content=\"1667\" \/>\n\t<meta property=\"og:image:type\" content=\"image\/jpeg\" \/>\n<meta name=\"twitter:card\" content=\"summary_large_image\" \/>\n<meta name=\"twitter:label1\" content=\"Tiempo de lectura\" \/>\n\t<meta name=\"twitter:data1\" content=\"4 minutos\" \/>\n<script type=\"application\/ld+json\" class=\"yoast-schema-graph\">{\"@context\":\"https:\/\/schema.org\",\"@graph\":[{\"@type\":[\"WebPage\",\"MedicalWebPage\"],\"@id\":\"https:\/\/dtifoundation.com\/odequs\/\",\"url\":\"https:\/\/dtifoundation.com\/odequs\/\",\"name\":\"ODEQUS | DTI Foundation | Donation &amp; Transplantation Institute\",\"isPartOf\":{\"@id\":\"https:\/\/dtifoundation.com\/#website\"},\"primaryImageOfPage\":{\"@id\":\"https:\/\/dtifoundation.com\/odequs\/#primaryimage\"},\"image\":{\"@id\":\"https:\/\/dtifoundation.com\/odequs\/#primaryimage\"},\"thumbnailUrl\":\"https:\/\/dtifoundation.com\/wp-content\/uploads\/2023\/04\/medical-exam-at-hospital-2021-08-29-18-27-31-utc.jpg\",\"datePublished\":\"2023-03-14T16:50:48+00:00\",\"dateModified\":\"2023-07-26T08:57:09+00:00\",\"description\":\"Descubre toda la informaci\u00f3n sobre ODEQUS en nuestra web. En la Fundaci\u00f3n DTI trabajamos para brindar servicios y formaci\u00f3n en donaci\u00f3n de organos y transplantes en el mundo.\",\"breadcrumb\":{\"@id\":\"https:\/\/dtifoundation.com\/odequs\/#breadcrumb\"},\"inLanguage\":\"es\",\"potentialAction\":[{\"@type\":\"ReadAction\",\"target\":[\"https:\/\/dtifoundation.com\/odequs\/\"]}]},{\"@type\":\"ImageObject\",\"inLanguage\":\"es\",\"@id\":\"https:\/\/dtifoundation.com\/odequs\/#primaryimage\",\"url\":\"https:\/\/dtifoundation.com\/wp-content\/uploads\/2023\/04\/medical-exam-at-hospital-2021-08-29-18-27-31-utc.jpg\",\"contentUrl\":\"https:\/\/dtifoundation.com\/wp-content\/uploads\/2023\/04\/medical-exam-at-hospital-2021-08-29-18-27-31-utc.jpg\",\"width\":2500,\"height\":1667},{\"@type\":\"BreadcrumbList\",\"@id\":\"https:\/\/dtifoundation.com\/odequs\/#breadcrumb\",\"itemListElement\":[{\"@type\":\"ListItem\",\"position\":1,\"name\":\"Home\",\"item\":\"https:\/\/dtifoundation.com\/es\/\"},{\"@type\":\"ListItem\",\"position\":2,\"name\":\"ODEQUS\"}]},{\"@type\":\"WebSite\",\"@id\":\"https:\/\/dtifoundation.com\/#website\",\"url\":\"https:\/\/dtifoundation.com\/\",\"name\":\"TPM - DTI Foundation\",\"description\":\"\",\"potentialAction\":[{\"@type\":\"SearchAction\",\"target\":{\"@type\":\"EntryPoint\",\"urlTemplate\":\"https:\/\/dtifoundation.com\/?s={search_term_string}\"},\"query-input\":{\"@type\":\"PropertyValueSpecification\",\"valueRequired\":true,\"valueName\":\"search_term_string\"}}],\"inLanguage\":\"es\"}]}<\/script>\n<!-- \/ Yoast SEO plugin. -->","yoast_head_json":{"title":"ODEQUS | DTI Foundation | Donation &amp; Transplantation Institute","description":"Descubre toda la informaci\u00f3n sobre ODEQUS en nuestra web. En la Fundaci\u00f3n DTI trabajamos para brindar servicios y formaci\u00f3n en donaci\u00f3n de organos y transplantes en el mundo.","robots":{"index":"index","follow":"follow","max-snippet":"max-snippet:-1","max-image-preview":"max-image-preview:large","max-video-preview":"max-video-preview:-1"},"canonical":"https:\/\/dtifoundation.com\/odequs\/","og_locale":"es_ES","og_type":"article","og_title":"ODEQUS | DTI Foundation | Donation &amp; Transplantation Institute","og_description":"Descubre toda la informaci\u00f3n sobre ODEQUS en nuestra web. En la Fundaci\u00f3n DTI trabajamos para brindar servicios y formaci\u00f3n en donaci\u00f3n de organos y transplantes en el mundo.","og_url":"https:\/\/dtifoundation.com\/odequs\/","og_site_name":"DTI Foundation | Donation &amp; Transplantation Institute","article_modified_time":"2023-07-26T08:57:09+00:00","og_image":[{"width":2500,"height":1667,"url":"https:\/\/dtifoundation.com\/wp-content\/uploads\/2023\/04\/medical-exam-at-hospital-2021-08-29-18-27-31-utc.jpg","type":"image\/jpeg"}],"twitter_card":"summary_large_image","twitter_misc":{"Tiempo de lectura":"4 minutos"},"schema":{"@context":"https:\/\/schema.org","@graph":[{"@type":["WebPage","MedicalWebPage"],"@id":"https:\/\/dtifoundation.com\/odequs\/","url":"https:\/\/dtifoundation.com\/odequs\/","name":"ODEQUS | DTI Foundation | Donation &amp; Transplantation Institute","isPartOf":{"@id":"https:\/\/dtifoundation.com\/#website"},"primaryImageOfPage":{"@id":"https:\/\/dtifoundation.com\/odequs\/#primaryimage"},"image":{"@id":"https:\/\/dtifoundation.com\/odequs\/#primaryimage"},"thumbnailUrl":"https:\/\/dtifoundation.com\/wp-content\/uploads\/2023\/04\/medical-exam-at-hospital-2021-08-29-18-27-31-utc.jpg","datePublished":"2023-03-14T16:50:48+00:00","dateModified":"2023-07-26T08:57:09+00:00","description":"Descubre toda la informaci\u00f3n sobre ODEQUS en nuestra web. En la Fundaci\u00f3n DTI trabajamos para brindar servicios y formaci\u00f3n en donaci\u00f3n de organos y transplantes en el mundo.","breadcrumb":{"@id":"https:\/\/dtifoundation.com\/odequs\/#breadcrumb"},"inLanguage":"es","potentialAction":[{"@type":"ReadAction","target":["https:\/\/dtifoundation.com\/odequs\/"]}]},{"@type":"ImageObject","inLanguage":"es","@id":"https:\/\/dtifoundation.com\/odequs\/#primaryimage","url":"https:\/\/dtifoundation.com\/wp-content\/uploads\/2023\/04\/medical-exam-at-hospital-2021-08-29-18-27-31-utc.jpg","contentUrl":"https:\/\/dtifoundation.com\/wp-content\/uploads\/2023\/04\/medical-exam-at-hospital-2021-08-29-18-27-31-utc.jpg","width":2500,"height":1667},{"@type":"BreadcrumbList","@id":"https:\/\/dtifoundation.com\/odequs\/#breadcrumb","itemListElement":[{"@type":"ListItem","position":1,"name":"Home","item":"https:\/\/dtifoundation.com\/es\/"},{"@type":"ListItem","position":2,"name":"ODEQUS"}]},{"@type":"WebSite","@id":"https:\/\/dtifoundation.com\/#website","url":"https:\/\/dtifoundation.com\/","name":"TPM - DTI Foundation","description":"","potentialAction":[{"@type":"SearchAction","target":{"@type":"EntryPoint","urlTemplate":"https:\/\/dtifoundation.com\/?s={search_term_string}"},"query-input":{"@type":"PropertyValueSpecification","valueRequired":true,"valueName":"search_term_string"}}],"inLanguage":"es"}]}},"_links":{"self":[{"href":"https:\/\/dtifoundation.com\/es\/wp-json\/wp\/v2\/pages\/5545","targetHints":{"allow":["GET"]}}],"collection":[{"href":"https:\/\/dtifoundation.com\/es\/wp-json\/wp\/v2\/pages"}],"about":[{"href":"https:\/\/dtifoundation.com\/es\/wp-json\/wp\/v2\/types\/page"}],"author":[{"embeddable":true,"href":"https:\/\/dtifoundation.com\/es\/wp-json\/wp\/v2\/users\/1"}],"replies":[{"embeddable":true,"href":"https:\/\/dtifoundation.com\/es\/wp-json\/wp\/v2\/comments?post=5545"}],"version-history":[{"count":0,"href":"https:\/\/dtifoundation.com\/es\/wp-json\/wp\/v2\/pages\/5545\/revisions"}],"wp:featuredmedia":[{"embeddable":true,"href":"https:\/\/dtifoundation.com\/es\/wp-json\/wp\/v2\/media\/9302"}],"wp:attachment":[{"href":"https:\/\/dtifoundation.com\/es\/wp-json\/wp\/v2\/media?parent=5545"}],"curies":[{"name":"wp","href":"https:\/\/api.w.org\/{rel}","templated":true}]}}