{"id":5542,"date":"2023-03-14T16:56:53","date_gmt":"2023-03-14T16:56:53","guid":{"rendered":"http:\/\/dti.developallin.com\/quorom\/"},"modified":"2023-05-22T08:35:05","modified_gmt":"2023-05-22T08:35:05","slug":"quorom","status":"publish","type":"page","link":"https:\/\/dtifoundation.com\/es\/quorom\/","title":{"rendered":"QUOROM"},"content":{"rendered":"<div class=\"wpb-content-wrapper\"><p>[vc_row row_height_percent=\u00bb0&#8243; override_padding=\u00bbyes\u00bb h_padding=\u00bb2&#8243; top_padding=\u00bb3&#8243; bottom_padding=\u00bb3&#8243; overlay_alpha=\u00bb50&#8243; gutter_size=\u00bb3&#8243; column_width_percent=\u00bb100&#8243; shift_y=\u00bb0&#8243; z_index=\u00bb0&#8243; uncode_shortcode_id=\u00bb149821&#8243;][vc_column width=\u00bb1\/2&#8243;][vc_custom_heading uncode_shortcode_id=\u00bb158306&#8243;]<strong>QUORUM<\/strong>[\/vc_custom_heading][vc_column_text uncode_shortcode_id=\u00bb979009&#8243;]<span style=\"font-weight: 400;\">Quorum es una herramienta en l\u00ednea utilizada para recopilar toda la informaci\u00f3n relacionada con el proceso de donaci\u00f3n de \u00f3rganos de los hospitales. Est\u00e1 dise\u00f1ado para recoger los datos, informar de los indicadores y comparar mensualmente el rendimiento de los hospitales, proporcionando toda la informaci\u00f3n necesaria para las auditor\u00edas internas y externas.\u00a0<\/span><\/p>\n<p><span style=\"font-weight: 400;\">Disponer de un sistema de gesti\u00f3n de calidad es crucial para que cualquier hospital, instituci\u00f3n, regi\u00f3n y pa\u00eds mejore. Se trata de disponer de cualquier sistema que ayude a una organizaci\u00f3n a establecer la metodolog\u00eda, las responsabilidades, los recursos, las actividades, etc., orientados a obtener resultados buenos y mensurables a lo largo del tiempo para mejorar continuamente la eficacia y la eficiencia de su rendimiento. <\/span>[\/vc_column_text][\/vc_column][vc_column column_width_percent=\u00bb100&#8243; position_vertical=\u00bbmiddle\u00bb gutter_size=\u00bb3&#8243; overlay_alpha=\u00bb50&#8243; shift_x=\u00bb0&#8243; shift_y=\u00bb0&#8243; shift_y_down=\u00bb0&#8243; z_index=\u00bb0&#8243; medium_width=\u00bb0&#8243; mobile_width=\u00bb0&#8243; width=\u00bb1\/2&#8243; uncode_shortcode_id=\u00bb855133&#8243;][vc_single_image media=\u00bb5551&#8243; media_width_percent=\u00bb100&#8243; uncode_shortcode_id=\u00bb156069&#8243;][\/vc_column][\/vc_row][vc_row row_height_percent=\u00bb0&#8243; override_padding=\u00bbyes\u00bb h_padding=\u00bb2&#8243; top_padding=\u00bb0&#8243; bottom_padding=\u00bb3&#8243; overlay_alpha=\u00bb50&#8243; gutter_size=\u00bb3&#8243; column_width_percent=\u00bb100&#8243; shift_y=\u00bb0&#8243; z_index=\u00bb0&#8243; uncode_shortcode_id=\u00bb137641&#8243;][vc_column width=\u00bb1\/2&#8243;][vc_single_image media=\u00bb5554&#8243; media_width_percent=\u00bb100&#8243; media_ratio=\u00bbfour-three\u00bb uncode_shortcode_id=\u00bb166860&#8243;][\/vc_column][vc_column column_width_percent=\u00bb100&#8243; gutter_size=\u00bb3&#8243; overlay_alpha=\u00bb50&#8243; shift_x=\u00bb0&#8243; shift_y=\u00bb0&#8243; shift_y_down=\u00bb0&#8243; z_index=\u00bb0&#8243; medium_width=\u00bb0&#8243; mobile_width=\u00bb0&#8243; width=\u00bb1\/2&#8243; uncode_shortcode_id=\u00bb127053&#8243;][vc_column_text uncode_shortcode_id=\u00bb138526&#8243;]<span style=\"font-weight: 400;\">Las diferencias en la donaci\u00f3n de \u00f3rganos entre hospitales no se explican s\u00f3lo por el n\u00famero de camas de UCI y de pacientes tratados. Hay que tener en cuenta la estructura organizativa del proceso de donaci\u00f3n y su eficacia. Quorum se propone mejorar los \u00edndices de donaci\u00f3n y trasplante de \u00f3rganos mediante la implantaci\u00f3n de un sistema de gesti\u00f3n de calidad de la donaci\u00f3n de \u00f3rganos.\u00a0<\/span><\/p>\n<p><span style=\"font-weight: 400;\">Esta herramienta se ha dise\u00f1ado para proporcionar a los equipos de donaci\u00f3n de \u00f3rganos un instrumento que les permita supervisar y analizar mejor la actividad de donaci\u00f3n de fallecidos.<br \/>\n<\/span><span style=\"font-weight: 400;\">Si desea saber m\u00e1s sobre Quorum, no dude en ponerse en contacto con nosotros. Tambi\u00e9n podemos ayudarle a implantarlo en su hospital, regi\u00f3n o pa\u00eds.<\/span>[\/vc_column_text][\/vc_column][\/vc_row][vc_row row_height_percent=\u00bb0&#8243; back_color=\u00bbcolor-lxmt\u00bb overlay_alpha=\u00bb50&#8243; gutter_size=\u00bb3&#8243; column_width_percent=\u00bb100&#8243; shift_y=\u00bb0&#8243; z_index=\u00bb0&#8243; uncode_shortcode_id=\u00bb348329&#8243; back_color_type=\u00bbuncode-palette\u00bb][vc_column width=\u00bb1\/1&#8243;][\/vc_column][\/vc_row][vc_row row_height_percent=\u00bb0&#8243; back_color=\u00bbcolor-lxmt\u00bb overlay_alpha=\u00bb50&#8243; gutter_size=\u00bb3&#8243; column_width_percent=\u00bb100&#8243; shift_y=\u00bb0&#8243; z_index=\u00bb0&#8243; uncode_shortcode_id=\u00bb105906&#8243; back_color_type=\u00bbuncode-palette\u00bb][vc_column column_width_percent=\u00bb100&#8243; align_horizontal=\u00bbalign_center\u00bb gutter_size=\u00bb3&#8243; overlay_alpha=\u00bb50&#8243; shift_x=\u00bb0&#8243; shift_y=\u00bb0&#8243; shift_y_down=\u00bb0&#8243; z_index=\u00bb0&#8243; medium_width=\u00bb0&#8243; mobile_width=\u00bb0&#8243; width=\u00bb1\/1&#8243; uncode_shortcode_id=\u00bb623460&#8243;][vc_custom_heading uncode_shortcode_id=\u00bb189232&#8243;]Cont\u00e1ctanos para m\u00e1s informaci\u00f3n sobre este servicio[\/vc_custom_heading][vc_raw_html]PGlmcmFtZSBzdHlsZT0ibWluLWhlaWdodDogOTI1cHg7IHdpZHRoOiA5OSU7IGJvcmRlcjogbm9uZTsiIHNyYz0iaHR0cHM6Ly9mb3Jtcy56b2hvcHVibGljLmNvbS9kdGlmb3VuZGF0aW9uL2Zvcm0vRFRJRm91bmRhdGlvblF1b3J1bS9mb3JtcGVybWEvVTN5RS00a3N4ZnJZWXEzSElzemtxVDVnUU5jdzFRWW84VjZVTzMtQ3Vscz96Zl9sYW5nPWVzIiBmcmFtZWJvcmRlcj0iMCI+PC9pZnJhbWU+[\/vc_raw_html][\/vc_column][\/vc_row]<\/p>\n<\/div>","protected":false},"excerpt":{"rendered":"<p>[vc_row row_height_percent=\u00bb0&#8243; override_padding=\u00bbyes\u00bb h_padding=\u00bb2&#8243; top_padding=\u00bb3&#8243; bottom_padding=\u00bb3&#8243; overlay_alpha=\u00bb50&#8243; gutter_size=\u00bb3&#8243; column_width_percent=\u00bb100&#8243; shift_y=\u00bb0&#8243; z_index=\u00bb0&#8243; uncode_shortcode_id=\u00bb149821&#8243;][vc_column width=\u00bb1\/2&#8243;][vc_custom_heading uncode_shortcode_id=\u00bb158306&#8243;]QUORUM[\/vc_custom_heading][vc_column_text uncode_shortcode_id=\u00bb979009&#8243;]Quorum es una herramienta en l\u00ednea [&hellip;]<\/p>\n","protected":false},"author":1,"featured_media":9344,"parent":0,"menu_order":0,"comment_status":"closed","ping_status":"closed","template":"","meta":{"_acf_changed":false,"footnotes":""},"class_list":["post-5542","page","type-page","status-publish","has-post-thumbnail","hentry"],"acf":[],"yoast_head":"<!-- This site is optimized with the Yoast SEO plugin v26.9 - https:\/\/yoast.com\/product\/yoast-seo-wordpress\/ -->\n<title>QUOROM | DTI Foundation | Donation &amp; Transplantation Institute<\/title>\n<meta name=\"description\" content=\"Descubre toda la informaci\u00f3n sobre QUOROM en nuestra web. En la Fundaci\u00f3n DTI trabajamos para brindar servicios y formaci\u00f3n en donaci\u00f3n de organos y transplantes en el mundo.\" \/>\n<meta name=\"robots\" content=\"index, follow, max-snippet:-1, max-image-preview:large, max-video-preview:-1\" \/>\n<link rel=\"canonical\" href=\"https:\/\/dtifoundation.com\/es\/quorom\/\" \/>\n<meta property=\"og:locale\" content=\"es_ES\" \/>\n<meta property=\"og:type\" content=\"article\" \/>\n<meta property=\"og:title\" content=\"QUOROM | DTI Foundation | Donation &amp; Transplantation Institute\" \/>\n<meta property=\"og:description\" content=\"Descubre toda la informaci\u00f3n sobre QUOROM en nuestra web. En la Fundaci\u00f3n DTI trabajamos para brindar servicios y formaci\u00f3n en donaci\u00f3n de organos y transplantes en el mundo.\" \/>\n<meta property=\"og:url\" content=\"https:\/\/dtifoundation.com\/es\/quorom\/\" \/>\n<meta property=\"og:site_name\" content=\"DTI Foundation | Donation &amp; Transplantation Institute\" \/>\n<meta property=\"article:modified_time\" content=\"2023-05-22T08:35:05+00:00\" \/>\n<meta property=\"og:image\" content=\"https:\/\/dtifoundation.com\/wp-content\/uploads\/2023\/04\/rear-view-of-male-medical-staff-talking-as-they-wa-2021-08-27-09-31-17-utc.jpg\" \/>\n\t<meta property=\"og:image:width\" content=\"2500\" \/>\n\t<meta property=\"og:image:height\" content=\"1619\" \/>\n\t<meta property=\"og:image:type\" content=\"image\/jpeg\" \/>\n<meta name=\"twitter:card\" content=\"summary_large_image\" \/>\n<meta name=\"twitter:label1\" content=\"Tiempo de lectura\" \/>\n\t<meta name=\"twitter:data1\" content=\"2 minutos\" \/>\n<script type=\"application\/ld+json\" class=\"yoast-schema-graph\">{\"@context\":\"https:\/\/schema.org\",\"@graph\":[{\"@type\":[\"WebPage\",\"MedicalWebPage\"],\"@id\":\"https:\/\/dtifoundation.com\/es\/quorom\/\",\"url\":\"https:\/\/dtifoundation.com\/es\/quorom\/\",\"name\":\"QUOROM | DTI Foundation | Donation &amp; Transplantation Institute\",\"isPartOf\":{\"@id\":\"https:\/\/dtifoundation.com\/#website\"},\"primaryImageOfPage\":{\"@id\":\"https:\/\/dtifoundation.com\/es\/quorom\/#primaryimage\"},\"image\":{\"@id\":\"https:\/\/dtifoundation.com\/es\/quorom\/#primaryimage\"},\"thumbnailUrl\":\"https:\/\/dtifoundation.com\/wp-content\/uploads\/2023\/04\/rear-view-of-male-medical-staff-talking-as-they-wa-2021-08-27-09-31-17-utc.jpg\",\"datePublished\":\"2023-03-14T16:56:53+00:00\",\"dateModified\":\"2023-05-22T08:35:05+00:00\",\"description\":\"Descubre toda la informaci\u00f3n sobre QUOROM en nuestra web. En la Fundaci\u00f3n DTI trabajamos para brindar servicios y formaci\u00f3n en donaci\u00f3n de organos y transplantes en el mundo.\",\"breadcrumb\":{\"@id\":\"https:\/\/dtifoundation.com\/es\/quorom\/#breadcrumb\"},\"inLanguage\":\"es\",\"potentialAction\":[{\"@type\":\"ReadAction\",\"target\":[\"https:\/\/dtifoundation.com\/es\/quorom\/\"]}]},{\"@type\":\"ImageObject\",\"inLanguage\":\"es\",\"@id\":\"https:\/\/dtifoundation.com\/es\/quorom\/#primaryimage\",\"url\":\"https:\/\/dtifoundation.com\/wp-content\/uploads\/2023\/04\/rear-view-of-male-medical-staff-talking-as-they-wa-2021-08-27-09-31-17-utc.jpg\",\"contentUrl\":\"https:\/\/dtifoundation.com\/wp-content\/uploads\/2023\/04\/rear-view-of-male-medical-staff-talking-as-they-wa-2021-08-27-09-31-17-utc.jpg\",\"width\":2500,\"height\":1619},{\"@type\":\"BreadcrumbList\",\"@id\":\"https:\/\/dtifoundation.com\/es\/quorom\/#breadcrumb\",\"itemListElement\":[{\"@type\":\"ListItem\",\"position\":1,\"name\":\"Home\",\"item\":\"https:\/\/dtifoundation.com\/es\/\"},{\"@type\":\"ListItem\",\"position\":2,\"name\":\"QUOROM\"}]},{\"@type\":\"WebSite\",\"@id\":\"https:\/\/dtifoundation.com\/#website\",\"url\":\"https:\/\/dtifoundation.com\/\",\"name\":\"TPM - DTI Foundation\",\"description\":\"\",\"potentialAction\":[{\"@type\":\"SearchAction\",\"target\":{\"@type\":\"EntryPoint\",\"urlTemplate\":\"https:\/\/dtifoundation.com\/?s={search_term_string}\"},\"query-input\":{\"@type\":\"PropertyValueSpecification\",\"valueRequired\":true,\"valueName\":\"search_term_string\"}}],\"inLanguage\":\"es\"}]}<\/script>\n<!-- \/ Yoast SEO plugin. -->","yoast_head_json":{"title":"QUOROM | DTI Foundation | Donation &amp; Transplantation Institute","description":"Descubre toda la informaci\u00f3n sobre QUOROM en nuestra web. En la Fundaci\u00f3n DTI trabajamos para brindar servicios y formaci\u00f3n en donaci\u00f3n de organos y transplantes en el mundo.","robots":{"index":"index","follow":"follow","max-snippet":"max-snippet:-1","max-image-preview":"max-image-preview:large","max-video-preview":"max-video-preview:-1"},"canonical":"https:\/\/dtifoundation.com\/es\/quorom\/","og_locale":"es_ES","og_type":"article","og_title":"QUOROM | DTI Foundation | Donation &amp; Transplantation Institute","og_description":"Descubre toda la informaci\u00f3n sobre QUOROM en nuestra web. En la Fundaci\u00f3n DTI trabajamos para brindar servicios y formaci\u00f3n en donaci\u00f3n de organos y transplantes en el mundo.","og_url":"https:\/\/dtifoundation.com\/es\/quorom\/","og_site_name":"DTI Foundation | Donation &amp; Transplantation Institute","article_modified_time":"2023-05-22T08:35:05+00:00","og_image":[{"width":2500,"height":1619,"url":"https:\/\/dtifoundation.com\/wp-content\/uploads\/2023\/04\/rear-view-of-male-medical-staff-talking-as-they-wa-2021-08-27-09-31-17-utc.jpg","type":"image\/jpeg"}],"twitter_card":"summary_large_image","twitter_misc":{"Tiempo de lectura":"2 minutos"},"schema":{"@context":"https:\/\/schema.org","@graph":[{"@type":["WebPage","MedicalWebPage"],"@id":"https:\/\/dtifoundation.com\/es\/quorom\/","url":"https:\/\/dtifoundation.com\/es\/quorom\/","name":"QUOROM | DTI Foundation | Donation &amp; Transplantation Institute","isPartOf":{"@id":"https:\/\/dtifoundation.com\/#website"},"primaryImageOfPage":{"@id":"https:\/\/dtifoundation.com\/es\/quorom\/#primaryimage"},"image":{"@id":"https:\/\/dtifoundation.com\/es\/quorom\/#primaryimage"},"thumbnailUrl":"https:\/\/dtifoundation.com\/wp-content\/uploads\/2023\/04\/rear-view-of-male-medical-staff-talking-as-they-wa-2021-08-27-09-31-17-utc.jpg","datePublished":"2023-03-14T16:56:53+00:00","dateModified":"2023-05-22T08:35:05+00:00","description":"Descubre toda la informaci\u00f3n sobre QUOROM en nuestra web. En la Fundaci\u00f3n DTI trabajamos para brindar servicios y formaci\u00f3n en donaci\u00f3n de organos y transplantes en el mundo.","breadcrumb":{"@id":"https:\/\/dtifoundation.com\/es\/quorom\/#breadcrumb"},"inLanguage":"es","potentialAction":[{"@type":"ReadAction","target":["https:\/\/dtifoundation.com\/es\/quorom\/"]}]},{"@type":"ImageObject","inLanguage":"es","@id":"https:\/\/dtifoundation.com\/es\/quorom\/#primaryimage","url":"https:\/\/dtifoundation.com\/wp-content\/uploads\/2023\/04\/rear-view-of-male-medical-staff-talking-as-they-wa-2021-08-27-09-31-17-utc.jpg","contentUrl":"https:\/\/dtifoundation.com\/wp-content\/uploads\/2023\/04\/rear-view-of-male-medical-staff-talking-as-they-wa-2021-08-27-09-31-17-utc.jpg","width":2500,"height":1619},{"@type":"BreadcrumbList","@id":"https:\/\/dtifoundation.com\/es\/quorom\/#breadcrumb","itemListElement":[{"@type":"ListItem","position":1,"name":"Home","item":"https:\/\/dtifoundation.com\/es\/"},{"@type":"ListItem","position":2,"name":"QUOROM"}]},{"@type":"WebSite","@id":"https:\/\/dtifoundation.com\/#website","url":"https:\/\/dtifoundation.com\/","name":"TPM - DTI Foundation","description":"","potentialAction":[{"@type":"SearchAction","target":{"@type":"EntryPoint","urlTemplate":"https:\/\/dtifoundation.com\/?s={search_term_string}"},"query-input":{"@type":"PropertyValueSpecification","valueRequired":true,"valueName":"search_term_string"}}],"inLanguage":"es"}]}},"_links":{"self":[{"href":"https:\/\/dtifoundation.com\/es\/wp-json\/wp\/v2\/pages\/5542","targetHints":{"allow":["GET"]}}],"collection":[{"href":"https:\/\/dtifoundation.com\/es\/wp-json\/wp\/v2\/pages"}],"about":[{"href":"https:\/\/dtifoundation.com\/es\/wp-json\/wp\/v2\/types\/page"}],"author":[{"embeddable":true,"href":"https:\/\/dtifoundation.com\/es\/wp-json\/wp\/v2\/users\/1"}],"replies":[{"embeddable":true,"href":"https:\/\/dtifoundation.com\/es\/wp-json\/wp\/v2\/comments?post=5542"}],"version-history":[{"count":0,"href":"https:\/\/dtifoundation.com\/es\/wp-json\/wp\/v2\/pages\/5542\/revisions"}],"wp:featuredmedia":[{"embeddable":true,"href":"https:\/\/dtifoundation.com\/es\/wp-json\/wp\/v2\/media\/9344"}],"wp:attachment":[{"href":"https:\/\/dtifoundation.com\/es\/wp-json\/wp\/v2\/media?parent=5542"}],"curies":[{"name":"wp","href":"https:\/\/api.w.org\/{rel}","templated":true}]}}