{"id":5489,"date":"2023-03-15T08:38:55","date_gmt":"2023-03-15T08:38:55","guid":{"rendered":"http:\/\/dti.developallin.com\/equipo\/"},"modified":"2026-03-11T07:44:21","modified_gmt":"2026-03-11T07:44:21","slug":"equipo","status":"publish","type":"page","link":"https:\/\/dtifoundation.com\/es\/equipo\/","title":{"rendered":"Equipo"},"content":{"rendered":"<div class=\"wpb-content-wrapper\"><p>[vc_row][vc_column width=\u00bb1\/1&#8243;][vc_column_text]TPM-DTI Foundation est\u00e1 formada por un grupo de profesionales reconocidos internacionalmente por su labor en la formaci\u00f3n de profesionales sanitarios y por la colaboraci\u00f3n en proyectos de cooperaci\u00f3n internacional para contribuir al aumento de la tasa de donaci\u00f3n en pa\u00edses donde a\u00fan es muy baja. De esta forma, el objetivo com\u00fan de las personas que forman la fundaci\u00f3n es conseguir que aumente la donaci\u00f3n de \u00f3rganos para que se puedan salvar m\u00e1s vidas.[\/vc_column_text][\/vc_column][\/vc_row][vc_row][vc_column width=\u00bb1\/1&#8243;][vc_gallery el_id=\u00bbgallery-727116&#8243; medias=\u00bb14994&#8243; gutter_size=\u00bb3&#8243; screen_lg=\u00bb1000&#8243; screen_md=\u00bb600&#8243; screen_sm=\u00bb480&#8243; single_width=\u00bb12&#8243; single_overlay_opacity=\u00bb50&#8243; single_padding=\u00bb2&#8243; uncode_shortcode_id=\u00bb156835&#8243;][\/vc_column][\/vc_row]<\/p>\n<\/div>","protected":false},"excerpt":{"rendered":"<p>[vc_row][vc_column width=\u00bb1\/1&#8243;][vc_column_text]TPM-DTI Foundation est\u00e1 formada por un grupo de profesionales reconocidos internacionalmente por su labor en la formaci\u00f3n de profesionales [&hellip;]<\/p>\n","protected":false},"author":1,"featured_media":11127,"parent":0,"menu_order":0,"comment_status":"closed","ping_status":"closed","template":"page-our-team-advisory-council.php","meta":{"_acf_changed":false,"footnotes":""},"class_list":["post-5489","page","type-page","status-publish","has-post-thumbnail","hentry"],"acf":[],"yoast_head":"<!-- This site is optimized with the Yoast SEO plugin v26.9 - https:\/\/yoast.com\/product\/yoast-seo-wordpress\/ -->\n<title>Equipo | DTI Foundation | Donation &amp; Transplantation Institute<\/title>\n<meta name=\"description\" content=\"Descubre toda la informaci\u00f3n sobre Equipo en nuestra web. En la Fundaci\u00f3n DTI trabajamos para brindar servicios y formaci\u00f3n en donaci\u00f3n de organos y transplantes en el mundo.\" \/>\n<meta name=\"robots\" content=\"index, follow, max-snippet:-1, max-image-preview:large, max-video-preview:-1\" \/>\n<link rel=\"canonical\" href=\"https:\/\/dtifoundation.com\/es\/equipo\/\" \/>\n<meta property=\"og:locale\" content=\"es_ES\" \/>\n<meta property=\"og:type\" content=\"article\" \/>\n<meta property=\"og:title\" content=\"Equipo | DTI Foundation | Donation &amp; Transplantation Institute\" \/>\n<meta property=\"og:description\" content=\"Descubre toda la informaci\u00f3n sobre Equipo en nuestra web. En la Fundaci\u00f3n DTI trabajamos para brindar servicios y formaci\u00f3n en donaci\u00f3n de organos y transplantes en el mundo.\" \/>\n<meta property=\"og:url\" content=\"https:\/\/dtifoundation.com\/es\/equipo\/\" \/>\n<meta property=\"og:site_name\" content=\"DTI Foundation | Donation &amp; Transplantation Institute\" \/>\n<meta property=\"article:modified_time\" content=\"2026-03-11T07:44:21+00:00\" \/>\n<meta property=\"og:image\" content=\"https:\/\/dtifoundation.com\/wp-content\/uploads\/2023\/05\/Team-scaled.jpeg\" \/>\n\t<meta property=\"og:image:width\" content=\"2560\" \/>\n\t<meta property=\"og:image:height\" content=\"1693\" \/>\n\t<meta property=\"og:image:type\" content=\"image\/jpeg\" \/>\n<meta name=\"twitter:card\" content=\"summary_large_image\" \/>\n<meta name=\"twitter:label1\" content=\"Tiempo de lectura\" \/>\n\t<meta name=\"twitter:data1\" content=\"1 minuto\" \/>\n<script type=\"application\/ld+json\" class=\"yoast-schema-graph\">{\"@context\":\"https:\/\/schema.org\",\"@graph\":[{\"@type\":[\"WebPage\",\"MedicalWebPage\"],\"@id\":\"https:\/\/dtifoundation.com\/es\/equipo\/\",\"url\":\"https:\/\/dtifoundation.com\/es\/equipo\/\",\"name\":\"Equipo | DTI Foundation | Donation &amp; Transplantation Institute\",\"isPartOf\":{\"@id\":\"https:\/\/dtifoundation.com\/#website\"},\"primaryImageOfPage\":{\"@id\":\"https:\/\/dtifoundation.com\/es\/equipo\/#primaryimage\"},\"image\":{\"@id\":\"https:\/\/dtifoundation.com\/es\/equipo\/#primaryimage\"},\"thumbnailUrl\":\"https:\/\/dtifoundation.com\/wp-content\/uploads\/2023\/05\/Team-scaled.jpeg\",\"datePublished\":\"2023-03-15T08:38:55+00:00\",\"dateModified\":\"2026-03-11T07:44:21+00:00\",\"description\":\"Descubre toda la informaci\u00f3n sobre Equipo en nuestra web. En la Fundaci\u00f3n DTI trabajamos para brindar servicios y formaci\u00f3n en donaci\u00f3n de organos y transplantes en el mundo.\",\"breadcrumb\":{\"@id\":\"https:\/\/dtifoundation.com\/es\/equipo\/#breadcrumb\"},\"inLanguage\":\"es\",\"potentialAction\":[{\"@type\":\"ReadAction\",\"target\":[\"https:\/\/dtifoundation.com\/es\/equipo\/\"]}]},{\"@type\":\"ImageObject\",\"inLanguage\":\"es\",\"@id\":\"https:\/\/dtifoundation.com\/es\/equipo\/#primaryimage\",\"url\":\"https:\/\/dtifoundation.com\/wp-content\/uploads\/2023\/05\/Team-scaled.jpeg\",\"contentUrl\":\"https:\/\/dtifoundation.com\/wp-content\/uploads\/2023\/05\/Team-scaled.jpeg\",\"width\":2560,\"height\":1693,\"caption\":\"Business People Meeting Corporate Communication Teamwork Concept\"},{\"@type\":\"BreadcrumbList\",\"@id\":\"https:\/\/dtifoundation.com\/es\/equipo\/#breadcrumb\",\"itemListElement\":[{\"@type\":\"ListItem\",\"position\":1,\"name\":\"Home\",\"item\":\"https:\/\/dtifoundation.com\/es\/\"},{\"@type\":\"ListItem\",\"position\":2,\"name\":\"Equipo\"}]},{\"@type\":\"WebSite\",\"@id\":\"https:\/\/dtifoundation.com\/#website\",\"url\":\"https:\/\/dtifoundation.com\/\",\"name\":\"TPM - DTI Foundation\",\"description\":\"\",\"potentialAction\":[{\"@type\":\"SearchAction\",\"target\":{\"@type\":\"EntryPoint\",\"urlTemplate\":\"https:\/\/dtifoundation.com\/?s={search_term_string}\"},\"query-input\":{\"@type\":\"PropertyValueSpecification\",\"valueRequired\":true,\"valueName\":\"search_term_string\"}}],\"inLanguage\":\"es\"}]}<\/script>\n<!-- \/ Yoast SEO plugin. -->","yoast_head_json":{"title":"Equipo | DTI Foundation | Donation &amp; Transplantation Institute","description":"Descubre toda la informaci\u00f3n sobre Equipo en nuestra web. En la Fundaci\u00f3n DTI trabajamos para brindar servicios y formaci\u00f3n en donaci\u00f3n de organos y transplantes en el mundo.","robots":{"index":"index","follow":"follow","max-snippet":"max-snippet:-1","max-image-preview":"max-image-preview:large","max-video-preview":"max-video-preview:-1"},"canonical":"https:\/\/dtifoundation.com\/es\/equipo\/","og_locale":"es_ES","og_type":"article","og_title":"Equipo | DTI Foundation | Donation &amp; Transplantation Institute","og_description":"Descubre toda la informaci\u00f3n sobre Equipo en nuestra web. En la Fundaci\u00f3n DTI trabajamos para brindar servicios y formaci\u00f3n en donaci\u00f3n de organos y transplantes en el mundo.","og_url":"https:\/\/dtifoundation.com\/es\/equipo\/","og_site_name":"DTI Foundation | Donation &amp; Transplantation Institute","article_modified_time":"2026-03-11T07:44:21+00:00","og_image":[{"width":2560,"height":1693,"url":"https:\/\/dtifoundation.com\/wp-content\/uploads\/2023\/05\/Team-scaled.jpeg","type":"image\/jpeg"}],"twitter_card":"summary_large_image","twitter_misc":{"Tiempo de lectura":"1 minuto"},"schema":{"@context":"https:\/\/schema.org","@graph":[{"@type":["WebPage","MedicalWebPage"],"@id":"https:\/\/dtifoundation.com\/es\/equipo\/","url":"https:\/\/dtifoundation.com\/es\/equipo\/","name":"Equipo | DTI Foundation | Donation &amp; Transplantation Institute","isPartOf":{"@id":"https:\/\/dtifoundation.com\/#website"},"primaryImageOfPage":{"@id":"https:\/\/dtifoundation.com\/es\/equipo\/#primaryimage"},"image":{"@id":"https:\/\/dtifoundation.com\/es\/equipo\/#primaryimage"},"thumbnailUrl":"https:\/\/dtifoundation.com\/wp-content\/uploads\/2023\/05\/Team-scaled.jpeg","datePublished":"2023-03-15T08:38:55+00:00","dateModified":"2026-03-11T07:44:21+00:00","description":"Descubre toda la informaci\u00f3n sobre Equipo en nuestra web. En la Fundaci\u00f3n DTI trabajamos para brindar servicios y formaci\u00f3n en donaci\u00f3n de organos y transplantes en el mundo.","breadcrumb":{"@id":"https:\/\/dtifoundation.com\/es\/equipo\/#breadcrumb"},"inLanguage":"es","potentialAction":[{"@type":"ReadAction","target":["https:\/\/dtifoundation.com\/es\/equipo\/"]}]},{"@type":"ImageObject","inLanguage":"es","@id":"https:\/\/dtifoundation.com\/es\/equipo\/#primaryimage","url":"https:\/\/dtifoundation.com\/wp-content\/uploads\/2023\/05\/Team-scaled.jpeg","contentUrl":"https:\/\/dtifoundation.com\/wp-content\/uploads\/2023\/05\/Team-scaled.jpeg","width":2560,"height":1693,"caption":"Business People Meeting Corporate Communication Teamwork Concept"},{"@type":"BreadcrumbList","@id":"https:\/\/dtifoundation.com\/es\/equipo\/#breadcrumb","itemListElement":[{"@type":"ListItem","position":1,"name":"Home","item":"https:\/\/dtifoundation.com\/es\/"},{"@type":"ListItem","position":2,"name":"Equipo"}]},{"@type":"WebSite","@id":"https:\/\/dtifoundation.com\/#website","url":"https:\/\/dtifoundation.com\/","name":"TPM - DTI Foundation","description":"","potentialAction":[{"@type":"SearchAction","target":{"@type":"EntryPoint","urlTemplate":"https:\/\/dtifoundation.com\/?s={search_term_string}"},"query-input":{"@type":"PropertyValueSpecification","valueRequired":true,"valueName":"search_term_string"}}],"inLanguage":"es"}]}},"_links":{"self":[{"href":"https:\/\/dtifoundation.com\/es\/wp-json\/wp\/v2\/pages\/5489","targetHints":{"allow":["GET"]}}],"collection":[{"href":"https:\/\/dtifoundation.com\/es\/wp-json\/wp\/v2\/pages"}],"about":[{"href":"https:\/\/dtifoundation.com\/es\/wp-json\/wp\/v2\/types\/page"}],"author":[{"embeddable":true,"href":"https:\/\/dtifoundation.com\/es\/wp-json\/wp\/v2\/users\/1"}],"replies":[{"embeddable":true,"href":"https:\/\/dtifoundation.com\/es\/wp-json\/wp\/v2\/comments?post=5489"}],"version-history":[{"count":38,"href":"https:\/\/dtifoundation.com\/es\/wp-json\/wp\/v2\/pages\/5489\/revisions"}],"predecessor-version":[{"id":17701,"href":"https:\/\/dtifoundation.com\/es\/wp-json\/wp\/v2\/pages\/5489\/revisions\/17701"}],"wp:featuredmedia":[{"embeddable":true,"href":"https:\/\/dtifoundation.com\/es\/wp-json\/wp\/v2\/media\/11127"}],"wp:attachment":[{"href":"https:\/\/dtifoundation.com\/es\/wp-json\/wp\/v2\/media?parent=5489"}],"curies":[{"name":"wp","href":"https:\/\/api.w.org\/{rel}","templated":true}]}}