{"id":5408,"date":"2023-03-02T16:07:17","date_gmt":"2023-03-02T16:07:17","guid":{"rendered":"http:\/\/dti.developallin.com\/irodat\/"},"modified":"2026-04-15T09:08:28","modified_gmt":"2026-04-15T09:08:28","slug":"irodat","status":"publish","type":"page","link":"https:\/\/dtifoundation.com\/es\/irodat\/","title":{"rendered":"IRODaT"},"content":{"rendered":"<div class=\"wpb-content-wrapper\"><p>[vc_row row_height_percent=\u00bb0&#8243; override_padding=\u00bbyes\u00bb h_padding=\u00bb2&#8243; top_padding=\u00bb3&#8243; bottom_padding=\u00bb2&#8243; overlay_alpha=\u00bb50&#8243; gutter_size=\u00bb3&#8243; column_width_percent=\u00bb100&#8243; shift_y=\u00bb0&#8243; z_index=\u00bb0&#8243; uncode_shortcode_id=\u00bb204893&#8243;][vc_column width=\u00bb1\/1&#8243;][vc_row_inner][vc_column_inner width=\u00bb1\/1&#8243;][vc_custom_heading text_color=\u00bbcolor-red-tpm-dti\u00bb heading_semantic=\u00bbdiv\u00bb text_size=\u00bbh5&#8243; text_weight=\u00bb600&#8243; uncode_shortcode_id=\u00bb769878&#8243; text_color_type=\u00bbuncode-palette\u00bb]Registros[\/vc_custom_heading][vc_custom_heading text_color=\u00bbcolor-jevc\u00bb text_transform=\u00bbuppercase\u00bb uncode_shortcode_id=\u00bb302859&#8243; text_color_type=\u00bbuncode-palette\u00bb]IRODaT[\/vc_custom_heading][\/vc_column_inner][\/vc_row_inner][\/vc_column][\/vc_row][vc_row row_height_percent=\u00bb0&#8243; override_padding=\u00bbyes\u00bb h_padding=\u00bb2&#8243; top_padding=\u00bb0&#8243; bottom_padding=\u00bb3&#8243; overlay_alpha=\u00bb50&#8243; gutter_size=\u00bb3&#8243; column_width_percent=\u00bb100&#8243; shift_y=\u00bb0&#8243; z_index=\u00bb0&#8243; uncode_shortcode_id=\u00bb394991&#8243;][vc_column width=\u00bb1\/1&#8243;][vc_row_inner][vc_column_inner column_width_percent=\u00bb100&#8243; position_vertical=\u00bbmiddle\u00bb gutter_size=\u00bb3&#8243; overlay_alpha=\u00bb50&#8243; shift_x=\u00bb0&#8243; shift_y=\u00bb0&#8243; shift_y_down=\u00bb0&#8243; z_index=\u00bb0&#8243; medium_width=\u00bb0&#8243; mobile_width=\u00bb0&#8243; width=\u00bb1\/2&#8243; uncode_shortcode_id=\u00bb111875&#8243;][vc_column_text uncode_shortcode_id=\u00bb135173&#8243;]<\/p>\n<p style=\"text-align: justify;\"><span style=\"font-weight: 400;\">IRODaT es un<strong> registro de datos abierto<\/strong> que <strong>recopila<\/strong> y <strong>pone a disposici\u00f3n<\/strong> a trav\u00e9s de <strong><a style=\"color: #b53125;\" href=\"http:\/\/www.irodat.org\">www.irodat.org<\/a><\/strong> estad\u00edsticas mundiales sobre <strong>donaci\u00f3n y trasplante de \u00f3rganos<\/strong> desde 1998. Las estad\u00edsticas de IRODaT proceden de reporteros oficiales, la mayor\u00eda de los cuales son miembros de <strong>Organizaciones Nacionales de Trasplantes<\/strong> y <strong>Ministerios de Sanidad<\/strong>.<\/span><\/p>\n<p style=\"text-align: justify;\"><span style=\"font-weight: 400;\">La informaci\u00f3n de IRODaT es <strong>valiosa<\/strong> para <strong>cient\u00edficos<\/strong>, <strong>gobiernos<\/strong> y <strong>estudiantes de doctorado<\/strong> que necesitan<strong> informes personalizados<\/strong> para llevar a cabo sus propias investigaciones y estudios. Adem\u00e1s, el equipo de IRODaT ofrece informes personalizados bajo demanda, con <strong>informaci\u00f3n internacional sobre donaci\u00f3n<\/strong> y <strong>trasplante de \u00f3rganos<\/strong>.<\/span><\/p>\n<p>[\/vc_column_text][vc_column_text text_lead=\u00bbsmall\u00bb uncode_shortcode_id=\u00bb216125&#8243;]<strong><a style=\"color: #b53125;\" href=\"https:\/\/www.irodat.org\/img\/database\/pdf\/Irodat-July-2023.pdf\" target=\"_blank\" rel=\"noopener\">Registro Internacional en Donaci\u00f3n y Trasplante de \u00d3rganos &#8211; Datos preliminares julio 2023<\/a><\/strong>[\/vc_column_text][\/vc_column_inner][vc_column_inner width=\u00bb1\/2&#8243;][vc_single_image media=\u00bb4539&#8243; media_width_percent=\u00bb100&#8243; shape=\u00bbimg-round\u00bb uncode_shortcode_id=\u00bb603846&#8243;][\/vc_column_inner][\/vc_row_inner][\/vc_column][\/vc_row]<\/p>\n<\/div>","protected":false},"excerpt":{"rendered":"<p>[vc_row row_height_percent=\u00bb0&#8243; override_padding=\u00bbyes\u00bb h_padding=\u00bb2&#8243; top_padding=\u00bb3&#8243; bottom_padding=\u00bb2&#8243; overlay_alpha=\u00bb50&#8243; gutter_size=\u00bb3&#8243; column_width_percent=\u00bb100&#8243; shift_y=\u00bb0&#8243; z_index=\u00bb0&#8243; uncode_shortcode_id=\u00bb204893&#8243;][vc_column width=\u00bb1\/1&#8243;][vc_row_inner][vc_column_inner width=\u00bb1\/1&#8243;][vc_custom_heading text_color=\u00bbcolor-red-tpm-dti\u00bb heading_semantic=\u00bbdiv\u00bb text_size=\u00bbh5&#8243; text_weight=\u00bb600&#8243; uncode_shortcode_id=\u00bb769878&#8243; text_color_type=\u00bbuncode-palette\u00bb]Registros[\/vc_custom_heading][vc_custom_heading [&hellip;]<\/p>\n","protected":false},"author":1,"featured_media":9335,"parent":0,"menu_order":0,"comment_status":"closed","ping_status":"closed","template":"","meta":{"_acf_changed":false,"footnotes":""},"class_list":["post-5408","page","type-page","status-publish","has-post-thumbnail","hentry"],"acf":[],"yoast_head":"<!-- This site is optimized with the Yoast SEO plugin v26.9 - https:\/\/yoast.com\/product\/yoast-seo-wordpress\/ -->\n<title>IRODaT | DTI Foundation | Donation &amp; Transplantation Institute<\/title>\n<meta name=\"description\" content=\"Descubre toda la informaci\u00f3n sobre IRODaT en nuestra web. En la Fundaci\u00f3n DTI trabajamos para brindar servicios y formaci\u00f3n en donaci\u00f3n de organos y transplantes en el mundo.\" \/>\n<meta name=\"robots\" content=\"index, follow, max-snippet:-1, max-image-preview:large, max-video-preview:-1\" \/>\n<link rel=\"canonical\" href=\"https:\/\/dtifoundation.com\/es\/irodat\/\" \/>\n<meta property=\"og:locale\" content=\"es_ES\" \/>\n<meta property=\"og:type\" content=\"article\" \/>\n<meta property=\"og:title\" content=\"IRODaT | DTI Foundation | Donation &amp; Transplantation Institute\" \/>\n<meta property=\"og:description\" content=\"Descubre toda la informaci\u00f3n sobre IRODaT en nuestra web. En la Fundaci\u00f3n DTI trabajamos para brindar servicios y formaci\u00f3n en donaci\u00f3n de organos y transplantes en el mundo.\" \/>\n<meta property=\"og:url\" content=\"https:\/\/dtifoundation.com\/es\/irodat\/\" \/>\n<meta property=\"og:site_name\" content=\"DTI Foundation | Donation &amp; Transplantation Institute\" \/>\n<meta property=\"article:modified_time\" content=\"2026-04-15T09:08:28+00:00\" \/>\n<meta property=\"og:image\" content=\"https:\/\/dtifoundation.com\/wp-content\/uploads\/2023\/04\/tablet-with-business-statistic-chart-2022-12-15-22-45-20-utc.jpg\" \/>\n\t<meta property=\"og:image:width\" content=\"2500\" \/>\n\t<meta property=\"og:image:height\" content=\"1667\" \/>\n\t<meta property=\"og:image:type\" content=\"image\/jpeg\" \/>\n<meta name=\"twitter:card\" content=\"summary_large_image\" \/>\n<meta name=\"twitter:label1\" content=\"Tiempo de lectura\" \/>\n\t<meta name=\"twitter:data1\" content=\"2 minutos\" \/>\n<script type=\"application\/ld+json\" class=\"yoast-schema-graph\">{\"@context\":\"https:\/\/schema.org\",\"@graph\":[{\"@type\":[\"WebPage\",\"MedicalWebPage\"],\"@id\":\"https:\/\/dtifoundation.com\/es\/irodat\/\",\"url\":\"https:\/\/dtifoundation.com\/es\/irodat\/\",\"name\":\"IRODaT | DTI Foundation | Donation &amp; Transplantation Institute\",\"isPartOf\":{\"@id\":\"https:\/\/dtifoundation.com\/#website\"},\"primaryImageOfPage\":{\"@id\":\"https:\/\/dtifoundation.com\/es\/irodat\/#primaryimage\"},\"image\":{\"@id\":\"https:\/\/dtifoundation.com\/es\/irodat\/#primaryimage\"},\"thumbnailUrl\":\"https:\/\/dtifoundation.com\/wp-content\/uploads\/2023\/04\/tablet-with-business-statistic-chart-2022-12-15-22-45-20-utc.jpg\",\"datePublished\":\"2023-03-02T16:07:17+00:00\",\"dateModified\":\"2026-04-15T09:08:28+00:00\",\"description\":\"Descubre toda la informaci\u00f3n sobre IRODaT en nuestra web. En la Fundaci\u00f3n DTI trabajamos para brindar servicios y formaci\u00f3n en donaci\u00f3n de organos y transplantes en el mundo.\",\"breadcrumb\":{\"@id\":\"https:\/\/dtifoundation.com\/es\/irodat\/#breadcrumb\"},\"inLanguage\":\"es\",\"potentialAction\":[{\"@type\":\"ReadAction\",\"target\":[\"https:\/\/dtifoundation.com\/es\/irodat\/\"]}]},{\"@type\":\"ImageObject\",\"inLanguage\":\"es\",\"@id\":\"https:\/\/dtifoundation.com\/es\/irodat\/#primaryimage\",\"url\":\"https:\/\/dtifoundation.com\/wp-content\/uploads\/2023\/04\/tablet-with-business-statistic-chart-2022-12-15-22-45-20-utc.jpg\",\"contentUrl\":\"https:\/\/dtifoundation.com\/wp-content\/uploads\/2023\/04\/tablet-with-business-statistic-chart-2022-12-15-22-45-20-utc.jpg\",\"width\":2500,\"height\":1667},{\"@type\":\"BreadcrumbList\",\"@id\":\"https:\/\/dtifoundation.com\/es\/irodat\/#breadcrumb\",\"itemListElement\":[{\"@type\":\"ListItem\",\"position\":1,\"name\":\"Home\",\"item\":\"https:\/\/dtifoundation.com\/es\/\"},{\"@type\":\"ListItem\",\"position\":2,\"name\":\"IRODaT\"}]},{\"@type\":\"WebSite\",\"@id\":\"https:\/\/dtifoundation.com\/#website\",\"url\":\"https:\/\/dtifoundation.com\/\",\"name\":\"TPM - DTI Foundation\",\"description\":\"\",\"potentialAction\":[{\"@type\":\"SearchAction\",\"target\":{\"@type\":\"EntryPoint\",\"urlTemplate\":\"https:\/\/dtifoundation.com\/?s={search_term_string}\"},\"query-input\":{\"@type\":\"PropertyValueSpecification\",\"valueRequired\":true,\"valueName\":\"search_term_string\"}}],\"inLanguage\":\"es\"}]}<\/script>\n<!-- \/ Yoast SEO plugin. -->","yoast_head_json":{"title":"IRODaT | DTI Foundation | Donation &amp; Transplantation Institute","description":"Descubre toda la informaci\u00f3n sobre IRODaT en nuestra web. En la Fundaci\u00f3n DTI trabajamos para brindar servicios y formaci\u00f3n en donaci\u00f3n de organos y transplantes en el mundo.","robots":{"index":"index","follow":"follow","max-snippet":"max-snippet:-1","max-image-preview":"max-image-preview:large","max-video-preview":"max-video-preview:-1"},"canonical":"https:\/\/dtifoundation.com\/es\/irodat\/","og_locale":"es_ES","og_type":"article","og_title":"IRODaT | DTI Foundation | Donation &amp; Transplantation Institute","og_description":"Descubre toda la informaci\u00f3n sobre IRODaT en nuestra web. En la Fundaci\u00f3n DTI trabajamos para brindar servicios y formaci\u00f3n en donaci\u00f3n de organos y transplantes en el mundo.","og_url":"https:\/\/dtifoundation.com\/es\/irodat\/","og_site_name":"DTI Foundation | Donation &amp; Transplantation Institute","article_modified_time":"2026-04-15T09:08:28+00:00","og_image":[{"width":2500,"height":1667,"url":"https:\/\/dtifoundation.com\/wp-content\/uploads\/2023\/04\/tablet-with-business-statistic-chart-2022-12-15-22-45-20-utc.jpg","type":"image\/jpeg"}],"twitter_card":"summary_large_image","twitter_misc":{"Tiempo de lectura":"2 minutos"},"schema":{"@context":"https:\/\/schema.org","@graph":[{"@type":["WebPage","MedicalWebPage"],"@id":"https:\/\/dtifoundation.com\/es\/irodat\/","url":"https:\/\/dtifoundation.com\/es\/irodat\/","name":"IRODaT | DTI Foundation | Donation &amp; Transplantation Institute","isPartOf":{"@id":"https:\/\/dtifoundation.com\/#website"},"primaryImageOfPage":{"@id":"https:\/\/dtifoundation.com\/es\/irodat\/#primaryimage"},"image":{"@id":"https:\/\/dtifoundation.com\/es\/irodat\/#primaryimage"},"thumbnailUrl":"https:\/\/dtifoundation.com\/wp-content\/uploads\/2023\/04\/tablet-with-business-statistic-chart-2022-12-15-22-45-20-utc.jpg","datePublished":"2023-03-02T16:07:17+00:00","dateModified":"2026-04-15T09:08:28+00:00","description":"Descubre toda la informaci\u00f3n sobre IRODaT en nuestra web. En la Fundaci\u00f3n DTI trabajamos para brindar servicios y formaci\u00f3n en donaci\u00f3n de organos y transplantes en el mundo.","breadcrumb":{"@id":"https:\/\/dtifoundation.com\/es\/irodat\/#breadcrumb"},"inLanguage":"es","potentialAction":[{"@type":"ReadAction","target":["https:\/\/dtifoundation.com\/es\/irodat\/"]}]},{"@type":"ImageObject","inLanguage":"es","@id":"https:\/\/dtifoundation.com\/es\/irodat\/#primaryimage","url":"https:\/\/dtifoundation.com\/wp-content\/uploads\/2023\/04\/tablet-with-business-statistic-chart-2022-12-15-22-45-20-utc.jpg","contentUrl":"https:\/\/dtifoundation.com\/wp-content\/uploads\/2023\/04\/tablet-with-business-statistic-chart-2022-12-15-22-45-20-utc.jpg","width":2500,"height":1667},{"@type":"BreadcrumbList","@id":"https:\/\/dtifoundation.com\/es\/irodat\/#breadcrumb","itemListElement":[{"@type":"ListItem","position":1,"name":"Home","item":"https:\/\/dtifoundation.com\/es\/"},{"@type":"ListItem","position":2,"name":"IRODaT"}]},{"@type":"WebSite","@id":"https:\/\/dtifoundation.com\/#website","url":"https:\/\/dtifoundation.com\/","name":"TPM - DTI Foundation","description":"","potentialAction":[{"@type":"SearchAction","target":{"@type":"EntryPoint","urlTemplate":"https:\/\/dtifoundation.com\/?s={search_term_string}"},"query-input":{"@type":"PropertyValueSpecification","valueRequired":true,"valueName":"search_term_string"}}],"inLanguage":"es"}]}},"_links":{"self":[{"href":"https:\/\/dtifoundation.com\/es\/wp-json\/wp\/v2\/pages\/5408","targetHints":{"allow":["GET"]}}],"collection":[{"href":"https:\/\/dtifoundation.com\/es\/wp-json\/wp\/v2\/pages"}],"about":[{"href":"https:\/\/dtifoundation.com\/es\/wp-json\/wp\/v2\/types\/page"}],"author":[{"embeddable":true,"href":"https:\/\/dtifoundation.com\/es\/wp-json\/wp\/v2\/users\/1"}],"replies":[{"embeddable":true,"href":"https:\/\/dtifoundation.com\/es\/wp-json\/wp\/v2\/comments?post=5408"}],"version-history":[{"count":2,"href":"https:\/\/dtifoundation.com\/es\/wp-json\/wp\/v2\/pages\/5408\/revisions"}],"predecessor-version":[{"id":18196,"href":"https:\/\/dtifoundation.com\/es\/wp-json\/wp\/v2\/pages\/5408\/revisions\/18196"}],"wp:featuredmedia":[{"embeddable":true,"href":"https:\/\/dtifoundation.com\/es\/wp-json\/wp\/v2\/media\/9335"}],"wp:attachment":[{"href":"https:\/\/dtifoundation.com\/es\/wp-json\/wp\/v2\/media?parent=5408"}],"curies":[{"name":"wp","href":"https:\/\/api.w.org\/{rel}","templated":true}]}}