{"id":5396,"date":"2023-03-14T15:30:25","date_gmt":"2023-03-14T15:30:25","guid":{"rendered":"http:\/\/dti.developallin.com\/transparencia\/"},"modified":"2026-03-17T14:02:00","modified_gmt":"2026-03-17T14:02:00","slug":"transparencia","status":"publish","type":"page","link":"https:\/\/dtifoundation.com\/es\/transparencia\/","title":{"rendered":"Transparencia"},"content":{"rendered":"<div class=\"wpb-content-wrapper\"><p>[vc_row row_height_percent=\u00bb0&#8243; override_padding=\u00bbyes\u00bb h_padding=\u00bb2&#8243; top_padding=\u00bb3&#8243; bottom_padding=\u00bb2&#8243; overlay_alpha=\u00bb50&#8243; gutter_size=\u00bb3&#8243; column_width_percent=\u00bb100&#8243; shift_y=\u00bb0&#8243; z_index=\u00bb0&#8243; uncode_shortcode_id=\u00bb540118&#8243;][vc_column width=\u00bb1\/1&#8243;][vc_column_text uncode_shortcode_id=\u00bb181535&#8243;]<span style=\"font-weight: 400;\">En cumplimiento con los est\u00e1ndares de trasparencia de la fundaciones sin \u00e1nimo de lucro, <\/span><span style=\"font-weight: 400;\">queremos facilitar el acceso p\u00fablico a los datos institucionales, organizativos, econ\u00f3micos y patrimoniales de la entidad. <\/span>[\/vc_column_text][\/vc_column][\/vc_row][vc_row row_height_percent=\u00bb0&#8243; override_padding=\u00bbyes\u00bb h_padding=\u00bb2&#8243; top_padding=\u00bb0&#8243; bottom_padding=\u00bb3&#8243; overlay_alpha=\u00bb50&#8243; gutter_size=\u00bb3&#8243; column_width_percent=\u00bb100&#8243; shift_y=\u00bb0&#8243; z_index=\u00bb0&#8243; uncode_shortcode_id=\u00bb206045&#8243;][vc_column width=\u00bb1\/2&#8243;][vc_single_image media=\u00bb16426&#8243; media_width_percent=\u00bb100&#8243; media_ratio=\u00bbfour-three\u00bb uncode_shortcode_id=\u00bb298287&#8243;][\/vc_column][vc_column width=\u00bb1\/2&#8243;][vc_column_text uncode_shortcode_id=\u00bb129727&#8243;]<span style=\"font-weight: 400;\">Queremos que nuestra gesti\u00f3n sea transparente. Por este motivo, hacemos p\u00fablica la siguiente informaci\u00f3n:\u00a0<\/span><\/p>\n<ul>\n<li><a style=\"color: #b53125;\" href=\"https:\/\/dtifoundation.com\/wp-content\/uploads\/2023\/10\/ESTATUTS-DTI-CAT.pdf\">Estatutos<\/a><\/li>\n<li><a style=\"color: #b53125;\" href=\"https:\/\/dtifoundation.com\/es\/nuestra-mision\/\" target=\"_blank\" rel=\"noopener\">Misi\u00f3n y visi\u00f3n<\/a><\/li>\n<li><a style=\"color: #b53125;\" href=\"https:\/\/dtifoundation.com\/wp-content\/uploads\/2025\/06\/G-010-organigrama-DTI.pdf\" target=\"_blank\" rel=\"noopener\">Organigrama DTI<\/a><\/li>\n<li><a style=\"color: #b53125;\" href=\"https:\/\/dtifoundation.com\/wp-content\/uploads\/2025\/07\/0200620_SPA-SP_DTI-_Donation_and_Transplantation_Institute.pdf\" target=\"_blank\" rel=\"noopener\">Auditor\u00eda de calidad<\/a><\/li>\n<li><a style=\"color: #b53125;\" href=\"https:\/\/dtifoundation.com\/wp-content\/uploads\/2025\/07\/F205-ES-SP-Use-of-Certificates-and-Certification-and-Accreditation-Mark.pdf\" target=\"_blank\" rel=\"noopener\">Certificado de registro<\/a><\/li>\n<li><a style=\"color: #b53125;\" href=\"https:\/\/dtifoundation.com\/wp-content\/uploads\/2023\/07\/DTI.-Informe-y-CCAA-2022.pdf\" target=\"_blank\" rel=\"noopener\">Informe de auditor\u00eda + CCAA 22&#8242;<\/a><\/li>\n<li><a style=\"color: #b53125;\" href=\"https:\/\/dtifoundation.com\/wp-content\/uploads\/2025\/06\/DTI.-Informe-de-auditoria-y-CCAA-2023-firmado.pdf\" target=\"_blank\" rel=\"noopener\">Informe de auditor\u00eda + CCAA 23&#8242;<\/a><\/li>\n<li><a style=\"color: #b53125;\" href=\"https:\/\/dtifoundation.com\/wp-content\/uploads\/2025\/06\/DTI.-Informe-de-auditoria-y-CCAA-2024-firmado.pdf\" target=\"_blank\" rel=\"noopener\">Informe de auditor\u00eda + CCAA 24&#8242;<\/a><\/li>\n<li><a style=\"color: #b53125;\" href=\"https:\/\/dtifoundation.com\/wp-content\/uploads\/2026\/03\/Codigo-Etico-DTI-_Final_06_2025_Format.pdf\" target=\"_blank\" rel=\"noopener\">C\u00f3digo \u00c9tico<\/a><\/li>\n<\/ul>\n<p><span style=\"font-weight: 400;\">Estamos registrados:\u00a0<\/span><\/p>\n<ul>\n<li><span style=\"font-weight: 400;\">\u00a0Registre de Fundacions de la Generalitat de Catalunya &#8211; n\u00famero 2451<\/span><\/li>\n<li><span style=\"font-weight: 400;\">Registre de grups d&#8217;inter\u00e8s de Catalunya &#8211; n\u00famero de identificaci\u00f3n 3363.<\/span><\/li>\n<li>Registro de Organizaciones no Gubernamentales para el Desarrollo (ONGD)<\/li>\n<\/ul>\n<p><span style=\"font-weight: 400;\">Para m\u00e1s informaci\u00f3n:<\/span><\/p>\n<ul>\n<li><span style=\"font-weight: 400;\">Puedes encontrarnos en el Parc Cient\u00edfic de Barcelona. Torre I Planta 8. Carrer Baldiri i Reixac 4-8 08028 Barcelona.\u00a0<\/span><\/li>\n<li><span style=\"font-weight: 400;\">Puedes contactar con nosotros en <\/span><a style=\"color: #b53125;\" href=\"mailto:infodti@dtifoundation.com\">infodti@dtifoundation.com<\/a> o llamando al <a style=\"color: #b53125;\" href=\"telf:+93 402 08 96\">+93 402 08 96<\/a>.<\/li>\n<\/ul>\n<p>[\/vc_column_text][\/vc_column][\/vc_row]<\/p>\n<\/div>","protected":false},"excerpt":{"rendered":"<p>[vc_row row_height_percent=\u00bb0&#8243; override_padding=\u00bbyes\u00bb h_padding=\u00bb2&#8243; top_padding=\u00bb3&#8243; bottom_padding=\u00bb2&#8243; overlay_alpha=\u00bb50&#8243; gutter_size=\u00bb3&#8243; column_width_percent=\u00bb100&#8243; shift_y=\u00bb0&#8243; z_index=\u00bb0&#8243; uncode_shortcode_id=\u00bb540118&#8243;][vc_column width=\u00bb1\/1&#8243;][vc_column_text uncode_shortcode_id=\u00bb181535&#8243;]En cumplimiento con los est\u00e1ndares de trasparencia [&hellip;]<\/p>\n","protected":false},"author":1,"featured_media":9293,"parent":0,"menu_order":0,"comment_status":"closed","ping_status":"closed","template":"","meta":{"_acf_changed":false,"footnotes":""},"class_list":["post-5396","page","type-page","status-publish","has-post-thumbnail","hentry"],"acf":[],"yoast_head":"<!-- This site is optimized with the Yoast SEO plugin v26.9 - https:\/\/yoast.com\/product\/yoast-seo-wordpress\/ -->\n<title>Transparencia | DTI Foundation | Donation &amp; Transplantation Institute<\/title>\n<meta name=\"description\" content=\"Descubre toda la informaci\u00f3n sobre Transparencia en nuestra web. En la Fundaci\u00f3n DTI trabajamos para brindar servicios y formaci\u00f3n en donaci\u00f3n de organos y transplantes en el mundo.\" \/>\n<meta name=\"robots\" content=\"index, follow, max-snippet:-1, max-image-preview:large, max-video-preview:-1\" \/>\n<link rel=\"canonical\" href=\"https:\/\/dtifoundation.com\/es\/transparencia\/\" \/>\n<meta property=\"og:locale\" content=\"es_ES\" \/>\n<meta property=\"og:type\" content=\"article\" \/>\n<meta property=\"og:title\" content=\"Transparencia | DTI Foundation | Donation &amp; Transplantation Institute\" \/>\n<meta property=\"og:description\" content=\"Descubre toda la informaci\u00f3n sobre Transparencia en nuestra web. En la Fundaci\u00f3n DTI trabajamos para brindar servicios y formaci\u00f3n en donaci\u00f3n de organos y transplantes en el mundo.\" \/>\n<meta property=\"og:url\" content=\"https:\/\/dtifoundation.com\/es\/transparencia\/\" \/>\n<meta property=\"og:site_name\" content=\"DTI Foundation | Donation &amp; Transplantation Institute\" \/>\n<meta property=\"article:modified_time\" content=\"2026-03-17T14:02:00+00:00\" \/>\n<meta property=\"og:image\" content=\"https:\/\/dtifoundation.com\/wp-content\/uploads\/2023\/04\/empty-hospital-operating-theater-ready-for-surgery-2022-02-02-04-49-38-utc.jpg\" \/>\n\t<meta property=\"og:image:width\" content=\"2500\" \/>\n\t<meta property=\"og:image:height\" content=\"1656\" \/>\n\t<meta property=\"og:image:type\" content=\"image\/jpeg\" \/>\n<meta name=\"twitter:card\" content=\"summary_large_image\" \/>\n<meta name=\"twitter:label1\" content=\"Tiempo de lectura\" \/>\n\t<meta name=\"twitter:data1\" content=\"1 minuto\" \/>\n<script type=\"application\/ld+json\" class=\"yoast-schema-graph\">{\"@context\":\"https:\/\/schema.org\",\"@graph\":[{\"@type\":[\"WebPage\",\"MedicalWebPage\"],\"@id\":\"https:\/\/dtifoundation.com\/es\/transparencia\/\",\"url\":\"https:\/\/dtifoundation.com\/es\/transparencia\/\",\"name\":\"Transparencia | DTI Foundation | Donation &amp; Transplantation Institute\",\"isPartOf\":{\"@id\":\"https:\/\/dtifoundation.com\/#website\"},\"primaryImageOfPage\":{\"@id\":\"https:\/\/dtifoundation.com\/es\/transparencia\/#primaryimage\"},\"image\":{\"@id\":\"https:\/\/dtifoundation.com\/es\/transparencia\/#primaryimage\"},\"thumbnailUrl\":\"https:\/\/dtifoundation.com\/wp-content\/uploads\/2023\/04\/empty-hospital-operating-theater-ready-for-surgery-2022-02-02-04-49-38-utc.jpg\",\"datePublished\":\"2023-03-14T15:30:25+00:00\",\"dateModified\":\"2026-03-17T14:02:00+00:00\",\"description\":\"Descubre toda la informaci\u00f3n sobre Transparencia en nuestra web. En la Fundaci\u00f3n DTI trabajamos para brindar servicios y formaci\u00f3n en donaci\u00f3n de organos y transplantes en el mundo.\",\"breadcrumb\":{\"@id\":\"https:\/\/dtifoundation.com\/es\/transparencia\/#breadcrumb\"},\"inLanguage\":\"es\",\"potentialAction\":[{\"@type\":\"ReadAction\",\"target\":[\"https:\/\/dtifoundation.com\/es\/transparencia\/\"]}]},{\"@type\":\"ImageObject\",\"inLanguage\":\"es\",\"@id\":\"https:\/\/dtifoundation.com\/es\/transparencia\/#primaryimage\",\"url\":\"https:\/\/dtifoundation.com\/wp-content\/uploads\/2023\/04\/empty-hospital-operating-theater-ready-for-surgery-2022-02-02-04-49-38-utc.jpg\",\"contentUrl\":\"https:\/\/dtifoundation.com\/wp-content\/uploads\/2023\/04\/empty-hospital-operating-theater-ready-for-surgery-2022-02-02-04-49-38-utc.jpg\",\"width\":2500,\"height\":1656},{\"@type\":\"BreadcrumbList\",\"@id\":\"https:\/\/dtifoundation.com\/es\/transparencia\/#breadcrumb\",\"itemListElement\":[{\"@type\":\"ListItem\",\"position\":1,\"name\":\"Home\",\"item\":\"https:\/\/dtifoundation.com\/es\/\"},{\"@type\":\"ListItem\",\"position\":2,\"name\":\"Transparencia\"}]},{\"@type\":\"WebSite\",\"@id\":\"https:\/\/dtifoundation.com\/#website\",\"url\":\"https:\/\/dtifoundation.com\/\",\"name\":\"TPM - DTI Foundation\",\"description\":\"\",\"potentialAction\":[{\"@type\":\"SearchAction\",\"target\":{\"@type\":\"EntryPoint\",\"urlTemplate\":\"https:\/\/dtifoundation.com\/?s={search_term_string}\"},\"query-input\":{\"@type\":\"PropertyValueSpecification\",\"valueRequired\":true,\"valueName\":\"search_term_string\"}}],\"inLanguage\":\"es\"}]}<\/script>\n<!-- \/ Yoast SEO plugin. -->","yoast_head_json":{"title":"Transparencia | DTI Foundation | Donation &amp; Transplantation Institute","description":"Descubre toda la informaci\u00f3n sobre Transparencia en nuestra web. En la Fundaci\u00f3n DTI trabajamos para brindar servicios y formaci\u00f3n en donaci\u00f3n de organos y transplantes en el mundo.","robots":{"index":"index","follow":"follow","max-snippet":"max-snippet:-1","max-image-preview":"max-image-preview:large","max-video-preview":"max-video-preview:-1"},"canonical":"https:\/\/dtifoundation.com\/es\/transparencia\/","og_locale":"es_ES","og_type":"article","og_title":"Transparencia | DTI Foundation | Donation &amp; Transplantation Institute","og_description":"Descubre toda la informaci\u00f3n sobre Transparencia en nuestra web. En la Fundaci\u00f3n DTI trabajamos para brindar servicios y formaci\u00f3n en donaci\u00f3n de organos y transplantes en el mundo.","og_url":"https:\/\/dtifoundation.com\/es\/transparencia\/","og_site_name":"DTI Foundation | Donation &amp; Transplantation Institute","article_modified_time":"2026-03-17T14:02:00+00:00","og_image":[{"width":2500,"height":1656,"url":"https:\/\/dtifoundation.com\/wp-content\/uploads\/2023\/04\/empty-hospital-operating-theater-ready-for-surgery-2022-02-02-04-49-38-utc.jpg","type":"image\/jpeg"}],"twitter_card":"summary_large_image","twitter_misc":{"Tiempo de lectura":"1 minuto"},"schema":{"@context":"https:\/\/schema.org","@graph":[{"@type":["WebPage","MedicalWebPage"],"@id":"https:\/\/dtifoundation.com\/es\/transparencia\/","url":"https:\/\/dtifoundation.com\/es\/transparencia\/","name":"Transparencia | DTI Foundation | Donation &amp; Transplantation Institute","isPartOf":{"@id":"https:\/\/dtifoundation.com\/#website"},"primaryImageOfPage":{"@id":"https:\/\/dtifoundation.com\/es\/transparencia\/#primaryimage"},"image":{"@id":"https:\/\/dtifoundation.com\/es\/transparencia\/#primaryimage"},"thumbnailUrl":"https:\/\/dtifoundation.com\/wp-content\/uploads\/2023\/04\/empty-hospital-operating-theater-ready-for-surgery-2022-02-02-04-49-38-utc.jpg","datePublished":"2023-03-14T15:30:25+00:00","dateModified":"2026-03-17T14:02:00+00:00","description":"Descubre toda la informaci\u00f3n sobre Transparencia en nuestra web. En la Fundaci\u00f3n DTI trabajamos para brindar servicios y formaci\u00f3n en donaci\u00f3n de organos y transplantes en el mundo.","breadcrumb":{"@id":"https:\/\/dtifoundation.com\/es\/transparencia\/#breadcrumb"},"inLanguage":"es","potentialAction":[{"@type":"ReadAction","target":["https:\/\/dtifoundation.com\/es\/transparencia\/"]}]},{"@type":"ImageObject","inLanguage":"es","@id":"https:\/\/dtifoundation.com\/es\/transparencia\/#primaryimage","url":"https:\/\/dtifoundation.com\/wp-content\/uploads\/2023\/04\/empty-hospital-operating-theater-ready-for-surgery-2022-02-02-04-49-38-utc.jpg","contentUrl":"https:\/\/dtifoundation.com\/wp-content\/uploads\/2023\/04\/empty-hospital-operating-theater-ready-for-surgery-2022-02-02-04-49-38-utc.jpg","width":2500,"height":1656},{"@type":"BreadcrumbList","@id":"https:\/\/dtifoundation.com\/es\/transparencia\/#breadcrumb","itemListElement":[{"@type":"ListItem","position":1,"name":"Home","item":"https:\/\/dtifoundation.com\/es\/"},{"@type":"ListItem","position":2,"name":"Transparencia"}]},{"@type":"WebSite","@id":"https:\/\/dtifoundation.com\/#website","url":"https:\/\/dtifoundation.com\/","name":"TPM - DTI Foundation","description":"","potentialAction":[{"@type":"SearchAction","target":{"@type":"EntryPoint","urlTemplate":"https:\/\/dtifoundation.com\/?s={search_term_string}"},"query-input":{"@type":"PropertyValueSpecification","valueRequired":true,"valueName":"search_term_string"}}],"inLanguage":"es"}]}},"_links":{"self":[{"href":"https:\/\/dtifoundation.com\/es\/wp-json\/wp\/v2\/pages\/5396","targetHints":{"allow":["GET"]}}],"collection":[{"href":"https:\/\/dtifoundation.com\/es\/wp-json\/wp\/v2\/pages"}],"about":[{"href":"https:\/\/dtifoundation.com\/es\/wp-json\/wp\/v2\/types\/page"}],"author":[{"embeddable":true,"href":"https:\/\/dtifoundation.com\/es\/wp-json\/wp\/v2\/users\/1"}],"replies":[{"embeddable":true,"href":"https:\/\/dtifoundation.com\/es\/wp-json\/wp\/v2\/comments?post=5396"}],"version-history":[{"count":9,"href":"https:\/\/dtifoundation.com\/es\/wp-json\/wp\/v2\/pages\/5396\/revisions"}],"predecessor-version":[{"id":17821,"href":"https:\/\/dtifoundation.com\/es\/wp-json\/wp\/v2\/pages\/5396\/revisions\/17821"}],"wp:featuredmedia":[{"embeddable":true,"href":"https:\/\/dtifoundation.com\/es\/wp-json\/wp\/v2\/media\/9293"}],"wp:attachment":[{"href":"https:\/\/dtifoundation.com\/es\/wp-json\/wp\/v2\/media?parent=5396"}],"curies":[{"name":"wp","href":"https:\/\/api.w.org\/{rel}","templated":true}]}}