{"id":5338,"date":"2023-03-14T14:59:18","date_gmt":"2023-03-14T14:59:18","guid":{"rendered":"http:\/\/dti.developallin.com\/nuestra-mision\/"},"modified":"2023-10-10T09:50:31","modified_gmt":"2023-10-10T09:50:31","slug":"nuestra-mision","status":"publish","type":"page","link":"https:\/\/dtifoundation.com\/es\/nuestra-mision\/","title":{"rendered":"Nuestra misi\u00f3n"},"content":{"rendered":"<div class=\"wpb-content-wrapper\"><p>[vc_row row_height_percent=\u00bb0&#8243; overlay_alpha=\u00bb50&#8243; gutter_size=\u00bb3&#8243; column_width_percent=\u00bb100&#8243; shift_y=\u00bb0&#8243; z_index=\u00bb0&#8243; uncode_shortcode_id=\u00bb134962&#8243; css=\u00bb.vc_custom_1673266966302{padding-top: 50px !important;padding-bottom: 50px !important;}\u00bb][vc_column column_width_percent=\u00bb100&#8243; position_vertical=\u00bbmiddle\u00bb gutter_size=\u00bb3&#8243; override_padding=\u00bbyes\u00bb column_padding=\u00bb2&#8243; overlay_alpha=\u00bb50&#8243; shift_x=\u00bb0&#8243; shift_y=\u00bb0&#8243; shift_y_down=\u00bb0&#8243; z_index=\u00bb0&#8243; medium_width=\u00bb0&#8243; mobile_width=\u00bb0&#8243; width=\u00bb1\/2&#8243; uncode_shortcode_id=\u00bb954600&#8243;][vc_custom_heading text_color=\u00bbcolor-red-tpm-dti\u00bb heading_semantic=\u00bbh3&#8243; text_size=\u00bbh5&#8243; uncode_shortcode_id=\u00bb633543&#8243; text_color_type=\u00bbuncode-palette\u00bb]NUESTRO[\/vc_custom_heading][vc_custom_heading uncode_shortcode_id=\u00bb228602&#8243;]COMPROMISO[\/vc_custom_heading][vc_icon position=\u00bbleft\u00bb space_reduced=\u00bbyes\u00bb icon=\u00bbfa fa-earth\u00bb icon_color=\u00bbcolor-red-tpm-dti\u00bb size=\u00bbfa-4x\u00bb uncode_shortcode_id=\u00bb186151&#8243; icon_color_type=\u00bbuncode-palette\u00bb]Aumentar la donaci\u00f3n de \u00f3rganos en el mundo[\/vc_icon][vc_icon position=\u00bbleft\u00bb space_reduced=\u00bbyes\u00bb icon=\u00bbfa fa-line-chart\u00bb icon_color=\u00bbcolor-red-tpm-dti\u00bb size=\u00bbfa-4x\u00bb uncode_shortcode_id=\u00bb170110&#8243; icon_color_type=\u00bbuncode-palette\u00bb]Mejorar la calidad de vida de la sociedad[\/vc_icon][vc_icon position=\u00bbleft\u00bb space_reduced=\u00bbyes\u00bb icon=\u00bbfa fa-life-bouy\u00bb icon_color=\u00bbcolor-red-tpm-dti\u00bb size=\u00bbfa-4x\u00bb uncode_shortcode_id=\u00bb661362&#8243; icon_color_type=\u00bbuncode-palette\u00bb]Apoyar la medicina regenerativa[\/vc_icon][\/vc_column][vc_column column_width_percent=\u00bb100&#8243; gutter_size=\u00bb3&#8243; override_padding=\u00bbyes\u00bb column_padding=\u00bb2&#8243; overlay_alpha=\u00bb50&#8243; shift_x=\u00bb0&#8243; shift_y=\u00bb0&#8243; shift_y_down=\u00bb0&#8243; z_index=\u00bb0&#8243; medium_width=\u00bb0&#8243; mobile_width=\u00bb0&#8243; width=\u00bb1\/2&#8243; uncode_shortcode_id=\u00bb380700&#8243;][vc_custom_heading text_color=\u00bbcolor-red-tpm-dti\u00bb heading_semantic=\u00bbh3&#8243; text_size=\u00bbh5&#8243; uncode_shortcode_id=\u00bb170418&#8243; text_color_type=\u00bbuncode-palette\u00bb]NUESTRA[\/vc_custom_heading][vc_custom_heading uncode_shortcode_id=\u00bb121053&#8243;]MISI\u00d3N[\/vc_custom_heading][vc_column_text uncode_shortcode_id=\u00bb178747&#8243;]Asesorar y apoyar a entidades internacionales p\u00fablicas y privadas que trabajan en el sistema sanitario para dise\u00f1ar, desarrollar y fortalecer redes, programas, servicios y\/o proyectos de investigaci\u00f3n en el \u00e1mbito de la donaci\u00f3n y el trasplante de \u00f3rganos, tejidos y c\u00e9lulas; con el objetivo de mejorar la calidad de vida de los ciudadanos.[\/vc_column_text][vc_custom_heading text_color=\u00bbcolor-red-tpm-dti\u00bb heading_semantic=\u00bbh3&#8243; text_size=\u00bbh5&#8243; uncode_shortcode_id=\u00bb191830&#8243; text_color_type=\u00bbuncode-palette\u00bb]NUESTRA[\/vc_custom_heading][vc_custom_heading uncode_shortcode_id=\u00bb490593&#8243;]VISI\u00d3N[\/vc_custom_heading][vc_column_text uncode_shortcode_id=\u00bb197104&#8243;]Ser una organizaci\u00f3n con prestigio internacional que coordinando proyectos y acciones, contribuya a satisfacer los requerimientos y necesidades de la poblaci\u00f3n de diversas regiones del mundo en materia de donaci\u00f3n de \u00f3rganos, tejidos y c\u00e9lulas humanas disponibles para trasplante e investigaci\u00f3n.[\/vc_column_text][\/vc_column][\/vc_row][vc_row row_height_percent=\u00bb0&#8243; override_padding=\u00bbyes\u00bb h_padding=\u00bb2&#8243; top_padding=\u00bb3&#8243; bottom_padding=\u00bb3&#8243; back_color=\u00bbcolor-lxmt\u00bb overlay_alpha=\u00bb50&#8243; gutter_size=\u00bb3&#8243; column_width_percent=\u00bb100&#8243; shift_y=\u00bb0&#8243; z_index=\u00bb0&#8243; uncode_shortcode_id=\u00bb180747&#8243; back_color_type=\u00bbuncode-palette\u00bb][vc_column width=\u00bb1\/1&#8243;][vc_row_inner row_inner_height_percent=\u00bb0&#8243; overlay_alpha=\u00bb50&#8243; gutter_size=\u00bb3&#8243; shift_y=\u00bb0&#8243; z_index=\u00bb0&#8243; uncode_shortcode_id=\u00bb242995&#8243;][vc_column_inner width=\u00bb1\/2&#8243;][vc_custom_heading text_color=\u00bbcolor-red-tpm-dti\u00bb heading_semantic=\u00bbh3&#8243; text_size=\u00bbh5&#8243; uncode_shortcode_id=\u00bb570868&#8243; text_color_type=\u00bbuncode-palette\u00bb]NUESTROS[\/vc_custom_heading][vc_custom_heading uncode_shortcode_id=\u00bb267001&#8243;]VALORES[\/vc_custom_heading][uncode_list icon=\u00bbfa fa-caret-right\u00bb icon_color=\u00bbcolor-red-tpm-dti\u00bb uncode_shortcode_id=\u00bb173724&#8243; icon_color_type=\u00bbuncode-palette\u00bb]El trabajo que desarrolla la fundaci\u00f3n se basa en los siguientes valores:<\/p>\n<p>&nbsp;<\/p>\n<ul>\n<li>Transparencia en nuestros procesos internos y externos.<\/li>\n<li>Excelencia en nuestros procesos internos y externos.<\/li>\n<li>Solidaridad con los distintos colectivos y pa\u00edses, especialmente con los m\u00e1s desfavorecidos.<\/li>\n<li>Tolerancia hacia las diferencias y diversidad de las distintas sensibilidades y manifestaciones.<\/li>\n<\/ul>\n<p>[\/uncode_list][\/vc_column_inner][vc_column_inner width=\u00bb1\/2&#8243;][vc_single_image media=\u00bb11720&#8243; media_width_percent=\u00bb100&#8243; uncode_shortcode_id=\u00bb101301&#8243; el_class=\u00bbimg-radius\u00bb][\/vc_column_inner][\/vc_row_inner][vc_row_inner row_inner_height_percent=\u00bb0&#8243; overlay_alpha=\u00bb50&#8243; gutter_size=\u00bb3&#8243; shift_y=\u00bb0&#8243; z_index=\u00bb0&#8243; uncode_shortcode_id=\u00bb111339&#8243; css=\u00bb.vc_custom_1679390751826{padding-top: 36px !important;}\u00bb][vc_column_inner column_width_percent=\u00bb100&#8243; position_vertical=\u00bbmiddle\u00bb gutter_size=\u00bb3&#8243; overlay_alpha=\u00bb50&#8243; shift_x=\u00bb0&#8243; shift_y=\u00bb0&#8243; shift_y_down=\u00bb0&#8243; z_index=\u00bb0&#8243; medium_width=\u00bb0&#8243; mobile_width=\u00bb0&#8243; width=\u00bb1\/2&#8243; uncode_shortcode_id=\u00bb200060&#8243;][vc_single_image media=\u00bb11723&#8243; media_width_percent=\u00bb100&#8243; uncode_shortcode_id=\u00bb158242&#8243; el_class=\u00bbimg-radius\u00bb][\/vc_column_inner][vc_column_inner width=\u00bb1\/2&#8243;][vc_custom_heading text_color=\u00bbcolor-red-tpm-dti\u00bb heading_semantic=\u00bbh3&#8243; text_size=\u00bbh5&#8243; uncode_shortcode_id=\u00bb130500&#8243; text_color_type=\u00bbuncode-palette\u00bb]NUESTROS[\/vc_custom_heading][vc_custom_heading uncode_shortcode_id=\u00bb152087&#8243;]OBJETIVOS[\/vc_custom_heading][uncode_list icon=\u00bbfa fa-caret-right\u00bb icon_color=\u00bbcolor-red-tpm-dti\u00bb uncode_shortcode_id=\u00bb531217&#8243; icon_color_type=\u00bbuncode-palette\u00bb]Los objetivos de la fundaci\u00f3n se centran en las siguientes l\u00edneas generales:<\/p>\n<ul>\n<li>Atraer talentos en diferentes campos que permitan descubrir las necesidades y desarrollar las oportunidades de crecimiento y mejora.<\/li>\n<li>Desarrollar ideas y proyectos vinculados a los proyectos cient\u00edficos y tecnol\u00f3gicos relacionados con la donaci\u00f3n y el trasplante.<\/li>\n<li>Contribuir al desarrollo de regiones o pa\u00edses en el \u00e1rea de la donaci\u00f3n y trasplante de \u00f3rganos, tejidos y c\u00e9lulas humanas.<\/li>\n<li>Colaborar en el desarrollo de un mayor n\u00famero de \u00f3rganos, tejidos y\/o c\u00e9lulas de acuerdo con la demanda y necesidades de la poblaci\u00f3n.<\/li>\n<li>Asegurar que sus beneficiarios cumplan con los est\u00e1ndares de calidad, t\u00e9cnicos y \u00e9ticos para la obtenci\u00f3n, procesamiento, preservaci\u00f3n y distribuci\u00f3n de \u00f3rganos, tejidos y c\u00e9lulas humanos dirigidos al trasplante o para investigaci\u00f3n.<\/li>\n<\/ul>\n<p>[\/uncode_list][\/vc_column_inner][\/vc_row_inner][\/vc_column][\/vc_row][vc_row row_height_percent=\u00bb0&#8243; overlay_alpha=\u00bb50&#8243; gutter_size=\u00bb3&#8243; column_width_percent=\u00bb100&#8243; shift_y=\u00bb0&#8243; z_index=\u00bb0&#8243; uncode_shortcode_id=\u00bb194027&#8243; css=\u00bb.vc_custom_1673268265578{padding-top: 50px !important;padding-bottom: 50px !important;}\u00bb][vc_column width=\u00bb1\/3&#8243;][vc_custom_heading text_color=\u00bbcolor-red-tpm-dti\u00bb heading_semantic=\u00bbh3&#8243; text_size=\u00bbh5&#8243; uncode_shortcode_id=\u00bb193989&#8243; text_color_type=\u00bbuncode-palette\u00bb]NUESTRA[\/vc_custom_heading][vc_custom_heading uncode_shortcode_id=\u00bb189144&#8243;]CALIDAD[\/vc_custom_heading][vc_column_text uncode_shortcode_id=\u00bb445633&#8243;]Como organizaci\u00f3n internacional, DTI busca mejorar la calidad de vida de la sociedad, incrementar la donaci\u00f3n y el trasplante de \u00f3rganos, y el avance de la medicina regenerativa alrededor del mundo. Por ello, hemos desarrollado un sistema de calidad que garantiza que todos nuestras actuaciones cumplen con los principos que se desriben a continuaci\u00f3n.[\/vc_column_text][\/vc_column][vc_column width=\u00bb2\/3&#8243;][uncode_list icon=\u00bbfa fa-caret-right\u00bb icon_color=\u00bbcolor-red-tpm-dti\u00bb uncode_shortcode_id=\u00bb634676&#8243; icon_color_type=\u00bbuncode-palette\u00bb]<\/p>\n<ul>\n<li>Hacer de la calidad un elemento b\u00e1sico en la cultura de la Fundaci\u00f3n, implicando para ello a todos y cada uno de los componentes de la organizaci\u00f3n.<\/li>\n<li>Establecer una gesti\u00f3n eficaz con nuestros colaboradores, proveedores y clientes para garantizar resultados y conseguir beneficios comunes para todos los actores implicados.<\/li>\n<li>Innovar y adaptarnos permanentemente en nuestros procesos de docencia, consultor\u00eda e investigaci\u00f3n de forma que respondan a las necesidades de nuestros clientes y de la sociedad.<\/li>\n<li>Formar a nuestro personal como elemento fundamental para garantizar la calidad, la competencia del personal y asegurar la mejora continua.<\/li>\n<li>Actuar de forma \u00e9tica con todos los actores de la Fundaci\u00f3n, estableciendo relaciones basadas en la confianza y la cooperaci\u00f3n. Garantizar el cumplimiento legal en todas nuestras actuaciones.<\/li>\n<\/ul>\n<p>[\/uncode_list][vc_column_text uncode_shortcode_id=\u00bb202679&#8243;]<strong><a style=\"color: #b53125;\" href=\"https:\/\/dtifoundation.com\/wp-content\/uploads\/2023\/05\/Quality-Policy-2018-DTI1.pdf\">Quality-Policy-2018-DTI<\/a><\/strong>[\/vc_column_text][\/vc_column][\/vc_row][vc_row row_height_percent=\u00bb0&#8243; override_padding=\u00bbyes\u00bb h_padding=\u00bb2&#8243; top_padding=\u00bb3&#8243; bottom_padding=\u00bb3&#8243; back_color=\u00bbcolor-lxmt\u00bb overlay_alpha=\u00bb50&#8243; gutter_size=\u00bb3&#8243; column_width_percent=\u00bb100&#8243; shift_y=\u00bb0&#8243; z_index=\u00bb0&#8243; uncode_shortcode_id=\u00bb200210&#8243; back_color_type=\u00bbuncode-palette\u00bb][vc_column width=\u00bb1\/1&#8243;][vc_custom_heading uncode_shortcode_id=\u00bb188007&#8243;]<strong>Impacto de DTI en los ODS<\/strong>[\/vc_custom_heading][vc_gallery el_id=\u00bbgallery-967758&#8243; type=\u00bbcarousel\u00bb medias=\u00bb5313,5316,5319,5322,5325,5328,5331&#8243; carousel_lg=\u00bb7&#8243; carousel_md=\u00bb4&#8243; carousel_sm=\u00bb3&#8243; thumb_size=\u00bbone-one\u00bb gutter_size=\u00bb3&#8243; media_items=\u00bbmedia|lightbox|original\u00bb carousel_height=\u00bbequal\u00bb carousel_interval=\u00bb3000&#8243; carousel_navspeed=\u00bb400&#8243; stage_padding=\u00bb0&#8243; single_overlay_opacity=\u00bb50&#8243; single_padding=\u00bb2&#8243; uncode_shortcode_id=\u00bb159304&#8243;][\/vc_column][\/vc_row]<\/p>\n<\/div>","protected":false},"excerpt":{"rendered":"<p>[vc_row row_height_percent=\u00bb0&#8243; overlay_alpha=\u00bb50&#8243; gutter_size=\u00bb3&#8243; column_width_percent=\u00bb100&#8243; shift_y=\u00bb0&#8243; z_index=\u00bb0&#8243; uncode_shortcode_id=\u00bb134962&#8243; css=\u00bb.vc_custom_1673266966302{padding-top: 50px !important;padding-bottom: 50px !important;}\u00bb][vc_column column_width_percent=\u00bb100&#8243; position_vertical=\u00bbmiddle\u00bb gutter_size=\u00bb3&#8243; override_padding=\u00bbyes\u00bb column_padding=\u00bb2&#8243; overlay_alpha=\u00bb50&#8243; shift_x=\u00bb0&#8243; [&hellip;]<\/p>\n","protected":false},"author":1,"featured_media":9287,"parent":0,"menu_order":0,"comment_status":"closed","ping_status":"closed","template":"","meta":{"_acf_changed":false,"footnotes":""},"class_list":["post-5338","page","type-page","status-publish","has-post-thumbnail","hentry"],"acf":[],"yoast_head":"<!-- This site is optimized with the Yoast SEO plugin v26.9 - https:\/\/yoast.com\/product\/yoast-seo-wordpress\/ -->\n<title>Nuestra misi\u00f3n | DTI Foundation | Donation &amp; Transplantation Institute<\/title>\n<meta name=\"description\" content=\"Descubre toda la informaci\u00f3n sobre Nuestra misi\u00f3n en nuestra web. En la Fundaci\u00f3n DTI trabajamos para brindar servicios y formaci\u00f3n en donaci\u00f3n de organos y transplantes en el mundo.\" \/>\n<meta name=\"robots\" content=\"index, follow, max-snippet:-1, max-image-preview:large, max-video-preview:-1\" \/>\n<link rel=\"canonical\" href=\"https:\/\/dtifoundation.com\/es\/nuestra-mision\/\" \/>\n<meta property=\"og:locale\" content=\"es_ES\" \/>\n<meta property=\"og:type\" content=\"article\" \/>\n<meta property=\"og:title\" content=\"Nuestra misi\u00f3n | DTI Foundation | Donation &amp; Transplantation Institute\" \/>\n<meta property=\"og:description\" content=\"Descubre toda la informaci\u00f3n sobre Nuestra misi\u00f3n en nuestra web. En la Fundaci\u00f3n DTI trabajamos para brindar servicios y formaci\u00f3n en donaci\u00f3n de organos y transplantes en el mundo.\" \/>\n<meta property=\"og:url\" content=\"https:\/\/dtifoundation.com\/es\/nuestra-mision\/\" \/>\n<meta property=\"og:site_name\" content=\"DTI Foundation | Donation &amp; Transplantation Institute\" \/>\n<meta property=\"article:modified_time\" content=\"2023-10-10T09:50:31+00:00\" \/>\n<meta property=\"og:image\" content=\"https:\/\/dtifoundation.com\/wp-content\/uploads\/2023\/04\/african-american-doctor-holding-tray-with-medical-2022-12-16-16-25-30-utc.jpg\" \/>\n\t<meta property=\"og:image:width\" content=\"2500\" \/>\n\t<meta property=\"og:image:height\" content=\"1669\" \/>\n\t<meta property=\"og:image:type\" content=\"image\/jpeg\" \/>\n<meta name=\"twitter:card\" content=\"summary_large_image\" \/>\n<meta name=\"twitter:label1\" content=\"Tiempo de lectura\" \/>\n\t<meta name=\"twitter:data1\" content=\"4 minutos\" \/>\n<script type=\"application\/ld+json\" class=\"yoast-schema-graph\">{\"@context\":\"https:\/\/schema.org\",\"@graph\":[{\"@type\":[\"WebPage\",\"MedicalWebPage\"],\"@id\":\"https:\/\/dtifoundation.com\/es\/nuestra-mision\/\",\"url\":\"https:\/\/dtifoundation.com\/es\/nuestra-mision\/\",\"name\":\"Nuestra misi\u00f3n | DTI Foundation | Donation &amp; Transplantation Institute\",\"isPartOf\":{\"@id\":\"https:\/\/dtifoundation.com\/#website\"},\"primaryImageOfPage\":{\"@id\":\"https:\/\/dtifoundation.com\/es\/nuestra-mision\/#primaryimage\"},\"image\":{\"@id\":\"https:\/\/dtifoundation.com\/es\/nuestra-mision\/#primaryimage\"},\"thumbnailUrl\":\"https:\/\/dtifoundation.com\/wp-content\/uploads\/2023\/04\/african-american-doctor-holding-tray-with-medical-2022-12-16-16-25-30-utc.jpg\",\"datePublished\":\"2023-03-14T14:59:18+00:00\",\"dateModified\":\"2023-10-10T09:50:31+00:00\",\"description\":\"Descubre toda la informaci\u00f3n sobre Nuestra misi\u00f3n en nuestra web. En la Fundaci\u00f3n DTI trabajamos para brindar servicios y formaci\u00f3n en donaci\u00f3n de organos y transplantes en el mundo.\",\"breadcrumb\":{\"@id\":\"https:\/\/dtifoundation.com\/es\/nuestra-mision\/#breadcrumb\"},\"inLanguage\":\"es\",\"potentialAction\":[{\"@type\":\"ReadAction\",\"target\":[\"https:\/\/dtifoundation.com\/es\/nuestra-mision\/\"]}]},{\"@type\":\"ImageObject\",\"inLanguage\":\"es\",\"@id\":\"https:\/\/dtifoundation.com\/es\/nuestra-mision\/#primaryimage\",\"url\":\"https:\/\/dtifoundation.com\/wp-content\/uploads\/2023\/04\/african-american-doctor-holding-tray-with-medical-2022-12-16-16-25-30-utc.jpg\",\"contentUrl\":\"https:\/\/dtifoundation.com\/wp-content\/uploads\/2023\/04\/african-american-doctor-holding-tray-with-medical-2022-12-16-16-25-30-utc.jpg\",\"width\":2500,\"height\":1669},{\"@type\":\"BreadcrumbList\",\"@id\":\"https:\/\/dtifoundation.com\/es\/nuestra-mision\/#breadcrumb\",\"itemListElement\":[{\"@type\":\"ListItem\",\"position\":1,\"name\":\"Home\",\"item\":\"https:\/\/dtifoundation.com\/es\/\"},{\"@type\":\"ListItem\",\"position\":2,\"name\":\"Nuestra misi\u00f3n\"}]},{\"@type\":\"WebSite\",\"@id\":\"https:\/\/dtifoundation.com\/#website\",\"url\":\"https:\/\/dtifoundation.com\/\",\"name\":\"TPM - DTI Foundation\",\"description\":\"\",\"potentialAction\":[{\"@type\":\"SearchAction\",\"target\":{\"@type\":\"EntryPoint\",\"urlTemplate\":\"https:\/\/dtifoundation.com\/?s={search_term_string}\"},\"query-input\":{\"@type\":\"PropertyValueSpecification\",\"valueRequired\":true,\"valueName\":\"search_term_string\"}}],\"inLanguage\":\"es\"}]}<\/script>\n<!-- \/ Yoast SEO plugin. -->","yoast_head_json":{"title":"Nuestra misi\u00f3n | DTI Foundation | Donation &amp; Transplantation Institute","description":"Descubre toda la informaci\u00f3n sobre Nuestra misi\u00f3n en nuestra web. En la Fundaci\u00f3n DTI trabajamos para brindar servicios y formaci\u00f3n en donaci\u00f3n de organos y transplantes en el mundo.","robots":{"index":"index","follow":"follow","max-snippet":"max-snippet:-1","max-image-preview":"max-image-preview:large","max-video-preview":"max-video-preview:-1"},"canonical":"https:\/\/dtifoundation.com\/es\/nuestra-mision\/","og_locale":"es_ES","og_type":"article","og_title":"Nuestra misi\u00f3n | DTI Foundation | Donation &amp; Transplantation Institute","og_description":"Descubre toda la informaci\u00f3n sobre Nuestra misi\u00f3n en nuestra web. En la Fundaci\u00f3n DTI trabajamos para brindar servicios y formaci\u00f3n en donaci\u00f3n de organos y transplantes en el mundo.","og_url":"https:\/\/dtifoundation.com\/es\/nuestra-mision\/","og_site_name":"DTI Foundation | Donation &amp; Transplantation Institute","article_modified_time":"2023-10-10T09:50:31+00:00","og_image":[{"width":2500,"height":1669,"url":"https:\/\/dtifoundation.com\/wp-content\/uploads\/2023\/04\/african-american-doctor-holding-tray-with-medical-2022-12-16-16-25-30-utc.jpg","type":"image\/jpeg"}],"twitter_card":"summary_large_image","twitter_misc":{"Tiempo de lectura":"4 minutos"},"schema":{"@context":"https:\/\/schema.org","@graph":[{"@type":["WebPage","MedicalWebPage"],"@id":"https:\/\/dtifoundation.com\/es\/nuestra-mision\/","url":"https:\/\/dtifoundation.com\/es\/nuestra-mision\/","name":"Nuestra misi\u00f3n | DTI Foundation | Donation &amp; Transplantation Institute","isPartOf":{"@id":"https:\/\/dtifoundation.com\/#website"},"primaryImageOfPage":{"@id":"https:\/\/dtifoundation.com\/es\/nuestra-mision\/#primaryimage"},"image":{"@id":"https:\/\/dtifoundation.com\/es\/nuestra-mision\/#primaryimage"},"thumbnailUrl":"https:\/\/dtifoundation.com\/wp-content\/uploads\/2023\/04\/african-american-doctor-holding-tray-with-medical-2022-12-16-16-25-30-utc.jpg","datePublished":"2023-03-14T14:59:18+00:00","dateModified":"2023-10-10T09:50:31+00:00","description":"Descubre toda la informaci\u00f3n sobre Nuestra misi\u00f3n en nuestra web. En la Fundaci\u00f3n DTI trabajamos para brindar servicios y formaci\u00f3n en donaci\u00f3n de organos y transplantes en el mundo.","breadcrumb":{"@id":"https:\/\/dtifoundation.com\/es\/nuestra-mision\/#breadcrumb"},"inLanguage":"es","potentialAction":[{"@type":"ReadAction","target":["https:\/\/dtifoundation.com\/es\/nuestra-mision\/"]}]},{"@type":"ImageObject","inLanguage":"es","@id":"https:\/\/dtifoundation.com\/es\/nuestra-mision\/#primaryimage","url":"https:\/\/dtifoundation.com\/wp-content\/uploads\/2023\/04\/african-american-doctor-holding-tray-with-medical-2022-12-16-16-25-30-utc.jpg","contentUrl":"https:\/\/dtifoundation.com\/wp-content\/uploads\/2023\/04\/african-american-doctor-holding-tray-with-medical-2022-12-16-16-25-30-utc.jpg","width":2500,"height":1669},{"@type":"BreadcrumbList","@id":"https:\/\/dtifoundation.com\/es\/nuestra-mision\/#breadcrumb","itemListElement":[{"@type":"ListItem","position":1,"name":"Home","item":"https:\/\/dtifoundation.com\/es\/"},{"@type":"ListItem","position":2,"name":"Nuestra misi\u00f3n"}]},{"@type":"WebSite","@id":"https:\/\/dtifoundation.com\/#website","url":"https:\/\/dtifoundation.com\/","name":"TPM - DTI Foundation","description":"","potentialAction":[{"@type":"SearchAction","target":{"@type":"EntryPoint","urlTemplate":"https:\/\/dtifoundation.com\/?s={search_term_string}"},"query-input":{"@type":"PropertyValueSpecification","valueRequired":true,"valueName":"search_term_string"}}],"inLanguage":"es"}]}},"_links":{"self":[{"href":"https:\/\/dtifoundation.com\/es\/wp-json\/wp\/v2\/pages\/5338","targetHints":{"allow":["GET"]}}],"collection":[{"href":"https:\/\/dtifoundation.com\/es\/wp-json\/wp\/v2\/pages"}],"about":[{"href":"https:\/\/dtifoundation.com\/es\/wp-json\/wp\/v2\/types\/page"}],"author":[{"embeddable":true,"href":"https:\/\/dtifoundation.com\/es\/wp-json\/wp\/v2\/users\/1"}],"replies":[{"embeddable":true,"href":"https:\/\/dtifoundation.com\/es\/wp-json\/wp\/v2\/comments?post=5338"}],"version-history":[{"count":0,"href":"https:\/\/dtifoundation.com\/es\/wp-json\/wp\/v2\/pages\/5338\/revisions"}],"wp:featuredmedia":[{"embeddable":true,"href":"https:\/\/dtifoundation.com\/es\/wp-json\/wp\/v2\/media\/9287"}],"wp:attachment":[{"href":"https:\/\/dtifoundation.com\/es\/wp-json\/wp\/v2\/media?parent=5338"}],"curies":[{"name":"wp","href":"https:\/\/api.w.org\/{rel}","templated":true}]}}