{"id":5266,"date":"2022-12-21T10:43:12","date_gmt":"2022-12-21T10:43:12","guid":{"rendered":"https:\/\/dti.developallin.com\/nuestra-historia\/"},"modified":"2025-02-26T08:26:39","modified_gmt":"2025-02-26T08:26:39","slug":"nuestra-historia","status":"publish","type":"page","link":"https:\/\/dtifoundation.com\/es\/nuestra-historia\/","title":{"rendered":"Historia"},"content":{"rendered":"<div class=\"wpb-content-wrapper\"><p>[vc_row row_height_percent=\u00bb0&#8243; override_padding=\u00bbyes\u00bb h_padding=\u00bb2&#8243; top_padding=\u00bb3&#8243; bottom_padding=\u00bb3&#8243; overlay_alpha=\u00bb50&#8243; gutter_size=\u00bb3&#8243; column_width_percent=\u00bb100&#8243; shift_y=\u00bb0&#8243; z_index=\u00bb0&#8243; uncode_shortcode_id=\u00bb286029&#8243;][vc_column column_width_percent=\u00bb100&#8243; align_horizontal=\u00bbalign_center\u00bb gutter_size=\u00bb3&#8243; overlay_alpha=\u00bb50&#8243; shift_x=\u00bb0&#8243; shift_y=\u00bb0&#8243; shift_y_down=\u00bb0&#8243; z_index=\u00bb0&#8243; medium_width=\u00bb0&#8243; mobile_width=\u00bb0&#8243; width=\u00bb1\/1&#8243; uncode_shortcode_id=\u00bb146257&#8243;][vc_custom_heading text_color=\u00bbcolor-red-tpm-dti\u00bb heading_semantic=\u00bbh3&#8243; text_size=\u00bbh3&#8243; uncode_shortcode_id=\u00bb999656&#8243; text_color_type=\u00bbuncode-palette\u00bb]Descubra nuestra historia[\/vc_custom_heading][vc_custom_heading uncode_shortcode_id=\u00bb105637&#8243;]DTI ofrece apoyo internacional en donaci\u00f3n y trasplante de \u00f3rganos.[\/vc_custom_heading][\/vc_column][\/vc_row][vc_row row_height_percent=\u00bb0&#8243; overlay_alpha=\u00bb50&#8243; gutter_size=\u00bb3&#8243; column_width_percent=\u00bb100&#8243; shift_y=\u00bb0&#8243; z_index=\u00bb0&#8243; uncode_shortcode_id=\u00bb851700&#8243; el_class=\u00bbmobile-reverse-column\u00bb][vc_column column_width_percent=\u00bb100&#8243; position_vertical=\u00bbmiddle\u00bb gutter_size=\u00bb3&#8243; overlay_alpha=\u00bb50&#8243; shift_x=\u00bb0&#8243; shift_y=\u00bb0&#8243; shift_y_down=\u00bb0&#8243; z_index=\u00bb0&#8243; medium_width=\u00bb0&#8243; mobile_width=\u00bb0&#8243; width=\u00bb6\/12&#8243; uncode_shortcode_id=\u00bb198499&#8243;][vc_single_image media=\u00bb14994&#8243; media_width_percent=\u00bb100&#8243; uncode_shortcode_id=\u00bb619876&#8243; el_class=\u00bbimg-radius\u00bb][\/vc_column][vc_column width=\u00bb5\/12&#8243;][vc_column_text uncode_shortcode_id=\u00bb382002&#8243;]Donation &amp; Transplantation Institute (DTI) es una organizaci\u00f3n sin \u00e1nimo de lucro con el compromiso de mejorar la calidad de vida de la sociedad a trav\u00e9s de la donaci\u00f3n y el trasplante de \u00f3rganos, tejidos y c\u00e9lulas.<\/p>\n<p>Los fundadores de DTI son un grupo de expertos reconocidos internacionalmente en donaci\u00f3n y trasplante de \u00f3rganos. DTI re\u00fane a expertos internacionales en la materia para asesorar y apoyar la ejecuci\u00f3n de proyectos de donaci\u00f3n y trasplante de \u00f3rganos, tejidos y c\u00e9lulas, y crea una amplia red de investigaci\u00f3n.[\/vc_column_text][\/vc_column][vc_column column_width_percent=\u00bb100&#8243; gutter_size=\u00bb3&#8243; overlay_alpha=\u00bb50&#8243; shift_x=\u00bb0&#8243; shift_y=\u00bb0&#8243; shift_y_down=\u00bb0&#8243; z_index=\u00bb0&#8243; medium_width=\u00bb0&#8243; mobile_width=\u00bb0&#8243; width=\u00bb1\/12&#8243; uncode_shortcode_id=\u00bb201110&#8243; el_class=\u00bbheading-divider\u00bb][vc_custom_heading heading_semantic=\u00bbp\u00bb text_size=\u00bbh5&#8243; uncode_shortcode_id=\u00bb432525&#8243;]HISTORIA[\/vc_custom_heading][vc_separator sep_color=\u00bbcolor-red-tpm-dti\u00bb uncode_shortcode_id=\u00bb139535&#8243; sep_color_type=\u00bbuncode-palette\u00bb el_width=\u00bb100%\u00bb][\/vc_column][\/vc_row][vc_row row_height_percent=\u00bb0&#8243; override_padding=\u00bbyes\u00bb h_padding=\u00bb2&#8243; top_padding=\u00bb3&#8243; bottom_padding=\u00bb3&#8243; overlay_alpha=\u00bb50&#8243; gutter_size=\u00bb3&#8243; column_width_percent=\u00bb100&#8243; shift_y=\u00bb0&#8243; z_index=\u00bb0&#8243; uncode_shortcode_id=\u00bb292506&#8243;][vc_column width=\u00bb1\/2&#8243;][vc_column_text uncode_shortcode_id=\u00bb687113&#8243;]Transplant Procurement Management (TPM\u00ae) es un programa educativo que desde 1991 ha formado a m\u00e1s de 19.000 profesionales sanitarios de 113 pa\u00edses. La formaci\u00f3n de TPM est\u00e1 dise\u00f1ada para adaptar los contenidos de los cursos a las necesidades espec\u00edficas de la situaci\u00f3n de los distintos pa\u00edses.<\/p>\n<p>TPM actualiza constantemente los contenidos de sus cursos y ha elaborado una amplia gama de materiales did\u00e1cticos y desarrollado sus propios programas inform\u00e1ticos y equipos t\u00e9cnicos para las sesiones pr\u00e1cticas. Todo el material did\u00e1ctico se traduce a otros idiomas cuando es necesario. Los cursos avanzados se imparten anualmente en cinco idiomas (espa\u00f1ol, ingl\u00e9s, italiano, franc\u00e9s y portugu\u00e9s).[\/vc_column_text][\/vc_column][vc_column column_width_percent=\u00bb100&#8243; position_vertical=\u00bbmiddle\u00bb gutter_size=\u00bb3&#8243; overlay_alpha=\u00bb50&#8243; shift_x=\u00bb0&#8243; shift_y=\u00bb0&#8243; shift_y_down=\u00bb0&#8243; z_index=\u00bb0&#8243; medium_width=\u00bb0&#8243; mobile_width=\u00bb0&#8243; width=\u00bb1\/2&#8243; uncode_shortcode_id=\u00bb163016&#8243;][vc_single_image media=\u00bb51&#8243; media_width_percent=\u00bb100&#8243; uncode_shortcode_id=\u00bb213511&#8243; el_class=\u00bbimg-radius\u00bb][\/vc_column][\/vc_row][vc_row row_height_percent=\u00bb0&#8243; override_padding=\u00bbyes\u00bb h_padding=\u00bb2&#8243; top_padding=\u00bb3&#8243; bottom_padding=\u00bb3&#8243; back_color=\u00bbcolor-lxmt\u00bb overlay_alpha=\u00bb50&#8243; gutter_size=\u00bb3&#8243; column_width_percent=\u00bb100&#8243; shift_y=\u00bb0&#8243; z_index=\u00bb0&#8243; uncode_shortcode_id=\u00bb246041&#8243; back_color_type=\u00bbuncode-palette\u00bb][vc_column width=\u00bb1\/1&#8243;][vc_custom_heading text_color=\u00bbcolor-red-tpm-dti\u00bb heading_semantic=\u00bbh3&#8243; text_size=\u00bbh3&#8243; uncode_shortcode_id=\u00bb160042&#8243; text_color_type=\u00bbuncode-palette\u00bb]Descubra nuestra historia[\/vc_custom_heading][vc_custom_heading uncode_shortcode_id=\u00bb199873&#8243;]La Fundaci\u00f3n DTI y los cursos TPM a lo largo de los a\u00f1os[\/vc_custom_heading][vc_row_inner row_inner_height_percent=\u00bb0&#8243; force_width_grid=\u00bbyes\u00bb overlay_alpha=\u00bb50&#8243; gutter_size=\u00bb3&#8243; shift_y=\u00bb0&#8243; z_index=\u00bb0&#8243; uncode_shortcode_id=\u00bb711017&#8243; el_class=\u00bbimg-height-mini\u00bb limit_content=\u00bb\u00bb][vc_column_inner width=\u00bb1\/3&#8243;][vc_single_image media=\u00bb5272&#8243; media_width_percent=\u00bb100&#8243; uncode_shortcode_id=\u00bb760703&#8243; el_class=\u00bbimg-radius\u00bb][vc_single_image media=\u00bb5275&#8243; media_width_percent=\u00bb100&#8243; uncode_shortcode_id=\u00bb194549&#8243; el_class=\u00bbimg-radius\u00bb][vc_single_image media=\u00bb5278&#8243; media_width_percent=\u00bb100&#8243; uncode_shortcode_id=\u00bb564937&#8243; el_class=\u00bbimg-radius\u00bb][vc_single_image media=\u00bb5281&#8243; media_width_percent=\u00bb100&#8243; uncode_shortcode_id=\u00bb124412&#8243; el_class=\u00bbimg-radius\u00bb][vc_single_image media=\u00bb5284&#8243; media_width_percent=\u00bb100&#8243; uncode_shortcode_id=\u00bb153318&#8243; el_class=\u00bbimg-radius\u00bb][vc_single_image media=\u00bb5287&#8243; media_width_percent=\u00bb100&#8243; uncode_shortcode_id=\u00bb204309&#8243; el_class=\u00bbimg-radius\u00bb][\/vc_column_inner][vc_column_inner column_width_percent=\u00bb100&#8243; gutter_size=\u00bb3&#8243; overlay_alpha=\u00bb50&#8243; shift_x=\u00bb0&#8243; shift_y=\u00bb0&#8243; shift_y_down=\u00bb0&#8243; z_index=\u00bb0&#8243; medium_width=\u00bb0&#8243; mobile_width=\u00bb0&#8243; width=\u00bb2\/3&#8243; uncode_shortcode_id=\u00bb801833&#8243; el_class=\u00bblist-years\u00bb][vc_column_text uncode_shortcode_id=\u00bb191225&#8243;]<\/p>\n<ul>\n<li data-year=\"\"><span data-year=\"2025\">HOY<\/span>, GRACIAS\n<ul>\n<li>\u00a1Estamos aqu\u00ed gracias a ti! Profesionales sanitarios, pacientes, asociaciones de pacientes, instituciones y personas que quieren mejorar los sistemas sanitarios de sus pa\u00edses y mejorar la calidad de vida de las personas.<\/li>\n<li>Esperamos seguir ayudando, formando y asesorando a los profesionales sanitarios de todo el mundo para salvar 1 mill\u00f3n de vidas.<\/li>\n<\/ul>\n<\/li>\n<li data-year=\"\"><span data-year=\"2020\">Digitalizaci\u00f3n<\/span>\n<ul>\n<li>Desde la Fundaci\u00f3n DTI mejoramos la oferta de cursos TPM online con una mejora en la digitalizaci\u00f3n y experiencia del usuario, as\u00ed como a liderar proyectos de consultor\u00eda a nivel internacional a trav\u00e9s de formaci\u00f3n virtual y conferencias.<\/li>\n<\/ul>\n<\/li>\n<li data-year=\"\"><span data-year=\"2008\">Se funda DONATION AND TRANSPLANTATION INSTITUTE <\/span>\n<ul>\n<li>Se crea la Fundaci\u00f3n DTI con Mart\u00ed Manyalich como presidente. Con la expansi\u00f3n de los Cursos TPM se crea la fundaci\u00f3n para ayudar a instituciones, regiones y pa\u00edses a desarrollar unidades de donaci\u00f3n de \u00f3rganos a trav\u00e9s de un nuevo servicio de consultor\u00eda, entre otros proyectos.<\/li>\n<\/ul>\n<\/li>\n<li data-year=\"\"><span data-year=\"2001\"> Creaci\u00f3n del Manual TPM<\/span>\n<ul>\n<li>El Manual TPM es un libro ampliado creado por expertos internacionales en el campo de la donaci\u00f3n y el trasplante de \u00f3rganos y tejidos que incluye todas las pr\u00e1cticas m\u00e9dicas relacionadas con este tema. Desde entonces, DTI ha publicado 4 ediciones del manual y lo ha traducido a varios idiomas.<\/li>\n<\/ul>\n<\/li>\n<li data-year=\"\"><span data-year=\"1994\">Primer curso de TPM en ingl\u00e9s<\/span>\n<ul>\n<li>Tuvo lugar en Barcelona con un grupo de profesionales sanitarios internacionales.<\/li>\n<\/ul>\n<\/li>\n<li data-year=\"\"><span data-year=\"1991\">Primer curso TPM en espa\u00f1ol<\/span>\n<ul>\n<li>Tuvo lugar en Barcelona y fue dirigido por el Dr. Mart\u00ed Manyalich, fundador de TPM junto con un grupo de doctores pioneros de la red nacional de donaci\u00f3n y trasplante.<\/li>\n<\/ul>\n<\/li>\n<\/ul>\n<p>[\/vc_column_text][\/vc_column_inner][\/vc_row_inner][\/vc_column][\/vc_row]<\/p>\n<\/div>","protected":false},"excerpt":{"rendered":"<p>[vc_row row_height_percent=\u00bb0&#8243; override_padding=\u00bbyes\u00bb h_padding=\u00bb2&#8243; top_padding=\u00bb3&#8243; bottom_padding=\u00bb3&#8243; overlay_alpha=\u00bb50&#8243; gutter_size=\u00bb3&#8243; column_width_percent=\u00bb100&#8243; shift_y=\u00bb0&#8243; z_index=\u00bb0&#8243; uncode_shortcode_id=\u00bb286029&#8243;][vc_column column_width_percent=\u00bb100&#8243; align_horizontal=\u00bbalign_center\u00bb gutter_size=\u00bb3&#8243; overlay_alpha=\u00bb50&#8243; shift_x=\u00bb0&#8243; shift_y=\u00bb0&#8243; shift_y_down=\u00bb0&#8243; z_index=\u00bb0&#8243; [&hellip;]<\/p>\n","protected":false},"author":1,"featured_media":53,"parent":0,"menu_order":0,"comment_status":"closed","ping_status":"closed","template":"","meta":{"_acf_changed":false,"footnotes":""},"class_list":["post-5266","page","type-page","status-publish","has-post-thumbnail","hentry"],"acf":[],"yoast_head":"<!-- This site is optimized with the Yoast SEO plugin v26.9 - https:\/\/yoast.com\/product\/yoast-seo-wordpress\/ -->\n<title>Historia | DTI Foundation | Donation &amp; Transplantation Institute<\/title>\n<meta name=\"description\" content=\"Descubre toda la informaci\u00f3n sobre Historia en nuestra web. En la Fundaci\u00f3n DTI trabajamos para brindar servicios y formaci\u00f3n en donaci\u00f3n de organos y transplantes en el mundo.\" \/>\n<meta name=\"robots\" content=\"index, follow, max-snippet:-1, max-image-preview:large, max-video-preview:-1\" \/>\n<link rel=\"canonical\" href=\"https:\/\/dtifoundation.com\/es\/nuestra-historia\/\" \/>\n<meta property=\"og:locale\" content=\"es_ES\" \/>\n<meta property=\"og:type\" content=\"article\" \/>\n<meta property=\"og:title\" content=\"Historia | DTI Foundation | Donation &amp; Transplantation Institute\" \/>\n<meta property=\"og:description\" content=\"Descubre toda la informaci\u00f3n sobre Historia en nuestra web. En la Fundaci\u00f3n DTI trabajamos para brindar servicios y formaci\u00f3n en donaci\u00f3n de organos y transplantes en el mundo.\" \/>\n<meta property=\"og:url\" content=\"https:\/\/dtifoundation.com\/es\/nuestra-historia\/\" \/>\n<meta property=\"og:site_name\" content=\"DTI Foundation | Donation &amp; Transplantation Institute\" \/>\n<meta property=\"article:modified_time\" content=\"2025-02-26T08:26:39+00:00\" \/>\n<meta property=\"og:image\" content=\"https:\/\/dtifoundation.com\/wp-content\/uploads\/2022\/12\/MAR1143-1024x578-1.jpg\" \/>\n\t<meta property=\"og:image:width\" content=\"1920\" \/>\n\t<meta property=\"og:image:height\" content=\"1084\" \/>\n\t<meta property=\"og:image:type\" content=\"image\/jpeg\" \/>\n<meta name=\"twitter:card\" content=\"summary_large_image\" \/>\n<meta name=\"twitter:label1\" content=\"Tiempo de lectura\" \/>\n\t<meta name=\"twitter:data1\" content=\"5 minutos\" \/>\n<script type=\"application\/ld+json\" class=\"yoast-schema-graph\">{\"@context\":\"https:\/\/schema.org\",\"@graph\":[{\"@type\":[\"WebPage\",\"MedicalWebPage\"],\"@id\":\"https:\/\/dtifoundation.com\/es\/nuestra-historia\/\",\"url\":\"https:\/\/dtifoundation.com\/es\/nuestra-historia\/\",\"name\":\"Historia | DTI Foundation | Donation &amp; Transplantation Institute\",\"isPartOf\":{\"@id\":\"https:\/\/dtifoundation.com\/#website\"},\"primaryImageOfPage\":{\"@id\":\"https:\/\/dtifoundation.com\/es\/nuestra-historia\/#primaryimage\"},\"image\":{\"@id\":\"https:\/\/dtifoundation.com\/es\/nuestra-historia\/#primaryimage\"},\"thumbnailUrl\":\"https:\/\/dtifoundation.com\/wp-content\/uploads\/2022\/12\/MAR1143-1024x578-1.jpg\",\"datePublished\":\"2022-12-21T10:43:12+00:00\",\"dateModified\":\"2025-02-26T08:26:39+00:00\",\"description\":\"Descubre toda la informaci\u00f3n sobre Historia en nuestra web. En la Fundaci\u00f3n DTI trabajamos para brindar servicios y formaci\u00f3n en donaci\u00f3n de organos y transplantes en el mundo.\",\"breadcrumb\":{\"@id\":\"https:\/\/dtifoundation.com\/es\/nuestra-historia\/#breadcrumb\"},\"inLanguage\":\"es\",\"potentialAction\":[{\"@type\":\"ReadAction\",\"target\":[\"https:\/\/dtifoundation.com\/es\/nuestra-historia\/\"]}]},{\"@type\":\"ImageObject\",\"inLanguage\":\"es\",\"@id\":\"https:\/\/dtifoundation.com\/es\/nuestra-historia\/#primaryimage\",\"url\":\"https:\/\/dtifoundation.com\/wp-content\/uploads\/2022\/12\/MAR1143-1024x578-1.jpg\",\"contentUrl\":\"https:\/\/dtifoundation.com\/wp-content\/uploads\/2022\/12\/MAR1143-1024x578-1.jpg\",\"width\":1920,\"height\":1084},{\"@type\":\"BreadcrumbList\",\"@id\":\"https:\/\/dtifoundation.com\/es\/nuestra-historia\/#breadcrumb\",\"itemListElement\":[{\"@type\":\"ListItem\",\"position\":1,\"name\":\"Home\",\"item\":\"https:\/\/dtifoundation.com\/es\/\"},{\"@type\":\"ListItem\",\"position\":2,\"name\":\"Historia\"}]},{\"@type\":\"WebSite\",\"@id\":\"https:\/\/dtifoundation.com\/#website\",\"url\":\"https:\/\/dtifoundation.com\/\",\"name\":\"TPM - DTI Foundation\",\"description\":\"\",\"potentialAction\":[{\"@type\":\"SearchAction\",\"target\":{\"@type\":\"EntryPoint\",\"urlTemplate\":\"https:\/\/dtifoundation.com\/?s={search_term_string}\"},\"query-input\":{\"@type\":\"PropertyValueSpecification\",\"valueRequired\":true,\"valueName\":\"search_term_string\"}}],\"inLanguage\":\"es\"}]}<\/script>\n<!-- \/ Yoast SEO plugin. -->","yoast_head_json":{"title":"Historia | DTI Foundation | Donation &amp; Transplantation Institute","description":"Descubre toda la informaci\u00f3n sobre Historia en nuestra web. En la Fundaci\u00f3n DTI trabajamos para brindar servicios y formaci\u00f3n en donaci\u00f3n de organos y transplantes en el mundo.","robots":{"index":"index","follow":"follow","max-snippet":"max-snippet:-1","max-image-preview":"max-image-preview:large","max-video-preview":"max-video-preview:-1"},"canonical":"https:\/\/dtifoundation.com\/es\/nuestra-historia\/","og_locale":"es_ES","og_type":"article","og_title":"Historia | DTI Foundation | Donation &amp; Transplantation Institute","og_description":"Descubre toda la informaci\u00f3n sobre Historia en nuestra web. En la Fundaci\u00f3n DTI trabajamos para brindar servicios y formaci\u00f3n en donaci\u00f3n de organos y transplantes en el mundo.","og_url":"https:\/\/dtifoundation.com\/es\/nuestra-historia\/","og_site_name":"DTI Foundation | Donation &amp; Transplantation Institute","article_modified_time":"2025-02-26T08:26:39+00:00","og_image":[{"width":1920,"height":1084,"url":"https:\/\/dtifoundation.com\/wp-content\/uploads\/2022\/12\/MAR1143-1024x578-1.jpg","type":"image\/jpeg"}],"twitter_card":"summary_large_image","twitter_misc":{"Tiempo de lectura":"5 minutos"},"schema":{"@context":"https:\/\/schema.org","@graph":[{"@type":["WebPage","MedicalWebPage"],"@id":"https:\/\/dtifoundation.com\/es\/nuestra-historia\/","url":"https:\/\/dtifoundation.com\/es\/nuestra-historia\/","name":"Historia | DTI Foundation | Donation &amp; Transplantation Institute","isPartOf":{"@id":"https:\/\/dtifoundation.com\/#website"},"primaryImageOfPage":{"@id":"https:\/\/dtifoundation.com\/es\/nuestra-historia\/#primaryimage"},"image":{"@id":"https:\/\/dtifoundation.com\/es\/nuestra-historia\/#primaryimage"},"thumbnailUrl":"https:\/\/dtifoundation.com\/wp-content\/uploads\/2022\/12\/MAR1143-1024x578-1.jpg","datePublished":"2022-12-21T10:43:12+00:00","dateModified":"2025-02-26T08:26:39+00:00","description":"Descubre toda la informaci\u00f3n sobre Historia en nuestra web. En la Fundaci\u00f3n DTI trabajamos para brindar servicios y formaci\u00f3n en donaci\u00f3n de organos y transplantes en el mundo.","breadcrumb":{"@id":"https:\/\/dtifoundation.com\/es\/nuestra-historia\/#breadcrumb"},"inLanguage":"es","potentialAction":[{"@type":"ReadAction","target":["https:\/\/dtifoundation.com\/es\/nuestra-historia\/"]}]},{"@type":"ImageObject","inLanguage":"es","@id":"https:\/\/dtifoundation.com\/es\/nuestra-historia\/#primaryimage","url":"https:\/\/dtifoundation.com\/wp-content\/uploads\/2022\/12\/MAR1143-1024x578-1.jpg","contentUrl":"https:\/\/dtifoundation.com\/wp-content\/uploads\/2022\/12\/MAR1143-1024x578-1.jpg","width":1920,"height":1084},{"@type":"BreadcrumbList","@id":"https:\/\/dtifoundation.com\/es\/nuestra-historia\/#breadcrumb","itemListElement":[{"@type":"ListItem","position":1,"name":"Home","item":"https:\/\/dtifoundation.com\/es\/"},{"@type":"ListItem","position":2,"name":"Historia"}]},{"@type":"WebSite","@id":"https:\/\/dtifoundation.com\/#website","url":"https:\/\/dtifoundation.com\/","name":"TPM - DTI Foundation","description":"","potentialAction":[{"@type":"SearchAction","target":{"@type":"EntryPoint","urlTemplate":"https:\/\/dtifoundation.com\/?s={search_term_string}"},"query-input":{"@type":"PropertyValueSpecification","valueRequired":true,"valueName":"search_term_string"}}],"inLanguage":"es"}]}},"_links":{"self":[{"href":"https:\/\/dtifoundation.com\/es\/wp-json\/wp\/v2\/pages\/5266","targetHints":{"allow":["GET"]}}],"collection":[{"href":"https:\/\/dtifoundation.com\/es\/wp-json\/wp\/v2\/pages"}],"about":[{"href":"https:\/\/dtifoundation.com\/es\/wp-json\/wp\/v2\/types\/page"}],"author":[{"embeddable":true,"href":"https:\/\/dtifoundation.com\/es\/wp-json\/wp\/v2\/users\/1"}],"replies":[{"embeddable":true,"href":"https:\/\/dtifoundation.com\/es\/wp-json\/wp\/v2\/comments?post=5266"}],"version-history":[{"count":4,"href":"https:\/\/dtifoundation.com\/es\/wp-json\/wp\/v2\/pages\/5266\/revisions"}],"predecessor-version":[{"id":15160,"href":"https:\/\/dtifoundation.com\/es\/wp-json\/wp\/v2\/pages\/5266\/revisions\/15160"}],"wp:featuredmedia":[{"embeddable":true,"href":"https:\/\/dtifoundation.com\/es\/wp-json\/wp\/v2\/media\/53"}],"wp:attachment":[{"href":"https:\/\/dtifoundation.com\/es\/wp-json\/wp\/v2\/media?parent=5266"}],"curies":[{"name":"wp","href":"https:\/\/api.w.org\/{rel}","templated":true}]}}