{"id":17303,"date":"2025-12-10T13:28:56","date_gmt":"2025-12-10T13:28:56","guid":{"rendered":"https:\/\/dtifoundation.com\/investigacion-y-desarrollo\/"},"modified":"2025-12-15T11:21:00","modified_gmt":"2025-12-15T11:21:00","slug":"investigacion-y-desarrollo","status":"publish","type":"page","link":"https:\/\/dtifoundation.com\/es\/investigacion-y-desarrollo\/","title":{"rendered":"Investigaci\u00f3n y desarrollo"},"content":{"rendered":"","protected":false},"excerpt":{"rendered":"<p>En el departamento de Research &#038; Development de DTI Foundation, damos soporte integral a proyectos de investigaci\u00f3n que tienen un impacto directo en el \u00e1mbito de la biomedicina y en la mejora de los procesos de donaci\u00f3n y trasplante de \u00f3rganos, tejidos y c\u00e9lulas. Trabajamos colaborativamente con grupos de investigaci\u00f3n, hospitales, biobancos, laboratorios y farmac\u00e9uticas para facilitar la coordinaci\u00f3n de circuitos para la obtenci\u00f3n de muestras biol\u00f3gicas humanas de m\u00e1xima calidad, adapt\u00e1ndonos a las necesidades espec\u00edficas de cada estudio y asegurando la trazabilidad y la excelencia en todas las fases del proceso.<\/p>\n<p>Este soporte incluye tanto proyectos orientados a la investigaci\u00f3n b\u00e1sica y precl\u00ednica que utilizan modelos humanos predictivos como iniciativas enfocadas a la identificaci\u00f3n de biomarcadores, la validaci\u00f3n de modelos org\u00e1nicos y el desarrollo de terapias avanzadas, con el objetivo de contribuir al avance cient\u00edfico y su traslaci\u00f3n cl\u00ednica.<\/p>\n<p>Adem\u00e1s, el departamento tambi\u00e9n apoya el desarrollo de soluciones innovadoras y tecnol\u00f3gicas en el \u00e1mbito de la donaci\u00f3n y el trasplante, incluyendo el dise\u00f1o y validaci\u00f3n de dispositivos m\u00e9dicos, herramientas tecnol\u00f3gicas y metodolog\u00edas avanzadas, reforzando as\u00ed el impacto cient\u00edfico, sanitario y social de los proyectos con los que colaboramos.<\/p>\n","protected":false},"author":1,"featured_media":0,"parent":0,"menu_order":0,"comment_status":"closed","ping_status":"closed","template":"page-coperation.php","meta":{"_acf_changed":false,"footnotes":""},"class_list":["post-17303","page","type-page","status-publish","hentry"],"acf":[],"yoast_head":"<!-- This site is optimized with the Yoast SEO plugin v26.9 - https:\/\/yoast.com\/product\/yoast-seo-wordpress\/ -->\n<title>Investigaci\u00f3n y desarrollo | DTI Foundation | Donation &amp; Transplantation Institute<\/title>\n<meta name=\"description\" content=\"Descubre toda la informaci\u00f3n sobre Investigaci\u00f3n y desarrollo en nuestra web. En la Fundaci\u00f3n DTI trabajamos para brindar servicios y formaci\u00f3n en donaci\u00f3n de organos y transplantes en el mundo.\" \/>\n<meta name=\"robots\" content=\"index, follow, max-snippet:-1, max-image-preview:large, max-video-preview:-1\" \/>\n<link rel=\"canonical\" href=\"https:\/\/dtifoundation.com\/es\/investigacion-y-desarrollo\/\" \/>\n<meta property=\"og:locale\" content=\"es_ES\" \/>\n<meta property=\"og:type\" content=\"article\" \/>\n<meta property=\"og:title\" content=\"Investigaci\u00f3n y desarrollo | DTI Foundation | Donation &amp; Transplantation Institute\" \/>\n<meta property=\"og:description\" content=\"Descubre toda la informaci\u00f3n sobre Investigaci\u00f3n y desarrollo en nuestra web. En la Fundaci\u00f3n DTI trabajamos para brindar servicios y formaci\u00f3n en donaci\u00f3n de organos y transplantes en el mundo.\" \/>\n<meta property=\"og:url\" content=\"https:\/\/dtifoundation.com\/es\/investigacion-y-desarrollo\/\" \/>\n<meta property=\"og:site_name\" content=\"DTI Foundation | Donation &amp; Transplantation Institute\" \/>\n<meta property=\"article:modified_time\" content=\"2025-12-15T11:21:00+00:00\" \/>\n<meta name=\"twitter:card\" content=\"summary_large_image\" \/>\n<script type=\"application\/ld+json\" class=\"yoast-schema-graph\">{\"@context\":\"https:\/\/schema.org\",\"@graph\":[{\"@type\":[\"WebPage\",\"MedicalWebPage\"],\"@id\":\"https:\/\/dtifoundation.com\/es\/investigacion-y-desarrollo\/\",\"url\":\"https:\/\/dtifoundation.com\/es\/investigacion-y-desarrollo\/\",\"name\":\"Investigaci\u00f3n y desarrollo | DTI Foundation | Donation &amp; Transplantation Institute\",\"isPartOf\":{\"@id\":\"https:\/\/dtifoundation.com\/#website\"},\"datePublished\":\"2025-12-10T13:28:56+00:00\",\"dateModified\":\"2025-12-15T11:21:00+00:00\",\"description\":\"Descubre toda la informaci\u00f3n sobre Investigaci\u00f3n y desarrollo en nuestra web. En la Fundaci\u00f3n DTI trabajamos para brindar servicios y formaci\u00f3n en donaci\u00f3n de organos y transplantes en el mundo.\",\"breadcrumb\":{\"@id\":\"https:\/\/dtifoundation.com\/es\/investigacion-y-desarrollo\/#breadcrumb\"},\"inLanguage\":\"es\",\"potentialAction\":[{\"@type\":\"ReadAction\",\"target\":[\"https:\/\/dtifoundation.com\/es\/investigacion-y-desarrollo\/\"]}]},{\"@type\":\"BreadcrumbList\",\"@id\":\"https:\/\/dtifoundation.com\/es\/investigacion-y-desarrollo\/#breadcrumb\",\"itemListElement\":[{\"@type\":\"ListItem\",\"position\":1,\"name\":\"Home\",\"item\":\"https:\/\/dtifoundation.com\/es\/\"},{\"@type\":\"ListItem\",\"position\":2,\"name\":\"Investigaci\u00f3n y desarrollo\"}]},{\"@type\":\"WebSite\",\"@id\":\"https:\/\/dtifoundation.com\/#website\",\"url\":\"https:\/\/dtifoundation.com\/\",\"name\":\"TPM - DTI Foundation\",\"description\":\"\",\"potentialAction\":[{\"@type\":\"SearchAction\",\"target\":{\"@type\":\"EntryPoint\",\"urlTemplate\":\"https:\/\/dtifoundation.com\/?s={search_term_string}\"},\"query-input\":{\"@type\":\"PropertyValueSpecification\",\"valueRequired\":true,\"valueName\":\"search_term_string\"}}],\"inLanguage\":\"es\"}]}<\/script>\n<!-- \/ Yoast SEO plugin. -->","yoast_head_json":{"title":"Investigaci\u00f3n y desarrollo | DTI Foundation | Donation &amp; Transplantation Institute","description":"Descubre toda la informaci\u00f3n sobre Investigaci\u00f3n y desarrollo en nuestra web. En la Fundaci\u00f3n DTI trabajamos para brindar servicios y formaci\u00f3n en donaci\u00f3n de organos y transplantes en el mundo.","robots":{"index":"index","follow":"follow","max-snippet":"max-snippet:-1","max-image-preview":"max-image-preview:large","max-video-preview":"max-video-preview:-1"},"canonical":"https:\/\/dtifoundation.com\/es\/investigacion-y-desarrollo\/","og_locale":"es_ES","og_type":"article","og_title":"Investigaci\u00f3n y desarrollo | DTI Foundation | Donation &amp; Transplantation Institute","og_description":"Descubre toda la informaci\u00f3n sobre Investigaci\u00f3n y desarrollo en nuestra web. En la Fundaci\u00f3n DTI trabajamos para brindar servicios y formaci\u00f3n en donaci\u00f3n de organos y transplantes en el mundo.","og_url":"https:\/\/dtifoundation.com\/es\/investigacion-y-desarrollo\/","og_site_name":"DTI Foundation | Donation &amp; Transplantation Institute","article_modified_time":"2025-12-15T11:21:00+00:00","twitter_card":"summary_large_image","schema":{"@context":"https:\/\/schema.org","@graph":[{"@type":["WebPage","MedicalWebPage"],"@id":"https:\/\/dtifoundation.com\/es\/investigacion-y-desarrollo\/","url":"https:\/\/dtifoundation.com\/es\/investigacion-y-desarrollo\/","name":"Investigaci\u00f3n y desarrollo | DTI Foundation | Donation &amp; Transplantation Institute","isPartOf":{"@id":"https:\/\/dtifoundation.com\/#website"},"datePublished":"2025-12-10T13:28:56+00:00","dateModified":"2025-12-15T11:21:00+00:00","description":"Descubre toda la informaci\u00f3n sobre Investigaci\u00f3n y desarrollo en nuestra web. En la Fundaci\u00f3n DTI trabajamos para brindar servicios y formaci\u00f3n en donaci\u00f3n de organos y transplantes en el mundo.","breadcrumb":{"@id":"https:\/\/dtifoundation.com\/es\/investigacion-y-desarrollo\/#breadcrumb"},"inLanguage":"es","potentialAction":[{"@type":"ReadAction","target":["https:\/\/dtifoundation.com\/es\/investigacion-y-desarrollo\/"]}]},{"@type":"BreadcrumbList","@id":"https:\/\/dtifoundation.com\/es\/investigacion-y-desarrollo\/#breadcrumb","itemListElement":[{"@type":"ListItem","position":1,"name":"Home","item":"https:\/\/dtifoundation.com\/es\/"},{"@type":"ListItem","position":2,"name":"Investigaci\u00f3n y desarrollo"}]},{"@type":"WebSite","@id":"https:\/\/dtifoundation.com\/#website","url":"https:\/\/dtifoundation.com\/","name":"TPM - DTI Foundation","description":"","potentialAction":[{"@type":"SearchAction","target":{"@type":"EntryPoint","urlTemplate":"https:\/\/dtifoundation.com\/?s={search_term_string}"},"query-input":{"@type":"PropertyValueSpecification","valueRequired":true,"valueName":"search_term_string"}}],"inLanguage":"es"}]}},"_links":{"self":[{"href":"https:\/\/dtifoundation.com\/es\/wp-json\/wp\/v2\/pages\/17303","targetHints":{"allow":["GET"]}}],"collection":[{"href":"https:\/\/dtifoundation.com\/es\/wp-json\/wp\/v2\/pages"}],"about":[{"href":"https:\/\/dtifoundation.com\/es\/wp-json\/wp\/v2\/types\/page"}],"author":[{"embeddable":true,"href":"https:\/\/dtifoundation.com\/es\/wp-json\/wp\/v2\/users\/1"}],"replies":[{"embeddable":true,"href":"https:\/\/dtifoundation.com\/es\/wp-json\/wp\/v2\/comments?post=17303"}],"version-history":[{"count":1,"href":"https:\/\/dtifoundation.com\/es\/wp-json\/wp\/v2\/pages\/17303\/revisions"}],"predecessor-version":[{"id":17328,"href":"https:\/\/dtifoundation.com\/es\/wp-json\/wp\/v2\/pages\/17303\/revisions\/17328"}],"wp:attachment":[{"href":"https:\/\/dtifoundation.com\/es\/wp-json\/wp\/v2\/media?parent=17303"}],"curies":[{"name":"wp","href":"https:\/\/api.w.org\/{rel}","templated":true}]}}