{"id":15907,"date":"2025-05-07T13:22:48","date_gmt":"2025-05-07T13:22:48","guid":{"rendered":"https:\/\/dtifoundation.com\/becas-pepe-buitron\/"},"modified":"2025-07-11T11:22:47","modified_gmt":"2025-07-11T11:22:47","slug":"becas-pepe-buitron","status":"publish","type":"page","link":"https:\/\/dtifoundation.com\/es\/becas-pepe-buitron\/","title":{"rendered":"Becas Pepe Buitr\u00f3n"},"content":{"rendered":"<div class=\"wpb-content-wrapper\"><p>[vc_row row_height_percent=\u00bb0&#8243; override_padding=\u00bbyes\u00bb h_padding=\u00bb2&#8243; top_padding=\u00bb3&#8243; bottom_padding=\u00bb3&#8243; overlay_alpha=\u00bb50&#8243; gutter_size=\u00bb3&#8243; column_width_percent=\u00bb100&#8243; shift_y=\u00bb0&#8243; z_index=\u00bb0&#8243; uncode_shortcode_id=\u00bb107598&#8243;][vc_column width=\u00bb1\/1&#8243;][vc_custom_heading heading_semantic=\u00bbdiv\u00bb text_weight=\u00bb600&#8243; uncode_shortcode_id=\u00bb113845&#8243;]Becas Pepe Buitr\u00f3n[\/vc_custom_heading][vc_column_text uncode_shortcode_id=\u00bb166797&#8243;]<\/p>\n<p data-sourcepos=\"3:1-4:41\"><strong>Honrando un legado, impulsando el futuro.<\/strong><\/p>\n<p data-sourcepos=\"6:1-7:226\">En la Fundaci\u00f3n DTI, estamos orgullosos de continuar el legado del <strong>Dr. Jos\u00e9 Manuel Garc\u00eda Buitr\u00f3n<\/strong>, un pionero en la donaci\u00f3n y el trasplante de \u00f3rganos y miembro fundador de nuestra fundaci\u00f3n, a trav\u00e9s de la <strong>Beca Pepe Buitr\u00f3n.<\/strong><\/p>\n<p data-sourcepos=\"9:1-10:222\">Esta iniciativa refleja el profundo compromiso del Dr. Buitr\u00f3n con la equidad, la solidaridad y el avance de la asistencia sanitaria global mediante el apoyo a la formaci\u00f3n de profesionales de <em><strong>pa\u00edses de renta baja y media<\/strong><\/em>.<\/p>\n<p data-sourcepos=\"12:1-13:81\">Con tu apoyo, podemos mantener vivo su legado y ampliar el alcance de su impacto.<\/p>\n<p>[\/vc_column_text][vc_custom_heading heading_semantic=\u00bbdiv\u00bb text_weight=\u00bb600&#8243; uncode_shortcode_id=\u00bb111555&#8243;]Sobre el Dr. Pepe Buitr\u00f3n[\/vc_custom_heading][vc_column_text uncode_shortcode_id=\u00bb168729&#8243;]<\/p>\n<p data-sourcepos=\"18:1-19:227\">El Dr. Buitr\u00f3n fue un ur\u00f3logo de trasplantes, antiguo director de la Oficina de Coordinaci\u00f3n de Trasplantes y gerente del Hospital Canalejo en A Coru\u00f1a, Espa\u00f1a. Tambi\u00e9n fue miembro fundador y vicepresidente de la Fundaci\u00f3n DTI.<\/p>\n<p data-sourcepos=\"21:1-22:220\">Durante m\u00e1s de 30 a\u00f1os, promovi\u00f3 activamente la formaci\u00f3n y la cooperaci\u00f3n en pa\u00edses como Trinidad y Tobago, Filipinas y Cuba, entre muchos otros. Su obra contin\u00faa inspirando a profesionales de la salud en todo el mundo.<\/p>\n<p>[\/vc_column_text][vc_single_image media=\u00bb15855&#8243; media_width_percent=\u00bb60&#8243; alignment=\u00bbcenter\u00bb uncode_shortcode_id=\u00bb911829&#8243;][vc_custom_heading heading_semantic=\u00bbdiv\u00bb text_weight=\u00bb600&#8243; uncode_shortcode_id=\u00bb360203&#8243;]<\/p>\n<h2 class=\"\" data-start=\"1203\" data-end=\"1231\"><strong data-start=\"1206\" data-end=\"1231\">Sobre la beca<\/strong><\/h2>\n<p>[\/vc_custom_heading][vc_column_text uncode_shortcode_id=\u00bb918038&#8243;]<\/p>\n<p data-sourcepos=\"30:1-31:265\">La <strong>Beca Pepe Buitr\u00f3n<\/strong> promueve la <strong>equidad y la inclusi\u00f3n<\/strong> en los sistemas de salud globales ofreciendo a profesionales de la salud de pa\u00edses de renta baja y media la oportunidad de asistir al <strong>International Workshop on Uncontrolled &amp; Controlled Donation After Circulatory Death<\/strong><\/p>\n<p data-sourcepos=\"33:1-34:251\">Esta iniciativa garantiza que profesionales que de otro modo no tendr\u00edan acceso a una formaci\u00f3n avanzada en donaci\u00f3n y trasplante de \u00f3rganos puedan recibir una educaci\u00f3n de alta calidad, mejorar las pr\u00e1cticas en sus pa\u00edses y contribuir a salvar vidas.<\/p>\n<p data-sourcepos=\"36:1-37:96\">La beca cubre \u00edntegramente la <strong>tasa de inscripci\u00f3n al curso y el alojamiento<\/strong> durante el programa.<\/p>\n<ul>\n<li><a href=\"https:\/\/dtifoundation.com\/wp-content\/uploads\/2025\/07\/Becas-Pepe-Buitron-2025-2026ES.pdf.pdf\"><mark><strong>Descubre aqu\u00ed las bases de la convocatoria<\/strong><\/mark><\/a><\/li>\n<\/ul>\n<p>[\/vc_column_text][vc_custom_heading heading_semantic=\u00bbdiv\u00bb text_weight=\u00bb600&#8243; uncode_shortcode_id=\u00bb416998&#8243;]<\/p>\n<h2 class=\"\" data-start=\"875\" data-end=\"918\"><strong data-start=\"878\" data-end=\"918\">\u00bfC\u00f3mo puedes apoyar esta iniciativa?<\/strong><\/h2>\n<p>[\/vc_custom_heading][vc_column_text uncode_shortcode_id=\u00bb102908&#8243;]<\/p>\n<p data-sourcepos=\"42:1-43:153\"><strong>Una donaci\u00f3n de 1.800 \u20ac<\/strong> es suficiente para patrocinar completamente a un participante, cubriendo tanto la matr\u00edcula como el alojamiento durante el curso.<\/p>\n<p data-sourcepos=\"45:1-46:124\">Tu contribuci\u00f3n puede impactar directamente en el futuro de la donaci\u00f3n y el trasplante de \u00f3rganos en regiones desatendidas.<\/p>\n<p data-sourcepos=\"48:1-49:52\">Puedes colaborar <strong>aqu\u00ed<\/strong>: ES68 0081 0900 8900 0364 4576<\/p>\n<p data-sourcepos=\"51:1-52:104\">Para recibir m\u00e1s informaci\u00f3n, por favor, completa el formulario que encontrar\u00e1s al final de esta p\u00e1gina.<\/p>\n<p>[\/vc_column_text][\/vc_column][\/vc_row][vc_row][vc_column width=\u00bb1\/6&#8243;][\/vc_column][vc_column width=\u00bb4\/6&#8243;][vc_raw_html]JTNDaWZyYW1lJTIwYXJpYS1sYWJlbCUzRCUyN0JlY2ElMjBQZXBlJTIwQnVpdHIlQzMlQjNuJTIwLSUyMEN1cnNvJTIwU3VwZXJpb3IlMjBJbnRlcm5hY2lvbmFsJTIwZW4lMjBEb25hY2klQzMlQjNuJTIweSUyMFRyYXNwbGFudGUlMjBkZSUyMCVDMyU5M3JnYW5vcyUyMHklMjBUZWppZG9zJTI3JTIwZnJhbWVib3JkZXIlM0QlMjIwJTIyJTIwYWxsb3clM0QlMjJnZW9sb2NhdGlvbiUzQiUyMiUyMHN0eWxlJTNEJTIyaGVpZ2h0JTNBNTAwcHglM0J3aWR0aCUzQTk5JTI1JTNCYm9yZGVyJTNBbm9uZSUzQiUyMiUyMHNyYyUzRCUyN2h0dHBzJTNBJTJGJTJGZm9ybXMuem9ob3B1YmxpYy5jb20lMkZkdGlmb3VuZGF0aW9uJTJGZm9ybSUyRlNjaG9sYXJzaGlwUGVwZUJ1aXRyblRQTUZlYjI1MSUyRmZvcm1wZXJtYSUyRko5LTd1MVJzekhGRzA4OThKUXFWOW1zWjFOME1MbDBzNXEzQzBCTFkyeEUlMjclM0UlM0MlMkZpZnJhbWUlM0U=[\/vc_raw_html][\/vc_column][vc_column width=\u00bb1\/6&#8243;][\/vc_column][\/vc_row][vc_row][vc_column width=\u00bb1\/3&#8243;][\/vc_column][vc_column width=\u00bb1\/3&#8243;][vc_custom_heading uncode_shortcode_id=\u00bb720989&#8243;]<strong>PATROCINADORES<\/strong>[\/vc_custom_heading][\/vc_column][vc_column width=\u00bb1\/3&#8243;][\/vc_column][\/vc_row][vc_row][vc_column width=\u00bb1\/1&#8243;][vc_single_image media=\u00bb16345&#8243; media_width_percent=\u00bb50&#8243; alignment=\u00bbcenter\u00bb uncode_shortcode_id=\u00bb437162&#8243; media_link=\u00bburl:https%3A%2F%2Fwww.fundacionmariajosejove.org%2F\u00bb][\/vc_column][\/vc_row]<\/p>\n<\/div>","protected":false},"excerpt":{"rendered":"<p>[vc_row row_height_percent=\u00bb0&#8243; override_padding=\u00bbyes\u00bb h_padding=\u00bb2&#8243; top_padding=\u00bb3&#8243; bottom_padding=\u00bb3&#8243; overlay_alpha=\u00bb50&#8243; gutter_size=\u00bb3&#8243; column_width_percent=\u00bb100&#8243; shift_y=\u00bb0&#8243; z_index=\u00bb0&#8243; uncode_shortcode_id=\u00bb107598&#8243;][vc_column width=\u00bb1\/1&#8243;][vc_custom_heading heading_semantic=\u00bbdiv\u00bb text_weight=\u00bb600&#8243; uncode_shortcode_id=\u00bb113845&#8243;]Becas Pepe Buitr\u00f3n[\/vc_custom_heading][vc_column_text uncode_shortcode_id=\u00bb166797&#8243;] Honrando [&hellip;]<\/p>\n","protected":false},"author":1,"featured_media":15861,"parent":0,"menu_order":0,"comment_status":"closed","ping_status":"closed","template":"","meta":{"_acf_changed":false,"footnotes":""},"class_list":["post-15907","page","type-page","status-publish","has-post-thumbnail","hentry"],"acf":[],"yoast_head":"<!-- This site is optimized with the Yoast SEO plugin v26.9 - https:\/\/yoast.com\/product\/yoast-seo-wordpress\/ -->\n<title>Becas Pepe Buitr\u00f3n | DTI Foundation | Donation &amp; Transplantation Institute<\/title>\n<meta name=\"description\" content=\"Descubre toda la informaci\u00f3n sobre Becas Pepe Buitr\u00f3n en nuestra web. En la Fundaci\u00f3n DTI trabajamos para brindar servicios y formaci\u00f3n en donaci\u00f3n de organos y transplantes en el mundo.\" \/>\n<meta name=\"robots\" content=\"index, follow, max-snippet:-1, max-image-preview:large, max-video-preview:-1\" \/>\n<link rel=\"canonical\" href=\"https:\/\/dtifoundation.com\/es\/becas-pepe-buitron\/\" \/>\n<meta property=\"og:locale\" content=\"es_ES\" \/>\n<meta property=\"og:type\" content=\"article\" \/>\n<meta property=\"og:title\" content=\"Becas Pepe Buitr\u00f3n | DTI Foundation | Donation &amp; Transplantation Institute\" \/>\n<meta property=\"og:description\" content=\"Descubre toda la informaci\u00f3n sobre Becas Pepe Buitr\u00f3n en nuestra web. En la Fundaci\u00f3n DTI trabajamos para brindar servicios y formaci\u00f3n en donaci\u00f3n de organos y transplantes en el mundo.\" \/>\n<meta property=\"og:url\" content=\"https:\/\/dtifoundation.com\/es\/becas-pepe-buitron\/\" \/>\n<meta property=\"og:site_name\" content=\"DTI Foundation | Donation &amp; Transplantation Institute\" \/>\n<meta property=\"article:modified_time\" content=\"2025-07-11T11:22:47+00:00\" \/>\n<meta property=\"og:image\" content=\"https:\/\/dtifoundation.com\/wp-content\/uploads\/2025\/05\/Image-1.jpeg\" \/>\n\t<meta property=\"og:image:width\" content=\"1280\" \/>\n\t<meta property=\"og:image:height\" content=\"720\" \/>\n\t<meta property=\"og:image:type\" content=\"image\/jpeg\" \/>\n<meta name=\"twitter:card\" content=\"summary_large_image\" \/>\n<meta name=\"twitter:label1\" content=\"Tiempo de lectura\" \/>\n\t<meta name=\"twitter:data1\" content=\"3 minutos\" \/>\n<script type=\"application\/ld+json\" class=\"yoast-schema-graph\">{\"@context\":\"https:\/\/schema.org\",\"@graph\":[{\"@type\":[\"WebPage\",\"MedicalWebPage\"],\"@id\":\"https:\/\/dtifoundation.com\/es\/becas-pepe-buitron\/\",\"url\":\"https:\/\/dtifoundation.com\/es\/becas-pepe-buitron\/\",\"name\":\"Becas Pepe Buitr\u00f3n | DTI Foundation | Donation &amp; Transplantation Institute\",\"isPartOf\":{\"@id\":\"https:\/\/dtifoundation.com\/#website\"},\"primaryImageOfPage\":{\"@id\":\"https:\/\/dtifoundation.com\/es\/becas-pepe-buitron\/#primaryimage\"},\"image\":{\"@id\":\"https:\/\/dtifoundation.com\/es\/becas-pepe-buitron\/#primaryimage\"},\"thumbnailUrl\":\"https:\/\/dtifoundation.com\/wp-content\/uploads\/2025\/05\/Image-1.jpeg\",\"datePublished\":\"2025-05-07T13:22:48+00:00\",\"dateModified\":\"2025-07-11T11:22:47+00:00\",\"description\":\"Descubre toda la informaci\u00f3n sobre Becas Pepe Buitr\u00f3n en nuestra web. En la Fundaci\u00f3n DTI trabajamos para brindar servicios y formaci\u00f3n en donaci\u00f3n de organos y transplantes en el mundo.\",\"breadcrumb\":{\"@id\":\"https:\/\/dtifoundation.com\/es\/becas-pepe-buitron\/#breadcrumb\"},\"inLanguage\":\"es\",\"potentialAction\":[{\"@type\":\"ReadAction\",\"target\":[\"https:\/\/dtifoundation.com\/es\/becas-pepe-buitron\/\"]}]},{\"@type\":\"ImageObject\",\"inLanguage\":\"es\",\"@id\":\"https:\/\/dtifoundation.com\/es\/becas-pepe-buitron\/#primaryimage\",\"url\":\"https:\/\/dtifoundation.com\/wp-content\/uploads\/2025\/05\/Image-1.jpeg\",\"contentUrl\":\"https:\/\/dtifoundation.com\/wp-content\/uploads\/2025\/05\/Image-1.jpeg\",\"width\":1280,\"height\":720},{\"@type\":\"BreadcrumbList\",\"@id\":\"https:\/\/dtifoundation.com\/es\/becas-pepe-buitron\/#breadcrumb\",\"itemListElement\":[{\"@type\":\"ListItem\",\"position\":1,\"name\":\"Home\",\"item\":\"https:\/\/dtifoundation.com\/es\/\"},{\"@type\":\"ListItem\",\"position\":2,\"name\":\"Becas Pepe Buitr\u00f3n\"}]},{\"@type\":\"WebSite\",\"@id\":\"https:\/\/dtifoundation.com\/#website\",\"url\":\"https:\/\/dtifoundation.com\/\",\"name\":\"TPM - DTI Foundation\",\"description\":\"\",\"potentialAction\":[{\"@type\":\"SearchAction\",\"target\":{\"@type\":\"EntryPoint\",\"urlTemplate\":\"https:\/\/dtifoundation.com\/?s={search_term_string}\"},\"query-input\":{\"@type\":\"PropertyValueSpecification\",\"valueRequired\":true,\"valueName\":\"search_term_string\"}}],\"inLanguage\":\"es\"}]}<\/script>\n<!-- \/ Yoast SEO plugin. -->","yoast_head_json":{"title":"Becas Pepe Buitr\u00f3n | DTI Foundation | Donation &amp; Transplantation Institute","description":"Descubre toda la informaci\u00f3n sobre Becas Pepe Buitr\u00f3n en nuestra web. En la Fundaci\u00f3n DTI trabajamos para brindar servicios y formaci\u00f3n en donaci\u00f3n de organos y transplantes en el mundo.","robots":{"index":"index","follow":"follow","max-snippet":"max-snippet:-1","max-image-preview":"max-image-preview:large","max-video-preview":"max-video-preview:-1"},"canonical":"https:\/\/dtifoundation.com\/es\/becas-pepe-buitron\/","og_locale":"es_ES","og_type":"article","og_title":"Becas Pepe Buitr\u00f3n | DTI Foundation | Donation &amp; Transplantation Institute","og_description":"Descubre toda la informaci\u00f3n sobre Becas Pepe Buitr\u00f3n en nuestra web. En la Fundaci\u00f3n DTI trabajamos para brindar servicios y formaci\u00f3n en donaci\u00f3n de organos y transplantes en el mundo.","og_url":"https:\/\/dtifoundation.com\/es\/becas-pepe-buitron\/","og_site_name":"DTI Foundation | Donation &amp; Transplantation Institute","article_modified_time":"2025-07-11T11:22:47+00:00","og_image":[{"width":1280,"height":720,"url":"https:\/\/dtifoundation.com\/wp-content\/uploads\/2025\/05\/Image-1.jpeg","type":"image\/jpeg"}],"twitter_card":"summary_large_image","twitter_misc":{"Tiempo de lectura":"3 minutos"},"schema":{"@context":"https:\/\/schema.org","@graph":[{"@type":["WebPage","MedicalWebPage"],"@id":"https:\/\/dtifoundation.com\/es\/becas-pepe-buitron\/","url":"https:\/\/dtifoundation.com\/es\/becas-pepe-buitron\/","name":"Becas Pepe Buitr\u00f3n | DTI Foundation | Donation &amp; Transplantation Institute","isPartOf":{"@id":"https:\/\/dtifoundation.com\/#website"},"primaryImageOfPage":{"@id":"https:\/\/dtifoundation.com\/es\/becas-pepe-buitron\/#primaryimage"},"image":{"@id":"https:\/\/dtifoundation.com\/es\/becas-pepe-buitron\/#primaryimage"},"thumbnailUrl":"https:\/\/dtifoundation.com\/wp-content\/uploads\/2025\/05\/Image-1.jpeg","datePublished":"2025-05-07T13:22:48+00:00","dateModified":"2025-07-11T11:22:47+00:00","description":"Descubre toda la informaci\u00f3n sobre Becas Pepe Buitr\u00f3n en nuestra web. En la Fundaci\u00f3n DTI trabajamos para brindar servicios y formaci\u00f3n en donaci\u00f3n de organos y transplantes en el mundo.","breadcrumb":{"@id":"https:\/\/dtifoundation.com\/es\/becas-pepe-buitron\/#breadcrumb"},"inLanguage":"es","potentialAction":[{"@type":"ReadAction","target":["https:\/\/dtifoundation.com\/es\/becas-pepe-buitron\/"]}]},{"@type":"ImageObject","inLanguage":"es","@id":"https:\/\/dtifoundation.com\/es\/becas-pepe-buitron\/#primaryimage","url":"https:\/\/dtifoundation.com\/wp-content\/uploads\/2025\/05\/Image-1.jpeg","contentUrl":"https:\/\/dtifoundation.com\/wp-content\/uploads\/2025\/05\/Image-1.jpeg","width":1280,"height":720},{"@type":"BreadcrumbList","@id":"https:\/\/dtifoundation.com\/es\/becas-pepe-buitron\/#breadcrumb","itemListElement":[{"@type":"ListItem","position":1,"name":"Home","item":"https:\/\/dtifoundation.com\/es\/"},{"@type":"ListItem","position":2,"name":"Becas Pepe Buitr\u00f3n"}]},{"@type":"WebSite","@id":"https:\/\/dtifoundation.com\/#website","url":"https:\/\/dtifoundation.com\/","name":"TPM - DTI Foundation","description":"","potentialAction":[{"@type":"SearchAction","target":{"@type":"EntryPoint","urlTemplate":"https:\/\/dtifoundation.com\/?s={search_term_string}"},"query-input":{"@type":"PropertyValueSpecification","valueRequired":true,"valueName":"search_term_string"}}],"inLanguage":"es"}]}},"_links":{"self":[{"href":"https:\/\/dtifoundation.com\/es\/wp-json\/wp\/v2\/pages\/15907","targetHints":{"allow":["GET"]}}],"collection":[{"href":"https:\/\/dtifoundation.com\/es\/wp-json\/wp\/v2\/pages"}],"about":[{"href":"https:\/\/dtifoundation.com\/es\/wp-json\/wp\/v2\/types\/page"}],"author":[{"embeddable":true,"href":"https:\/\/dtifoundation.com\/es\/wp-json\/wp\/v2\/users\/1"}],"replies":[{"embeddable":true,"href":"https:\/\/dtifoundation.com\/es\/wp-json\/wp\/v2\/comments?post=15907"}],"version-history":[{"count":11,"href":"https:\/\/dtifoundation.com\/es\/wp-json\/wp\/v2\/pages\/15907\/revisions"}],"predecessor-version":[{"id":16433,"href":"https:\/\/dtifoundation.com\/es\/wp-json\/wp\/v2\/pages\/15907\/revisions\/16433"}],"wp:featuredmedia":[{"embeddable":true,"href":"https:\/\/dtifoundation.com\/es\/wp-json\/wp\/v2\/media\/15861"}],"wp:attachment":[{"href":"https:\/\/dtifoundation.com\/es\/wp-json\/wp\/v2\/media?parent=15907"}],"curies":[{"name":"wp","href":"https:\/\/api.w.org\/{rel}","templated":true}]}}