{"id":15576,"date":"2025-03-26T10:35:06","date_gmt":"2025-03-26T10:35:06","guid":{"rendered":"https:\/\/dtifoundation.com\/herencia\/"},"modified":"2025-04-02T11:59:51","modified_gmt":"2025-04-02T11:59:51","slug":"herencia","status":"publish","type":"page","link":"https:\/\/dtifoundation.com\/es\/herencia\/","title":{"rendered":"Herencia"},"content":{"rendered":"<div class=\"wpb-content-wrapper\"><p>[vc_row row_height_percent=\u00bb0&#8243; back_image=\u00bb15439&#8243; back_image_auto=\u00bbyes\u00bb overlay_color=\u00bbcolor-jevc\u00bb overlay_alpha=\u00bb50&#8243; gutter_size=\u00bb3&#8243; column_width_percent=\u00bb100&#8243; shift_y=\u00bb0&#8243; z_index=\u00bb0&#8243; content_parallax=\u00bb0&#8243; uncode_shortcode_id=\u00bb711654&#8243; overlay_color_type=\u00bbuncode-palette\u00bb el_class=\u00bbservice-heading-custom\u00bb][vc_column column_width_percent=\u00bb100&#8243; position_horizontal=\u00bbleft\u00bb gutter_size=\u00bb3&#8243; overlay_alpha=\u00bb50&#8243; shift_x=\u00bb0&#8243; shift_y=\u00bb0&#8243; shift_y_down=\u00bb0&#8243; z_index=\u00bb0&#8243; medium_width=\u00bb0&#8243; mobile_width=\u00bb0&#8243; width=\u00bb4\/6&#8243; uncode_shortcode_id=\u00bb702555&#8243;][vc_custom_heading text_color=\u00bbcolor-xsdn\u00bb heading_semantic=\u00bbh1&#8243; text_size=\u00bbh1&#8243; uncode_shortcode_id=\u00bb422454&#8243; text_color_type=\u00bbuncode-palette\u00bb]<strong>Tu legado puede marcar la diferencia<\/strong><strong><br \/>\n<\/strong>[\/vc_custom_heading][vc_column_text uncode_shortcode_id=\u00bb142828&#8243;]<span style=\"color: #ffffff;\">Tu contribuci\u00f3n a DTI Foundation ayuda a mejorar la donaci\u00f3n y el trasplante de \u00f3rganos en todo el mundo. Con tu apoyo, podemos salvar m\u00e1s vidas, formar a profesionales y concienciar a la sociedad. Cada donaci\u00f3n cuenta: \u00fanete a nosotros para construir un futuro mejor.<\/span>[\/vc_column_text][\/vc_column][vc_column width=\u00bb2\/6&#8243;][\/vc_column][\/vc_row][vc_row row_height_percent=\u00bb0&#8243; override_padding=\u00bbyes\u00bb h_padding=\u00bb2&#8243; top_padding=\u00bb3&#8243; bottom_padding=\u00bb3&#8243; overlay_alpha=\u00bb50&#8243; equal_height=\u00bbyes\u00bb gutter_size=\u00bb3&#8243; column_width_percent=\u00bb100&#8243; shift_y=\u00bb0&#8243; z_index=\u00bb0&#8243; content_parallax=\u00bb0&#8243; uncode_shortcode_id=\u00bb696678&#8243;][vc_column column_width_percent=\u00bb100&#8243; position_vertical=\u00bbmiddle\u00bb gutter_size=\u00bb3&#8243; overlay_alpha=\u00bb50&#8243; shift_x=\u00bb0&#8243; shift_y=\u00bb0&#8243; shift_y_down=\u00bb0&#8243; z_index=\u00bb0&#8243; medium_width=\u00bb0&#8243; mobile_width=\u00bb0&#8243; width=\u00bb1\/2&#8243; uncode_shortcode_id=\u00bb207643&#8243;][vc_column_text uncode_shortcode_id=\u00bb290822&#8243;]<\/p>\n<h2><b data-b37a8a57-c073-4452-a3e1-bd3b4e56f3e3-11=\"true\">Tu legado: un regalo que salva vidas<br data-b37a8a57-c073-4452-a3e1-bd3b4e56f3e3-13=\"true\" \/><\/b><\/h2>\n<p class=\"\" data-start=\"546\" data-end=\"1032\">En DTI Foundation creemos que tu legado es mucho m\u00e1s que lo que dejas: es una contribuci\u00f3n duradera que sigue teniendo impacto. Al incluir a DTI en tu planificaci\u00f3n patrimonial, tu herencia se convierte en un motor de progreso para la donaci\u00f3n y el trasplante de \u00f3rganos y tejidos. Este gesto tan significativo respalda la formaci\u00f3n especializada, la investigaci\u00f3n de vanguardia y la cooperaci\u00f3n internacional\u2014claves para salvar vidas y mejorar la atenci\u00f3n a pacientes en todo el mundo.<\/p>\n<p class=\"\" data-start=\"1034\" data-end=\"1406\">Tu apoyo refuerza nuestras iniciativas globales, ayudando a llevar pr\u00e1cticas avanzadas de donaci\u00f3n y tecnolog\u00edas de trasplante a las comunidades que m\u00e1s lo necesitan. Al integrar tu legado en nuestra misi\u00f3n, contribuyes a construir un sistema de donaci\u00f3n m\u00e1s eficiente y a impulsar innovaciones que transforman la salud y devuelven la esperanza a pacientes y sus familias.<\/p>\n<p class=\"\" data-start=\"1408\" data-end=\"1514\">Tu decisi\u00f3n no solo refleja tus valores, sino que tambi\u00e9n abre camino a futuros avances que mejoran vidas.<\/p>\n<p>[\/vc_column_text][\/vc_column][vc_column column_width_percent=\u00bb100&#8243; position_vertical=\u00bbmiddle\u00bb align_horizontal=\u00bbalign_center\u00bb gutter_size=\u00bb3&#8243; overlay_alpha=\u00bb50&#8243; shift_x=\u00bb0&#8243; shift_y=\u00bb0&#8243; shift_y_down=\u00bb0&#8243; z_index=\u00bb0&#8243; medium_width=\u00bb0&#8243; mobile_width=\u00bb0&#8243; width=\u00bb1\/2&#8243; uncode_shortcode_id=\u00bb134460&#8243;][vc_single_image media=\u00bb14547&#8243; media_width_percent=\u00bb100&#8243; shape=\u00bbimg-round\u00bb radius=\u00bbstd\u00bb uncode_shortcode_id=\u00bb259425&#8243;][vc_column_text uncode_shortcode_id=\u00bb201960&#8243;]Para saber m\u00e1s sobre c\u00f3mo tu herencia puede tener un impacto duradero, no dudes en contactarnos. Juntos, podemos crear un futuro donde cada contribuci\u00f3n ayude a salvar vidas y a construir un mundo m\u00e1s compasivo.[\/vc_column_text][\/vc_column][\/vc_row][vc_row row_height_percent=\u00bb0&#8243; override_padding=\u00bbyes\u00bb h_padding=\u00bb2&#8243; top_padding=\u00bb3&#8243; bottom_padding=\u00bb3&#8243; overlay_alpha=\u00bb50&#8243; gutter_size=\u00bb3&#8243; column_width_percent=\u00bb100&#8243; shift_y=\u00bb0&#8243; z_index=\u00bb0&#8243; content_parallax=\u00bb0&#8243; uncode_shortcode_id=\u00bb133548&#8243;][vc_column width=\u00bb1\/4&#8243;][vc_single_image media=\u00bb15476&#8243; media_width_percent=\u00bb100&#8243; uncode_shortcode_id=\u00bb180560&#8243;][vc_column_text uncode_shortcode_id=\u00bb187496&#8243;]<\/p>\n<h3>1. Tu legado puede marcar la diferencia<\/h3>\n<p class=\"\" data-start=\"165\" data-end=\"376\">Consultar con un notario es el primer paso para asegurarte de que tus deseos queden debidamente documentados. Con su ayuda, podr\u00e1s garantizar que todo est\u00e9 expresado de forma clara, legal y acorde a tu voluntad.<\/p>\n<p>[\/vc_column_text][\/vc_column][vc_column width=\u00bb1\/4&#8243;][vc_single_image media=\u00bb15473&#8243; media_width_percent=\u00bb100&#8243; uncode_shortcode_id=\u00bb208473&#8243;][vc_column_text uncode_shortcode_id=\u00bb378231&#8243;]<\/p>\n<h3>2. Incluye a DTI en tu testamento<\/h3>\n<p class=\"\" data-start=\"426\" data-end=\"464\">Solo necesitas incluir nuestros datos:<\/p>\n<p style=\"margin: 10px 0 5px 0; line-height: 1.1;\"><span style=\"color: #b53125; font-weight: bold; font-size: 13px;\">&#8211; DTI- Donation and Transplantation Institute, Fundaci\u00f3 Privada<\/span><\/p>\n<p style=\"margin: 0 0 5px 0; line-height: 1.1;\"><span style=\"color: #b53125; font-weight: bold; font-size: 13px;\">&#8211; CIF G64862006<\/span><\/p>\n<p style=\"margin: 0 0 5px 0; line-height: 1.1;\"><span style=\"color: #b53125; font-weight: bold; font-size: 13px;\">&#8211; Parc Cient\u00edfic de Barcelona. Torre I Planta 8, Carrer Baldiri Reixac 4-8 08028 Barcelona<\/span><\/p>\n<p>[\/vc_column_text][\/vc_column][vc_column width=\u00bb1\/4&#8243;][vc_single_image media=\u00bb15470&#8243; media_width_percent=\u00bb100&#8243; uncode_shortcode_id=\u00bb343275&#8243;][vc_column_text uncode_shortcode_id=\u00bb106014&#8243;]<\/p>\n<h3>3. Aseg\u00farate de que se cumplan tus deseos<\/h3>\n<p class=\"\" data-start=\"235\" data-end=\"425\">Informa a una persona de confianza\u2014ya sea un familiar, tu pareja o alguien cercano\u2014a cerca de tu decisi\u00f3n. Es la mejor forma de asegurar que tu legado llegue a su destino.<\/p>\n<p>[\/vc_column_text][\/vc_column][vc_column width=\u00bb1\/4&#8243;][vc_single_image media=\u00bb15467&#8243; media_width_percent=\u00bb100&#8243; uncode_shortcode_id=\u00bb248872&#8243;][vc_column_text uncode_shortcode_id=\u00bb930197&#8243;]<\/p>\n<h3>4. H\u00e1znoslo saber, si as\u00ed lo deseas<\/h3>\n<p class=\"\" data-start=\"235\" data-end=\"425\">Si decides incluirnos, te invitamos a comunic\u00e1rnoslo. No es necesario que compartas los detalles; simplemente queremos estar preparados para cumplir tu voluntad.<\/p>\n<p>[\/vc_column_text][\/vc_column][\/vc_row][vc_row row_height_percent=\u00bb0&#8243; override_padding=\u00bbyes\u00bb h_padding=\u00bb2&#8243; top_padding=\u00bb3&#8243; bottom_padding=\u00bb3&#8243; overlay_alpha=\u00bb50&#8243; gutter_size=\u00bb3&#8243; column_width_percent=\u00bb100&#8243; shift_y=\u00bb0&#8243; z_index=\u00bb0&#8243; content_parallax=\u00bb0&#8243; uncode_shortcode_id=\u00bb144953&#8243; back_color_type=\u00bbuncode-solid\u00bb back_color_solid=\u00bb#f2f2f2&#8243;][vc_column width=\u00bb1\/1&#8243;][vc_row_inner][vc_column_inner column_width_percent=\u00bb100&#8243; gutter_size=\u00bb3&#8243; overlay_alpha=\u00bb50&#8243; shift_x=\u00bb0&#8243; shift_y=\u00bb0&#8243; shift_y_down=\u00bb0&#8243; z_index=\u00bb0&#8243; medium_width=\u00bb0&#8243; mobile_width=\u00bb0&#8243; width=\u00bb2\/3&#8243; uncode_shortcode_id=\u00bb202518&#8243; el_class=\u00bbbtn-right\u00bb][vc_custom_heading text_color=\u00bbaccent\u00bb heading_semantic=\u00bbdiv\u00bb uncode_shortcode_id=\u00bb133800&#8243; text_color_type=\u00bbuncode-palette\u00bb]<\/p>\n<h3 class=\"\" data-start=\"1119\" data-end=\"1144\"><strong data-start=\"1123\" data-end=\"1144\">\u00bfNecesitas ayuda?<\/strong><\/h3>\n<p class=\"\" data-start=\"1146\" data-end=\"1436\">\n<p>[\/vc_custom_heading][vc_column_text text_color=\u00bbaccent\u00bb uncode_shortcode_id=\u00bb189815&#8243; text_color_type=\u00bbuncode-palette\u00bb]<br \/>\nEn DTI Foundation estamos aqu\u00ed para ayudarte. Si necesitas orientaci\u00f3n antes de tomar una decisi\u00f3n, nuestro equipo, junto con expertos legales, puede ofrecerte el apoyo que necesites. Contacta con nosotros para recibir asesoramiento gratuito\u2014estaremos encantados de atenderte personalmente.<br \/>\n[\/vc_column_text][\/vc_column_inner][vc_column_inner column_width_percent=\u00bb100&#8243; position_vertical=\u00bbmiddle\u00bb align_horizontal=\u00bbalign_right\u00bb gutter_size=\u00bb3&#8243; overlay_alpha=\u00bb50&#8243; shift_x=\u00bb0&#8243; shift_y=\u00bb0&#8243; shift_y_down=\u00bb0&#8243; z_index=\u00bb0&#8243; medium_width=\u00bb0&#8243; mobile_width=\u00bb0&#8243; width=\u00bb1\/3&#8243; uncode_shortcode_id=\u00bb184423&#8243;][vc_button button_color=\u00bbcolor-red-tpm-dti\u00bb border_width=\u00bb0&#8243; button_color_type=\u00bbuncode-palette\u00bb uncode_shortcode_id=\u00bb442488&#8243; link=\u00bburl:https%3A%2F%2Fdtifoundation.com%2Fes%2Fcontacto%2F|title:DTI%20Community|\u00bb]Ponte en contacto con nosotros[\/vc_button][\/vc_column_inner][\/vc_row_inner][\/vc_column][\/vc_row]<\/p>\n<\/div>","protected":false},"excerpt":{"rendered":"<p>[vc_row row_height_percent=\u00bb0&#8243; back_image=\u00bb15439&#8243; back_image_auto=\u00bbyes\u00bb overlay_color=\u00bbcolor-jevc\u00bb overlay_alpha=\u00bb50&#8243; gutter_size=\u00bb3&#8243; column_width_percent=\u00bb100&#8243; shift_y=\u00bb0&#8243; z_index=\u00bb0&#8243; content_parallax=\u00bb0&#8243; uncode_shortcode_id=\u00bb711654&#8243; overlay_color_type=\u00bbuncode-palette\u00bb el_class=\u00bbservice-heading-custom\u00bb][vc_column column_width_percent=\u00bb100&#8243; position_horizontal=\u00bbleft\u00bb gutter_size=\u00bb3&#8243; overlay_alpha=\u00bb50&#8243; shift_x=\u00bb0&#8243; shift_y=\u00bb0&#8243; [&hellip;]<\/p>\n","protected":false},"author":1,"featured_media":15441,"parent":0,"menu_order":0,"comment_status":"closed","ping_status":"closed","template":"","meta":{"_acf_changed":false,"footnotes":""},"class_list":["post-15576","page","type-page","status-publish","has-post-thumbnail","hentry"],"acf":[],"yoast_head":"<!-- This site is optimized with the Yoast SEO plugin v26.9 - https:\/\/yoast.com\/product\/yoast-seo-wordpress\/ -->\n<title>Herencia | DTI Foundation | Donation &amp; Transplantation Institute<\/title>\n<meta name=\"description\" content=\"Descubre toda la informaci\u00f3n sobre Herencia en nuestra web. En la Fundaci\u00f3n DTI trabajamos para brindar servicios y formaci\u00f3n en donaci\u00f3n de organos y transplantes en el mundo.\" \/>\n<meta name=\"robots\" content=\"index, follow, max-snippet:-1, max-image-preview:large, max-video-preview:-1\" \/>\n<link rel=\"canonical\" href=\"https:\/\/dtifoundation.com\/legacy\/\" \/>\n<meta property=\"og:locale\" content=\"es_ES\" \/>\n<meta property=\"og:type\" content=\"article\" \/>\n<meta property=\"og:title\" content=\"Herencia | DTI Foundation | Donation &amp; Transplantation Institute\" \/>\n<meta property=\"og:description\" content=\"Descubre toda la informaci\u00f3n sobre Herencia en nuestra web. En la Fundaci\u00f3n DTI trabajamos para brindar servicios y formaci\u00f3n en donaci\u00f3n de organos y transplantes en el mundo.\" \/>\n<meta property=\"og:url\" content=\"https:\/\/dtifoundation.com\/legacy\/\" \/>\n<meta property=\"og:site_name\" content=\"DTI Foundation | Donation &amp; Transplantation Institute\" \/>\n<meta property=\"article:modified_time\" content=\"2025-04-02T11:59:51+00:00\" \/>\n<meta property=\"og:image\" content=\"https:\/\/dtifoundation.com\/wp-content\/uploads\/2025\/03\/la-disyuntiva-de-la-herencia-vender-o-no-vender-el-piso-familiar.jpg\" \/>\n\t<meta property=\"og:image:width\" content=\"809\" \/>\n\t<meta property=\"og:image:height\" content=\"265\" \/>\n\t<meta property=\"og:image:type\" content=\"image\/jpeg\" \/>\n<meta name=\"twitter:card\" content=\"summary_large_image\" \/>\n<meta name=\"twitter:label1\" content=\"Tiempo de lectura\" \/>\n\t<meta name=\"twitter:data1\" content=\"5 minutos\" \/>\n<script type=\"application\/ld+json\" class=\"yoast-schema-graph\">{\"@context\":\"https:\/\/schema.org\",\"@graph\":[{\"@type\":[\"WebPage\",\"MedicalWebPage\"],\"@id\":\"https:\/\/dtifoundation.com\/legacy\/\",\"url\":\"https:\/\/dtifoundation.com\/legacy\/\",\"name\":\"Herencia | DTI Foundation | Donation &amp; Transplantation Institute\",\"isPartOf\":{\"@id\":\"https:\/\/dtifoundation.com\/#website\"},\"primaryImageOfPage\":{\"@id\":\"https:\/\/dtifoundation.com\/legacy\/#primaryimage\"},\"image\":{\"@id\":\"https:\/\/dtifoundation.com\/legacy\/#primaryimage\"},\"thumbnailUrl\":\"https:\/\/dtifoundation.com\/wp-content\/uploads\/2025\/03\/la-disyuntiva-de-la-herencia-vender-o-no-vender-el-piso-familiar.jpg\",\"datePublished\":\"2025-03-26T10:35:06+00:00\",\"dateModified\":\"2025-04-02T11:59:51+00:00\",\"description\":\"Descubre toda la informaci\u00f3n sobre Herencia en nuestra web. En la Fundaci\u00f3n DTI trabajamos para brindar servicios y formaci\u00f3n en donaci\u00f3n de organos y transplantes en el mundo.\",\"breadcrumb\":{\"@id\":\"https:\/\/dtifoundation.com\/legacy\/#breadcrumb\"},\"inLanguage\":\"es\",\"potentialAction\":[{\"@type\":\"ReadAction\",\"target\":[\"https:\/\/dtifoundation.com\/legacy\/\"]}]},{\"@type\":\"ImageObject\",\"inLanguage\":\"es\",\"@id\":\"https:\/\/dtifoundation.com\/legacy\/#primaryimage\",\"url\":\"https:\/\/dtifoundation.com\/wp-content\/uploads\/2025\/03\/la-disyuntiva-de-la-herencia-vender-o-no-vender-el-piso-familiar.jpg\",\"contentUrl\":\"https:\/\/dtifoundation.com\/wp-content\/uploads\/2025\/03\/la-disyuntiva-de-la-herencia-vender-o-no-vender-el-piso-familiar.jpg\",\"width\":809,\"height\":265,\"caption\":\"xr:d:DAGCeszh-_A:5,j:137784726597563509,t:24041510\"},{\"@type\":\"BreadcrumbList\",\"@id\":\"https:\/\/dtifoundation.com\/legacy\/#breadcrumb\",\"itemListElement\":[{\"@type\":\"ListItem\",\"position\":1,\"name\":\"Home\",\"item\":\"https:\/\/dtifoundation.com\/es\/\"},{\"@type\":\"ListItem\",\"position\":2,\"name\":\"Herencia\"}]},{\"@type\":\"WebSite\",\"@id\":\"https:\/\/dtifoundation.com\/#website\",\"url\":\"https:\/\/dtifoundation.com\/\",\"name\":\"TPM - DTI Foundation\",\"description\":\"\",\"potentialAction\":[{\"@type\":\"SearchAction\",\"target\":{\"@type\":\"EntryPoint\",\"urlTemplate\":\"https:\/\/dtifoundation.com\/?s={search_term_string}\"},\"query-input\":{\"@type\":\"PropertyValueSpecification\",\"valueRequired\":true,\"valueName\":\"search_term_string\"}}],\"inLanguage\":\"es\"}]}<\/script>\n<!-- \/ Yoast SEO plugin. -->","yoast_head_json":{"title":"Herencia | DTI Foundation | Donation &amp; Transplantation Institute","description":"Descubre toda la informaci\u00f3n sobre Herencia en nuestra web. En la Fundaci\u00f3n DTI trabajamos para brindar servicios y formaci\u00f3n en donaci\u00f3n de organos y transplantes en el mundo.","robots":{"index":"index","follow":"follow","max-snippet":"max-snippet:-1","max-image-preview":"max-image-preview:large","max-video-preview":"max-video-preview:-1"},"canonical":"https:\/\/dtifoundation.com\/legacy\/","og_locale":"es_ES","og_type":"article","og_title":"Herencia | DTI Foundation | Donation &amp; Transplantation Institute","og_description":"Descubre toda la informaci\u00f3n sobre Herencia en nuestra web. En la Fundaci\u00f3n DTI trabajamos para brindar servicios y formaci\u00f3n en donaci\u00f3n de organos y transplantes en el mundo.","og_url":"https:\/\/dtifoundation.com\/legacy\/","og_site_name":"DTI Foundation | Donation &amp; Transplantation Institute","article_modified_time":"2025-04-02T11:59:51+00:00","og_image":[{"width":809,"height":265,"url":"https:\/\/dtifoundation.com\/wp-content\/uploads\/2025\/03\/la-disyuntiva-de-la-herencia-vender-o-no-vender-el-piso-familiar.jpg","type":"image\/jpeg"}],"twitter_card":"summary_large_image","twitter_misc":{"Tiempo de lectura":"5 minutos"},"schema":{"@context":"https:\/\/schema.org","@graph":[{"@type":["WebPage","MedicalWebPage"],"@id":"https:\/\/dtifoundation.com\/legacy\/","url":"https:\/\/dtifoundation.com\/legacy\/","name":"Herencia | DTI Foundation | Donation &amp; Transplantation Institute","isPartOf":{"@id":"https:\/\/dtifoundation.com\/#website"},"primaryImageOfPage":{"@id":"https:\/\/dtifoundation.com\/legacy\/#primaryimage"},"image":{"@id":"https:\/\/dtifoundation.com\/legacy\/#primaryimage"},"thumbnailUrl":"https:\/\/dtifoundation.com\/wp-content\/uploads\/2025\/03\/la-disyuntiva-de-la-herencia-vender-o-no-vender-el-piso-familiar.jpg","datePublished":"2025-03-26T10:35:06+00:00","dateModified":"2025-04-02T11:59:51+00:00","description":"Descubre toda la informaci\u00f3n sobre Herencia en nuestra web. En la Fundaci\u00f3n DTI trabajamos para brindar servicios y formaci\u00f3n en donaci\u00f3n de organos y transplantes en el mundo.","breadcrumb":{"@id":"https:\/\/dtifoundation.com\/legacy\/#breadcrumb"},"inLanguage":"es","potentialAction":[{"@type":"ReadAction","target":["https:\/\/dtifoundation.com\/legacy\/"]}]},{"@type":"ImageObject","inLanguage":"es","@id":"https:\/\/dtifoundation.com\/legacy\/#primaryimage","url":"https:\/\/dtifoundation.com\/wp-content\/uploads\/2025\/03\/la-disyuntiva-de-la-herencia-vender-o-no-vender-el-piso-familiar.jpg","contentUrl":"https:\/\/dtifoundation.com\/wp-content\/uploads\/2025\/03\/la-disyuntiva-de-la-herencia-vender-o-no-vender-el-piso-familiar.jpg","width":809,"height":265,"caption":"xr:d:DAGCeszh-_A:5,j:137784726597563509,t:24041510"},{"@type":"BreadcrumbList","@id":"https:\/\/dtifoundation.com\/legacy\/#breadcrumb","itemListElement":[{"@type":"ListItem","position":1,"name":"Home","item":"https:\/\/dtifoundation.com\/es\/"},{"@type":"ListItem","position":2,"name":"Herencia"}]},{"@type":"WebSite","@id":"https:\/\/dtifoundation.com\/#website","url":"https:\/\/dtifoundation.com\/","name":"TPM - DTI Foundation","description":"","potentialAction":[{"@type":"SearchAction","target":{"@type":"EntryPoint","urlTemplate":"https:\/\/dtifoundation.com\/?s={search_term_string}"},"query-input":{"@type":"PropertyValueSpecification","valueRequired":true,"valueName":"search_term_string"}}],"inLanguage":"es"}]}},"_links":{"self":[{"href":"https:\/\/dtifoundation.com\/es\/wp-json\/wp\/v2\/pages\/15576","targetHints":{"allow":["GET"]}}],"collection":[{"href":"https:\/\/dtifoundation.com\/es\/wp-json\/wp\/v2\/pages"}],"about":[{"href":"https:\/\/dtifoundation.com\/es\/wp-json\/wp\/v2\/types\/page"}],"author":[{"embeddable":true,"href":"https:\/\/dtifoundation.com\/es\/wp-json\/wp\/v2\/users\/1"}],"replies":[{"embeddable":true,"href":"https:\/\/dtifoundation.com\/es\/wp-json\/wp\/v2\/comments?post=15576"}],"version-history":[{"count":8,"href":"https:\/\/dtifoundation.com\/es\/wp-json\/wp\/v2\/pages\/15576\/revisions"}],"predecessor-version":[{"id":15584,"href":"https:\/\/dtifoundation.com\/es\/wp-json\/wp\/v2\/pages\/15576\/revisions\/15584"}],"wp:featuredmedia":[{"embeddable":true,"href":"https:\/\/dtifoundation.com\/es\/wp-json\/wp\/v2\/media\/15441"}],"wp:attachment":[{"href":"https:\/\/dtifoundation.com\/es\/wp-json\/wp\/v2\/media?parent=15576"}],"curies":[{"name":"wp","href":"https:\/\/api.w.org\/{rel}","templated":true}]}}