{"id":15399,"date":"2025-03-10T12:29:50","date_gmt":"2025-03-10T12:29:50","guid":{"rendered":"https:\/\/dtifoundation.com\/colabora\/"},"modified":"2025-04-04T08:57:17","modified_gmt":"2025-04-04T08:57:17","slug":"colabora","status":"publish","type":"page","link":"https:\/\/dtifoundation.com\/es\/colabora\/","title":{"rendered":"Colabora"},"content":{"rendered":"<div class=\"wpb-content-wrapper\"><p>[vc_row row_height_percent=\u00bb0&#8243; override_padding=\u00bbyes\u00bb h_padding=\u00bb2&#8243; top_padding=\u00bb2&#8243; bottom_padding=\u00bb1&#8243; overlay_alpha=\u00bb50&#8243; gutter_size=\u00bb3&#8243; column_width_percent=\u00bb100&#8243; shift_y=\u00bb0&#8243; z_index=\u00bb0&#8243; content_parallax=\u00bb0&#8243; uncode_shortcode_id=\u00bb498563&#8243;][vc_column width=\u00bb1\/6&#8243;][\/vc_column][vc_column width=\u00bb4\/6&#8243;][vc_column_text uncode_shortcode_id=\u00bb558126&#8243;]<\/p>\n<h1 style=\"text-align: center;\">Marca la Diferencia Hoy<\/h1>\n<p style=\"text-align: center;\">Juntos, podemos crear un impacto duradero. Al unirte a nuestra comunidad, te conviertes en parte de un movimiento dedicado al cambio positivo. Ya sea que elijas hacerte miembro o realizar una donaci\u00f3n, tu apoyo nos ayuda a crecer y a llegar a m\u00e1s personas necesitadas.<\/p>\n<p>[\/vc_column_text][\/vc_column][vc_column width=\u00bb1\/6&#8243;][\/vc_column][\/vc_row][vc_row row_height_percent=\u00bb30&#8243; override_padding=\u00bbyes\u00bb h_padding=\u00bb2&#8243; top_padding=\u00bb2&#8243; bottom_padding=\u00bb0&#8243; overlay_alpha=\u00bb50&#8243; gutter_size=\u00bb3&#8243; column_width_percent=\u00bb100&#8243; shift_y=\u00bb0&#8243; z_index=\u00bb0&#8243; content_parallax=\u00bb0&#8243; uncode_shortcode_id=\u00bb446440&#8243; css=\u00bb.vc_custom_1742470559209{padding-bottom: 60px !important;}\u00bb][vc_column column_width_percent=\u00bb100&#8243; gutter_size=\u00bb3&#8243; style=\u00bbdark\u00bb back_image=\u00bb15355&#8243; overlay_color=\u00bbaccent\u00bb overlay_alpha=\u00bb50&#8243; radius=\u00bbstd\u00bb shadow=\u00bbxs\u00bb shift_x=\u00bb0&#8243; shift_y=\u00bb0&#8243; shift_y_down=\u00bb0&#8243; z_index=\u00bb0&#8243; medium_width=\u00bb0&#8243; mobile_width=\u00bb0&#8243; width=\u00bb1\/2&#8243; uncode_shortcode_id=\u00bb213811&#8243; overlay_color_type=\u00bbuncode-palette\u00bb link_to=\u00bburl:https%3A%2F%2Fdtifoundation.com%2Fes%2Fhazte-amigo%2F|title:Donar\u00bb][vc_column_text uncode_shortcode_id=\u00bb108356&#8243; css=\u00bb.vc_custom_1742981535576{padding-top: 60px !important;}\u00bb]<\/p>\n<h2>Hazte Amigo<\/h2>\n<p>\u00danete a nuestra comunidad y s\u00e9 parte del cambio. Como miembro, colaborar\u00e1s en nuestras acciones y proyectos solidarios.[\/vc_column_text][vc_button border_width=\u00bb0&#8243; uncode_shortcode_id=\u00bb143401&#8243; link=\u00bburl:https%3A%2F%2Fdtifoundation.com%2Fes%2Fhazte-socio%2F|title:Hazte%20Socio|\u00bb]Leer m\u00e1s[\/vc_button][\/vc_column][vc_column column_width_percent=\u00bb100&#8243; gutter_size=\u00bb3&#8243; style=\u00bbdark\u00bb back_image=\u00bb15358&#8243; overlay_color=\u00bbaccent\u00bb overlay_alpha=\u00bb50&#8243; radius=\u00bbstd\u00bb shadow=\u00bbxs\u00bb shift_x=\u00bb0&#8243; shift_y=\u00bb0&#8243; shift_y_down=\u00bb0&#8243; z_index=\u00bb0&#8243; medium_width=\u00bb0&#8243; mobile_width=\u00bb0&#8243; width=\u00bb1\/2&#8243; uncode_shortcode_id=\u00bb165583&#8243; overlay_color_type=\u00bbuncode-palette\u00bb link_to=\u00bburl:https%3A%2F%2Fdtifoundation.com%2Fes%2Fdonar%2F|title:Hazte%20Socio\u00bb][vc_column_text uncode_shortcode_id=\u00bb176218&#8243; css=\u00bb.vc_custom_1742382988618{padding-top: 60px !important;}\u00bb]<\/p>\n<h2>Donar<\/h2>\n<p>Con tu donaci\u00f3n, ayudas a mejorar vidas y a brindar apoyo a quienes m\u00e1s lo necesitan. Cada aporte cuenta para crear un cambio real.[\/vc_column_text][vc_button border_width=\u00bb0&#8243; uncode_shortcode_id=\u00bb146375&#8243; link=\u00bburl:https%3A%2F%2Fdtifoundation.com%2Fes%2Fdonar%2F|title:Donar|\u00bb]Leer m\u00e1s[\/vc_button][\/vc_column][\/vc_row][vc_row row_height_percent=\u00bb30&#8243; override_padding=\u00bbyes\u00bb h_padding=\u00bb2&#8243; top_padding=\u00bb0&#8243; bottom_padding=\u00bb2&#8243; overlay_alpha=\u00bb50&#8243; gutter_size=\u00bb3&#8243; column_width_percent=\u00bb100&#8243; shift_y=\u00bb0&#8243; z_index=\u00bb0&#8243; content_parallax=\u00bb0&#8243; uncode_shortcode_id=\u00bb171964&#8243; css=\u00bb.vc_custom_1742468611360{padding-bottom: 60px !important;}\u00bb][vc_column column_width_percent=\u00bb100&#8243; gutter_size=\u00bb3&#8243; style=\u00bbdark\u00bb overlay_color=\u00bbaccent\u00bb overlay_alpha=\u00bb50&#8243; radius=\u00bbstd\u00bb shadow=\u00bbxs\u00bb shift_x=\u00bb0&#8243; shift_y=\u00bb0&#8243; shift_y_down=\u00bb0&#8243; z_index=\u00bb0&#8243; medium_width=\u00bb0&#8243; mobile_width=\u00bb0&#8243; width=\u00bb1\/4&#8243; uncode_shortcode_id=\u00bb186756&#8243; overlay_color_type=\u00bbuncode-palette\u00bb link_to=\u00bburl:https%3A%2F%2Fdtifoundation.com%2Fca%2Fdonar%2F|title:Donar|\u00bb][\/vc_column][vc_column column_width_percent=\u00bb100&#8243; gutter_size=\u00bb3&#8243; style=\u00bbdark\u00bb back_image=\u00bb15415&#8243; overlay_color=\u00bbaccent\u00bb overlay_alpha=\u00bb50&#8243; radius=\u00bbstd\u00bb shadow=\u00bbxs\u00bb shift_x=\u00bb0&#8243; shift_y=\u00bb0&#8243; shift_y_down=\u00bb0&#8243; z_index=\u00bb0&#8243; medium_width=\u00bb0&#8243; mobile_width=\u00bb0&#8243; width=\u00bb2\/4&#8243; uncode_shortcode_id=\u00bb132304&#8243; overlay_color_type=\u00bbuncode-palette\u00bb link_to=\u00bburl:https%3A%2F%2Fdtifoundation.com%2Fes%2Fherencia%2F|title:Herencia\u00bb][vc_column_text uncode_shortcode_id=\u00bb662853&#8243; css=\u00bb.vc_custom_1742470442749{padding-top: 60px !important;}\u00bb]<\/p>\n<h2>Herencia<\/h2>\n<p data-start=\"343\" data-end=\"493\">Incl\u00fayenos en tu testamento y ay\u00fadanos a avanzar en la investigaci\u00f3n. Con tu legado, apoyar\u00e1s proyectos que buscan mejorar la vida de muchas personas.<\/p>\n<p>[\/vc_column_text][vc_button border_width=\u00bb0&#8243; uncode_shortcode_id=\u00bb201311&#8243; link=\u00bburl:https%3A%2F%2Fdtifoundation.com%2Fes%2Fherencia%2F|title:Herencia\u00bb]Leer m\u00e1s[\/vc_button][\/vc_column][vc_column width=\u00bb1\/4&#8243;][\/vc_column][\/vc_row]<\/p>\n<\/div>","protected":false},"excerpt":{"rendered":"<p>[vc_row row_height_percent=\u00bb0&#8243; override_padding=\u00bbyes\u00bb h_padding=\u00bb2&#8243; top_padding=\u00bb2&#8243; bottom_padding=\u00bb1&#8243; overlay_alpha=\u00bb50&#8243; gutter_size=\u00bb3&#8243; column_width_percent=\u00bb100&#8243; shift_y=\u00bb0&#8243; z_index=\u00bb0&#8243; content_parallax=\u00bb0&#8243; uncode_shortcode_id=\u00bb498563&#8243;][vc_column width=\u00bb1\/6&#8243;][\/vc_column][vc_column width=\u00bb4\/6&#8243;][vc_column_text uncode_shortcode_id=\u00bb558126&#8243;] Marca la Diferencia Hoy [&hellip;]<\/p>\n","protected":false},"author":1,"featured_media":0,"parent":0,"menu_order":0,"comment_status":"closed","ping_status":"closed","template":"","meta":{"_acf_changed":false,"footnotes":""},"class_list":["post-15399","page","type-page","status-publish","hentry"],"acf":[],"yoast_head":"<!-- This site is optimized with the Yoast SEO plugin v26.9 - https:\/\/yoast.com\/product\/yoast-seo-wordpress\/ -->\n<title>Colabora | DTI Foundation | Donation &amp; Transplantation Institute<\/title>\n<meta name=\"description\" content=\"Descubre toda la informaci\u00f3n sobre Colabora en nuestra web. En la Fundaci\u00f3n DTI trabajamos para brindar servicios y formaci\u00f3n en donaci\u00f3n de organos y transplantes en el mundo.\" \/>\n<meta name=\"robots\" content=\"index, follow, max-snippet:-1, max-image-preview:large, max-video-preview:-1\" \/>\n<link rel=\"canonical\" href=\"https:\/\/dtifoundation.com\/es\/colabora\/\" \/>\n<meta property=\"og:locale\" content=\"es_ES\" \/>\n<meta property=\"og:type\" content=\"article\" \/>\n<meta property=\"og:title\" content=\"Colabora | DTI Foundation | Donation &amp; Transplantation Institute\" \/>\n<meta property=\"og:description\" content=\"Descubre toda la informaci\u00f3n sobre Colabora en nuestra web. En la Fundaci\u00f3n DTI trabajamos para brindar servicios y formaci\u00f3n en donaci\u00f3n de organos y transplantes en el mundo.\" \/>\n<meta property=\"og:url\" content=\"https:\/\/dtifoundation.com\/es\/colabora\/\" \/>\n<meta property=\"og:site_name\" content=\"DTI Foundation | Donation &amp; Transplantation Institute\" \/>\n<meta property=\"article:modified_time\" content=\"2025-04-04T08:57:17+00:00\" \/>\n<meta name=\"twitter:card\" content=\"summary_large_image\" \/>\n<meta name=\"twitter:label1\" content=\"Tiempo de lectura\" \/>\n\t<meta name=\"twitter:data1\" content=\"3 minutos\" \/>\n<script type=\"application\/ld+json\" class=\"yoast-schema-graph\">{\"@context\":\"https:\/\/schema.org\",\"@graph\":[{\"@type\":[\"WebPage\",\"MedicalWebPage\"],\"@id\":\"https:\/\/dtifoundation.com\/es\/colabora\/\",\"url\":\"https:\/\/dtifoundation.com\/es\/colabora\/\",\"name\":\"Colabora | DTI Foundation | Donation &amp; Transplantation Institute\",\"isPartOf\":{\"@id\":\"https:\/\/dtifoundation.com\/#website\"},\"datePublished\":\"2025-03-10T12:29:50+00:00\",\"dateModified\":\"2025-04-04T08:57:17+00:00\",\"description\":\"Descubre toda la informaci\u00f3n sobre Colabora en nuestra web. En la Fundaci\u00f3n DTI trabajamos para brindar servicios y formaci\u00f3n en donaci\u00f3n de organos y transplantes en el mundo.\",\"breadcrumb\":{\"@id\":\"https:\/\/dtifoundation.com\/es\/colabora\/#breadcrumb\"},\"inLanguage\":\"es\",\"potentialAction\":[{\"@type\":\"ReadAction\",\"target\":[\"https:\/\/dtifoundation.com\/es\/colabora\/\"]}]},{\"@type\":\"BreadcrumbList\",\"@id\":\"https:\/\/dtifoundation.com\/es\/colabora\/#breadcrumb\",\"itemListElement\":[{\"@type\":\"ListItem\",\"position\":1,\"name\":\"Home\",\"item\":\"https:\/\/dtifoundation.com\/es\/\"},{\"@type\":\"ListItem\",\"position\":2,\"name\":\"Colabora\"}]},{\"@type\":\"WebSite\",\"@id\":\"https:\/\/dtifoundation.com\/#website\",\"url\":\"https:\/\/dtifoundation.com\/\",\"name\":\"TPM - DTI Foundation\",\"description\":\"\",\"potentialAction\":[{\"@type\":\"SearchAction\",\"target\":{\"@type\":\"EntryPoint\",\"urlTemplate\":\"https:\/\/dtifoundation.com\/?s={search_term_string}\"},\"query-input\":{\"@type\":\"PropertyValueSpecification\",\"valueRequired\":true,\"valueName\":\"search_term_string\"}}],\"inLanguage\":\"es\"}]}<\/script>\n<!-- \/ Yoast SEO plugin. -->","yoast_head_json":{"title":"Colabora | DTI Foundation | Donation &amp; Transplantation Institute","description":"Descubre toda la informaci\u00f3n sobre Colabora en nuestra web. En la Fundaci\u00f3n DTI trabajamos para brindar servicios y formaci\u00f3n en donaci\u00f3n de organos y transplantes en el mundo.","robots":{"index":"index","follow":"follow","max-snippet":"max-snippet:-1","max-image-preview":"max-image-preview:large","max-video-preview":"max-video-preview:-1"},"canonical":"https:\/\/dtifoundation.com\/es\/colabora\/","og_locale":"es_ES","og_type":"article","og_title":"Colabora | DTI Foundation | Donation &amp; Transplantation Institute","og_description":"Descubre toda la informaci\u00f3n sobre Colabora en nuestra web. En la Fundaci\u00f3n DTI trabajamos para brindar servicios y formaci\u00f3n en donaci\u00f3n de organos y transplantes en el mundo.","og_url":"https:\/\/dtifoundation.com\/es\/colabora\/","og_site_name":"DTI Foundation | Donation &amp; Transplantation Institute","article_modified_time":"2025-04-04T08:57:17+00:00","twitter_card":"summary_large_image","twitter_misc":{"Tiempo de lectura":"3 minutos"},"schema":{"@context":"https:\/\/schema.org","@graph":[{"@type":["WebPage","MedicalWebPage"],"@id":"https:\/\/dtifoundation.com\/es\/colabora\/","url":"https:\/\/dtifoundation.com\/es\/colabora\/","name":"Colabora | DTI Foundation | Donation &amp; Transplantation Institute","isPartOf":{"@id":"https:\/\/dtifoundation.com\/#website"},"datePublished":"2025-03-10T12:29:50+00:00","dateModified":"2025-04-04T08:57:17+00:00","description":"Descubre toda la informaci\u00f3n sobre Colabora en nuestra web. En la Fundaci\u00f3n DTI trabajamos para brindar servicios y formaci\u00f3n en donaci\u00f3n de organos y transplantes en el mundo.","breadcrumb":{"@id":"https:\/\/dtifoundation.com\/es\/colabora\/#breadcrumb"},"inLanguage":"es","potentialAction":[{"@type":"ReadAction","target":["https:\/\/dtifoundation.com\/es\/colabora\/"]}]},{"@type":"BreadcrumbList","@id":"https:\/\/dtifoundation.com\/es\/colabora\/#breadcrumb","itemListElement":[{"@type":"ListItem","position":1,"name":"Home","item":"https:\/\/dtifoundation.com\/es\/"},{"@type":"ListItem","position":2,"name":"Colabora"}]},{"@type":"WebSite","@id":"https:\/\/dtifoundation.com\/#website","url":"https:\/\/dtifoundation.com\/","name":"TPM - DTI Foundation","description":"","potentialAction":[{"@type":"SearchAction","target":{"@type":"EntryPoint","urlTemplate":"https:\/\/dtifoundation.com\/?s={search_term_string}"},"query-input":{"@type":"PropertyValueSpecification","valueRequired":true,"valueName":"search_term_string"}}],"inLanguage":"es"}]}},"_links":{"self":[{"href":"https:\/\/dtifoundation.com\/es\/wp-json\/wp\/v2\/pages\/15399","targetHints":{"allow":["GET"]}}],"collection":[{"href":"https:\/\/dtifoundation.com\/es\/wp-json\/wp\/v2\/pages"}],"about":[{"href":"https:\/\/dtifoundation.com\/es\/wp-json\/wp\/v2\/types\/page"}],"author":[{"embeddable":true,"href":"https:\/\/dtifoundation.com\/es\/wp-json\/wp\/v2\/users\/1"}],"replies":[{"embeddable":true,"href":"https:\/\/dtifoundation.com\/es\/wp-json\/wp\/v2\/comments?post=15399"}],"version-history":[{"count":12,"href":"https:\/\/dtifoundation.com\/es\/wp-json\/wp\/v2\/pages\/15399\/revisions"}],"predecessor-version":[{"id":15610,"href":"https:\/\/dtifoundation.com\/es\/wp-json\/wp\/v2\/pages\/15399\/revisions\/15610"}],"wp:attachment":[{"href":"https:\/\/dtifoundation.com\/es\/wp-json\/wp\/v2\/media?parent=15399"}],"curies":[{"name":"wp","href":"https:\/\/api.w.org\/{rel}","templated":true}]}}