{"id":15235,"date":"2025-02-26T14:08:54","date_gmt":"2025-02-26T14:08:54","guid":{"rendered":"https:\/\/dtifoundation.com\/boletin\/"},"modified":"2025-02-26T14:38:40","modified_gmt":"2025-02-26T14:38:40","slug":"boletin","status":"publish","type":"page","link":"https:\/\/dtifoundation.com\/es\/boletin\/","title":{"rendered":"Bolet\u00edn"},"content":{"rendered":"<div class=\"wpb-content-wrapper\"><p>[vc_row row_height_percent=\u00bb0&#8243; override_padding=\u00bbyes\u00bb h_padding=\u00bb2&#8243; top_padding=\u00bb4&#8243; bottom_padding=\u00bb4&#8243; overlay_alpha=\u00bb50&#8243; gutter_size=\u00bb3&#8243; column_width_percent=\u00bb100&#8243; shift_y=\u00bb0&#8243; z_index=\u00bb0&#8243; content_parallax=\u00bb0&#8243; uncode_shortcode_id=\u00bb822330&#8243;][vc_column width=\u00bb1\/2&#8243;][vc_column_text uncode_shortcode_id=\u00bb153209&#8243;]<\/p>\n<h3>Suscr\u00edbete para conectar vidas<\/h3>\n<p>[\/vc_column_text][vc_single_image media=\u00bb13480&#8243; media_width_percent=\u00bb100&#8243; media_ratio=\u00bbfour-three\u00bb uncode_shortcode_id=\u00bb191758&#8243;][vc_column_text uncode_shortcode_id=\u00bb845260&#8243;]En la Fundaci\u00f3n DTI, trabajamos cada d\u00eda para salvar y mejorar vidas a trav\u00e9s de la donaci\u00f3n y el trasplante de \u00f3rganos. \u00bfQuieres estar al tanto de nuestros logros y avances en este campo vital? \u00danete a nuestra comunidad suscribi\u00e9ndote a nuestra newsletter.<\/p>\n<p>Recibir\u00e1s actualizaciones sobre los \u00faltimos avances en t\u00e9cnicas de trasplante, historias inspiradoras de donantes y beneficiarios, as\u00ed como informaci\u00f3n sobre eventos y campa\u00f1as de sensibilizaci\u00f3n. Todo directamente en tu bandeja de entrada.<\/p>\n<p><strong>\u00a1Rellena el formulario y s\u00e9 parte del cambio!<\/strong>[\/vc_column_text][\/vc_column][vc_column width=\u00bb1\/2&#8243;][vc_raw_html]PGlmcmFtZSBzdHlsZT0ibWluLWhlaWdodDogNzUwcHg7IGhlaWdodDogNzUwcHg7IHdpZHRoOiAxMDAlOyBib3JkZXI6IG5vbmU7IiBzcmM9Imh0dHBzOi8vZm9ybXMuem9ob3B1YmxpYy5jb20vZHRpZm91bmRhdGlvbi9mb3JtL0RUSUNvbGxhYm9yYXRpb253aXRoVGhlV29ybGRUcmFuc3BsYW50R2FtZXNGZWRlcmF0MS9mb3JtcGVybWEvMDBZV0tmWnhlSDVRQVZzQm5nVlpISlVrMXVVMnVvYW1fSjJuR2U0TVowWSIgZnJhbWVib3JkZXI9IjAiIGFyaWEtbGFiZWw9IkRUSSBDb2xsYWJvcmF0aW9uIHdpdGggVGhlIFdvcmxkIFRyYW5zcGxhbnQgR2FtZXMgRmVkZXJhdGlvbiAoV1RHRikiPjwvaWZyYW1lPg==[\/vc_raw_html][\/vc_column][\/vc_row]<\/p>\n<\/div>","protected":false},"excerpt":{"rendered":"<p>[vc_row row_height_percent=\u00bb0&#8243; override_padding=\u00bbyes\u00bb h_padding=\u00bb2&#8243; top_padding=\u00bb4&#8243; bottom_padding=\u00bb4&#8243; overlay_alpha=\u00bb50&#8243; gutter_size=\u00bb3&#8243; column_width_percent=\u00bb100&#8243; shift_y=\u00bb0&#8243; z_index=\u00bb0&#8243; content_parallax=\u00bb0&#8243; uncode_shortcode_id=\u00bb822330&#8243;][vc_column width=\u00bb1\/2&#8243;][vc_column_text uncode_shortcode_id=\u00bb153209&#8243;] Suscr\u00edbete para conectar vidas [\/vc_column_text][vc_single_image [&hellip;]<\/p>\n","protected":false},"author":1,"featured_media":15164,"parent":0,"menu_order":0,"comment_status":"closed","ping_status":"closed","template":"","meta":{"_acf_changed":false,"footnotes":""},"class_list":["post-15235","page","type-page","status-publish","has-post-thumbnail","hentry"],"acf":[],"yoast_head":"<!-- This site is optimized with the Yoast SEO plugin v26.9 - https:\/\/yoast.com\/product\/yoast-seo-wordpress\/ -->\n<title>Bolet\u00edn | DTI Foundation | Donation &amp; Transplantation Institute<\/title>\n<meta name=\"description\" content=\"Descubre toda la informaci\u00f3n sobre Bolet\u00edn en nuestra web. En la Fundaci\u00f3n DTI trabajamos para brindar servicios y formaci\u00f3n en donaci\u00f3n de organos y transplantes en el mundo.\" \/>\n<meta name=\"robots\" content=\"index, follow, max-snippet:-1, max-image-preview:large, max-video-preview:-1\" \/>\n<link rel=\"canonical\" href=\"https:\/\/dtifoundation.com\/newsletter\/\" \/>\n<meta property=\"og:locale\" content=\"es_ES\" \/>\n<meta property=\"og:type\" content=\"article\" \/>\n<meta property=\"og:title\" content=\"Bolet\u00edn | DTI Foundation | Donation &amp; Transplantation Institute\" \/>\n<meta property=\"og:description\" content=\"Descubre toda la informaci\u00f3n sobre Bolet\u00edn en nuestra web. En la Fundaci\u00f3n DTI trabajamos para brindar servicios y formaci\u00f3n en donaci\u00f3n de organos y transplantes en el mundo.\" \/>\n<meta property=\"og:url\" content=\"https:\/\/dtifoundation.com\/newsletter\/\" \/>\n<meta property=\"og:site_name\" content=\"DTI Foundation | Donation &amp; Transplantation Institute\" \/>\n<meta property=\"article:modified_time\" content=\"2025-02-26T14:38:40+00:00\" \/>\n<meta property=\"og:image\" content=\"https:\/\/dtifoundation.com\/wp-content\/uploads\/2025\/02\/TPM-DTI_nov24_hands-1024x684.png\" \/>\n\t<meta property=\"og:image:width\" content=\"1024\" \/>\n\t<meta property=\"og:image:height\" content=\"684\" \/>\n\t<meta property=\"og:image:type\" content=\"image\/png\" \/>\n<meta name=\"twitter:card\" content=\"summary_large_image\" \/>\n<meta name=\"twitter:label1\" content=\"Tiempo de lectura\" \/>\n\t<meta name=\"twitter:data1\" content=\"1 minuto\" \/>\n<script type=\"application\/ld+json\" class=\"yoast-schema-graph\">{\"@context\":\"https:\/\/schema.org\",\"@graph\":[{\"@type\":[\"WebPage\",\"MedicalWebPage\"],\"@id\":\"https:\/\/dtifoundation.com\/newsletter\/\",\"url\":\"https:\/\/dtifoundation.com\/newsletter\/\",\"name\":\"Bolet\u00edn | DTI Foundation | Donation &amp; Transplantation Institute\",\"isPartOf\":{\"@id\":\"https:\/\/dtifoundation.com\/#website\"},\"primaryImageOfPage\":{\"@id\":\"https:\/\/dtifoundation.com\/newsletter\/#primaryimage\"},\"image\":{\"@id\":\"https:\/\/dtifoundation.com\/newsletter\/#primaryimage\"},\"thumbnailUrl\":\"https:\/\/dtifoundation.com\/wp-content\/uploads\/2025\/02\/TPM-DTI_nov24_hands.png\",\"datePublished\":\"2025-02-26T14:08:54+00:00\",\"dateModified\":\"2025-02-26T14:38:40+00:00\",\"description\":\"Descubre toda la informaci\u00f3n sobre Bolet\u00edn en nuestra web. En la Fundaci\u00f3n DTI trabajamos para brindar servicios y formaci\u00f3n en donaci\u00f3n de organos y transplantes en el mundo.\",\"breadcrumb\":{\"@id\":\"https:\/\/dtifoundation.com\/newsletter\/#breadcrumb\"},\"inLanguage\":\"es\",\"potentialAction\":[{\"@type\":\"ReadAction\",\"target\":[\"https:\/\/dtifoundation.com\/newsletter\/\"]}]},{\"@type\":\"ImageObject\",\"inLanguage\":\"es\",\"@id\":\"https:\/\/dtifoundation.com\/newsletter\/#primaryimage\",\"url\":\"https:\/\/dtifoundation.com\/wp-content\/uploads\/2025\/02\/TPM-DTI_nov24_hands.png\",\"contentUrl\":\"https:\/\/dtifoundation.com\/wp-content\/uploads\/2025\/02\/TPM-DTI_nov24_hands.png\",\"width\":4148,\"height\":2771},{\"@type\":\"BreadcrumbList\",\"@id\":\"https:\/\/dtifoundation.com\/newsletter\/#breadcrumb\",\"itemListElement\":[{\"@type\":\"ListItem\",\"position\":1,\"name\":\"Home\",\"item\":\"https:\/\/dtifoundation.com\/es\/\"},{\"@type\":\"ListItem\",\"position\":2,\"name\":\"Bolet\u00edn\"}]},{\"@type\":\"WebSite\",\"@id\":\"https:\/\/dtifoundation.com\/#website\",\"url\":\"https:\/\/dtifoundation.com\/\",\"name\":\"TPM - DTI Foundation\",\"description\":\"\",\"potentialAction\":[{\"@type\":\"SearchAction\",\"target\":{\"@type\":\"EntryPoint\",\"urlTemplate\":\"https:\/\/dtifoundation.com\/?s={search_term_string}\"},\"query-input\":{\"@type\":\"PropertyValueSpecification\",\"valueRequired\":true,\"valueName\":\"search_term_string\"}}],\"inLanguage\":\"es\"}]}<\/script>\n<!-- \/ Yoast SEO plugin. -->","yoast_head_json":{"title":"Bolet\u00edn | DTI Foundation | Donation &amp; Transplantation Institute","description":"Descubre toda la informaci\u00f3n sobre Bolet\u00edn en nuestra web. En la Fundaci\u00f3n DTI trabajamos para brindar servicios y formaci\u00f3n en donaci\u00f3n de organos y transplantes en el mundo.","robots":{"index":"index","follow":"follow","max-snippet":"max-snippet:-1","max-image-preview":"max-image-preview:large","max-video-preview":"max-video-preview:-1"},"canonical":"https:\/\/dtifoundation.com\/newsletter\/","og_locale":"es_ES","og_type":"article","og_title":"Bolet\u00edn | DTI Foundation | Donation &amp; Transplantation Institute","og_description":"Descubre toda la informaci\u00f3n sobre Bolet\u00edn en nuestra web. En la Fundaci\u00f3n DTI trabajamos para brindar servicios y formaci\u00f3n en donaci\u00f3n de organos y transplantes en el mundo.","og_url":"https:\/\/dtifoundation.com\/newsletter\/","og_site_name":"DTI Foundation | Donation &amp; Transplantation Institute","article_modified_time":"2025-02-26T14:38:40+00:00","og_image":[{"width":1024,"height":684,"url":"https:\/\/dtifoundation.com\/wp-content\/uploads\/2025\/02\/TPM-DTI_nov24_hands-1024x684.png","type":"image\/png"}],"twitter_card":"summary_large_image","twitter_misc":{"Tiempo de lectura":"1 minuto"},"schema":{"@context":"https:\/\/schema.org","@graph":[{"@type":["WebPage","MedicalWebPage"],"@id":"https:\/\/dtifoundation.com\/newsletter\/","url":"https:\/\/dtifoundation.com\/newsletter\/","name":"Bolet\u00edn | DTI Foundation | Donation &amp; Transplantation Institute","isPartOf":{"@id":"https:\/\/dtifoundation.com\/#website"},"primaryImageOfPage":{"@id":"https:\/\/dtifoundation.com\/newsletter\/#primaryimage"},"image":{"@id":"https:\/\/dtifoundation.com\/newsletter\/#primaryimage"},"thumbnailUrl":"https:\/\/dtifoundation.com\/wp-content\/uploads\/2025\/02\/TPM-DTI_nov24_hands.png","datePublished":"2025-02-26T14:08:54+00:00","dateModified":"2025-02-26T14:38:40+00:00","description":"Descubre toda la informaci\u00f3n sobre Bolet\u00edn en nuestra web. En la Fundaci\u00f3n DTI trabajamos para brindar servicios y formaci\u00f3n en donaci\u00f3n de organos y transplantes en el mundo.","breadcrumb":{"@id":"https:\/\/dtifoundation.com\/newsletter\/#breadcrumb"},"inLanguage":"es","potentialAction":[{"@type":"ReadAction","target":["https:\/\/dtifoundation.com\/newsletter\/"]}]},{"@type":"ImageObject","inLanguage":"es","@id":"https:\/\/dtifoundation.com\/newsletter\/#primaryimage","url":"https:\/\/dtifoundation.com\/wp-content\/uploads\/2025\/02\/TPM-DTI_nov24_hands.png","contentUrl":"https:\/\/dtifoundation.com\/wp-content\/uploads\/2025\/02\/TPM-DTI_nov24_hands.png","width":4148,"height":2771},{"@type":"BreadcrumbList","@id":"https:\/\/dtifoundation.com\/newsletter\/#breadcrumb","itemListElement":[{"@type":"ListItem","position":1,"name":"Home","item":"https:\/\/dtifoundation.com\/es\/"},{"@type":"ListItem","position":2,"name":"Bolet\u00edn"}]},{"@type":"WebSite","@id":"https:\/\/dtifoundation.com\/#website","url":"https:\/\/dtifoundation.com\/","name":"TPM - DTI Foundation","description":"","potentialAction":[{"@type":"SearchAction","target":{"@type":"EntryPoint","urlTemplate":"https:\/\/dtifoundation.com\/?s={search_term_string}"},"query-input":{"@type":"PropertyValueSpecification","valueRequired":true,"valueName":"search_term_string"}}],"inLanguage":"es"}]}},"_links":{"self":[{"href":"https:\/\/dtifoundation.com\/es\/wp-json\/wp\/v2\/pages\/15235","targetHints":{"allow":["GET"]}}],"collection":[{"href":"https:\/\/dtifoundation.com\/es\/wp-json\/wp\/v2\/pages"}],"about":[{"href":"https:\/\/dtifoundation.com\/es\/wp-json\/wp\/v2\/types\/page"}],"author":[{"embeddable":true,"href":"https:\/\/dtifoundation.com\/es\/wp-json\/wp\/v2\/users\/1"}],"replies":[{"embeddable":true,"href":"https:\/\/dtifoundation.com\/es\/wp-json\/wp\/v2\/comments?post=15235"}],"version-history":[{"count":2,"href":"https:\/\/dtifoundation.com\/es\/wp-json\/wp\/v2\/pages\/15235\/revisions"}],"predecessor-version":[{"id":15237,"href":"https:\/\/dtifoundation.com\/es\/wp-json\/wp\/v2\/pages\/15235\/revisions\/15237"}],"wp:featuredmedia":[{"embeddable":true,"href":"https:\/\/dtifoundation.com\/es\/wp-json\/wp\/v2\/media\/15164"}],"wp:attachment":[{"href":"https:\/\/dtifoundation.com\/es\/wp-json\/wp\/v2\/media?parent=15235"}],"curies":[{"name":"wp","href":"https:\/\/api.w.org\/{rel}","templated":true}]}}