{"id":14670,"date":"2024-12-09T12:11:20","date_gmt":"2024-12-09T12:11:20","guid":{"rendered":"https:\/\/dtifoundation.com\/donar-2\/"},"modified":"2025-03-26T11:07:22","modified_gmt":"2025-03-26T11:07:22","slug":"donar","status":"publish","type":"page","link":"https:\/\/dtifoundation.com\/es\/donar\/","title":{"rendered":"Donar"},"content":{"rendered":"<div class=\"wpb-content-wrapper\"><p>[vc_row row_height_percent=\u00bb0&#8243; override_padding=\u00bbyes\u00bb h_padding=\u00bb2&#8243; top_padding=\u00bb3&#8243; bottom_padding=\u00bb0&#8243; overlay_alpha=\u00bb50&#8243; gutter_size=\u00bb3&#8243; column_width_percent=\u00bb100&#8243; shift_y=\u00bb0&#8243; z_index=\u00bb0&#8243; content_parallax=\u00bb0&#8243; uncode_shortcode_id=\u00bb154636&#8243; el_class=\u00bbdonations-intro\u00bb][vc_column column_width_percent=\u00bb100&#8243; align_horizontal=\u00bbalign_center\u00bb gutter_size=\u00bb3&#8243; overlay_alpha=\u00bb50&#8243; shift_x=\u00bb0&#8243; shift_y=\u00bb0&#8243; shift_y_down=\u00bb0&#8243; z_index=\u00bb0&#8243; medium_width=\u00bb0&#8243; mobile_width=\u00bb0&#8243; width=\u00bb1\/1&#8243; uncode_shortcode_id=\u00bb175892&#8243;][vc_column_text uncode_shortcode_id=\u00bb118212&#8243;]<\/p>\n<h2>\u00danete a nosotros en nuestra misi\u00f3n de salvar vidas mediante el trasplante de \u00f3rganos<\/h2>\n<p>[\/vc_column_text][\/vc_column][\/vc_row][vc_row][vc_column width=\u00bb1\/1&#8243;][vc_column_text uncode_shortcode_id=\u00bb128602&#8243;]    <div class=\"wrapper option-1 option-1-1\">\n        <ol class=\"c-stepper\">\n            <li class=\"c-stepper__item active\">\n                <span class=\"mini-number\">1<\/span>\n                <h3 class=\"c-stepper__title\">Cantidad<\/h3>\n            <\/li>\n            <li class=\"c-stepper__item\">\n                <span class=\"mini-number\">2<\/span>\n                <h3 class=\"c-stepper__title\">Detalles de facturaci\u00f3n<\/h3>\n            <\/li>\n            <li class=\"c-stepper__item\">\n                <span class=\"mini-number\">3<\/span>\n                <h3 class=\"c-stepper__title\">Revisar<\/h3>\n            <\/li>\n        <\/ol>\n    <\/div>\n\n    <div class=\"donation-amounts\">\n        <div class=\"donation-buttons\">\n            <button class=\"donation-option\" onclick=\"selectAmount(30, this)\">30\u20ac<\/button>\n            <button class=\"donation-option selected\" onclick=\"selectAmount(60, this)\">60\u20ac<\/button>\n            <button class=\"donation-option\" onclick=\"selectAmount(100, this)\">100\u20ac<\/button>\n            <span id=\"input-container\"><input type=\"number\" id=\"customAmount\" min=\"30\" step=\"10\" placeholder=\"Cantidad personalizada\" \/><\/span>\n        <\/div>\n        <div id=\"donation-message\" class=\"donation-message\">\n        <\/div>\n    <\/div>\n\n    <div class=\"checkout-shortcode\" style=\"display: none;\">\n        <div class=\"woocommerce\"><\/div>    <\/div>\n\n    <div class=\"nav-buttons\">\n        <button id=\"nextButton\" onclick=\"goToCheckout()\">Siguiente<\/button>\n        <button id=\"nextButtonStep2\" style=\"display: none;\" onclick=\"goToReview()\">Siguiente<\/button>\n    <\/div>\n    [\/vc_column_text][\/vc_column][\/vc_row][vc_row row_height_percent=\u00bb0&#8243; overlay_alpha=\u00bb50&#8243; equal_height=\u00bbyes\u00bb gutter_size=\u00bb3&#8243; column_width_percent=\u00bb100&#8243; shift_y=\u00bb0&#8243; z_index=\u00bb0&#8243; content_parallax=\u00bb0&#8243; uncode_shortcode_id=\u00bb170683&#8243; el_id=\u00bbdonations-info\u00bb css=\u00bb.vc_custom_1737621712384{padding-top: 40px !important;}\u00bb][vc_column column_width_percent=\u00bb100&#8243; position_vertical=\u00bbmiddle\u00bb gutter_size=\u00bb3&#8243; overlay_alpha=\u00bb50&#8243; shift_x=\u00bb0&#8243; shift_y=\u00bb0&#8243; shift_y_down=\u00bb0&#8243; z_index=\u00bb0&#8243; medium_width=\u00bb0&#8243; mobile_width=\u00bb0&#8243; width=\u00bb1\/4&#8243; uncode_shortcode_id=\u00bb153397&#8243;][vc_single_image media=\u00bb30&#8243; media_width_use_pixel=\u00bbyes\u00bb uncode_shortcode_id=\u00bb189823&#8243; media_width_pixel=\u00bb150&#8243;][\/vc_column][vc_column column_width_percent=\u00bb100&#8243; position_vertical=\u00bbmiddle\u00bb gutter_size=\u00bb3&#8243; overlay_alpha=\u00bb50&#8243; shift_x=\u00bb0&#8243; shift_y=\u00bb0&#8243; shift_y_down=\u00bb0&#8243; z_index=\u00bb0&#8243; medium_width=\u00bb0&#8243; mobile_width=\u00bb0&#8243; width=\u00bb3\/4&#8243; uncode_shortcode_id=\u00bb177647&#8243;][vc_column_text uncode_shortcode_id=\u00bb185557&#8243;]<\/p>\n<h3>Tu aportaci\u00f3n se beneficia de ventajas fiscales<\/h3>\n<p>Tu aportaci\u00f3n disfruta de las ventajas fiscales recogidas en la Ley 49\/2002. Podr\u00e1s deducir de la cuota el 80% de los primeros 250\u20ac y el 40% del resto. A partir del tercer a\u00f1o consecutivo de donaci\u00f3n de importe igual o superior, el 40% pasar\u00e1 a ser el 45%.[\/vc_column_text][\/vc_column][\/vc_row]<\/p>\n<\/div>","protected":false},"excerpt":{"rendered":"<p>[vc_row row_height_percent=\u00bb0&#8243; override_padding=\u00bbyes\u00bb h_padding=\u00bb2&#8243; top_padding=\u00bb3&#8243; bottom_padding=\u00bb0&#8243; overlay_alpha=\u00bb50&#8243; gutter_size=\u00bb3&#8243; column_width_percent=\u00bb100&#8243; shift_y=\u00bb0&#8243; z_index=\u00bb0&#8243; content_parallax=\u00bb0&#8243; uncode_shortcode_id=\u00bb154636&#8243; el_class=\u00bbdonations-intro\u00bb][vc_column column_width_percent=\u00bb100&#8243; align_horizontal=\u00bbalign_center\u00bb gutter_size=\u00bb3&#8243; overlay_alpha=\u00bb50&#8243; shift_x=\u00bb0&#8243; shift_y=\u00bb0&#8243; [&hellip;]<\/p>\n","protected":false},"author":1,"featured_media":15480,"parent":0,"menu_order":0,"comment_status":"closed","ping_status":"closed","template":"","meta":{"_acf_changed":false,"footnotes":""},"class_list":["post-14670","page","type-page","status-publish","has-post-thumbnail","hentry"],"acf":[],"yoast_head":"<!-- This site is optimized with the Yoast SEO plugin v26.9 - https:\/\/yoast.com\/product\/yoast-seo-wordpress\/ -->\n<title>Donar | DTI Foundation | Donation &amp; Transplantation Institute<\/title>\n<meta name=\"description\" content=\"Descubre toda la informaci\u00f3n sobre Donar en nuestra web. En la Fundaci\u00f3n DTI trabajamos para brindar servicios y formaci\u00f3n en donaci\u00f3n de organos y transplantes en el mundo.\" \/>\n<meta name=\"robots\" content=\"index, follow, max-snippet:-1, max-image-preview:large, max-video-preview:-1\" \/>\n<link rel=\"canonical\" href=\"https:\/\/dtifoundation.com\/es\/donar\/\" \/>\n<meta property=\"og:locale\" content=\"es_ES\" \/>\n<meta property=\"og:type\" content=\"article\" \/>\n<meta property=\"og:title\" content=\"Donar | DTI Foundation | Donation &amp; Transplantation Institute\" \/>\n<meta property=\"og:description\" content=\"Descubre toda la informaci\u00f3n sobre Donar en nuestra web. En la Fundaci\u00f3n DTI trabajamos para brindar servicios y formaci\u00f3n en donaci\u00f3n de organos y transplantes en el mundo.\" \/>\n<meta property=\"og:url\" content=\"https:\/\/dtifoundation.com\/es\/donar\/\" \/>\n<meta property=\"og:site_name\" content=\"DTI Foundation | Donation &amp; Transplantation Institute\" \/>\n<meta property=\"article:modified_time\" content=\"2025-03-26T11:07:22+00:00\" \/>\n<meta property=\"og:image\" content=\"https:\/\/dtifoundation.com\/wp-content\/uploads\/2025\/03\/Firefly-20250326104941-1.png\" \/>\n\t<meta property=\"og:image:width\" content=\"2136\" \/>\n\t<meta property=\"og:image:height\" content=\"773\" \/>\n\t<meta property=\"og:image:type\" content=\"image\/png\" \/>\n<meta name=\"twitter:card\" content=\"summary_large_image\" \/>\n<meta name=\"twitter:label1\" content=\"Tiempo de lectura\" \/>\n\t<meta name=\"twitter:data1\" content=\"1 minuto\" \/>\n<script type=\"application\/ld+json\" class=\"yoast-schema-graph\">{\"@context\":\"https:\/\/schema.org\",\"@graph\":[{\"@type\":[\"WebPage\",\"MedicalWebPage\"],\"@id\":\"https:\/\/dtifoundation.com\/es\/donar\/\",\"url\":\"https:\/\/dtifoundation.com\/es\/donar\/\",\"name\":\"Donar | DTI Foundation | Donation &amp; Transplantation Institute\",\"isPartOf\":{\"@id\":\"https:\/\/dtifoundation.com\/#website\"},\"primaryImageOfPage\":{\"@id\":\"https:\/\/dtifoundation.com\/es\/donar\/#primaryimage\"},\"image\":{\"@id\":\"https:\/\/dtifoundation.com\/es\/donar\/#primaryimage\"},\"thumbnailUrl\":\"https:\/\/dtifoundation.com\/wp-content\/uploads\/2025\/03\/Firefly-20250326104941-1.png\",\"datePublished\":\"2024-12-09T12:11:20+00:00\",\"dateModified\":\"2025-03-26T11:07:22+00:00\",\"description\":\"Descubre toda la informaci\u00f3n sobre Donar en nuestra web. En la Fundaci\u00f3n DTI trabajamos para brindar servicios y formaci\u00f3n en donaci\u00f3n de organos y transplantes en el mundo.\",\"breadcrumb\":{\"@id\":\"https:\/\/dtifoundation.com\/es\/donar\/#breadcrumb\"},\"inLanguage\":\"es\",\"potentialAction\":[{\"@type\":\"ReadAction\",\"target\":[\"https:\/\/dtifoundation.com\/es\/donar\/\"]}]},{\"@type\":\"ImageObject\",\"inLanguage\":\"es\",\"@id\":\"https:\/\/dtifoundation.com\/es\/donar\/#primaryimage\",\"url\":\"https:\/\/dtifoundation.com\/wp-content\/uploads\/2025\/03\/Firefly-20250326104941-1.png\",\"contentUrl\":\"https:\/\/dtifoundation.com\/wp-content\/uploads\/2025\/03\/Firefly-20250326104941-1.png\",\"width\":2136,\"height\":773},{\"@type\":\"BreadcrumbList\",\"@id\":\"https:\/\/dtifoundation.com\/es\/donar\/#breadcrumb\",\"itemListElement\":[{\"@type\":\"ListItem\",\"position\":1,\"name\":\"Home\",\"item\":\"https:\/\/dtifoundation.com\/es\/\"},{\"@type\":\"ListItem\",\"position\":2,\"name\":\"Donar\"}]},{\"@type\":\"WebSite\",\"@id\":\"https:\/\/dtifoundation.com\/#website\",\"url\":\"https:\/\/dtifoundation.com\/\",\"name\":\"TPM - DTI Foundation\",\"description\":\"\",\"potentialAction\":[{\"@type\":\"SearchAction\",\"target\":{\"@type\":\"EntryPoint\",\"urlTemplate\":\"https:\/\/dtifoundation.com\/?s={search_term_string}\"},\"query-input\":{\"@type\":\"PropertyValueSpecification\",\"valueRequired\":true,\"valueName\":\"search_term_string\"}}],\"inLanguage\":\"es\"}]}<\/script>\n<!-- \/ Yoast SEO plugin. -->","yoast_head_json":{"title":"Donar | DTI Foundation | Donation &amp; Transplantation Institute","description":"Descubre toda la informaci\u00f3n sobre Donar en nuestra web. En la Fundaci\u00f3n DTI trabajamos para brindar servicios y formaci\u00f3n en donaci\u00f3n de organos y transplantes en el mundo.","robots":{"index":"index","follow":"follow","max-snippet":"max-snippet:-1","max-image-preview":"max-image-preview:large","max-video-preview":"max-video-preview:-1"},"canonical":"https:\/\/dtifoundation.com\/es\/donar\/","og_locale":"es_ES","og_type":"article","og_title":"Donar | DTI Foundation | Donation &amp; Transplantation Institute","og_description":"Descubre toda la informaci\u00f3n sobre Donar en nuestra web. En la Fundaci\u00f3n DTI trabajamos para brindar servicios y formaci\u00f3n en donaci\u00f3n de organos y transplantes en el mundo.","og_url":"https:\/\/dtifoundation.com\/es\/donar\/","og_site_name":"DTI Foundation | Donation &amp; Transplantation Institute","article_modified_time":"2025-03-26T11:07:22+00:00","og_image":[{"width":2136,"height":773,"url":"https:\/\/dtifoundation.com\/wp-content\/uploads\/2025\/03\/Firefly-20250326104941-1.png","type":"image\/png"}],"twitter_card":"summary_large_image","twitter_misc":{"Tiempo de lectura":"1 minuto"},"schema":{"@context":"https:\/\/schema.org","@graph":[{"@type":["WebPage","MedicalWebPage"],"@id":"https:\/\/dtifoundation.com\/es\/donar\/","url":"https:\/\/dtifoundation.com\/es\/donar\/","name":"Donar | DTI Foundation | Donation &amp; Transplantation Institute","isPartOf":{"@id":"https:\/\/dtifoundation.com\/#website"},"primaryImageOfPage":{"@id":"https:\/\/dtifoundation.com\/es\/donar\/#primaryimage"},"image":{"@id":"https:\/\/dtifoundation.com\/es\/donar\/#primaryimage"},"thumbnailUrl":"https:\/\/dtifoundation.com\/wp-content\/uploads\/2025\/03\/Firefly-20250326104941-1.png","datePublished":"2024-12-09T12:11:20+00:00","dateModified":"2025-03-26T11:07:22+00:00","description":"Descubre toda la informaci\u00f3n sobre Donar en nuestra web. En la Fundaci\u00f3n DTI trabajamos para brindar servicios y formaci\u00f3n en donaci\u00f3n de organos y transplantes en el mundo.","breadcrumb":{"@id":"https:\/\/dtifoundation.com\/es\/donar\/#breadcrumb"},"inLanguage":"es","potentialAction":[{"@type":"ReadAction","target":["https:\/\/dtifoundation.com\/es\/donar\/"]}]},{"@type":"ImageObject","inLanguage":"es","@id":"https:\/\/dtifoundation.com\/es\/donar\/#primaryimage","url":"https:\/\/dtifoundation.com\/wp-content\/uploads\/2025\/03\/Firefly-20250326104941-1.png","contentUrl":"https:\/\/dtifoundation.com\/wp-content\/uploads\/2025\/03\/Firefly-20250326104941-1.png","width":2136,"height":773},{"@type":"BreadcrumbList","@id":"https:\/\/dtifoundation.com\/es\/donar\/#breadcrumb","itemListElement":[{"@type":"ListItem","position":1,"name":"Home","item":"https:\/\/dtifoundation.com\/es\/"},{"@type":"ListItem","position":2,"name":"Donar"}]},{"@type":"WebSite","@id":"https:\/\/dtifoundation.com\/#website","url":"https:\/\/dtifoundation.com\/","name":"TPM - DTI Foundation","description":"","potentialAction":[{"@type":"SearchAction","target":{"@type":"EntryPoint","urlTemplate":"https:\/\/dtifoundation.com\/?s={search_term_string}"},"query-input":{"@type":"PropertyValueSpecification","valueRequired":true,"valueName":"search_term_string"}}],"inLanguage":"es"}]}},"_links":{"self":[{"href":"https:\/\/dtifoundation.com\/es\/wp-json\/wp\/v2\/pages\/14670","targetHints":{"allow":["GET"]}}],"collection":[{"href":"https:\/\/dtifoundation.com\/es\/wp-json\/wp\/v2\/pages"}],"about":[{"href":"https:\/\/dtifoundation.com\/es\/wp-json\/wp\/v2\/types\/page"}],"author":[{"embeddable":true,"href":"https:\/\/dtifoundation.com\/es\/wp-json\/wp\/v2\/users\/1"}],"replies":[{"embeddable":true,"href":"https:\/\/dtifoundation.com\/es\/wp-json\/wp\/v2\/comments?post=14670"}],"version-history":[{"count":10,"href":"https:\/\/dtifoundation.com\/es\/wp-json\/wp\/v2\/pages\/14670\/revisions"}],"predecessor-version":[{"id":15479,"href":"https:\/\/dtifoundation.com\/es\/wp-json\/wp\/v2\/pages\/14670\/revisions\/15479"}],"wp:featuredmedia":[{"embeddable":true,"href":"https:\/\/dtifoundation.com\/es\/wp-json\/wp\/v2\/media\/15480"}],"wp:attachment":[{"href":"https:\/\/dtifoundation.com\/es\/wp-json\/wp\/v2\/media?parent=14670"}],"curies":[{"name":"wp","href":"https:\/\/api.w.org\/{rel}","templated":true}]}}