{"id":11986,"date":"2023-09-27T08:04:38","date_gmt":"2023-09-27T08:04:38","guid":{"rendered":"https:\/\/dtifoundation.com\/form-terms-and-conditions\/"},"modified":"2023-09-27T08:11:13","modified_gmt":"2023-09-27T08:11:13","slug":"form-terms-and-conditions","status":"publish","type":"page","link":"https:\/\/dtifoundation.com\/es\/form-terms-and-conditions\/","title":{"rendered":"Formulario: t\u00e9rminos y condiciones"},"content":{"rendered":"<p>Estos t\u00e9rminos y condiciones (el \u00abAcuerdo\u00bb) rigen el uso que usted haga del formulario en l\u00ednea proporcionado por la Fundaci\u00f3n DTI (\u00abFundaci\u00f3n DTI\u00bb, \u00abnosotros\u00bb, \u00abnuestro\u00bb o \u00abnos\u00bb). Al acceder y utilizar el formulario en l\u00ednea, usted (\u00abUsuario\u00bb, \u00abusted\u00bb o \u00absu\u00bb) acepta cumplir y estar sujeto a estos t\u00e9rminos. Si no est\u00e1 de acuerdo con estos t\u00e9rminos, no utilice el formulario en l\u00ednea.<\/p>\n<p>1. Informaci\u00f3n del usuario:<br \/>\nUsted acepta proporcionar informaci\u00f3n precisa, actual y completa en el formulario en l\u00ednea. La Fundaci\u00f3n DTI se reserva el derecho de verificar la informaci\u00f3n proporcionada y de rechazar o cancelar su acceso al formulario en l\u00ednea si se determina que alguna informaci\u00f3n es inexacta, enga\u00f1osa o incompleta.<br \/>\n2. Privacidad de datos:<br \/>\nLa Fundaci\u00f3n DTI se compromete a proteger su informaci\u00f3n personal. Al utilizar el formulario en l\u00ednea, usted reconoce y acepta la recopilaci\u00f3n, el uso y la divulgaci\u00f3n de su informaci\u00f3n personal como se describe en la Pol\u00edtica de Privacidad de la Fundaci\u00f3n DTI.<br \/>\n3. Uso del formulario en l\u00ednea:<br \/>\nEl formulario en l\u00ednea proporcionado por la Fundaci\u00f3n DTI est\u00e1 destinado \u00fanicamente al prop\u00f3sito indicado en el formulario. Usted acepta no utilizar el formulario para fines ilegales, da\u00f1inos, fraudulentos o no autorizados. Tambi\u00e9n acepta no interferir con el correcto funcionamiento del formulario ni interrumpir su funcionamiento.<br \/>\n4. Propiedad Intelectual:<br \/>\nEl contenido y los materiales proporcionados en el formulario en l\u00ednea, incluidos, entre otros, texto, gr\u00e1ficos, logotipos y software, son propiedad intelectual de DTI Foundation y sus licenciantes. No puede reproducir, distribuir, modificar, mostrar ni crear trabajos derivados basados en ning\u00fan contenido del formulario en l\u00ednea sin el consentimiento previo por escrito de DTI Foundation.<br \/>\n5. Renuncia de Garant\u00edas:<br \/>\nEl formulario en l\u00ednea se proporciona \u00abtal cual\u00bb y \u00abseg\u00fan disponibilidad\u00bb sin ninguna garant\u00eda, expresa o impl\u00edcita. La Fundaci\u00f3n DTI renuncia a todas las garant\u00edas, incluidas, entre otras, las de comerciabilidad, idoneidad para un prop\u00f3sito particular y no infracci\u00f3n.<br \/>\n6. Limitaci\u00f3n de Responsabilidad:<br \/>\nLa Fundaci\u00f3n DTI no ser\u00e1 responsable de ning\u00fan da\u00f1o directo, indirecto, incidental, consecuente o especial que surja de o est\u00e9 relacionado con su uso del formulario en l\u00ednea. Usted acepta que su \u00fanico recurso en caso de insatisfacci\u00f3n con el formulario en l\u00ednea es dejar de usarlo.<br \/>\n7. Modificaciones y Terminaci\u00f3n:<br \/>\nFundaci\u00f3n DTI se reserva el derecho de modificar, suspender o cancelar el formulario en l\u00ednea en cualquier momento sin previo aviso. Tambi\u00e9n podemos actualizar estos t\u00e9rminos y condiciones de vez en cuando, y su uso continuado del formulario en l\u00ednea despu\u00e9s de dichos cambios constituye su aceptaci\u00f3n de los t\u00e9rminos modificados.<br \/>\n8. Ley aplicable:<br \/>\nEste Acuerdo se regir\u00e1 e interpretar\u00e1 de acuerdo con las leyes de la jurisdicci\u00f3n donde est\u00e1 registrada la Fundaci\u00f3n DTI, sin tener en cuenta sus principios de conflicto de leyes.<br \/>\n9. Acuerdo completo:<br \/>\nEste Acuerdo constituye el acuerdo completo entre usted y la Fundaci\u00f3n DTI con respecto al formulario en l\u00ednea y reemplaza todos los acuerdos, entendimientos o representaciones anteriores.<br \/>\n10. Informaci\u00f3n de contacto:<br \/>\nSi tiene preguntas o inquietudes sobre estos t\u00e9rminos y condiciones o el formulario en l\u00ednea, cont\u00e1ctenos en <a style=\"color: #b53125;\" href=\"mailto:infodti@dtifoundation.com\">infodti@dtifoundation.com<\/a> o +34 93 402 08 96.<\/p>\n<p>Al utilizar el formulario en l\u00ednea de la Fundaci\u00f3n DTI, usted reconoce que ha le\u00eddo, comprendido y aceptado regirse por estos t\u00e9rminos y condiciones.<\/p>\n","protected":false},"excerpt":{"rendered":"<p>Estos t\u00e9rminos y condiciones (el \u00abAcuerdo\u00bb) rigen el uso que usted haga del formulario en l\u00ednea proporcionado por la Fundaci\u00f3n [&hellip;]<\/p>\n","protected":false},"author":2,"featured_media":0,"parent":0,"menu_order":0,"comment_status":"closed","ping_status":"closed","template":"","meta":{"_acf_changed":false,"footnotes":""},"class_list":["post-11986","page","type-page","status-publish","hentry"],"acf":[],"yoast_head":"<!-- This site is optimized with the Yoast SEO plugin v26.9 - https:\/\/yoast.com\/product\/yoast-seo-wordpress\/ -->\n<title>Formulario: t\u00e9rminos y condiciones | DTI Foundation | Donation &amp; Transplantation Institute<\/title>\n<meta name=\"description\" content=\"Descubre toda la informaci\u00f3n sobre Formulario: t\u00e9rminos y condiciones en nuestra web. En la Fundaci\u00f3n DTI trabajamos para brindar servicios y formaci\u00f3n en donaci\u00f3n de organos y transplantes en el mundo.\" \/>\n<meta name=\"robots\" content=\"index, follow, max-snippet:-1, max-image-preview:large, max-video-preview:-1\" \/>\n<link rel=\"canonical\" href=\"https:\/\/dtifoundation.com\/es\/form-terms-and-conditions\/\" \/>\n<meta property=\"og:locale\" content=\"es_ES\" \/>\n<meta property=\"og:type\" content=\"article\" \/>\n<meta property=\"og:title\" content=\"Formulario: t\u00e9rminos y condiciones | DTI Foundation | Donation &amp; Transplantation Institute\" \/>\n<meta property=\"og:description\" content=\"Descubre toda la informaci\u00f3n sobre Formulario: t\u00e9rminos y condiciones en nuestra web. En la Fundaci\u00f3n DTI trabajamos para brindar servicios y formaci\u00f3n en donaci\u00f3n de organos y transplantes en el mundo.\" \/>\n<meta property=\"og:url\" content=\"https:\/\/dtifoundation.com\/es\/form-terms-and-conditions\/\" \/>\n<meta property=\"og:site_name\" content=\"DTI Foundation | Donation &amp; Transplantation Institute\" \/>\n<meta property=\"article:modified_time\" content=\"2023-09-27T08:11:13+00:00\" \/>\n<meta name=\"twitter:card\" content=\"summary_large_image\" \/>\n<meta name=\"twitter:label1\" content=\"Tiempo de lectura\" \/>\n\t<meta name=\"twitter:data1\" content=\"3 minutos\" \/>\n<script type=\"application\/ld+json\" class=\"yoast-schema-graph\">{\"@context\":\"https:\/\/schema.org\",\"@graph\":[{\"@type\":[\"WebPage\",\"MedicalWebPage\"],\"@id\":\"https:\/\/dtifoundation.com\/es\/form-terms-and-conditions\/\",\"url\":\"https:\/\/dtifoundation.com\/es\/form-terms-and-conditions\/\",\"name\":\"Formulario: t\u00e9rminos y condiciones | DTI Foundation | Donation &amp; Transplantation Institute\",\"isPartOf\":{\"@id\":\"https:\/\/dtifoundation.com\/#website\"},\"datePublished\":\"2023-09-27T08:04:38+00:00\",\"dateModified\":\"2023-09-27T08:11:13+00:00\",\"description\":\"Descubre toda la informaci\u00f3n sobre Formulario: t\u00e9rminos y condiciones en nuestra web. En la Fundaci\u00f3n DTI trabajamos para brindar servicios y formaci\u00f3n en donaci\u00f3n de organos y transplantes en el mundo.\",\"breadcrumb\":{\"@id\":\"https:\/\/dtifoundation.com\/es\/form-terms-and-conditions\/#breadcrumb\"},\"inLanguage\":\"es\",\"potentialAction\":[{\"@type\":\"ReadAction\",\"target\":[\"https:\/\/dtifoundation.com\/es\/form-terms-and-conditions\/\"]}]},{\"@type\":\"BreadcrumbList\",\"@id\":\"https:\/\/dtifoundation.com\/es\/form-terms-and-conditions\/#breadcrumb\",\"itemListElement\":[{\"@type\":\"ListItem\",\"position\":1,\"name\":\"Home\",\"item\":\"https:\/\/dtifoundation.com\/es\/\"},{\"@type\":\"ListItem\",\"position\":2,\"name\":\"Formulario: t\u00e9rminos y condiciones\"}]},{\"@type\":\"WebSite\",\"@id\":\"https:\/\/dtifoundation.com\/#website\",\"url\":\"https:\/\/dtifoundation.com\/\",\"name\":\"TPM - DTI Foundation\",\"description\":\"\",\"potentialAction\":[{\"@type\":\"SearchAction\",\"target\":{\"@type\":\"EntryPoint\",\"urlTemplate\":\"https:\/\/dtifoundation.com\/?s={search_term_string}\"},\"query-input\":{\"@type\":\"PropertyValueSpecification\",\"valueRequired\":true,\"valueName\":\"search_term_string\"}}],\"inLanguage\":\"es\"}]}<\/script>\n<!-- \/ Yoast SEO plugin. -->","yoast_head_json":{"title":"Formulario: t\u00e9rminos y condiciones | DTI Foundation | Donation &amp; Transplantation Institute","description":"Descubre toda la informaci\u00f3n sobre Formulario: t\u00e9rminos y condiciones en nuestra web. En la Fundaci\u00f3n DTI trabajamos para brindar servicios y formaci\u00f3n en donaci\u00f3n de organos y transplantes en el mundo.","robots":{"index":"index","follow":"follow","max-snippet":"max-snippet:-1","max-image-preview":"max-image-preview:large","max-video-preview":"max-video-preview:-1"},"canonical":"https:\/\/dtifoundation.com\/es\/form-terms-and-conditions\/","og_locale":"es_ES","og_type":"article","og_title":"Formulario: t\u00e9rminos y condiciones | DTI Foundation | Donation &amp; Transplantation Institute","og_description":"Descubre toda la informaci\u00f3n sobre Formulario: t\u00e9rminos y condiciones en nuestra web. En la Fundaci\u00f3n DTI trabajamos para brindar servicios y formaci\u00f3n en donaci\u00f3n de organos y transplantes en el mundo.","og_url":"https:\/\/dtifoundation.com\/es\/form-terms-and-conditions\/","og_site_name":"DTI Foundation | Donation &amp; Transplantation Institute","article_modified_time":"2023-09-27T08:11:13+00:00","twitter_card":"summary_large_image","twitter_misc":{"Tiempo de lectura":"3 minutos"},"schema":{"@context":"https:\/\/schema.org","@graph":[{"@type":["WebPage","MedicalWebPage"],"@id":"https:\/\/dtifoundation.com\/es\/form-terms-and-conditions\/","url":"https:\/\/dtifoundation.com\/es\/form-terms-and-conditions\/","name":"Formulario: t\u00e9rminos y condiciones | DTI Foundation | Donation &amp; Transplantation Institute","isPartOf":{"@id":"https:\/\/dtifoundation.com\/#website"},"datePublished":"2023-09-27T08:04:38+00:00","dateModified":"2023-09-27T08:11:13+00:00","description":"Descubre toda la informaci\u00f3n sobre Formulario: t\u00e9rminos y condiciones en nuestra web. En la Fundaci\u00f3n DTI trabajamos para brindar servicios y formaci\u00f3n en donaci\u00f3n de organos y transplantes en el mundo.","breadcrumb":{"@id":"https:\/\/dtifoundation.com\/es\/form-terms-and-conditions\/#breadcrumb"},"inLanguage":"es","potentialAction":[{"@type":"ReadAction","target":["https:\/\/dtifoundation.com\/es\/form-terms-and-conditions\/"]}]},{"@type":"BreadcrumbList","@id":"https:\/\/dtifoundation.com\/es\/form-terms-and-conditions\/#breadcrumb","itemListElement":[{"@type":"ListItem","position":1,"name":"Home","item":"https:\/\/dtifoundation.com\/es\/"},{"@type":"ListItem","position":2,"name":"Formulario: t\u00e9rminos y condiciones"}]},{"@type":"WebSite","@id":"https:\/\/dtifoundation.com\/#website","url":"https:\/\/dtifoundation.com\/","name":"TPM - DTI Foundation","description":"","potentialAction":[{"@type":"SearchAction","target":{"@type":"EntryPoint","urlTemplate":"https:\/\/dtifoundation.com\/?s={search_term_string}"},"query-input":{"@type":"PropertyValueSpecification","valueRequired":true,"valueName":"search_term_string"}}],"inLanguage":"es"}]}},"_links":{"self":[{"href":"https:\/\/dtifoundation.com\/es\/wp-json\/wp\/v2\/pages\/11986","targetHints":{"allow":["GET"]}}],"collection":[{"href":"https:\/\/dtifoundation.com\/es\/wp-json\/wp\/v2\/pages"}],"about":[{"href":"https:\/\/dtifoundation.com\/es\/wp-json\/wp\/v2\/types\/page"}],"author":[{"embeddable":true,"href":"https:\/\/dtifoundation.com\/es\/wp-json\/wp\/v2\/users\/2"}],"replies":[{"embeddable":true,"href":"https:\/\/dtifoundation.com\/es\/wp-json\/wp\/v2\/comments?post=11986"}],"version-history":[{"count":0,"href":"https:\/\/dtifoundation.com\/es\/wp-json\/wp\/v2\/pages\/11986\/revisions"}],"wp:attachment":[{"href":"https:\/\/dtifoundation.com\/es\/wp-json\/wp\/v2\/media?parent=11986"}],"curies":[{"name":"wp","href":"https:\/\/api.w.org\/{rel}","templated":true}]}}