{"id":10762,"date":"2023-05-16T15:12:07","date_gmt":"2023-05-16T15:12:07","guid":{"rendered":"https:\/\/dti.developallin.com\/control-de-calidad-y-auditoria\/"},"modified":"2026-04-15T07:53:56","modified_gmt":"2026-04-15T07:53:56","slug":"control-de-calidad-y-auditoria","status":"publish","type":"page","link":"https:\/\/dtifoundation.com\/es\/cooperacion-internacional\/control-de-calidad-y-auditoria\/","title":{"rendered":"Control de calidad y auditor\u00eda"},"content":{"rendered":"<div class=\"wpb-content-wrapper\"><p>[vc_row row_height_percent=\u00bb0&#8243; override_padding=\u00bbyes\u00bb h_padding=\u00bb2&#8243; top_padding=\u00bb3&#8243; bottom_padding=\u00bb2&#8243; overlay_alpha=\u00bb50&#8243; gutter_size=\u00bb3&#8243; column_width_percent=\u00bb100&#8243; shift_y=\u00bb0&#8243; z_index=\u00bb0&#8243; uncode_shortcode_id=\u00bb212576&#8243;][vc_column width=\u00bb1\/2&#8243;][vc_custom_heading text_color=\u00bbcolor-dark-tpm-dti\u00bb uncode_shortcode_id=\u00bb156242&#8243; text_color_type=\u00bbuncode-palette\u00bb el_class=\u00bbheading-custom-text\u00bb]Control de calidad y auditor\u00eda[\/vc_custom_heading][vc_column_text uncode_shortcode_id=\u00bb112931&#8243;]<\/p>\n<p style=\"text-align: justify;\">En DTI, ofrecemos la oportunidad a hospitales de todo el mundo de recibir auditor\u00edas y controles de calidad. Esto se hace para desarrollar planes de mejora a medida mediante medidas correctoras con el fin de mejorar la calidad general de la asistencia que se presta en estos hospitales.<\/p>\n<p style=\"text-align: justify;\">El Proyecto de Sistema Europeo de Calidad para la Donaci\u00f3n de \u00d3rganos (ODEQUS) es un sistema que comprende criterios de calidad de buenas pr\u00e1cticas e indicadores de calidad para la donaci\u00f3n tras muerte encef\u00e1lica, la donaci\u00f3n tras muerte cardiocirculatoria y la donaci\u00f3n en vida. ODEQUS se basa en los principios de buenas pr\u00e1cticas, garantizando la calidad y seguridad de los \u00f3rganos y servicios que se prestan y mantienen.<\/p>\n<p>[\/vc_column_text][\/vc_column][vc_column width=\u00bb1\/2&#8243;][vc_single_image media=\u00bb4883&#8243; media_width_percent=\u00bb100&#8243; uncode_shortcode_id=\u00bb168851&#8243;][\/vc_column][\/vc_row][vc_row row_height_percent=\u00bb0&#8243; override_padding=\u00bbyes\u00bb h_padding=\u00bb2&#8243; top_padding=\u00bb0&#8243; bottom_padding=\u00bb2&#8243; overlay_alpha=\u00bb50&#8243; gutter_size=\u00bb3&#8243; column_width_percent=\u00bb100&#8243; shift_y=\u00bb0&#8243; z_index=\u00bb0&#8243; uncode_shortcode_id=\u00bb797675&#8243;][vc_column width=\u00bb5\/6&#8243;][vc_column_text uncode_shortcode_id=\u00bb182238&#8243;]<\/p>\n<p style=\"text-align: justify;\">ODEQUS proporciona las herramientas para realizar auditor\u00edas internas y evaluaciones, que posteriormente son analizadas por expertos internacionales que proporcionan un plan de calidad con medidas correctoras para la mejora del sistema.<\/p>\n<p style=\"text-align: justify;\">La aplicaci\u00f3n de ODEQUS funciona de forma c\u00edclica y sirve para aumentar en gran medida la calidad y la seguridad del proceso de trasplante de \u00f3rganos all\u00ed donde se utiliza. Cuando se utiliza en hospitales, ODEQUS proporciona una evaluaci\u00f3n inicial, un plan dise\u00f1ado para garantizar la mejora, la aplicaci\u00f3n del plan y una evaluaci\u00f3n final.<\/p>\n<p>[\/vc_column_text][\/vc_column][vc_column width=\u00bb1\/6&#8243;][vc_single_image media=\u00bb4912&#8243; media_width_percent=\u00bb100&#8243; uncode_shortcode_id=\u00bb102361&#8243;][\/vc_column][\/vc_row][vc_row row_height_percent=\u00bb0&#8243; override_padding=\u00bbyes\u00bb h_padding=\u00bb2&#8243; top_padding=\u00bb2&#8243; bottom_padding=\u00bb2&#8243; overlay_alpha=\u00bb50&#8243; gutter_size=\u00bb3&#8243; column_width_percent=\u00bb100&#8243; shift_y=\u00bb0&#8243; z_index=\u00bb0&#8243; uncode_shortcode_id=\u00bb206115&#8243;][vc_column width=\u00bb1\/2&#8243;][vc_single_image media=\u00bb4899&#8243; media_width_percent=\u00bb100&#8243; uncode_shortcode_id=\u00bb155152&#8243;][\/vc_column][vc_column width=\u00bb1\/2&#8243;][vc_custom_heading text_color=\u00bbcolor-dark-tpm-dti\u00bb uncode_shortcode_id=\u00bb143229&#8243; text_color_type=\u00bbuncode-palette\u00bb el_class=\u00bbheading-custom-text\u00bb]<strong>Evaluaci\u00f3n inicial<\/strong>[\/vc_custom_heading][vc_column_text uncode_shortcode_id=\u00bb953069&#8243;]<\/p>\n<p style=\"text-align: justify;\">Una evaluaci\u00f3n inicial con ODEQUS proporciona un diagn\u00f3stico general de la situaci\u00f3n actual. Se realiza un estudio retrospectivo de la actividad de donaci\u00f3n de fallecidos y vivos del centro en los \u00faltimos 12 meses para definir un plan especializado de mejora propio del centro. Este estudio utiliza los indicadores seleccionados en el sistema para recopilar datos y analizar posteriormente los resultados obtenidos.<\/p>\n<p>[\/vc_column_text][\/vc_column][\/vc_row][vc_row row_height_percent=\u00bb0&#8243; override_padding=\u00bbyes\u00bb h_padding=\u00bb2&#8243; top_padding=\u00bb2&#8243; bottom_padding=\u00bb2&#8243; overlay_alpha=\u00bb50&#8243; gutter_size=\u00bb3&#8243; column_width_percent=\u00bb100&#8243; shift_y=\u00bb0&#8243; z_index=\u00bb0&#8243; uncode_shortcode_id=\u00bb206115&#8243;][vc_column width=\u00bb1\/2&#8243;][vc_custom_heading text_color=\u00bbcolor-dark-tpm-dti\u00bb uncode_shortcode_id=\u00bb100190&#8243; text_color_type=\u00bbuncode-palette\u00bb el_class=\u00bbheading-custom-text\u00bb]<strong>Plan de mejora<\/strong>[\/vc_custom_heading][vc_column_text uncode_shortcode_id=\u00bb170096&#8243;]<\/p>\n<p style=\"text-align: justify;\">Tras la evaluaci\u00f3n inicial proporcionada por ODEQUS, se desarrolla un plan de mejora para formar grupos de trabajo especializados que apliquen medidas correctoras en concordancia con los resultados para, en \u00faltima instancia, mejorar el sistema.<\/p>\n<p>[\/vc_column_text][vc_custom_heading text_color=\u00bbcolor-dark-tpm-dti\u00bb uncode_shortcode_id=\u00bb168423&#8243; text_color_type=\u00bbuncode-palette\u00bb el_class=\u00bbheading-custom-text\u00bb]<strong>Aplicaci\u00f3n del plan de mejora<\/strong>[\/vc_custom_heading][vc_column_text uncode_shortcode_id=\u00bb104656&#8243;]<\/p>\n<p style=\"text-align: justify;\">Una vez dise\u00f1ado el plan de mejora, el equipo local lo pondr\u00e1 en pr\u00e1ctica. La aplicaci\u00f3n ser\u00e1 supervisada por expertos durante los 12 primeros meses de ejecuci\u00f3n. Para garantizar la calidad de la ejecuci\u00f3n teniendo en cuenta la situaci\u00f3n y las caracter\u00edsticas locales, se aplicar\u00e1n medidas correctoras para actividades espec\u00edficas.<\/p>\n<p>[\/vc_column_text][\/vc_column][vc_column width=\u00bb1\/2&#8243;][vc_single_image media=\u00bb4905&#8243; media_width_percent=\u00bb100&#8243; uncode_shortcode_id=\u00bb190390&#8243;][\/vc_column][\/vc_row][vc_row row_height_percent=\u00bb0&#8243; override_padding=\u00bbyes\u00bb h_padding=\u00bb2&#8243; top_padding=\u00bb2&#8243; bottom_padding=\u00bb3&#8243; overlay_alpha=\u00bb50&#8243; gutter_size=\u00bb3&#8243; column_width_percent=\u00bb100&#8243; shift_y=\u00bb0&#8243; z_index=\u00bb0&#8243; uncode_shortcode_id=\u00bb159820&#8243;][vc_column width=\u00bb1\/2&#8243;][vc_single_image media=\u00bb4908&#8243; media_width_percent=\u00bb100&#8243; uncode_shortcode_id=\u00bb101740&#8243;][\/vc_column][vc_column width=\u00bb1\/2&#8243;][vc_custom_heading text_color=\u00bbcolor-dark-tpm-dti\u00bb uncode_shortcode_id=\u00bb162855&#8243; text_color_type=\u00bbuncode-palette\u00bb el_class=\u00bbheading-custom-text\u00bb]<strong>Evaluaci\u00f3n final<\/strong>[\/vc_custom_heading][vc_column_text uncode_shortcode_id=\u00bb203693&#8243;]<\/p>\n<p style=\"text-align: justify;\">Tras la aplicaci\u00f3n del plan de mejora y las medidas correctoras, se realiza un estudio para evaluar los resultados obtenidos. El estudio pretende comprobar la exactitud de la aplicaci\u00f3n de medidas correctoras. En concreto, durante este paso se recopilar\u00e1n y analizar\u00e1n los datos obtenidos durante el periodo de aplicaci\u00f3n. El an\u00e1lisis de estos datos utilizar\u00e1 el mismo conjunto de indicadores ODEQUS seleccionados para la evaluaci\u00f3n inicial. Por \u00faltimo, se debatir\u00e1n los resultados con el equipo local y se presentar\u00e1n las recomendaciones finales.<\/p>\n<p>[\/vc_column_text][\/vc_column][\/vc_row][vc_row row_height_percent=\u00bb0&#8243; override_padding=\u00bbyes\u00bb h_padding=\u00bb2&#8243; top_padding=\u00bb3&#8243; bottom_padding=\u00bb3&#8243; back_color=\u00bbcolor-lxmt\u00bb overlay_alpha=\u00bb50&#8243; gutter_size=\u00bb3&#8243; column_width_percent=\u00bb100&#8243; shift_y=\u00bb0&#8243; z_index=\u00bb0&#8243; uncode_shortcode_id=\u00bb103339&#8243; back_color_type=\u00bbuncode-palette\u00bb][vc_column column_width_percent=\u00bb100&#8243; align_horizontal=\u00bbalign_center\u00bb gutter_size=\u00bb3&#8243; overlay_alpha=\u00bb50&#8243; shift_x=\u00bb0&#8243; shift_y=\u00bb0&#8243; shift_y_down=\u00bb0&#8243; z_index=\u00bb0&#8243; medium_width=\u00bb0&#8243; mobile_width=\u00bb0&#8243; width=\u00bb1\/1&#8243; uncode_shortcode_id=\u00bb104577&#8243;][vc_custom_heading heading_semantic=\u00bbdiv\u00bb text_weight=\u00bb600&#8243; uncode_shortcode_id=\u00bb212475&#8243;]Cont\u00e1ctanos para m\u00e1s informaci\u00f3n sobre este servicio[\/vc_custom_heading][vc_raw_html]PGlmcmFtZSBzdHlsZT0iaGVpZ2h0OiA4MDBweDsgd2lkdGg6IDk5JTsgYm9yZGVyOiBub25lOyIgc3JjPSJodHRwczovL2Zvcm1zLnpvaG9wdWJsaWMuY29tL2R0aWZvdW5kYXRpb24vZm9ybS9EVElGb3VuZGF0aW9uUXVhbGl0eUNvbnRyb2xhbmRBdWRpdGluZy9mb3JtcGVybWEveTg1b1NYMXFfN3JYMG0wanhUVmtaQnd0WXNFTlFHcmZ2d3VHaEl6T3FjRT96Zl9sYW5nPWVzIiBmcmFtZWJvcmRlcj0iMCI+PC9pZnJhbWU+[\/vc_raw_html][\/vc_column][\/vc_row]<\/p>\n<\/div>","protected":false},"excerpt":{"rendered":"<p>En DTI, ofrecemos la oportunidad a hospitales de todo el mundo de recibir auditor\u00edas y controles de calidad. Esto se hace para desarrollar planes de mejora a medida mediante medidas correctoras con el fin de mejorar la calidad general de la asistencia que se presta en estos hospitales.<\/p>\n","protected":false},"author":1,"featured_media":9296,"parent":17306,"menu_order":0,"comment_status":"closed","ping_status":"closed","template":"","meta":{"_acf_changed":false,"footnotes":""},"class_list":["post-10762","page","type-page","status-publish","has-post-thumbnail","hentry"],"acf":[],"yoast_head":"<!-- This site is optimized with the Yoast SEO plugin v26.9 - https:\/\/yoast.com\/product\/yoast-seo-wordpress\/ -->\n<title>Control de calidad y auditor\u00eda | DTI Foundation | Donation &amp; Transplantation Institute<\/title>\n<meta name=\"description\" content=\"Descubre toda la informaci\u00f3n sobre Control de calidad y auditor\u00eda en nuestra web. En la Fundaci\u00f3n DTI trabajamos para brindar servicios y formaci\u00f3n en donaci\u00f3n de organos y transplantes en el mundo.\" \/>\n<meta name=\"robots\" content=\"index, follow, max-snippet:-1, max-image-preview:large, max-video-preview:-1\" \/>\n<link rel=\"canonical\" href=\"https:\/\/dtifoundation.com\/es\/cooperacion-internacional\/control-de-calidad-y-auditoria\/\" \/>\n<meta property=\"og:locale\" content=\"es_ES\" \/>\n<meta property=\"og:type\" content=\"article\" \/>\n<meta property=\"og:title\" content=\"Control de calidad y auditor\u00eda | DTI Foundation | Donation &amp; Transplantation Institute\" \/>\n<meta property=\"og:description\" content=\"Descubre toda la informaci\u00f3n sobre Control de calidad y auditor\u00eda en nuestra web. En la Fundaci\u00f3n DTI trabajamos para brindar servicios y formaci\u00f3n en donaci\u00f3n de organos y transplantes en el mundo.\" \/>\n<meta property=\"og:url\" content=\"https:\/\/dtifoundation.com\/es\/cooperacion-internacional\/control-de-calidad-y-auditoria\/\" \/>\n<meta property=\"og:site_name\" content=\"DTI Foundation | Donation &amp; Transplantation Institute\" \/>\n<meta property=\"article:modified_time\" content=\"2026-04-15T07:53:56+00:00\" \/>\n<meta property=\"og:image\" content=\"https:\/\/dtifoundation.com\/wp-content\/uploads\/2023\/04\/hospital-surgery-and-team-of-doctors-in-theatre-f-2023-04-20-19-56-32-utc.jpg\" \/>\n\t<meta property=\"og:image:width\" content=\"2500\" \/>\n\t<meta property=\"og:image:height\" content=\"1667\" \/>\n\t<meta property=\"og:image:type\" content=\"image\/jpeg\" \/>\n<meta name=\"twitter:card\" content=\"summary_large_image\" \/>\n<meta name=\"twitter:label1\" content=\"Tiempo de lectura\" \/>\n\t<meta name=\"twitter:data1\" content=\"5 minutos\" \/>\n<script type=\"application\/ld+json\" class=\"yoast-schema-graph\">{\"@context\":\"https:\/\/schema.org\",\"@graph\":[{\"@type\":[\"WebPage\",\"MedicalWebPage\"],\"@id\":\"https:\/\/dtifoundation.com\/es\/cooperacion-internacional\/control-de-calidad-y-auditoria\/\",\"url\":\"https:\/\/dtifoundation.com\/es\/cooperacion-internacional\/control-de-calidad-y-auditoria\/\",\"name\":\"Control de calidad y auditor\u00eda | DTI Foundation | Donation &amp; Transplantation Institute\",\"isPartOf\":{\"@id\":\"https:\/\/dtifoundation.com\/#website\"},\"primaryImageOfPage\":{\"@id\":\"https:\/\/dtifoundation.com\/es\/cooperacion-internacional\/control-de-calidad-y-auditoria\/#primaryimage\"},\"image\":{\"@id\":\"https:\/\/dtifoundation.com\/es\/cooperacion-internacional\/control-de-calidad-y-auditoria\/#primaryimage\"},\"thumbnailUrl\":\"https:\/\/dtifoundation.com\/wp-content\/uploads\/2023\/04\/hospital-surgery-and-team-of-doctors-in-theatre-f-2023-04-20-19-56-32-utc.jpg\",\"datePublished\":\"2023-05-16T15:12:07+00:00\",\"dateModified\":\"2026-04-15T07:53:56+00:00\",\"description\":\"Descubre toda la informaci\u00f3n sobre Control de calidad y auditor\u00eda en nuestra web. En la Fundaci\u00f3n DTI trabajamos para brindar servicios y formaci\u00f3n en donaci\u00f3n de organos y transplantes en el mundo.\",\"breadcrumb\":{\"@id\":\"https:\/\/dtifoundation.com\/es\/cooperacion-internacional\/control-de-calidad-y-auditoria\/#breadcrumb\"},\"inLanguage\":\"es\",\"potentialAction\":[{\"@type\":\"ReadAction\",\"target\":[\"https:\/\/dtifoundation.com\/es\/cooperacion-internacional\/control-de-calidad-y-auditoria\/\"]}]},{\"@type\":\"ImageObject\",\"inLanguage\":\"es\",\"@id\":\"https:\/\/dtifoundation.com\/es\/cooperacion-internacional\/control-de-calidad-y-auditoria\/#primaryimage\",\"url\":\"https:\/\/dtifoundation.com\/wp-content\/uploads\/2023\/04\/hospital-surgery-and-team-of-doctors-in-theatre-f-2023-04-20-19-56-32-utc.jpg\",\"contentUrl\":\"https:\/\/dtifoundation.com\/wp-content\/uploads\/2023\/04\/hospital-surgery-and-team-of-doctors-in-theatre-f-2023-04-20-19-56-32-utc.jpg\",\"width\":2500,\"height\":1667},{\"@type\":\"BreadcrumbList\",\"@id\":\"https:\/\/dtifoundation.com\/es\/cooperacion-internacional\/control-de-calidad-y-auditoria\/#breadcrumb\",\"itemListElement\":[{\"@type\":\"ListItem\",\"position\":1,\"name\":\"Home\",\"item\":\"https:\/\/dtifoundation.com\/es\/\"},{\"@type\":\"ListItem\",\"position\":2,\"name\":\"Cooperaci\u00f3n internacional\",\"item\":\"https:\/\/dtifoundation.com\/cooperacion-internacional\/\"},{\"@type\":\"ListItem\",\"position\":3,\"name\":\"Control de calidad y auditor\u00eda\"}]},{\"@type\":\"WebSite\",\"@id\":\"https:\/\/dtifoundation.com\/#website\",\"url\":\"https:\/\/dtifoundation.com\/\",\"name\":\"TPM - DTI Foundation\",\"description\":\"\",\"potentialAction\":[{\"@type\":\"SearchAction\",\"target\":{\"@type\":\"EntryPoint\",\"urlTemplate\":\"https:\/\/dtifoundation.com\/?s={search_term_string}\"},\"query-input\":{\"@type\":\"PropertyValueSpecification\",\"valueRequired\":true,\"valueName\":\"search_term_string\"}}],\"inLanguage\":\"es\"}]}<\/script>\n<!-- \/ Yoast SEO plugin. -->","yoast_head_json":{"title":"Control de calidad y auditor\u00eda | DTI Foundation | Donation &amp; Transplantation Institute","description":"Descubre toda la informaci\u00f3n sobre Control de calidad y auditor\u00eda en nuestra web. En la Fundaci\u00f3n DTI trabajamos para brindar servicios y formaci\u00f3n en donaci\u00f3n de organos y transplantes en el mundo.","robots":{"index":"index","follow":"follow","max-snippet":"max-snippet:-1","max-image-preview":"max-image-preview:large","max-video-preview":"max-video-preview:-1"},"canonical":"https:\/\/dtifoundation.com\/es\/cooperacion-internacional\/control-de-calidad-y-auditoria\/","og_locale":"es_ES","og_type":"article","og_title":"Control de calidad y auditor\u00eda | DTI Foundation | Donation &amp; Transplantation Institute","og_description":"Descubre toda la informaci\u00f3n sobre Control de calidad y auditor\u00eda en nuestra web. En la Fundaci\u00f3n DTI trabajamos para brindar servicios y formaci\u00f3n en donaci\u00f3n de organos y transplantes en el mundo.","og_url":"https:\/\/dtifoundation.com\/es\/cooperacion-internacional\/control-de-calidad-y-auditoria\/","og_site_name":"DTI Foundation | Donation &amp; Transplantation Institute","article_modified_time":"2026-04-15T07:53:56+00:00","og_image":[{"width":2500,"height":1667,"url":"https:\/\/dtifoundation.com\/wp-content\/uploads\/2023\/04\/hospital-surgery-and-team-of-doctors-in-theatre-f-2023-04-20-19-56-32-utc.jpg","type":"image\/jpeg"}],"twitter_card":"summary_large_image","twitter_misc":{"Tiempo de lectura":"5 minutos"},"schema":{"@context":"https:\/\/schema.org","@graph":[{"@type":["WebPage","MedicalWebPage"],"@id":"https:\/\/dtifoundation.com\/es\/cooperacion-internacional\/control-de-calidad-y-auditoria\/","url":"https:\/\/dtifoundation.com\/es\/cooperacion-internacional\/control-de-calidad-y-auditoria\/","name":"Control de calidad y auditor\u00eda | DTI Foundation | Donation &amp; Transplantation Institute","isPartOf":{"@id":"https:\/\/dtifoundation.com\/#website"},"primaryImageOfPage":{"@id":"https:\/\/dtifoundation.com\/es\/cooperacion-internacional\/control-de-calidad-y-auditoria\/#primaryimage"},"image":{"@id":"https:\/\/dtifoundation.com\/es\/cooperacion-internacional\/control-de-calidad-y-auditoria\/#primaryimage"},"thumbnailUrl":"https:\/\/dtifoundation.com\/wp-content\/uploads\/2023\/04\/hospital-surgery-and-team-of-doctors-in-theatre-f-2023-04-20-19-56-32-utc.jpg","datePublished":"2023-05-16T15:12:07+00:00","dateModified":"2026-04-15T07:53:56+00:00","description":"Descubre toda la informaci\u00f3n sobre Control de calidad y auditor\u00eda en nuestra web. En la Fundaci\u00f3n DTI trabajamos para brindar servicios y formaci\u00f3n en donaci\u00f3n de organos y transplantes en el mundo.","breadcrumb":{"@id":"https:\/\/dtifoundation.com\/es\/cooperacion-internacional\/control-de-calidad-y-auditoria\/#breadcrumb"},"inLanguage":"es","potentialAction":[{"@type":"ReadAction","target":["https:\/\/dtifoundation.com\/es\/cooperacion-internacional\/control-de-calidad-y-auditoria\/"]}]},{"@type":"ImageObject","inLanguage":"es","@id":"https:\/\/dtifoundation.com\/es\/cooperacion-internacional\/control-de-calidad-y-auditoria\/#primaryimage","url":"https:\/\/dtifoundation.com\/wp-content\/uploads\/2023\/04\/hospital-surgery-and-team-of-doctors-in-theatre-f-2023-04-20-19-56-32-utc.jpg","contentUrl":"https:\/\/dtifoundation.com\/wp-content\/uploads\/2023\/04\/hospital-surgery-and-team-of-doctors-in-theatre-f-2023-04-20-19-56-32-utc.jpg","width":2500,"height":1667},{"@type":"BreadcrumbList","@id":"https:\/\/dtifoundation.com\/es\/cooperacion-internacional\/control-de-calidad-y-auditoria\/#breadcrumb","itemListElement":[{"@type":"ListItem","position":1,"name":"Home","item":"https:\/\/dtifoundation.com\/es\/"},{"@type":"ListItem","position":2,"name":"Cooperaci\u00f3n internacional","item":"https:\/\/dtifoundation.com\/cooperacion-internacional\/"},{"@type":"ListItem","position":3,"name":"Control de calidad y auditor\u00eda"}]},{"@type":"WebSite","@id":"https:\/\/dtifoundation.com\/#website","url":"https:\/\/dtifoundation.com\/","name":"TPM - DTI Foundation","description":"","potentialAction":[{"@type":"SearchAction","target":{"@type":"EntryPoint","urlTemplate":"https:\/\/dtifoundation.com\/?s={search_term_string}"},"query-input":{"@type":"PropertyValueSpecification","valueRequired":true,"valueName":"search_term_string"}}],"inLanguage":"es"}]}},"_links":{"self":[{"href":"https:\/\/dtifoundation.com\/es\/wp-json\/wp\/v2\/pages\/10762","targetHints":{"allow":["GET"]}}],"collection":[{"href":"https:\/\/dtifoundation.com\/es\/wp-json\/wp\/v2\/pages"}],"about":[{"href":"https:\/\/dtifoundation.com\/es\/wp-json\/wp\/v2\/types\/page"}],"author":[{"embeddable":true,"href":"https:\/\/dtifoundation.com\/es\/wp-json\/wp\/v2\/users\/1"}],"replies":[{"embeddable":true,"href":"https:\/\/dtifoundation.com\/es\/wp-json\/wp\/v2\/comments?post=10762"}],"version-history":[{"count":5,"href":"https:\/\/dtifoundation.com\/es\/wp-json\/wp\/v2\/pages\/10762\/revisions"}],"predecessor-version":[{"id":18136,"href":"https:\/\/dtifoundation.com\/es\/wp-json\/wp\/v2\/pages\/10762\/revisions\/18136"}],"up":[{"embeddable":true,"href":"https:\/\/dtifoundation.com\/es\/wp-json\/wp\/v2\/pages\/17306"}],"wp:featuredmedia":[{"embeddable":true,"href":"https:\/\/dtifoundation.com\/es\/wp-json\/wp\/v2\/media\/9296"}],"wp:attachment":[{"href":"https:\/\/dtifoundation.com\/es\/wp-json\/wp\/v2\/media?parent=10762"}],"curies":[{"name":"wp","href":"https:\/\/api.w.org\/{rel}","templated":true}]}}