{"id":10491,"date":"2023-05-09T09:39:07","date_gmt":"2023-05-09T09:39:07","guid":{"rendered":"https:\/\/dti.developallin.com\/sobre-donacion-y-trasplante\/"},"modified":"2023-05-15T11:46:47","modified_gmt":"2023-05-15T11:46:47","slug":"sobre-donacion-y-trasplante","status":"publish","type":"page","link":"https:\/\/dtifoundation.com\/es\/sobre-donacion-y-trasplante\/","title":{"rendered":"Sobre Donaci\u00f3n y Trasplante"},"content":{"rendered":"<div class=\"wpb-content-wrapper\"><p>[vc_row row_height_percent=\u00bb0&#8243; override_padding=\u00bbyes\u00bb h_padding=\u00bb2&#8243; top_padding=\u00bb3&#8243; bottom_padding=\u00bb3&#8243; overlay_alpha=\u00bb50&#8243; gutter_size=\u00bb3&#8243; column_width_percent=\u00bb100&#8243; shift_y=\u00bb0&#8243; z_index=\u00bb0&#8243; uncode_shortcode_id=\u00bb484852&#8243;][vc_column column_width_percent=\u00bb100&#8243; align_horizontal=\u00bbalign_center\u00bb gutter_size=\u00bb3&#8243; overlay_alpha=\u00bb50&#8243; shift_x=\u00bb0&#8243; shift_y=\u00bb0&#8243; shift_y_down=\u00bb0&#8243; z_index=\u00bb0&#8243; medium_width=\u00bb0&#8243; mobile_width=\u00bb0&#8243; width=\u00bb1\/1&#8243; uncode_shortcode_id=\u00bb178309&#8243;][uncode_index el_id=\u00bbindex-28098&#8243; isotope_mode=\u00bbfitRows\u00bb loop=\u00bbsize:9|order_by:title|order:ASC|post_type:aboutdt|taxonomy_count:10&#8243; auto_query=\u00bbyes\u00bb screen_lg=\u00bb1000&#8243; screen_md=\u00bb600&#8243; screen_sm=\u00bb480&#8243; gutter_size=\u00bb3&#8243; post_items=\u00bbmedia|featured|onpost|original,author|sm_size|hide_qualification,date,sep-one|full,title,text|excerpt|100,link|link|small_size|Read More\u00bb aboutdt_items=\u00bbmedia|featured|onpost|original,title\u00bb pagination=\u00bbyes\u00bb single_width=\u00bb3&#8243; images_size=\u00bbsixteen-nine\u00bb single_shape=\u00bbround\u00bb radius=\u00bbstd\u00bb single_overlay_opacity=\u00bb1&#8243; single_h_align=\u00bbcenter\u00bb single_padding=\u00bb1&#8243; uncode_shortcode_id=\u00bb701302&#8243;][\/vc_column][\/vc_row]<\/p>\n<\/div>","protected":false},"excerpt":{"rendered":"<p>[vc_row row_height_percent=\u00bb0&#8243; override_padding=\u00bbyes\u00bb h_padding=\u00bb2&#8243; top_padding=\u00bb3&#8243; bottom_padding=\u00bb3&#8243; overlay_alpha=\u00bb50&#8243; gutter_size=\u00bb3&#8243; column_width_percent=\u00bb100&#8243; shift_y=\u00bb0&#8243; z_index=\u00bb0&#8243; uncode_shortcode_id=\u00bb484852&#8243;][vc_column column_width_percent=\u00bb100&#8243; align_horizontal=\u00bbalign_center\u00bb gutter_size=\u00bb3&#8243; overlay_alpha=\u00bb50&#8243; shift_x=\u00bb0&#8243; shift_y=\u00bb0&#8243; shift_y_down=\u00bb0&#8243; z_index=\u00bb0&#8243; [&hellip;]<\/p>\n","protected":false},"author":1,"featured_media":10497,"parent":0,"menu_order":0,"comment_status":"closed","ping_status":"closed","template":"","meta":{"_acf_changed":false,"footnotes":""},"class_list":["post-10491","page","type-page","status-publish","has-post-thumbnail","hentry"],"acf":[],"yoast_head":"<!-- This site is optimized with the Yoast SEO plugin v26.9 - https:\/\/yoast.com\/product\/yoast-seo-wordpress\/ -->\n<title>Sobre Donaci\u00f3n y Trasplante | DTI Foundation | Donation &amp; Transplantation Institute<\/title>\n<meta name=\"description\" content=\"Descubre toda la informaci\u00f3n sobre Sobre Donaci\u00f3n y Trasplante en nuestra web. En la Fundaci\u00f3n DTI trabajamos para brindar servicios y formaci\u00f3n en donaci\u00f3n de organos y transplantes en el mundo.\" \/>\n<meta name=\"robots\" content=\"index, follow, max-snippet:-1, max-image-preview:large, max-video-preview:-1\" \/>\n<link rel=\"canonical\" href=\"https:\/\/dtifoundation.com\/es\/sobre-donacion-y-trasplante\/\" \/>\n<meta property=\"og:locale\" content=\"es_ES\" \/>\n<meta property=\"og:type\" content=\"article\" \/>\n<meta property=\"og:title\" content=\"Sobre Donaci\u00f3n y Trasplante | DTI Foundation | Donation &amp; Transplantation Institute\" \/>\n<meta property=\"og:description\" content=\"Descubre toda la informaci\u00f3n sobre Sobre Donaci\u00f3n y Trasplante en nuestra web. En la Fundaci\u00f3n DTI trabajamos para brindar servicios y formaci\u00f3n en donaci\u00f3n de organos y transplantes en el mundo.\" \/>\n<meta property=\"og:url\" content=\"https:\/\/dtifoundation.com\/es\/sobre-donacion-y-trasplante\/\" \/>\n<meta property=\"og:site_name\" content=\"DTI Foundation | Donation &amp; Transplantation Institute\" \/>\n<meta property=\"article:modified_time\" content=\"2023-05-15T11:46:47+00:00\" \/>\n<meta property=\"og:image\" content=\"https:\/\/dtifoundation.com\/wp-content\/uploads\/2023\/05\/sudying-with-medical-book-indoors-2021-12-09-03-18-08-utc.jpg\" \/>\n\t<meta property=\"og:image:width\" content=\"2500\" \/>\n\t<meta property=\"og:image:height\" content=\"1668\" \/>\n\t<meta property=\"og:image:type\" content=\"image\/jpeg\" \/>\n<meta name=\"twitter:card\" content=\"summary_large_image\" \/>\n<meta name=\"twitter:label1\" content=\"Tiempo de lectura\" \/>\n\t<meta name=\"twitter:data1\" content=\"1 minuto\" \/>\n<script type=\"application\/ld+json\" class=\"yoast-schema-graph\">{\"@context\":\"https:\/\/schema.org\",\"@graph\":[{\"@type\":[\"WebPage\",\"MedicalWebPage\"],\"@id\":\"https:\/\/dtifoundation.com\/es\/sobre-donacion-y-trasplante\/\",\"url\":\"https:\/\/dtifoundation.com\/es\/sobre-donacion-y-trasplante\/\",\"name\":\"Sobre Donaci\u00f3n y Trasplante | DTI Foundation | Donation &amp; Transplantation Institute\",\"isPartOf\":{\"@id\":\"https:\/\/dtifoundation.com\/#website\"},\"primaryImageOfPage\":{\"@id\":\"https:\/\/dtifoundation.com\/es\/sobre-donacion-y-trasplante\/#primaryimage\"},\"image\":{\"@id\":\"https:\/\/dtifoundation.com\/es\/sobre-donacion-y-trasplante\/#primaryimage\"},\"thumbnailUrl\":\"https:\/\/dtifoundation.com\/wp-content\/uploads\/2023\/05\/sudying-with-medical-book-indoors-2021-12-09-03-18-08-utc.jpg\",\"datePublished\":\"2023-05-09T09:39:07+00:00\",\"dateModified\":\"2023-05-15T11:46:47+00:00\",\"description\":\"Descubre toda la informaci\u00f3n sobre Sobre Donaci\u00f3n y Trasplante en nuestra web. En la Fundaci\u00f3n DTI trabajamos para brindar servicios y formaci\u00f3n en donaci\u00f3n de organos y transplantes en el mundo.\",\"breadcrumb\":{\"@id\":\"https:\/\/dtifoundation.com\/es\/sobre-donacion-y-trasplante\/#breadcrumb\"},\"inLanguage\":\"es\",\"potentialAction\":[{\"@type\":\"ReadAction\",\"target\":[\"https:\/\/dtifoundation.com\/es\/sobre-donacion-y-trasplante\/\"]}]},{\"@type\":\"ImageObject\",\"inLanguage\":\"es\",\"@id\":\"https:\/\/dtifoundation.com\/es\/sobre-donacion-y-trasplante\/#primaryimage\",\"url\":\"https:\/\/dtifoundation.com\/wp-content\/uploads\/2023\/05\/sudying-with-medical-book-indoors-2021-12-09-03-18-08-utc.jpg\",\"contentUrl\":\"https:\/\/dtifoundation.com\/wp-content\/uploads\/2023\/05\/sudying-with-medical-book-indoors-2021-12-09-03-18-08-utc.jpg\",\"width\":2500,\"height\":1668},{\"@type\":\"BreadcrumbList\",\"@id\":\"https:\/\/dtifoundation.com\/es\/sobre-donacion-y-trasplante\/#breadcrumb\",\"itemListElement\":[{\"@type\":\"ListItem\",\"position\":1,\"name\":\"Home\",\"item\":\"https:\/\/dtifoundation.com\/es\/\"},{\"@type\":\"ListItem\",\"position\":2,\"name\":\"Sobre Donaci\u00f3n y Trasplante\"}]},{\"@type\":\"WebSite\",\"@id\":\"https:\/\/dtifoundation.com\/#website\",\"url\":\"https:\/\/dtifoundation.com\/\",\"name\":\"TPM - DTI Foundation\",\"description\":\"\",\"potentialAction\":[{\"@type\":\"SearchAction\",\"target\":{\"@type\":\"EntryPoint\",\"urlTemplate\":\"https:\/\/dtifoundation.com\/?s={search_term_string}\"},\"query-input\":{\"@type\":\"PropertyValueSpecification\",\"valueRequired\":true,\"valueName\":\"search_term_string\"}}],\"inLanguage\":\"es\"}]}<\/script>\n<!-- \/ Yoast SEO plugin. -->","yoast_head_json":{"title":"Sobre Donaci\u00f3n y Trasplante | DTI Foundation | Donation &amp; Transplantation Institute","description":"Descubre toda la informaci\u00f3n sobre Sobre Donaci\u00f3n y Trasplante en nuestra web. En la Fundaci\u00f3n DTI trabajamos para brindar servicios y formaci\u00f3n en donaci\u00f3n de organos y transplantes en el mundo.","robots":{"index":"index","follow":"follow","max-snippet":"max-snippet:-1","max-image-preview":"max-image-preview:large","max-video-preview":"max-video-preview:-1"},"canonical":"https:\/\/dtifoundation.com\/es\/sobre-donacion-y-trasplante\/","og_locale":"es_ES","og_type":"article","og_title":"Sobre Donaci\u00f3n y Trasplante | DTI Foundation | Donation &amp; Transplantation Institute","og_description":"Descubre toda la informaci\u00f3n sobre Sobre Donaci\u00f3n y Trasplante en nuestra web. En la Fundaci\u00f3n DTI trabajamos para brindar servicios y formaci\u00f3n en donaci\u00f3n de organos y transplantes en el mundo.","og_url":"https:\/\/dtifoundation.com\/es\/sobre-donacion-y-trasplante\/","og_site_name":"DTI Foundation | Donation &amp; Transplantation Institute","article_modified_time":"2023-05-15T11:46:47+00:00","og_image":[{"width":2500,"height":1668,"url":"https:\/\/dtifoundation.com\/wp-content\/uploads\/2023\/05\/sudying-with-medical-book-indoors-2021-12-09-03-18-08-utc.jpg","type":"image\/jpeg"}],"twitter_card":"summary_large_image","twitter_misc":{"Tiempo de lectura":"1 minuto"},"schema":{"@context":"https:\/\/schema.org","@graph":[{"@type":["WebPage","MedicalWebPage"],"@id":"https:\/\/dtifoundation.com\/es\/sobre-donacion-y-trasplante\/","url":"https:\/\/dtifoundation.com\/es\/sobre-donacion-y-trasplante\/","name":"Sobre Donaci\u00f3n y Trasplante | DTI Foundation | Donation &amp; Transplantation Institute","isPartOf":{"@id":"https:\/\/dtifoundation.com\/#website"},"primaryImageOfPage":{"@id":"https:\/\/dtifoundation.com\/es\/sobre-donacion-y-trasplante\/#primaryimage"},"image":{"@id":"https:\/\/dtifoundation.com\/es\/sobre-donacion-y-trasplante\/#primaryimage"},"thumbnailUrl":"https:\/\/dtifoundation.com\/wp-content\/uploads\/2023\/05\/sudying-with-medical-book-indoors-2021-12-09-03-18-08-utc.jpg","datePublished":"2023-05-09T09:39:07+00:00","dateModified":"2023-05-15T11:46:47+00:00","description":"Descubre toda la informaci\u00f3n sobre Sobre Donaci\u00f3n y Trasplante en nuestra web. En la Fundaci\u00f3n DTI trabajamos para brindar servicios y formaci\u00f3n en donaci\u00f3n de organos y transplantes en el mundo.","breadcrumb":{"@id":"https:\/\/dtifoundation.com\/es\/sobre-donacion-y-trasplante\/#breadcrumb"},"inLanguage":"es","potentialAction":[{"@type":"ReadAction","target":["https:\/\/dtifoundation.com\/es\/sobre-donacion-y-trasplante\/"]}]},{"@type":"ImageObject","inLanguage":"es","@id":"https:\/\/dtifoundation.com\/es\/sobre-donacion-y-trasplante\/#primaryimage","url":"https:\/\/dtifoundation.com\/wp-content\/uploads\/2023\/05\/sudying-with-medical-book-indoors-2021-12-09-03-18-08-utc.jpg","contentUrl":"https:\/\/dtifoundation.com\/wp-content\/uploads\/2023\/05\/sudying-with-medical-book-indoors-2021-12-09-03-18-08-utc.jpg","width":2500,"height":1668},{"@type":"BreadcrumbList","@id":"https:\/\/dtifoundation.com\/es\/sobre-donacion-y-trasplante\/#breadcrumb","itemListElement":[{"@type":"ListItem","position":1,"name":"Home","item":"https:\/\/dtifoundation.com\/es\/"},{"@type":"ListItem","position":2,"name":"Sobre Donaci\u00f3n y Trasplante"}]},{"@type":"WebSite","@id":"https:\/\/dtifoundation.com\/#website","url":"https:\/\/dtifoundation.com\/","name":"TPM - DTI Foundation","description":"","potentialAction":[{"@type":"SearchAction","target":{"@type":"EntryPoint","urlTemplate":"https:\/\/dtifoundation.com\/?s={search_term_string}"},"query-input":{"@type":"PropertyValueSpecification","valueRequired":true,"valueName":"search_term_string"}}],"inLanguage":"es"}]}},"_links":{"self":[{"href":"https:\/\/dtifoundation.com\/es\/wp-json\/wp\/v2\/pages\/10491","targetHints":{"allow":["GET"]}}],"collection":[{"href":"https:\/\/dtifoundation.com\/es\/wp-json\/wp\/v2\/pages"}],"about":[{"href":"https:\/\/dtifoundation.com\/es\/wp-json\/wp\/v2\/types\/page"}],"author":[{"embeddable":true,"href":"https:\/\/dtifoundation.com\/es\/wp-json\/wp\/v2\/users\/1"}],"replies":[{"embeddable":true,"href":"https:\/\/dtifoundation.com\/es\/wp-json\/wp\/v2\/comments?post=10491"}],"version-history":[{"count":0,"href":"https:\/\/dtifoundation.com\/es\/wp-json\/wp\/v2\/pages\/10491\/revisions"}],"wp:featuredmedia":[{"embeddable":true,"href":"https:\/\/dtifoundation.com\/es\/wp-json\/wp\/v2\/media\/10497"}],"wp:attachment":[{"href":"https:\/\/dtifoundation.com\/es\/wp-json\/wp\/v2\/media?parent=10491"}],"curies":[{"name":"wp","href":"https:\/\/api.w.org\/{rel}","templated":true}]}}