{"id":10306,"date":"2023-05-08T13:37:17","date_gmt":"2023-05-08T13:37:17","guid":{"rendered":"http:\/\/dti.developallin.com\/innovacion-docente\/"},"modified":"2023-05-22T11:59:31","modified_gmt":"2023-05-22T11:59:31","slug":"innovacion-docente","status":"publish","type":"page","link":"https:\/\/dtifoundation.com\/es\/innovacion-docente\/","title":{"rendered":"Innovaci\u00f3n Docente"},"content":{"rendered":"<div class=\"wpb-content-wrapper\"><p>[vc_row row_height_percent=\u00bb0&#8243; override_padding=\u00bbyes\u00bb h_padding=\u00bb2&#8243; top_padding=\u00bb3&#8243; bottom_padding=\u00bb3&#8243; overlay_alpha=\u00bb50&#8243; gutter_size=\u00bb3&#8243; column_width_percent=\u00bb100&#8243; shift_y=\u00bb0&#8243; z_index=\u00bb0&#8243; uncode_shortcode_id=\u00bb188534&#8243;][vc_column width=\u00bb1\/1&#8243;][vc_row_inner][vc_column_inner width=\u00bb1\/1&#8243;][vc_custom_heading text_color=\u00bbcolor-jevc\u00bb uncode_shortcode_id=\u00bb181379&#8243; text_color_type=\u00bbuncode-palette\u00bb]Innovaci\u00f3n Docente[\/vc_custom_heading][vc_column_text uncode_shortcode_id=\u00bb882559&#8243;]Durante a\u00f1os, DTI ha brindado a los estudiantes valiosas conferencias, formaci\u00f3n y experiencias que les brindar\u00e1n las herramientas necesarias para navegar el proceso de donaci\u00f3n y trasplante de \u00f3rganos como futuros profesionales m\u00e9dicos.<\/p>\n<p>Debido a las limitaciones de la pandemia de COVID-19 en 2020, ha aumentado la necesidad de nuevas herramientas y m\u00e9todos para llevar a cabo formaciones y cursos educativos en l\u00ednea, sin comprometer la calidad. Para cubrir estas necesidades, DTI ha dado grandes pasos en innovaci\u00f3n para digitalizar sus cursos de formaci\u00f3n. Utilizando la realidad virtual, los videojuegos interactivos, la transmisi\u00f3n en vivo y los espacios de reuniones virtuales, los cursos de formaci\u00f3n de DTI contin\u00faan siendo tan atractivos, impactantes y significativos como los cursos presenciales.[\/vc_column_text][\/vc_column_inner][\/vc_row_inner][vc_row_inner][vc_column_inner width=\u00bb1\/1&#8243;][vc_custom_heading text_color=\u00bbcolor-red-tpm-dti\u00bb heading_semantic=\u00bbdiv\u00bb text_size=\u00bbh3&#8243; text_weight=\u00bb600&#8243; uncode_shortcode_id=\u00bb176251&#8243; text_color_type=\u00bbuncode-palette\u00bb]Charlas y talleres en l\u00ednea:[\/vc_custom_heading][vc_column_text uncode_shortcode_id=\u00bb152016&#8243;]DTI ha podido adaptar sus talleres utilizando software de grabaci\u00f3n en vivo para crear conferencias y talleres interactivos en vivo. Aqu\u00ed se utiliza la tecnolog\u00eda para que los alumnos se pongan en la piel de un m\u00e9dico y vivan la experiencia como si fuera real.<\/p>\n<p>Al brindar experiencias totalmente inmersivas a los estudiantes, DTI proporciona detalles extensos en las conferencias. En conferencias en vivo, los estudiantes tienen la oportunidad de ver el material utilizado en una sala de operaciones. Un equipo de profesionales monta un estudio que representa un quir\u00f3fano donde dan conferencias a los alumnos que se suman a estos encuentros de forma virtual. Los estudiantes se sumergen en material educativo y se les pregunta sobre casos espec\u00edficos. Esta forma de educaci\u00f3n mejora la experiencia de aprendizaje y lleva a los estudiantes fuera del aula tradicional sin dejar de respetar las limitaciones de la pandemia.[\/vc_column_text][\/vc_column_inner][\/vc_row_inner][vc_row_inner][vc_column_inner width=\u00bb1\/1&#8243;][vc_custom_heading text_color=\u00bbcolor-red-tpm-dti\u00bb heading_semantic=\u00bbdiv\u00bb text_size=\u00bbh3&#8243; text_weight=\u00bb600&#8243; uncode_shortcode_id=\u00bb129876&#8243; text_color_type=\u00bbuncode-palette\u00bb]Game of donors:[\/vc_custom_heading][vc_column_text uncode_shortcode_id=\u00bb817999&#8243;]DTI ha innovado y digitalizado sus cursos online mediante la gamificaci\u00f3n de algunas actividades formativas. A trav\u00e9s de estas innovaciones se han llevado a cabo varios cursos de TPM en modalidad virtual a trav\u00e9s de videojuegos interactivos.<\/p>\n<p>Estos cursos son tradicionalmente presenciales en los que siempre se fomenta y apoya la participaci\u00f3n, el trabajo en equipo y la simulaci\u00f3n pr\u00e1ctica. Debido a las limitaciones de la pandemia de COVID-19, los cursos se han adaptado a una modalidad en l\u00ednea, aplicando las \u00faltimas innovaciones en material educativo.<\/p>\n<p>El juego permite a los participantes navegar el proceso de detecci\u00f3n y evaluaci\u00f3n de donantes, mientras los desaf\u00eda a comunicarse con el personaje del donante y su familia de manera adecuada y emp\u00e1tica. Los estudiantes adquieren experiencia cl\u00ednica en la evaluaci\u00f3n de donantes potenciales de este juego, a trav\u00e9s de revisiones de casos cl\u00ednicos.[\/vc_column_text][\/vc_column_inner][\/vc_row_inner][vc_row_inner][vc_column_inner width=\u00bb1\/2&#8243;][vc_single_image media=\u00bb9804&#8243; media_width_percent=\u00bb100&#8243; uncode_shortcode_id=\u00bb628210&#8243;][\/vc_column_inner][vc_column_inner width=\u00bb1\/2&#8243;][vc_custom_heading text_color=\u00bbcolor-red-tpm-dti\u00bb heading_semantic=\u00bbdiv\u00bb text_size=\u00bbh3&#8243; text_weight=\u00bb600&#8243; uncode_shortcode_id=\u00bb168956&#8243; text_color_type=\u00bbuncode-palette\u00bb]Metodolog\u00eda VR Inmersiva en DTI Training:[\/vc_custom_heading][vc_column_text uncode_shortcode_id=\u00bb176984&#8243;]En colaboraci\u00f3n con Immersium Studio, DTI ha desarrollado una aplicaci\u00f3n de aprendizaje inmersivo que brinda aprendizaje pr\u00e1ctico a los estudiantes a trav\u00e9s de una plataforma de realidad virtual.<\/p>\n<p>Un ejemplo en el que esto se utiliza es nuestro \u00abTaller internacional sobre enfoque familiar para la donaci\u00f3n de \u00f3rganos\u00bb. Aqu\u00ed, la aplicaci\u00f3n VR permite al espectador actuar como un profesional m\u00e9dico, con el objetivo de navegar el proceso de conocer a la familia de un paciente, aprender sobre ellos y, en \u00faltima instancia, transmitir malas noticias a la familia del paciente dentro del proceso de \u00f3rganos y tejidos. El objetivo de este taller es dar a los estudiantes una mirada realista a los desaf\u00edos que presenta el enfoque familiar en el mundo real.<\/p>\n<p>Junto con el \u00abTaller internacional sobre el enfoque familiar para la donaci\u00f3n de \u00f3rganos\u00bb, DTI ha desarrollado una experiencia de video interactivo de 360\u00b0 del viaje del TPM (Transplant Procurement Manager). Aqu\u00ed, los usuarios, a menudo profesionales de la salud, m\u00e9dicos de trasplantes, profesionales de biociencias, coordinadores de trasplantes y aquellos involucrados en los campos m\u00e9dicos relacionados con la donaci\u00f3n de \u00f3rganos, tienen la oportunidad de visitar virtualmente un hospital con programas espa\u00f1oles de donaci\u00f3n y trasplante. Esta tecnolog\u00eda innovadora proporciona a los usuarios una experiencia en primera persona de una visita al hospital, les permite comprender c\u00f3mo es el modelo espa\u00f1ol en cuanto a su organizaci\u00f3n en donaci\u00f3n y trasplante.[\/vc_column_text][\/vc_column_inner][\/vc_row_inner][\/vc_column][\/vc_row][vc_row row_height_percent=\u00bb0&#8243; override_padding=\u00bbyes\u00bb h_padding=\u00bb2&#8243; top_padding=\u00bb3&#8243; bottom_padding=\u00bb3&#8243; back_color=\u00bbcolor-lxmt\u00bb overlay_alpha=\u00bb50&#8243; gutter_size=\u00bb3&#8243; column_width_percent=\u00bb100&#8243; shift_y=\u00bb0&#8243; z_index=\u00bb0&#8243; uncode_shortcode_id=\u00bb170336&#8243; back_color_type=\u00bbuncode-palette\u00bb][vc_column width=\u00bb1\/1&#8243;][vc_custom_heading text_color=\u00bbcolor-red-tpm-dti\u00bb heading_semantic=\u00bbdiv\u00bb text_weight=\u00bb800&#8243; uncode_shortcode_id=\u00bb560753&#8243; text_color_type=\u00bbuncode-palette\u00bb]CONCLUSI\u00d3N[\/vc_custom_heading][vc_column_text uncode_shortcode_id=\u00bb599348&#8243;]El uso de videojuegos interactivos, simulaciones cl\u00ednicas retransmitidas en directo y una experiencia inmersiva con realidad virtual ha sido una alternativa a la experiencia presencial. DTI ha podido brindar experiencias significativas durante los cursos de TPM con resultados positivos seg\u00fan los comentarios de los participantes sobre el desarrollo del curso.[\/vc_column_text][\/vc_column][\/vc_row]<\/p>\n<\/div>","protected":false},"excerpt":{"rendered":"<p>[vc_row row_height_percent=\u00bb0&#8243; override_padding=\u00bbyes\u00bb h_padding=\u00bb2&#8243; top_padding=\u00bb3&#8243; bottom_padding=\u00bb3&#8243; overlay_alpha=\u00bb50&#8243; gutter_size=\u00bb3&#8243; column_width_percent=\u00bb100&#8243; shift_y=\u00bb0&#8243; z_index=\u00bb0&#8243; uncode_shortcode_id=\u00bb188534&#8243;][vc_column width=\u00bb1\/1&#8243;][vc_row_inner][vc_column_inner width=\u00bb1\/1&#8243;][vc_custom_heading text_color=\u00bbcolor-jevc\u00bb uncode_shortcode_id=\u00bb181379&#8243; text_color_type=\u00bbuncode-palette\u00bb]Innovaci\u00f3n Docente[\/vc_custom_heading][vc_column_text uncode_shortcode_id=\u00bb882559&#8243;]Durante a\u00f1os, [&hellip;]<\/p>\n","protected":false},"author":1,"featured_media":9803,"parent":0,"menu_order":0,"comment_status":"closed","ping_status":"closed","template":"","meta":{"_acf_changed":false,"footnotes":""},"class_list":["post-10306","page","type-page","status-publish","has-post-thumbnail","hentry"],"acf":[],"yoast_head":"<!-- This site is optimized with the Yoast SEO plugin v26.9 - https:\/\/yoast.com\/product\/yoast-seo-wordpress\/ -->\n<title>Innovaci\u00f3n Docente | DTI Foundation | Donation &amp; Transplantation Institute<\/title>\n<meta name=\"description\" content=\"Descubre toda la informaci\u00f3n sobre Innovaci\u00f3n Docente en nuestra web. En la Fundaci\u00f3n DTI trabajamos para brindar servicios y formaci\u00f3n en donaci\u00f3n de organos y transplantes en el mundo.\" \/>\n<meta name=\"robots\" content=\"index, follow, max-snippet:-1, max-image-preview:large, max-video-preview:-1\" \/>\n<link rel=\"canonical\" href=\"https:\/\/dtifoundation.com\/es\/innovacion-docente\/\" \/>\n<meta property=\"og:locale\" content=\"es_ES\" \/>\n<meta property=\"og:type\" content=\"article\" \/>\n<meta property=\"og:title\" content=\"Innovaci\u00f3n Docente | DTI Foundation | Donation &amp; Transplantation Institute\" \/>\n<meta property=\"og:description\" content=\"Descubre toda la informaci\u00f3n sobre Innovaci\u00f3n Docente en nuestra web. En la Fundaci\u00f3n DTI trabajamos para brindar servicios y formaci\u00f3n en donaci\u00f3n de organos y transplantes en el mundo.\" \/>\n<meta property=\"og:url\" content=\"https:\/\/dtifoundation.com\/es\/innovacion-docente\/\" \/>\n<meta property=\"og:site_name\" content=\"DTI Foundation | Donation &amp; Transplantation Institute\" \/>\n<meta property=\"article:modified_time\" content=\"2023-05-22T11:59:31+00:00\" \/>\n<meta property=\"og:image\" content=\"https:\/\/dtifoundation.com\/wp-content\/uploads\/2023\/05\/empty-amphitheater-2021-09-03-23-03-51-utc.jpg\" \/>\n\t<meta property=\"og:image:width\" content=\"2500\" \/>\n\t<meta property=\"og:image:height\" content=\"1666\" \/>\n\t<meta property=\"og:image:type\" content=\"image\/jpeg\" \/>\n<meta name=\"twitter:card\" content=\"summary_large_image\" \/>\n<meta name=\"twitter:label1\" content=\"Tiempo de lectura\" \/>\n\t<meta name=\"twitter:data1\" content=\"5 minutos\" \/>\n<script type=\"application\/ld+json\" class=\"yoast-schema-graph\">{\"@context\":\"https:\/\/schema.org\",\"@graph\":[{\"@type\":[\"WebPage\",\"MedicalWebPage\"],\"@id\":\"https:\/\/dtifoundation.com\/es\/innovacion-docente\/\",\"url\":\"https:\/\/dtifoundation.com\/es\/innovacion-docente\/\",\"name\":\"Innovaci\u00f3n Docente | DTI Foundation | Donation &amp; Transplantation Institute\",\"isPartOf\":{\"@id\":\"https:\/\/dtifoundation.com\/#website\"},\"primaryImageOfPage\":{\"@id\":\"https:\/\/dtifoundation.com\/es\/innovacion-docente\/#primaryimage\"},\"image\":{\"@id\":\"https:\/\/dtifoundation.com\/es\/innovacion-docente\/#primaryimage\"},\"thumbnailUrl\":\"https:\/\/dtifoundation.com\/wp-content\/uploads\/2023\/05\/empty-amphitheater-2021-09-03-23-03-51-utc.jpg\",\"datePublished\":\"2023-05-08T13:37:17+00:00\",\"dateModified\":\"2023-05-22T11:59:31+00:00\",\"description\":\"Descubre toda la informaci\u00f3n sobre Innovaci\u00f3n Docente en nuestra web. En la Fundaci\u00f3n DTI trabajamos para brindar servicios y formaci\u00f3n en donaci\u00f3n de organos y transplantes en el mundo.\",\"breadcrumb\":{\"@id\":\"https:\/\/dtifoundation.com\/es\/innovacion-docente\/#breadcrumb\"},\"inLanguage\":\"es\",\"potentialAction\":[{\"@type\":\"ReadAction\",\"target\":[\"https:\/\/dtifoundation.com\/es\/innovacion-docente\/\"]}]},{\"@type\":\"ImageObject\",\"inLanguage\":\"es\",\"@id\":\"https:\/\/dtifoundation.com\/es\/innovacion-docente\/#primaryimage\",\"url\":\"https:\/\/dtifoundation.com\/wp-content\/uploads\/2023\/05\/empty-amphitheater-2021-09-03-23-03-51-utc.jpg\",\"contentUrl\":\"https:\/\/dtifoundation.com\/wp-content\/uploads\/2023\/05\/empty-amphitheater-2021-09-03-23-03-51-utc.jpg\",\"width\":2500,\"height\":1666},{\"@type\":\"BreadcrumbList\",\"@id\":\"https:\/\/dtifoundation.com\/es\/innovacion-docente\/#breadcrumb\",\"itemListElement\":[{\"@type\":\"ListItem\",\"position\":1,\"name\":\"Home\",\"item\":\"https:\/\/dtifoundation.com\/es\/\"},{\"@type\":\"ListItem\",\"position\":2,\"name\":\"Innovaci\u00f3n Docente\"}]},{\"@type\":\"WebSite\",\"@id\":\"https:\/\/dtifoundation.com\/#website\",\"url\":\"https:\/\/dtifoundation.com\/\",\"name\":\"TPM - DTI Foundation\",\"description\":\"\",\"potentialAction\":[{\"@type\":\"SearchAction\",\"target\":{\"@type\":\"EntryPoint\",\"urlTemplate\":\"https:\/\/dtifoundation.com\/?s={search_term_string}\"},\"query-input\":{\"@type\":\"PropertyValueSpecification\",\"valueRequired\":true,\"valueName\":\"search_term_string\"}}],\"inLanguage\":\"es\"}]}<\/script>\n<!-- \/ Yoast SEO plugin. -->","yoast_head_json":{"title":"Innovaci\u00f3n Docente | DTI Foundation | Donation &amp; Transplantation Institute","description":"Descubre toda la informaci\u00f3n sobre Innovaci\u00f3n Docente en nuestra web. En la Fundaci\u00f3n DTI trabajamos para brindar servicios y formaci\u00f3n en donaci\u00f3n de organos y transplantes en el mundo.","robots":{"index":"index","follow":"follow","max-snippet":"max-snippet:-1","max-image-preview":"max-image-preview:large","max-video-preview":"max-video-preview:-1"},"canonical":"https:\/\/dtifoundation.com\/es\/innovacion-docente\/","og_locale":"es_ES","og_type":"article","og_title":"Innovaci\u00f3n Docente | DTI Foundation | Donation &amp; Transplantation Institute","og_description":"Descubre toda la informaci\u00f3n sobre Innovaci\u00f3n Docente en nuestra web. En la Fundaci\u00f3n DTI trabajamos para brindar servicios y formaci\u00f3n en donaci\u00f3n de organos y transplantes en el mundo.","og_url":"https:\/\/dtifoundation.com\/es\/innovacion-docente\/","og_site_name":"DTI Foundation | Donation &amp; Transplantation Institute","article_modified_time":"2023-05-22T11:59:31+00:00","og_image":[{"width":2500,"height":1666,"url":"https:\/\/dtifoundation.com\/wp-content\/uploads\/2023\/05\/empty-amphitheater-2021-09-03-23-03-51-utc.jpg","type":"image\/jpeg"}],"twitter_card":"summary_large_image","twitter_misc":{"Tiempo de lectura":"5 minutos"},"schema":{"@context":"https:\/\/schema.org","@graph":[{"@type":["WebPage","MedicalWebPage"],"@id":"https:\/\/dtifoundation.com\/es\/innovacion-docente\/","url":"https:\/\/dtifoundation.com\/es\/innovacion-docente\/","name":"Innovaci\u00f3n Docente | DTI Foundation | Donation &amp; Transplantation Institute","isPartOf":{"@id":"https:\/\/dtifoundation.com\/#website"},"primaryImageOfPage":{"@id":"https:\/\/dtifoundation.com\/es\/innovacion-docente\/#primaryimage"},"image":{"@id":"https:\/\/dtifoundation.com\/es\/innovacion-docente\/#primaryimage"},"thumbnailUrl":"https:\/\/dtifoundation.com\/wp-content\/uploads\/2023\/05\/empty-amphitheater-2021-09-03-23-03-51-utc.jpg","datePublished":"2023-05-08T13:37:17+00:00","dateModified":"2023-05-22T11:59:31+00:00","description":"Descubre toda la informaci\u00f3n sobre Innovaci\u00f3n Docente en nuestra web. En la Fundaci\u00f3n DTI trabajamos para brindar servicios y formaci\u00f3n en donaci\u00f3n de organos y transplantes en el mundo.","breadcrumb":{"@id":"https:\/\/dtifoundation.com\/es\/innovacion-docente\/#breadcrumb"},"inLanguage":"es","potentialAction":[{"@type":"ReadAction","target":["https:\/\/dtifoundation.com\/es\/innovacion-docente\/"]}]},{"@type":"ImageObject","inLanguage":"es","@id":"https:\/\/dtifoundation.com\/es\/innovacion-docente\/#primaryimage","url":"https:\/\/dtifoundation.com\/wp-content\/uploads\/2023\/05\/empty-amphitheater-2021-09-03-23-03-51-utc.jpg","contentUrl":"https:\/\/dtifoundation.com\/wp-content\/uploads\/2023\/05\/empty-amphitheater-2021-09-03-23-03-51-utc.jpg","width":2500,"height":1666},{"@type":"BreadcrumbList","@id":"https:\/\/dtifoundation.com\/es\/innovacion-docente\/#breadcrumb","itemListElement":[{"@type":"ListItem","position":1,"name":"Home","item":"https:\/\/dtifoundation.com\/es\/"},{"@type":"ListItem","position":2,"name":"Innovaci\u00f3n Docente"}]},{"@type":"WebSite","@id":"https:\/\/dtifoundation.com\/#website","url":"https:\/\/dtifoundation.com\/","name":"TPM - DTI Foundation","description":"","potentialAction":[{"@type":"SearchAction","target":{"@type":"EntryPoint","urlTemplate":"https:\/\/dtifoundation.com\/?s={search_term_string}"},"query-input":{"@type":"PropertyValueSpecification","valueRequired":true,"valueName":"search_term_string"}}],"inLanguage":"es"}]}},"_links":{"self":[{"href":"https:\/\/dtifoundation.com\/es\/wp-json\/wp\/v2\/pages\/10306","targetHints":{"allow":["GET"]}}],"collection":[{"href":"https:\/\/dtifoundation.com\/es\/wp-json\/wp\/v2\/pages"}],"about":[{"href":"https:\/\/dtifoundation.com\/es\/wp-json\/wp\/v2\/types\/page"}],"author":[{"embeddable":true,"href":"https:\/\/dtifoundation.com\/es\/wp-json\/wp\/v2\/users\/1"}],"replies":[{"embeddable":true,"href":"https:\/\/dtifoundation.com\/es\/wp-json\/wp\/v2\/comments?post=10306"}],"version-history":[{"count":0,"href":"https:\/\/dtifoundation.com\/es\/wp-json\/wp\/v2\/pages\/10306\/revisions"}],"wp:featuredmedia":[{"embeddable":true,"href":"https:\/\/dtifoundation.com\/es\/wp-json\/wp\/v2\/media\/9803"}],"wp:attachment":[{"href":"https:\/\/dtifoundation.com\/es\/wp-json\/wp\/v2\/media?parent=10306"}],"curies":[{"name":"wp","href":"https:\/\/api.w.org\/{rel}","templated":true}]}}