{"id":10089,"date":"2023-05-08T15:00:51","date_gmt":"2023-05-08T15:00:51","guid":{"rendered":"http:\/\/dti.developallin.com\/seminarios-web-cientificos\/"},"modified":"2025-02-28T11:59:56","modified_gmt":"2025-02-28T11:59:56","slug":"seminarios-web-cientificos","status":"publish","type":"page","link":"https:\/\/dtifoundation.com\/es\/seminarios-web-cientificos\/","title":{"rendered":"Seminarios web cient\u00edficos"},"content":{"rendered":"<div class=\"wpb-content-wrapper\"><p>[vc_row row_height_percent=\u00bb0&#8243; override_padding=\u00bbyes\u00bb h_padding=\u00bb2&#8243; top_padding=\u00bb3&#8243; bottom_padding=\u00bb3&#8243; overlay_alpha=\u00bb50&#8243; gutter_size=\u00bb3&#8243; column_width_percent=\u00bb100&#8243; shift_y=\u00bb0&#8243; z_index=\u00bb0&#8243; desktop_visibility=\u00bbyes\u00bb medium_visibility=\u00bbyes\u00bb mobile_visibility=\u00bbyes\u00bb uncode_shortcode_id=\u00bb159475&#8243;][vc_column width=\u00bb1\/1&#8243;][vc_row_inner][vc_column_inner width=\u00bb1\/3&#8243;][vc_single_image media=\u00bb9815&#8243; media_width_percent=\u00bb100&#8243; alignment=\u00bbcenter\u00bb uncode_shortcode_id=\u00bb150186&#8243;][\/vc_column_inner][vc_column_inner width=\u00bb1\/3&#8243;][vc_single_image media=\u00bb9812&#8243; media_width_percent=\u00bb100&#8243; alignment=\u00bbcenter\u00bb uncode_shortcode_id=\u00bb665634&#8243;][\/vc_column_inner][vc_column_inner width=\u00bb1\/3&#8243;][vc_single_image media=\u00bb9809&#8243; media_width_percent=\u00bb100&#8243; alignment=\u00bbcenter\u00bb uncode_shortcode_id=\u00bb796079&#8243;][\/vc_column_inner][\/vc_row_inner][vc_column_text uncode_shortcode_id=\u00bb135614&#8243;]<\/p>\n<h2>Puedes ver nuestros webinars anteriores:<\/h2>\n<p>[\/vc_column_text][\/vc_column][\/vc_row][vc_row row_height_percent=\u00bb0&#8243; override_padding=\u00bbyes\u00bb h_padding=\u00bb2&#8243; top_padding=\u00bb3&#8243; bottom_padding=\u00bb3&#8243; overlay_alpha=\u00bb50&#8243; gutter_size=\u00bb3&#8243; column_width_percent=\u00bb100&#8243; shift_y=\u00bb0&#8243; z_index=\u00bb0&#8243; uncode_shortcode_id=\u00bb609787&#8243;][vc_column width=\u00bb1\/1&#8243;][vc_row_inner][vc_column_inner width=\u00bb3\/4&#8243;][vc_column_text uncode_shortcode_id=\u00bb110389&#8243;]Desde DTI preparamos una serie de webinars para hablar de temas tan importantes como la detecci\u00f3n de donantes, la donaci\u00f3n, el trasplante multiorg\u00e1nico, el seguimiento de pacientes y la donaci\u00f3n de tejidos.<br \/>\nLos seminarios web que tienen lugar una vez al mes se dividen en cuatro categor\u00edas:<\/p>\n<ul>\n<li>Seminarios web cl\u00ednicos<\/li>\n<li>Seminarios web internacionales<\/li>\n<li>Seminarios web de investigaci\u00f3n<\/li>\n<\/ul>\n<p>Est\u00e1s invitado a unirte a nuestro pr\u00f3ximo seminario web, ya que creemos que puede ser de gran inter\u00e9s para ti.[\/vc_column_text][vc_column_text uncode_shortcode_id=\u00bb173896&#8243;]<\/p>\n<h2>Puedes ver nuestros webinars anteriores:<\/h2>\n<p>[\/vc_column_text][\/vc_column_inner][vc_column_inner width=\u00bb1\/4&#8243;][\/vc_column_inner][\/vc_row_inner][\/vc_column][\/vc_row][vc_row][vc_column width=\u00bb1\/3&#8243;][vc_single_image media=\u00bb15268&#8243; media_width_percent=\u00bb100&#8243; alignment=\u00bbcenter\u00bb uncode_shortcode_id=\u00bb191646&#8243; media_link=\u00bburl:https%3A%2F%2Fvimeo.com%2F1060799030%3Fshare%3Dcopy%23t%3D0&#8243;][vc_custom_heading text_color=\u00bbcolor-red-tpm-dti\u00bb heading_semantic=\u00bbh3&#8243; text_size=\u00bbh3&#8243; sub_reduced=\u00bbyes\u00bb uncode_shortcode_id=\u00bb132725&#8243; text_color_type=\u00bbuncode-palette\u00bb subheading=\u00bbWebinar Internacional (Febrero 2025)\u00bb]<\/p>\n<h4 style=\"text-align: center;\"><a href=\"https:\/\/vimeo.com\/1060799030?share=copy#t=0\">El sistema de donaci\u00f3n y trasplante de \u00f3rganos en Pakist\u00e1n y los desaf\u00edos futuros<\/a><\/h4>\n<p>[\/vc_custom_heading][\/vc_column][vc_column width=\u00bb1\/3&#8243;][vc_single_image media=\u00bb15265&#8243; media_width_percent=\u00bb100&#8243; alignment=\u00bbcenter\u00bb uncode_shortcode_id=\u00bb189035&#8243; media_link=\u00bburl:https%3A%2F%2Fvimeo.com%2F1047447894%3Fshare%3Dcopy%23t%3D0&#8243;][vc_custom_heading text_color=\u00bbcolor-red-tpm-dti\u00bb heading_semantic=\u00bbh3&#8243; text_size=\u00bbh3&#8243; uncode_shortcode_id=\u00bb115231&#8243; text_color_type=\u00bbuncode-palette\u00bb subheading=\u00bbWebinar Cl\u00ednico (Enero 2025)\u00bb]<\/p>\n<h5 style=\"text-align: center;\"><a href=\"https:\/\/vimeo.com\/1047447894?share=copy#t=0\">Trasplante hep\u00e1tico en pacientes con hepatitis asociada al consumo de alcohol<\/a><\/h5>\n<p>[\/vc_custom_heading][\/vc_column][\/vc_row][vc_row][vc_column width=\u00bb1\/3&#8243;][vc_single_image media=\u00bb14471&#8243; media_width_percent=\u00bb100&#8243; alignment=\u00bbcenter\u00bb uncode_shortcode_id=\u00bb387386&#8243; media_link=\u00bburl:https%3A%2F%2Fvimeo.com%2F1040686655%3Fshare%3Dcopy\u00bb][vc_custom_heading text_color=\u00bbcolor-red-tpm-dti\u00bb heading_semantic=\u00bbh3&#8243; text_size=\u00bbh3&#8243; sub_reduced=\u00bbyes\u00bb uncode_shortcode_id=\u00bb950739&#8243; text_color_type=\u00bbuncode-palette\u00bb subheading=\u00bbWebinar Internacional (Diciembre 2024)\u00bb]<\/p>\n<h4 style=\"text-align: center;\"><a href=\"https:\/\/vimeo.com\/1040686655?share=copy\">Perspectiva global de tr\u00e1fico de \u00f3rganos<\/a><\/h4>\n<p>[\/vc_custom_heading][\/vc_column][vc_column width=\u00bb1\/3&#8243;][vc_single_image media=\u00bb14347&#8243; media_width_percent=\u00bb100&#8243; alignment=\u00bbcenter\u00bb uncode_shortcode_id=\u00bb177397&#8243; media_link=\u00bburl:https%3A%2F%2Fvimeo.com%2F1029600372%3Fshare%3Dcopy\u00bb][vc_custom_heading text_color=\u00bbcolor-red-tpm-dti\u00bb heading_semantic=\u00bbh3&#8243; text_size=\u00bbh3&#8243; uncode_shortcode_id=\u00bb121685&#8243; text_color_type=\u00bbuncode-palette\u00bb subheading=\u00bbWebinar Cl\u00ednico (Noviembre 2024)\u00bb]<\/p>\n<h5 style=\"text-align: center;\"><a href=\"https:\/\/vimeo.com\/1029600372?share=copy\">Desaf\u00edos en la donaci\u00f3n de \u00f3rganos de donantes pedi\u00e1tricos fallecidos<\/a><\/h5>\n<p>[\/vc_custom_heading][\/vc_column][vc_column width=\u00bb1\/3&#8243;][vc_single_image media=\u00bb14277&#8243; media_width_percent=\u00bb100&#8243; uncode_shortcode_id=\u00bb203212&#8243; media_link=\u00bburl:https%3A%2F%2Fvimeo.com%2F1023879840&#8243;][vc_custom_heading text_color=\u00bbcolor-red-tpm-dti\u00bb heading_semantic=\u00bbh3&#8243; text_size=\u00bbh3&#8243; uncode_shortcode_id=\u00bb200769&#8243; text_color_type=\u00bbuncode-palette\u00bb subheading=\u00bbWebinar Internacional (Octubre 2024)\u00bb]<\/p>\n<h4 style=\"text-align: center;\"><a href=\"https:\/\/vimeo.com\/1023879840\">Webinar internacional: Nuevas tecnolog\u00edas en la donaci\u00f3n y trasplante de \u00f3rganos &#8211; IA en los dispositivos card\u00edacos<\/a><\/h4>\n<p>[\/vc_custom_heading][\/vc_column][\/vc_row][vc_row][vc_column width=\u00bb1\/1&#8243;][uncode_slider slider_interval=\u00bb5000&#8243; slider_navspeed=\u00bb400&#8243; slider_loop=\u00bbyes\u00bb][vc_row_inner][vc_column_inner width=\u00bb1\/3&#8243;][vc_single_image media=\u00bb13315&#8243; media_width_percent=\u00bb100&#8243; alignment=\u00bbcenter\u00bb uncode_shortcode_id=\u00bb497796&#8243; media_link=\u00bburl:https%3A%2F%2Fvimeo.com%2F925300675%3Fshare%3Dcopy|target:_blank\u00bb][vc_custom_heading text_color=\u00bbcolor-red-tpm-dti\u00bb heading_semantic=\u00bbh3&#8243; text_size=\u00bbh3&#8243; sub_reduced=\u00bbyes\u00bb uncode_shortcode_id=\u00bb133976&#8243; text_color_type=\u00bbuncode-palette\u00bb subheading=\u00bbSeminario web cl\u00ednico (marzo 2024)\u00bb]<a style=\"color: #b53125;\" href=\"https:\/\/vimeo.com\/925300675?share=copy\">Situaci\u00f3n actual y perspectiva futura del uso de donantes marginales de h\u00edgado<\/a>[\/vc_custom_heading][\/vc_column_inner][vc_column_inner width=\u00bb1\/3&#8243;][vc_single_image media=\u00bb12758&#8243; media_width_percent=\u00bb100&#8243; alignment=\u00bbcenter\u00bb uncode_shortcode_id=\u00bb165256&#8243; media_link=\u00bburl:https%3A%2F%2Fvimeo.com%2F896572328%3Fshare%3Dcopy|target:_blank\u00bb][vc_custom_heading text_color=\u00bbcolor-red-tpm-dti\u00bb heading_semantic=\u00bbh3&#8243; text_size=\u00bbh3&#8243; sub_reduced=\u00bbyes\u00bb uncode_shortcode_id=\u00bb106257&#8243; text_color_type=\u00bbuncode-palette\u00bb subheading=\u00bbSeminario web social (diciembre 2023)\u00bb]<a style=\"color: #b53125;\" href=\"https:\/\/vimeo.com\/896572328?share=copy\">Equipos multidisciplinarios de trasplante en un programa basado en el paciente<\/a>[\/vc_custom_heading][\/vc_column_inner][vc_column_inner width=\u00bb1\/3&#8243;][vc_single_image media=\u00bb12552&#8243; media_width_percent=\u00bb100&#8243; alignment=\u00bbcenter\u00bb uncode_shortcode_id=\u00bb103738&#8243; media_link=\u00bburl:https%3A%2F%2Fvimeo.com%2F885111339%3Fshare%3Dcopy|target:_blank\u00bb][vc_custom_heading text_color=\u00bbcolor-red-tpm-dti\u00bb heading_semantic=\u00bbh3&#8243; text_size=\u00bbh3&#8243; sub_reduced=\u00bbyes\u00bb uncode_shortcode_id=\u00bb113873&#8243; text_color_type=\u00bbuncode-palette\u00bb subheading=\u00bbSeminario web internacional (noviembre 2023)\u00bb]<a style=\"color: #b53125;\" href=\"https:\/\/vimeo.com\/885111339?share=copy\">T\u00e9cnicas de acercamiento familiar en diferentes contextos culturales<\/a>[\/vc_custom_heading][\/vc_column_inner][\/vc_row_inner][vc_row_inner][vc_column_inner width=\u00bb1\/3&#8243;][vc_single_image media=\u00bb12106&#8243; media_width_percent=\u00bb100&#8243; alignment=\u00bbcenter\u00bb uncode_shortcode_id=\u00bb664091&#8243; media_link=\u00bburl:https%3A%2F%2Fvimeo.com%2F871094499%3Fshare%3Dcopy|target:_blank\u00bb][vc_custom_heading text_color=\u00bbcolor-red-tpm-dti\u00bb heading_semantic=\u00bbh3&#8243; text_size=\u00bbh3&#8243; sub_reduced=\u00bbyes\u00bb uncode_shortcode_id=\u00bb166195&#8243; text_color_type=\u00bbuncode-palette\u00bb subheading=\u00bbSeminario web cl\u00ednico (octubre 2023)\u00bb]<a style=\"color: #b53125;\" href=\"https:\/\/vimeo.com\/871094499?share=copy\">La donaci\u00f3n de \u00f3rganos como parte del final de la vida: \u00bfse pueden superar las barreras?<\/a>[\/vc_custom_heading][\/vc_column_inner][vc_column_inner width=\u00bb1\/3&#8243;][vc_single_image media=\u00bb11940&#8243; media_width_percent=\u00bb100&#8243; alignment=\u00bbcenter\u00bb uncode_shortcode_id=\u00bb377943&#8243; media_link=\u00bburl:https%3A%2F%2Fvimeo.com%2F865997468%3Fshare%3Dcopy|target:_blank\u00bb][vc_custom_heading text_color=\u00bbcolor-red-tpm-dti\u00bb heading_semantic=\u00bbh3&#8243; text_size=\u00bbh3&#8243; sub_reduced=\u00bbyes\u00bb uncode_shortcode_id=\u00bb154507&#8243; text_color_type=\u00bbuncode-palette\u00bb subheading=\u00bbSeminario web cl\u00ednico (septiembre 2023)\u00bb]<a style=\"color: #b53125;\" href=\"https:\/\/vimeo.com\/865997468?share=copy\">Eutanasia y donaci\u00f3n de \u00f3rganos: situaci\u00f3n actual y retos de futuro<\/a>[\/vc_custom_heading][\/vc_column_inner][vc_column_inner width=\u00bb1\/3&#8243;][vc_single_image media=\u00bb11418&#8243; media_width_percent=\u00bb100&#8243; alignment=\u00bbcenter\u00bb uncode_shortcode_id=\u00bb117664&#8243; media_link=\u00bburl:https%3A%2F%2Fvimeo.com%2F836812284&#8243;][vc_custom_heading heading_semantic=\u00bbh3&#8243; text_size=\u00bbh3&#8243; sub_reduced=\u00bbyes\u00bb uncode_shortcode_id=\u00bb112815&#8243; subheading=\u00bbSeminario web internacional (Junio 2023)\u00bb]<a style=\"color: #b53125;\" href=\"https:\/\/vimeo.com\/836812284\">Tendencias en las pr\u00e1cticas de donaci\u00f3n y trasplante de \u00f3rganos en Arabia Saudita<\/a>[\/vc_custom_heading][\/vc_column_inner][\/vc_row_inner][\/uncode_slider][\/vc_column][\/vc_row]<\/p>\n<\/div>","protected":false},"excerpt":{"rendered":"<p>[vc_row row_height_percent=\u00bb0&#8243; override_padding=\u00bbyes\u00bb h_padding=\u00bb2&#8243; top_padding=\u00bb3&#8243; bottom_padding=\u00bb3&#8243; overlay_alpha=\u00bb50&#8243; gutter_size=\u00bb3&#8243; column_width_percent=\u00bb100&#8243; shift_y=\u00bb0&#8243; z_index=\u00bb0&#8243; desktop_visibility=\u00bbyes\u00bb medium_visibility=\u00bbyes\u00bb mobile_visibility=\u00bbyes\u00bb uncode_shortcode_id=\u00bb159475&#8243;][vc_column width=\u00bb1\/1&#8243;][vc_row_inner][vc_column_inner width=\u00bb1\/3&#8243;][vc_single_image media=\u00bb9815&#8243; media_width_percent=\u00bb100&#8243; alignment=\u00bbcenter\u00bb [&hellip;]<\/p>\n","protected":false},"author":1,"featured_media":11140,"parent":0,"menu_order":0,"comment_status":"closed","ping_status":"closed","template":"","meta":{"_acf_changed":false,"footnotes":""},"class_list":["post-10089","page","type-page","status-publish","has-post-thumbnail","hentry"],"acf":[],"yoast_head":"<!-- This site is optimized with the Yoast SEO plugin v26.9 - https:\/\/yoast.com\/product\/yoast-seo-wordpress\/ -->\n<title>Seminarios web cient\u00edficos | DTI Foundation | Donation &amp; Transplantation Institute<\/title>\n<meta name=\"description\" content=\"Descubre toda la informaci\u00f3n sobre Seminarios web cient\u00edficos en nuestra web. En la Fundaci\u00f3n DTI trabajamos para brindar servicios y formaci\u00f3n en donaci\u00f3n de organos y transplantes en el mundo.\" \/>\n<meta name=\"robots\" content=\"index, follow, max-snippet:-1, max-image-preview:large, max-video-preview:-1\" \/>\n<link rel=\"canonical\" href=\"https:\/\/dtifoundation.com\/es\/seminarios-web-cientificos\/\" \/>\n<meta property=\"og:locale\" content=\"es_ES\" \/>\n<meta property=\"og:type\" content=\"article\" \/>\n<meta property=\"og:title\" content=\"Seminarios web cient\u00edficos | DTI Foundation | Donation &amp; Transplantation Institute\" \/>\n<meta property=\"og:description\" content=\"Descubre toda la informaci\u00f3n sobre Seminarios web cient\u00edficos en nuestra web. En la Fundaci\u00f3n DTI trabajamos para brindar servicios y formaci\u00f3n en donaci\u00f3n de organos y transplantes en el mundo.\" \/>\n<meta property=\"og:url\" content=\"https:\/\/dtifoundation.com\/es\/seminarios-web-cientificos\/\" \/>\n<meta property=\"og:site_name\" content=\"DTI Foundation | Donation &amp; Transplantation Institute\" \/>\n<meta property=\"article:modified_time\" content=\"2025-02-28T11:59:56+00:00\" \/>\n<meta property=\"og:image\" content=\"https:\/\/dtifoundation.com\/wp-content\/uploads\/2023\/05\/scientific-webinar-scaled.jpeg\" \/>\n\t<meta property=\"og:image:width\" content=\"2560\" \/>\n\t<meta property=\"og:image:height\" content=\"1507\" \/>\n\t<meta property=\"og:image:type\" content=\"image\/jpeg\" \/>\n<meta name=\"twitter:card\" content=\"summary_large_image\" \/>\n<meta name=\"twitter:label1\" content=\"Tiempo de lectura\" \/>\n\t<meta name=\"twitter:data1\" content=\"6 minutos\" \/>\n<script type=\"application\/ld+json\" class=\"yoast-schema-graph\">{\"@context\":\"https:\/\/schema.org\",\"@graph\":[{\"@type\":[\"WebPage\",\"MedicalWebPage\"],\"@id\":\"https:\/\/dtifoundation.com\/es\/seminarios-web-cientificos\/\",\"url\":\"https:\/\/dtifoundation.com\/es\/seminarios-web-cientificos\/\",\"name\":\"Seminarios web cient\u00edficos | DTI Foundation | Donation &amp; Transplantation Institute\",\"isPartOf\":{\"@id\":\"https:\/\/dtifoundation.com\/#website\"},\"primaryImageOfPage\":{\"@id\":\"https:\/\/dtifoundation.com\/es\/seminarios-web-cientificos\/#primaryimage\"},\"image\":{\"@id\":\"https:\/\/dtifoundation.com\/es\/seminarios-web-cientificos\/#primaryimage\"},\"thumbnailUrl\":\"https:\/\/dtifoundation.com\/wp-content\/uploads\/2023\/05\/scientific-webinar-scaled.jpeg\",\"datePublished\":\"2023-05-08T15:00:51+00:00\",\"dateModified\":\"2025-02-28T11:59:56+00:00\",\"description\":\"Descubre toda la informaci\u00f3n sobre Seminarios web cient\u00edficos en nuestra web. En la Fundaci\u00f3n DTI trabajamos para brindar servicios y formaci\u00f3n en donaci\u00f3n de organos y transplantes en el mundo.\",\"breadcrumb\":{\"@id\":\"https:\/\/dtifoundation.com\/es\/seminarios-web-cientificos\/#breadcrumb\"},\"inLanguage\":\"es\",\"potentialAction\":[{\"@type\":\"ReadAction\",\"target\":[\"https:\/\/dtifoundation.com\/es\/seminarios-web-cientificos\/\"]}]},{\"@type\":\"ImageObject\",\"inLanguage\":\"es\",\"@id\":\"https:\/\/dtifoundation.com\/es\/seminarios-web-cientificos\/#primaryimage\",\"url\":\"https:\/\/dtifoundation.com\/wp-content\/uploads\/2023\/05\/scientific-webinar-scaled.jpeg\",\"contentUrl\":\"https:\/\/dtifoundation.com\/wp-content\/uploads\/2023\/05\/scientific-webinar-scaled.jpeg\",\"width\":2560,\"height\":1507},{\"@type\":\"BreadcrumbList\",\"@id\":\"https:\/\/dtifoundation.com\/es\/seminarios-web-cientificos\/#breadcrumb\",\"itemListElement\":[{\"@type\":\"ListItem\",\"position\":1,\"name\":\"Home\",\"item\":\"https:\/\/dtifoundation.com\/es\/\"},{\"@type\":\"ListItem\",\"position\":2,\"name\":\"Seminarios web cient\u00edficos\"}]},{\"@type\":\"WebSite\",\"@id\":\"https:\/\/dtifoundation.com\/#website\",\"url\":\"https:\/\/dtifoundation.com\/\",\"name\":\"TPM - DTI Foundation\",\"description\":\"\",\"potentialAction\":[{\"@type\":\"SearchAction\",\"target\":{\"@type\":\"EntryPoint\",\"urlTemplate\":\"https:\/\/dtifoundation.com\/?s={search_term_string}\"},\"query-input\":{\"@type\":\"PropertyValueSpecification\",\"valueRequired\":true,\"valueName\":\"search_term_string\"}}],\"inLanguage\":\"es\"}]}<\/script>\n<!-- \/ Yoast SEO plugin. -->","yoast_head_json":{"title":"Seminarios web cient\u00edficos | DTI Foundation | Donation &amp; Transplantation Institute","description":"Descubre toda la informaci\u00f3n sobre Seminarios web cient\u00edficos en nuestra web. En la Fundaci\u00f3n DTI trabajamos para brindar servicios y formaci\u00f3n en donaci\u00f3n de organos y transplantes en el mundo.","robots":{"index":"index","follow":"follow","max-snippet":"max-snippet:-1","max-image-preview":"max-image-preview:large","max-video-preview":"max-video-preview:-1"},"canonical":"https:\/\/dtifoundation.com\/es\/seminarios-web-cientificos\/","og_locale":"es_ES","og_type":"article","og_title":"Seminarios web cient\u00edficos | DTI Foundation | Donation &amp; Transplantation Institute","og_description":"Descubre toda la informaci\u00f3n sobre Seminarios web cient\u00edficos en nuestra web. En la Fundaci\u00f3n DTI trabajamos para brindar servicios y formaci\u00f3n en donaci\u00f3n de organos y transplantes en el mundo.","og_url":"https:\/\/dtifoundation.com\/es\/seminarios-web-cientificos\/","og_site_name":"DTI Foundation | Donation &amp; Transplantation Institute","article_modified_time":"2025-02-28T11:59:56+00:00","og_image":[{"width":2560,"height":1507,"url":"https:\/\/dtifoundation.com\/wp-content\/uploads\/2023\/05\/scientific-webinar-scaled.jpeg","type":"image\/jpeg"}],"twitter_card":"summary_large_image","twitter_misc":{"Tiempo de lectura":"6 minutos"},"schema":{"@context":"https:\/\/schema.org","@graph":[{"@type":["WebPage","MedicalWebPage"],"@id":"https:\/\/dtifoundation.com\/es\/seminarios-web-cientificos\/","url":"https:\/\/dtifoundation.com\/es\/seminarios-web-cientificos\/","name":"Seminarios web cient\u00edficos | DTI Foundation | Donation &amp; Transplantation Institute","isPartOf":{"@id":"https:\/\/dtifoundation.com\/#website"},"primaryImageOfPage":{"@id":"https:\/\/dtifoundation.com\/es\/seminarios-web-cientificos\/#primaryimage"},"image":{"@id":"https:\/\/dtifoundation.com\/es\/seminarios-web-cientificos\/#primaryimage"},"thumbnailUrl":"https:\/\/dtifoundation.com\/wp-content\/uploads\/2023\/05\/scientific-webinar-scaled.jpeg","datePublished":"2023-05-08T15:00:51+00:00","dateModified":"2025-02-28T11:59:56+00:00","description":"Descubre toda la informaci\u00f3n sobre Seminarios web cient\u00edficos en nuestra web. En la Fundaci\u00f3n DTI trabajamos para brindar servicios y formaci\u00f3n en donaci\u00f3n de organos y transplantes en el mundo.","breadcrumb":{"@id":"https:\/\/dtifoundation.com\/es\/seminarios-web-cientificos\/#breadcrumb"},"inLanguage":"es","potentialAction":[{"@type":"ReadAction","target":["https:\/\/dtifoundation.com\/es\/seminarios-web-cientificos\/"]}]},{"@type":"ImageObject","inLanguage":"es","@id":"https:\/\/dtifoundation.com\/es\/seminarios-web-cientificos\/#primaryimage","url":"https:\/\/dtifoundation.com\/wp-content\/uploads\/2023\/05\/scientific-webinar-scaled.jpeg","contentUrl":"https:\/\/dtifoundation.com\/wp-content\/uploads\/2023\/05\/scientific-webinar-scaled.jpeg","width":2560,"height":1507},{"@type":"BreadcrumbList","@id":"https:\/\/dtifoundation.com\/es\/seminarios-web-cientificos\/#breadcrumb","itemListElement":[{"@type":"ListItem","position":1,"name":"Home","item":"https:\/\/dtifoundation.com\/es\/"},{"@type":"ListItem","position":2,"name":"Seminarios web cient\u00edficos"}]},{"@type":"WebSite","@id":"https:\/\/dtifoundation.com\/#website","url":"https:\/\/dtifoundation.com\/","name":"TPM - DTI Foundation","description":"","potentialAction":[{"@type":"SearchAction","target":{"@type":"EntryPoint","urlTemplate":"https:\/\/dtifoundation.com\/?s={search_term_string}"},"query-input":{"@type":"PropertyValueSpecification","valueRequired":true,"valueName":"search_term_string"}}],"inLanguage":"es"}]}},"_links":{"self":[{"href":"https:\/\/dtifoundation.com\/es\/wp-json\/wp\/v2\/pages\/10089","targetHints":{"allow":["GET"]}}],"collection":[{"href":"https:\/\/dtifoundation.com\/es\/wp-json\/wp\/v2\/pages"}],"about":[{"href":"https:\/\/dtifoundation.com\/es\/wp-json\/wp\/v2\/types\/page"}],"author":[{"embeddable":true,"href":"https:\/\/dtifoundation.com\/es\/wp-json\/wp\/v2\/users\/1"}],"replies":[{"embeddable":true,"href":"https:\/\/dtifoundation.com\/es\/wp-json\/wp\/v2\/comments?post=10089"}],"version-history":[{"count":3,"href":"https:\/\/dtifoundation.com\/es\/wp-json\/wp\/v2\/pages\/10089\/revisions"}],"predecessor-version":[{"id":14470,"href":"https:\/\/dtifoundation.com\/es\/wp-json\/wp\/v2\/pages\/10089\/revisions\/14470"}],"wp:featuredmedia":[{"embeddable":true,"href":"https:\/\/dtifoundation.com\/es\/wp-json\/wp\/v2\/media\/11140"}],"wp:attachment":[{"href":"https:\/\/dtifoundation.com\/es\/wp-json\/wp\/v2\/media?parent=10089"}],"curies":[{"name":"wp","href":"https:\/\/api.w.org\/{rel}","templated":true}]}}