{"id":10085,"date":"2023-03-22T15:47:05","date_gmt":"2023-03-22T15:47:05","guid":{"rendered":"http:\/\/dti.developallin.com\/manual-tpm\/"},"modified":"2025-07-14T10:53:51","modified_gmt":"2025-07-14T10:53:51","slug":"manual-tpm","status":"publish","type":"page","link":"https:\/\/dtifoundation.com\/es\/manual-tpm\/","title":{"rendered":"Manual TPM"},"content":{"rendered":"<div class=\"wpb-content-wrapper\"><p>[vc_row row_height_percent=\u00bb0&#8243; override_padding=\u00bbyes\u00bb h_padding=\u00bb2&#8243; top_padding=\u00bb3&#8243; bottom_padding=\u00bb3&#8243; overlay_alpha=\u00bb50&#8243; gutter_size=\u00bb3&#8243; column_width_percent=\u00bb100&#8243; shift_y=\u00bb0&#8243; z_index=\u00bb0&#8243; uncode_shortcode_id=\u00bb198821&#8243;][vc_column width=\u00bb1\/1&#8243;][vc_row_inner][vc_column_inner width=\u00bb1\/2&#8243;][vc_custom_heading heading_semantic=\u00bbdiv\u00bb text_size=\u00bbh1&#8243; uncode_shortcode_id=\u00bb214944&#8243;]<strong><span style=\"font-size: medium;\">MANUAL TPM<\/span><\/strong>[\/vc_custom_heading][vc_column_text uncode_shortcode_id=\u00bb215073&#8243;]El Manual de Transplant Procurement Management(Manual TPM) es un manual de referencia integral para profesionales en el campo de la donaci\u00f3n y el trasplante de \u00f3rganos para abordar los problemas y desaf\u00edos que enfrenta el proceso de obtenci\u00f3n de \u00f3rganos, desde soluciones pragm\u00e1ticas hasta las nuevas tendencias en este campo.<\/p>\n<p>Se basa en la metodolog\u00eda de formaci\u00f3n de Transplant Procurement Management (TPM) que re\u00fane a expertos internacionales altamente calificados para garantizar el intercambio de mejores pr\u00e1cticas en la comunidad global de profesionales de la salud. La primera edici\u00f3n del Manual TPM se imprimi\u00f3 en 2001, con actualizaciones continuas reflejadas en sucesivas ediciones y versiones e-pub que aseguran que la informaci\u00f3n sea revisada de manera constante.<\/p>\n<p>El Manual TPM incorpora lo \u00faltimo sobre el proceso de donaci\u00f3n y trasplante. Se enfoca en los principales aspectos, deberes y responsabilidades profesionales del Transplant Procurement Manager en la donaci\u00f3n en vida y cadav\u00e9rica (desde la detecci\u00f3n de donantes, evaluaci\u00f3n, diagn\u00f3stico de muerte cerebral, manejo, evaluaci\u00f3n, entrevista familiar, obtenci\u00f3n de \u00f3rganos, intercambio y asignaci\u00f3n), banco de tejidos , estructura organizativa nacional, gesti\u00f3n de unidades, \u00e9tica y legislaci\u00f3n.<\/p>\n<p>La 4.\u00aa edici\u00f3n del Manual TPM se public\u00f3 en 2020. <strong>Este libro es el principal recurso educativo en nuestros cursos.<\/strong>[\/vc_column_text][\/vc_column_inner][vc_column_inner width=\u00bb1\/2&#8243;][vc_single_image media=\u00bb5683&#8243; media_width_percent=\u00bb100&#8243; uncode_shortcode_id=\u00bb136585&#8243;][\/vc_column_inner][\/vc_row_inner][\/vc_column][\/vc_row][vc_row row_height_percent=\u00bb0&#8243; override_padding=\u00bbyes\u00bb h_padding=\u00bb2&#8243; top_padding=\u00bb3&#8243; bottom_padding=\u00bb3&#8243; back_color=\u00bbcolor-lxmt\u00bb overlay_alpha=\u00bb50&#8243; gutter_size=\u00bb3&#8243; column_width_percent=\u00bb100&#8243; shift_y=\u00bb0&#8243; z_index=\u00bb0&#8243; uncode_shortcode_id=\u00bb684971&#8243; back_color_type=\u00bbuncode-palette\u00bb][vc_column column_width_percent=\u00bb100&#8243; align_horizontal=\u00bbalign_center\u00bb gutter_size=\u00bb3&#8243; overlay_alpha=\u00bb50&#8243; shift_x=\u00bb0&#8243; shift_y=\u00bb0&#8243; shift_y_down=\u00bb0&#8243; z_index=\u00bb0&#8243; medium_width=\u00bb0&#8243; mobile_width=\u00bb0&#8243; width=\u00bb1\/1&#8243; uncode_shortcode_id=\u00bb145010&#8243;][vc_custom_heading heading_semantic=\u00bbdiv\u00bb text_weight=\u00bb600&#8243; uncode_shortcode_id=\u00bb188126&#8243;]Descarga una muestra del Manual TPM[\/vc_custom_heading][vc_raw_html]PGlmcmFtZSBmcmFtZWJvcmRlcj0iMCIgc3R5bGU9ImhlaWdodDo4MDBweDt3aWR0aDo5OSU7Ym9yZGVyOm5vbmU7IiBzcmM9J2h0dHBzOi8vZm9ybXMuem9ob3B1YmxpYy5jb20vZHRpZm91bmRhdGlvbi9mb3JtL0RUSUZvdW5kYXRpb25UUE1NYW51YWwvZm9ybXBlcm1hL0ZOUlFDRXh6Q3JwWWxGMENaejZkSngzcDN3UXBKUmdqTW96WnQ4QUVhU00nPjwvaWZyYW1lPg==[\/vc_raw_html][\/vc_column][\/vc_row]<\/p>\n<\/div>","protected":false},"excerpt":{"rendered":"<p>[vc_row row_height_percent=\u00bb0&#8243; override_padding=\u00bbyes\u00bb h_padding=\u00bb2&#8243; top_padding=\u00bb3&#8243; bottom_padding=\u00bb3&#8243; overlay_alpha=\u00bb50&#8243; gutter_size=\u00bb3&#8243; column_width_percent=\u00bb100&#8243; shift_y=\u00bb0&#8243; z_index=\u00bb0&#8243; uncode_shortcode_id=\u00bb198821&#8243;][vc_column width=\u00bb1\/1&#8243;][vc_row_inner][vc_column_inner width=\u00bb1\/2&#8243;][vc_custom_heading heading_semantic=\u00bbdiv\u00bb text_size=\u00bbh1&#8243; uncode_shortcode_id=\u00bb214944&#8243;]MANUAL TPM[\/vc_custom_heading][vc_column_text uncode_shortcode_id=\u00bb215073&#8243;]El Manual [&hellip;]<\/p>\n","protected":false},"author":1,"featured_media":11137,"parent":0,"menu_order":0,"comment_status":"closed","ping_status":"closed","template":"","meta":{"_acf_changed":false,"footnotes":""},"class_list":["post-10085","page","type-page","status-publish","has-post-thumbnail","hentry"],"acf":[],"yoast_head":"<!-- This site is optimized with the Yoast SEO plugin v26.9 - https:\/\/yoast.com\/product\/yoast-seo-wordpress\/ -->\n<title>Manual TPM | DTI Foundation | Donation &amp; Transplantation Institute<\/title>\n<meta name=\"description\" content=\"Descubre toda la informaci\u00f3n sobre Manual TPM en nuestra web. En la Fundaci\u00f3n DTI trabajamos para brindar servicios y formaci\u00f3n en donaci\u00f3n de organos y transplantes en el mundo.\" \/>\n<meta name=\"robots\" content=\"index, follow, max-snippet:-1, max-image-preview:large, max-video-preview:-1\" \/>\n<link rel=\"canonical\" href=\"https:\/\/dtifoundation.com\/es\/manual-tpm\/\" \/>\n<meta property=\"og:locale\" content=\"es_ES\" \/>\n<meta property=\"og:type\" content=\"article\" \/>\n<meta property=\"og:title\" content=\"Manual TPM | DTI Foundation | Donation &amp; Transplantation Institute\" \/>\n<meta property=\"og:description\" content=\"Descubre toda la informaci\u00f3n sobre Manual TPM en nuestra web. En la Fundaci\u00f3n DTI trabajamos para brindar servicios y formaci\u00f3n en donaci\u00f3n de organos y transplantes en el mundo.\" \/>\n<meta property=\"og:url\" content=\"https:\/\/dtifoundation.com\/es\/manual-tpm\/\" \/>\n<meta property=\"og:site_name\" content=\"DTI Foundation | Donation &amp; Transplantation Institute\" \/>\n<meta property=\"article:modified_time\" content=\"2025-07-14T10:53:51+00:00\" \/>\n<meta property=\"og:image\" content=\"https:\/\/dtifoundation.com\/wp-content\/uploads\/2023\/05\/TPM-manual-scaled.jpeg\" \/>\n\t<meta property=\"og:image:width\" content=\"2560\" \/>\n\t<meta property=\"og:image:height\" content=\"1710\" \/>\n\t<meta property=\"og:image:type\" content=\"image\/jpeg\" \/>\n<meta name=\"twitter:card\" content=\"summary_large_image\" \/>\n<meta name=\"twitter:label1\" content=\"Tiempo de lectura\" \/>\n\t<meta name=\"twitter:data1\" content=\"2 minutos\" \/>\n<script type=\"application\/ld+json\" class=\"yoast-schema-graph\">{\"@context\":\"https:\/\/schema.org\",\"@graph\":[{\"@type\":[\"WebPage\",\"MedicalWebPage\"],\"@id\":\"https:\/\/dtifoundation.com\/es\/manual-tpm\/\",\"url\":\"https:\/\/dtifoundation.com\/es\/manual-tpm\/\",\"name\":\"Manual TPM | DTI Foundation | Donation &amp; Transplantation Institute\",\"isPartOf\":{\"@id\":\"https:\/\/dtifoundation.com\/#website\"},\"primaryImageOfPage\":{\"@id\":\"https:\/\/dtifoundation.com\/es\/manual-tpm\/#primaryimage\"},\"image\":{\"@id\":\"https:\/\/dtifoundation.com\/es\/manual-tpm\/#primaryimage\"},\"thumbnailUrl\":\"https:\/\/dtifoundation.com\/wp-content\/uploads\/2023\/05\/TPM-manual-scaled.jpeg\",\"datePublished\":\"2023-03-22T15:47:05+00:00\",\"dateModified\":\"2025-07-14T10:53:51+00:00\",\"description\":\"Descubre toda la informaci\u00f3n sobre Manual TPM en nuestra web. En la Fundaci\u00f3n DTI trabajamos para brindar servicios y formaci\u00f3n en donaci\u00f3n de organos y transplantes en el mundo.\",\"breadcrumb\":{\"@id\":\"https:\/\/dtifoundation.com\/es\/manual-tpm\/#breadcrumb\"},\"inLanguage\":\"es\",\"potentialAction\":[{\"@type\":\"ReadAction\",\"target\":[\"https:\/\/dtifoundation.com\/es\/manual-tpm\/\"]}]},{\"@type\":\"ImageObject\",\"inLanguage\":\"es\",\"@id\":\"https:\/\/dtifoundation.com\/es\/manual-tpm\/#primaryimage\",\"url\":\"https:\/\/dtifoundation.com\/wp-content\/uploads\/2023\/05\/TPM-manual-scaled.jpeg\",\"contentUrl\":\"https:\/\/dtifoundation.com\/wp-content\/uploads\/2023\/05\/TPM-manual-scaled.jpeg\",\"width\":2560,\"height\":1710,\"caption\":\"Instructions, Office Binder on Wooden Desk. On the table colored pencils, pen, notebook paper\"},{\"@type\":\"BreadcrumbList\",\"@id\":\"https:\/\/dtifoundation.com\/es\/manual-tpm\/#breadcrumb\",\"itemListElement\":[{\"@type\":\"ListItem\",\"position\":1,\"name\":\"Home\",\"item\":\"https:\/\/dtifoundation.com\/es\/\"},{\"@type\":\"ListItem\",\"position\":2,\"name\":\"Manual TPM\"}]},{\"@type\":\"WebSite\",\"@id\":\"https:\/\/dtifoundation.com\/#website\",\"url\":\"https:\/\/dtifoundation.com\/\",\"name\":\"TPM - DTI Foundation\",\"description\":\"\",\"potentialAction\":[{\"@type\":\"SearchAction\",\"target\":{\"@type\":\"EntryPoint\",\"urlTemplate\":\"https:\/\/dtifoundation.com\/?s={search_term_string}\"},\"query-input\":{\"@type\":\"PropertyValueSpecification\",\"valueRequired\":true,\"valueName\":\"search_term_string\"}}],\"inLanguage\":\"es\"}]}<\/script>\n<!-- \/ Yoast SEO plugin. -->","yoast_head_json":{"title":"Manual TPM | DTI Foundation | Donation &amp; Transplantation Institute","description":"Descubre toda la informaci\u00f3n sobre Manual TPM en nuestra web. En la Fundaci\u00f3n DTI trabajamos para brindar servicios y formaci\u00f3n en donaci\u00f3n de organos y transplantes en el mundo.","robots":{"index":"index","follow":"follow","max-snippet":"max-snippet:-1","max-image-preview":"max-image-preview:large","max-video-preview":"max-video-preview:-1"},"canonical":"https:\/\/dtifoundation.com\/es\/manual-tpm\/","og_locale":"es_ES","og_type":"article","og_title":"Manual TPM | DTI Foundation | Donation &amp; Transplantation Institute","og_description":"Descubre toda la informaci\u00f3n sobre Manual TPM en nuestra web. En la Fundaci\u00f3n DTI trabajamos para brindar servicios y formaci\u00f3n en donaci\u00f3n de organos y transplantes en el mundo.","og_url":"https:\/\/dtifoundation.com\/es\/manual-tpm\/","og_site_name":"DTI Foundation | Donation &amp; Transplantation Institute","article_modified_time":"2025-07-14T10:53:51+00:00","og_image":[{"width":2560,"height":1710,"url":"https:\/\/dtifoundation.com\/wp-content\/uploads\/2023\/05\/TPM-manual-scaled.jpeg","type":"image\/jpeg"}],"twitter_card":"summary_large_image","twitter_misc":{"Tiempo de lectura":"2 minutos"},"schema":{"@context":"https:\/\/schema.org","@graph":[{"@type":["WebPage","MedicalWebPage"],"@id":"https:\/\/dtifoundation.com\/es\/manual-tpm\/","url":"https:\/\/dtifoundation.com\/es\/manual-tpm\/","name":"Manual TPM | DTI Foundation | Donation &amp; Transplantation Institute","isPartOf":{"@id":"https:\/\/dtifoundation.com\/#website"},"primaryImageOfPage":{"@id":"https:\/\/dtifoundation.com\/es\/manual-tpm\/#primaryimage"},"image":{"@id":"https:\/\/dtifoundation.com\/es\/manual-tpm\/#primaryimage"},"thumbnailUrl":"https:\/\/dtifoundation.com\/wp-content\/uploads\/2023\/05\/TPM-manual-scaled.jpeg","datePublished":"2023-03-22T15:47:05+00:00","dateModified":"2025-07-14T10:53:51+00:00","description":"Descubre toda la informaci\u00f3n sobre Manual TPM en nuestra web. En la Fundaci\u00f3n DTI trabajamos para brindar servicios y formaci\u00f3n en donaci\u00f3n de organos y transplantes en el mundo.","breadcrumb":{"@id":"https:\/\/dtifoundation.com\/es\/manual-tpm\/#breadcrumb"},"inLanguage":"es","potentialAction":[{"@type":"ReadAction","target":["https:\/\/dtifoundation.com\/es\/manual-tpm\/"]}]},{"@type":"ImageObject","inLanguage":"es","@id":"https:\/\/dtifoundation.com\/es\/manual-tpm\/#primaryimage","url":"https:\/\/dtifoundation.com\/wp-content\/uploads\/2023\/05\/TPM-manual-scaled.jpeg","contentUrl":"https:\/\/dtifoundation.com\/wp-content\/uploads\/2023\/05\/TPM-manual-scaled.jpeg","width":2560,"height":1710,"caption":"Instructions, Office Binder on Wooden Desk. On the table colored pencils, pen, notebook paper"},{"@type":"BreadcrumbList","@id":"https:\/\/dtifoundation.com\/es\/manual-tpm\/#breadcrumb","itemListElement":[{"@type":"ListItem","position":1,"name":"Home","item":"https:\/\/dtifoundation.com\/es\/"},{"@type":"ListItem","position":2,"name":"Manual TPM"}]},{"@type":"WebSite","@id":"https:\/\/dtifoundation.com\/#website","url":"https:\/\/dtifoundation.com\/","name":"TPM - DTI Foundation","description":"","potentialAction":[{"@type":"SearchAction","target":{"@type":"EntryPoint","urlTemplate":"https:\/\/dtifoundation.com\/?s={search_term_string}"},"query-input":{"@type":"PropertyValueSpecification","valueRequired":true,"valueName":"search_term_string"}}],"inLanguage":"es"}]}},"_links":{"self":[{"href":"https:\/\/dtifoundation.com\/es\/wp-json\/wp\/v2\/pages\/10085","targetHints":{"allow":["GET"]}}],"collection":[{"href":"https:\/\/dtifoundation.com\/es\/wp-json\/wp\/v2\/pages"}],"about":[{"href":"https:\/\/dtifoundation.com\/es\/wp-json\/wp\/v2\/types\/page"}],"author":[{"embeddable":true,"href":"https:\/\/dtifoundation.com\/es\/wp-json\/wp\/v2\/users\/1"}],"replies":[{"embeddable":true,"href":"https:\/\/dtifoundation.com\/es\/wp-json\/wp\/v2\/comments?post=10085"}],"version-history":[{"count":3,"href":"https:\/\/dtifoundation.com\/es\/wp-json\/wp\/v2\/pages\/10085\/revisions"}],"predecessor-version":[{"id":16442,"href":"https:\/\/dtifoundation.com\/es\/wp-json\/wp\/v2\/pages\/10085\/revisions\/16442"}],"wp:featuredmedia":[{"embeddable":true,"href":"https:\/\/dtifoundation.com\/es\/wp-json\/wp\/v2\/media\/11137"}],"wp:attachment":[{"href":"https:\/\/dtifoundation.com\/es\/wp-json\/wp\/v2\/media?parent=10085"}],"curies":[{"name":"wp","href":"https:\/\/api.w.org\/{rel}","templated":true}]}}