{"id":10074,"date":"2023-05-09T08:01:42","date_gmt":"2023-05-09T08:01:42","guid":{"rendered":"http:\/\/dti.developallin.com\/comunidad-dti\/"},"modified":"2023-08-30T11:03:26","modified_gmt":"2023-08-30T11:03:26","slug":"comunidad-dti","status":"publish","type":"page","link":"https:\/\/dtifoundation.com\/es\/comunidad-dti\/","title":{"rendered":"Comunidad DTI"},"content":{"rendered":"<div class=\"wpb-content-wrapper\"><p>[vc_row row_height_percent=\u00bb0&#8243; override_padding=\u00bbyes\u00bb h_padding=\u00bb2&#8243; top_padding=\u00bb3&#8243; bottom_padding=\u00bb3&#8243; overlay_alpha=\u00bb50&#8243; gutter_size=\u00bb3&#8243; column_width_percent=\u00bb100&#8243; shift_y=\u00bb0&#8243; z_index=\u00bb0&#8243; uncode_shortcode_id=\u00bb103117&#8243;][vc_column width=\u00bb3\/4&#8243;][vc_column_text uncode_shortcode_id=\u00bb114294&#8243;]<strong>\u00a1Bienvenido a la comunidad DTI!<\/strong> Aqu\u00ed invitamos a todos los pacientes, familiares, amigos y a todos a aprender m\u00e1s sobre la donaci\u00f3n y el trasplante de \u00f3rganos.<\/p>\n<p>Adem\u00e1s de las asociaciones de pacientes que puede encontrar en muchos pa\u00edses, en DTI pretendemos crear una comunidad internacional de pacientes que quieran conectarse y hablar abiertamente sobre sus experiencias, temores y logros.<\/p>\n<p>Tanto para los receptores como para los pacientes en lista de espera, construir una s\u00f3lida red de apoyo es crucial, ya que el proceso de trasplante suele ser un viaje largo y dif\u00edcil&#8230; en el que a veces incluso se puede perder la esperanza. Por lo tanto, es importante que los destinatarios y sus seres queridos se conecten con otras personas de todo el mundo con experiencias similares para animarse mutuamente y encontrar fortaleza entre ellos. Queremos asegurarnos de que sea lo m\u00e1s f\u00e1cil y agradable posible para los pacientes conectarse entre s\u00ed, por eso la comunidad DTI es tan importante.<\/p>\n<p>Junto a asociaciones de pacientes y profesionales sanitarios internacionales, queremos ayudar a que cada paciente y su familia dispongan de un espacio abierto donde puedan hacer las preguntas que necesiten. Por lo tanto, organizamos charlas para pacientes todos los meses para que los pacientes se re\u00fanan, intercambien historias de esperanza, consejos, preocupaciones y triunfos, mientras construyen conexiones de por vida con otros en la misma posici\u00f3n.<\/p>\n<p>En nuestras charlas para pacientes, cada reuni\u00f3n cuenta con m\u00e9dicos y profesionales m\u00e9dicos que se especializan en el tema de la reuni\u00f3n. Los temas van desde el miedo al rechazo, las relaciones sexuales despu\u00e9s de un trasplante, deportes, nutrici\u00f3n y muchos m\u00e1s.[\/vc_column_text][vc_column_text uncode_shortcode_id=\u00bb127636&#8243;]Si se pierde una charla con un paciente, \u00a1no se preocupe! Puede acceder a charlas de pacientes anteriores visitando nuestra p\u00e1gina de Vimeo: <strong> <a style=\"color: #b53125;\" href=\"https:\/\/vimeo.com\/dtifoundation\">https:\/\/vimeo.com\/dtifoundation.<\/a><\/strong><\/p>\n<p>Para obtener m\u00e1s informaci\u00f3n sobre nuestra comunidad, visite <a href=\"https:\/\/www.instagram.com\/dticommunity\/\"><strong style=\"color: #b53125;\">@DTICommunity<\/strong><\/a> en Instagram.[\/vc_column_text][\/vc_column][vc_column column_width_percent=\u00bb100&#8243; align_horizontal=\u00bbalign_center\u00bb gutter_size=\u00bb3&#8243; overlay_alpha=\u00bb50&#8243; shift_x=\u00bb0&#8243; shift_y=\u00bb0&#8243; shift_y_down=\u00bb0&#8243; z_index=\u00bb0&#8243; medium_width=\u00bb0&#8243; mobile_width=\u00bb0&#8243; width=\u00bb1\/4&#8243; uncode_shortcode_id=\u00bb207184&#8243;][vc_custom_heading text_color=\u00bbcolor-red-tpm-dti\u00bb heading_semantic=\u00bbdiv\u00bb text_size=\u00bbh1&#8243; text_weight=\u00bb600&#8243; uncode_shortcode_id=\u00bb739978&#8243; text_color_type=\u00bbuncode-palette\u00bb]ESCUCHAMOS[\/vc_custom_heading][vc_empty_space empty_h=\u00bb1&#8243;][vc_custom_heading text_color=\u00bbcolor-red-tpm-dti\u00bb heading_semantic=\u00bbdiv\u00bb text_size=\u00bbh1&#8243; text_weight=\u00bb600&#8243; uncode_shortcode_id=\u00bb288202&#8243; text_color_type=\u00bbuncode-palette\u00bb]AYUDAMOS[\/vc_custom_heading][vc_empty_space empty_h=\u00bb1&#8243;][vc_custom_heading text_color=\u00bbcolor-red-tpm-dti\u00bb heading_semantic=\u00bbdiv\u00bb text_size=\u00bbh1&#8243; text_weight=\u00bb600&#8243; uncode_shortcode_id=\u00bb366718&#8243; text_color_type=\u00bbuncode-palette\u00bb]<span style=\"text-decoration: underline;\">CRECEMOS<\/span>[\/vc_custom_heading][\/vc_column][\/vc_row]<\/p>\n<\/div>","protected":false},"excerpt":{"rendered":"<p>[vc_row row_height_percent=\u00bb0&#8243; override_padding=\u00bbyes\u00bb h_padding=\u00bb2&#8243; top_padding=\u00bb3&#8243; bottom_padding=\u00bb3&#8243; overlay_alpha=\u00bb50&#8243; gutter_size=\u00bb3&#8243; column_width_percent=\u00bb100&#8243; shift_y=\u00bb0&#8243; z_index=\u00bb0&#8243; uncode_shortcode_id=\u00bb103117&#8243;][vc_column width=\u00bb3\/4&#8243;][vc_column_text uncode_shortcode_id=\u00bb114294&#8243;]\u00a1Bienvenido a la comunidad DTI! Aqu\u00ed invitamos [&hellip;]<\/p>\n","protected":false},"author":1,"featured_media":11149,"parent":0,"menu_order":0,"comment_status":"closed","ping_status":"closed","template":"","meta":{"_acf_changed":false,"footnotes":""},"class_list":["post-10074","page","type-page","status-publish","has-post-thumbnail","hentry"],"acf":[],"yoast_head":"<!-- This site is optimized with the Yoast SEO plugin v26.9 - https:\/\/yoast.com\/product\/yoast-seo-wordpress\/ -->\n<title>Comunidad DTI | DTI Foundation | Donation &amp; Transplantation Institute<\/title>\n<meta name=\"description\" content=\"Descubre toda la informaci\u00f3n sobre Comunidad DTI en nuestra web. En la Fundaci\u00f3n DTI trabajamos para brindar servicios y formaci\u00f3n en donaci\u00f3n de organos y transplantes en el mundo.\" \/>\n<meta name=\"robots\" content=\"index, follow, max-snippet:-1, max-image-preview:large, max-video-preview:-1\" \/>\n<link rel=\"canonical\" href=\"https:\/\/dtifoundation.com\/dti-community\/\" \/>\n<meta property=\"og:locale\" content=\"es_ES\" \/>\n<meta property=\"og:type\" content=\"article\" \/>\n<meta property=\"og:title\" content=\"Comunidad DTI | DTI Foundation | Donation &amp; Transplantation Institute\" \/>\n<meta property=\"og:description\" content=\"Descubre toda la informaci\u00f3n sobre Comunidad DTI en nuestra web. En la Fundaci\u00f3n DTI trabajamos para brindar servicios y formaci\u00f3n en donaci\u00f3n de organos y transplantes en el mundo.\" \/>\n<meta property=\"og:url\" content=\"https:\/\/dtifoundation.com\/dti-community\/\" \/>\n<meta property=\"og:site_name\" content=\"DTI Foundation | Donation &amp; Transplantation Institute\" \/>\n<meta property=\"article:modified_time\" content=\"2023-08-30T11:03:26+00:00\" \/>\n<meta property=\"og:image\" content=\"https:\/\/dtifoundation.com\/wp-content\/uploads\/2023\/05\/DTI-Community-scaled.jpeg\" \/>\n\t<meta property=\"og:image:width\" content=\"2560\" \/>\n\t<meta property=\"og:image:height\" content=\"1707\" \/>\n\t<meta property=\"og:image:type\" content=\"image\/jpeg\" \/>\n<meta name=\"twitter:card\" content=\"summary_large_image\" \/>\n<meta name=\"twitter:label1\" content=\"Tiempo de lectura\" \/>\n\t<meta name=\"twitter:data1\" content=\"2 minutos\" \/>\n<script type=\"application\/ld+json\" class=\"yoast-schema-graph\">{\"@context\":\"https:\/\/schema.org\",\"@graph\":[{\"@type\":[\"WebPage\",\"MedicalWebPage\"],\"@id\":\"https:\/\/dtifoundation.com\/dti-community\/\",\"url\":\"https:\/\/dtifoundation.com\/dti-community\/\",\"name\":\"Comunidad DTI | DTI Foundation | Donation &amp; Transplantation Institute\",\"isPartOf\":{\"@id\":\"https:\/\/dtifoundation.com\/#website\"},\"primaryImageOfPage\":{\"@id\":\"https:\/\/dtifoundation.com\/dti-community\/#primaryimage\"},\"image\":{\"@id\":\"https:\/\/dtifoundation.com\/dti-community\/#primaryimage\"},\"thumbnailUrl\":\"https:\/\/dtifoundation.com\/wp-content\/uploads\/2023\/05\/DTI-Community-scaled.jpeg\",\"datePublished\":\"2023-05-09T08:01:42+00:00\",\"dateModified\":\"2023-08-30T11:03:26+00:00\",\"description\":\"Descubre toda la informaci\u00f3n sobre Comunidad DTI en nuestra web. En la Fundaci\u00f3n DTI trabajamos para brindar servicios y formaci\u00f3n en donaci\u00f3n de organos y transplantes en el mundo.\",\"breadcrumb\":{\"@id\":\"https:\/\/dtifoundation.com\/dti-community\/#breadcrumb\"},\"inLanguage\":\"es\",\"potentialAction\":[{\"@type\":\"ReadAction\",\"target\":[\"https:\/\/dtifoundation.com\/dti-community\/\"]}]},{\"@type\":\"ImageObject\",\"inLanguage\":\"es\",\"@id\":\"https:\/\/dtifoundation.com\/dti-community\/#primaryimage\",\"url\":\"https:\/\/dtifoundation.com\/wp-content\/uploads\/2023\/05\/DTI-Community-scaled.jpeg\",\"contentUrl\":\"https:\/\/dtifoundation.com\/wp-content\/uploads\/2023\/05\/DTI-Community-scaled.jpeg\",\"width\":2560,\"height\":1707,\"caption\":\"Group of diverse people stacking hands in the middle\"},{\"@type\":\"BreadcrumbList\",\"@id\":\"https:\/\/dtifoundation.com\/dti-community\/#breadcrumb\",\"itemListElement\":[{\"@type\":\"ListItem\",\"position\":1,\"name\":\"Home\",\"item\":\"https:\/\/dtifoundation.com\/es\/\"},{\"@type\":\"ListItem\",\"position\":2,\"name\":\"Comunidad DTI\"}]},{\"@type\":\"WebSite\",\"@id\":\"https:\/\/dtifoundation.com\/#website\",\"url\":\"https:\/\/dtifoundation.com\/\",\"name\":\"TPM - DTI Foundation\",\"description\":\"\",\"potentialAction\":[{\"@type\":\"SearchAction\",\"target\":{\"@type\":\"EntryPoint\",\"urlTemplate\":\"https:\/\/dtifoundation.com\/?s={search_term_string}\"},\"query-input\":{\"@type\":\"PropertyValueSpecification\",\"valueRequired\":true,\"valueName\":\"search_term_string\"}}],\"inLanguage\":\"es\"}]}<\/script>\n<!-- \/ Yoast SEO plugin. -->","yoast_head_json":{"title":"Comunidad DTI | DTI Foundation | Donation &amp; Transplantation Institute","description":"Descubre toda la informaci\u00f3n sobre Comunidad DTI en nuestra web. En la Fundaci\u00f3n DTI trabajamos para brindar servicios y formaci\u00f3n en donaci\u00f3n de organos y transplantes en el mundo.","robots":{"index":"index","follow":"follow","max-snippet":"max-snippet:-1","max-image-preview":"max-image-preview:large","max-video-preview":"max-video-preview:-1"},"canonical":"https:\/\/dtifoundation.com\/dti-community\/","og_locale":"es_ES","og_type":"article","og_title":"Comunidad DTI | DTI Foundation | Donation &amp; Transplantation Institute","og_description":"Descubre toda la informaci\u00f3n sobre Comunidad DTI en nuestra web. En la Fundaci\u00f3n DTI trabajamos para brindar servicios y formaci\u00f3n en donaci\u00f3n de organos y transplantes en el mundo.","og_url":"https:\/\/dtifoundation.com\/dti-community\/","og_site_name":"DTI Foundation | Donation &amp; Transplantation Institute","article_modified_time":"2023-08-30T11:03:26+00:00","og_image":[{"width":2560,"height":1707,"url":"https:\/\/dtifoundation.com\/wp-content\/uploads\/2023\/05\/DTI-Community-scaled.jpeg","type":"image\/jpeg"}],"twitter_card":"summary_large_image","twitter_misc":{"Tiempo de lectura":"2 minutos"},"schema":{"@context":"https:\/\/schema.org","@graph":[{"@type":["WebPage","MedicalWebPage"],"@id":"https:\/\/dtifoundation.com\/dti-community\/","url":"https:\/\/dtifoundation.com\/dti-community\/","name":"Comunidad DTI | DTI Foundation | Donation &amp; Transplantation Institute","isPartOf":{"@id":"https:\/\/dtifoundation.com\/#website"},"primaryImageOfPage":{"@id":"https:\/\/dtifoundation.com\/dti-community\/#primaryimage"},"image":{"@id":"https:\/\/dtifoundation.com\/dti-community\/#primaryimage"},"thumbnailUrl":"https:\/\/dtifoundation.com\/wp-content\/uploads\/2023\/05\/DTI-Community-scaled.jpeg","datePublished":"2023-05-09T08:01:42+00:00","dateModified":"2023-08-30T11:03:26+00:00","description":"Descubre toda la informaci\u00f3n sobre Comunidad DTI en nuestra web. En la Fundaci\u00f3n DTI trabajamos para brindar servicios y formaci\u00f3n en donaci\u00f3n de organos y transplantes en el mundo.","breadcrumb":{"@id":"https:\/\/dtifoundation.com\/dti-community\/#breadcrumb"},"inLanguage":"es","potentialAction":[{"@type":"ReadAction","target":["https:\/\/dtifoundation.com\/dti-community\/"]}]},{"@type":"ImageObject","inLanguage":"es","@id":"https:\/\/dtifoundation.com\/dti-community\/#primaryimage","url":"https:\/\/dtifoundation.com\/wp-content\/uploads\/2023\/05\/DTI-Community-scaled.jpeg","contentUrl":"https:\/\/dtifoundation.com\/wp-content\/uploads\/2023\/05\/DTI-Community-scaled.jpeg","width":2560,"height":1707,"caption":"Group of diverse people stacking hands in the middle"},{"@type":"BreadcrumbList","@id":"https:\/\/dtifoundation.com\/dti-community\/#breadcrumb","itemListElement":[{"@type":"ListItem","position":1,"name":"Home","item":"https:\/\/dtifoundation.com\/es\/"},{"@type":"ListItem","position":2,"name":"Comunidad DTI"}]},{"@type":"WebSite","@id":"https:\/\/dtifoundation.com\/#website","url":"https:\/\/dtifoundation.com\/","name":"TPM - DTI Foundation","description":"","potentialAction":[{"@type":"SearchAction","target":{"@type":"EntryPoint","urlTemplate":"https:\/\/dtifoundation.com\/?s={search_term_string}"},"query-input":{"@type":"PropertyValueSpecification","valueRequired":true,"valueName":"search_term_string"}}],"inLanguage":"es"}]}},"_links":{"self":[{"href":"https:\/\/dtifoundation.com\/es\/wp-json\/wp\/v2\/pages\/10074","targetHints":{"allow":["GET"]}}],"collection":[{"href":"https:\/\/dtifoundation.com\/es\/wp-json\/wp\/v2\/pages"}],"about":[{"href":"https:\/\/dtifoundation.com\/es\/wp-json\/wp\/v2\/types\/page"}],"author":[{"embeddable":true,"href":"https:\/\/dtifoundation.com\/es\/wp-json\/wp\/v2\/users\/1"}],"replies":[{"embeddable":true,"href":"https:\/\/dtifoundation.com\/es\/wp-json\/wp\/v2\/comments?post=10074"}],"version-history":[{"count":0,"href":"https:\/\/dtifoundation.com\/es\/wp-json\/wp\/v2\/pages\/10074\/revisions"}],"wp:featuredmedia":[{"embeddable":true,"href":"https:\/\/dtifoundation.com\/es\/wp-json\/wp\/v2\/media\/11149"}],"wp:attachment":[{"href":"https:\/\/dtifoundation.com\/es\/wp-json\/wp\/v2\/media?parent=10074"}],"curies":[{"name":"wp","href":"https:\/\/api.w.org\/{rel}","templated":true}]}}