{"id":9593,"date":"2023-05-08T09:11:20","date_gmt":"2023-05-08T09:11:20","guid":{"rendered":"https:\/\/dti.developallin.com\/product\/tenemos-un-corazon-para-ti\/"},"modified":"2023-05-16T10:58:00","modified_gmt":"2023-05-16T10:58:00","slug":"tenemos-un-corazon-para-ti","status":"publish","type":"product","link":"https:\/\/dtifoundation.com\/ca\/producte\/tenemos-un-corazon-para-ti\/","title":{"rendered":"Tenemos un coraz\u00f3n para ti"},"content":{"rendered":"","protected":false},"excerpt":{"rendered":"<p>Hi ha gent que contrau alguna malaltia greu al llarg de la seva vida. Altres persones en pateixen m\u00e9s d&#8217;una. Jo les he patit totes! I \u00e9s que he de ser egoista per naturalesa&#8230; tot per a mi! S\u00f3c irresistiblement atractiva per a les malalties&#8230; He provat gaireb\u00e9 totes les seccions dels hospitals. Tot i aix\u00ed, penso que s\u00f3c afortunada, ho he anat superant. A finals del 2015 tot el meu cos va comen\u00e7ar a fallar progressivament i es van anar esgotant les opcions de sobreviure. En aquest llibre explico com vaig poder optar a un trasplantament de cor, i com des d&#8217;aleshores puc gaudir d&#8217;una nova vida, amb la possibilitat de fer coses a qu\u00e8 havia renunciat.<\/p>\n","protected":false},"featured_media":9971,"template":"","meta":{"_acf_changed":false},"product_brand":[],"product_cat":[37],"product_tag":[],"class_list":{"0":"post-9593","1":"product","2":"type-product","3":"status-publish","4":"has-post-thumbnail","6":"product_cat-productes","8":"first","9":"instock","10":"shipping-taxable","11":"purchasable","12":"product-type-simple"},"acf":[],"yoast_head":"<!-- This site is optimized with the Yoast SEO plugin v26.9 - https:\/\/yoast.com\/product\/yoast-seo-wordpress\/ -->\n<title>Tenemos un coraz\u00f3n para ti | DTI Foundation | Donation &amp; Transplantation Institute<\/title>\n<meta name=\"robots\" content=\"index, follow, max-snippet:-1, max-image-preview:large, max-video-preview:-1\" \/>\n<link rel=\"canonical\" href=\"https:\/\/dtifoundation.com\/ca\/producte\/tenemos-un-corazon-para-ti\/\" \/>\n<meta property=\"og:locale\" content=\"ca_ES\" \/>\n<meta property=\"og:type\" content=\"article\" \/>\n<meta property=\"og:title\" content=\"Tenemos un coraz\u00f3n para ti | DTI Foundation | Donation &amp; Transplantation Institute\" \/>\n<meta property=\"og:description\" content=\"Hi ha gent que contrau alguna malaltia greu al llarg de la seva vida. Altres persones en pateixen m\u00e9s d&#039;una. Jo les he patit totes! I \u00e9s que he de ser egoista per naturalesa... tot per a mi! S\u00f3c irresistiblement atractiva per a les malalties... He provat gaireb\u00e9 totes les seccions dels hospitals. Tot i aix\u00ed, penso que s\u00f3c afortunada, ho he anat superant. A finals del 2015 tot el meu cos va comen\u00e7ar a fallar progressivament i es van anar esgotant les opcions de sobreviure. En aquest llibre explico com vaig poder optar a un trasplantament de cor, i com des d&#039;aleshores puc gaudir d&#039;una nova vida, amb la possibilitat de fer coses a qu\u00e8 havia renunciat.\" \/>\n<meta property=\"og:url\" content=\"https:\/\/dtifoundation.com\/ca\/producte\/tenemos-un-corazon-para-ti\/\" \/>\n<meta property=\"og:site_name\" content=\"DTI Foundation | Donation &amp; Transplantation Institute\" \/>\n<meta property=\"article:modified_time\" content=\"2023-05-16T10:58:00+00:00\" \/>\n<meta property=\"og:image\" content=\"https:\/\/dtifoundation.com\/wp-content\/uploads\/2023\/05\/tenemos-un-corazon-para-ti-marta-gubau-sq-1.jpg\" \/>\n\t<meta property=\"og:image:width\" content=\"500\" \/>\n\t<meta property=\"og:image:height\" content=\"500\" \/>\n\t<meta property=\"og:image:type\" content=\"image\/jpeg\" \/>\n<meta name=\"twitter:card\" content=\"summary_large_image\" \/>\n<script type=\"application\/ld+json\" class=\"yoast-schema-graph\">{\"@context\":\"https:\/\/schema.org\",\"@graph\":[{\"@type\":\"WebPage\",\"@id\":\"https:\/\/dtifoundation.com\/ca\/producte\/tenemos-un-corazon-para-ti\/\",\"url\":\"https:\/\/dtifoundation.com\/ca\/producte\/tenemos-un-corazon-para-ti\/\",\"name\":\"Tenemos un coraz\u00f3n para ti | DTI Foundation | Donation &amp; Transplantation Institute\",\"isPartOf\":{\"@id\":\"https:\/\/dtifoundation.com\/#website\"},\"primaryImageOfPage\":{\"@id\":\"https:\/\/dtifoundation.com\/ca\/producte\/tenemos-un-corazon-para-ti\/#primaryimage\"},\"image\":{\"@id\":\"https:\/\/dtifoundation.com\/ca\/producte\/tenemos-un-corazon-para-ti\/#primaryimage\"},\"thumbnailUrl\":\"https:\/\/dtifoundation.com\/wp-content\/uploads\/2023\/05\/tenemos-un-corazon-para-ti-marta-gubau-sq-1.jpg\",\"datePublished\":\"2023-05-08T09:11:20+00:00\",\"dateModified\":\"2023-05-16T10:58:00+00:00\",\"breadcrumb\":{\"@id\":\"https:\/\/dtifoundation.com\/ca\/producte\/tenemos-un-corazon-para-ti\/#breadcrumb\"},\"inLanguage\":\"ca\",\"potentialAction\":[{\"@type\":\"ReadAction\",\"target\":[\"https:\/\/dtifoundation.com\/ca\/producte\/tenemos-un-corazon-para-ti\/\"]}]},{\"@type\":\"ImageObject\",\"inLanguage\":\"ca\",\"@id\":\"https:\/\/dtifoundation.com\/ca\/producte\/tenemos-un-corazon-para-ti\/#primaryimage\",\"url\":\"https:\/\/dtifoundation.com\/wp-content\/uploads\/2023\/05\/tenemos-un-corazon-para-ti-marta-gubau-sq-1.jpg\",\"contentUrl\":\"https:\/\/dtifoundation.com\/wp-content\/uploads\/2023\/05\/tenemos-un-corazon-para-ti-marta-gubau-sq-1.jpg\",\"width\":500,\"height\":500},{\"@type\":\"BreadcrumbList\",\"@id\":\"https:\/\/dtifoundation.com\/ca\/producte\/tenemos-un-corazon-para-ti\/#breadcrumb\",\"itemListElement\":[{\"@type\":\"ListItem\",\"position\":1,\"name\":\"Home\",\"item\":\"https:\/\/dtifoundation.com\/ca\/\"},{\"@type\":\"ListItem\",\"position\":2,\"name\":\"Donar\",\"item\":\"https:\/\/dtifoundation.com\/ca\/?page_id=5411\"},{\"@type\":\"ListItem\",\"position\":3,\"name\":\"Tenemos un coraz\u00f3n para ti\"}]},{\"@type\":\"WebSite\",\"@id\":\"https:\/\/dtifoundation.com\/#website\",\"url\":\"https:\/\/dtifoundation.com\/\",\"name\":\"TPM - DTI Foundation\",\"description\":\"\",\"potentialAction\":[{\"@type\":\"SearchAction\",\"target\":{\"@type\":\"EntryPoint\",\"urlTemplate\":\"https:\/\/dtifoundation.com\/?s={search_term_string}\"},\"query-input\":{\"@type\":\"PropertyValueSpecification\",\"valueRequired\":true,\"valueName\":\"search_term_string\"}}],\"inLanguage\":\"ca\"}]}<\/script>\n<!-- \/ Yoast SEO plugin. -->","yoast_head_json":{"title":"Tenemos un coraz\u00f3n para ti | DTI Foundation | Donation &amp; Transplantation Institute","robots":{"index":"index","follow":"follow","max-snippet":"max-snippet:-1","max-image-preview":"max-image-preview:large","max-video-preview":"max-video-preview:-1"},"canonical":"https:\/\/dtifoundation.com\/ca\/producte\/tenemos-un-corazon-para-ti\/","og_locale":"ca_ES","og_type":"article","og_title":"Tenemos un coraz\u00f3n para ti | DTI Foundation | Donation &amp; Transplantation Institute","og_description":"Hi ha gent que contrau alguna malaltia greu al llarg de la seva vida. Altres persones en pateixen m\u00e9s d'una. Jo les he patit totes! I \u00e9s que he de ser egoista per naturalesa... tot per a mi! S\u00f3c irresistiblement atractiva per a les malalties... He provat gaireb\u00e9 totes les seccions dels hospitals. Tot i aix\u00ed, penso que s\u00f3c afortunada, ho he anat superant. A finals del 2015 tot el meu cos va comen\u00e7ar a fallar progressivament i es van anar esgotant les opcions de sobreviure. En aquest llibre explico com vaig poder optar a un trasplantament de cor, i com des d'aleshores puc gaudir d'una nova vida, amb la possibilitat de fer coses a qu\u00e8 havia renunciat.","og_url":"https:\/\/dtifoundation.com\/ca\/producte\/tenemos-un-corazon-para-ti\/","og_site_name":"DTI Foundation | Donation &amp; Transplantation Institute","article_modified_time":"2023-05-16T10:58:00+00:00","og_image":[{"width":500,"height":500,"url":"https:\/\/dtifoundation.com\/wp-content\/uploads\/2023\/05\/tenemos-un-corazon-para-ti-marta-gubau-sq-1.jpg","type":"image\/jpeg"}],"twitter_card":"summary_large_image","schema":{"@context":"https:\/\/schema.org","@graph":[{"@type":"WebPage","@id":"https:\/\/dtifoundation.com\/ca\/producte\/tenemos-un-corazon-para-ti\/","url":"https:\/\/dtifoundation.com\/ca\/producte\/tenemos-un-corazon-para-ti\/","name":"Tenemos un coraz\u00f3n para ti | DTI Foundation | Donation &amp; Transplantation Institute","isPartOf":{"@id":"https:\/\/dtifoundation.com\/#website"},"primaryImageOfPage":{"@id":"https:\/\/dtifoundation.com\/ca\/producte\/tenemos-un-corazon-para-ti\/#primaryimage"},"image":{"@id":"https:\/\/dtifoundation.com\/ca\/producte\/tenemos-un-corazon-para-ti\/#primaryimage"},"thumbnailUrl":"https:\/\/dtifoundation.com\/wp-content\/uploads\/2023\/05\/tenemos-un-corazon-para-ti-marta-gubau-sq-1.jpg","datePublished":"2023-05-08T09:11:20+00:00","dateModified":"2023-05-16T10:58:00+00:00","breadcrumb":{"@id":"https:\/\/dtifoundation.com\/ca\/producte\/tenemos-un-corazon-para-ti\/#breadcrumb"},"inLanguage":"ca","potentialAction":[{"@type":"ReadAction","target":["https:\/\/dtifoundation.com\/ca\/producte\/tenemos-un-corazon-para-ti\/"]}]},{"@type":"ImageObject","inLanguage":"ca","@id":"https:\/\/dtifoundation.com\/ca\/producte\/tenemos-un-corazon-para-ti\/#primaryimage","url":"https:\/\/dtifoundation.com\/wp-content\/uploads\/2023\/05\/tenemos-un-corazon-para-ti-marta-gubau-sq-1.jpg","contentUrl":"https:\/\/dtifoundation.com\/wp-content\/uploads\/2023\/05\/tenemos-un-corazon-para-ti-marta-gubau-sq-1.jpg","width":500,"height":500},{"@type":"BreadcrumbList","@id":"https:\/\/dtifoundation.com\/ca\/producte\/tenemos-un-corazon-para-ti\/#breadcrumb","itemListElement":[{"@type":"ListItem","position":1,"name":"Home","item":"https:\/\/dtifoundation.com\/ca\/"},{"@type":"ListItem","position":2,"name":"Donar","item":"https:\/\/dtifoundation.com\/ca\/?page_id=5411"},{"@type":"ListItem","position":3,"name":"Tenemos un coraz\u00f3n para ti"}]},{"@type":"WebSite","@id":"https:\/\/dtifoundation.com\/#website","url":"https:\/\/dtifoundation.com\/","name":"TPM - DTI Foundation","description":"","potentialAction":[{"@type":"SearchAction","target":{"@type":"EntryPoint","urlTemplate":"https:\/\/dtifoundation.com\/?s={search_term_string}"},"query-input":{"@type":"PropertyValueSpecification","valueRequired":true,"valueName":"search_term_string"}}],"inLanguage":"ca"}]}},"_links":{"self":[{"href":"https:\/\/dtifoundation.com\/ca\/wp-json\/wp\/v2\/product\/9593","targetHints":{"allow":["GET"]}}],"collection":[{"href":"https:\/\/dtifoundation.com\/ca\/wp-json\/wp\/v2\/product"}],"about":[{"href":"https:\/\/dtifoundation.com\/ca\/wp-json\/wp\/v2\/types\/product"}],"wp:featuredmedia":[{"embeddable":true,"href":"https:\/\/dtifoundation.com\/ca\/wp-json\/wp\/v2\/media\/9971"}],"wp:attachment":[{"href":"https:\/\/dtifoundation.com\/ca\/wp-json\/wp\/v2\/media?parent=9593"}],"wp:term":[{"taxonomy":"product_brand","embeddable":true,"href":"https:\/\/dtifoundation.com\/ca\/wp-json\/wp\/v2\/product_brand?post=9593"},{"taxonomy":"product_cat","embeddable":true,"href":"https:\/\/dtifoundation.com\/ca\/wp-json\/wp\/v2\/product_cat?post=9593"},{"taxonomy":"product_tag","embeddable":true,"href":"https:\/\/dtifoundation.com\/ca\/wp-json\/wp\/v2\/product_tag?post=9593"}],"curies":[{"name":"wp","href":"https:\/\/api.w.org\/{rel}","templated":true}]}}