{"id":9864,"date":"2023-05-08T15:31:38","date_gmt":"2023-05-08T15:31:38","guid":{"rendered":"http:\/\/dti.developallin.com\/beques-i-patrocinis\/"},"modified":"2026-04-15T08:15:58","modified_gmt":"2026-04-15T08:15:58","slug":"beques-i-patrocinis","status":"publish","type":"page","link":"https:\/\/dtifoundation.com\/ca\/beques-i-patrocinis\/","title":{"rendered":"Beques i patrocinis"},"content":{"rendered":"<div class=\"wpb-content-wrapper\"><p>[vc_row row_height_percent=&#8221;0&#8243; override_padding=&#8221;yes&#8221; h_padding=&#8221;2&#8243; top_padding=&#8221;3&#8243; bottom_padding=&#8221;3&#8243; overlay_alpha=&#8221;50&#8243; gutter_size=&#8221;3&#8243; column_width_percent=&#8221;100&#8243; shift_y=&#8221;0&#8243; z_index=&#8221;0&#8243; uncode_shortcode_id=&#8221;107598&#8243;][vc_column width=&#8221;1\/1&#8243;][vc_column_text uncode_shortcode_id=&#8221;272676&#8243;]<\/p>\n<p style=\"text-align: justify;\">A DTI, \u00e9s important tenir un impacte positiu en la vida dels pacients amb malalties cr\u00f2niques que esperen un trasplantament d&#8217;\u00f2rgans. Per aix\u00f2, pretenem assegurar la formaci\u00f3 i especialitzaci\u00f3 de milers de professionals sanitaris en el camp de la donaci\u00f3 i el trasplantament d&#8217;\u00f2rgans.<\/p>\n<p style=\"text-align: justify;\">En implementar projectes globals dissenyats espec\u00edficament per a les necessitats \u00faniques de cada pa\u00eds, hem format m\u00e9s de 19.000 metges i infermeres a 113 pa\u00efsos, i esperem augmentar aquest nombre en el futur&#8230; per\u00f2 no podem fer-ho sols. Per aquesta ra\u00f3, oferim als donants l&#8217;oportunitat de finan\u00e7ar beques individuals o patrocinar un projecte a un altre pa\u00eds, els quals canviaran la vida de molts!<\/p>\n<p>[\/vc_column_text][vc_custom_heading heading_semantic=&#8221;div&#8221; text_weight=&#8221;600&#8243; uncode_shortcode_id=&#8221;425608&#8243;]Beques:[\/vc_custom_heading][vc_column_text uncode_shortcode_id=&#8221;168317&#8243;]<\/p>\n<p style=\"text-align: justify;\">S&#8217;ha demostrat que un dels temes clau que milloren els programes de donaci\u00f3 i trasplantament a nivell mundial \u00e9s la formaci\u00f3 dels professionals sanitaris. La fundaci\u00f3 DTI ofereix l&#8217;oportunitat de donar per finan\u00e7ar beques utilitzades directament per a la formaci\u00f3 de professionals m\u00e8dics individuals al camp de la donaci\u00f3 i el trasplantament.<\/p>\n<p style=\"text-align: justify;\">En donar per a una beca, finan\u00e7ar\u00e0s directament la formaci\u00f3 d&#8217;un professional de la salut, com ara un intensivista, una infermera, un metge d&#8217;urg\u00e8ncies, un anestesi\u00f2leg, etc. A trav\u00e9s de la formaci\u00f3 de professionals m\u00e8dics en aquest camp, la donaci\u00f3 augmentar\u00e0 la quantitat de trasplantaments realitzats, reduint aix\u00ed el nombre de pacients en llargues llistes d&#8217;espera.<\/p>\n<p>[\/vc_column_text][vc_custom_heading heading_semantic=&#8221;div&#8221; text_weight=&#8221;600&#8243; uncode_shortcode_id=&#8221;132995&#8243;]Patrocinis:[\/vc_custom_heading][vc_column_text uncode_shortcode_id=&#8221;161389&#8243;]<\/p>\n<p style=\"text-align: justify;\">A una escala m\u00e9s \u00e0mplia, DTI ofereix projectes de patrocini destinats a enfortir els sistemes nacionals de salut dins del camp de la donaci\u00f3 i el trasplantament d&#8217;\u00f2rgans a pa\u00efsos en vies de desenvolupament. Aquests patrocinis es dirigeixen a pa\u00efsos com la Xina, el Brasil, Egipte, l&#8217;\u00cdndia, Mong\u00f2lia i molts m\u00e9s.<\/p>\n<p style=\"text-align: justify;\">Et convidem a considerar fer una donaci\u00f3 a un dels nostres projectes de patrocini, cosa que permetr\u00e0 que el personal expert prengui mesures als pa\u00efsos en desenvolupament, creant plans d&#8217;acci\u00f3 personalitzats, capacitant el personal de l&#8217;hospital sobre la consci\u00e8ncia de la donaci\u00f3 i m\u00e9s per finalment augmentar les taxes de donaci\u00f3 en aquests pa\u00efsos.<\/p>\n<p style=\"text-align: justify;\">Agra\u00efm amablement als nostres valuosos donants per la vostra generositat i suport.<\/p>\n<p>[\/vc_column_text][vc_single_image media=&#8221;12228&#8243; media_width_percent=&#8221;60&#8243; alignment=&#8221;center&#8221; uncode_shortcode_id=&#8221;197507&#8243;][\/vc_column][\/vc_row]<\/p>\n<\/div>","protected":false},"excerpt":{"rendered":"<p>[vc_row row_height_percent=&#8221;0&#8243; override_padding=&#8221;yes&#8221; h_padding=&#8221;2&#8243; top_padding=&#8221;3&#8243; bottom_padding=&#8221;3&#8243; overlay_alpha=&#8221;50&#8243; gutter_size=&#8221;3&#8243; column_width_percent=&#8221;100&#8243; shift_y=&#8221;0&#8243; z_index=&#8221;0&#8243; uncode_shortcode_id=&#8221;107598&#8243;][vc_column width=&#8221;1\/1&#8243;][vc_column_text uncode_shortcode_id=&#8221;272676&#8243;] A DTI, \u00e9s important tenir un [&hellip;]<\/p>\n","protected":false},"author":1,"featured_media":9833,"parent":0,"menu_order":0,"comment_status":"closed","ping_status":"closed","template":"","meta":{"_acf_changed":false,"footnotes":""},"class_list":["post-9864","page","type-page","status-publish","has-post-thumbnail","hentry"],"acf":[],"yoast_head":"<!-- This site is optimized with the Yoast SEO plugin v26.9 - https:\/\/yoast.com\/product\/yoast-seo-wordpress\/ -->\n<title>Beques i patrocinis | DTI Foundation | Donation &amp; Transplantation Institute<\/title>\n<meta name=\"description\" content=\"Descobreix tota la informaci\u00f3 sobre Beques i patrocinis a la nostra web. A DTI oferim suport a projectes internacionals orientats a augmentar la donaci\u00f3 d&#039;\u00f2rgans i els trasplantaments arreu del m\u00f3n.\" \/>\n<meta name=\"robots\" content=\"index, follow, max-snippet:-1, max-image-preview:large, max-video-preview:-1\" \/>\n<link rel=\"canonical\" href=\"https:\/\/dtifoundation.com\/ca\/beques-i-patrocinis\/\" \/>\n<meta property=\"og:locale\" content=\"ca_ES\" \/>\n<meta property=\"og:type\" content=\"article\" \/>\n<meta property=\"og:title\" content=\"Beques i patrocinis | DTI Foundation | Donation &amp; Transplantation Institute\" \/>\n<meta property=\"og:description\" content=\"Descobreix tota la informaci\u00f3 sobre Beques i patrocinis a la nostra web. A DTI oferim suport a projectes internacionals orientats a augmentar la donaci\u00f3 d&#039;\u00f2rgans i els trasplantaments arreu del m\u00f3n.\" \/>\n<meta property=\"og:url\" content=\"https:\/\/dtifoundation.com\/ca\/beques-i-patrocinis\/\" \/>\n<meta property=\"og:site_name\" content=\"DTI Foundation | Donation &amp; Transplantation Institute\" \/>\n<meta property=\"article:modified_time\" content=\"2026-04-15T08:15:58+00:00\" \/>\n<meta property=\"og:image\" content=\"https:\/\/dtifoundation.com\/wp-content\/uploads\/2023\/05\/back-view-of-young-caucasian-man-choosing-a-book-2022-01-28-21-19-30-utc.jpg\" \/>\n\t<meta property=\"og:image:width\" content=\"2500\" \/>\n\t<meta property=\"og:image:height\" content=\"1667\" \/>\n\t<meta property=\"og:image:type\" content=\"image\/jpeg\" \/>\n<meta name=\"twitter:card\" content=\"summary_large_image\" \/>\n<meta name=\"twitter:label1\" content=\"Temps estimat de lectura\" \/>\n\t<meta name=\"twitter:data1\" content=\"2 minuts\" \/>\n<script type=\"application\/ld+json\" class=\"yoast-schema-graph\">{\"@context\":\"https:\/\/schema.org\",\"@graph\":[{\"@type\":[\"WebPage\",\"MedicalWebPage\"],\"@id\":\"https:\/\/dtifoundation.com\/ca\/beques-i-patrocinis\/\",\"url\":\"https:\/\/dtifoundation.com\/ca\/beques-i-patrocinis\/\",\"name\":\"Beques i patrocinis | DTI Foundation | Donation &amp; Transplantation Institute\",\"isPartOf\":{\"@id\":\"https:\/\/dtifoundation.com\/#website\"},\"primaryImageOfPage\":{\"@id\":\"https:\/\/dtifoundation.com\/ca\/beques-i-patrocinis\/#primaryimage\"},\"image\":{\"@id\":\"https:\/\/dtifoundation.com\/ca\/beques-i-patrocinis\/#primaryimage\"},\"thumbnailUrl\":\"https:\/\/dtifoundation.com\/wp-content\/uploads\/2023\/05\/back-view-of-young-caucasian-man-choosing-a-book-2022-01-28-21-19-30-utc.jpg\",\"datePublished\":\"2023-05-08T15:31:38+00:00\",\"dateModified\":\"2026-04-15T08:15:58+00:00\",\"description\":\"Descobreix tota la informaci\u00f3 sobre Beques i patrocinis a la nostra web. A DTI oferim suport a projectes internacionals orientats a augmentar la donaci\u00f3 d'\u00f2rgans i els trasplantaments arreu del m\u00f3n.\",\"breadcrumb\":{\"@id\":\"https:\/\/dtifoundation.com\/ca\/beques-i-patrocinis\/#breadcrumb\"},\"inLanguage\":\"ca\",\"potentialAction\":[{\"@type\":\"ReadAction\",\"target\":[\"https:\/\/dtifoundation.com\/ca\/beques-i-patrocinis\/\"]}]},{\"@type\":\"ImageObject\",\"inLanguage\":\"ca\",\"@id\":\"https:\/\/dtifoundation.com\/ca\/beques-i-patrocinis\/#primaryimage\",\"url\":\"https:\/\/dtifoundation.com\/wp-content\/uploads\/2023\/05\/back-view-of-young-caucasian-man-choosing-a-book-2022-01-28-21-19-30-utc.jpg\",\"contentUrl\":\"https:\/\/dtifoundation.com\/wp-content\/uploads\/2023\/05\/back-view-of-young-caucasian-man-choosing-a-book-2022-01-28-21-19-30-utc.jpg\",\"width\":2500,\"height\":1667},{\"@type\":\"BreadcrumbList\",\"@id\":\"https:\/\/dtifoundation.com\/ca\/beques-i-patrocinis\/#breadcrumb\",\"itemListElement\":[{\"@type\":\"ListItem\",\"position\":1,\"name\":\"Home\",\"item\":\"https:\/\/dtifoundation.com\/ca\/\"},{\"@type\":\"ListItem\",\"position\":2,\"name\":\"Beques i patrocinis\"}]},{\"@type\":\"WebSite\",\"@id\":\"https:\/\/dtifoundation.com\/#website\",\"url\":\"https:\/\/dtifoundation.com\/\",\"name\":\"TPM - DTI Foundation\",\"description\":\"\",\"potentialAction\":[{\"@type\":\"SearchAction\",\"target\":{\"@type\":\"EntryPoint\",\"urlTemplate\":\"https:\/\/dtifoundation.com\/?s={search_term_string}\"},\"query-input\":{\"@type\":\"PropertyValueSpecification\",\"valueRequired\":true,\"valueName\":\"search_term_string\"}}],\"inLanguage\":\"ca\"}]}<\/script>\n<!-- \/ Yoast SEO plugin. -->","yoast_head_json":{"title":"Beques i patrocinis | DTI Foundation | Donation &amp; Transplantation Institute","description":"Descobreix tota la informaci\u00f3 sobre Beques i patrocinis a la nostra web. A DTI oferim suport a projectes internacionals orientats a augmentar la donaci\u00f3 d'\u00f2rgans i els trasplantaments arreu del m\u00f3n.","robots":{"index":"index","follow":"follow","max-snippet":"max-snippet:-1","max-image-preview":"max-image-preview:large","max-video-preview":"max-video-preview:-1"},"canonical":"https:\/\/dtifoundation.com\/ca\/beques-i-patrocinis\/","og_locale":"ca_ES","og_type":"article","og_title":"Beques i patrocinis | DTI Foundation | Donation &amp; Transplantation Institute","og_description":"Descobreix tota la informaci\u00f3 sobre Beques i patrocinis a la nostra web. A DTI oferim suport a projectes internacionals orientats a augmentar la donaci\u00f3 d'\u00f2rgans i els trasplantaments arreu del m\u00f3n.","og_url":"https:\/\/dtifoundation.com\/ca\/beques-i-patrocinis\/","og_site_name":"DTI Foundation | Donation &amp; Transplantation Institute","article_modified_time":"2026-04-15T08:15:58+00:00","og_image":[{"width":2500,"height":1667,"url":"https:\/\/dtifoundation.com\/wp-content\/uploads\/2023\/05\/back-view-of-young-caucasian-man-choosing-a-book-2022-01-28-21-19-30-utc.jpg","type":"image\/jpeg"}],"twitter_card":"summary_large_image","twitter_misc":{"Temps estimat de lectura":"2 minuts"},"schema":{"@context":"https:\/\/schema.org","@graph":[{"@type":["WebPage","MedicalWebPage"],"@id":"https:\/\/dtifoundation.com\/ca\/beques-i-patrocinis\/","url":"https:\/\/dtifoundation.com\/ca\/beques-i-patrocinis\/","name":"Beques i patrocinis | DTI Foundation | Donation &amp; Transplantation Institute","isPartOf":{"@id":"https:\/\/dtifoundation.com\/#website"},"primaryImageOfPage":{"@id":"https:\/\/dtifoundation.com\/ca\/beques-i-patrocinis\/#primaryimage"},"image":{"@id":"https:\/\/dtifoundation.com\/ca\/beques-i-patrocinis\/#primaryimage"},"thumbnailUrl":"https:\/\/dtifoundation.com\/wp-content\/uploads\/2023\/05\/back-view-of-young-caucasian-man-choosing-a-book-2022-01-28-21-19-30-utc.jpg","datePublished":"2023-05-08T15:31:38+00:00","dateModified":"2026-04-15T08:15:58+00:00","description":"Descobreix tota la informaci\u00f3 sobre Beques i patrocinis a la nostra web. A DTI oferim suport a projectes internacionals orientats a augmentar la donaci\u00f3 d'\u00f2rgans i els trasplantaments arreu del m\u00f3n.","breadcrumb":{"@id":"https:\/\/dtifoundation.com\/ca\/beques-i-patrocinis\/#breadcrumb"},"inLanguage":"ca","potentialAction":[{"@type":"ReadAction","target":["https:\/\/dtifoundation.com\/ca\/beques-i-patrocinis\/"]}]},{"@type":"ImageObject","inLanguage":"ca","@id":"https:\/\/dtifoundation.com\/ca\/beques-i-patrocinis\/#primaryimage","url":"https:\/\/dtifoundation.com\/wp-content\/uploads\/2023\/05\/back-view-of-young-caucasian-man-choosing-a-book-2022-01-28-21-19-30-utc.jpg","contentUrl":"https:\/\/dtifoundation.com\/wp-content\/uploads\/2023\/05\/back-view-of-young-caucasian-man-choosing-a-book-2022-01-28-21-19-30-utc.jpg","width":2500,"height":1667},{"@type":"BreadcrumbList","@id":"https:\/\/dtifoundation.com\/ca\/beques-i-patrocinis\/#breadcrumb","itemListElement":[{"@type":"ListItem","position":1,"name":"Home","item":"https:\/\/dtifoundation.com\/ca\/"},{"@type":"ListItem","position":2,"name":"Beques i patrocinis"}]},{"@type":"WebSite","@id":"https:\/\/dtifoundation.com\/#website","url":"https:\/\/dtifoundation.com\/","name":"TPM - DTI Foundation","description":"","potentialAction":[{"@type":"SearchAction","target":{"@type":"EntryPoint","urlTemplate":"https:\/\/dtifoundation.com\/?s={search_term_string}"},"query-input":{"@type":"PropertyValueSpecification","valueRequired":true,"valueName":"search_term_string"}}],"inLanguage":"ca"}]}},"_links":{"self":[{"href":"https:\/\/dtifoundation.com\/ca\/wp-json\/wp\/v2\/pages\/9864","targetHints":{"allow":["GET"]}}],"collection":[{"href":"https:\/\/dtifoundation.com\/ca\/wp-json\/wp\/v2\/pages"}],"about":[{"href":"https:\/\/dtifoundation.com\/ca\/wp-json\/wp\/v2\/types\/page"}],"author":[{"embeddable":true,"href":"https:\/\/dtifoundation.com\/ca\/wp-json\/wp\/v2\/users\/1"}],"replies":[{"embeddable":true,"href":"https:\/\/dtifoundation.com\/ca\/wp-json\/wp\/v2\/comments?post=9864"}],"version-history":[{"count":3,"href":"https:\/\/dtifoundation.com\/ca\/wp-json\/wp\/v2\/pages\/9864\/revisions"}],"predecessor-version":[{"id":18157,"href":"https:\/\/dtifoundation.com\/ca\/wp-json\/wp\/v2\/pages\/9864\/revisions\/18157"}],"wp:featuredmedia":[{"embeddable":true,"href":"https:\/\/dtifoundation.com\/ca\/wp-json\/wp\/v2\/media\/9833"}],"wp:attachment":[{"href":"https:\/\/dtifoundation.com\/ca\/wp-json\/wp\/v2\/media?parent=9864"}],"curies":[{"name":"wp","href":"https:\/\/api.w.org\/{rel}","templated":true}]}}