{"id":9861,"date":"2023-05-08T15:49:18","date_gmt":"2023-05-08T15:49:18","guid":{"rendered":"http:\/\/dti.developallin.com\/activitats-benefiques\/"},"modified":"2023-07-27T09:13:48","modified_gmt":"2023-07-27T09:13:48","slug":"activitats-benefiques","status":"publish","type":"page","link":"https:\/\/dtifoundation.com\/ca\/activitats-benefiques\/","title":{"rendered":"Activitats ben\u00e8fiques"},"content":{"rendered":"<div class=\"wpb-content-wrapper\"><p>[vc_row row_height_percent=&#8221;0&#8243; override_padding=&#8221;yes&#8221; h_padding=&#8221;2&#8243; top_padding=&#8221;3&#8243; bottom_padding=&#8221;3&#8243; overlay_alpha=&#8221;50&#8243; gutter_size=&#8221;3&#8243; column_width_percent=&#8221;100&#8243; shift_y=&#8221;0&#8243; z_index=&#8221;0&#8243; uncode_shortcode_id=&#8221;135412&#8243;][vc_column width=&#8221;1\/1&#8243;][vc_custom_heading text_weight=&#8221;600&#8243; uncode_shortcode_id=&#8221;134094&#8243;]El nostre prop\u00f2sit[\/vc_custom_heading][vc_column_text uncode_shortcode_id=&#8221;509650&#8243;]Durant els darrers anys, la Fundaci\u00f3 DTI ha organitzat una s\u00e8rie d&#8217;esdeveniments solidaris oberts al p\u00fablic per conscienciar sobre la donaci\u00f3 i el trasplantament d&#8217;\u00f2rgans aix\u00ed com per recaptar fons. Els fons recaptats van directament a beques per a la formaci\u00f3 de professionals sanitaris de tot el m\u00f3n, com ara intensivistes, infermeres, metges d&#8217;urg\u00e8ncies, anestesi\u00f2legs, etc., en un programa TPM.<\/p>\n<p>Esperem en el futur continuar organitzant molts m\u00e9s esdeveniments solidaris per recaptar fons que facin possibles beques tan importants. Com a fundaci\u00f3, la nostra missi\u00f3 \u00e9s salvar un mili\u00f3 de vides, per\u00f2 no ho podem fer sols. A trav\u00e9s de beques i formant suficients professionals de la salut podem aconseguir-ho.[\/vc_column_text][vc_row_inner][vc_column_inner width=&#8221;1\/2&#8243;][vc_custom_heading text_color=&#8221;color-red-tpm-dti&#8221; heading_semantic=&#8221;div&#8221; text_size=&#8221;h3&#8243; text_weight=&#8221;600&#8243; uncode_shortcode_id=&#8221;954610&#8243; text_color_type=&#8221;uncode-palette&#8221;]Esdeveniments amb fundaci\u00f3 Nen D\u00e9u[\/vc_custom_heading][vc_column_text uncode_shortcode_id=&#8221;140757&#8243;]El 2021 vam tenir el plaer de col\u00b7laborar amb la Fundaci\u00f3 Nen D\u00e9u en un concert solidari al Palau de la M\u00fasica Catalana. Aquest concert va estar protagonitzat per les actuacions de l&#8217;Escolania de Montserrat i l&#8217;Orquestra Simf\u00f2nica del Vall\u00e8s amb solistes a tots dos cors.<\/p>\n<p>Novament el 2022 vam tenir l&#8217;oportunitat de col\u00b7laborar amb la Fundaci\u00f3 Nen D\u00e9u en un altre concert solidari. Aquest any es va organitzar un concert a la Bas\u00edlica de Santa Maria del Mar on van actuar l&#8217;Escolania de Montserrat i l&#8217;Orquestra Simf\u00f2nica Sant Cugat per recaptar fons per a totes dues fundacions.<\/p>\n<p>Amb aquests esdeveniments, la Fundaci\u00f3 Nen D\u00e9u i la Fundaci\u00f3 DTI pretenen organitzar un esdeveniment on els membres de l&#8217;audi\u00e8ncia experimentin i apreci\u00efn la m\u00fasica, alhora que aprenen m\u00e9s i augmenten la seva consci\u00e8ncia sobre les missions de les dues organitzacions. La Fundaci\u00f3 DTI s&#8217;enorgulleix d&#8217;haver-se associat amb la Fundaci\u00f3 Nen D\u00e9u i agraeix la vostra ajuda i suport per a aquests esdeveniments.[\/vc_column_text][\/vc_column_inner][vc_column_inner column_width_percent=&#8221;100&#8243; position_vertical=&#8221;middle&#8221; gutter_size=&#8221;3&#8243; overlay_alpha=&#8221;50&#8243; shift_x=&#8221;0&#8243; shift_y=&#8221;0&#8243; shift_y_down=&#8221;0&#8243; z_index=&#8221;0&#8243; medium_width=&#8221;0&#8243; mobile_width=&#8221;0&#8243; width=&#8221;1\/2&#8243; uncode_shortcode_id=&#8221;211671&#8243;][vc_single_image media=&#8221;11745&#8243; media_width_percent=&#8221;100&#8243; shape=&#8221;img-round&#8221; radius=&#8221;std&#8221; uncode_shortcode_id=&#8221;200273&#8243;][\/vc_column_inner][\/vc_row_inner][vc_row_inner][vc_column_inner column_width_percent=&#8221;100&#8243; position_vertical=&#8221;middle&#8221; gutter_size=&#8221;3&#8243; overlay_alpha=&#8221;50&#8243; shift_x=&#8221;0&#8243; shift_y=&#8221;0&#8243; shift_y_down=&#8221;0&#8243; z_index=&#8221;0&#8243; medium_width=&#8221;0&#8243; mobile_width=&#8221;0&#8243; width=&#8221;1\/2&#8243; uncode_shortcode_id=&#8221;188442&#8243;][vc_single_image media=&#8221;11736&#8243; media_width_percent=&#8221;100&#8243; media_ratio=&#8221;one-one&#8221; shape=&#8221;img-round&#8221; radius=&#8221;std&#8221; uncode_shortcode_id=&#8221;196287&#8243;][\/vc_column_inner][vc_column_inner column_width_percent=&#8221;100&#8243; gutter_size=&#8221;3&#8243; overlay_alpha=&#8221;50&#8243; shift_x=&#8221;0&#8243; shift_y=&#8221;0&#8243; shift_y_down=&#8221;0&#8243; z_index=&#8221;0&#8243; medium_width=&#8221;0&#8243; mobile_width=&#8221;0&#8243; width=&#8221;1\/2&#8243; uncode_shortcode_id=&#8221;445721&#8243;][vc_custom_heading text_color=&#8221;color-red-tpm-dti&#8221; heading_semantic=&#8221;div&#8221; text_size=&#8221;h3&#8243; text_weight=&#8221;600&#8243; uncode_shortcode_id=&#8221;108152&#8243; text_color_type=&#8221;uncode-palette&#8221;]Concert Llum de Gas[\/vc_custom_heading][vc_column_text uncode_shortcode_id=&#8221;138840&#8243;]La Fundaci\u00f3 DTI s&#8217;enorgulleix d&#8217;haver coorganitzat un concert solidari a Luz de Gas a Barcelona, \u200b\u200bjuntament amb tres organitzacions m\u00e9s destacades sense \u00e0nim de lucre. L&#8217;objectiu del concert solidari \u00e9s sensibilitzar la ciutadania sobre els diferents reptes a qu\u00e8 ens enfrontem cada dia com a societat. Fundaci\u00f3 Boscana, Kadiand\u00fa i Recorda&#8217;m Alzheimer s\u00f3n les fundacions amb qu\u00e8 DTI ha tingut l&#8217;honor de treballar per a aquest esdeveniment. Al novembre de 2022, el concert va comptar amb la banda Per Fin Divendres que es va actuar en directe durant l&#8217;esdeveniment.<\/p>\n<p>Amb aquest concert, la Fundaci\u00f3 DTI pretenia informar el p\u00fablic sobre la import\u00e0ncia de la donaci\u00f3 d&#8217;\u00f2rgans. A causa de la generositat tant dels artistes com de l&#8217;audi\u00e8ncia, DTI va poder recaptar fons per a beques futures. La nostra esperan\u00e7a per al futur \u00e9s que aquest concert serveixi com a punt de partida per a una capacitaci\u00f3 m\u00e9s gran dels professionals de la salut en el camp de la donaci\u00f3 i el trasplantament d&#8217;\u00f2rgans.<\/p>\n<p>\u00c9s un honor haver treballat amb artistes com Per Fin Divendres en aquest concert, i els donem les gr\u00e0cies per la seva generositat en fer possible aquest esdeveniment. Difondre la consci\u00e8ncia sobre la nostra missi\u00f3 \u00e9s vital i requereix l&#8217;ajuda i la participaci\u00f3 del p\u00fablic. Per tant, \u00e9s mitjan\u00e7ant esdeveniments com aquest que podem treballar per salvar un mili\u00f3 de vides.[\/vc_column_text][\/vc_column_inner][\/vc_row_inner][\/vc_column][\/vc_row]<\/p>\n<\/div>","protected":false},"excerpt":{"rendered":"<p>[vc_row row_height_percent=&#8221;0&#8243; override_padding=&#8221;yes&#8221; h_padding=&#8221;2&#8243; top_padding=&#8221;3&#8243; bottom_padding=&#8221;3&#8243; overlay_alpha=&#8221;50&#8243; gutter_size=&#8221;3&#8243; column_width_percent=&#8221;100&#8243; shift_y=&#8221;0&#8243; z_index=&#8221;0&#8243; uncode_shortcode_id=&#8221;135412&#8243;][vc_column width=&#8221;1\/1&#8243;][vc_custom_heading text_weight=&#8221;600&#8243; uncode_shortcode_id=&#8221;134094&#8243;]El nostre prop\u00f2sit[\/vc_custom_heading][vc_column_text uncode_shortcode_id=&#8221;509650&#8243;]Durant els darrers [&hellip;]<\/p>\n","protected":false},"author":1,"featured_media":0,"parent":0,"menu_order":0,"comment_status":"closed","ping_status":"closed","template":"","meta":{"_acf_changed":false,"footnotes":""},"class_list":["post-9861","page","type-page","status-publish","hentry"],"acf":[],"yoast_head":"<!-- This site is optimized with the Yoast SEO plugin v26.9 - https:\/\/yoast.com\/product\/yoast-seo-wordpress\/ -->\n<title>Activitats ben\u00e8fiques | DTI Foundation | Donation &amp; Transplantation Institute<\/title>\n<meta name=\"description\" content=\"Descobreix tota la informaci\u00f3 sobre Activitats ben\u00e8fiques a la nostra web. A DTI oferim suport a projectes internacionals orientats a augmentar la donaci\u00f3 d&#039;\u00f2rgans i els trasplantaments arreu del m\u00f3n.\" \/>\n<meta name=\"robots\" content=\"index, follow, max-snippet:-1, max-image-preview:large, max-video-preview:-1\" \/>\n<link rel=\"canonical\" href=\"https:\/\/dtifoundation.com\/fundraising-activities\/\" \/>\n<meta property=\"og:locale\" content=\"ca_ES\" \/>\n<meta property=\"og:type\" content=\"article\" \/>\n<meta property=\"og:title\" content=\"Activitats ben\u00e8fiques | DTI Foundation | Donation &amp; Transplantation Institute\" \/>\n<meta property=\"og:description\" content=\"Descobreix tota la informaci\u00f3 sobre Activitats ben\u00e8fiques a la nostra web. A DTI oferim suport a projectes internacionals orientats a augmentar la donaci\u00f3 d&#039;\u00f2rgans i els trasplantaments arreu del m\u00f3n.\" \/>\n<meta property=\"og:url\" content=\"https:\/\/dtifoundation.com\/fundraising-activities\/\" \/>\n<meta property=\"og:site_name\" content=\"DTI Foundation | Donation &amp; Transplantation Institute\" \/>\n<meta property=\"article:modified_time\" content=\"2023-07-27T09:13:48+00:00\" \/>\n<meta name=\"twitter:card\" content=\"summary_large_image\" \/>\n<meta name=\"twitter:label1\" content=\"Temps estimat de lectura\" \/>\n\t<meta name=\"twitter:data1\" content=\"4 minuts\" \/>\n<script type=\"application\/ld+json\" class=\"yoast-schema-graph\">{\"@context\":\"https:\/\/schema.org\",\"@graph\":[{\"@type\":[\"WebPage\",\"MedicalWebPage\"],\"@id\":\"https:\/\/dtifoundation.com\/fundraising-activities\/\",\"url\":\"https:\/\/dtifoundation.com\/fundraising-activities\/\",\"name\":\"Activitats ben\u00e8fiques | DTI Foundation | Donation &amp; Transplantation Institute\",\"isPartOf\":{\"@id\":\"https:\/\/dtifoundation.com\/#website\"},\"datePublished\":\"2023-05-08T15:49:18+00:00\",\"dateModified\":\"2023-07-27T09:13:48+00:00\",\"description\":\"Descobreix tota la informaci\u00f3 sobre Activitats ben\u00e8fiques a la nostra web. A DTI oferim suport a projectes internacionals orientats a augmentar la donaci\u00f3 d'\u00f2rgans i els trasplantaments arreu del m\u00f3n.\",\"breadcrumb\":{\"@id\":\"https:\/\/dtifoundation.com\/fundraising-activities\/#breadcrumb\"},\"inLanguage\":\"ca\",\"potentialAction\":[{\"@type\":\"ReadAction\",\"target\":[\"https:\/\/dtifoundation.com\/fundraising-activities\/\"]}]},{\"@type\":\"BreadcrumbList\",\"@id\":\"https:\/\/dtifoundation.com\/fundraising-activities\/#breadcrumb\",\"itemListElement\":[{\"@type\":\"ListItem\",\"position\":1,\"name\":\"Home\",\"item\":\"https:\/\/dtifoundation.com\/ca\/\"},{\"@type\":\"ListItem\",\"position\":2,\"name\":\"Activitats ben\u00e8fiques\"}]},{\"@type\":\"WebSite\",\"@id\":\"https:\/\/dtifoundation.com\/#website\",\"url\":\"https:\/\/dtifoundation.com\/\",\"name\":\"TPM - DTI Foundation\",\"description\":\"\",\"potentialAction\":[{\"@type\":\"SearchAction\",\"target\":{\"@type\":\"EntryPoint\",\"urlTemplate\":\"https:\/\/dtifoundation.com\/?s={search_term_string}\"},\"query-input\":{\"@type\":\"PropertyValueSpecification\",\"valueRequired\":true,\"valueName\":\"search_term_string\"}}],\"inLanguage\":\"ca\"}]}<\/script>\n<!-- \/ Yoast SEO plugin. -->","yoast_head_json":{"title":"Activitats ben\u00e8fiques | DTI Foundation | Donation &amp; Transplantation Institute","description":"Descobreix tota la informaci\u00f3 sobre Activitats ben\u00e8fiques a la nostra web. A DTI oferim suport a projectes internacionals orientats a augmentar la donaci\u00f3 d'\u00f2rgans i els trasplantaments arreu del m\u00f3n.","robots":{"index":"index","follow":"follow","max-snippet":"max-snippet:-1","max-image-preview":"max-image-preview:large","max-video-preview":"max-video-preview:-1"},"canonical":"https:\/\/dtifoundation.com\/fundraising-activities\/","og_locale":"ca_ES","og_type":"article","og_title":"Activitats ben\u00e8fiques | DTI Foundation | Donation &amp; Transplantation Institute","og_description":"Descobreix tota la informaci\u00f3 sobre Activitats ben\u00e8fiques a la nostra web. A DTI oferim suport a projectes internacionals orientats a augmentar la donaci\u00f3 d'\u00f2rgans i els trasplantaments arreu del m\u00f3n.","og_url":"https:\/\/dtifoundation.com\/fundraising-activities\/","og_site_name":"DTI Foundation | Donation &amp; Transplantation Institute","article_modified_time":"2023-07-27T09:13:48+00:00","twitter_card":"summary_large_image","twitter_misc":{"Temps estimat de lectura":"4 minuts"},"schema":{"@context":"https:\/\/schema.org","@graph":[{"@type":["WebPage","MedicalWebPage"],"@id":"https:\/\/dtifoundation.com\/fundraising-activities\/","url":"https:\/\/dtifoundation.com\/fundraising-activities\/","name":"Activitats ben\u00e8fiques | DTI Foundation | Donation &amp; Transplantation Institute","isPartOf":{"@id":"https:\/\/dtifoundation.com\/#website"},"datePublished":"2023-05-08T15:49:18+00:00","dateModified":"2023-07-27T09:13:48+00:00","description":"Descobreix tota la informaci\u00f3 sobre Activitats ben\u00e8fiques a la nostra web. A DTI oferim suport a projectes internacionals orientats a augmentar la donaci\u00f3 d'\u00f2rgans i els trasplantaments arreu del m\u00f3n.","breadcrumb":{"@id":"https:\/\/dtifoundation.com\/fundraising-activities\/#breadcrumb"},"inLanguage":"ca","potentialAction":[{"@type":"ReadAction","target":["https:\/\/dtifoundation.com\/fundraising-activities\/"]}]},{"@type":"BreadcrumbList","@id":"https:\/\/dtifoundation.com\/fundraising-activities\/#breadcrumb","itemListElement":[{"@type":"ListItem","position":1,"name":"Home","item":"https:\/\/dtifoundation.com\/ca\/"},{"@type":"ListItem","position":2,"name":"Activitats ben\u00e8fiques"}]},{"@type":"WebSite","@id":"https:\/\/dtifoundation.com\/#website","url":"https:\/\/dtifoundation.com\/","name":"TPM - DTI Foundation","description":"","potentialAction":[{"@type":"SearchAction","target":{"@type":"EntryPoint","urlTemplate":"https:\/\/dtifoundation.com\/?s={search_term_string}"},"query-input":{"@type":"PropertyValueSpecification","valueRequired":true,"valueName":"search_term_string"}}],"inLanguage":"ca"}]}},"_links":{"self":[{"href":"https:\/\/dtifoundation.com\/ca\/wp-json\/wp\/v2\/pages\/9861","targetHints":{"allow":["GET"]}}],"collection":[{"href":"https:\/\/dtifoundation.com\/ca\/wp-json\/wp\/v2\/pages"}],"about":[{"href":"https:\/\/dtifoundation.com\/ca\/wp-json\/wp\/v2\/types\/page"}],"author":[{"embeddable":true,"href":"https:\/\/dtifoundation.com\/ca\/wp-json\/wp\/v2\/users\/1"}],"replies":[{"embeddable":true,"href":"https:\/\/dtifoundation.com\/ca\/wp-json\/wp\/v2\/comments?post=9861"}],"version-history":[{"count":0,"href":"https:\/\/dtifoundation.com\/ca\/wp-json\/wp\/v2\/pages\/9861\/revisions"}],"wp:attachment":[{"href":"https:\/\/dtifoundation.com\/ca\/wp-json\/wp\/v2\/media?parent=9861"}],"curies":[{"name":"wp","href":"https:\/\/api.w.org\/{rel}","templated":true}]}}