{"id":9781,"date":"2023-05-08T10:24:34","date_gmt":"2023-05-08T10:24:34","guid":{"rendered":"https:\/\/dti.developallin.com\/projectes-europeus\/"},"modified":"2023-05-25T16:23:55","modified_gmt":"2023-05-25T16:23:55","slug":"projectes-europeus","status":"publish","type":"page","link":"https:\/\/dtifoundation.com\/ca\/projectes-europeus\/","title":{"rendered":"Projectes Europeus"},"content":{"rendered":"<div class=\"wpb-content-wrapper\"><p>[vc_row row_height_percent=&#8221;0&#8243; override_padding=&#8221;yes&#8221; h_padding=&#8221;2&#8243; top_padding=&#8221;3&#8243; bottom_padding=&#8221;3&#8243; overlay_alpha=&#8221;50&#8243; gutter_size=&#8221;3&#8243; column_width_percent=&#8221;100&#8243; shift_y=&#8221;0&#8243; z_index=&#8221;0&#8243; uncode_shortcode_id=&#8221;479102&#8243;][vc_column width=&#8221;1\/1&#8243;][vc_column_text uncode_shortcode_id=&#8221;475387&#8243;]\u00a0 \u00a0 \u00a0 \u00a0 \u00a0 [\/vc_column_text][uncode_index el_id=&#8221;index-835983&#8243; loop=&#8221;size:9|order_by:date|order:ASC|post_type:projects|taxonomy_count:10&#8243; screen_lg=&#8221;1000&#8243; screen_md=&#8221;600&#8243; screen_sm=&#8221;480&#8243; gutter_size=&#8221;3&#8243; inner_padding=&#8221;yes&#8221; projects_items=&#8221;media|featured|onpost|original,title,text|full|150&#8243; single_text=&#8221;lateral&#8221; single_width=&#8221;12&#8243; images_size=&#8221;one-one&#8221; single_image_size=&#8221;2&#8243; single_overlay_opacity=&#8221;1&#8243; single_padding=&#8221;2&#8243; uncode_shortcode_id=&#8221;418607&#8243; el_class=&#8221;custom-european-project&#8221;][\/vc_column][\/vc_row]<\/p>\n<\/div>","protected":false},"excerpt":{"rendered":"<p>[vc_row row_height_percent=&#8221;0&#8243; override_padding=&#8221;yes&#8221; h_padding=&#8221;2&#8243; top_padding=&#8221;3&#8243; bottom_padding=&#8221;3&#8243; overlay_alpha=&#8221;50&#8243; gutter_size=&#8221;3&#8243; column_width_percent=&#8221;100&#8243; shift_y=&#8221;0&#8243; z_index=&#8221;0&#8243; uncode_shortcode_id=&#8221;479102&#8243;][vc_column width=&#8221;1\/1&#8243;][vc_column_text uncode_shortcode_id=&#8221;475387&#8243;]\u00a0 \u00a0 \u00a0 \u00a0 \u00a0 [\/vc_column_text][uncode_index el_id=&#8221;index-835983&#8243; [&hellip;]<\/p>\n","protected":false},"author":1,"featured_media":11133,"parent":0,"menu_order":0,"comment_status":"closed","ping_status":"closed","template":"","meta":{"_acf_changed":false,"footnotes":""},"class_list":["post-9781","page","type-page","status-publish","has-post-thumbnail","hentry"],"acf":[],"yoast_head":"<!-- This site is optimized with the Yoast SEO plugin v26.9 - https:\/\/yoast.com\/product\/yoast-seo-wordpress\/ -->\n<title>Projectes Europeus | DTI Foundation | Donation &amp; Transplantation Institute<\/title>\n<meta name=\"description\" content=\"Descobreix tota la informaci\u00f3 sobre Projectes Europeus a la nostra web. A DTI oferim suport a projectes internacionals orientats a augmentar la donaci\u00f3 d&#039;\u00f2rgans i els trasplantaments arreu del m\u00f3n.\" \/>\n<meta name=\"robots\" content=\"index, follow, max-snippet:-1, max-image-preview:large, max-video-preview:-1\" \/>\n<link rel=\"canonical\" href=\"https:\/\/dtifoundation.com\/ca\/projectes-europeus\/\" \/>\n<meta property=\"og:locale\" content=\"ca_ES\" \/>\n<meta property=\"og:type\" content=\"article\" \/>\n<meta property=\"og:title\" content=\"Projectes Europeus | DTI Foundation | Donation &amp; Transplantation Institute\" \/>\n<meta property=\"og:description\" content=\"Descobreix tota la informaci\u00f3 sobre Projectes Europeus a la nostra web. A DTI oferim suport a projectes internacionals orientats a augmentar la donaci\u00f3 d&#039;\u00f2rgans i els trasplantaments arreu del m\u00f3n.\" \/>\n<meta property=\"og:url\" content=\"https:\/\/dtifoundation.com\/ca\/projectes-europeus\/\" \/>\n<meta property=\"og:site_name\" content=\"DTI Foundation | Donation &amp; Transplantation Institute\" \/>\n<meta property=\"article:modified_time\" content=\"2023-05-25T16:23:55+00:00\" \/>\n<meta property=\"og:image\" content=\"https:\/\/dtifoundation.com\/wp-content\/uploads\/2023\/05\/European-projects-scaled.jpeg\" \/>\n\t<meta property=\"og:image:width\" content=\"2560\" \/>\n\t<meta property=\"og:image:height\" content=\"1611\" \/>\n\t<meta property=\"og:image:type\" content=\"image\/jpeg\" \/>\n<meta name=\"twitter:card\" content=\"summary_large_image\" \/>\n<meta name=\"twitter:label1\" content=\"Temps estimat de lectura\" \/>\n\t<meta name=\"twitter:data1\" content=\"1 minut\" \/>\n<script type=\"application\/ld+json\" class=\"yoast-schema-graph\">{\"@context\":\"https:\/\/schema.org\",\"@graph\":[{\"@type\":[\"WebPage\",\"MedicalWebPage\"],\"@id\":\"https:\/\/dtifoundation.com\/ca\/projectes-europeus\/\",\"url\":\"https:\/\/dtifoundation.com\/ca\/projectes-europeus\/\",\"name\":\"Projectes Europeus | DTI Foundation | Donation &amp; Transplantation Institute\",\"isPartOf\":{\"@id\":\"https:\/\/dtifoundation.com\/#website\"},\"primaryImageOfPage\":{\"@id\":\"https:\/\/dtifoundation.com\/ca\/projectes-europeus\/#primaryimage\"},\"image\":{\"@id\":\"https:\/\/dtifoundation.com\/ca\/projectes-europeus\/#primaryimage\"},\"thumbnailUrl\":\"https:\/\/dtifoundation.com\/wp-content\/uploads\/2023\/05\/European-projects-scaled.jpeg\",\"datePublished\":\"2023-05-08T10:24:34+00:00\",\"dateModified\":\"2023-05-25T16:23:55+00:00\",\"description\":\"Descobreix tota la informaci\u00f3 sobre Projectes Europeus a la nostra web. A DTI oferim suport a projectes internacionals orientats a augmentar la donaci\u00f3 d'\u00f2rgans i els trasplantaments arreu del m\u00f3n.\",\"breadcrumb\":{\"@id\":\"https:\/\/dtifoundation.com\/ca\/projectes-europeus\/#breadcrumb\"},\"inLanguage\":\"ca\",\"potentialAction\":[{\"@type\":\"ReadAction\",\"target\":[\"https:\/\/dtifoundation.com\/ca\/projectes-europeus\/\"]}]},{\"@type\":\"ImageObject\",\"inLanguage\":\"ca\",\"@id\":\"https:\/\/dtifoundation.com\/ca\/projectes-europeus\/#primaryimage\",\"url\":\"https:\/\/dtifoundation.com\/wp-content\/uploads\/2023\/05\/European-projects-scaled.jpeg\",\"contentUrl\":\"https:\/\/dtifoundation.com\/wp-content\/uploads\/2023\/05\/European-projects-scaled.jpeg\",\"width\":2560,\"height\":1611,\"caption\":\"Handwriting text Conduct. Conceptual photo manner in which an organization or activity is managed or directed\"},{\"@type\":\"BreadcrumbList\",\"@id\":\"https:\/\/dtifoundation.com\/ca\/projectes-europeus\/#breadcrumb\",\"itemListElement\":[{\"@type\":\"ListItem\",\"position\":1,\"name\":\"Home\",\"item\":\"https:\/\/dtifoundation.com\/ca\/\"},{\"@type\":\"ListItem\",\"position\":2,\"name\":\"Projectes Europeus\"}]},{\"@type\":\"WebSite\",\"@id\":\"https:\/\/dtifoundation.com\/#website\",\"url\":\"https:\/\/dtifoundation.com\/\",\"name\":\"TPM - DTI Foundation\",\"description\":\"\",\"potentialAction\":[{\"@type\":\"SearchAction\",\"target\":{\"@type\":\"EntryPoint\",\"urlTemplate\":\"https:\/\/dtifoundation.com\/?s={search_term_string}\"},\"query-input\":{\"@type\":\"PropertyValueSpecification\",\"valueRequired\":true,\"valueName\":\"search_term_string\"}}],\"inLanguage\":\"ca\"}]}<\/script>\n<!-- \/ Yoast SEO plugin. -->","yoast_head_json":{"title":"Projectes Europeus | DTI Foundation | Donation &amp; Transplantation Institute","description":"Descobreix tota la informaci\u00f3 sobre Projectes Europeus a la nostra web. A DTI oferim suport a projectes internacionals orientats a augmentar la donaci\u00f3 d'\u00f2rgans i els trasplantaments arreu del m\u00f3n.","robots":{"index":"index","follow":"follow","max-snippet":"max-snippet:-1","max-image-preview":"max-image-preview:large","max-video-preview":"max-video-preview:-1"},"canonical":"https:\/\/dtifoundation.com\/ca\/projectes-europeus\/","og_locale":"ca_ES","og_type":"article","og_title":"Projectes Europeus | DTI Foundation | Donation &amp; Transplantation Institute","og_description":"Descobreix tota la informaci\u00f3 sobre Projectes Europeus a la nostra web. A DTI oferim suport a projectes internacionals orientats a augmentar la donaci\u00f3 d'\u00f2rgans i els trasplantaments arreu del m\u00f3n.","og_url":"https:\/\/dtifoundation.com\/ca\/projectes-europeus\/","og_site_name":"DTI Foundation | Donation &amp; Transplantation Institute","article_modified_time":"2023-05-25T16:23:55+00:00","og_image":[{"width":2560,"height":1611,"url":"https:\/\/dtifoundation.com\/wp-content\/uploads\/2023\/05\/European-projects-scaled.jpeg","type":"image\/jpeg"}],"twitter_card":"summary_large_image","twitter_misc":{"Temps estimat de lectura":"1 minut"},"schema":{"@context":"https:\/\/schema.org","@graph":[{"@type":["WebPage","MedicalWebPage"],"@id":"https:\/\/dtifoundation.com\/ca\/projectes-europeus\/","url":"https:\/\/dtifoundation.com\/ca\/projectes-europeus\/","name":"Projectes Europeus | DTI Foundation | Donation &amp; Transplantation Institute","isPartOf":{"@id":"https:\/\/dtifoundation.com\/#website"},"primaryImageOfPage":{"@id":"https:\/\/dtifoundation.com\/ca\/projectes-europeus\/#primaryimage"},"image":{"@id":"https:\/\/dtifoundation.com\/ca\/projectes-europeus\/#primaryimage"},"thumbnailUrl":"https:\/\/dtifoundation.com\/wp-content\/uploads\/2023\/05\/European-projects-scaled.jpeg","datePublished":"2023-05-08T10:24:34+00:00","dateModified":"2023-05-25T16:23:55+00:00","description":"Descobreix tota la informaci\u00f3 sobre Projectes Europeus a la nostra web. A DTI oferim suport a projectes internacionals orientats a augmentar la donaci\u00f3 d'\u00f2rgans i els trasplantaments arreu del m\u00f3n.","breadcrumb":{"@id":"https:\/\/dtifoundation.com\/ca\/projectes-europeus\/#breadcrumb"},"inLanguage":"ca","potentialAction":[{"@type":"ReadAction","target":["https:\/\/dtifoundation.com\/ca\/projectes-europeus\/"]}]},{"@type":"ImageObject","inLanguage":"ca","@id":"https:\/\/dtifoundation.com\/ca\/projectes-europeus\/#primaryimage","url":"https:\/\/dtifoundation.com\/wp-content\/uploads\/2023\/05\/European-projects-scaled.jpeg","contentUrl":"https:\/\/dtifoundation.com\/wp-content\/uploads\/2023\/05\/European-projects-scaled.jpeg","width":2560,"height":1611,"caption":"Handwriting text Conduct. Conceptual photo manner in which an organization or activity is managed or directed"},{"@type":"BreadcrumbList","@id":"https:\/\/dtifoundation.com\/ca\/projectes-europeus\/#breadcrumb","itemListElement":[{"@type":"ListItem","position":1,"name":"Home","item":"https:\/\/dtifoundation.com\/ca\/"},{"@type":"ListItem","position":2,"name":"Projectes Europeus"}]},{"@type":"WebSite","@id":"https:\/\/dtifoundation.com\/#website","url":"https:\/\/dtifoundation.com\/","name":"TPM - DTI Foundation","description":"","potentialAction":[{"@type":"SearchAction","target":{"@type":"EntryPoint","urlTemplate":"https:\/\/dtifoundation.com\/?s={search_term_string}"},"query-input":{"@type":"PropertyValueSpecification","valueRequired":true,"valueName":"search_term_string"}}],"inLanguage":"ca"}]}},"_links":{"self":[{"href":"https:\/\/dtifoundation.com\/ca\/wp-json\/wp\/v2\/pages\/9781","targetHints":{"allow":["GET"]}}],"collection":[{"href":"https:\/\/dtifoundation.com\/ca\/wp-json\/wp\/v2\/pages"}],"about":[{"href":"https:\/\/dtifoundation.com\/ca\/wp-json\/wp\/v2\/types\/page"}],"author":[{"embeddable":true,"href":"https:\/\/dtifoundation.com\/ca\/wp-json\/wp\/v2\/users\/1"}],"replies":[{"embeddable":true,"href":"https:\/\/dtifoundation.com\/ca\/wp-json\/wp\/v2\/comments?post=9781"}],"version-history":[{"count":0,"href":"https:\/\/dtifoundation.com\/ca\/wp-json\/wp\/v2\/pages\/9781\/revisions"}],"wp:featuredmedia":[{"embeddable":true,"href":"https:\/\/dtifoundation.com\/ca\/wp-json\/wp\/v2\/media\/11133"}],"wp:attachment":[{"href":"https:\/\/dtifoundation.com\/ca\/wp-json\/wp\/v2\/media?parent=9781"}],"curies":[{"name":"wp","href":"https:\/\/api.w.org\/{rel}","templated":true}]}}