{"id":5951,"date":"2023-03-23T11:35:08","date_gmt":"2023-03-23T11:35:08","guid":{"rendered":"http:\/\/dti.developallin.com\/memories-anuals\/"},"modified":"2026-03-27T11:05:52","modified_gmt":"2026-03-27T11:05:52","slug":"memories-anuals","status":"publish","type":"page","link":"https:\/\/dtifoundation.com\/ca\/memories-anuals\/","title":{"rendered":"Mem\u00f2ries Anuals"},"content":{"rendered":"<div class=\"wpb-content-wrapper\"><p>[vc_row row_height_percent=&#8221;0&#8243; override_padding=&#8221;yes&#8221; h_padding=&#8221;2&#8243; top_padding=&#8221;3&#8243; bottom_padding=&#8221;0&#8243; overlay_alpha=&#8221;50&#8243; gutter_size=&#8221;3&#8243; column_width_percent=&#8221;100&#8243; shift_y=&#8221;0&#8243; z_index=&#8221;0&#8243; uncode_shortcode_id=&#8221;174954&#8243;][vc_column width=&#8221;1\/1&#8243;][vc_custom_heading text_color=&#8221;color-115985&#8243; heading_semantic=&#8221;div&#8221; text_size=&#8221;h1&#8243; uncode_shortcode_id=&#8221;508862&#8243; text_color_type=&#8221;uncode-palette&#8221;]<strong>Mem\u00f2ries Anuals<\/strong>[\/vc_custom_heading][\/vc_column][\/vc_row][vc_row][vc_column column_width_percent=&#8221;100&#8243; gutter_size=&#8221;3&#8243; overlay_alpha=&#8221;50&#8243; shift_x=&#8221;0&#8243; shift_y=&#8221;0&#8243; shift_y_down=&#8221;0&#8243; z_index=&#8221;0&#8243; medium_width=&#8221;0&#8243; mobile_width=&#8221;0&#8243; width=&#8221;1\/2&#8243; uncode_shortcode_id=&#8221;438191&#8243; link_to=&#8221;url:https%3A%2F%2Fdtifoundation.com%2Fwp-content%2Fuploads%2F2026%2F03%2FCAT-MEMORIA-DTI-2025-4.pdf&#8221;][vc_custom_heading heading_semantic=&#8221;div&#8221; text_size=&#8221;h4&#8243; uncode_shortcode_id=&#8221;195295&#8243;]<strong>Mem\u00f2ria d\u2019activitat 2025 Fundaci\u00f3 DTI<\/strong>[\/vc_custom_heading][vc_single_image media=&#8221;17722&#8243; media_width_percent=&#8221;100&#8243; shape=&#8221;img-round&#8221; radius=&#8221;std&#8221; uncode_shortcode_id=&#8221;746090&#8243; media_link=&#8221;url:https%3A%2F%2Fdtifoundation.com%2Fwp-content%2Fuploads%2F2026%2F03%2FCAT-MEMORIA-DTI-2025-4.pdf|title:https%3A%2F%2Fdtifoundation.com%2Fwp-content%2Fuploads%2F2026%2F03%2FCAT-MEMORIA-DTI-2025-4.pdf|target:_blank&#8221;][\/vc_column][\/vc_row][vc_row][vc_column column_width_percent=&#8221;100&#8243; gutter_size=&#8221;3&#8243; overlay_alpha=&#8221;50&#8243; shift_x=&#8221;0&#8243; shift_y=&#8221;0&#8243; shift_y_down=&#8221;0&#8243; z_index=&#8221;0&#8243; medium_width=&#8221;0&#8243; mobile_width=&#8221;0&#8243; width=&#8221;1\/2&#8243; uncode_shortcode_id=&#8221;133751&#8243; link_to=&#8221;url:https%3A%2F%2Fdtifoundation.com%2Fwp-content%2Fuploads%2F2025%2F05%2FMemoriaActividades_DTI_Dig_CAT.pdf&#8221;][vc_custom_heading heading_semantic=&#8221;div&#8221; text_size=&#8221;h4&#8243; uncode_shortcode_id=&#8221;934317&#8243;]<strong>Mem\u00f2ria d\u2019activitat 2024 Fundaci\u00f3 DTI<\/strong>[\/vc_custom_heading][vc_single_image media=&#8221;15765&#8243; media_width_percent=&#8221;100&#8243; shape=&#8221;img-round&#8221; radius=&#8221;std&#8221; uncode_shortcode_id=&#8221;447348&#8243; media_link=&#8221;url:https%3A%2F%2Fdtifoundation.com%2Fwp-content%2Fuploads%2F2023%2F07%2FAnnual-report-2022.pdf|title:https%3A%2F%2Fdtifoundation.com%2Fwp-content%2Fuploads%2F2023%2F07%2FAnnual-report-2022.pdf|target:_blank&#8221;][\/vc_column][vc_column width=&#8221;1\/2&#8243;][vc_custom_heading heading_semantic=&#8221;div&#8221; text_size=&#8221;h4&#8243; uncode_shortcode_id=&#8221;137542&#8243;]<strong>Mem\u00f2ria d\u2019activitat 2023 Fundaci\u00f3 DTI<\/strong>[\/vc_custom_heading][vc_single_image media=&#8221;13553&#8243; media_width_percent=&#8221;100&#8243; shape=&#8221;img-round&#8221; radius=&#8221;std&#8221; uncode_shortcode_id=&#8221;138831&#8243; media_link=&#8221;url:https%3A%2F%2Fdtifoundation.com%2Fwp-content%2Fuploads%2F2024%2F05%2Fmemoria-anual-DTI-2023-catala.pdf|title:https%3A%2F%2Fdtifoundation.com%2Fwp-content%2Fuploads%2F2024%2F05%2Fmemoria-anual-DTI-2023-catala.pdf|target:_blank&#8221;][\/vc_column][\/vc_row][vc_row][vc_column width=&#8221;1\/2&#8243;][vc_custom_heading heading_semantic=&#8221;div&#8221; text_size=&#8221;h4&#8243; uncode_shortcode_id=&#8221;173439&#8243;]<strong>Mem\u00f2ria d\u2019activitat 2022 Fundaci\u00f3 DTI<\/strong>[\/vc_custom_heading][vc_single_image media=&#8221;11822&#8243; media_width_percent=&#8221;100&#8243; shape=&#8221;img-round&#8221; radius=&#8221;std&#8221; uncode_shortcode_id=&#8221;136858&#8243; media_link=&#8221;url:https%3A%2F%2Fdtifoundation.com%2Fwp-content%2Fuploads%2F2023%2F07%2FAnnual-report-2022.pdf|title:https%3A%2F%2Fdtifoundation.com%2Fwp-content%2Fuploads%2F2023%2F07%2FAnnual-report-2022.pdf|target:_blank&#8221;][\/vc_column][vc_column width=&#8221;1\/2&#8243;][vc_custom_heading heading_semantic=&#8221;div&#8221; text_size=&#8221;h4&#8243; uncode_shortcode_id=&#8221;156767&#8243;]<strong>Mem\u00f2ria d\u2019activitat 2021 Fundaci\u00f3 DTI<\/strong>[\/vc_custom_heading][vc_single_image media=&#8221;6187&#8243; media_width_percent=&#8221;100&#8243; shape=&#8221;img-round&#8221; radius=&#8221;std&#8221; uncode_shortcode_id=&#8221;939920&#8243; media_link=&#8221;url:https%3A%2F%2Fdtifoundation.com%2Fwp-content%2Fuploads%2F2025%2F08%2FDTI_2021_ESP.pdf&#8221;][\/vc_column][\/vc_row][vc_row][vc_column width=&#8221;1\/2&#8243;][vc_custom_heading heading_semantic=&#8221;div&#8221; text_size=&#8221;h4&#8243; uncode_shortcode_id=&#8221;363960&#8243;]<strong>Mem\u00f2ria d\u2019activitat 2020 Fundaci\u00f3 DTI<\/strong>[\/vc_custom_heading][vc_single_image media=&#8221;5936&#8243; media_width_percent=&#8221;100&#8243; shape=&#8221;img-round&#8221; radius=&#8221;std&#8221; uncode_shortcode_id=&#8221;165101&#8243; media_link=&#8221;url:https%3A%2F%2Fdtifoundation.com%2Fwp-content%2Fuploads%2F2025%2F08%2FDTI_Memoria_anual_2020.pdf&#8221;][\/vc_column][vc_column width=&#8221;1\/2&#8243;][vc_custom_heading heading_semantic=&#8221;div&#8221; text_size=&#8221;h4&#8243; uncode_shortcode_id=&#8221;142639&#8243;]<strong>Mem\u00f2ria d\u2019activitat 2019 Fundaci\u00f3 DTI<\/strong>[\/vc_custom_heading][vc_single_image media=&#8221;5933&#8243; media_width_percent=&#8221;100&#8243; shape=&#8221;img-round&#8221; radius=&#8221;std&#8221; uncode_shortcode_id=&#8221;184176&#8243; media_link=&#8221;url:https%3A%2F%2Fdtifoundation.com%2Fwp-content%2Fuploads%2F2025%2F08%2FDTI_Memoria-2019_cast.pdf&#8221;][\/vc_column][\/vc_row][vc_row][vc_column width=&#8221;1\/2&#8243;][vc_custom_heading heading_semantic=&#8221;div&#8221; text_size=&#8221;h4&#8243; uncode_shortcode_id=&#8221;167003&#8243;]<strong>Mem\u00f2ria d\u2019activitat 2018 Fundaci\u00f3 DTI<\/strong>[\/vc_custom_heading][vc_single_image media=&#8221;5942&#8243; media_width_percent=&#8221;100&#8243; shape=&#8221;img-round&#8221; radius=&#8221;std&#8221; uncode_shortcode_id=&#8221;108487&#8243; media_link=&#8221;url:https%3A%2F%2Fdtifoundation.com%2Fwp-content%2Fuploads%2F2025%2F08%2FAF-Memoria-DTI-Foundation-2018_ESP_IMP_NoMarques.pdf&#8221;][\/vc_column][vc_column width=&#8221;1\/2&#8243;][vc_custom_heading heading_semantic=&#8221;div&#8221; text_size=&#8221;h4&#8243; uncode_shortcode_id=&#8221;140868&#8243;]<strong>Mem\u00f2ria d\u2019activitat 2017 Fundaci\u00f3 DTI<\/strong>[\/vc_custom_heading][vc_single_image media=&#8221;5928&#8243; media_width_percent=&#8221;100&#8243; shape=&#8221;img-round&#8221; radius=&#8221;std&#8221; uncode_shortcode_id=&#8221;193970&#8243; media_link=&#8221;url:https%3A%2F%2Fdtifoundation.com%2Fwp-content%2Fuploads%2F2025%2F08%2FAF-Memoria-TPM-DTI-Foundation-2017_ES_IMP_NoMarques_v2.pdf&#8221;][\/vc_column][\/vc_row][vc_row][vc_column width=&#8221;1\/2&#8243;][vc_custom_heading heading_semantic=&#8221;div&#8221; text_size=&#8221;h4&#8243; uncode_shortcode_id=&#8221;207726&#8243;]<strong>Mem\u00f2ria d\u2019activitat 2016 Fundaci\u00f3 DTI<\/strong>[\/vc_custom_heading][vc_single_image media=&#8221;5925&#8243; media_width_percent=&#8221;100&#8243; shape=&#8221;img-round&#8221; radius=&#8221;std&#8221; uncode_shortcode_id=&#8221;632848&#8243; media_link=&#8221;url:https%3A%2F%2Fdtifoundation.com%2Fwp-content%2Fuploads%2F2025%2F08%2FAF-Memoria-TPM-DTI-Foundation-2016_ES_Issuu-170404.pdf&#8221;][\/vc_column][vc_column width=&#8221;1\/2&#8243;][vc_custom_heading heading_semantic=&#8221;div&#8221; text_size=&#8221;h4&#8243; uncode_shortcode_id=&#8221;707348&#8243;]<strong>Mem\u00f2ria d\u2019activitat 2015 Fundaci\u00f3 DTI<\/strong>[\/vc_custom_heading][vc_single_image media=&#8221;5922&#8243; media_width_percent=&#8221;100&#8243; shape=&#8221;img-round&#8221; radius=&#8221;std&#8221; uncode_shortcode_id=&#8221;948583&#8243; media_link=&#8221;url:https%3A%2F%2Fdtifoundation.com%2Fwp-content%2Fuploads%2F2025%2F08%2FDTI-2015-castellano_compressed.pdf&#8221;][\/vc_column][\/vc_row][vc_row][vc_column width=&#8221;1\/2&#8243;][vc_custom_heading heading_semantic=&#8221;div&#8221; text_size=&#8221;h4&#8243; uncode_shortcode_id=&#8221;191390&#8243;]<strong>Mem\u00f2ria d\u2019activitat 2014 Fundaci\u00f3 DTI<\/strong>[\/vc_custom_heading][vc_single_image media=&#8221;5916&#8243; media_width_percent=&#8221;100&#8243; shape=&#8221;img-round&#8221; radius=&#8221;std&#8221; uncode_shortcode_id=&#8221;363330&#8243; media_link=&#8221;url:https%3A%2F%2Fissuu.com%2Fdtifoundation%2Fdocs%2Fmemoria_2014_140eng&#8221;][\/vc_column][vc_column width=&#8221;1\/2&#8243;][\/vc_column][\/vc_row]<\/p>\n<\/div>","protected":false},"excerpt":{"rendered":"<p>[vc_row row_height_percent=&#8221;0&#8243; override_padding=&#8221;yes&#8221; h_padding=&#8221;2&#8243; top_padding=&#8221;3&#8243; bottom_padding=&#8221;0&#8243; overlay_alpha=&#8221;50&#8243; gutter_size=&#8221;3&#8243; column_width_percent=&#8221;100&#8243; shift_y=&#8221;0&#8243; z_index=&#8221;0&#8243; uncode_shortcode_id=&#8221;174954&#8243;][vc_column width=&#8221;1\/1&#8243;][vc_custom_heading text_color=&#8221;color-115985&#8243; heading_semantic=&#8221;div&#8221; text_size=&#8221;h1&#8243; uncode_shortcode_id=&#8221;508862&#8243; text_color_type=&#8221;uncode-palette&#8221;]Mem\u00f2ries Anuals[\/vc_custom_heading][\/vc_column][\/vc_row][vc_row][vc_column column_width_percent=&#8221;100&#8243; [&hellip;]<\/p>\n","protected":false},"author":1,"featured_media":11142,"parent":0,"menu_order":0,"comment_status":"closed","ping_status":"closed","template":"","meta":{"_acf_changed":false,"footnotes":""},"class_list":["post-5951","page","type-page","status-publish","has-post-thumbnail","hentry"],"acf":[],"yoast_head":"<!-- This site is optimized with the Yoast SEO plugin v26.9 - https:\/\/yoast.com\/product\/yoast-seo-wordpress\/ -->\n<title>Mem\u00f2ries Anuals | DTI Foundation | Donation &amp; Transplantation Institute<\/title>\n<meta name=\"description\" content=\"Descobreix tota la informaci\u00f3 sobre Mem\u00f2ries Anuals a la nostra web. A DTI oferim suport a projectes internacionals orientats a augmentar la donaci\u00f3 d&#039;\u00f2rgans i els trasplantaments arreu del m\u00f3n.\" \/>\n<meta name=\"robots\" content=\"index, follow, max-snippet:-1, max-image-preview:large, max-video-preview:-1\" \/>\n<link rel=\"canonical\" href=\"https:\/\/dtifoundation.com\/annual-reports\/\" \/>\n<meta property=\"og:locale\" content=\"ca_ES\" \/>\n<meta property=\"og:type\" content=\"article\" \/>\n<meta property=\"og:title\" content=\"Mem\u00f2ries Anuals | DTI Foundation | Donation &amp; Transplantation Institute\" \/>\n<meta property=\"og:description\" content=\"Descobreix tota la informaci\u00f3 sobre Mem\u00f2ries Anuals a la nostra web. A DTI oferim suport a projectes internacionals orientats a augmentar la donaci\u00f3 d&#039;\u00f2rgans i els trasplantaments arreu del m\u00f3n.\" \/>\n<meta property=\"og:url\" content=\"https:\/\/dtifoundation.com\/annual-reports\/\" \/>\n<meta property=\"og:site_name\" content=\"DTI Foundation | Donation &amp; Transplantation Institute\" \/>\n<meta property=\"article:modified_time\" content=\"2026-03-27T11:05:52+00:00\" \/>\n<meta property=\"og:image\" content=\"https:\/\/dtifoundation.com\/wp-content\/uploads\/2023\/05\/annual-report-scaled.jpeg\" \/>\n\t<meta property=\"og:image:width\" content=\"2560\" \/>\n\t<meta property=\"og:image:height\" content=\"1709\" \/>\n\t<meta property=\"og:image:type\" content=\"image\/jpeg\" \/>\n<meta name=\"twitter:card\" content=\"summary_large_image\" \/>\n<meta name=\"twitter:label1\" content=\"Temps estimat de lectura\" \/>\n\t<meta name=\"twitter:data1\" content=\"4 minuts\" \/>\n<script type=\"application\/ld+json\" class=\"yoast-schema-graph\">{\"@context\":\"https:\/\/schema.org\",\"@graph\":[{\"@type\":[\"WebPage\",\"MedicalWebPage\"],\"@id\":\"https:\/\/dtifoundation.com\/annual-reports\/\",\"url\":\"https:\/\/dtifoundation.com\/annual-reports\/\",\"name\":\"Mem\u00f2ries Anuals | DTI Foundation | Donation &amp; Transplantation Institute\",\"isPartOf\":{\"@id\":\"https:\/\/dtifoundation.com\/#website\"},\"primaryImageOfPage\":{\"@id\":\"https:\/\/dtifoundation.com\/annual-reports\/#primaryimage\"},\"image\":{\"@id\":\"https:\/\/dtifoundation.com\/annual-reports\/#primaryimage\"},\"thumbnailUrl\":\"https:\/\/dtifoundation.com\/wp-content\/uploads\/2023\/05\/annual-report-scaled.jpeg\",\"datePublished\":\"2023-03-23T11:35:08+00:00\",\"dateModified\":\"2026-03-27T11:05:52+00:00\",\"description\":\"Descobreix tota la informaci\u00f3 sobre Mem\u00f2ries Anuals a la nostra web. A DTI oferim suport a projectes internacionals orientats a augmentar la donaci\u00f3 d'\u00f2rgans i els trasplantaments arreu del m\u00f3n.\",\"breadcrumb\":{\"@id\":\"https:\/\/dtifoundation.com\/annual-reports\/#breadcrumb\"},\"inLanguage\":\"ca\",\"potentialAction\":[{\"@type\":\"ReadAction\",\"target\":[\"https:\/\/dtifoundation.com\/annual-reports\/\"]}]},{\"@type\":\"ImageObject\",\"inLanguage\":\"ca\",\"@id\":\"https:\/\/dtifoundation.com\/annual-reports\/#primaryimage\",\"url\":\"https:\/\/dtifoundation.com\/wp-content\/uploads\/2023\/05\/annual-report-scaled.jpeg\",\"contentUrl\":\"https:\/\/dtifoundation.com\/wp-content\/uploads\/2023\/05\/annual-report-scaled.jpeg\",\"width\":2560,\"height\":1709,\"caption\":\"Business and Financial Planning Concept. Hand of Financial advisor planning budget and point at report. Professional Businesswoman discusses and analysis annual report at home office.\"},{\"@type\":\"BreadcrumbList\",\"@id\":\"https:\/\/dtifoundation.com\/annual-reports\/#breadcrumb\",\"itemListElement\":[{\"@type\":\"ListItem\",\"position\":1,\"name\":\"Home\",\"item\":\"https:\/\/dtifoundation.com\/ca\/\"},{\"@type\":\"ListItem\",\"position\":2,\"name\":\"Mem\u00f2ries Anuals\"}]},{\"@type\":\"WebSite\",\"@id\":\"https:\/\/dtifoundation.com\/#website\",\"url\":\"https:\/\/dtifoundation.com\/\",\"name\":\"TPM - DTI Foundation\",\"description\":\"\",\"potentialAction\":[{\"@type\":\"SearchAction\",\"target\":{\"@type\":\"EntryPoint\",\"urlTemplate\":\"https:\/\/dtifoundation.com\/?s={search_term_string}\"},\"query-input\":{\"@type\":\"PropertyValueSpecification\",\"valueRequired\":true,\"valueName\":\"search_term_string\"}}],\"inLanguage\":\"ca\"}]}<\/script>\n<!-- \/ Yoast SEO plugin. -->","yoast_head_json":{"title":"Mem\u00f2ries Anuals | DTI Foundation | Donation &amp; Transplantation Institute","description":"Descobreix tota la informaci\u00f3 sobre Mem\u00f2ries Anuals a la nostra web. A DTI oferim suport a projectes internacionals orientats a augmentar la donaci\u00f3 d'\u00f2rgans i els trasplantaments arreu del m\u00f3n.","robots":{"index":"index","follow":"follow","max-snippet":"max-snippet:-1","max-image-preview":"max-image-preview:large","max-video-preview":"max-video-preview:-1"},"canonical":"https:\/\/dtifoundation.com\/annual-reports\/","og_locale":"ca_ES","og_type":"article","og_title":"Mem\u00f2ries Anuals | DTI Foundation | Donation &amp; Transplantation Institute","og_description":"Descobreix tota la informaci\u00f3 sobre Mem\u00f2ries Anuals a la nostra web. A DTI oferim suport a projectes internacionals orientats a augmentar la donaci\u00f3 d'\u00f2rgans i els trasplantaments arreu del m\u00f3n.","og_url":"https:\/\/dtifoundation.com\/annual-reports\/","og_site_name":"DTI Foundation | Donation &amp; Transplantation Institute","article_modified_time":"2026-03-27T11:05:52+00:00","og_image":[{"width":2560,"height":1709,"url":"https:\/\/dtifoundation.com\/wp-content\/uploads\/2023\/05\/annual-report-scaled.jpeg","type":"image\/jpeg"}],"twitter_card":"summary_large_image","twitter_misc":{"Temps estimat de lectura":"4 minuts"},"schema":{"@context":"https:\/\/schema.org","@graph":[{"@type":["WebPage","MedicalWebPage"],"@id":"https:\/\/dtifoundation.com\/annual-reports\/","url":"https:\/\/dtifoundation.com\/annual-reports\/","name":"Mem\u00f2ries Anuals | DTI Foundation | Donation &amp; Transplantation Institute","isPartOf":{"@id":"https:\/\/dtifoundation.com\/#website"},"primaryImageOfPage":{"@id":"https:\/\/dtifoundation.com\/annual-reports\/#primaryimage"},"image":{"@id":"https:\/\/dtifoundation.com\/annual-reports\/#primaryimage"},"thumbnailUrl":"https:\/\/dtifoundation.com\/wp-content\/uploads\/2023\/05\/annual-report-scaled.jpeg","datePublished":"2023-03-23T11:35:08+00:00","dateModified":"2026-03-27T11:05:52+00:00","description":"Descobreix tota la informaci\u00f3 sobre Mem\u00f2ries Anuals a la nostra web. A DTI oferim suport a projectes internacionals orientats a augmentar la donaci\u00f3 d'\u00f2rgans i els trasplantaments arreu del m\u00f3n.","breadcrumb":{"@id":"https:\/\/dtifoundation.com\/annual-reports\/#breadcrumb"},"inLanguage":"ca","potentialAction":[{"@type":"ReadAction","target":["https:\/\/dtifoundation.com\/annual-reports\/"]}]},{"@type":"ImageObject","inLanguage":"ca","@id":"https:\/\/dtifoundation.com\/annual-reports\/#primaryimage","url":"https:\/\/dtifoundation.com\/wp-content\/uploads\/2023\/05\/annual-report-scaled.jpeg","contentUrl":"https:\/\/dtifoundation.com\/wp-content\/uploads\/2023\/05\/annual-report-scaled.jpeg","width":2560,"height":1709,"caption":"Business and Financial Planning Concept. Hand of Financial advisor planning budget and point at report. Professional Businesswoman discusses and analysis annual report at home office."},{"@type":"BreadcrumbList","@id":"https:\/\/dtifoundation.com\/annual-reports\/#breadcrumb","itemListElement":[{"@type":"ListItem","position":1,"name":"Home","item":"https:\/\/dtifoundation.com\/ca\/"},{"@type":"ListItem","position":2,"name":"Mem\u00f2ries Anuals"}]},{"@type":"WebSite","@id":"https:\/\/dtifoundation.com\/#website","url":"https:\/\/dtifoundation.com\/","name":"TPM - DTI Foundation","description":"","potentialAction":[{"@type":"SearchAction","target":{"@type":"EntryPoint","urlTemplate":"https:\/\/dtifoundation.com\/?s={search_term_string}"},"query-input":{"@type":"PropertyValueSpecification","valueRequired":true,"valueName":"search_term_string"}}],"inLanguage":"ca"}]}},"_links":{"self":[{"href":"https:\/\/dtifoundation.com\/ca\/wp-json\/wp\/v2\/pages\/5951","targetHints":{"allow":["GET"]}}],"collection":[{"href":"https:\/\/dtifoundation.com\/ca\/wp-json\/wp\/v2\/pages"}],"about":[{"href":"https:\/\/dtifoundation.com\/ca\/wp-json\/wp\/v2\/types\/page"}],"author":[{"embeddable":true,"href":"https:\/\/dtifoundation.com\/ca\/wp-json\/wp\/v2\/users\/1"}],"replies":[{"embeddable":true,"href":"https:\/\/dtifoundation.com\/ca\/wp-json\/wp\/v2\/comments?post=5951"}],"version-history":[{"count":16,"href":"https:\/\/dtifoundation.com\/ca\/wp-json\/wp\/v2\/pages\/5951\/revisions"}],"predecessor-version":[{"id":17910,"href":"https:\/\/dtifoundation.com\/ca\/wp-json\/wp\/v2\/pages\/5951\/revisions\/17910"}],"wp:featuredmedia":[{"embeddable":true,"href":"https:\/\/dtifoundation.com\/ca\/wp-json\/wp\/v2\/media\/11142"}],"wp:attachment":[{"href":"https:\/\/dtifoundation.com\/ca\/wp-json\/wp\/v2\/media?parent=5951"}],"curies":[{"name":"wp","href":"https:\/\/api.w.org\/{rel}","templated":true}]}}