{"id":5895,"date":"2023-03-23T09:31:18","date_gmt":"2023-03-23T09:31:18","guid":{"rendered":"http:\/\/dti.developallin.com\/termes-dus\/"},"modified":"2023-09-27T07:50:16","modified_gmt":"2023-09-27T07:50:16","slug":"termes-dus","status":"publish","type":"page","link":"https:\/\/dtifoundation.com\/ca\/termes-dus\/","title":{"rendered":"Termes d\u2019\u00fas"},"content":{"rendered":"<div class=\"wpb-content-wrapper\"><p>[vc_row row_height_percent=&#8221;0&#8243; override_padding=&#8221;yes&#8221; h_padding=&#8221;2&#8243; top_padding=&#8221;3&#8243; bottom_padding=&#8221;0&#8243; overlay_alpha=&#8221;50&#8243; gutter_size=&#8221;3&#8243; column_width_percent=&#8221;100&#8243; shift_y=&#8221;0&#8243; z_index=&#8221;0&#8243; uncode_shortcode_id=&#8221;180101&#8243;][vc_column width=&#8221;1\/1&#8243;][vc_custom_heading text_color=&#8221;color-115985&#8243; heading_semantic=&#8221;div&#8221; text_size=&#8221;h1&#8243; uncode_shortcode_id=&#8221;873665&#8243; text_color_type=&#8221;uncode-palette&#8221;]<strong>Termes d\u2019\u00fas<\/strong>[\/vc_custom_heading][\/vc_column][\/vc_row][vc_row row_height_percent=&#8221;0&#8243; overlay_alpha=&#8221;50&#8243; gutter_size=&#8221;3&#8243; column_width_percent=&#8221;100&#8243; shift_y=&#8221;0&#8243; z_index=&#8221;0&#8243; uncode_shortcode_id=&#8221;142234&#8243;][vc_column width=&#8221;1\/1&#8243;][vc_custom_heading heading_semantic=&#8221;div&#8221; text_size=&#8221;h3&#8243; uncode_shortcode_id=&#8221;130413&#8243;]<strong>Privacitat<\/strong>[\/vc_custom_heading][vc_column_text uncode_shortcode_id=&#8221;397939&#8243;]D\u2019acord amb la Llei de Serveis de la Societat de la Informaci\u00f3, informem que aquest web \u00e9s propietat de DTI DONATION &amp; TRANSPLANTATION INSTITUTE, Fundaci\u00f3 Privada (DTI), amb seu al Parc Cient\u00edfic de Barcelona-UB, (08028) carrer Baldiri i Reixac, 4-8, Torre I, 8\u00aa planta.<\/p>\n<p>www.dtifoundation.com i adre\u00e7a electr\u00f2nica\u00a0<a style=\"color: #b53125;\" href=\"mailto:infodti@dtifoundation.com\">infodti@dtifoundation.com<\/a>[\/vc_column_text][\/vc_column][\/vc_row][vc_row][vc_column width=&#8221;1\/1&#8243;][vc_custom_heading heading_semantic=&#8221;div&#8221; text_size=&#8221;h3&#8243; uncode_shortcode_id=&#8221;466067&#8243;]<strong>Condicions d\u2019us d\u2019aquest web<\/strong>[\/vc_custom_heading][vc_column_text uncode_shortcode_id=&#8221;871411&#8243;]Accedir a aquesta web confereix la condici\u00f3 d\u2019usuari i determina l\u2019acceptaci\u00f3 de les condicions d\u2019utilitzaci\u00f3 que s\u2019estableixen en aquest av\u00eds.<\/p>\n<ol>\n<li>DTI no garanteix la certesa dels continguts ni es responsabilitza de l\u2019\u00fas que se\u2019n faci ni dels danys i perjudicis que derivin de les decisions que s\u2019hi fonamentin doncs, en tot cas, l\u2019acc\u00e9s al web es realitzat per compte i risc i sota l\u2019estricta responsabilitat de l\u2019usuari.<\/li>\n<li>Tots els continguts del web s\u00f3n propietat de DTI i, per tant, els textos, les imatges, les gr\u00e0fiques, els arxius, logotips, marques i disseny i qualsevol altre element que contingui, incl\u00f2s el codi font estan protegits per la regulaci\u00f3 aplicable en mat\u00e8ria de propietat intel\u2022lectual i industrial.<\/li>\n<li>Accedir als continguts indicats no confereix cap dret si no consta establert expressament.<\/li>\n<li>No s\u2019autoritza i, per tant, es prohibeix, la reproducci\u00f3 dels continguts que no sigui per a \u00fas privat, la transformaci\u00f3, distribuci\u00f3, comunicaci\u00f3 p\u00fablica, posada a disposici\u00f3 del p\u00fablic o qualsevol altre explotaci\u00f3 si no consta si no consta establert expressament i per escrit per DTI.<\/li>\n<li>No s\u2019autoritza i, per tant, es prohibeix :<br \/>\n\u2013 La reproducci\u00f3 total o parcial dels continguts, en qualsevol format existent o futur, de qualsevol tipus o naturalesa.- La difusi\u00f3 de continguts.<br \/>\n\u2013 La difusi\u00f3 que autoritzin les lleis sense menci\u00f3 de la font.<br \/>\n\u2013 La utilitzaci\u00f3 total o parcial, fins i tot amb modificacions, de les marques, dissenys, logotips, formularis continguts al web.<\/li>\n<li>Nom\u00e9s es permeten enlla\u00e7os a la p\u00e0gina principal del web i es prohibeixen les pr\u00e0ctiques de framming i deep-linking i d\u2019altres d\u2019equivalents que amaguin o confonguin l\u2019origen dels continguts aix\u00ed com els enlla\u00e7os des de planes que vulnerin les lleis o els bons costums, falsegin o difamin DTI o les persones o entitats que en formin part o en siguin col\u2022laboradors.<\/li>\n<li>En cap cas, l\u2019establiment d\u2019enlla\u00e7os implicar\u00e0 l\u2019exist\u00e8ncia de cap tipus de vincle amb DTI.<\/li>\n<li>Les q\u00fcestions relacionades amb el web es sotmeten a la llei espanyola i a la regulaci\u00f3 europea que sigui aplicable<\/li>\n<\/ol>\n<p>Estatuts de la empresa<\/p>\n<p><a style=\"color: #b53125;\" href=\"\/wp-content\/uploads\/2023\/03\/Estatutos-DTI.pdf\">Estatutos DTI<\/a>[\/vc_column_text][\/vc_column][\/vc_row][vc_row][vc_column width=&#8221;1\/1&#8243;][vc_custom_heading heading_semantic=&#8221;div&#8221; text_size=&#8221;h3&#8243; uncode_shortcode_id=&#8221;260386&#8243;]<strong><span class=\"jCAhz ChMk0b\"><span class=\"ryNqvb\">Cancel\u00b7laci\u00f3 de la comanda<\/span><\/span><\/strong>[\/vc_custom_heading][vc_column_text uncode_shortcode_id=&#8221;544305&#8243;]<span class=\"jCAhz ChMk0b\"><span class=\"ryNqvb\">Si per qualsevol motiu necessiteu cancel\u00b7lar qualsevol comanda, podeu fer-ho sense cap c\u00e0rrec fins a 15 dies despr\u00e9s de finalitzar la compra.<\/span><\/span> <span class=\"jCAhz ChMk0b\"><span class=\"ryNqvb\">Aix\u00f2 ser\u00e0 sempre que sigui abans del primer dia que comenci el curs adquirit.<\/span><\/span> <span class=\"jCAhz ChMk0b\"><span class=\"ryNqvb\">Quan s&#8217;hagi lliurat el material did\u00e0ctic, s&#8217;haur\u00e0 de retornar en perfecte estat, sent el client a c\u00e0rrec de les despeses de devoluci\u00f3, aix\u00ed com de qualsevol desperfecte dels materials esmentats.<\/span><\/span><\/p>\n<p><span class=\"jCAhz ChMk0b\"><span class=\"ryNqvb\">Per cancel\u00b7lar-lo haur\u00e0s de contactar amb <a style=\"color: #b53125;\" href=\"mailto:infodti@dtifoundation.com\">infodti@dtifoundation.com<\/a> indicant:<\/span><\/span><\/p>\n<ol>\n<li><span class=\"jCAhz ChMk0b\"><span class=\"ryNqvb\">Nom i cognom<\/span><\/span><\/li>\n<li><span class=\"jCAhz ChMk0b\"><span class=\"ryNqvb\">Curs comprat<\/span><\/span><\/li>\n<li><span class=\"jCAhz ChMk0b\"><span class=\"ryNqvb\">Data de la compra<\/span><\/span><\/li>\n<li><span class=\"jCAhz ChMk0b\"><span class=\"ryNqvb\">M\u00e8tode de pagament<\/span><\/span><\/li>\n<li><span class=\"jCAhz ChMk0b\"><span class=\"ryNqvb\">Detalls de contacte<\/span><\/span><\/li>\n<\/ol>\n<p>[\/vc_column_text][\/vc_column][\/vc_row][vc_row row_height_percent=&#8221;0&#8243; override_padding=&#8221;yes&#8221; h_padding=&#8221;2&#8243; top_padding=&#8221;2&#8243; bottom_padding=&#8221;3&#8243; overlay_alpha=&#8221;50&#8243; gutter_size=&#8221;3&#8243; column_width_percent=&#8221;100&#8243; shift_y=&#8221;0&#8243; z_index=&#8221;0&#8243; uncode_shortcode_id=&#8221;206006&#8243;][vc_column width=&#8221;1\/1&#8243;][vc_custom_heading heading_semantic=&#8221;div&#8221; text_size=&#8221;h3&#8243; uncode_shortcode_id=&#8221;895117&#8243;]<strong><span class=\"jCAhz ChMk0b\"><span class=\"ryNqvb\">Devoluci\u00f3 i reemborsament<\/span><\/span><\/strong>[\/vc_custom_heading][vc_column_text uncode_shortcode_id=&#8221;209912&#8243;]<span class=\"jCAhz ChMk0b\"><span class=\"ryNqvb\">En cas de complir el que s&#8217;especifica a l&#8217;apartat d&#8217;anul\u00b7laci\u00f3 de la comanda, es reemborsaran els diners fins a un termini m\u00e0xim de 15 dies, anul\u00b7lant la matr\u00edcula i l&#8217;acc\u00e9s al curs i a la plataforma online de l&#8217;acci\u00f3 formativa.<\/span><\/span> <span class=\"jCAhz ChMk0b\"><span class=\"ryNqvb\">No obstant aix\u00f2, DTI podr\u00e0 retenir el reemborsament de les quantitats fins que no hagi rebut el material did\u00e0ctic a retornar pel client.<\/span><\/span>[\/vc_column_text][\/vc_column][\/vc_row]<\/p>\n<\/div>","protected":false},"excerpt":{"rendered":"<p>[vc_row row_height_percent=&#8221;0&#8243; override_padding=&#8221;yes&#8221; h_padding=&#8221;2&#8243; top_padding=&#8221;3&#8243; bottom_padding=&#8221;0&#8243; overlay_alpha=&#8221;50&#8243; gutter_size=&#8221;3&#8243; column_width_percent=&#8221;100&#8243; shift_y=&#8221;0&#8243; z_index=&#8221;0&#8243; uncode_shortcode_id=&#8221;180101&#8243;][vc_column width=&#8221;1\/1&#8243;][vc_custom_heading text_color=&#8221;color-115985&#8243; heading_semantic=&#8221;div&#8221; text_size=&#8221;h1&#8243; uncode_shortcode_id=&#8221;873665&#8243; text_color_type=&#8221;uncode-palette&#8221;]Termes d\u2019\u00fas[\/vc_custom_heading][\/vc_column][\/vc_row][vc_row row_height_percent=&#8221;0&#8243; [&hellip;]<\/p>\n","protected":false},"author":1,"featured_media":0,"parent":0,"menu_order":0,"comment_status":"closed","ping_status":"closed","template":"","meta":{"_acf_changed":false,"footnotes":""},"class_list":["post-5895","page","type-page","status-publish","hentry"],"acf":[],"yoast_head":"<!-- This site is optimized with the Yoast SEO plugin v26.9 - https:\/\/yoast.com\/product\/yoast-seo-wordpress\/ -->\n<title>Termes d\u2019\u00fas | DTI Foundation | Donation &amp; Transplantation Institute<\/title>\n<meta name=\"description\" content=\"Descobreix tota la informaci\u00f3 sobre Termes d\u2019\u00fas a la nostra web. A DTI oferim suport a projectes internacionals orientats a augmentar la donaci\u00f3 d&#039;\u00f2rgans i els trasplantaments arreu del m\u00f3n.\" \/>\n<meta name=\"robots\" content=\"index, follow, max-snippet:-1, max-image-preview:large, max-video-preview:-1\" \/>\n<link rel=\"canonical\" href=\"https:\/\/dtifoundation.com\/terms-of-use\/\" \/>\n<meta property=\"og:locale\" content=\"ca_ES\" \/>\n<meta property=\"og:type\" content=\"article\" \/>\n<meta property=\"og:title\" content=\"Termes d\u2019\u00fas | DTI Foundation | Donation &amp; Transplantation Institute\" \/>\n<meta property=\"og:description\" content=\"Descobreix tota la informaci\u00f3 sobre Termes d\u2019\u00fas a la nostra web. A DTI oferim suport a projectes internacionals orientats a augmentar la donaci\u00f3 d&#039;\u00f2rgans i els trasplantaments arreu del m\u00f3n.\" \/>\n<meta property=\"og:url\" content=\"https:\/\/dtifoundation.com\/terms-of-use\/\" \/>\n<meta property=\"og:site_name\" content=\"DTI Foundation | Donation &amp; Transplantation Institute\" \/>\n<meta property=\"article:modified_time\" content=\"2023-09-27T07:50:16+00:00\" \/>\n<meta name=\"twitter:card\" content=\"summary_large_image\" \/>\n<meta name=\"twitter:label1\" content=\"Temps estimat de lectura\" \/>\n\t<meta name=\"twitter:data1\" content=\"4 minuts\" \/>\n<script type=\"application\/ld+json\" class=\"yoast-schema-graph\">{\"@context\":\"https:\/\/schema.org\",\"@graph\":[{\"@type\":[\"WebPage\",\"MedicalWebPage\"],\"@id\":\"https:\/\/dtifoundation.com\/terms-of-use\/\",\"url\":\"https:\/\/dtifoundation.com\/terms-of-use\/\",\"name\":\"Termes d\u2019\u00fas | DTI Foundation | Donation &amp; Transplantation Institute\",\"isPartOf\":{\"@id\":\"https:\/\/dtifoundation.com\/#website\"},\"datePublished\":\"2023-03-23T09:31:18+00:00\",\"dateModified\":\"2023-09-27T07:50:16+00:00\",\"description\":\"Descobreix tota la informaci\u00f3 sobre Termes d\u2019\u00fas a la nostra web. A DTI oferim suport a projectes internacionals orientats a augmentar la donaci\u00f3 d'\u00f2rgans i els trasplantaments arreu del m\u00f3n.\",\"breadcrumb\":{\"@id\":\"https:\/\/dtifoundation.com\/terms-of-use\/#breadcrumb\"},\"inLanguage\":\"ca\",\"potentialAction\":[{\"@type\":\"ReadAction\",\"target\":[\"https:\/\/dtifoundation.com\/terms-of-use\/\"]}]},{\"@type\":\"BreadcrumbList\",\"@id\":\"https:\/\/dtifoundation.com\/terms-of-use\/#breadcrumb\",\"itemListElement\":[{\"@type\":\"ListItem\",\"position\":1,\"name\":\"Home\",\"item\":\"https:\/\/dtifoundation.com\/ca\/\"},{\"@type\":\"ListItem\",\"position\":2,\"name\":\"Termes d\u2019\u00fas\"}]},{\"@type\":\"WebSite\",\"@id\":\"https:\/\/dtifoundation.com\/#website\",\"url\":\"https:\/\/dtifoundation.com\/\",\"name\":\"TPM - DTI Foundation\",\"description\":\"\",\"potentialAction\":[{\"@type\":\"SearchAction\",\"target\":{\"@type\":\"EntryPoint\",\"urlTemplate\":\"https:\/\/dtifoundation.com\/?s={search_term_string}\"},\"query-input\":{\"@type\":\"PropertyValueSpecification\",\"valueRequired\":true,\"valueName\":\"search_term_string\"}}],\"inLanguage\":\"ca\"}]}<\/script>\n<!-- \/ Yoast SEO plugin. -->","yoast_head_json":{"title":"Termes d\u2019\u00fas | DTI Foundation | Donation &amp; Transplantation Institute","description":"Descobreix tota la informaci\u00f3 sobre Termes d\u2019\u00fas a la nostra web. A DTI oferim suport a projectes internacionals orientats a augmentar la donaci\u00f3 d'\u00f2rgans i els trasplantaments arreu del m\u00f3n.","robots":{"index":"index","follow":"follow","max-snippet":"max-snippet:-1","max-image-preview":"max-image-preview:large","max-video-preview":"max-video-preview:-1"},"canonical":"https:\/\/dtifoundation.com\/terms-of-use\/","og_locale":"ca_ES","og_type":"article","og_title":"Termes d\u2019\u00fas | DTI Foundation | Donation &amp; Transplantation Institute","og_description":"Descobreix tota la informaci\u00f3 sobre Termes d\u2019\u00fas a la nostra web. A DTI oferim suport a projectes internacionals orientats a augmentar la donaci\u00f3 d'\u00f2rgans i els trasplantaments arreu del m\u00f3n.","og_url":"https:\/\/dtifoundation.com\/terms-of-use\/","og_site_name":"DTI Foundation | Donation &amp; Transplantation Institute","article_modified_time":"2023-09-27T07:50:16+00:00","twitter_card":"summary_large_image","twitter_misc":{"Temps estimat de lectura":"4 minuts"},"schema":{"@context":"https:\/\/schema.org","@graph":[{"@type":["WebPage","MedicalWebPage"],"@id":"https:\/\/dtifoundation.com\/terms-of-use\/","url":"https:\/\/dtifoundation.com\/terms-of-use\/","name":"Termes d\u2019\u00fas | DTI Foundation | Donation &amp; Transplantation Institute","isPartOf":{"@id":"https:\/\/dtifoundation.com\/#website"},"datePublished":"2023-03-23T09:31:18+00:00","dateModified":"2023-09-27T07:50:16+00:00","description":"Descobreix tota la informaci\u00f3 sobre Termes d\u2019\u00fas a la nostra web. A DTI oferim suport a projectes internacionals orientats a augmentar la donaci\u00f3 d'\u00f2rgans i els trasplantaments arreu del m\u00f3n.","breadcrumb":{"@id":"https:\/\/dtifoundation.com\/terms-of-use\/#breadcrumb"},"inLanguage":"ca","potentialAction":[{"@type":"ReadAction","target":["https:\/\/dtifoundation.com\/terms-of-use\/"]}]},{"@type":"BreadcrumbList","@id":"https:\/\/dtifoundation.com\/terms-of-use\/#breadcrumb","itemListElement":[{"@type":"ListItem","position":1,"name":"Home","item":"https:\/\/dtifoundation.com\/ca\/"},{"@type":"ListItem","position":2,"name":"Termes d\u2019\u00fas"}]},{"@type":"WebSite","@id":"https:\/\/dtifoundation.com\/#website","url":"https:\/\/dtifoundation.com\/","name":"TPM - DTI Foundation","description":"","potentialAction":[{"@type":"SearchAction","target":{"@type":"EntryPoint","urlTemplate":"https:\/\/dtifoundation.com\/?s={search_term_string}"},"query-input":{"@type":"PropertyValueSpecification","valueRequired":true,"valueName":"search_term_string"}}],"inLanguage":"ca"}]}},"_links":{"self":[{"href":"https:\/\/dtifoundation.com\/ca\/wp-json\/wp\/v2\/pages\/5895","targetHints":{"allow":["GET"]}}],"collection":[{"href":"https:\/\/dtifoundation.com\/ca\/wp-json\/wp\/v2\/pages"}],"about":[{"href":"https:\/\/dtifoundation.com\/ca\/wp-json\/wp\/v2\/types\/page"}],"author":[{"embeddable":true,"href":"https:\/\/dtifoundation.com\/ca\/wp-json\/wp\/v2\/users\/1"}],"replies":[{"embeddable":true,"href":"https:\/\/dtifoundation.com\/ca\/wp-json\/wp\/v2\/comments?post=5895"}],"version-history":[{"count":0,"href":"https:\/\/dtifoundation.com\/ca\/wp-json\/wp\/v2\/pages\/5895\/revisions"}],"wp:attachment":[{"href":"https:\/\/dtifoundation.com\/ca\/wp-json\/wp\/v2\/media?parent=5895"}],"curies":[{"name":"wp","href":"https:\/\/api.w.org\/{rel}","templated":true}]}}