{"id":5886,"date":"2023-03-23T09:45:17","date_gmt":"2023-03-23T09:45:17","guid":{"rendered":"http:\/\/dti.developallin.com\/politica-de-cookies\/"},"modified":"2023-03-23T10:05:20","modified_gmt":"2023-03-23T10:05:20","slug":"politica-de-cookies","status":"publish","type":"page","link":"https:\/\/dtifoundation.com\/ca\/politica-de-cookies\/","title":{"rendered":"Pol\u00edtica de cookies"},"content":{"rendered":"<div class=\"wpb-content-wrapper\"><p>[vc_row row_height_percent=&#8221;0&#8243; override_padding=&#8221;yes&#8221; h_padding=&#8221;2&#8243; top_padding=&#8221;3&#8243; bottom_padding=&#8221;0&#8243; overlay_alpha=&#8221;50&#8243; gutter_size=&#8221;3&#8243; column_width_percent=&#8221;100&#8243; shift_y=&#8221;0&#8243; z_index=&#8221;0&#8243; uncode_shortcode_id=&#8221;180101&#8243;][vc_column width=&#8221;1\/1&#8243;][vc_custom_heading text_color=&#8221;color-115985&#8243; heading_semantic=&#8221;div&#8221; text_size=&#8221;h1&#8243; uncode_shortcode_id=&#8221;672120&#8243; text_color_type=&#8221;uncode-palette&#8221;]<strong>Pol\u00edtica de cookies<\/strong>[\/vc_custom_heading][\/vc_column][\/vc_row][vc_row][vc_column width=&#8221;1\/1&#8243;][vc_column_text uncode_shortcode_id=&#8221;368471&#8243;]Aquesta Pol\u00edtica de Cookies explica qu\u00e8 s\u00f3n les cookies, com les utilitza DTI DONATION &amp; TRANSPLANTATION INSTITUTE al seu lloc web i com l&#8217;usuari les pot gestionar.<\/p>\n<p>&nbsp;<\/p>\n<p><strong>1. QU\u00c8 \u00c9S UNA COOKIE?<\/strong><\/p>\n<p>Les cookies s\u00f3n petits fitxers de dades que s&#8217;emmagatzemen a l&#8217;ordinador de l&#8217;usuari i que contenen determinada informaci\u00f3 sobre la visita que l&#8217;usuari realitza al lloc web. La galeta es descarrega pel dispositiu que utilitzeu per accedir al lloc web i s&#8217;emmagatzema al disc dur d&#8217;aquest dispositiu. Les galetes tenen diversos usos, incl\u00f2s permetre que el lloc web reconegui el vostre dispositiu quan ens torneu a visitar, assegurar-vos que rebeu el contingut correcte o desar informaci\u00f3 amb les prefer\u00e8ncies o els serveis que l&#8217;usuari ens ha proporcionat. Les cookies no perjudiquen el dispositiu de l&#8217;usuari.<\/p>\n<p>En aquesta pol\u00edtica de cookies fem servir la paraula cookie per referir-nos a tots els fitxers que emmagatzemen informaci\u00f3 d&#8217;aquesta manera.<\/p>\n<p>&nbsp;<\/p>\n<p><strong>2. UTILITZEM COOKIES?<\/strong><\/p>\n<p>El nostre lloc web utilitza cookies amb la finalitat de recollir dades amb les quals controlar l&#8217;\u00fas i la utilitat del nostre lloc web i obtenir dades estad\u00edstiques i de seguretat. Les eines utilitzades per a l&#8217;obtenci\u00f3 d&#8217;estad\u00edstiques d&#8217;\u00fas del lloc web ofereixen la possibilitat d&#8217;obtenir un nivell de detall cada cop m\u00e9s elevat sobre el comportament dels visitants i usuaris del lloc web. Aquestes dades es poden recollir, tractar i emmagatzemar associades a una adre\u00e7a IP o a un usuari concret o poden ser sotmeses a un proc\u00e9s de dissociaci\u00f3 per tal d&#8217;obtenir conclusions basades en dades an\u00f2nimes.<\/p>\n<p>&nbsp;<\/p>\n<p><strong>3. QUIN TIPUS DE COOKIES UTILITZAM?<\/strong><\/p>\n<p>Les cookies es poden diferenciar tenint en compte les diferents funcions per a les quals s&#8217;utilitzen, la seva durada o qui les gestiona. \u00c9s important tenir en compte que una mateixa cookie pot pert\u00e0nyer a categories diferents. A continuaci\u00f3, l&#8217;usuari trobar\u00e0 una descripci\u00f3 de les cookies utilitzades en aquest lloc web<\/p>\n<p><strong>Cookies t\u00e8cniques<\/strong><\/p>\n<p>Les cookies t\u00e8cniques s\u00f3n aquelles que permeten a l&#8217;usuari navegar pel lloc web i utilitzar les diferents opcions o serveis que ofereix. El nostre lloc web utilitza galetes t\u00e8cniques, algunes de les quals s\u00f3n imprescindibles per al funcionament del lloc web, com ara galetes que ens permeten identificar els usuaris perqu\u00e8 puguin accedir al seu acc\u00e9s privat o mantenir la sessi\u00f3 amb el servidor. . Si l&#8217;usuari decideix no habilitar aquestes cookies, la navegaci\u00f3 pel lloc web pot no ser possible o pot ser molt menys satisfact\u00f2ria.<\/p>\n<p><strong>Cookies d&#8217;an\u00e0lisi<\/strong><\/p>\n<p>Les cookies d&#8217;an\u00e0lisi permeten obtenir informaci\u00f3 gen\u00e8rica sobre l&#8217;acc\u00e9s de l&#8217;usuari al lloc web per tal de proporcionar informaci\u00f3 agregada sobre aquestes amb finalitats estad\u00edstiques. Aquest tipus de cookies s&#8217;utilitzen per analitzar com els usuaris naveguen pel lloc web i controlar-ne el rendiment. Addicionalment, les eines utilitzades per a l&#8217;obtenci\u00f3 d&#8217;estad\u00edstiques d&#8217;\u00fas del lloc web ofereixen la possibilitat d&#8217;obtenir un nivell de detall cada cop m\u00e9s elevat sobre el comportament dels visitants i usuaris del lloc web. Aquestes dades es poden recollir, tractar i emmagatzemar associades a una adre\u00e7a IP o a un usuari concret o poden ser sotmeses a un proc\u00e9s de dissociaci\u00f3 per tal d&#8217;obtenir conclusions basades en dades an\u00f2nimes.<\/p>\n<p>La informaci\u00f3 recollida a trav\u00e9s de les cookies pot incloure, entre altres dades, l&#8217;adre\u00e7a IP que identifica l&#8217;ordinador en aquell moment, la data i hora d&#8217;acc\u00e9s i les \u00e0rees del lloc web que es visita. La finalitat d&#8217;aquesta recollida de dades \u00e9s controlar l&#8217;\u00fas i la utilitat del nostre lloc web, amb finalitats estad\u00edstiques i de seguretat.<\/p>\n<p><strong>Galetes pr\u00f2pies<\/strong><\/p>\n<p>S\u00f3n cookies que s&#8217;envien al seu terminal des d&#8217;un ordinador o domini gestionat per DTI DONATION &amp; TRANSPLANTATION INSTITUTE i des del qual es presta el servei sol\u00b7licitat.<\/p>\n<p><strong>Cookies de personalitzaci\u00f3<\/strong><\/p>\n<p>Utilitzem cookies de funcionalitat per recordar les vostres prefer\u00e8ncies. Per exemple, recordem els canvis que heu fet a les prefer\u00e8ncies del vostre compte.<\/p>\n<p>Les cookies tamb\u00e9 es poden utilitzar per recordar la configuraci\u00f3 i les prefer\u00e8ncies de l&#8217;usuari quant a disseny, colors i les zones o men\u00fas que es vol tenir m\u00e9s accessibles a la pantalla d&#8217;inici.<\/p>\n<p><strong>Cookies publicit\u00e0ries<\/strong><\/p>\n<p>Utilitzem aquestes cookies per gestionar, de la manera m\u00e9s eficient possible, els espais publicitaris de la web en funci\u00f3 de criteris com el contingut editat o la freq\u00fc\u00e8ncia amb qu\u00e8 es mostren els anuncis.<\/p>\n<p>&nbsp;<\/p>\n<p><strong>4. QUINES COOKIES PODEU TROBAR A LA NOSTRA WEB?<\/strong><\/p>\n<p>A continuaci\u00f3 es mostra una llista de cookies que podeu trobar al nostre lloc web:<\/p>\n<p>&nbsp;<\/p>\n<p><strong>5. COM DESACTIVAR I BLOQUEjar LES COOKIES?<\/strong><\/p>\n<p>L&#8217;informem que, en tot cas, pot desactivar o bloquejar les cookies activant la configuraci\u00f3 del seu navegador, la qual cosa permet rebutjar la instal\u00b7laci\u00f3 de totes o algunes de les cookies. Si rebutges les cookies, podr\u00e0s continuar utilitzant el nostre lloc web, encara que l&#8217;\u00fas d&#8217;alguns dels serveis pot ser limitat i, com a conseq\u00fc\u00e8ncia, la teva experi\u00e8ncia al nostre lloc web menys satisfact\u00f2ria.<\/p>\n<p>&nbsp;<\/p>\n<p><strong>6. COM PUC RETIRO EL MEU CONSENTIMENT?<\/strong><\/p>\n<p>Si desitja retirar el seu consentiment relacionat amb aquesta Pol\u00edtica de Cookies, haur\u00e0 d&#8217;eliminar les cookies emmagatzemades al seu ordinador mitjan\u00e7ant la configuraci\u00f3 i configuracions del seu navegador d&#8217;Internet.<\/p>\n<p>&nbsp;<\/p>\n<p><strong>7. COM GESTIO I CONFIGRO LES COOKIES?<\/strong><\/p>\n<p>Pots permetre, bloquejar o eliminar les cookies instal\u00b7lades al teu ordinador mitjan\u00e7ant la configuraci\u00f3 de les opcions del navegador instal\u00b7lat al teu ordinador. Per a m\u00e9s informaci\u00f3 sobre com ajustar la configuraci\u00f3 de les galetes en els seg\u00fcents navegadors, us remetem a l&#8217;enlla\u00e7 corresponent:<\/p>\n<p><strong>Internet Explorer<\/strong><br \/>\n<a href=\"https:\/\/support.microsoft.com\/es-es\/help\/17442\/windows-internet-explorer-delete-manage-cookies\">https:\/\/support.microsoft.com\/es-es\/help\/17442\/windows-internet-explorer-delete-manage-cookies<\/a><\/p>\n<p><strong>Firefox<\/strong><br \/>\n<a href=\"https:\/\/support.mozilla.org\/es\/kb\/habilitar-y-deshabilitar-cookies-sitios-web-rastrear-preferencias?redirectlocale=es&amp;redirectslug=habilitar-y-deshabilitar-cookies-que-los-sitios-we\">https:\/\/support.mozilla.org\/es\/kb\/habilitar-y-deshabilitar-cookies-sitios-web-rastrear-preferencias?redirectlocale=es&amp;redirectslug=habilitar-y-deshabilitar-cookies-que-los-sitios-we<\/a><\/p>\n<p><strong>Chrome<\/strong><br \/>\n<a href=\"http:\/\/support.google.com\/chrome\/bin\/answer.py?hl=ca&amp;answer=95647\">http:\/\/support.google.com\/chrome\/bin\/answer.py?hl=ca&amp;answer=95647<\/a><\/p>\n<p><strong>Safari<\/strong><br \/>\n<a href=\"https:\/\/support.apple.com\/kb\/PH19214?viewlocale=es_ES&amp;locale=es_ES\">https:\/\/support.apple.com\/kb\/PH19214?viewlocale=es_ES&amp;locale=es_ES<\/a><\/p>\n<p><strong>\u00d2pera<\/strong><br \/>\n<a href=\"http:\/\/help.opera.com\/Windows\/11.50\/es-ES\/cookies.html\">http:\/\/help.opera.com\/Windows\/11.50\/es-ES\/cookies.html<\/a><\/p>\n<p>&nbsp;<\/p>\n<p><strong>8. CANVIS EN LA POL\u00cdTICA DE COOKIES<\/strong><\/p>\n<p>\u00c9s possible que aquesta Pol\u00edtica de Cookies estigui subjecta a canvis o modificacions, per aix\u00f2 us recomanem que reviseu aquesta pol\u00edtica cada vegada que accediu al nostre lloc web per tal d&#8217;estar adequadament informat sobre com i per a qu\u00e8 fem servir les cookies.<\/p>\n<p>&nbsp;<\/p>\n<p><strong>9. CONTACTE<\/strong><\/p>\n<p>Si tens qualsevol pregunta, comentari o suggeriment sobre la Pol\u00edtica de Cookies, escriu a infodti@dtifoundation.com.[\/vc_column_text][\/vc_column][\/vc_row]<\/p>\n<\/div>","protected":false},"excerpt":{"rendered":"<p>[vc_row row_height_percent=&#8221;0&#8243; override_padding=&#8221;yes&#8221; h_padding=&#8221;2&#8243; top_padding=&#8221;3&#8243; bottom_padding=&#8221;0&#8243; overlay_alpha=&#8221;50&#8243; gutter_size=&#8221;3&#8243; column_width_percent=&#8221;100&#8243; shift_y=&#8221;0&#8243; z_index=&#8221;0&#8243; uncode_shortcode_id=&#8221;180101&#8243;][vc_column width=&#8221;1\/1&#8243;][vc_custom_heading text_color=&#8221;color-115985&#8243; heading_semantic=&#8221;div&#8221; text_size=&#8221;h1&#8243; uncode_shortcode_id=&#8221;672120&#8243; text_color_type=&#8221;uncode-palette&#8221;]Pol\u00edtica de cookies[\/vc_custom_heading][\/vc_column][\/vc_row][vc_row][vc_column [&hellip;]<\/p>\n","protected":false},"author":1,"featured_media":0,"parent":0,"menu_order":0,"comment_status":"closed","ping_status":"closed","template":"","meta":{"_acf_changed":false,"footnotes":""},"class_list":["post-5886","page","type-page","status-publish","hentry"],"acf":[],"yoast_head":"<!-- This site is optimized with the Yoast SEO plugin v26.9 - https:\/\/yoast.com\/product\/yoast-seo-wordpress\/ -->\n<title>Pol\u00edtica de cookies | DTI Foundation | Donation &amp; Transplantation Institute<\/title>\n<meta name=\"description\" content=\"Descobreix tota la informaci\u00f3 sobre Pol\u00edtica de cookies a la nostra web. A DTI oferim suport a projectes internacionals orientats a augmentar la donaci\u00f3 d&#039;\u00f2rgans i els trasplantaments arreu del m\u00f3n.\" \/>\n<meta name=\"robots\" content=\"index, follow, max-snippet:-1, max-image-preview:large, max-video-preview:-1\" \/>\n<link rel=\"canonical\" href=\"https:\/\/dtifoundation.com\/ca\/politica-de-cookies\/\" \/>\n<meta property=\"og:locale\" content=\"ca_ES\" \/>\n<meta property=\"og:type\" content=\"article\" \/>\n<meta property=\"og:title\" content=\"Pol\u00edtica de cookies | DTI Foundation | Donation &amp; Transplantation Institute\" \/>\n<meta property=\"og:description\" content=\"Descobreix tota la informaci\u00f3 sobre Pol\u00edtica de cookies a la nostra web. A DTI oferim suport a projectes internacionals orientats a augmentar la donaci\u00f3 d&#039;\u00f2rgans i els trasplantaments arreu del m\u00f3n.\" \/>\n<meta property=\"og:url\" content=\"https:\/\/dtifoundation.com\/ca\/politica-de-cookies\/\" \/>\n<meta property=\"og:site_name\" content=\"DTI Foundation | Donation &amp; Transplantation Institute\" \/>\n<meta property=\"article:modified_time\" content=\"2023-03-23T10:05:20+00:00\" \/>\n<meta name=\"twitter:card\" content=\"summary_large_image\" \/>\n<meta name=\"twitter:label1\" content=\"Temps estimat de lectura\" \/>\n\t<meta name=\"twitter:data1\" content=\"6 minuts\" \/>\n<script type=\"application\/ld+json\" class=\"yoast-schema-graph\">{\"@context\":\"https:\/\/schema.org\",\"@graph\":[{\"@type\":[\"WebPage\",\"MedicalWebPage\"],\"@id\":\"https:\/\/dtifoundation.com\/ca\/politica-de-cookies\/\",\"url\":\"https:\/\/dtifoundation.com\/ca\/politica-de-cookies\/\",\"name\":\"Pol\u00edtica de cookies | DTI Foundation | Donation &amp; Transplantation Institute\",\"isPartOf\":{\"@id\":\"https:\/\/dtifoundation.com\/#website\"},\"datePublished\":\"2023-03-23T09:45:17+00:00\",\"dateModified\":\"2023-03-23T10:05:20+00:00\",\"description\":\"Descobreix tota la informaci\u00f3 sobre Pol\u00edtica de cookies a la nostra web. A DTI oferim suport a projectes internacionals orientats a augmentar la donaci\u00f3 d'\u00f2rgans i els trasplantaments arreu del m\u00f3n.\",\"breadcrumb\":{\"@id\":\"https:\/\/dtifoundation.com\/ca\/politica-de-cookies\/#breadcrumb\"},\"inLanguage\":\"ca\",\"potentialAction\":[{\"@type\":\"ReadAction\",\"target\":[\"https:\/\/dtifoundation.com\/ca\/politica-de-cookies\/\"]}]},{\"@type\":\"BreadcrumbList\",\"@id\":\"https:\/\/dtifoundation.com\/ca\/politica-de-cookies\/#breadcrumb\",\"itemListElement\":[{\"@type\":\"ListItem\",\"position\":1,\"name\":\"Home\",\"item\":\"https:\/\/dtifoundation.com\/ca\/\"},{\"@type\":\"ListItem\",\"position\":2,\"name\":\"Pol\u00edtica de cookies\"}]},{\"@type\":\"WebSite\",\"@id\":\"https:\/\/dtifoundation.com\/#website\",\"url\":\"https:\/\/dtifoundation.com\/\",\"name\":\"TPM - DTI Foundation\",\"description\":\"\",\"potentialAction\":[{\"@type\":\"SearchAction\",\"target\":{\"@type\":\"EntryPoint\",\"urlTemplate\":\"https:\/\/dtifoundation.com\/?s={search_term_string}\"},\"query-input\":{\"@type\":\"PropertyValueSpecification\",\"valueRequired\":true,\"valueName\":\"search_term_string\"}}],\"inLanguage\":\"ca\"}]}<\/script>\n<!-- \/ Yoast SEO plugin. -->","yoast_head_json":{"title":"Pol\u00edtica de cookies | DTI Foundation | Donation &amp; Transplantation Institute","description":"Descobreix tota la informaci\u00f3 sobre Pol\u00edtica de cookies a la nostra web. A DTI oferim suport a projectes internacionals orientats a augmentar la donaci\u00f3 d'\u00f2rgans i els trasplantaments arreu del m\u00f3n.","robots":{"index":"index","follow":"follow","max-snippet":"max-snippet:-1","max-image-preview":"max-image-preview:large","max-video-preview":"max-video-preview:-1"},"canonical":"https:\/\/dtifoundation.com\/ca\/politica-de-cookies\/","og_locale":"ca_ES","og_type":"article","og_title":"Pol\u00edtica de cookies | DTI Foundation | Donation &amp; Transplantation Institute","og_description":"Descobreix tota la informaci\u00f3 sobre Pol\u00edtica de cookies a la nostra web. A DTI oferim suport a projectes internacionals orientats a augmentar la donaci\u00f3 d'\u00f2rgans i els trasplantaments arreu del m\u00f3n.","og_url":"https:\/\/dtifoundation.com\/ca\/politica-de-cookies\/","og_site_name":"DTI Foundation | Donation &amp; Transplantation Institute","article_modified_time":"2023-03-23T10:05:20+00:00","twitter_card":"summary_large_image","twitter_misc":{"Temps estimat de lectura":"6 minuts"},"schema":{"@context":"https:\/\/schema.org","@graph":[{"@type":["WebPage","MedicalWebPage"],"@id":"https:\/\/dtifoundation.com\/ca\/politica-de-cookies\/","url":"https:\/\/dtifoundation.com\/ca\/politica-de-cookies\/","name":"Pol\u00edtica de cookies | DTI Foundation | Donation &amp; Transplantation Institute","isPartOf":{"@id":"https:\/\/dtifoundation.com\/#website"},"datePublished":"2023-03-23T09:45:17+00:00","dateModified":"2023-03-23T10:05:20+00:00","description":"Descobreix tota la informaci\u00f3 sobre Pol\u00edtica de cookies a la nostra web. A DTI oferim suport a projectes internacionals orientats a augmentar la donaci\u00f3 d'\u00f2rgans i els trasplantaments arreu del m\u00f3n.","breadcrumb":{"@id":"https:\/\/dtifoundation.com\/ca\/politica-de-cookies\/#breadcrumb"},"inLanguage":"ca","potentialAction":[{"@type":"ReadAction","target":["https:\/\/dtifoundation.com\/ca\/politica-de-cookies\/"]}]},{"@type":"BreadcrumbList","@id":"https:\/\/dtifoundation.com\/ca\/politica-de-cookies\/#breadcrumb","itemListElement":[{"@type":"ListItem","position":1,"name":"Home","item":"https:\/\/dtifoundation.com\/ca\/"},{"@type":"ListItem","position":2,"name":"Pol\u00edtica de cookies"}]},{"@type":"WebSite","@id":"https:\/\/dtifoundation.com\/#website","url":"https:\/\/dtifoundation.com\/","name":"TPM - DTI Foundation","description":"","potentialAction":[{"@type":"SearchAction","target":{"@type":"EntryPoint","urlTemplate":"https:\/\/dtifoundation.com\/?s={search_term_string}"},"query-input":{"@type":"PropertyValueSpecification","valueRequired":true,"valueName":"search_term_string"}}],"inLanguage":"ca"}]}},"_links":{"self":[{"href":"https:\/\/dtifoundation.com\/ca\/wp-json\/wp\/v2\/pages\/5886","targetHints":{"allow":["GET"]}}],"collection":[{"href":"https:\/\/dtifoundation.com\/ca\/wp-json\/wp\/v2\/pages"}],"about":[{"href":"https:\/\/dtifoundation.com\/ca\/wp-json\/wp\/v2\/types\/page"}],"author":[{"embeddable":true,"href":"https:\/\/dtifoundation.com\/ca\/wp-json\/wp\/v2\/users\/1"}],"replies":[{"embeddable":true,"href":"https:\/\/dtifoundation.com\/ca\/wp-json\/wp\/v2\/comments?post=5886"}],"version-history":[{"count":0,"href":"https:\/\/dtifoundation.com\/ca\/wp-json\/wp\/v2\/pages\/5886\/revisions"}],"wp:attachment":[{"href":"https:\/\/dtifoundation.com\/ca\/wp-json\/wp\/v2\/media?parent=5886"}],"curies":[{"name":"wp","href":"https:\/\/api.w.org\/{rel}","templated":true}]}}