{"id":5883,"date":"2023-03-23T09:36:52","date_gmt":"2023-03-23T09:36:52","guid":{"rendered":"http:\/\/dti.developallin.com\/politica-de-privadesa\/"},"modified":"2023-09-27T08:03:30","modified_gmt":"2023-09-27T08:03:30","slug":"politica-de-privadesa","status":"publish","type":"page","link":"https:\/\/dtifoundation.com\/ca\/politica-de-privadesa\/","title":{"rendered":"Pol\u00edtica de privadesa"},"content":{"rendered":"<div class=\"wpb-content-wrapper\"><p>[vc_row row_height_percent=&#8221;0&#8243; override_padding=&#8221;yes&#8221; h_padding=&#8221;2&#8243; top_padding=&#8221;3&#8243; bottom_padding=&#8221;0&#8243; overlay_alpha=&#8221;50&#8243; gutter_size=&#8221;3&#8243; column_width_percent=&#8221;100&#8243; shift_y=&#8221;0&#8243; z_index=&#8221;0&#8243; uncode_shortcode_id=&#8221;180101&#8243;][vc_column width=&#8221;1\/1&#8243;][vc_custom_heading text_color=&#8221;color-115985&#8243; heading_semantic=&#8221;div&#8221; text_size=&#8221;h1&#8243; uncode_shortcode_id=&#8221;218618&#8243; text_color_type=&#8221;uncode-palette&#8221;]<strong>Pol\u00edtica de privadesa<\/strong>[\/vc_custom_heading][\/vc_column][\/vc_row][vc_row row_height_percent=&#8221;0&#8243; overlay_alpha=&#8221;50&#8243; gutter_size=&#8221;3&#8243; column_width_percent=&#8221;100&#8243; shift_y=&#8221;0&#8243; z_index=&#8221;0&#8243; uncode_shortcode_id=&#8221;142234&#8243;][vc_column width=&#8221;1\/1&#8243;][vc_custom_heading heading_semantic=&#8221;div&#8221; text_size=&#8221;h3&#8243; uncode_shortcode_id=&#8221;434334&#8243;]<strong>Informaci\u00f3 b\u00e0sica<\/strong>[\/vc_custom_heading][vc_column_text uncode_shortcode_id=&#8221;172078&#8243;]<strong>Informaci\u00f3 B\u00e0sica sobre Protecci\u00f3 de Dades<\/strong><\/p>\n<table>\n<tbody>\n<tr>\n<td width=\"160\">Responsable<\/td>\n<td width=\"773\">DTI DONATION &amp; TRANSPLANTATION INSTITUTE, FUNDACI\u00d3 PRIVADA.<\/td>\n<\/tr>\n<tr>\n<td width=\"160\">Finalitat<\/td>\n<td width=\"773\">Facilitar el contacte per poder oferir una resposta a les vostres consultes, dubtes o sol\u00b7licituds d&#8217;informaci\u00f3 sobre els programes de formaci\u00f3 duts a terme, aix\u00ed com la tramitaci\u00f3 i l&#8217;enviament d&#8217;informaci\u00f3 que pugui ser del vostre inter\u00e9s.<\/td>\n<\/tr>\n<tr>\n<td width=\"160\">Legitimaci\u00f3<\/td>\n<td width=\"773\">Consentiment de l&#8217;usuari per al tractament de les vostres dades personals.<\/td>\n<\/tr>\n<tr>\n<td width=\"160\">Destinataris<\/td>\n<td width=\"773\">No se cediran dades a tercers, llevat d&#8217;obligaci\u00f3 legal.<\/td>\n<\/tr>\n<tr>\n<td width=\"160\">Drets<\/td>\n<td width=\"773\">Accedir, rectificar i suprimir dades, aix\u00ed com altres drets, tal com s&#8217;explica a la informaci\u00f3 addicional.<\/td>\n<\/tr>\n<tr>\n<td width=\"160\">Informaci\u00f3 adicional<\/td>\n<td width=\"773\">Podeu trobar m\u00e9s informaci\u00f3 sobre protecci\u00f3 de dades a la informaci\u00f3 addicional.<\/td>\n<\/tr>\n<\/tbody>\n<\/table>\n<p>[\/vc_column_text][\/vc_column][\/vc_row][vc_row][vc_column width=&#8221;1\/1&#8243;][vc_custom_heading heading_semantic=&#8221;div&#8221; text_size=&#8221;h3&#8243; uncode_shortcode_id=&#8221;313177&#8243;]<strong>Informaci\u00f3 addicional<\/strong>[\/vc_custom_heading][vc_column_text uncode_shortcode_id=&#8221;310015&#8243;]DTI Donation &amp; Transplantation Institute vol informar-lo de manera transparent, a trav\u00e9s de la present Pol\u00edtica de Privadesa, sobre tots els tractaments que realitzem amb les seves dades, les finalitats per a les quals els tractem i els drets que com a usuari pot exercir sobre les seves dades personals, aix\u00ed com el temps durant el qual conservarem les vostres dades.<\/p>\n<p>Us informem que en accedir al nostre lloc web passa a tenir la condici\u00f3 d&#8217;usuari. Com a usuari, declara que disposa de la capacitat legal necess\u00e0ria per comprendre i acceptar en la seva integritat la Pol\u00edtica de Privadesa. Aquesta Pol\u00edtica de Privadesa ha de llegir-se juntament amb la nostra Pol\u00edtica de Cookies.<\/p>\n<p>Gr\u00e0cies per visitar el nostre lloc web.<\/p>\n<p>Esperem que gaudiu coneixent els serveis que DTI Donation &amp; Transplantation Institute us ofereix.[\/vc_column_text][\/vc_column][\/vc_row][vc_row][vc_column width=&#8221;1\/1&#8243;][vc_column_text uncode_shortcode_id=&#8221;187775&#8243;]<strong>1. QUI \u00c9S EL RESPONSABLE DEL TRACTAMENT DE LES SEVES DADES?<\/strong><\/p>\n<ul>\n<li>Identitat: DTI DONATION &amp; TRANSPLANTATION INSTITUTE, FUNDACI\u00d3 PRIVADA. (d&#8217;ara endavant \u201cDTI\u201d), amb CIF G-64862006 , \u00e9s responsable del tractament de les vostres dades de car\u00e0cter personal que ens facilita.<br \/>\nAdre\u00e7a postal: Parc Cient\u00edfic de Barcelona, carrer Baldiri i Reixac, 4-8, Torre I, 8a planta, 08028, Barcelona.<\/li>\n<li>Tel\u00e8fon: +34 934020896<\/li>\n<li>Correu electr\u00f2nic: infodti@dtifoundation.com.<\/li>\n<li>CIF: G-64862006<\/li>\n<\/ul>\n<p><strong>2. QU\u00c8 \u00c9S UNA DADA I UN TRACTAMENT DE CAR\u00c0CTER PERSONAL?<\/strong><br \/>\nS\u00f3n aquelles dades que identifiquin o permetin identificar una persona. Per exemple, les dades que poden identificar directament una persona s\u00f3n el nom i els cognoms, mentre que el n\u00famero de D.N.I pot arribar a identificar-la. Les dades de car\u00e0cter personal inclouen informaci\u00f3 com el tel\u00e8fon m\u00f2bil, l&#8217;adre\u00e7a de correu electr\u00f2nic, la data de naixement i el sexe entre d&#8217;altres. Tamb\u00e9 es poden incloure els identificadors num\u00e8rics com l&#8217;adre\u00e7a IP del vostre ordinador, aix\u00ed com la informaci\u00f3 que s&#8217;obt\u00e9 a trav\u00e9s de les cookies.<\/p>\n<p>Un tractament de car\u00e0cter personal \u00e9s tota operaci\u00f3 o conjunt d&#8217;operacions que realitzem sobre les vostres dades personals, com, per exemple, la recollida, registre, conservaci\u00f3, utilitzaci\u00f3 i comunicaci\u00f3 de les vostres dades.<\/p>\n<p>&nbsp;<\/p>\n<p><strong>3. QUIN TIPUS D&#8217;INFORMACI\u00d3 RECOPILEM?<\/strong><br \/>\nPer poder completar tant el formulari de contacte disponible a l&#8217;apartat de contacte del lloc web, com el formulari de sol\u00b7licitud d&#8217;informaci\u00f3 disponible a l&#8217;apartat de formaci\u00f3, cal que empleneu la informaci\u00f3 seg\u00fcent:<\/p>\n<ul>\n<li>Nom<\/li>\n<li>Cognoms<\/li>\n<li>Adre\u00e7a de correu electr\u00f2nic<\/li>\n<li>Tel\u00e8fon<\/li>\n<\/ul>\n<p>De manera volunt\u00e0ria podem recopilar altres dades personals que hagi incl\u00f2s al formulari de contacte i al formulari de sol\u00b7licitud d&#8217;informaci\u00f3 que no siguin obligat\u00f2ries.<\/p>\n<p>Aix\u00ed mateix, podem captar altres dades que ens faciliteu a trav\u00e9s del tel\u00e8fon i correu electr\u00f2nic de contacte.<\/p>\n<p>Per poder subscriure&#8217;s a la nostra newsletter per tal de rebre not\u00edcies, ofertes i promocions als nostres programes de formaci\u00f3, aix\u00ed com altres comunicacions, obtenim la seva adre\u00e7a de correu electr\u00f2nic.<\/p>\n<p>La captaci\u00f3 de les dades personals esmentades \u00e9s necess\u00e0ria per a la correcta prestaci\u00f3 i execuci\u00f3 dels nostres serveis.<\/p>\n<p>&nbsp;<\/p>\n<p><strong>4. QUINS TRAMENTS REALITZEM AMB LES SEVES DADES PERSONALS I PER A QUINES FINALITATS?<\/strong><br \/>\nVolem ser transparents amb vost\u00e8 i informar-lo sobre les operacions que duem a terme amb les seves dades i les finalitats per a les quals tractem aquestes dades.<\/p>\n<p>A continuaci\u00f3, us exposem tots els tractaments o operacions que duem a terme amb les vostres dades personals:<\/p>\n<p>Tramitaci\u00f3 i enviament de comunicacions comercials<br \/>\nDTI enviar\u00e0 a lusuari, sempre que aquest hagi donat el seu consentiment, comunicacions comercials per correu electr\u00f2nic informant sobre not\u00edcies i ofertes especials relacionades amb els cursos formatius i altres activitats que realitza la fundaci\u00f3.<\/p>\n<p>Us informem que en qualsevol moment podreu oposar-vos a rebre comunicacions comercials seguint les instruccions al peu del correu electr\u00f2nic enviat per DTI o enviant un email a infodti@dtifoundation.com.<\/p>\n<p>Contacte i servei d\u00b4atenci\u00f3 al client<br \/>\nDTI proporcionar\u00e0 el servei d&#8217;atenci\u00f3 al client, atenent qualsevol sol\u00b7licitud d&#8217;informaci\u00f3 o consulta enviada a trav\u00e9s del formulari de contacte del web corporatiu, l&#8217;adre\u00e7a de correu electr\u00f2nic o el tel\u00e8fon d&#8217;atenci\u00f3 al client.<\/p>\n<p>Manteniment de llistes de supressi\u00f3 actualitzades per evitar ser contactat si aix\u00ed ho sol\u00b7licita l&#8217;usuari<br \/>\nDTI mantindr\u00e0 la confirmaci\u00f3 dels usuaris que hagin sol\u00b7licitat la supressi\u00f3 de les seves dades en una llista de supressi\u00f3, quan els usuaris s&#8217;hagin oposat a l&#8217;enviament de les nostres comunicacions comercials o hagin sol\u00b7licitat la cancel\u00b7laci\u00f3 de les dades.<\/p>\n<p>&nbsp;<\/p>\n<p><strong>5. QUINA \u00c9S LA LEGITIMACI\u00d3 PER AL TRACTAMENT DE LES SEVES DADES?<\/strong><br \/>\nLa normativa de protecci\u00f3 de dades requereix que per al tractament de les vostres dades tinguem una base que legitimi aquest tractament. Aix\u00ed, per tractar la vostra informaci\u00f3 personal ens basem en dues bases legals depenent de l&#8217;activitat o tractament que duem a terme de les vostres dades. Les bases legals per al tractament de les vostres dades personals s\u00f3n:<\/p>\n<p>El seu consentiment: En completar el formulari subscrivint-se a la nostra newsletter, aix\u00ed com el formulari de contacte per poder realitzar qualsevol consulta o sol\u00b7licitud d&#8217;informaci\u00f3, acceptant la nostra pol\u00edtica de privadesa, consenteix el tractament de les seves dades per DTI necessari per dur a terme la correcta inscripci\u00f3 a la nostra newsletter i l&#8217;atenci\u00f3 a les vostres consultes o sol\u00b7licituds remeses.<br \/>\nCompliment d&#8217;una obligaci\u00f3 legal: DTI mantindr\u00e0 la confirmaci\u00f3 dels usuaris que hagin sol\u00b7licitat la supressi\u00f3 de les seves dades en una llista de supressi\u00f3, en compliment de l&#8217;obligaci\u00f3 legal derivada del Reglament (UE) 2016\/679 DEL Parlament Europeu i del Consell, de 27 d&#8217;abril del 2016, relatiu a la protecci\u00f3 de les persones f\u00edsiques pel que fa al tractament de dades personals ia la lliure circulaci\u00f3 d&#8217;aquestes dades i pel qual es deroga la Directiva 95\/46\/CE.<\/p>\n<p><strong>6. DURANT QUANT TEMPS CONSERVEM LES SEVES DADES?<\/strong><br \/>\nConservarem les vostres dades mentre no sol\u00b7liciteu donar-vos de baixa de la nostra newsletter, i en tot cas durant els terminis previstos per la normativa aplicable respecte a la prescripci\u00f3 de responsabilitats.<\/p>\n<p>&nbsp;<\/p>\n<p><strong>7. QUINES S\u00d3N ELS SEUS DRETS QUAN ENS FACILITA LES SEVES DADES?<\/strong><br \/>\nA continuaci\u00f3, us facilitem els drets que com a usuari del lloc web pot exercitar:<\/p>\n<p>&nbsp;<\/p>\n<p><strong>8. A QUI COMUNICEM LES SEVES DADES PERSONALS?<\/strong><br \/>\nDTI no revela la informaci\u00f3 personal que ens proporciona a trav\u00e9s de les vies descrites a l&#8217;apartat quart, llevat que sigui necessari per a la prestaci\u00f3 del servei.<\/p>\n<p>Igualment, \u00e9s possible que puguem comunicar les vostres dades personals, previ requeriment legal o base que legitimi la comunicaci\u00f3 a tribunals o organismes de l&#8217;administraci\u00f3 p\u00fablica.<\/p>\n<table>\n<tbody>\n<tr>\n<td width=\"151\"><strong>Drets <\/strong><\/td>\n<td width=\"875\"><strong>Qu\u00e8 vol dir aix\u00f2?<\/strong><\/td>\n<\/tr>\n<tr>\n<td width=\"151\">Dret d&#8217;acc\u00e9s<\/td>\n<td width=\"875\">Teniu dret que DTI us confirmi si est\u00e0 tractant o no les vostres dades personals i, en cas afirmatiu, el dret a saber quines dades estan tractant.<\/td>\n<\/tr>\n<tr>\n<td width=\"151\">Dret de rectificaci\u00f3<\/td>\n<td width=\"875\">Consisteix a poder modificar qualsevol dada que sigui inexacte o incompleta. En la seva sol\u00b7licitud de rectificaci\u00f3, ha d&#8217;indicar les dades que desitja que es modifiquin.<\/td>\n<\/tr>\n<tr>\n<td width=\"151\">Dret d&#8217;oposici\u00f3<\/td>\n<td width=\"875\">Teniu dret a oposar-vos en qualsevol moment, per motius relacionats amb les vostres circumst\u00e0ncies individuals, que les dades personals que us relacionin siguin objecte de tractament en funci\u00f3 de l&#8217;inter\u00e8s leg\u00edtim de l&#8217;empresa. DTI deixar\u00e0 de tractar les dades personals, llevat que manifestem motius leg\u00edtims imperatius per al tractament que prevalguin sobre els seus interessos, drets i llibertats, o per a la formulaci\u00f3, exercici o defensa de reclamacions.<\/td>\n<\/tr>\n<tr>\n<td width=\"151\">Dret de supressi\u00f3<\/td>\n<td width=\"875\">Aquest dret permet la cancel\u00b7laci\u00f3 de les seves dades personals. Les dades es mantindran bloquejades per impedir-ne el tractament, llevat de la posada a disposici\u00f3 dels \u00f2rgans de les administracions p\u00fabliques, jutges i tribunals per fer front a les responsabilitats que poguessin derivar-se del seu tractament durant el seu termini de prescripci\u00f3.<\/td>\n<\/tr>\n<tr>\n<td width=\"151\">Dret de portabilitat de les dades<\/td>\n<td width=\"875\">Teniu dret a copiar i transferir les dades de la nostra base de dades a un altre responsable del tractament. Nom\u00e9s \u00e9s possible exercir aquest dret quan el tractament es basa en l&#8217;execuci\u00f3 d&#8217;un contracte o en el seu consentiment i el tractament es realitza per mitjans automatitzats.<\/td>\n<\/tr>\n<tr>\n<td width=\"151\">Dret a limitar el tractament<\/td>\n<td width=\"875\">Aquest dret li permet sol\u00b7licitar-nos la suspensi\u00f3 del tractament de les seves dades quan:<\/p>\n<p>\u00a7 Impugna l&#8217;exactitud de les dades, mentre que DTI en comprova l&#8217;exactitud.<\/p>\n<p>\u00a7 Has exercit el teu dret d&#8217;oposici\u00f3 al tractament de les teves dades, mentre es comprova si els motius leg\u00edtims de DTI prevalen sobre els teus com a interessat.<\/p>\n<p>Igualment, aquest dret li permet sol\u00b7licitar a DTI que conservi les seves dades personals quan:<\/p>\n<p>\u00a7 El tractament de les dades \u00e9s il\u00b7l\u00edcit i com a interessat vost\u00e8 impugna la supressi\u00f3 de les seves dades i sol\u00b7licita en el seu lloc la limitaci\u00f3 del seu \u00fas.<\/p>\n<p>\u00a7 DTI ja no necessita les teves dades personals per a finalitats de tractament, sin\u00f3 que les requereix per a la formulaci\u00f3, exercici o defensa de reclamacions.<\/td>\n<\/tr>\n<tr>\n<td width=\"151\">Com es poden exercir aquests drets?<\/td>\n<td width=\"875\">Podr\u00e0s exercir el teu dret enviant-nos la teva sol\u00b7licitud a la seg\u00fcent adre\u00e7a de correu electr\u00f2nic: infodti@dtifoundation.com, o per correu postal, mitjan\u00e7ant una sol\u00b7licitud escrita i signada, acompanyada d&#8217;una c\u00f2pia del teu DNI o passaport, a l&#8217;adre\u00e7a seg\u00fcent adre\u00e7a: DTI \u2013 Institut de Donaci\u00f3 i Trasplantament, Fundaci\u00f3 Privada, Parc Cient\u00edfic de Barcelona, C\/Baldiri Reixac, 4-8 Torre I. Planta 8, 08028 Barcelona, Espanya) \u2013 Ref. Protecci\u00f3 de dades.<\/p>\n<p>De la mateixa manera, us informem que, si el DTI no compleix correctament amb l&#8217;exercici dels vostres drets, podreu presentar una reclamaci\u00f3 davant l&#8217;Ag\u00e8ncia Espanyola de Protecci\u00f3 de Dades (AEPD). Si desitja m\u00e9s informaci\u00f3 sobre aquest dret i com exercir-lo, pot posar-se en contacte amb l&#8217;AEPD:<\/p>\n<p>http:\/\/www.agpd.es<\/p>\n<p>Tel. 901 100 099 i 91.266.35.17<\/p>\n<p>C\/Jorge Juan, 6 28001-Madrid<\/td>\n<\/tr>\n<\/tbody>\n<\/table>\n<p>&nbsp;<\/p>\n<p><strong>9. CANVIS A LA PRESENT POL\u00cdTICA DE PRIVACITAT<\/strong><br \/>\nAquesta Pol\u00edtica de Privadesa podr\u00e0 variar amb el temps a causa dels possibles canvis de criteri seguits per l&#8217;autoritat de control competent en mat\u00e8ria de protecci\u00f3 de dades en cada moment. DTI es reserva per tant el dret a modificar aquesta Pol\u00edtica de Privadesa per poder adaptar-la a aquests criteris, aix\u00ed com a novetats jurisprudencials o legislatives.<\/p>\n<p>\u00daltima versi\u00f3: Maig 2019.[\/vc_column_text][\/vc_column][\/vc_row]<\/p>\n<\/div>","protected":false},"excerpt":{"rendered":"<p>[vc_row row_height_percent=&#8221;0&#8243; override_padding=&#8221;yes&#8221; h_padding=&#8221;2&#8243; top_padding=&#8221;3&#8243; bottom_padding=&#8221;0&#8243; overlay_alpha=&#8221;50&#8243; gutter_size=&#8221;3&#8243; column_width_percent=&#8221;100&#8243; shift_y=&#8221;0&#8243; z_index=&#8221;0&#8243; uncode_shortcode_id=&#8221;180101&#8243;][vc_column width=&#8221;1\/1&#8243;][vc_custom_heading text_color=&#8221;color-115985&#8243; heading_semantic=&#8221;div&#8221; text_size=&#8221;h1&#8243; uncode_shortcode_id=&#8221;218618&#8243; text_color_type=&#8221;uncode-palette&#8221;]Pol\u00edtica de privadesa[\/vc_custom_heading][\/vc_column][\/vc_row][vc_row [&hellip;]<\/p>\n","protected":false},"author":1,"featured_media":0,"parent":0,"menu_order":0,"comment_status":"closed","ping_status":"closed","template":"","meta":{"_acf_changed":false,"footnotes":""},"class_list":["post-5883","page","type-page","status-publish","hentry"],"acf":[],"yoast_head":"<!-- This site is optimized with the Yoast SEO plugin v26.9 - https:\/\/yoast.com\/product\/yoast-seo-wordpress\/ -->\n<title>Pol\u00edtica de privadesa | DTI Foundation | Donation &amp; Transplantation Institute<\/title>\n<meta name=\"description\" content=\"Descobreix tota la informaci\u00f3 sobre Pol\u00edtica de privadesa a la nostra web. A DTI oferim suport a projectes internacionals orientats a augmentar la donaci\u00f3 d&#039;\u00f2rgans i els trasplantaments arreu del m\u00f3n.\" \/>\n<meta name=\"robots\" content=\"index, follow, max-snippet:-1, max-image-preview:large, max-video-preview:-1\" \/>\n<link rel=\"canonical\" href=\"https:\/\/dtifoundation.com\/privacy-policy\/\" \/>\n<meta property=\"og:locale\" content=\"ca_ES\" \/>\n<meta property=\"og:type\" content=\"article\" \/>\n<meta property=\"og:title\" content=\"Pol\u00edtica de privadesa | DTI Foundation | Donation &amp; Transplantation Institute\" \/>\n<meta property=\"og:description\" content=\"Descobreix tota la informaci\u00f3 sobre Pol\u00edtica de privadesa a la nostra web. A DTI oferim suport a projectes internacionals orientats a augmentar la donaci\u00f3 d&#039;\u00f2rgans i els trasplantaments arreu del m\u00f3n.\" \/>\n<meta property=\"og:url\" content=\"https:\/\/dtifoundation.com\/privacy-policy\/\" \/>\n<meta property=\"og:site_name\" content=\"DTI Foundation | Donation &amp; Transplantation Institute\" \/>\n<meta property=\"article:modified_time\" content=\"2023-09-27T08:03:30+00:00\" \/>\n<meta name=\"twitter:card\" content=\"summary_large_image\" \/>\n<meta name=\"twitter:label1\" content=\"Temps estimat de lectura\" \/>\n\t<meta name=\"twitter:data1\" content=\"10 minuts\" \/>\n<script type=\"application\/ld+json\" class=\"yoast-schema-graph\">{\"@context\":\"https:\/\/schema.org\",\"@graph\":[{\"@type\":[\"WebPage\",\"MedicalWebPage\"],\"@id\":\"https:\/\/dtifoundation.com\/privacy-policy\/\",\"url\":\"https:\/\/dtifoundation.com\/privacy-policy\/\",\"name\":\"Pol\u00edtica de privadesa | DTI Foundation | Donation &amp; Transplantation Institute\",\"isPartOf\":{\"@id\":\"https:\/\/dtifoundation.com\/#website\"},\"datePublished\":\"2023-03-23T09:36:52+00:00\",\"dateModified\":\"2023-09-27T08:03:30+00:00\",\"description\":\"Descobreix tota la informaci\u00f3 sobre Pol\u00edtica de privadesa a la nostra web. A DTI oferim suport a projectes internacionals orientats a augmentar la donaci\u00f3 d'\u00f2rgans i els trasplantaments arreu del m\u00f3n.\",\"breadcrumb\":{\"@id\":\"https:\/\/dtifoundation.com\/privacy-policy\/#breadcrumb\"},\"inLanguage\":\"ca\",\"potentialAction\":[{\"@type\":\"ReadAction\",\"target\":[\"https:\/\/dtifoundation.com\/privacy-policy\/\"]}]},{\"@type\":\"BreadcrumbList\",\"@id\":\"https:\/\/dtifoundation.com\/privacy-policy\/#breadcrumb\",\"itemListElement\":[{\"@type\":\"ListItem\",\"position\":1,\"name\":\"Home\",\"item\":\"https:\/\/dtifoundation.com\/ca\/\"},{\"@type\":\"ListItem\",\"position\":2,\"name\":\"Pol\u00edtica de privadesa\"}]},{\"@type\":\"WebSite\",\"@id\":\"https:\/\/dtifoundation.com\/#website\",\"url\":\"https:\/\/dtifoundation.com\/\",\"name\":\"TPM - DTI Foundation\",\"description\":\"\",\"potentialAction\":[{\"@type\":\"SearchAction\",\"target\":{\"@type\":\"EntryPoint\",\"urlTemplate\":\"https:\/\/dtifoundation.com\/?s={search_term_string}\"},\"query-input\":{\"@type\":\"PropertyValueSpecification\",\"valueRequired\":true,\"valueName\":\"search_term_string\"}}],\"inLanguage\":\"ca\"}]}<\/script>\n<!-- \/ Yoast SEO plugin. -->","yoast_head_json":{"title":"Pol\u00edtica de privadesa | DTI Foundation | Donation &amp; Transplantation Institute","description":"Descobreix tota la informaci\u00f3 sobre Pol\u00edtica de privadesa a la nostra web. A DTI oferim suport a projectes internacionals orientats a augmentar la donaci\u00f3 d'\u00f2rgans i els trasplantaments arreu del m\u00f3n.","robots":{"index":"index","follow":"follow","max-snippet":"max-snippet:-1","max-image-preview":"max-image-preview:large","max-video-preview":"max-video-preview:-1"},"canonical":"https:\/\/dtifoundation.com\/privacy-policy\/","og_locale":"ca_ES","og_type":"article","og_title":"Pol\u00edtica de privadesa | DTI Foundation | Donation &amp; Transplantation Institute","og_description":"Descobreix tota la informaci\u00f3 sobre Pol\u00edtica de privadesa a la nostra web. A DTI oferim suport a projectes internacionals orientats a augmentar la donaci\u00f3 d'\u00f2rgans i els trasplantaments arreu del m\u00f3n.","og_url":"https:\/\/dtifoundation.com\/privacy-policy\/","og_site_name":"DTI Foundation | Donation &amp; Transplantation Institute","article_modified_time":"2023-09-27T08:03:30+00:00","twitter_card":"summary_large_image","twitter_misc":{"Temps estimat de lectura":"10 minuts"},"schema":{"@context":"https:\/\/schema.org","@graph":[{"@type":["WebPage","MedicalWebPage"],"@id":"https:\/\/dtifoundation.com\/privacy-policy\/","url":"https:\/\/dtifoundation.com\/privacy-policy\/","name":"Pol\u00edtica de privadesa | DTI Foundation | Donation &amp; Transplantation Institute","isPartOf":{"@id":"https:\/\/dtifoundation.com\/#website"},"datePublished":"2023-03-23T09:36:52+00:00","dateModified":"2023-09-27T08:03:30+00:00","description":"Descobreix tota la informaci\u00f3 sobre Pol\u00edtica de privadesa a la nostra web. A DTI oferim suport a projectes internacionals orientats a augmentar la donaci\u00f3 d'\u00f2rgans i els trasplantaments arreu del m\u00f3n.","breadcrumb":{"@id":"https:\/\/dtifoundation.com\/privacy-policy\/#breadcrumb"},"inLanguage":"ca","potentialAction":[{"@type":"ReadAction","target":["https:\/\/dtifoundation.com\/privacy-policy\/"]}]},{"@type":"BreadcrumbList","@id":"https:\/\/dtifoundation.com\/privacy-policy\/#breadcrumb","itemListElement":[{"@type":"ListItem","position":1,"name":"Home","item":"https:\/\/dtifoundation.com\/ca\/"},{"@type":"ListItem","position":2,"name":"Pol\u00edtica de privadesa"}]},{"@type":"WebSite","@id":"https:\/\/dtifoundation.com\/#website","url":"https:\/\/dtifoundation.com\/","name":"TPM - DTI Foundation","description":"","potentialAction":[{"@type":"SearchAction","target":{"@type":"EntryPoint","urlTemplate":"https:\/\/dtifoundation.com\/?s={search_term_string}"},"query-input":{"@type":"PropertyValueSpecification","valueRequired":true,"valueName":"search_term_string"}}],"inLanguage":"ca"}]}},"_links":{"self":[{"href":"https:\/\/dtifoundation.com\/ca\/wp-json\/wp\/v2\/pages\/5883","targetHints":{"allow":["GET"]}}],"collection":[{"href":"https:\/\/dtifoundation.com\/ca\/wp-json\/wp\/v2\/pages"}],"about":[{"href":"https:\/\/dtifoundation.com\/ca\/wp-json\/wp\/v2\/types\/page"}],"author":[{"embeddable":true,"href":"https:\/\/dtifoundation.com\/ca\/wp-json\/wp\/v2\/users\/1"}],"replies":[{"embeddable":true,"href":"https:\/\/dtifoundation.com\/ca\/wp-json\/wp\/v2\/comments?post=5883"}],"version-history":[{"count":0,"href":"https:\/\/dtifoundation.com\/ca\/wp-json\/wp\/v2\/pages\/5883\/revisions"}],"wp:attachment":[{"href":"https:\/\/dtifoundation.com\/ca\/wp-json\/wp\/v2\/media?parent=5883"}],"curies":[{"name":"wp","href":"https:\/\/api.w.org\/{rel}","templated":true}]}}