{"id":5667,"date":"2023-03-02T16:03:23","date_gmt":"2023-03-02T16:03:23","guid":{"rendered":"https:\/\/dti.developallin.com\/dispositius-medics\/"},"modified":"2026-04-15T10:23:12","modified_gmt":"2026-04-15T10:23:12","slug":"dispositius-medics","status":"publish","type":"page","link":"https:\/\/dtifoundation.com\/ca\/recerca-i-desenvolupament\/dispositius-medics\/","title":{"rendered":"Organ medicine"},"content":{"rendered":"<div class=\"wpb-content-wrapper\"><p>[vc_row row_height_percent=&#8221;0&#8243; override_padding=&#8221;yes&#8221; h_padding=&#8221;2&#8243; top_padding=&#8221;3&#8243; bottom_padding=&#8221;3&#8243; overlay_alpha=&#8221;50&#8243; gutter_size=&#8221;3&#8243; column_width_percent=&#8221;100&#8243; shift_y=&#8221;0&#8243; z_index=&#8221;0&#8243; uncode_shortcode_id=&#8221;104758&#8243;][vc_column width=&#8221;2\/3&#8243;][vc_custom_heading text_color=&#8221;color-red-tpm-dti&#8221; heading_semantic=&#8221;div&#8221; text_size=&#8221;h5&#8243; text_weight=&#8221;600&#8243; uncode_shortcode_id=&#8221;116932&#8243; text_color_type=&#8221;uncode-palette&#8221;]Research Development[\/vc_custom_heading][vc_custom_heading text_color=&#8221;color-jevc&#8221; text_transform=&#8221;uppercase&#8221; uncode_shortcode_id=&#8221;673747&#8243; text_color_type=&#8221;uncode-palette&#8221;]Organ Medicine[\/vc_custom_heading][vc_column_text uncode_shortcode_id=&#8221;921401&#8243;]<\/p>\n<p style=\"text-align: justify;\">Amb m\u00e9s de 30 anys d&#8217;experi\u00e8ncia en programes educatius i activitats de cooperaci\u00f3 internacional a nivell mundial, la Fundaci\u00f3 DTI \u00e9s un actor clau capa\u00e7 d&#8217;assessorar i col\u00b7laborar en el desenvolupament, la validaci\u00f3 i la implementaci\u00f3 de solucions o programes innovadors en el camp de la donaci\u00f3 i trasplantament d\u00f2rgans.<\/p>\n<p style=\"text-align: justify;\">Col\u00b7laborem amb diferents tipus d&#8217;institucions com ara universitats, hospitals, empreses biotecnol\u00f2giques i farmac\u00e8utiques, centres tecnol\u00f2gics i altres fundacions biom\u00e8diques, en el desenvolupament de projectes tant locals com internacionals.<\/p>\n<p style=\"text-align: justify;\">Per aix\u00f2, impulsem i coordinem projectes relacionats amb:<\/p>\n<ul style=\"text-align: justify;\">\n<li>Dispositius de preservaci\u00f3 i transport d\u201f\u00f2rgans<\/li>\n<li>Dispositius de perfusi\u00f3 de m\u00e0quines ex situ<\/li>\n<li>Solucions de preservaci\u00f3 dels \u00f2rgans<\/li>\n<li>Programari relacionat amb la donaci\u00f3 i el trasplantament d\u201f\u00f2rgans<\/li>\n<li>Solucions innovadores de tecnologia m\u00e8dica<\/li>\n<\/ul>\n<p style=\"text-align: justify;\">Tenim experi\u00e8ncia en la promoci\u00f3 de projectes de perfusi\u00f3 d\u201f\u00f2rgans ex situ. Actualment, aquest tipus de solucions innovadores est\u00e0 generant un inter\u00e8s creixent en regions on DTI t\u00e9 una forta pres\u00e8ncia, com \u00c0sia i Orient Mitj\u00e0.<\/p>\n<p>[\/vc_column_text][vc_tabs align=&#8221;left&#8221; el_id=&#8221;tabs-rd&#8221;][vc_tab gutter_size=&#8221;2&#8243; column_padding=&#8221;2&#8243; title=&#8221;Els nostres valors&#8221; tab_id=&#8221;1683706229-1-6&#8243;][uncode_list icon=&#8221;fa fa-chevron-right&#8221; icon_color=&#8221;color-red-tpm-dti&#8221; uncode_shortcode_id=&#8221;168568&#8243; icon_color_type=&#8221;uncode-palette&#8221;]<\/p>\n<ul>\n<li>Contacte directe amb hospitals<\/li>\n<li>Xarxes internacionals<\/li>\n<li>Coordinaci\u00f3 de projectes de recaptaci\u00f3 de fons p\u00fablics.<\/li>\n<\/ul>\n<p>[\/uncode_list][\/vc_tab][vc_tab gutter_size=&#8221;2&#8243; column_padding=&#8221;2&#8243; title=&#8221;Per qu\u00e8 DTI&#8221; tab_id=&#8221;1683706229-2-95&#8243;][vc_column_text uncode_shortcode_id=&#8221;178124&#8243;]DTI pot oferir suport a diferents nivells, depenent de la maduresa i les necessitats espec\u00edfiques del projecte. Proporcionem:[\/vc_column_text][uncode_list icon=&#8221;fa fa-chevron-right&#8221; icon_color=&#8221;color-red-tpm-dti&#8221; uncode_shortcode_id=&#8221;840378&#8243; icon_color_type=&#8221;uncode-palette&#8221;]<\/p>\n<ul>\n<li><span style=\"font-weight: 400;\">Constituci\u00f3 del Consell Cient\u00edfic Assessor i nomenament d&#8217;experts internacionals<\/span><\/li>\n<li><span style=\"font-weight: 400;\">Gesti\u00f3 de la validaci\u00f3 t\u00e8cnica precl\u00ednica de productes sanitaris<\/span><\/li>\n<li><span style=\"font-weight: 400;\">Suport en estudis cl\u00ednics<\/span><\/li>\n<li><span style=\"font-weight: 400;\">Programes internacionals de formaci\u00f3 en perfusi\u00f3 mec\u00e0nica d&#8217;\u00f2rgans<\/span><\/li>\n<li><span style=\"font-weight: 400;\">Activitats de sensibilitzaci\u00f3 sobre les t\u00e8cniques de perfusi\u00f3 ex situ d&#8217;\u00f2rgans a tot el m\u00f3n<\/span><\/li>\n<\/ul>\n<p>[\/uncode_list][vc_column_text uncode_shortcode_id=&#8221;173393&#8243;]La nostra tasca s\u2019est\u00e9n a diverses <strong>\u00e0rees clau<\/strong>, amb un enfocament centrat en la millora cont\u00ednua, el coneixement aplicat i l\u2019impacte real en el nostre \u00e0mbit d\u2019actuaci\u00f3.[\/vc_column_text][uncode_list icon=&#8221;fa fa-chevron-right&#8221; icon_color=&#8221;color-red-tpm-dti&#8221; uncode_shortcode_id=&#8221;836430&#8243; icon_color_type=&#8221;uncode-palette&#8221;]<\/p>\n<ul>\n<li><span style=\"font-weight: 400;\">Comit\u00e8s assessors amb experts internacionals<br \/>\n<\/span><\/li>\n<li><span style=\"font-weight: 400;\">Assessorament a hospitals i departaments m\u00e8dics.<br \/>\n<\/span><\/li>\n<li><span style=\"font-weight: 400;\">Coordinaci\u00f3 dassajos cl\u00ednics<br \/>\n<\/span><\/li>\n<li><span style=\"font-weight: 400;\">Validaci\u00f3 de dispositius m\u00e8dics<br \/>\n<\/span><\/li>\n<li><span style=\"font-weight: 400;\">Llan\u00e7ament al mercat de productes.<\/span><\/li>\n<\/ul>\n<p>[\/uncode_list][\/vc_tab][vc_tab gutter_size=&#8221;2&#8243; column_padding=&#8221;2&#8243; title=&#8221;Circuit de treball&#8221; tab_id=&#8221;1683821554947-3-0&#8243;][uncode_list uncode_shortcode_id=&#8221;710745&#8243;][\/uncode_list][vc_single_image media=&#8221;10378&#8243; media_width_percent=&#8221;90&#8243; uncode_shortcode_id=&#8221;726973&#8243;][\/vc_tab][\/vc_tabs][\/vc_column][vc_column column_width_percent=&#8221;100&#8243; gutter_size=&#8221;3&#8243; overlay_alpha=&#8221;50&#8243; shift_x=&#8221;0&#8243; shift_y=&#8221;0&#8243; shift_y_down=&#8221;0&#8243; z_index=&#8221;0&#8243; medium_width=&#8221;0&#8243; mobile_width=&#8221;0&#8243; sticky=&#8221;yes&#8221; width=&#8221;1\/3&#8243; uncode_shortcode_id=&#8221;126289&#8243;][vc_raw_html]Jm5ic3A7DQo8ZGl2IGNsYXNzPSJzaWRlYmFyLW5lZWQtaGVscC1jb250YWluZXIiPg0KPGRpdiBjbGFzcz0iaDQiPjwvZGl2Pg0KPGltZyBzcmM9Ii93cC1jb250ZW50L3VwbG9hZHMvMjAyMy8wMy9QQ0IuanBnIiBhbHQ9IlBhcmMgQ2llbnTDrWZpYyBkZSBCYXJjZWxvbmEiIC8+DQo8ZGl2IGNsYXNzPSJzaWRlYmFyLW5lZWQtaGVscCI+DQo8ZGl2IGNsYXNzPSJzaWRlYmFyLW5lZWQtaGVscC1saW5lIj4NCg0KPGltZyBzcmM9Ii93cC1jb250ZW50L3RoZW1lcy91bmNvZGUtY2hpbGQvYXNzZXRzL2ltYWdlcy9pY29uLnBuZyIgYWx0PSIiIHdpZHRoPSIzMCIgaGVpZ2h0PSIzMCIgLz4NCjxkaXY+DQoNCk1vbmRheSAtIEZyaWRheQ0KDQo8Yj4wOTowMCBBTSAtIDA1OjAwIFBNPC9iPg0KDQo8L2Rpdj4NCjwvZGl2Pg0KPGRpdiBjbGFzcz0ic2lkZWJhci1uZWVkLWhlbHAtbGluZSI+DQoNCjxpbWcgc3JjPSIvd3AtY29udGVudC90aGVtZXMvdW5jb2RlLWNoaWxkL2Fzc2V0cy9pbWFnZXMvaWNvbi0xLnBuZyIgYWx0PSIiIHdpZHRoPSIzMCIgaGVpZ2h0PSIzMCIgLz4NCjxkaXY+DQoNCkNvbnRhY3QgdXMNCg0KPGI+KzM0IDkzNCAwMjAgODk2PC9iPg0KDQo8L2Rpdj4NCjwvZGl2Pg0KPGRpdiBjbGFzcz0ic2lkZWJhci1uZWVkLWhlbHAtbGluZSI+DQoNCjxpbWcgc3JjPSIvd3AtY29udGVudC90aGVtZXMvdW5jb2RlLWNoaWxkL2Fzc2V0cy9pbWFnZXMvaWNvbi0xLnBuZyIgYWx0PSIiIHdpZHRoPSIzMCIgaGVpZ2h0PSIzMCIgLz4NCjxkaXY+DQoNClBhcmMgQ2llbnTDrWZpYyBkZSBCYXJjZWxvbmENCg0KPGI+Qy9CYWxkaXJpIFJlaXhhYywgNC04IFRvcnJlIEkuIFBsYW50YSA4LCAwODAyOCBCYXJjZWxvbmEsIFNwYWluPC9iPg0KDQo8L2Rpdj4NCjwvZGl2Pg0KPC9kaXY+DQo8L2Rpdj4=[\/vc_raw_html][\/vc_column][\/vc_row][vc_row row_height_percent=&#8221;0&#8243; override_padding=&#8221;yes&#8221; h_padding=&#8221;2&#8243; top_padding=&#8221;3&#8243; bottom_padding=&#8221;3&#8243; back_color=&#8221;color-lxmt&#8221; overlay_alpha=&#8221;50&#8243; gutter_size=&#8221;3&#8243; column_width_percent=&#8221;100&#8243; shift_y=&#8221;0&#8243; z_index=&#8221;0&#8243; uncode_shortcode_id=&#8221;162001&#8243; back_color_type=&#8221;uncode-palette&#8221;][vc_column column_width_percent=&#8221;100&#8243; align_horizontal=&#8221;align_center&#8221; gutter_size=&#8221;3&#8243; overlay_alpha=&#8221;50&#8243; shift_x=&#8221;0&#8243; shift_y=&#8221;0&#8243; shift_y_down=&#8221;0&#8243; z_index=&#8221;0&#8243; medium_width=&#8221;0&#8243; mobile_width=&#8221;0&#8243; width=&#8221;1\/1&#8243; uncode_shortcode_id=&#8221;879541&#8243;][vc_custom_heading heading_semantic=&#8221;div&#8221; text_weight=&#8221;600&#8243; uncode_shortcode_id=&#8221;820346&#8243;]Contacta\u2019ns per m\u00e9s informaci\u00f3 sobre aquest servei[\/vc_custom_heading][vc_raw_html]PGlmcmFtZSBzdHlsZT0iaGVpZ2h0OiA4MDBweDsgd2lkdGg6IDk5JTsgYm9yZGVyOiBub25lOyIgc3JjPSJodHRwczovL2Zvcm1zLnpvaG9wdWJsaWMuY29tL2R0aWZvdW5kYXRpb24vZm9ybS9EVElGb3VuZGF0aW9uTWVkaWNhbGRldmljZXMvZm9ybXBlcm1hL0NqWTRrLVg5eXBtSGZxbDN6bGJ5YUVIZjBRUHlrV01NbWN4OEVGeDRZRFE\/emZfbGFuZz1jYSIgZnJhbWVib3JkZXI9IjAiPjwvaWZyYW1lPg==[\/vc_raw_html][\/vc_column][\/vc_row]<\/p>\n<\/div>","protected":false},"excerpt":{"rendered":"<p>[vc_row row_height_percent=&#8221;0&#8243; override_padding=&#8221;yes&#8221; h_padding=&#8221;2&#8243; top_padding=&#8221;3&#8243; bottom_padding=&#8221;3&#8243; overlay_alpha=&#8221;50&#8243; gutter_size=&#8221;3&#8243; column_width_percent=&#8221;100&#8243; shift_y=&#8221;0&#8243; z_index=&#8221;0&#8243; uncode_shortcode_id=&#8221;104758&#8243;][vc_column width=&#8221;2\/3&#8243;][vc_custom_heading text_color=&#8221;color-red-tpm-dti&#8221; heading_semantic=&#8221;div&#8221; text_size=&#8221;h5&#8243; text_weight=&#8221;600&#8243; uncode_shortcode_id=&#8221;116932&#8243; text_color_type=&#8221;uncode-palette&#8221;]Research Development[\/vc_custom_heading][vc_custom_heading [&hellip;]<\/p>\n","protected":false},"author":1,"featured_media":9289,"parent":17302,"menu_order":0,"comment_status":"closed","ping_status":"closed","template":"","meta":{"_acf_changed":false,"footnotes":""},"class_list":["post-5667","page","type-page","status-publish","has-post-thumbnail","hentry"],"acf":[],"yoast_head":"<!-- This site is optimized with the Yoast SEO plugin v26.9 - https:\/\/yoast.com\/product\/yoast-seo-wordpress\/ -->\n<title>Organ medicine | DTI Foundation | Donation &amp; Transplantation Institute<\/title>\n<meta name=\"description\" content=\"Descobreix tota la informaci\u00f3 sobre Organ medicine a la nostra web. A DTI oferim suport a projectes internacionals orientats a augmentar la donaci\u00f3 d&#039;\u00f2rgans i els trasplantaments arreu del m\u00f3n.\" \/>\n<meta name=\"robots\" content=\"index, follow, max-snippet:-1, max-image-preview:large, max-video-preview:-1\" \/>\n<link rel=\"canonical\" href=\"https:\/\/dtifoundation.com\/ca\/recerca-i-desenvolupament\/dispositius-medics\/\" \/>\n<meta property=\"og:locale\" content=\"ca_ES\" \/>\n<meta property=\"og:type\" content=\"article\" \/>\n<meta property=\"og:title\" content=\"Organ medicine | DTI Foundation | Donation &amp; Transplantation Institute\" \/>\n<meta property=\"og:description\" content=\"Descobreix tota la informaci\u00f3 sobre Organ medicine a la nostra web. A DTI oferim suport a projectes internacionals orientats a augmentar la donaci\u00f3 d&#039;\u00f2rgans i els trasplantaments arreu del m\u00f3n.\" \/>\n<meta property=\"og:url\" content=\"https:\/\/dtifoundation.com\/ca\/recerca-i-desenvolupament\/dispositius-medics\/\" \/>\n<meta property=\"og:site_name\" content=\"DTI Foundation | Donation &amp; Transplantation Institute\" \/>\n<meta property=\"article:modified_time\" content=\"2026-04-15T10:23:12+00:00\" \/>\n<meta property=\"og:image\" content=\"https:\/\/dtifoundation.com\/wp-content\/uploads\/2023\/04\/doctor-s-hands-placing-medical-material-for-laparo-2022-03-15-18-43-46-utc.jpg\" \/>\n\t<meta property=\"og:image:width\" content=\"2500\" \/>\n\t<meta property=\"og:image:height\" content=\"1576\" \/>\n\t<meta property=\"og:image:type\" content=\"image\/jpeg\" \/>\n<meta name=\"twitter:card\" content=\"summary_large_image\" \/>\n<meta name=\"twitter:label1\" content=\"Temps estimat de lectura\" \/>\n\t<meta name=\"twitter:data1\" content=\"4 minuts\" \/>\n<script type=\"application\/ld+json\" class=\"yoast-schema-graph\">{\"@context\":\"https:\/\/schema.org\",\"@graph\":[{\"@type\":[\"WebPage\",\"MedicalWebPage\"],\"@id\":\"https:\/\/dtifoundation.com\/ca\/recerca-i-desenvolupament\/dispositius-medics\/\",\"url\":\"https:\/\/dtifoundation.com\/ca\/recerca-i-desenvolupament\/dispositius-medics\/\",\"name\":\"Organ medicine | DTI Foundation | Donation &amp; Transplantation Institute\",\"isPartOf\":{\"@id\":\"https:\/\/dtifoundation.com\/#website\"},\"primaryImageOfPage\":{\"@id\":\"https:\/\/dtifoundation.com\/ca\/recerca-i-desenvolupament\/dispositius-medics\/#primaryimage\"},\"image\":{\"@id\":\"https:\/\/dtifoundation.com\/ca\/recerca-i-desenvolupament\/dispositius-medics\/#primaryimage\"},\"thumbnailUrl\":\"https:\/\/dtifoundation.com\/wp-content\/uploads\/2023\/04\/doctor-s-hands-placing-medical-material-for-laparo-2022-03-15-18-43-46-utc.jpg\",\"datePublished\":\"2023-03-02T16:03:23+00:00\",\"dateModified\":\"2026-04-15T10:23:12+00:00\",\"description\":\"Descobreix tota la informaci\u00f3 sobre Organ medicine a la nostra web. A DTI oferim suport a projectes internacionals orientats a augmentar la donaci\u00f3 d'\u00f2rgans i els trasplantaments arreu del m\u00f3n.\",\"breadcrumb\":{\"@id\":\"https:\/\/dtifoundation.com\/ca\/recerca-i-desenvolupament\/dispositius-medics\/#breadcrumb\"},\"inLanguage\":\"ca\",\"potentialAction\":[{\"@type\":\"ReadAction\",\"target\":[\"https:\/\/dtifoundation.com\/ca\/recerca-i-desenvolupament\/dispositius-medics\/\"]}]},{\"@type\":\"ImageObject\",\"inLanguage\":\"ca\",\"@id\":\"https:\/\/dtifoundation.com\/ca\/recerca-i-desenvolupament\/dispositius-medics\/#primaryimage\",\"url\":\"https:\/\/dtifoundation.com\/wp-content\/uploads\/2023\/04\/doctor-s-hands-placing-medical-material-for-laparo-2022-03-15-18-43-46-utc.jpg\",\"contentUrl\":\"https:\/\/dtifoundation.com\/wp-content\/uploads\/2023\/04\/doctor-s-hands-placing-medical-material-for-laparo-2022-03-15-18-43-46-utc.jpg\",\"width\":2500,\"height\":1576},{\"@type\":\"BreadcrumbList\",\"@id\":\"https:\/\/dtifoundation.com\/ca\/recerca-i-desenvolupament\/dispositius-medics\/#breadcrumb\",\"itemListElement\":[{\"@type\":\"ListItem\",\"position\":1,\"name\":\"Home\",\"item\":\"https:\/\/dtifoundation.com\/ca\/\"},{\"@type\":\"ListItem\",\"position\":2,\"name\":\"Recerca i desenvolupament\",\"item\":\"https:\/\/dtifoundation.com\/ca\/recerca-i-desenvolupament\/\"},{\"@type\":\"ListItem\",\"position\":3,\"name\":\"Organ medicine\"}]},{\"@type\":\"WebSite\",\"@id\":\"https:\/\/dtifoundation.com\/#website\",\"url\":\"https:\/\/dtifoundation.com\/\",\"name\":\"TPM - DTI Foundation\",\"description\":\"\",\"potentialAction\":[{\"@type\":\"SearchAction\",\"target\":{\"@type\":\"EntryPoint\",\"urlTemplate\":\"https:\/\/dtifoundation.com\/?s={search_term_string}\"},\"query-input\":{\"@type\":\"PropertyValueSpecification\",\"valueRequired\":true,\"valueName\":\"search_term_string\"}}],\"inLanguage\":\"ca\"}]}<\/script>\n<!-- \/ Yoast SEO plugin. -->","yoast_head_json":{"title":"Organ medicine | DTI Foundation | Donation &amp; Transplantation Institute","description":"Descobreix tota la informaci\u00f3 sobre Organ medicine a la nostra web. A DTI oferim suport a projectes internacionals orientats a augmentar la donaci\u00f3 d'\u00f2rgans i els trasplantaments arreu del m\u00f3n.","robots":{"index":"index","follow":"follow","max-snippet":"max-snippet:-1","max-image-preview":"max-image-preview:large","max-video-preview":"max-video-preview:-1"},"canonical":"https:\/\/dtifoundation.com\/ca\/recerca-i-desenvolupament\/dispositius-medics\/","og_locale":"ca_ES","og_type":"article","og_title":"Organ medicine | DTI Foundation | Donation &amp; Transplantation Institute","og_description":"Descobreix tota la informaci\u00f3 sobre Organ medicine a la nostra web. A DTI oferim suport a projectes internacionals orientats a augmentar la donaci\u00f3 d'\u00f2rgans i els trasplantaments arreu del m\u00f3n.","og_url":"https:\/\/dtifoundation.com\/ca\/recerca-i-desenvolupament\/dispositius-medics\/","og_site_name":"DTI Foundation | Donation &amp; Transplantation Institute","article_modified_time":"2026-04-15T10:23:12+00:00","og_image":[{"width":2500,"height":1576,"url":"https:\/\/dtifoundation.com\/wp-content\/uploads\/2023\/04\/doctor-s-hands-placing-medical-material-for-laparo-2022-03-15-18-43-46-utc.jpg","type":"image\/jpeg"}],"twitter_card":"summary_large_image","twitter_misc":{"Temps estimat de lectura":"4 minuts"},"schema":{"@context":"https:\/\/schema.org","@graph":[{"@type":["WebPage","MedicalWebPage"],"@id":"https:\/\/dtifoundation.com\/ca\/recerca-i-desenvolupament\/dispositius-medics\/","url":"https:\/\/dtifoundation.com\/ca\/recerca-i-desenvolupament\/dispositius-medics\/","name":"Organ medicine | DTI Foundation | Donation &amp; Transplantation Institute","isPartOf":{"@id":"https:\/\/dtifoundation.com\/#website"},"primaryImageOfPage":{"@id":"https:\/\/dtifoundation.com\/ca\/recerca-i-desenvolupament\/dispositius-medics\/#primaryimage"},"image":{"@id":"https:\/\/dtifoundation.com\/ca\/recerca-i-desenvolupament\/dispositius-medics\/#primaryimage"},"thumbnailUrl":"https:\/\/dtifoundation.com\/wp-content\/uploads\/2023\/04\/doctor-s-hands-placing-medical-material-for-laparo-2022-03-15-18-43-46-utc.jpg","datePublished":"2023-03-02T16:03:23+00:00","dateModified":"2026-04-15T10:23:12+00:00","description":"Descobreix tota la informaci\u00f3 sobre Organ medicine a la nostra web. A DTI oferim suport a projectes internacionals orientats a augmentar la donaci\u00f3 d'\u00f2rgans i els trasplantaments arreu del m\u00f3n.","breadcrumb":{"@id":"https:\/\/dtifoundation.com\/ca\/recerca-i-desenvolupament\/dispositius-medics\/#breadcrumb"},"inLanguage":"ca","potentialAction":[{"@type":"ReadAction","target":["https:\/\/dtifoundation.com\/ca\/recerca-i-desenvolupament\/dispositius-medics\/"]}]},{"@type":"ImageObject","inLanguage":"ca","@id":"https:\/\/dtifoundation.com\/ca\/recerca-i-desenvolupament\/dispositius-medics\/#primaryimage","url":"https:\/\/dtifoundation.com\/wp-content\/uploads\/2023\/04\/doctor-s-hands-placing-medical-material-for-laparo-2022-03-15-18-43-46-utc.jpg","contentUrl":"https:\/\/dtifoundation.com\/wp-content\/uploads\/2023\/04\/doctor-s-hands-placing-medical-material-for-laparo-2022-03-15-18-43-46-utc.jpg","width":2500,"height":1576},{"@type":"BreadcrumbList","@id":"https:\/\/dtifoundation.com\/ca\/recerca-i-desenvolupament\/dispositius-medics\/#breadcrumb","itemListElement":[{"@type":"ListItem","position":1,"name":"Home","item":"https:\/\/dtifoundation.com\/ca\/"},{"@type":"ListItem","position":2,"name":"Recerca i desenvolupament","item":"https:\/\/dtifoundation.com\/ca\/recerca-i-desenvolupament\/"},{"@type":"ListItem","position":3,"name":"Organ medicine"}]},{"@type":"WebSite","@id":"https:\/\/dtifoundation.com\/#website","url":"https:\/\/dtifoundation.com\/","name":"TPM - DTI Foundation","description":"","potentialAction":[{"@type":"SearchAction","target":{"@type":"EntryPoint","urlTemplate":"https:\/\/dtifoundation.com\/?s={search_term_string}"},"query-input":{"@type":"PropertyValueSpecification","valueRequired":true,"valueName":"search_term_string"}}],"inLanguage":"ca"}]}},"_links":{"self":[{"href":"https:\/\/dtifoundation.com\/ca\/wp-json\/wp\/v2\/pages\/5667","targetHints":{"allow":["GET"]}}],"collection":[{"href":"https:\/\/dtifoundation.com\/ca\/wp-json\/wp\/v2\/pages"}],"about":[{"href":"https:\/\/dtifoundation.com\/ca\/wp-json\/wp\/v2\/types\/page"}],"author":[{"embeddable":true,"href":"https:\/\/dtifoundation.com\/ca\/wp-json\/wp\/v2\/users\/1"}],"replies":[{"embeddable":true,"href":"https:\/\/dtifoundation.com\/ca\/wp-json\/wp\/v2\/comments?post=5667"}],"version-history":[{"count":9,"href":"https:\/\/dtifoundation.com\/ca\/wp-json\/wp\/v2\/pages\/5667\/revisions"}],"predecessor-version":[{"id":18234,"href":"https:\/\/dtifoundation.com\/ca\/wp-json\/wp\/v2\/pages\/5667\/revisions\/18234"}],"up":[{"embeddable":true,"href":"https:\/\/dtifoundation.com\/ca\/wp-json\/wp\/v2\/pages\/17302"}],"wp:featuredmedia":[{"embeddable":true,"href":"https:\/\/dtifoundation.com\/ca\/wp-json\/wp\/v2\/media\/9289"}],"wp:attachment":[{"href":"https:\/\/dtifoundation.com\/ca\/wp-json\/wp\/v2\/media?parent=5667"}],"curies":[{"name":"wp","href":"https:\/\/api.w.org\/{rel}","templated":true}]}}