{"id":5539,"date":"2023-03-14T16:56:53","date_gmt":"2023-03-14T16:56:53","guid":{"rendered":"http:\/\/dti.developallin.com\/quorom\/"},"modified":"2023-05-22T08:34:35","modified_gmt":"2023-05-22T08:34:35","slug":"quorom","status":"publish","type":"page","link":"https:\/\/dtifoundation.com\/ca\/quorom\/","title":{"rendered":"QUOROM"},"content":{"rendered":"<div class=\"wpb-content-wrapper\"><p>[vc_row row_height_percent=&#8221;0&#8243; override_padding=&#8221;yes&#8221; h_padding=&#8221;2&#8243; top_padding=&#8221;3&#8243; bottom_padding=&#8221;3&#8243; overlay_alpha=&#8221;50&#8243; gutter_size=&#8221;3&#8243; column_width_percent=&#8221;100&#8243; shift_y=&#8221;0&#8243; z_index=&#8221;0&#8243; uncode_shortcode_id=&#8221;149821&#8243;][vc_column width=&#8221;1\/2&#8243;][vc_custom_heading uncode_shortcode_id=&#8221;158306&#8243;]<strong>QUORUM<\/strong>[\/vc_custom_heading][vc_column_text uncode_shortcode_id=&#8221;979009&#8243;]<span style=\"font-weight: 400;\">Quorum \u00e9s una eina en l\u00ednia utilitzada per recopilar tota la informaci\u00f3 relacionada amb el proc\u00e9s de donaci\u00f3 d&#8217;\u00f2rgans dels hospitals. Est\u00e0 dissenyat per recollir les dades, informar dels indicadors i comparar mensualment el rendiment dels hospitals, proporcionant tota la informaci\u00f3 necess\u00e0ria per a les auditories internes i externes.<\/span><\/p>\n<p><span style=\"font-weight: 400;\">Disposar d&#8217;un sistema de gesti\u00f3 de qualitat \u00e9s crucial perqu\u00e8 qualsevol hospital, instituci\u00f3, regi\u00f3 i pa\u00eds millori. Es tracta de disposar de qualsevol sistema que ajudi una organitzaci\u00f3 a establir la metodologia, les responsabilitats, els recursos, les activitats, etc., orientats a obtenir resultats bons i mesurables al llarg del temps per millorar cont\u00ednuament l&#8217;efic\u00e0cia i l&#8217;efici\u00e8ncia de el seu rendiment.<\/span>[\/vc_column_text][\/vc_column][vc_column column_width_percent=&#8221;100&#8243; position_vertical=&#8221;middle&#8221; gutter_size=&#8221;3&#8243; overlay_alpha=&#8221;50&#8243; shift_x=&#8221;0&#8243; shift_y=&#8221;0&#8243; shift_y_down=&#8221;0&#8243; z_index=&#8221;0&#8243; medium_width=&#8221;0&#8243; mobile_width=&#8221;0&#8243; width=&#8221;1\/2&#8243; uncode_shortcode_id=&#8221;855133&#8243;][vc_single_image media=&#8221;5551&#8243; media_width_percent=&#8221;100&#8243; uncode_shortcode_id=&#8221;156069&#8243;][\/vc_column][\/vc_row][vc_row row_height_percent=&#8221;0&#8243; override_padding=&#8221;yes&#8221; h_padding=&#8221;2&#8243; top_padding=&#8221;0&#8243; bottom_padding=&#8221;3&#8243; overlay_alpha=&#8221;50&#8243; gutter_size=&#8221;3&#8243; column_width_percent=&#8221;100&#8243; shift_y=&#8221;0&#8243; z_index=&#8221;0&#8243; uncode_shortcode_id=&#8221;137641&#8243;][vc_column width=&#8221;1\/2&#8243;][vc_single_image media=&#8221;5554&#8243; media_width_percent=&#8221;100&#8243; media_ratio=&#8221;four-three&#8221; uncode_shortcode_id=&#8221;166860&#8243;][\/vc_column][vc_column column_width_percent=&#8221;100&#8243; gutter_size=&#8221;3&#8243; overlay_alpha=&#8221;50&#8243; shift_x=&#8221;0&#8243; shift_y=&#8221;0&#8243; shift_y_down=&#8221;0&#8243; z_index=&#8221;0&#8243; medium_width=&#8221;0&#8243; mobile_width=&#8221;0&#8243; width=&#8221;1\/2&#8243; uncode_shortcode_id=&#8221;127053&#8243;][vc_column_text uncode_shortcode_id=&#8221;138526&#8243;]<span style=\"font-weight: 400;\">Les difer\u00e8ncies en la donaci\u00f3 d&#8217;\u00f2rgans entre hospitals no nom\u00e9s s&#8217;expliquen pel nombre de llits d&#8217;UCI i de pacients tractats. Cal tenir en compte l&#8217;estructura organitzativa del proc\u00e9s de donaci\u00f3 i la seva efic\u00e0cia. Quorum es proposa millorar els \u00edndexs de donaci\u00f3 i trasplantament d&#8217;\u00f2rgans mitjan\u00e7ant la implantaci\u00f3 d&#8217;un sistema de gesti\u00f3 de qualitat de la donaci\u00f3 d&#8217;\u00f2rgans.<\/span><\/p>\n<p><span style=\"font-weight: 400;\">Aquesta eina ha estat dissenyada per proporcionar als equips de donaci\u00f3 d\u00f2rgans un instrument que els permeti supervisar i analitzar millor lactivitat de donaci\u00f3 de morts.<br \/>\n<\/span><span style=\"font-weight: 400;\">Si voleu saber m\u00e9s sobre Quorum, no dubteu a posar-vos en contacte amb nosaltres. Tamb\u00e9 podem ajudar-lo a implantar-lo al vostre hospital, regi\u00f3 o pa\u00eds. <\/span>[\/vc_column_text][\/vc_column][\/vc_row][vc_row row_height_percent=&#8221;0&#8243; back_color=&#8221;color-lxmt&#8221; overlay_alpha=&#8221;50&#8243; gutter_size=&#8221;3&#8243; column_width_percent=&#8221;100&#8243; shift_y=&#8221;0&#8243; z_index=&#8221;0&#8243; uncode_shortcode_id=&#8221;348329&#8243; back_color_type=&#8221;uncode-palette&#8221;][vc_column width=&#8221;1\/1&#8243;][\/vc_column][\/vc_row][vc_row row_height_percent=&#8221;0&#8243; back_color=&#8221;color-lxmt&#8221; overlay_alpha=&#8221;50&#8243; gutter_size=&#8221;3&#8243; column_width_percent=&#8221;100&#8243; shift_y=&#8221;0&#8243; z_index=&#8221;0&#8243; uncode_shortcode_id=&#8221;105906&#8243; back_color_type=&#8221;uncode-palette&#8221;][vc_column column_width_percent=&#8221;100&#8243; align_horizontal=&#8221;align_center&#8221; gutter_size=&#8221;3&#8243; overlay_alpha=&#8221;50&#8243; shift_x=&#8221;0&#8243; shift_y=&#8221;0&#8243; shift_y_down=&#8221;0&#8243; z_index=&#8221;0&#8243; medium_width=&#8221;0&#8243; mobile_width=&#8221;0&#8243; width=&#8221;1\/1&#8243; uncode_shortcode_id=&#8221;623460&#8243;][vc_custom_heading uncode_shortcode_id=&#8221;189232&#8243;]Contacta\u2019ns per m\u00e9s informaci\u00f3 sobre aquest servei[\/vc_custom_heading][vc_raw_html]PGlmcmFtZSBzdHlsZT0ibWluLWhlaWdodDogOTI1cHg7IHdpZHRoOiA5OSU7IGJvcmRlcjogbm9uZTsiIHNyYz0iaHR0cHM6Ly9mb3Jtcy56b2hvcHVibGljLmNvbS9kdGlmb3VuZGF0aW9uL2Zvcm0vRFRJRm91bmRhdGlvblF1b3J1bS9mb3JtcGVybWEvVTN5RS00a3N4ZnJZWXEzSElzemtxVDVnUU5jdzFRWW84VjZVTzMtQ3Vscz96Zl9sYW5nPWNhIiBmcmFtZWJvcmRlcj0iMCI+PC9pZnJhbWU+[\/vc_raw_html][\/vc_column][\/vc_row]<\/p>\n<\/div>","protected":false},"excerpt":{"rendered":"<p>[vc_row row_height_percent=&#8221;0&#8243; override_padding=&#8221;yes&#8221; h_padding=&#8221;2&#8243; top_padding=&#8221;3&#8243; bottom_padding=&#8221;3&#8243; overlay_alpha=&#8221;50&#8243; gutter_size=&#8221;3&#8243; column_width_percent=&#8221;100&#8243; shift_y=&#8221;0&#8243; z_index=&#8221;0&#8243; uncode_shortcode_id=&#8221;149821&#8243;][vc_column width=&#8221;1\/2&#8243;][vc_custom_heading uncode_shortcode_id=&#8221;158306&#8243;]QUORUM[\/vc_custom_heading][vc_column_text uncode_shortcode_id=&#8221;979009&#8243;]Quorum \u00e9s una eina en l\u00ednia [&hellip;]<\/p>\n","protected":false},"author":1,"featured_media":9343,"parent":0,"menu_order":0,"comment_status":"closed","ping_status":"closed","template":"","meta":{"_acf_changed":false,"footnotes":""},"class_list":["post-5539","page","type-page","status-publish","has-post-thumbnail","hentry"],"acf":[],"yoast_head":"<!-- This site is optimized with the Yoast SEO plugin v26.9 - https:\/\/yoast.com\/product\/yoast-seo-wordpress\/ -->\n<title>QUOROM | DTI Foundation | Donation &amp; Transplantation Institute<\/title>\n<meta name=\"description\" content=\"Descobreix tota la informaci\u00f3 sobre QUOROM a la nostra web. A DTI oferim suport a projectes internacionals orientats a augmentar la donaci\u00f3 d&#039;\u00f2rgans i els trasplantaments arreu del m\u00f3n.\" \/>\n<meta name=\"robots\" content=\"index, follow, max-snippet:-1, max-image-preview:large, max-video-preview:-1\" \/>\n<link rel=\"canonical\" href=\"https:\/\/dtifoundation.com\/ca\/quorom\/\" \/>\n<meta property=\"og:locale\" content=\"ca_ES\" \/>\n<meta property=\"og:type\" content=\"article\" \/>\n<meta property=\"og:title\" content=\"QUOROM | DTI Foundation | Donation &amp; Transplantation Institute\" \/>\n<meta property=\"og:description\" content=\"Descobreix tota la informaci\u00f3 sobre QUOROM a la nostra web. A DTI oferim suport a projectes internacionals orientats a augmentar la donaci\u00f3 d&#039;\u00f2rgans i els trasplantaments arreu del m\u00f3n.\" \/>\n<meta property=\"og:url\" content=\"https:\/\/dtifoundation.com\/ca\/quorom\/\" \/>\n<meta property=\"og:site_name\" content=\"DTI Foundation | Donation &amp; Transplantation Institute\" \/>\n<meta property=\"article:modified_time\" content=\"2023-05-22T08:34:35+00:00\" \/>\n<meta property=\"og:image\" content=\"https:\/\/dtifoundation.com\/wp-content\/uploads\/2023\/04\/rear-view-of-male-medical-staff-talking-as-they-wa-2021-08-27-09-31-17-utc.jpg\" \/>\n\t<meta property=\"og:image:width\" content=\"2500\" \/>\n\t<meta property=\"og:image:height\" content=\"1619\" \/>\n\t<meta property=\"og:image:type\" content=\"image\/jpeg\" \/>\n<meta name=\"twitter:card\" content=\"summary_large_image\" \/>\n<meta name=\"twitter:label1\" content=\"Temps estimat de lectura\" \/>\n\t<meta name=\"twitter:data1\" content=\"2 minuts\" \/>\n<script type=\"application\/ld+json\" class=\"yoast-schema-graph\">{\"@context\":\"https:\/\/schema.org\",\"@graph\":[{\"@type\":[\"WebPage\",\"MedicalWebPage\"],\"@id\":\"https:\/\/dtifoundation.com\/ca\/quorom\/\",\"url\":\"https:\/\/dtifoundation.com\/ca\/quorom\/\",\"name\":\"QUOROM | DTI Foundation | Donation &amp; Transplantation Institute\",\"isPartOf\":{\"@id\":\"https:\/\/dtifoundation.com\/#website\"},\"primaryImageOfPage\":{\"@id\":\"https:\/\/dtifoundation.com\/ca\/quorom\/#primaryimage\"},\"image\":{\"@id\":\"https:\/\/dtifoundation.com\/ca\/quorom\/#primaryimage\"},\"thumbnailUrl\":\"https:\/\/dtifoundation.com\/wp-content\/uploads\/2023\/04\/rear-view-of-male-medical-staff-talking-as-they-wa-2021-08-27-09-31-17-utc.jpg\",\"datePublished\":\"2023-03-14T16:56:53+00:00\",\"dateModified\":\"2023-05-22T08:34:35+00:00\",\"description\":\"Descobreix tota la informaci\u00f3 sobre QUOROM a la nostra web. A DTI oferim suport a projectes internacionals orientats a augmentar la donaci\u00f3 d'\u00f2rgans i els trasplantaments arreu del m\u00f3n.\",\"breadcrumb\":{\"@id\":\"https:\/\/dtifoundation.com\/ca\/quorom\/#breadcrumb\"},\"inLanguage\":\"ca\",\"potentialAction\":[{\"@type\":\"ReadAction\",\"target\":[\"https:\/\/dtifoundation.com\/ca\/quorom\/\"]}]},{\"@type\":\"ImageObject\",\"inLanguage\":\"ca\",\"@id\":\"https:\/\/dtifoundation.com\/ca\/quorom\/#primaryimage\",\"url\":\"https:\/\/dtifoundation.com\/wp-content\/uploads\/2023\/04\/rear-view-of-male-medical-staff-talking-as-they-wa-2021-08-27-09-31-17-utc.jpg\",\"contentUrl\":\"https:\/\/dtifoundation.com\/wp-content\/uploads\/2023\/04\/rear-view-of-male-medical-staff-talking-as-they-wa-2021-08-27-09-31-17-utc.jpg\",\"width\":2500,\"height\":1619},{\"@type\":\"BreadcrumbList\",\"@id\":\"https:\/\/dtifoundation.com\/ca\/quorom\/#breadcrumb\",\"itemListElement\":[{\"@type\":\"ListItem\",\"position\":1,\"name\":\"Home\",\"item\":\"https:\/\/dtifoundation.com\/ca\/\"},{\"@type\":\"ListItem\",\"position\":2,\"name\":\"QUOROM\"}]},{\"@type\":\"WebSite\",\"@id\":\"https:\/\/dtifoundation.com\/#website\",\"url\":\"https:\/\/dtifoundation.com\/\",\"name\":\"TPM - DTI Foundation\",\"description\":\"\",\"potentialAction\":[{\"@type\":\"SearchAction\",\"target\":{\"@type\":\"EntryPoint\",\"urlTemplate\":\"https:\/\/dtifoundation.com\/?s={search_term_string}\"},\"query-input\":{\"@type\":\"PropertyValueSpecification\",\"valueRequired\":true,\"valueName\":\"search_term_string\"}}],\"inLanguage\":\"ca\"}]}<\/script>\n<!-- \/ Yoast SEO plugin. -->","yoast_head_json":{"title":"QUOROM | DTI Foundation | Donation &amp; Transplantation Institute","description":"Descobreix tota la informaci\u00f3 sobre QUOROM a la nostra web. A DTI oferim suport a projectes internacionals orientats a augmentar la donaci\u00f3 d'\u00f2rgans i els trasplantaments arreu del m\u00f3n.","robots":{"index":"index","follow":"follow","max-snippet":"max-snippet:-1","max-image-preview":"max-image-preview:large","max-video-preview":"max-video-preview:-1"},"canonical":"https:\/\/dtifoundation.com\/ca\/quorom\/","og_locale":"ca_ES","og_type":"article","og_title":"QUOROM | DTI Foundation | Donation &amp; Transplantation Institute","og_description":"Descobreix tota la informaci\u00f3 sobre QUOROM a la nostra web. A DTI oferim suport a projectes internacionals orientats a augmentar la donaci\u00f3 d'\u00f2rgans i els trasplantaments arreu del m\u00f3n.","og_url":"https:\/\/dtifoundation.com\/ca\/quorom\/","og_site_name":"DTI Foundation | Donation &amp; Transplantation Institute","article_modified_time":"2023-05-22T08:34:35+00:00","og_image":[{"width":2500,"height":1619,"url":"https:\/\/dtifoundation.com\/wp-content\/uploads\/2023\/04\/rear-view-of-male-medical-staff-talking-as-they-wa-2021-08-27-09-31-17-utc.jpg","type":"image\/jpeg"}],"twitter_card":"summary_large_image","twitter_misc":{"Temps estimat de lectura":"2 minuts"},"schema":{"@context":"https:\/\/schema.org","@graph":[{"@type":["WebPage","MedicalWebPage"],"@id":"https:\/\/dtifoundation.com\/ca\/quorom\/","url":"https:\/\/dtifoundation.com\/ca\/quorom\/","name":"QUOROM | DTI Foundation | Donation &amp; Transplantation Institute","isPartOf":{"@id":"https:\/\/dtifoundation.com\/#website"},"primaryImageOfPage":{"@id":"https:\/\/dtifoundation.com\/ca\/quorom\/#primaryimage"},"image":{"@id":"https:\/\/dtifoundation.com\/ca\/quorom\/#primaryimage"},"thumbnailUrl":"https:\/\/dtifoundation.com\/wp-content\/uploads\/2023\/04\/rear-view-of-male-medical-staff-talking-as-they-wa-2021-08-27-09-31-17-utc.jpg","datePublished":"2023-03-14T16:56:53+00:00","dateModified":"2023-05-22T08:34:35+00:00","description":"Descobreix tota la informaci\u00f3 sobre QUOROM a la nostra web. A DTI oferim suport a projectes internacionals orientats a augmentar la donaci\u00f3 d'\u00f2rgans i els trasplantaments arreu del m\u00f3n.","breadcrumb":{"@id":"https:\/\/dtifoundation.com\/ca\/quorom\/#breadcrumb"},"inLanguage":"ca","potentialAction":[{"@type":"ReadAction","target":["https:\/\/dtifoundation.com\/ca\/quorom\/"]}]},{"@type":"ImageObject","inLanguage":"ca","@id":"https:\/\/dtifoundation.com\/ca\/quorom\/#primaryimage","url":"https:\/\/dtifoundation.com\/wp-content\/uploads\/2023\/04\/rear-view-of-male-medical-staff-talking-as-they-wa-2021-08-27-09-31-17-utc.jpg","contentUrl":"https:\/\/dtifoundation.com\/wp-content\/uploads\/2023\/04\/rear-view-of-male-medical-staff-talking-as-they-wa-2021-08-27-09-31-17-utc.jpg","width":2500,"height":1619},{"@type":"BreadcrumbList","@id":"https:\/\/dtifoundation.com\/ca\/quorom\/#breadcrumb","itemListElement":[{"@type":"ListItem","position":1,"name":"Home","item":"https:\/\/dtifoundation.com\/ca\/"},{"@type":"ListItem","position":2,"name":"QUOROM"}]},{"@type":"WebSite","@id":"https:\/\/dtifoundation.com\/#website","url":"https:\/\/dtifoundation.com\/","name":"TPM - DTI Foundation","description":"","potentialAction":[{"@type":"SearchAction","target":{"@type":"EntryPoint","urlTemplate":"https:\/\/dtifoundation.com\/?s={search_term_string}"},"query-input":{"@type":"PropertyValueSpecification","valueRequired":true,"valueName":"search_term_string"}}],"inLanguage":"ca"}]}},"_links":{"self":[{"href":"https:\/\/dtifoundation.com\/ca\/wp-json\/wp\/v2\/pages\/5539","targetHints":{"allow":["GET"]}}],"collection":[{"href":"https:\/\/dtifoundation.com\/ca\/wp-json\/wp\/v2\/pages"}],"about":[{"href":"https:\/\/dtifoundation.com\/ca\/wp-json\/wp\/v2\/types\/page"}],"author":[{"embeddable":true,"href":"https:\/\/dtifoundation.com\/ca\/wp-json\/wp\/v2\/users\/1"}],"replies":[{"embeddable":true,"href":"https:\/\/dtifoundation.com\/ca\/wp-json\/wp\/v2\/comments?post=5539"}],"version-history":[{"count":0,"href":"https:\/\/dtifoundation.com\/ca\/wp-json\/wp\/v2\/pages\/5539\/revisions"}],"wp:featuredmedia":[{"embeddable":true,"href":"https:\/\/dtifoundation.com\/ca\/wp-json\/wp\/v2\/media\/9343"}],"wp:attachment":[{"href":"https:\/\/dtifoundation.com\/ca\/wp-json\/wp\/v2\/media?parent=5539"}],"curies":[{"name":"wp","href":"https:\/\/api.w.org\/{rel}","templated":true}]}}