{"id":5536,"date":"2023-03-14T16:50:48","date_gmt":"2023-03-14T16:50:48","guid":{"rendered":"http:\/\/dti.developallin.com\/odequs\/"},"modified":"2023-04-26T07:50:15","modified_gmt":"2023-04-26T07:50:15","slug":"odequs","status":"publish","type":"page","link":"https:\/\/dtifoundation.com\/ca\/odequs\/","title":{"rendered":"ODEQUS"},"content":{"rendered":"<div class=\"wpb-content-wrapper\"><p>[vc_row row_height_percent=&#8221;0&#8243; override_padding=&#8221;yes&#8221; h_padding=&#8221;2&#8243; top_padding=&#8221;3&#8243; bottom_padding=&#8221;3&#8243; overlay_alpha=&#8221;50&#8243; gutter_size=&#8221;3&#8243; column_width_percent=&#8221;100&#8243; shift_y=&#8221;0&#8243; z_index=&#8221;0&#8243; uncode_shortcode_id=&#8221;104332&#8243; shape_dividers=&#8221;&#8221;][vc_column width=&#8221;1\/1&#8243;][vc_row_inner][vc_column_inner width=&#8221;1\/2&#8243;][vc_custom_heading text_color=&#8221;color-red-tpm-dti&#8221; heading_semantic=&#8221;h5&#8243; text_size=&#8221;h5&#8243; uncode_shortcode_id=&#8221;898198&#8243; text_color_type=&#8221;uncode-palette&#8221;]Qu\u00e8 \u00e9s[\/vc_custom_heading][vc_custom_heading uncode_shortcode_id=&#8221;130656&#8243;]<b>ODEQUS?<\/b>[\/vc_custom_heading][\/vc_column_inner][vc_column_inner width=&#8221;1\/2&#8243;][\/vc_column_inner][\/vc_row_inner][vc_column_text uncode_shortcode_id=&#8221;117728&#8243;]El Projecte Europeu de Sistema de Qualitat per a la Donaci\u00f3 d&#8217;\u00d2rgans (ODEQUS) \u00e9s un programa inform\u00e0tic que t\u00e9 per objectiu identificar, crear i establir un conjunt de procediments de qualitat per a la donaci\u00f3 d&#8217;\u00f2rgans. En darrera inst\u00e0ncia, el projecte pret\u00e9n augmentar el nombre i la qualitat dels \u00f2rgans obtinguts per a trasplantaments.<\/p>\n<p>Coordinat per la Universitat de Barcelona juntament amb 14 organitzacions nacionals i hospitals participants d&#8217;11 pa\u00efsos europeus, ODEQUS es va desenvolupar entre l&#8217;octubre del 2010 i el desembre del 2013. Des del seu llan\u00e7ament el 2013, ODEQUS ha identificat m\u00e9s de 130 Criteris de Qualitat i 30 Indicadors de Qualitat, que s&#8217;han posat a prova a 12 hospitals d&#8217;Europa mitjan\u00e7ant avaluacions internes i externes, segons el lloc web. Actualment, est\u00e0 demostrat que aquests indicadors de qualitat s\u00f3n mesures eficaces per determinar la qualitat dels hospitals pel que fa a la donaci\u00f3 d&#8217;\u00f2rgans.[\/vc_column_text][\/vc_column][\/vc_row][vc_row row_height_percent=&#8221;0&#8243; override_padding=&#8221;yes&#8221; h_padding=&#8221;2&#8243; top_padding=&#8221;0&#8243; bottom_padding=&#8221;0&#8243; overlay_alpha=&#8221;50&#8243; gutter_size=&#8221;3&#8243; column_width_percent=&#8221;100&#8243; shift_y=&#8221;0&#8243; z_index=&#8221;0&#8243; uncode_shortcode_id=&#8221;154359&#8243;][vc_column width=&#8221;1\/2&#8243;][vc_custom_heading text_color=&#8221;color-red-tpm-dti&#8221; heading_semantic=&#8221;h5&#8243; text_size=&#8221;h5&#8243; uncode_shortcode_id=&#8221;110939&#8243; text_color_type=&#8221;uncode-palette&#8221;]ODEQUS[\/vc_custom_heading][vc_custom_heading uncode_shortcode_id=&#8221;823256&#8243;]<strong>OBJECTIUS<\/strong>[\/vc_custom_heading][vc_column_text uncode_shortcode_id=&#8221;176470&#8243;]<span style=\"font-weight: 400;\">L&#8217;objectiu principal del projecte ODEQUS \u00e9s definir una metodologia per avaluar els resultats de l&#8217;obtenci\u00f3 d&#8217;\u00f2rgans a nivell hospitalari.<\/span><\/p>\n<p><span style=\"font-weight: 400;\">ODEQUS pret\u00e9n complir els objectius seg\u00fcents:<\/span><\/p>\n<ul>\n<li><span style=\"font-weight: 400;\">Identificar i desenvolupar Criteris de Qualitat (QC) en els tres tipus diferents de donaci\u00f3 d&#8217;\u00f2rgans: despr\u00e9s de mort encef\u00e0lica (DBD), despr\u00e9s d&#8217;aturada card\u00edaca (DCD) i donaci\u00f3 en vida (LD), centrats principalment a l&#8217;\u00e0mbit hospitalari.<\/span><\/li>\n<li><span style=\"font-weight: 400;\">Crear indicadors de qualitat (QI) per avaluar les estructures organitzatives, els procediments cl\u00ednics i els resultats.<\/span><\/li>\n<li><span style=\"font-weight: 400;\">Desenvolupar eines d&#8217;auditoria per avaluar l&#8217;aplicaci\u00f3 de les millors pr\u00e0ctiques descrites al QC i utilitzades pel QI.<\/span><\/li>\n<li>Formar els professionals sanitaris sobre com utilitzar les eines de millora de la qualitat i d&#8217;avaluaci\u00f3.<\/li>\n<\/ul>\n<p>[\/vc_column_text][vc_custom_heading text_color=&#8221;color-red-tpm-dti&#8221; heading_semantic=&#8221;h5&#8243; text_size=&#8221;h5&#8243; uncode_shortcode_id=&#8221;810484&#8243; text_color_type=&#8221;uncode-palette&#8221;]METODOLOGIA[\/vc_custom_heading][vc_custom_heading uncode_shortcode_id=&#8221;171487&#8243;]DELS PROJECTES[\/vc_custom_heading][vc_column_text uncode_shortcode_id=&#8221;141180&#8243;]<span style=\"font-weight: 400;\">ODEQUS segueix les normes de bones pr\u00e0ctiques definides per:<\/span><\/p>\n<ul>\n<li><span style=\"font-weight: 400;\">Opinions d&#8217;experts<\/span><\/li>\n<li><span style=\"font-weight: 400;\">Revisions bibliogr\u00e0fiques i investigaci\u00f3 per obtenir proves, sempre que sigui possible.<\/span><\/li>\n<li><span style=\"font-weight: 400;\">Enquestes que determinen l&#8217;\u00fas actual de la millora de la qualitat a nivell hospitalari, segons enquestats de 11 pa\u00efsos europeus.<\/span><\/li>\n<\/ul>\n<p><span style=\"font-weight: 400;\">Per avaluar les estructures organitzatives d&#8217;ODEQUS, es tenen en compte els \u00e0mbits seg\u00fcents:<\/span><\/p>\n<ul>\n<li><span style=\"font-weight: 400;\">Marc jur\u00eddic<\/span><\/li>\n<li><span style=\"font-weight: 400;\">Acreditaci\u00f3 i certificaci\u00f3<\/span><\/li>\n<li><span style=\"font-weight: 400;\">Organitzaci\u00f3<\/span><\/li>\n<li><span style=\"font-weight: 400;\">Recursos humans i materials<\/span><\/li>\n<li>Recursos humans i materials<\/li>\n<\/ul>\n<p>[\/vc_column_text][\/vc_column][vc_column column_width_percent=&#8221;100&#8243; position_vertical=&#8221;middle&#8221; gutter_size=&#8221;3&#8243; overlay_alpha=&#8221;50&#8243; shift_x=&#8221;0&#8243; shift_y=&#8221;0&#8243; shift_y_down=&#8221;0&#8243; z_index=&#8221;0&#8243; medium_width=&#8221;0&#8243; mobile_width=&#8221;0&#8243; width=&#8221;1\/2&#8243; uncode_shortcode_id=&#8221;153787&#8243;][vc_single_image media=&#8221;5587&#8243; media_width_percent=&#8221;100&#8243; uncode_shortcode_id=&#8221;208248&#8243;][\/vc_column][\/vc_row][vc_row row_height_percent=&#8221;0&#8243; override_padding=&#8221;yes&#8221; h_padding=&#8221;2&#8243; top_padding=&#8221;2&#8243; bottom_padding=&#8221;3&#8243; overlay_alpha=&#8221;50&#8243; gutter_size=&#8221;3&#8243; column_width_percent=&#8221;100&#8243; shift_y=&#8221;0&#8243; z_index=&#8221;0&#8243; uncode_shortcode_id=&#8221;151639&#8243; shape_dividers=&#8221;&#8221;][vc_column width=&#8221;1\/1&#8243;][vc_column_text uncode_shortcode_id=&#8221;824851&#8243;]<span style=\"font-weight: 400;\">Els principals \u00e0mbits considerats per avaluar les estructures organitzatives han estat el marc jur\u00eddic, l&#8217;acreditaci\u00f3 i la certificaci\u00f3, l&#8217;organitzaci\u00f3, els recursos humans i materials, l&#8217;educaci\u00f3 i la investigaci\u00f3.<\/span>[\/vc_column_text][\/vc_column][\/vc_row]<\/p>\n<\/div>","protected":false},"excerpt":{"rendered":"<p>[vc_row row_height_percent=&#8221;0&#8243; override_padding=&#8221;yes&#8221; h_padding=&#8221;2&#8243; top_padding=&#8221;3&#8243; bottom_padding=&#8221;3&#8243; overlay_alpha=&#8221;50&#8243; gutter_size=&#8221;3&#8243; column_width_percent=&#8221;100&#8243; shift_y=&#8221;0&#8243; z_index=&#8221;0&#8243; uncode_shortcode_id=&#8221;104332&#8243; shape_dividers=&#8221;&#8221;][vc_column width=&#8221;1\/1&#8243;][vc_row_inner][vc_column_inner width=&#8221;1\/2&#8243;][vc_custom_heading text_color=&#8221;color-red-tpm-dti&#8221; heading_semantic=&#8221;h5&#8243; text_size=&#8221;h5&#8243; uncode_shortcode_id=&#8221;898198&#8243; text_color_type=&#8221;uncode-palette&#8221;]Qu\u00e8 [&hellip;]<\/p>\n","protected":false},"author":1,"featured_media":9301,"parent":0,"menu_order":0,"comment_status":"closed","ping_status":"closed","template":"","meta":{"_acf_changed":false,"footnotes":""},"class_list":["post-5536","page","type-page","status-publish","has-post-thumbnail","hentry"],"acf":[],"yoast_head":"<!-- This site is optimized with the Yoast SEO plugin v26.9 - https:\/\/yoast.com\/product\/yoast-seo-wordpress\/ -->\n<title>ODEQUS | DTI Foundation | Donation &amp; Transplantation Institute<\/title>\n<meta name=\"description\" content=\"Descobreix tota la informaci\u00f3 sobre ODEQUS a la nostra web. A DTI oferim suport a projectes internacionals orientats a augmentar la donaci\u00f3 d&#039;\u00f2rgans i els trasplantaments arreu del m\u00f3n.\" \/>\n<meta name=\"robots\" content=\"index, follow, max-snippet:-1, max-image-preview:large, max-video-preview:-1\" \/>\n<link rel=\"canonical\" href=\"https:\/\/dtifoundation.com\/ca\/odequs\/\" \/>\n<meta property=\"og:locale\" content=\"ca_ES\" \/>\n<meta property=\"og:type\" content=\"article\" \/>\n<meta property=\"og:title\" content=\"ODEQUS | DTI Foundation | Donation &amp; Transplantation Institute\" \/>\n<meta property=\"og:description\" content=\"Descobreix tota la informaci\u00f3 sobre ODEQUS a la nostra web. A DTI oferim suport a projectes internacionals orientats a augmentar la donaci\u00f3 d&#039;\u00f2rgans i els trasplantaments arreu del m\u00f3n.\" \/>\n<meta property=\"og:url\" content=\"https:\/\/dtifoundation.com\/ca\/odequs\/\" \/>\n<meta property=\"og:site_name\" content=\"DTI Foundation | Donation &amp; Transplantation Institute\" \/>\n<meta property=\"article:modified_time\" content=\"2023-04-26T07:50:15+00:00\" \/>\n<meta property=\"og:image\" content=\"https:\/\/dtifoundation.com\/wp-content\/uploads\/2023\/04\/medical-exam-at-hospital-2021-08-29-18-27-31-utc.jpg\" \/>\n\t<meta property=\"og:image:width\" content=\"2500\" \/>\n\t<meta property=\"og:image:height\" content=\"1667\" \/>\n\t<meta property=\"og:image:type\" content=\"image\/jpeg\" \/>\n<meta name=\"twitter:card\" content=\"summary_large_image\" \/>\n<meta name=\"twitter:label1\" content=\"Temps estimat de lectura\" \/>\n\t<meta name=\"twitter:data1\" content=\"3 minuts\" \/>\n<script type=\"application\/ld+json\" class=\"yoast-schema-graph\">{\"@context\":\"https:\/\/schema.org\",\"@graph\":[{\"@type\":[\"WebPage\",\"MedicalWebPage\"],\"@id\":\"https:\/\/dtifoundation.com\/ca\/odequs\/\",\"url\":\"https:\/\/dtifoundation.com\/ca\/odequs\/\",\"name\":\"ODEQUS | DTI Foundation | Donation &amp; Transplantation Institute\",\"isPartOf\":{\"@id\":\"https:\/\/dtifoundation.com\/#website\"},\"primaryImageOfPage\":{\"@id\":\"https:\/\/dtifoundation.com\/ca\/odequs\/#primaryimage\"},\"image\":{\"@id\":\"https:\/\/dtifoundation.com\/ca\/odequs\/#primaryimage\"},\"thumbnailUrl\":\"https:\/\/dtifoundation.com\/wp-content\/uploads\/2023\/04\/medical-exam-at-hospital-2021-08-29-18-27-31-utc.jpg\",\"datePublished\":\"2023-03-14T16:50:48+00:00\",\"dateModified\":\"2023-04-26T07:50:15+00:00\",\"description\":\"Descobreix tota la informaci\u00f3 sobre ODEQUS a la nostra web. A DTI oferim suport a projectes internacionals orientats a augmentar la donaci\u00f3 d'\u00f2rgans i els trasplantaments arreu del m\u00f3n.\",\"breadcrumb\":{\"@id\":\"https:\/\/dtifoundation.com\/ca\/odequs\/#breadcrumb\"},\"inLanguage\":\"ca\",\"potentialAction\":[{\"@type\":\"ReadAction\",\"target\":[\"https:\/\/dtifoundation.com\/ca\/odequs\/\"]}]},{\"@type\":\"ImageObject\",\"inLanguage\":\"ca\",\"@id\":\"https:\/\/dtifoundation.com\/ca\/odequs\/#primaryimage\",\"url\":\"https:\/\/dtifoundation.com\/wp-content\/uploads\/2023\/04\/medical-exam-at-hospital-2021-08-29-18-27-31-utc.jpg\",\"contentUrl\":\"https:\/\/dtifoundation.com\/wp-content\/uploads\/2023\/04\/medical-exam-at-hospital-2021-08-29-18-27-31-utc.jpg\",\"width\":2500,\"height\":1667},{\"@type\":\"BreadcrumbList\",\"@id\":\"https:\/\/dtifoundation.com\/ca\/odequs\/#breadcrumb\",\"itemListElement\":[{\"@type\":\"ListItem\",\"position\":1,\"name\":\"Home\",\"item\":\"https:\/\/dtifoundation.com\/ca\/\"},{\"@type\":\"ListItem\",\"position\":2,\"name\":\"ODEQUS\"}]},{\"@type\":\"WebSite\",\"@id\":\"https:\/\/dtifoundation.com\/#website\",\"url\":\"https:\/\/dtifoundation.com\/\",\"name\":\"TPM - DTI Foundation\",\"description\":\"\",\"potentialAction\":[{\"@type\":\"SearchAction\",\"target\":{\"@type\":\"EntryPoint\",\"urlTemplate\":\"https:\/\/dtifoundation.com\/?s={search_term_string}\"},\"query-input\":{\"@type\":\"PropertyValueSpecification\",\"valueRequired\":true,\"valueName\":\"search_term_string\"}}],\"inLanguage\":\"ca\"}]}<\/script>\n<!-- \/ Yoast SEO plugin. -->","yoast_head_json":{"title":"ODEQUS | DTI Foundation | Donation &amp; Transplantation Institute","description":"Descobreix tota la informaci\u00f3 sobre ODEQUS a la nostra web. A DTI oferim suport a projectes internacionals orientats a augmentar la donaci\u00f3 d'\u00f2rgans i els trasplantaments arreu del m\u00f3n.","robots":{"index":"index","follow":"follow","max-snippet":"max-snippet:-1","max-image-preview":"max-image-preview:large","max-video-preview":"max-video-preview:-1"},"canonical":"https:\/\/dtifoundation.com\/ca\/odequs\/","og_locale":"ca_ES","og_type":"article","og_title":"ODEQUS | DTI Foundation | Donation &amp; Transplantation Institute","og_description":"Descobreix tota la informaci\u00f3 sobre ODEQUS a la nostra web. A DTI oferim suport a projectes internacionals orientats a augmentar la donaci\u00f3 d'\u00f2rgans i els trasplantaments arreu del m\u00f3n.","og_url":"https:\/\/dtifoundation.com\/ca\/odequs\/","og_site_name":"DTI Foundation | Donation &amp; Transplantation Institute","article_modified_time":"2023-04-26T07:50:15+00:00","og_image":[{"width":2500,"height":1667,"url":"https:\/\/dtifoundation.com\/wp-content\/uploads\/2023\/04\/medical-exam-at-hospital-2021-08-29-18-27-31-utc.jpg","type":"image\/jpeg"}],"twitter_card":"summary_large_image","twitter_misc":{"Temps estimat de lectura":"3 minuts"},"schema":{"@context":"https:\/\/schema.org","@graph":[{"@type":["WebPage","MedicalWebPage"],"@id":"https:\/\/dtifoundation.com\/ca\/odequs\/","url":"https:\/\/dtifoundation.com\/ca\/odequs\/","name":"ODEQUS | DTI Foundation | Donation &amp; Transplantation Institute","isPartOf":{"@id":"https:\/\/dtifoundation.com\/#website"},"primaryImageOfPage":{"@id":"https:\/\/dtifoundation.com\/ca\/odequs\/#primaryimage"},"image":{"@id":"https:\/\/dtifoundation.com\/ca\/odequs\/#primaryimage"},"thumbnailUrl":"https:\/\/dtifoundation.com\/wp-content\/uploads\/2023\/04\/medical-exam-at-hospital-2021-08-29-18-27-31-utc.jpg","datePublished":"2023-03-14T16:50:48+00:00","dateModified":"2023-04-26T07:50:15+00:00","description":"Descobreix tota la informaci\u00f3 sobre ODEQUS a la nostra web. A DTI oferim suport a projectes internacionals orientats a augmentar la donaci\u00f3 d'\u00f2rgans i els trasplantaments arreu del m\u00f3n.","breadcrumb":{"@id":"https:\/\/dtifoundation.com\/ca\/odequs\/#breadcrumb"},"inLanguage":"ca","potentialAction":[{"@type":"ReadAction","target":["https:\/\/dtifoundation.com\/ca\/odequs\/"]}]},{"@type":"ImageObject","inLanguage":"ca","@id":"https:\/\/dtifoundation.com\/ca\/odequs\/#primaryimage","url":"https:\/\/dtifoundation.com\/wp-content\/uploads\/2023\/04\/medical-exam-at-hospital-2021-08-29-18-27-31-utc.jpg","contentUrl":"https:\/\/dtifoundation.com\/wp-content\/uploads\/2023\/04\/medical-exam-at-hospital-2021-08-29-18-27-31-utc.jpg","width":2500,"height":1667},{"@type":"BreadcrumbList","@id":"https:\/\/dtifoundation.com\/ca\/odequs\/#breadcrumb","itemListElement":[{"@type":"ListItem","position":1,"name":"Home","item":"https:\/\/dtifoundation.com\/ca\/"},{"@type":"ListItem","position":2,"name":"ODEQUS"}]},{"@type":"WebSite","@id":"https:\/\/dtifoundation.com\/#website","url":"https:\/\/dtifoundation.com\/","name":"TPM - DTI Foundation","description":"","potentialAction":[{"@type":"SearchAction","target":{"@type":"EntryPoint","urlTemplate":"https:\/\/dtifoundation.com\/?s={search_term_string}"},"query-input":{"@type":"PropertyValueSpecification","valueRequired":true,"valueName":"search_term_string"}}],"inLanguage":"ca"}]}},"_links":{"self":[{"href":"https:\/\/dtifoundation.com\/ca\/wp-json\/wp\/v2\/pages\/5536","targetHints":{"allow":["GET"]}}],"collection":[{"href":"https:\/\/dtifoundation.com\/ca\/wp-json\/wp\/v2\/pages"}],"about":[{"href":"https:\/\/dtifoundation.com\/ca\/wp-json\/wp\/v2\/types\/page"}],"author":[{"embeddable":true,"href":"https:\/\/dtifoundation.com\/ca\/wp-json\/wp\/v2\/users\/1"}],"replies":[{"embeddable":true,"href":"https:\/\/dtifoundation.com\/ca\/wp-json\/wp\/v2\/comments?post=5536"}],"version-history":[{"count":0,"href":"https:\/\/dtifoundation.com\/ca\/wp-json\/wp\/v2\/pages\/5536\/revisions"}],"wp:featuredmedia":[{"embeddable":true,"href":"https:\/\/dtifoundation.com\/ca\/wp-json\/wp\/v2\/media\/9301"}],"wp:attachment":[{"href":"https:\/\/dtifoundation.com\/ca\/wp-json\/wp\/v2\/media?parent=5536"}],"curies":[{"name":"wp","href":"https:\/\/api.w.org\/{rel}","templated":true}]}}