{"id":5533,"date":"2023-03-14T15:54:48","date_gmt":"2023-03-14T15:54:48","guid":{"rendered":"http:\/\/dti.developallin.com\/odds\/"},"modified":"2023-04-26T07:49:44","modified_gmt":"2023-04-26T07:49:44","slug":"odds","status":"publish","type":"page","link":"https:\/\/dtifoundation.com\/ca\/odds\/","title":{"rendered":"ODDS"},"content":{"rendered":"<div class=\"wpb-content-wrapper\"><p>[vc_row row_height_percent=&#8221;0&#8243; override_padding=&#8221;yes&#8221; h_padding=&#8221;2&#8243; top_padding=&#8221;3&#8243; bottom_padding=&#8221;3&#8243; overlay_alpha=&#8221;50&#8243; gutter_size=&#8221;3&#8243; column_width_percent=&#8221;100&#8243; shift_y=&#8221;0&#8243; z_index=&#8221;0&#8243; uncode_shortcode_id=&#8221;235899&#8243;][vc_column width=&#8221;1\/2&#8243;][vc_custom_heading text_color=&#8221;color-red-tpm-dti&#8221; heading_semantic=&#8221;h3&#8243; text_size=&#8221;h5&#8243; uncode_shortcode_id=&#8221;148580&#8243; text_color_type=&#8221;uncode-palette&#8221;]<strong>ODDS<\/strong>[\/vc_custom_heading][vc_custom_heading uncode_shortcode_id=&#8221;141856&#8243;]ENQUESTES SOBRE EL DIAGN\u00d2STIC DE LA DONACI\u00d3 D&#8217;\u00d2RGANS[\/vc_custom_heading][vc_column_text uncode_shortcode_id=&#8221;189686&#8243;]<span style=\"font-weight: 400;\">Les Enquestes de Diagn\u00f2stic de Donaci\u00f3 d&#8217;\u00d2rgans (ODDS) s\u00f3n una eina de diagn\u00f2stic en l\u00ednia que permet calcular el potencial de donaci\u00f3 cadav\u00e8rica d&#8217;un departament, hospital, regi\u00f3 o pa\u00eds.<\/span><\/p>\n<p><span style=\"font-weight: 400;\">Per implementar-ho comptar\u00e0 amb l&#8217;ajuda dels nostres experts que faran una primera an\u00e0lisi.<\/span><\/p>\n<p><span style=\"font-weight: 400;\">Aquesta eina de diagn\u00f2stic ofereix tres etapes diferents:<\/span>[\/vc_column_text][vc_column_text uncode_shortcode_id=&#8221;135892&#8243;]<br \/>\n<strong>Fase 1: Q\u00fcestionaris<\/strong><\/p>\n<p><span style=\"font-weight: 400;\">Les enquestes es fan a diferents membres del personal: directors d&#8217;hospital, coordinadors de donants, UCI i serveis de trasplantament.<\/span><\/p>\n<p><strong>Fase 2: Entrevistes<\/strong><\/p>\n<p><span style=\"font-weight: 400;\">Entrevistes per videoconfer\u00e8ncia amb experts de DTI a les parts interessades en el proc\u00e9s de donaci\u00f3 i trasplantament d\u00f2rgans.<\/span><\/p>\n<p><strong>Fase 3: Informe de diagn\u00f2stic<\/strong><\/p>\n<p><span style=\"font-weight: 400;\">Lliurament d&#8217;un informe de diagn\u00f2stic que inclour\u00e0 la potencialitat en termes de donaci\u00f3 d&#8217;\u00f2rgans per a trasplantament, i les mesures de millora conseg\u00fcents.<\/span>[\/vc_column_text][\/vc_column][vc_column width=&#8221;1\/2&#8243;][vc_single_image media=&#8221;5606&#8243; media_width_percent=&#8221;100&#8243; uncode_shortcode_id=&#8221;209052&#8243;][\/vc_column][\/vc_row]<\/p>\n<\/div>","protected":false},"excerpt":{"rendered":"<p>[vc_row row_height_percent=&#8221;0&#8243; override_padding=&#8221;yes&#8221; h_padding=&#8221;2&#8243; top_padding=&#8221;3&#8243; bottom_padding=&#8221;3&#8243; overlay_alpha=&#8221;50&#8243; gutter_size=&#8221;3&#8243; column_width_percent=&#8221;100&#8243; shift_y=&#8221;0&#8243; z_index=&#8221;0&#8243; uncode_shortcode_id=&#8221;235899&#8243;][vc_column width=&#8221;1\/2&#8243;][vc_custom_heading text_color=&#8221;color-red-tpm-dti&#8221; heading_semantic=&#8221;h3&#8243; text_size=&#8221;h5&#8243; uncode_shortcode_id=&#8221;148580&#8243; text_color_type=&#8221;uncode-palette&#8221;]ODDS[\/vc_custom_heading][vc_custom_heading uncode_shortcode_id=&#8221;141856&#8243;]ENQUESTES SOBRE [&hellip;]<\/p>\n","protected":false},"author":1,"featured_media":9340,"parent":0,"menu_order":0,"comment_status":"closed","ping_status":"closed","template":"","meta":{"_acf_changed":false,"footnotes":""},"class_list":["post-5533","page","type-page","status-publish","has-post-thumbnail","hentry"],"acf":[],"yoast_head":"<!-- This site is optimized with the Yoast SEO plugin v26.9 - https:\/\/yoast.com\/product\/yoast-seo-wordpress\/ -->\n<title>ODDS | DTI Foundation | Donation &amp; Transplantation Institute<\/title>\n<meta name=\"description\" content=\"Descobreix tota la informaci\u00f3 sobre ODDS a la nostra web. A DTI oferim suport a projectes internacionals orientats a augmentar la donaci\u00f3 d&#039;\u00f2rgans i els trasplantaments arreu del m\u00f3n.\" \/>\n<meta name=\"robots\" content=\"index, follow, max-snippet:-1, max-image-preview:large, max-video-preview:-1\" \/>\n<link rel=\"canonical\" href=\"https:\/\/dtifoundation.com\/ca\/odds\/\" \/>\n<meta property=\"og:locale\" content=\"ca_ES\" \/>\n<meta property=\"og:type\" content=\"article\" \/>\n<meta property=\"og:title\" content=\"ODDS | DTI Foundation | Donation &amp; Transplantation Institute\" \/>\n<meta property=\"og:description\" content=\"Descobreix tota la informaci\u00f3 sobre ODDS a la nostra web. A DTI oferim suport a projectes internacionals orientats a augmentar la donaci\u00f3 d&#039;\u00f2rgans i els trasplantaments arreu del m\u00f3n.\" \/>\n<meta property=\"og:url\" content=\"https:\/\/dtifoundation.com\/ca\/odds\/\" \/>\n<meta property=\"og:site_name\" content=\"DTI Foundation | Donation &amp; Transplantation Institute\" \/>\n<meta property=\"article:modified_time\" content=\"2023-04-26T07:49:44+00:00\" \/>\n<meta property=\"og:image\" content=\"https:\/\/dtifoundation.com\/wp-content\/uploads\/2023\/04\/doctor-presenting-report-of-diagnosis-2022-11-15-15-29-11-utc.jpg\" \/>\n\t<meta property=\"og:image:width\" content=\"2500\" \/>\n\t<meta property=\"og:image:height\" content=\"1667\" \/>\n\t<meta property=\"og:image:type\" content=\"image\/jpeg\" \/>\n<meta name=\"twitter:card\" content=\"summary_large_image\" \/>\n<meta name=\"twitter:label1\" content=\"Temps estimat de lectura\" \/>\n\t<meta name=\"twitter:data1\" content=\"1 minut\" \/>\n<script type=\"application\/ld+json\" class=\"yoast-schema-graph\">{\"@context\":\"https:\/\/schema.org\",\"@graph\":[{\"@type\":[\"WebPage\",\"MedicalWebPage\"],\"@id\":\"https:\/\/dtifoundation.com\/ca\/odds\/\",\"url\":\"https:\/\/dtifoundation.com\/ca\/odds\/\",\"name\":\"ODDS | DTI Foundation | Donation &amp; Transplantation Institute\",\"isPartOf\":{\"@id\":\"https:\/\/dtifoundation.com\/#website\"},\"primaryImageOfPage\":{\"@id\":\"https:\/\/dtifoundation.com\/ca\/odds\/#primaryimage\"},\"image\":{\"@id\":\"https:\/\/dtifoundation.com\/ca\/odds\/#primaryimage\"},\"thumbnailUrl\":\"https:\/\/dtifoundation.com\/wp-content\/uploads\/2023\/04\/doctor-presenting-report-of-diagnosis-2022-11-15-15-29-11-utc.jpg\",\"datePublished\":\"2023-03-14T15:54:48+00:00\",\"dateModified\":\"2023-04-26T07:49:44+00:00\",\"description\":\"Descobreix tota la informaci\u00f3 sobre ODDS a la nostra web. A DTI oferim suport a projectes internacionals orientats a augmentar la donaci\u00f3 d'\u00f2rgans i els trasplantaments arreu del m\u00f3n.\",\"breadcrumb\":{\"@id\":\"https:\/\/dtifoundation.com\/ca\/odds\/#breadcrumb\"},\"inLanguage\":\"ca\",\"potentialAction\":[{\"@type\":\"ReadAction\",\"target\":[\"https:\/\/dtifoundation.com\/ca\/odds\/\"]}]},{\"@type\":\"ImageObject\",\"inLanguage\":\"ca\",\"@id\":\"https:\/\/dtifoundation.com\/ca\/odds\/#primaryimage\",\"url\":\"https:\/\/dtifoundation.com\/wp-content\/uploads\/2023\/04\/doctor-presenting-report-of-diagnosis-2022-11-15-15-29-11-utc.jpg\",\"contentUrl\":\"https:\/\/dtifoundation.com\/wp-content\/uploads\/2023\/04\/doctor-presenting-report-of-diagnosis-2022-11-15-15-29-11-utc.jpg\",\"width\":2500,\"height\":1667},{\"@type\":\"BreadcrumbList\",\"@id\":\"https:\/\/dtifoundation.com\/ca\/odds\/#breadcrumb\",\"itemListElement\":[{\"@type\":\"ListItem\",\"position\":1,\"name\":\"Home\",\"item\":\"https:\/\/dtifoundation.com\/ca\/\"},{\"@type\":\"ListItem\",\"position\":2,\"name\":\"ODDS\"}]},{\"@type\":\"WebSite\",\"@id\":\"https:\/\/dtifoundation.com\/#website\",\"url\":\"https:\/\/dtifoundation.com\/\",\"name\":\"TPM - DTI Foundation\",\"description\":\"\",\"potentialAction\":[{\"@type\":\"SearchAction\",\"target\":{\"@type\":\"EntryPoint\",\"urlTemplate\":\"https:\/\/dtifoundation.com\/?s={search_term_string}\"},\"query-input\":{\"@type\":\"PropertyValueSpecification\",\"valueRequired\":true,\"valueName\":\"search_term_string\"}}],\"inLanguage\":\"ca\"}]}<\/script>\n<!-- \/ Yoast SEO plugin. -->","yoast_head_json":{"title":"ODDS | DTI Foundation | Donation &amp; Transplantation Institute","description":"Descobreix tota la informaci\u00f3 sobre ODDS a la nostra web. A DTI oferim suport a projectes internacionals orientats a augmentar la donaci\u00f3 d'\u00f2rgans i els trasplantaments arreu del m\u00f3n.","robots":{"index":"index","follow":"follow","max-snippet":"max-snippet:-1","max-image-preview":"max-image-preview:large","max-video-preview":"max-video-preview:-1"},"canonical":"https:\/\/dtifoundation.com\/ca\/odds\/","og_locale":"ca_ES","og_type":"article","og_title":"ODDS | DTI Foundation | Donation &amp; Transplantation Institute","og_description":"Descobreix tota la informaci\u00f3 sobre ODDS a la nostra web. A DTI oferim suport a projectes internacionals orientats a augmentar la donaci\u00f3 d'\u00f2rgans i els trasplantaments arreu del m\u00f3n.","og_url":"https:\/\/dtifoundation.com\/ca\/odds\/","og_site_name":"DTI Foundation | Donation &amp; Transplantation Institute","article_modified_time":"2023-04-26T07:49:44+00:00","og_image":[{"width":2500,"height":1667,"url":"https:\/\/dtifoundation.com\/wp-content\/uploads\/2023\/04\/doctor-presenting-report-of-diagnosis-2022-11-15-15-29-11-utc.jpg","type":"image\/jpeg"}],"twitter_card":"summary_large_image","twitter_misc":{"Temps estimat de lectura":"1 minut"},"schema":{"@context":"https:\/\/schema.org","@graph":[{"@type":["WebPage","MedicalWebPage"],"@id":"https:\/\/dtifoundation.com\/ca\/odds\/","url":"https:\/\/dtifoundation.com\/ca\/odds\/","name":"ODDS | DTI Foundation | Donation &amp; Transplantation Institute","isPartOf":{"@id":"https:\/\/dtifoundation.com\/#website"},"primaryImageOfPage":{"@id":"https:\/\/dtifoundation.com\/ca\/odds\/#primaryimage"},"image":{"@id":"https:\/\/dtifoundation.com\/ca\/odds\/#primaryimage"},"thumbnailUrl":"https:\/\/dtifoundation.com\/wp-content\/uploads\/2023\/04\/doctor-presenting-report-of-diagnosis-2022-11-15-15-29-11-utc.jpg","datePublished":"2023-03-14T15:54:48+00:00","dateModified":"2023-04-26T07:49:44+00:00","description":"Descobreix tota la informaci\u00f3 sobre ODDS a la nostra web. A DTI oferim suport a projectes internacionals orientats a augmentar la donaci\u00f3 d'\u00f2rgans i els trasplantaments arreu del m\u00f3n.","breadcrumb":{"@id":"https:\/\/dtifoundation.com\/ca\/odds\/#breadcrumb"},"inLanguage":"ca","potentialAction":[{"@type":"ReadAction","target":["https:\/\/dtifoundation.com\/ca\/odds\/"]}]},{"@type":"ImageObject","inLanguage":"ca","@id":"https:\/\/dtifoundation.com\/ca\/odds\/#primaryimage","url":"https:\/\/dtifoundation.com\/wp-content\/uploads\/2023\/04\/doctor-presenting-report-of-diagnosis-2022-11-15-15-29-11-utc.jpg","contentUrl":"https:\/\/dtifoundation.com\/wp-content\/uploads\/2023\/04\/doctor-presenting-report-of-diagnosis-2022-11-15-15-29-11-utc.jpg","width":2500,"height":1667},{"@type":"BreadcrumbList","@id":"https:\/\/dtifoundation.com\/ca\/odds\/#breadcrumb","itemListElement":[{"@type":"ListItem","position":1,"name":"Home","item":"https:\/\/dtifoundation.com\/ca\/"},{"@type":"ListItem","position":2,"name":"ODDS"}]},{"@type":"WebSite","@id":"https:\/\/dtifoundation.com\/#website","url":"https:\/\/dtifoundation.com\/","name":"TPM - DTI Foundation","description":"","potentialAction":[{"@type":"SearchAction","target":{"@type":"EntryPoint","urlTemplate":"https:\/\/dtifoundation.com\/?s={search_term_string}"},"query-input":{"@type":"PropertyValueSpecification","valueRequired":true,"valueName":"search_term_string"}}],"inLanguage":"ca"}]}},"_links":{"self":[{"href":"https:\/\/dtifoundation.com\/ca\/wp-json\/wp\/v2\/pages\/5533","targetHints":{"allow":["GET"]}}],"collection":[{"href":"https:\/\/dtifoundation.com\/ca\/wp-json\/wp\/v2\/pages"}],"about":[{"href":"https:\/\/dtifoundation.com\/ca\/wp-json\/wp\/v2\/types\/page"}],"author":[{"embeddable":true,"href":"https:\/\/dtifoundation.com\/ca\/wp-json\/wp\/v2\/users\/1"}],"replies":[{"embeddable":true,"href":"https:\/\/dtifoundation.com\/ca\/wp-json\/wp\/v2\/comments?post=5533"}],"version-history":[{"count":0,"href":"https:\/\/dtifoundation.com\/ca\/wp-json\/wp\/v2\/pages\/5533\/revisions"}],"wp:featuredmedia":[{"embeddable":true,"href":"https:\/\/dtifoundation.com\/ca\/wp-json\/wp\/v2\/media\/9340"}],"wp:attachment":[{"href":"https:\/\/dtifoundation.com\/ca\/wp-json\/wp\/v2\/media?parent=5533"}],"curies":[{"name":"wp","href":"https:\/\/api.w.org\/{rel}","templated":true}]}}