{"id":5393,"date":"2023-03-14T15:30:25","date_gmt":"2023-03-14T15:30:25","guid":{"rendered":"http:\/\/dti.developallin.com\/transparencia\/"},"modified":"2026-03-17T14:01:19","modified_gmt":"2026-03-17T14:01:19","slug":"transparencia","status":"publish","type":"page","link":"https:\/\/dtifoundation.com\/ca\/transparencia\/","title":{"rendered":"Transpar\u00e8ncia"},"content":{"rendered":"<div class=\"wpb-content-wrapper\"><p>[vc_row row_height_percent=&#8221;0&#8243; override_padding=&#8221;yes&#8221; h_padding=&#8221;2&#8243; top_padding=&#8221;3&#8243; bottom_padding=&#8221;2&#8243; overlay_alpha=&#8221;50&#8243; gutter_size=&#8221;3&#8243; column_width_percent=&#8221;100&#8243; shift_y=&#8221;0&#8243; z_index=&#8221;0&#8243; uncode_shortcode_id=&#8221;540118&#8243;][vc_column width=&#8221;1\/1&#8243;][vc_column_text uncode_shortcode_id=&#8221;181535&#8243;]<span style=\"font-weight: 400;\">D\u2019acord amb<em> <strong>Llei 19\/2014, del 29 de desembre, transpar\u00e8ncia, acc\u00e9s a informaci\u00f3 p\u00fablica i bon govern<\/strong><\/em>, volem facilitar l\u2019acc\u00e9s p\u00fablic a dades institucionals i organitzatives, econ\u00f2mic i patrimonial de l\u2019entitat. <\/span>[\/vc_column_text][\/vc_column][\/vc_row][vc_row row_height_percent=&#8221;0&#8243; override_padding=&#8221;yes&#8221; h_padding=&#8221;2&#8243; top_padding=&#8221;0&#8243; bottom_padding=&#8221;3&#8243; overlay_alpha=&#8221;50&#8243; gutter_size=&#8221;3&#8243; column_width_percent=&#8221;100&#8243; shift_y=&#8221;0&#8243; z_index=&#8221;0&#8243; uncode_shortcode_id=&#8221;206045&#8243;][vc_column width=&#8221;1\/2&#8243;][vc_single_image media=&#8221;16425&#8243; media_width_percent=&#8221;100&#8243; media_ratio=&#8221;four-three&#8221; uncode_shortcode_id=&#8221;516448&#8243;][\/vc_column][vc_column width=&#8221;1\/2&#8243;][vc_column_text text_color=&#8221;color-dark-tpm-dti&#8221; uncode_shortcode_id=&#8221;826538&#8243; text_color_type=&#8221;uncode-palette&#8221;]<span style=\"font-weight: 400;\">Volem que la nostra direcci\u00f3 sigui transparent. Per aquest motiu, fem p\u00fablica la informaci\u00f3 seg\u00fcent:\u00a0<\/span><\/p>\n<ul>\n<li><a style=\"color: #b53125;\" href=\"https:\/\/dtifoundation.com\/wp-content\/uploads\/2023\/10\/ESTATUTS-DTI-CAT.pdf\">Estatuts<\/a><\/li>\n<li><a style=\"color: #b53125;\" href=\"https:\/\/dtifoundation.com\/ca\/la-nostra-missio\/\" target=\"_blank\" rel=\"noopener\">Missi\u00f3 i visi\u00f3<\/a><\/li>\n<li><a style=\"color: #b53125;\" href=\"https:\/\/dtifoundation.com\/wp-content\/uploads\/2025\/06\/G-010-organigrama-Generic-_-10_2024.pdf\" target=\"_blank\" rel=\"noopener\">Organigrama DTI<\/a><\/li>\n<li><a style=\"color: #b53125;\" href=\"https:\/\/dtifoundation.com\/wp-content\/uploads\/2025\/07\/0200620_SPA-SP_DTI-_Donation_and_Transplantation_Institute.pdf\" target=\"_blank\" rel=\"noopener\">Auditoria de qualitat<\/a><\/li>\n<li><a style=\"color: #b53125;\" href=\"https:\/\/dtifoundation.com\/wp-content\/uploads\/2025\/07\/F205-ES-SP-Use-of-Certificates-and-Certification-and-Accreditation-Mark.pdf\" target=\"_blank\" rel=\"noopener\">Certificat de registre<\/a><\/li>\n<li><a style=\"color: #b53125;\" href=\"https:\/\/dtifoundation.com\/wp-content\/uploads\/2023\/07\/DTI.-Informe-y-CCAA-2022.pdf\" target=\"_blank\" rel=\"noopener\">Informe d&#8217;auditoria + CCAA 22&#8242;<\/a><\/li>\n<li><a style=\"color: #b53125;\" href=\"https:\/\/dtifoundation.com\/wp-content\/uploads\/2025\/06\/DTI.-Informe-de-auditoria-y-CCAA-2023-firmado.pdf\" target=\"_blank\" rel=\"noopener\">Informe d&#8217;auditoria + CCAA 23&#8242;<\/a><\/li>\n<li><a style=\"color: #b53125;\" href=\"https:\/\/dtifoundation.com\/wp-content\/uploads\/2025\/06\/DTI.-Informe-de-auditoria-y-CCAA-2024-firmado.pdf\" target=\"_blank\" rel=\"noopener\">Informe d&#8217;auditoria + CCAA 24&#8242;<\/a><\/li>\n<li><a style=\"color: #b53125;\" href=\"https:\/\/dtifoundation.com\/wp-content\/uploads\/2026\/03\/Codi-Etic-DTI-_Catala-_Final-_06_2025-format.pdf\" target=\"_blank\" rel=\"noopener\">Codi \u00c8tic<\/a><\/li>\n<\/ul>\n<p>Estem registrats:<\/p>\n<ul>\n<li><span style=\"font-weight: 400;\">Registre de fundacions de la Generalitat de Catalunya &#8211; n\u00famero 2451<\/span><\/li>\n<li><span style=\"font-weight: 400;\">Registre de grups d\u2019inter\u00e8s de Catalunya &#8211; n\u00famero d\u2019identificaci\u00f3 3363.<\/span><\/li>\n<li>Registre d\u2019Organitzacions No Governamentals per al Desenvolupament (ONGD)<\/li>\n<\/ul>\n<p><span style=\"font-weight: 400;\">Per obtenir m\u00e9s informaci\u00f3:<\/span><\/p>\n<ul>\n<li><span style=\"font-weight: 400;\">Ens podeu trobar al Parc Cient\u00edfic de Barcelona. Torre I Planta 8. Carrer Baldiri i Reixac 4-8 08028 Barcelona.\u00a0<\/span><\/li>\n<li><span style=\"font-weight: 400;\">Podeu contactar amb nosaltres a <a style=\"color: #b53125;\" href=\"mailto:infodti@dtifoundation.com\">infodti@dtifoundation.com<\/a> o trucant al <a style=\"color: #b53125;\" href=\"telf:+93 402 08 96\">+93 402 08 96<\/a>.<\/span><\/li>\n<\/ul>\n<p>[\/vc_column_text][\/vc_column][\/vc_row]<\/p>\n<\/div>","protected":false},"excerpt":{"rendered":"<p>[vc_row row_height_percent=&#8221;0&#8243; override_padding=&#8221;yes&#8221; h_padding=&#8221;2&#8243; top_padding=&#8221;3&#8243; bottom_padding=&#8221;2&#8243; overlay_alpha=&#8221;50&#8243; gutter_size=&#8221;3&#8243; column_width_percent=&#8221;100&#8243; shift_y=&#8221;0&#8243; z_index=&#8221;0&#8243; uncode_shortcode_id=&#8221;540118&#8243;][vc_column width=&#8221;1\/1&#8243;][vc_column_text uncode_shortcode_id=&#8221;181535&#8243;]D\u2019acord amb Llei 19\/2014, del 29 de [&hellip;]<\/p>\n","protected":false},"author":1,"featured_media":9292,"parent":0,"menu_order":0,"comment_status":"closed","ping_status":"closed","template":"","meta":{"_acf_changed":false,"footnotes":""},"class_list":["post-5393","page","type-page","status-publish","has-post-thumbnail","hentry"],"acf":[],"yoast_head":"<!-- This site is optimized with the Yoast SEO plugin v26.9 - https:\/\/yoast.com\/product\/yoast-seo-wordpress\/ -->\n<title>Transpar\u00e8ncia | DTI Foundation | Donation &amp; Transplantation Institute<\/title>\n<meta name=\"description\" content=\"Descobreix tota la informaci\u00f3 sobre Transpar\u00e8ncia a la nostra web. A DTI oferim suport a projectes internacionals orientats a augmentar la donaci\u00f3 d&#039;\u00f2rgans i els trasplantaments arreu del m\u00f3n.\" \/>\n<meta name=\"robots\" content=\"index, follow, max-snippet:-1, max-image-preview:large, max-video-preview:-1\" \/>\n<link rel=\"canonical\" href=\"https:\/\/dtifoundation.com\/ca\/transparencia\/\" \/>\n<meta property=\"og:locale\" content=\"ca_ES\" \/>\n<meta property=\"og:type\" content=\"article\" \/>\n<meta property=\"og:title\" content=\"Transpar\u00e8ncia | DTI Foundation | Donation &amp; Transplantation Institute\" \/>\n<meta property=\"og:description\" content=\"Descobreix tota la informaci\u00f3 sobre Transpar\u00e8ncia a la nostra web. A DTI oferim suport a projectes internacionals orientats a augmentar la donaci\u00f3 d&#039;\u00f2rgans i els trasplantaments arreu del m\u00f3n.\" \/>\n<meta property=\"og:url\" content=\"https:\/\/dtifoundation.com\/ca\/transparencia\/\" \/>\n<meta property=\"og:site_name\" content=\"DTI Foundation | Donation &amp; Transplantation Institute\" \/>\n<meta property=\"article:modified_time\" content=\"2026-03-17T14:01:19+00:00\" \/>\n<meta property=\"og:image\" content=\"https:\/\/dtifoundation.com\/wp-content\/uploads\/2023\/04\/empty-hospital-operating-theater-ready-for-surgery-2022-02-02-04-49-38-utc.jpg\" \/>\n\t<meta property=\"og:image:width\" content=\"2500\" \/>\n\t<meta property=\"og:image:height\" content=\"1656\" \/>\n\t<meta property=\"og:image:type\" content=\"image\/jpeg\" \/>\n<meta name=\"twitter:card\" content=\"summary_large_image\" \/>\n<meta name=\"twitter:label1\" content=\"Temps estimat de lectura\" \/>\n\t<meta name=\"twitter:data1\" content=\"1 minut\" \/>\n<script type=\"application\/ld+json\" class=\"yoast-schema-graph\">{\"@context\":\"https:\/\/schema.org\",\"@graph\":[{\"@type\":[\"WebPage\",\"MedicalWebPage\"],\"@id\":\"https:\/\/dtifoundation.com\/ca\/transparencia\/\",\"url\":\"https:\/\/dtifoundation.com\/ca\/transparencia\/\",\"name\":\"Transpar\u00e8ncia | DTI Foundation | Donation &amp; Transplantation Institute\",\"isPartOf\":{\"@id\":\"https:\/\/dtifoundation.com\/#website\"},\"primaryImageOfPage\":{\"@id\":\"https:\/\/dtifoundation.com\/ca\/transparencia\/#primaryimage\"},\"image\":{\"@id\":\"https:\/\/dtifoundation.com\/ca\/transparencia\/#primaryimage\"},\"thumbnailUrl\":\"https:\/\/dtifoundation.com\/wp-content\/uploads\/2023\/04\/empty-hospital-operating-theater-ready-for-surgery-2022-02-02-04-49-38-utc.jpg\",\"datePublished\":\"2023-03-14T15:30:25+00:00\",\"dateModified\":\"2026-03-17T14:01:19+00:00\",\"description\":\"Descobreix tota la informaci\u00f3 sobre Transpar\u00e8ncia a la nostra web. A DTI oferim suport a projectes internacionals orientats a augmentar la donaci\u00f3 d'\u00f2rgans i els trasplantaments arreu del m\u00f3n.\",\"breadcrumb\":{\"@id\":\"https:\/\/dtifoundation.com\/ca\/transparencia\/#breadcrumb\"},\"inLanguage\":\"ca\",\"potentialAction\":[{\"@type\":\"ReadAction\",\"target\":[\"https:\/\/dtifoundation.com\/ca\/transparencia\/\"]}]},{\"@type\":\"ImageObject\",\"inLanguage\":\"ca\",\"@id\":\"https:\/\/dtifoundation.com\/ca\/transparencia\/#primaryimage\",\"url\":\"https:\/\/dtifoundation.com\/wp-content\/uploads\/2023\/04\/empty-hospital-operating-theater-ready-for-surgery-2022-02-02-04-49-38-utc.jpg\",\"contentUrl\":\"https:\/\/dtifoundation.com\/wp-content\/uploads\/2023\/04\/empty-hospital-operating-theater-ready-for-surgery-2022-02-02-04-49-38-utc.jpg\",\"width\":2500,\"height\":1656},{\"@type\":\"BreadcrumbList\",\"@id\":\"https:\/\/dtifoundation.com\/ca\/transparencia\/#breadcrumb\",\"itemListElement\":[{\"@type\":\"ListItem\",\"position\":1,\"name\":\"Home\",\"item\":\"https:\/\/dtifoundation.com\/ca\/\"},{\"@type\":\"ListItem\",\"position\":2,\"name\":\"Transpar\u00e8ncia\"}]},{\"@type\":\"WebSite\",\"@id\":\"https:\/\/dtifoundation.com\/#website\",\"url\":\"https:\/\/dtifoundation.com\/\",\"name\":\"TPM - DTI Foundation\",\"description\":\"\",\"potentialAction\":[{\"@type\":\"SearchAction\",\"target\":{\"@type\":\"EntryPoint\",\"urlTemplate\":\"https:\/\/dtifoundation.com\/?s={search_term_string}\"},\"query-input\":{\"@type\":\"PropertyValueSpecification\",\"valueRequired\":true,\"valueName\":\"search_term_string\"}}],\"inLanguage\":\"ca\"}]}<\/script>\n<!-- \/ Yoast SEO plugin. -->","yoast_head_json":{"title":"Transpar\u00e8ncia | DTI Foundation | Donation &amp; Transplantation Institute","description":"Descobreix tota la informaci\u00f3 sobre Transpar\u00e8ncia a la nostra web. A DTI oferim suport a projectes internacionals orientats a augmentar la donaci\u00f3 d'\u00f2rgans i els trasplantaments arreu del m\u00f3n.","robots":{"index":"index","follow":"follow","max-snippet":"max-snippet:-1","max-image-preview":"max-image-preview:large","max-video-preview":"max-video-preview:-1"},"canonical":"https:\/\/dtifoundation.com\/ca\/transparencia\/","og_locale":"ca_ES","og_type":"article","og_title":"Transpar\u00e8ncia | DTI Foundation | Donation &amp; Transplantation Institute","og_description":"Descobreix tota la informaci\u00f3 sobre Transpar\u00e8ncia a la nostra web. A DTI oferim suport a projectes internacionals orientats a augmentar la donaci\u00f3 d'\u00f2rgans i els trasplantaments arreu del m\u00f3n.","og_url":"https:\/\/dtifoundation.com\/ca\/transparencia\/","og_site_name":"DTI Foundation | Donation &amp; Transplantation Institute","article_modified_time":"2026-03-17T14:01:19+00:00","og_image":[{"width":2500,"height":1656,"url":"https:\/\/dtifoundation.com\/wp-content\/uploads\/2023\/04\/empty-hospital-operating-theater-ready-for-surgery-2022-02-02-04-49-38-utc.jpg","type":"image\/jpeg"}],"twitter_card":"summary_large_image","twitter_misc":{"Temps estimat de lectura":"1 minut"},"schema":{"@context":"https:\/\/schema.org","@graph":[{"@type":["WebPage","MedicalWebPage"],"@id":"https:\/\/dtifoundation.com\/ca\/transparencia\/","url":"https:\/\/dtifoundation.com\/ca\/transparencia\/","name":"Transpar\u00e8ncia | DTI Foundation | Donation &amp; Transplantation Institute","isPartOf":{"@id":"https:\/\/dtifoundation.com\/#website"},"primaryImageOfPage":{"@id":"https:\/\/dtifoundation.com\/ca\/transparencia\/#primaryimage"},"image":{"@id":"https:\/\/dtifoundation.com\/ca\/transparencia\/#primaryimage"},"thumbnailUrl":"https:\/\/dtifoundation.com\/wp-content\/uploads\/2023\/04\/empty-hospital-operating-theater-ready-for-surgery-2022-02-02-04-49-38-utc.jpg","datePublished":"2023-03-14T15:30:25+00:00","dateModified":"2026-03-17T14:01:19+00:00","description":"Descobreix tota la informaci\u00f3 sobre Transpar\u00e8ncia a la nostra web. A DTI oferim suport a projectes internacionals orientats a augmentar la donaci\u00f3 d'\u00f2rgans i els trasplantaments arreu del m\u00f3n.","breadcrumb":{"@id":"https:\/\/dtifoundation.com\/ca\/transparencia\/#breadcrumb"},"inLanguage":"ca","potentialAction":[{"@type":"ReadAction","target":["https:\/\/dtifoundation.com\/ca\/transparencia\/"]}]},{"@type":"ImageObject","inLanguage":"ca","@id":"https:\/\/dtifoundation.com\/ca\/transparencia\/#primaryimage","url":"https:\/\/dtifoundation.com\/wp-content\/uploads\/2023\/04\/empty-hospital-operating-theater-ready-for-surgery-2022-02-02-04-49-38-utc.jpg","contentUrl":"https:\/\/dtifoundation.com\/wp-content\/uploads\/2023\/04\/empty-hospital-operating-theater-ready-for-surgery-2022-02-02-04-49-38-utc.jpg","width":2500,"height":1656},{"@type":"BreadcrumbList","@id":"https:\/\/dtifoundation.com\/ca\/transparencia\/#breadcrumb","itemListElement":[{"@type":"ListItem","position":1,"name":"Home","item":"https:\/\/dtifoundation.com\/ca\/"},{"@type":"ListItem","position":2,"name":"Transpar\u00e8ncia"}]},{"@type":"WebSite","@id":"https:\/\/dtifoundation.com\/#website","url":"https:\/\/dtifoundation.com\/","name":"TPM - DTI Foundation","description":"","potentialAction":[{"@type":"SearchAction","target":{"@type":"EntryPoint","urlTemplate":"https:\/\/dtifoundation.com\/?s={search_term_string}"},"query-input":{"@type":"PropertyValueSpecification","valueRequired":true,"valueName":"search_term_string"}}],"inLanguage":"ca"}]}},"_links":{"self":[{"href":"https:\/\/dtifoundation.com\/ca\/wp-json\/wp\/v2\/pages\/5393","targetHints":{"allow":["GET"]}}],"collection":[{"href":"https:\/\/dtifoundation.com\/ca\/wp-json\/wp\/v2\/pages"}],"about":[{"href":"https:\/\/dtifoundation.com\/ca\/wp-json\/wp\/v2\/types\/page"}],"author":[{"embeddable":true,"href":"https:\/\/dtifoundation.com\/ca\/wp-json\/wp\/v2\/users\/1"}],"replies":[{"embeddable":true,"href":"https:\/\/dtifoundation.com\/ca\/wp-json\/wp\/v2\/comments?post=5393"}],"version-history":[{"count":16,"href":"https:\/\/dtifoundation.com\/ca\/wp-json\/wp\/v2\/pages\/5393\/revisions"}],"predecessor-version":[{"id":17820,"href":"https:\/\/dtifoundation.com\/ca\/wp-json\/wp\/v2\/pages\/5393\/revisions\/17820"}],"wp:featuredmedia":[{"embeddable":true,"href":"https:\/\/dtifoundation.com\/ca\/wp-json\/wp\/v2\/media\/9292"}],"wp:attachment":[{"href":"https:\/\/dtifoundation.com\/ca\/wp-json\/wp\/v2\/media?parent=5393"}],"curies":[{"name":"wp","href":"https:\/\/api.w.org\/{rel}","templated":true}]}}