{"id":5335,"date":"2023-03-14T14:59:18","date_gmt":"2023-03-14T14:59:18","guid":{"rendered":"http:\/\/dti.developallin.com\/la-nostra-missio\/"},"modified":"2026-04-14T11:26:44","modified_gmt":"2026-04-14T11:26:44","slug":"la-nostra-missio","status":"publish","type":"page","link":"https:\/\/dtifoundation.com\/ca\/la-nostra-missio\/","title":{"rendered":"La nostra missi\u00f3"},"content":{"rendered":"<div class=\"wpb-content-wrapper\"><p>[vc_row row_height_percent=&#8221;0&#8243; overlay_alpha=&#8221;50&#8243; gutter_size=&#8221;3&#8243; column_width_percent=&#8221;100&#8243; shift_y=&#8221;0&#8243; z_index=&#8221;0&#8243; uncode_shortcode_id=&#8221;134962&#8243; css=&#8221;.vc_custom_1673266966302{padding-top: 50px !important;padding-bottom: 50px !important;}&#8221;][vc_column column_width_percent=&#8221;100&#8243; position_vertical=&#8221;middle&#8221; gutter_size=&#8221;3&#8243; override_padding=&#8221;yes&#8221; column_padding=&#8221;2&#8243; overlay_alpha=&#8221;50&#8243; shift_x=&#8221;0&#8243; shift_y=&#8221;0&#8243; shift_y_down=&#8221;0&#8243; z_index=&#8221;0&#8243; medium_width=&#8221;0&#8243; mobile_width=&#8221;0&#8243; width=&#8221;1\/2&#8243; uncode_shortcode_id=&#8221;954600&#8243;][vc_custom_heading text_color=&#8221;color-red-tpm-dti&#8221; heading_semantic=&#8221;h3&#8243; text_size=&#8221;h5&#8243; uncode_shortcode_id=&#8221;633543&#8243; text_color_type=&#8221;uncode-palette&#8221;]EL NOSTRE[\/vc_custom_heading][vc_custom_heading uncode_shortcode_id=&#8221;228602&#8243;]COMPROM\u00cdS[\/vc_custom_heading][vc_icon position=&#8221;left&#8221; space_reduced=&#8221;yes&#8221; icon=&#8221;fa fa-earth&#8221; icon_color=&#8221;color-red-tpm-dti&#8221; size=&#8221;fa-4x&#8221; uncode_shortcode_id=&#8221;287848&#8243; icon_color_type=&#8221;uncode-palette&#8221;]Augmentar la donaci\u00f3 d&#8217;\u00f2rgans al m\u00f3n[\/vc_icon][vc_icon position=&#8221;left&#8221; space_reduced=&#8221;yes&#8221; icon=&#8221;fa fa-line-chart&#8221; icon_color=&#8221;color-red-tpm-dti&#8221; size=&#8221;fa-4x&#8221; uncode_shortcode_id=&#8221;170110&#8243; icon_color_type=&#8221;uncode-palette&#8221;]Millorar la qualitat de vida de la societat[\/vc_icon][vc_icon position=&#8221;left&#8221; space_reduced=&#8221;yes&#8221; icon=&#8221;fa fa-life-bouy&#8221; icon_color=&#8221;color-red-tpm-dti&#8221; size=&#8221;fa-4x&#8221; uncode_shortcode_id=&#8221;661362&#8243; icon_color_type=&#8221;uncode-palette&#8221;]Suport a la medicina regenerativa[\/vc_icon][\/vc_column][vc_column column_width_percent=&#8221;100&#8243; gutter_size=&#8221;3&#8243; override_padding=&#8221;yes&#8221; column_padding=&#8221;2&#8243; overlay_alpha=&#8221;50&#8243; shift_x=&#8221;0&#8243; shift_y=&#8221;0&#8243; shift_y_down=&#8221;0&#8243; z_index=&#8221;0&#8243; medium_width=&#8221;0&#8243; mobile_width=&#8221;0&#8243; width=&#8221;1\/2&#8243; uncode_shortcode_id=&#8221;380700&#8243;][vc_custom_heading text_color=&#8221;color-red-tpm-dti&#8221; heading_semantic=&#8221;h3&#8243; text_size=&#8221;h5&#8243; uncode_shortcode_id=&#8221;147534&#8243; text_color_type=&#8221;uncode-palette&#8221;]LA NOSTRA[\/vc_custom_heading][vc_custom_heading uncode_shortcode_id=&#8221;121053&#8243;]MISSI\u00d3[\/vc_custom_heading][vc_column_text uncode_shortcode_id=&#8221;102682&#8243;]<\/p>\n<p style=\"text-align: justify;\">Assessorar i donar suport a entitats p\u00fabliques i privades internacionals que treballen en el sistema assistencial per dissenyar, desenvolupar i refor\u00e7ar xarxes, programes, serveis i\/o projectes de recerca en el camp de la donaci\u00f3 i el trasplantament d\u2019\u00f2rgans, teixits i c\u00e8l\u00b7lules; amb l&#8217;objectiu de millorar la qualitat de vida dels ciutadans.<\/p>\n<p>[\/vc_column_text][vc_custom_heading text_color=&#8221;color-red-tpm-dti&#8221; heading_semantic=&#8221;h3&#8243; text_size=&#8221;h5&#8243; uncode_shortcode_id=&#8221;331645&#8243; text_color_type=&#8221;uncode-palette&#8221;]LA NOSTRA[\/vc_custom_heading][vc_custom_heading uncode_shortcode_id=&#8221;490593&#8243;]VISI\u00d3[\/vc_custom_heading][vc_column_text uncode_shortcode_id=&#8221;729557&#8243;]<\/p>\n<p style=\"text-align: justify;\">Ser una organitzaci\u00f3 amb prestigi internacional que coordina projectes i accions, contribueixi a complir els requisits i necessitats de la poblaci\u00f3 en diverses regions del m\u00f3n en termes de la donaci\u00f3 d\u2019\u00f2rgans, teixits i c\u00e8l\u00b7lules humanes disponibles per a trasplantaments i recerca.<\/p>\n<p>[\/vc_column_text][\/vc_column][\/vc_row][vc_row row_height_percent=&#8221;0&#8243; override_padding=&#8221;yes&#8221; h_padding=&#8221;2&#8243; top_padding=&#8221;3&#8243; bottom_padding=&#8221;3&#8243; back_color=&#8221;color-lxmt&#8221; overlay_alpha=&#8221;50&#8243; gutter_size=&#8221;3&#8243; column_width_percent=&#8221;100&#8243; shift_y=&#8221;0&#8243; z_index=&#8221;0&#8243; uncode_shortcode_id=&#8221;180747&#8243; back_color_type=&#8221;uncode-palette&#8221;][vc_column width=&#8221;1\/1&#8243;][vc_row_inner row_inner_height_percent=&#8221;0&#8243; overlay_alpha=&#8221;50&#8243; gutter_size=&#8221;3&#8243; shift_y=&#8221;0&#8243; z_index=&#8221;0&#8243; uncode_shortcode_id=&#8221;242995&#8243;][vc_column_inner width=&#8221;1\/2&#8243;][vc_custom_heading text_color=&#8221;color-red-tpm-dti&#8221; heading_semantic=&#8221;h3&#8243; text_size=&#8221;h5&#8243; uncode_shortcode_id=&#8221;133391&#8243; text_color_type=&#8221;uncode-palette&#8221;]ELS NOSTRES[\/vc_custom_heading][vc_custom_heading uncode_shortcode_id=&#8221;267001&#8243;]VALORS[\/vc_custom_heading][uncode_list icon=&#8221;fa fa-caret-right&#8221; icon_color=&#8221;color-red-tpm-dti&#8221; uncode_shortcode_id=&#8221;783077&#8243; icon_color_type=&#8221;uncode-palette&#8221;]La feina que desenvolupa la fundaci\u00f3 es basa en els valors seg\u00fcents:<\/p>\n<ul>\n<li>Transpar\u00e8ncia en els nostres processos interns i externs.<\/li>\n<li>Excel\u00b7l\u00e8ncia en els nostres processos interns i externs.<\/li>\n<li>Solidaritat amb els diversos grups i pa\u00efsos, especialment amb els m\u00e9s desfavorits.<\/li>\n<li>Toler\u00e0ncia cap a les difer\u00e8ncies i diversitat de les diverses sensibilitats i manifestacions.<\/li>\n<\/ul>\n<p>[\/uncode_list][\/vc_column_inner][vc_column_inner width=&#8221;1\/2&#8243;][vc_single_image media=&#8221;11719&#8243; media_width_percent=&#8221;100&#8243; uncode_shortcode_id=&#8221;186276&#8243; el_class=&#8221;img-radius&#8221;][\/vc_column_inner][\/vc_row_inner][vc_row_inner row_inner_height_percent=&#8221;0&#8243; overlay_alpha=&#8221;50&#8243; gutter_size=&#8221;3&#8243; shift_y=&#8221;0&#8243; z_index=&#8221;0&#8243; uncode_shortcode_id=&#8221;111339&#8243; css=&#8221;.vc_custom_1679390751826{padding-top: 36px !important;}&#8221;][vc_column_inner column_width_percent=&#8221;100&#8243; position_vertical=&#8221;middle&#8221; gutter_size=&#8221;3&#8243; overlay_alpha=&#8221;50&#8243; shift_x=&#8221;0&#8243; shift_y=&#8221;0&#8243; shift_y_down=&#8221;0&#8243; z_index=&#8221;0&#8243; medium_width=&#8221;0&#8243; mobile_width=&#8221;0&#8243; width=&#8221;1\/2&#8243; uncode_shortcode_id=&#8221;200060&#8243;][vc_single_image media=&#8221;11722&#8243; media_width_percent=&#8221;100&#8243; uncode_shortcode_id=&#8221;379175&#8243; el_class=&#8221;img-radius&#8221;][\/vc_column_inner][vc_column_inner width=&#8221;1\/2&#8243;][vc_custom_heading text_color=&#8221;color-red-tpm-dti&#8221; heading_semantic=&#8221;h3&#8243; text_size=&#8221;h5&#8243; uncode_shortcode_id=&#8221;450806&#8243; text_color_type=&#8221;uncode-palette&#8221;]ELS NOSTRES[\/vc_custom_heading][vc_custom_heading uncode_shortcode_id=&#8221;152087&#8243;]OBJECTIUS[\/vc_custom_heading][uncode_list icon=&#8221;fa fa-caret-right&#8221; icon_color=&#8221;color-red-tpm-dti&#8221; uncode_shortcode_id=&#8221;531217&#8243; icon_color_type=&#8221;uncode-palette&#8221;]Els objectius de la fundaci\u00f3 es centren en les l\u00ednies generals seg\u00fcents:<\/p>\n<ul>\n<li>Atreure talents en diferents camps que permetin descobrir les necessitats i desenvolupar les oportunitats de creixement i millora.<\/li>\n<li>Desenvolupar idees i projectes vinculats als projectes cient\u00edfics i tecnol\u00f2gics relacionats amb la donaci\u00f3 i el trasplantament.<\/li>\n<li>Contribuir al desenvolupament de regions o pa\u00efsos de la zona de la donaci\u00f3 i el trasplantament d\u2019\u00f2rgans, teixits humans i c\u00e8l\u00b7lules.<\/li>\n<li>Col\u00b7labora en el desenvolupament d\u2019un major nombre d\u2019\u00f2rgans, teixits i \/ o c\u00e8l\u00b7lules d\u2019acord amb la demanda i les necessitats de la poblaci\u00f3.<\/li>\n<li>Per assegurar-se que els seus beneficiaris compleixin els est\u00e0ndards de qualitat, t\u00e8cnica i \u00e8tica per obtenir, processar, preservar i distribuir \u00f2rgans, teixits i c\u00e8l\u00b7lules adre\u00e7ats al trasplantament hum\u00e0 o per a la investigaci\u00f3.<\/li>\n<\/ul>\n<p>[\/uncode_list][\/vc_column_inner][\/vc_row_inner][\/vc_column][\/vc_row][vc_row row_height_percent=&#8221;0&#8243; overlay_alpha=&#8221;50&#8243; gutter_size=&#8221;3&#8243; column_width_percent=&#8221;100&#8243; shift_y=&#8221;0&#8243; z_index=&#8221;0&#8243; uncode_shortcode_id=&#8221;194027&#8243; css=&#8221;.vc_custom_1673268265578{padding-top: 50px !important;padding-bottom: 50px !important;}&#8221;][vc_column width=&#8221;1\/3&#8243;][vc_custom_heading text_color=&#8221;color-red-tpm-dti&#8221; heading_semantic=&#8221;h3&#8243; text_size=&#8221;h5&#8243; uncode_shortcode_id=&#8221;157686&#8243; text_color_type=&#8221;uncode-palette&#8221;]LA NOSTRA[\/vc_custom_heading][vc_custom_heading uncode_shortcode_id=&#8221;189144&#8243;]QUALITAT[\/vc_custom_heading][vc_column_text uncode_shortcode_id=&#8221;178305&#8243;]<\/p>\n<p style=\"text-align: justify;\">DTI, com a organitzaci\u00f3 internacional, busca millorar la qualitat de vida de la societat, augmentar la donaci\u00f3 i el trasplantament d\u2019\u00f2rgans i l\u2019avan\u00e7 de la medicina regenerativa al m\u00f3n. Per tant, hem desenvolupat un sistema de gesti\u00f3 de qualitat que garanteix que totes les nostres accions compleixin els principis descrits a continuaci\u00f3:<\/p>\n<p>[\/vc_column_text][\/vc_column][vc_column width=&#8221;2\/3&#8243;][uncode_list icon=&#8221;fa fa-caret-right&#8221; icon_color=&#8221;color-red-tpm-dti&#8221; uncode_shortcode_id=&#8221;634676&#8243; icon_color_type=&#8221;uncode-palette&#8221;]<\/p>\n<ul>\n<li>Feu de la qualitat un element b\u00e0sic en la cultura de la Fundaci\u00f3, que impliqui amb aquesta finalitat cadascun dels components de l&#8217;organitzaci\u00f3.<\/li>\n<li>Establir una gesti\u00f3 eficient amb els nostres col\u00b7laboradors, prove\u00efdors i clients per tal de garantir resultats i obtenir beneficis comuns per a tots els actors implicats.<\/li>\n<li>Innoveu i adapteu-vos definitivament en els nostres processos d\u2019ensenyament, consultoria i investigaci\u00f3 de manera que respongui a les necessitats dels nostres clients i de la nostra societat.<\/li>\n<li>Formar el nostre personal com a element fonamental per garantir la qualitat, la compet\u00e8ncia del personal i garantir una millora cont\u00ednua.<\/li>\n<li>Actuar de manera \u00e8tica amb tots els actors de la Fundaci\u00f3, establint relacions basades en la confian\u00e7a i la cooperaci\u00f3. Garantir el compliment legal en totes les nostres accions.<\/li>\n<\/ul>\n<p>[\/uncode_list][vc_column_text uncode_shortcode_id=&#8221;205561&#8243;]<strong><a style=\"color: #b53125;\" href=\"https:\/\/dtifoundation.com\/wp-content\/uploads\/2023\/05\/Quality-Policy-2018-DTI1.pdf\">Quality-Policy-2018-DTI<\/a><\/strong>[\/vc_column_text][\/vc_column][\/vc_row][vc_row row_height_percent=&#8221;0&#8243; override_padding=&#8221;yes&#8221; h_padding=&#8221;2&#8243; top_padding=&#8221;3&#8243; bottom_padding=&#8221;3&#8243; back_color=&#8221;color-lxmt&#8221; overlay_alpha=&#8221;50&#8243; gutter_size=&#8221;3&#8243; column_width_percent=&#8221;100&#8243; shift_y=&#8221;0&#8243; z_index=&#8221;0&#8243; uncode_shortcode_id=&#8221;200210&#8243; back_color_type=&#8221;uncode-palette&#8221;][vc_column width=&#8221;1\/1&#8243;][vc_custom_heading uncode_shortcode_id=&#8221;188007&#8243;]<strong>L\u2019impacte de DTI en els ODD<\/strong>[\/vc_custom_heading][vc_gallery el_id=&#8221;gallery-967758&#8243; type=&#8221;carousel&#8221; medias=&#8221;5314,5317,5320,5323,5326,5329,5332&#8243; carousel_lg=&#8221;7&#8243; carousel_md=&#8221;4&#8243; carousel_sm=&#8221;3&#8243; thumb_size=&#8221;one-one&#8221; gutter_size=&#8221;3&#8243; media_items=&#8221;media|lightbox|original&#8221; carousel_height=&#8221;equal&#8221; carousel_interval=&#8221;3000&#8243; carousel_navspeed=&#8221;400&#8243; stage_padding=&#8221;0&#8243; single_overlay_opacity=&#8221;50&#8243; single_padding=&#8221;2&#8243; uncode_shortcode_id=&#8221;159304&#8243;][\/vc_column][\/vc_row]<\/p>\n<\/div>","protected":false},"excerpt":{"rendered":"<p>[vc_row row_height_percent=&#8221;0&#8243; overlay_alpha=&#8221;50&#8243; gutter_size=&#8221;3&#8243; column_width_percent=&#8221;100&#8243; shift_y=&#8221;0&#8243; z_index=&#8221;0&#8243; uncode_shortcode_id=&#8221;134962&#8243; css=&#8221;.vc_custom_1673266966302{padding-top: 50px !important;padding-bottom: 50px !important;}&#8221;][vc_column column_width_percent=&#8221;100&#8243; position_vertical=&#8221;middle&#8221; gutter_size=&#8221;3&#8243; override_padding=&#8221;yes&#8221; column_padding=&#8221;2&#8243; overlay_alpha=&#8221;50&#8243; shift_x=&#8221;0&#8243; [&hellip;]<\/p>\n","protected":false},"author":1,"featured_media":9286,"parent":0,"menu_order":0,"comment_status":"closed","ping_status":"closed","template":"","meta":{"_acf_changed":false,"footnotes":""},"class_list":["post-5335","page","type-page","status-publish","has-post-thumbnail","hentry"],"acf":[],"yoast_head":"<!-- This site is optimized with the Yoast SEO plugin v26.9 - https:\/\/yoast.com\/product\/yoast-seo-wordpress\/ -->\n<title>La nostra missi\u00f3 | DTI Foundation | Donation &amp; Transplantation Institute<\/title>\n<meta name=\"description\" content=\"Descobreix tota la informaci\u00f3 sobre La nostra missi\u00f3 a la nostra web. A DTI oferim suport a projectes internacionals orientats a augmentar la donaci\u00f3 d&#039;\u00f2rgans i els trasplantaments arreu del m\u00f3n.\" \/>\n<meta name=\"robots\" content=\"index, follow, max-snippet:-1, max-image-preview:large, max-video-preview:-1\" \/>\n<link rel=\"canonical\" href=\"https:\/\/dtifoundation.com\/ca\/la-nostra-missio\/\" \/>\n<meta property=\"og:locale\" content=\"ca_ES\" \/>\n<meta property=\"og:type\" content=\"article\" \/>\n<meta property=\"og:title\" content=\"La nostra missi\u00f3 | DTI Foundation | Donation &amp; Transplantation Institute\" \/>\n<meta property=\"og:description\" content=\"Descobreix tota la informaci\u00f3 sobre La nostra missi\u00f3 a la nostra web. A DTI oferim suport a projectes internacionals orientats a augmentar la donaci\u00f3 d&#039;\u00f2rgans i els trasplantaments arreu del m\u00f3n.\" \/>\n<meta property=\"og:url\" content=\"https:\/\/dtifoundation.com\/ca\/la-nostra-missio\/\" \/>\n<meta property=\"og:site_name\" content=\"DTI Foundation | Donation &amp; Transplantation Institute\" \/>\n<meta property=\"article:modified_time\" content=\"2026-04-14T11:26:44+00:00\" \/>\n<meta property=\"og:image\" content=\"https:\/\/dtifoundation.com\/wp-content\/uploads\/2023\/04\/african-american-doctor-holding-tray-with-medical-2022-12-16-16-25-30-utc.jpg\" \/>\n\t<meta property=\"og:image:width\" content=\"2500\" \/>\n\t<meta property=\"og:image:height\" content=\"1669\" \/>\n\t<meta property=\"og:image:type\" content=\"image\/jpeg\" \/>\n<meta name=\"twitter:card\" content=\"summary_large_image\" \/>\n<meta name=\"twitter:label1\" content=\"Temps estimat de lectura\" \/>\n\t<meta name=\"twitter:data1\" content=\"4 minuts\" \/>\n<script type=\"application\/ld+json\" class=\"yoast-schema-graph\">{\"@context\":\"https:\/\/schema.org\",\"@graph\":[{\"@type\":[\"WebPage\",\"MedicalWebPage\"],\"@id\":\"https:\/\/dtifoundation.com\/ca\/la-nostra-missio\/\",\"url\":\"https:\/\/dtifoundation.com\/ca\/la-nostra-missio\/\",\"name\":\"La nostra missi\u00f3 | DTI Foundation | Donation &amp; Transplantation Institute\",\"isPartOf\":{\"@id\":\"https:\/\/dtifoundation.com\/#website\"},\"primaryImageOfPage\":{\"@id\":\"https:\/\/dtifoundation.com\/ca\/la-nostra-missio\/#primaryimage\"},\"image\":{\"@id\":\"https:\/\/dtifoundation.com\/ca\/la-nostra-missio\/#primaryimage\"},\"thumbnailUrl\":\"https:\/\/dtifoundation.com\/wp-content\/uploads\/2023\/04\/african-american-doctor-holding-tray-with-medical-2022-12-16-16-25-30-utc.jpg\",\"datePublished\":\"2023-03-14T14:59:18+00:00\",\"dateModified\":\"2026-04-14T11:26:44+00:00\",\"description\":\"Descobreix tota la informaci\u00f3 sobre La nostra missi\u00f3 a la nostra web. A DTI oferim suport a projectes internacionals orientats a augmentar la donaci\u00f3 d'\u00f2rgans i els trasplantaments arreu del m\u00f3n.\",\"breadcrumb\":{\"@id\":\"https:\/\/dtifoundation.com\/ca\/la-nostra-missio\/#breadcrumb\"},\"inLanguage\":\"ca\",\"potentialAction\":[{\"@type\":\"ReadAction\",\"target\":[\"https:\/\/dtifoundation.com\/ca\/la-nostra-missio\/\"]}]},{\"@type\":\"ImageObject\",\"inLanguage\":\"ca\",\"@id\":\"https:\/\/dtifoundation.com\/ca\/la-nostra-missio\/#primaryimage\",\"url\":\"https:\/\/dtifoundation.com\/wp-content\/uploads\/2023\/04\/african-american-doctor-holding-tray-with-medical-2022-12-16-16-25-30-utc.jpg\",\"contentUrl\":\"https:\/\/dtifoundation.com\/wp-content\/uploads\/2023\/04\/african-american-doctor-holding-tray-with-medical-2022-12-16-16-25-30-utc.jpg\",\"width\":2500,\"height\":1669},{\"@type\":\"BreadcrumbList\",\"@id\":\"https:\/\/dtifoundation.com\/ca\/la-nostra-missio\/#breadcrumb\",\"itemListElement\":[{\"@type\":\"ListItem\",\"position\":1,\"name\":\"Home\",\"item\":\"https:\/\/dtifoundation.com\/ca\/\"},{\"@type\":\"ListItem\",\"position\":2,\"name\":\"La nostra missi\u00f3\"}]},{\"@type\":\"WebSite\",\"@id\":\"https:\/\/dtifoundation.com\/#website\",\"url\":\"https:\/\/dtifoundation.com\/\",\"name\":\"TPM - DTI Foundation\",\"description\":\"\",\"potentialAction\":[{\"@type\":\"SearchAction\",\"target\":{\"@type\":\"EntryPoint\",\"urlTemplate\":\"https:\/\/dtifoundation.com\/?s={search_term_string}\"},\"query-input\":{\"@type\":\"PropertyValueSpecification\",\"valueRequired\":true,\"valueName\":\"search_term_string\"}}],\"inLanguage\":\"ca\"}]}<\/script>\n<!-- \/ Yoast SEO plugin. -->","yoast_head_json":{"title":"La nostra missi\u00f3 | DTI Foundation | Donation &amp; Transplantation Institute","description":"Descobreix tota la informaci\u00f3 sobre La nostra missi\u00f3 a la nostra web. A DTI oferim suport a projectes internacionals orientats a augmentar la donaci\u00f3 d'\u00f2rgans i els trasplantaments arreu del m\u00f3n.","robots":{"index":"index","follow":"follow","max-snippet":"max-snippet:-1","max-image-preview":"max-image-preview:large","max-video-preview":"max-video-preview:-1"},"canonical":"https:\/\/dtifoundation.com\/ca\/la-nostra-missio\/","og_locale":"ca_ES","og_type":"article","og_title":"La nostra missi\u00f3 | DTI Foundation | Donation &amp; Transplantation Institute","og_description":"Descobreix tota la informaci\u00f3 sobre La nostra missi\u00f3 a la nostra web. A DTI oferim suport a projectes internacionals orientats a augmentar la donaci\u00f3 d'\u00f2rgans i els trasplantaments arreu del m\u00f3n.","og_url":"https:\/\/dtifoundation.com\/ca\/la-nostra-missio\/","og_site_name":"DTI Foundation | Donation &amp; Transplantation Institute","article_modified_time":"2026-04-14T11:26:44+00:00","og_image":[{"width":2500,"height":1669,"url":"https:\/\/dtifoundation.com\/wp-content\/uploads\/2023\/04\/african-american-doctor-holding-tray-with-medical-2022-12-16-16-25-30-utc.jpg","type":"image\/jpeg"}],"twitter_card":"summary_large_image","twitter_misc":{"Temps estimat de lectura":"4 minuts"},"schema":{"@context":"https:\/\/schema.org","@graph":[{"@type":["WebPage","MedicalWebPage"],"@id":"https:\/\/dtifoundation.com\/ca\/la-nostra-missio\/","url":"https:\/\/dtifoundation.com\/ca\/la-nostra-missio\/","name":"La nostra missi\u00f3 | DTI Foundation | Donation &amp; Transplantation Institute","isPartOf":{"@id":"https:\/\/dtifoundation.com\/#website"},"primaryImageOfPage":{"@id":"https:\/\/dtifoundation.com\/ca\/la-nostra-missio\/#primaryimage"},"image":{"@id":"https:\/\/dtifoundation.com\/ca\/la-nostra-missio\/#primaryimage"},"thumbnailUrl":"https:\/\/dtifoundation.com\/wp-content\/uploads\/2023\/04\/african-american-doctor-holding-tray-with-medical-2022-12-16-16-25-30-utc.jpg","datePublished":"2023-03-14T14:59:18+00:00","dateModified":"2026-04-14T11:26:44+00:00","description":"Descobreix tota la informaci\u00f3 sobre La nostra missi\u00f3 a la nostra web. A DTI oferim suport a projectes internacionals orientats a augmentar la donaci\u00f3 d'\u00f2rgans i els trasplantaments arreu del m\u00f3n.","breadcrumb":{"@id":"https:\/\/dtifoundation.com\/ca\/la-nostra-missio\/#breadcrumb"},"inLanguage":"ca","potentialAction":[{"@type":"ReadAction","target":["https:\/\/dtifoundation.com\/ca\/la-nostra-missio\/"]}]},{"@type":"ImageObject","inLanguage":"ca","@id":"https:\/\/dtifoundation.com\/ca\/la-nostra-missio\/#primaryimage","url":"https:\/\/dtifoundation.com\/wp-content\/uploads\/2023\/04\/african-american-doctor-holding-tray-with-medical-2022-12-16-16-25-30-utc.jpg","contentUrl":"https:\/\/dtifoundation.com\/wp-content\/uploads\/2023\/04\/african-american-doctor-holding-tray-with-medical-2022-12-16-16-25-30-utc.jpg","width":2500,"height":1669},{"@type":"BreadcrumbList","@id":"https:\/\/dtifoundation.com\/ca\/la-nostra-missio\/#breadcrumb","itemListElement":[{"@type":"ListItem","position":1,"name":"Home","item":"https:\/\/dtifoundation.com\/ca\/"},{"@type":"ListItem","position":2,"name":"La nostra missi\u00f3"}]},{"@type":"WebSite","@id":"https:\/\/dtifoundation.com\/#website","url":"https:\/\/dtifoundation.com\/","name":"TPM - DTI Foundation","description":"","potentialAction":[{"@type":"SearchAction","target":{"@type":"EntryPoint","urlTemplate":"https:\/\/dtifoundation.com\/?s={search_term_string}"},"query-input":{"@type":"PropertyValueSpecification","valueRequired":true,"valueName":"search_term_string"}}],"inLanguage":"ca"}]}},"_links":{"self":[{"href":"https:\/\/dtifoundation.com\/ca\/wp-json\/wp\/v2\/pages\/5335","targetHints":{"allow":["GET"]}}],"collection":[{"href":"https:\/\/dtifoundation.com\/ca\/wp-json\/wp\/v2\/pages"}],"about":[{"href":"https:\/\/dtifoundation.com\/ca\/wp-json\/wp\/v2\/types\/page"}],"author":[{"embeddable":true,"href":"https:\/\/dtifoundation.com\/ca\/wp-json\/wp\/v2\/users\/1"}],"replies":[{"embeddable":true,"href":"https:\/\/dtifoundation.com\/ca\/wp-json\/wp\/v2\/comments?post=5335"}],"version-history":[{"count":2,"href":"https:\/\/dtifoundation.com\/ca\/wp-json\/wp\/v2\/pages\/5335\/revisions"}],"predecessor-version":[{"id":18094,"href":"https:\/\/dtifoundation.com\/ca\/wp-json\/wp\/v2\/pages\/5335\/revisions\/18094"}],"wp:featuredmedia":[{"embeddable":true,"href":"https:\/\/dtifoundation.com\/ca\/wp-json\/wp\/v2\/media\/9286"}],"wp:attachment":[{"href":"https:\/\/dtifoundation.com\/ca\/wp-json\/wp\/v2\/media?parent=5335"}],"curies":[{"name":"wp","href":"https:\/\/api.w.org\/{rel}","templated":true}]}}