{"id":5260,"date":"2022-12-21T10:43:12","date_gmt":"2022-12-21T10:43:12","guid":{"rendered":"https:\/\/dti.developallin.com\/la-nostra-historia\/"},"modified":"2026-04-15T07:36:22","modified_gmt":"2026-04-15T07:36:22","slug":"la-nostra-historia","status":"publish","type":"page","link":"https:\/\/dtifoundation.com\/ca\/la-nostra-historia\/","title":{"rendered":"Hist\u00f2ria"},"content":{"rendered":"<div class=\"wpb-content-wrapper\"><p>[vc_row row_height_percent=&#8221;0&#8243; override_padding=&#8221;yes&#8221; h_padding=&#8221;2&#8243; top_padding=&#8221;3&#8243; bottom_padding=&#8221;3&#8243; overlay_alpha=&#8221;50&#8243; gutter_size=&#8221;3&#8243; column_width_percent=&#8221;100&#8243; shift_y=&#8221;0&#8243; z_index=&#8221;0&#8243; uncode_shortcode_id=&#8221;286029&#8243;][vc_column column_width_percent=&#8221;100&#8243; align_horizontal=&#8221;align_center&#8221; gutter_size=&#8221;3&#8243; overlay_alpha=&#8221;50&#8243; shift_x=&#8221;0&#8243; shift_y=&#8221;0&#8243; shift_y_down=&#8221;0&#8243; z_index=&#8221;0&#8243; medium_width=&#8221;0&#8243; mobile_width=&#8221;0&#8243; width=&#8221;1\/1&#8243; uncode_shortcode_id=&#8221;146257&#8243;][vc_custom_heading text_color=&#8221;color-red-tpm-dti&#8221; heading_semantic=&#8221;h3&#8243; text_size=&#8221;h3&#8243; uncode_shortcode_id=&#8221;999656&#8243; text_color_type=&#8221;uncode-palette&#8221;]Descobreix la nostra hist\u00f2ria[\/vc_custom_heading][vc_custom_heading uncode_shortcode_id=&#8221;105637&#8243;]DTI ofereix suport internacional en donaci\u00f3 i trasplantament d\u2019\u00f2rgans.[\/vc_custom_heading][\/vc_column][\/vc_row][vc_row row_height_percent=&#8221;0&#8243; overlay_alpha=&#8221;50&#8243; gutter_size=&#8221;3&#8243; column_width_percent=&#8221;100&#8243; shift_y=&#8221;0&#8243; z_index=&#8221;0&#8243; uncode_shortcode_id=&#8221;851700&#8243; el_class=&#8221;mobile-reverse-column&#8221;][vc_column column_width_percent=&#8221;100&#8243; position_vertical=&#8221;middle&#8221; gutter_size=&#8221;3&#8243; overlay_alpha=&#8221;50&#8243; shift_x=&#8221;0&#8243; shift_y=&#8221;0&#8243; shift_y_down=&#8221;0&#8243; z_index=&#8221;0&#8243; medium_width=&#8221;0&#8243; mobile_width=&#8221;0&#8243; width=&#8221;6\/12&#8243; uncode_shortcode_id=&#8221;198499&#8243;][vc_single_image media=&#8221;14995&#8243; media_width_percent=&#8221;100&#8243; uncode_shortcode_id=&#8221;148242&#8243; el_class=&#8221;img-radius&#8221;][\/vc_column][vc_column width=&#8221;5\/12&#8243;][vc_column_text uncode_shortcode_id=&#8221;153315&#8243;]<\/p>\n<p style=\"text-align: justify;\">Donation and Transplantation Institute (DTI) \u00e9s una organitzaci\u00f3 sense \u00e0nim de lucre amb el comprom\u00eds de millorar la qualitat de vida de la societat mitjan\u00e7ant la donaci\u00f3 i el trasplantament d&#8217;\u00f2rgans, teixits i c\u00e8l\u00b7lules.<\/p>\n<p style=\"text-align: justify;\">Els fundadors de DTI s\u00f3n un grup d\u00b4experts reconeguts internacionalment en donaci\u00f3 i trasplantament d\u00b4\u00f2rgans. DTI reuneix experts internacionals en la mat\u00e8ria per assessorar i donar suport a l&#8217;execuci\u00f3 de projectes de donaci\u00f3 i trasplantament d&#8217;\u00f2rgans, teixits i c\u00e8l\u00b7lules i crea una \u00e0mplia xarxa de recerca. DTI ofereix suport internacional en donaci\u00f3 i trasplantament d\u2019\u00f2rgans.<\/p>\n<p>[\/vc_column_text][\/vc_column][vc_column column_width_percent=&#8221;100&#8243; gutter_size=&#8221;3&#8243; overlay_alpha=&#8221;50&#8243; shift_x=&#8221;0&#8243; shift_y=&#8221;0&#8243; shift_y_down=&#8221;0&#8243; z_index=&#8221;0&#8243; medium_width=&#8221;0&#8243; mobile_width=&#8221;0&#8243; width=&#8221;1\/12&#8243; uncode_shortcode_id=&#8221;201110&#8243; el_class=&#8221;heading-divider&#8221;][vc_custom_heading heading_semantic=&#8221;p&#8221; text_size=&#8221;h5&#8243; uncode_shortcode_id=&#8221;432525&#8243;]HIST\u00d2RIA[\/vc_custom_heading][vc_separator sep_color=&#8221;color-red-tpm-dti&#8221; uncode_shortcode_id=&#8221;139535&#8243; sep_color_type=&#8221;uncode-palette&#8221; el_width=&#8221;100%&#8221;][\/vc_column][\/vc_row][vc_row row_height_percent=&#8221;0&#8243; override_padding=&#8221;yes&#8221; h_padding=&#8221;2&#8243; top_padding=&#8221;3&#8243; bottom_padding=&#8221;3&#8243; overlay_alpha=&#8221;50&#8243; gutter_size=&#8221;3&#8243; column_width_percent=&#8221;100&#8243; shift_y=&#8221;0&#8243; z_index=&#8221;0&#8243; uncode_shortcode_id=&#8221;292506&#8243;][vc_column width=&#8221;1\/2&#8243;][vc_column_text uncode_shortcode_id=&#8221;174782&#8243;]<\/p>\n<p style=\"text-align: justify;\">Transplant Procurement Management (TPM\u00ae) \u00e9s un programa educatiu que des de 1991 ha format m\u00e9s de 19.000 professionals sanitaris de 113 pa\u00efsos. La formaci\u00f3 de TPM est\u00e0 dissenyada per adaptar els continguts dels cursos a les necessitats espec\u00edfiques de la situaci\u00f3 dels diferents pa\u00efsos.<\/p>\n<p style=\"text-align: justify;\">TPM actualitza constantment els continguts dels seus cursos i ha elaborat una \u00e0mplia gamma de materials did\u00e0ctics i ha desenvolupat els seus propis programes inform\u00e0tics i equips t\u00e8cnics per a les sessions pr\u00e0ctiques. Tot el material did\u00e0ctic es tradueix a altres idiomes quan cal. Els cursos avan\u00e7ats s&#8217;imparteixen anualment en cinc idiomes (espanyol, angl\u00e8s, itali\u00e0, franc\u00e8s i portugu\u00e8s).<\/p>\n<p>[\/vc_column_text][\/vc_column][vc_column column_width_percent=&#8221;100&#8243; position_vertical=&#8221;middle&#8221; gutter_size=&#8221;3&#8243; overlay_alpha=&#8221;50&#8243; shift_x=&#8221;0&#8243; shift_y=&#8221;0&#8243; shift_y_down=&#8221;0&#8243; z_index=&#8221;0&#8243; medium_width=&#8221;0&#8243; mobile_width=&#8221;0&#8243; width=&#8221;1\/2&#8243; uncode_shortcode_id=&#8221;163016&#8243;][vc_single_image media=&#8221;15163&#8243; media_width_percent=&#8221;100&#8243; uncode_shortcode_id=&#8221;904274&#8243; el_class=&#8221;img-radius&#8221;][\/vc_column][\/vc_row][vc_row row_height_percent=&#8221;0&#8243; override_padding=&#8221;yes&#8221; h_padding=&#8221;2&#8243; top_padding=&#8221;3&#8243; bottom_padding=&#8221;3&#8243; back_color=&#8221;color-lxmt&#8221; overlay_alpha=&#8221;50&#8243; gutter_size=&#8221;3&#8243; column_width_percent=&#8221;100&#8243; shift_y=&#8221;0&#8243; z_index=&#8221;0&#8243; uncode_shortcode_id=&#8221;246041&#8243; back_color_type=&#8221;uncode-palette&#8221;][vc_column width=&#8221;1\/1&#8243;][vc_custom_heading text_color=&#8221;color-red-tpm-dti&#8221; heading_semantic=&#8221;h3&#8243; text_size=&#8221;h3&#8243; uncode_shortcode_id=&#8221;160042&#8243; text_color_type=&#8221;uncode-palette&#8221;]Descobreix la nostra hist\u00f2ria[\/vc_custom_heading][vc_custom_heading uncode_shortcode_id=&#8221;199873&#8243;]La Fundaci\u00f3 DTI i cursos TPM al llarg dels anys[\/vc_custom_heading][vc_row_inner row_inner_height_percent=&#8221;0&#8243; force_width_grid=&#8221;yes&#8221; overlay_alpha=&#8221;50&#8243; gutter_size=&#8221;3&#8243; shift_y=&#8221;0&#8243; z_index=&#8221;0&#8243; uncode_shortcode_id=&#8221;711017&#8243; el_class=&#8221;img-height-mini&#8221; limit_content=&#8221;&#8221;][vc_column_inner width=&#8221;1\/3&#8243;][vc_single_image media=&#8221;5273&#8243; media_width_percent=&#8221;100&#8243; uncode_shortcode_id=&#8221;760703&#8243; el_class=&#8221;img-radius&#8221;][vc_single_image media=&#8221;5276&#8243; media_width_percent=&#8221;100&#8243; uncode_shortcode_id=&#8221;194549&#8243; el_class=&#8221;img-radius&#8221;][vc_single_image media=&#8221;5279&#8243; media_width_percent=&#8221;100&#8243; uncode_shortcode_id=&#8221;564937&#8243; el_class=&#8221;img-radius&#8221;][vc_single_image media=&#8221;5282&#8243; media_width_percent=&#8221;100&#8243; uncode_shortcode_id=&#8221;124412&#8243; el_class=&#8221;img-radius&#8221;][vc_single_image media=&#8221;5285&#8243; media_width_percent=&#8221;100&#8243; uncode_shortcode_id=&#8221;153318&#8243; el_class=&#8221;img-radius&#8221;][vc_single_image media=&#8221;5288&#8243; media_width_percent=&#8221;100&#8243; uncode_shortcode_id=&#8221;204309&#8243; el_class=&#8221;img-radius&#8221;][\/vc_column_inner][vc_column_inner column_width_percent=&#8221;100&#8243; gutter_size=&#8221;3&#8243; overlay_alpha=&#8221;50&#8243; shift_x=&#8221;0&#8243; shift_y=&#8221;0&#8243; shift_y_down=&#8221;0&#8243; z_index=&#8221;0&#8243; medium_width=&#8221;0&#8243; mobile_width=&#8221;0&#8243; width=&#8221;2\/3&#8243; uncode_shortcode_id=&#8221;801833&#8243; el_class=&#8221;list-years&#8221;][vc_column_text uncode_shortcode_id=&#8221;151191&#8243;]<\/p>\n<ul>\n<li style=\"text-align: justify;\" data-year=\"\"><span data-year=\"2023\">AVUI<\/span>, GR\u00c0CIES\n<ul>\n<li>Estem aqu\u00ed gr\u00e0cies a vosaltres! Professionals sanitaris, pacients, associacions de pacients, institucions i persones que volen millorar els sistemes sanitaris dels seus pa\u00efsos i millorar la qualitat de vida de les persones.<\/li>\n<li>Esperem que continuem ajudant, entrenant i aconsellant professionals sanitaris a tot el m\u00f3n per salvar un mili\u00f3 de vides.<\/li>\n<\/ul>\n<\/li>\n<li style=\"text-align: justify;\" data-year=\"\"><span data-year=\"2020\">Digitalizaci\u00f3<\/span>\n<ul>\n<li>Des de la Fundaci\u00f3 DTI vam millorar l\u2019oferta formativa de cursos en l\u00ednia TPM amb una millora en la digitalitzaci\u00f3 i experi\u00e8ncia d\u2019usuari, aix\u00ed com a projectes de consultoria l\u00edders a nivell internacional mitjan\u00e7ant formaci\u00f3 i confer\u00e8ncies virtuals.<\/li>\n<\/ul>\n<\/li>\n<li style=\"text-align: justify;\" data-year=\"\"><span data-year=\"2008\">Es funda DONATION AND TRANSPLANTATION INSTITUTE <\/span>\n<ul>\n<li>La Fundaci\u00f3 DTI es crea amb Mart\u00ed Manyalich com a president. A mesura que els cursos TPM amplien la seva demanda. es crea la fundaci\u00f3 DTI per ajudar les institucions, les regions i els pa\u00efsos a desenvolupar unitats de donaci\u00f3 d\u2019\u00f2rgans mitjan\u00e7ant un nou servei de consultoria i altres projectes.<\/li>\n<\/ul>\n<\/li>\n<li style=\"text-align: justify;\" data-year=\"\"><span data-year=\"2001\"> Creaci\u00f3 del Manual TPM<\/span>\n<ul>\n<li>El manual de TPM \u00e9s un llibre creat per experts internacionals en el camp de la donaci\u00f3 i el trasplantament d\u2019\u00f2rgans i teixits que inclou informaci\u00f3n sobre totes les pr\u00e0ctiques m\u00e8diques relacionades amb aquest tema. Desde la seva creaci\u00f3 DTI ha publicat 4 edicions i l\u2019ha traduit a diferents idiomes.<\/li>\n<\/ul>\n<\/li>\n<li style=\"text-align: justify;\" data-year=\"\"><span data-year=\"1994\">Primer curs de TPM en angl\u00e8s<\/span>\n<ul>\n<li>Va tenir lloc a Barcelona amb un grup de professionals sanitaris internacionals.<\/li>\n<\/ul>\n<\/li>\n<li data-year=\"\"><span data-year=\"1991\">Primer curs de TPM en castell\u00e0<\/span>\n<ul>\n<li style=\"text-align: justify;\">Va tenir lloc a Barcelona i va ser dirigit pel Dr. Mart\u00ed Manyalich, fundador del TPM conjuntament amb un grup de metges pioners de la xarxa nacional de donaci\u00f3 i trasplantament.<\/li>\n<\/ul>\n<\/li>\n<\/ul>\n<p>[\/vc_column_text][\/vc_column_inner][\/vc_row_inner][\/vc_column][\/vc_row]<\/p>\n<\/div>","protected":false},"excerpt":{"rendered":"<p>[vc_row row_height_percent=&#8221;0&#8243; override_padding=&#8221;yes&#8221; h_padding=&#8221;2&#8243; top_padding=&#8221;3&#8243; bottom_padding=&#8221;3&#8243; overlay_alpha=&#8221;50&#8243; gutter_size=&#8221;3&#8243; column_width_percent=&#8221;100&#8243; shift_y=&#8221;0&#8243; z_index=&#8221;0&#8243; uncode_shortcode_id=&#8221;286029&#8243;][vc_column column_width_percent=&#8221;100&#8243; align_horizontal=&#8221;align_center&#8221; gutter_size=&#8221;3&#8243; overlay_alpha=&#8221;50&#8243; shift_x=&#8221;0&#8243; shift_y=&#8221;0&#8243; shift_y_down=&#8221;0&#8243; z_index=&#8221;0&#8243; [&hellip;]<\/p>\n","protected":false},"author":1,"featured_media":52,"parent":0,"menu_order":0,"comment_status":"closed","ping_status":"closed","template":"","meta":{"_acf_changed":false,"footnotes":""},"class_list":["post-5260","page","type-page","status-publish","has-post-thumbnail","hentry"],"acf":[],"yoast_head":"<!-- This site is optimized with the Yoast SEO plugin v26.9 - https:\/\/yoast.com\/product\/yoast-seo-wordpress\/ -->\n<title>Hist\u00f2ria | DTI Foundation | Donation &amp; Transplantation Institute<\/title>\n<meta name=\"description\" content=\"Descobreix tota la informaci\u00f3 sobre Hist\u00f2ria a la nostra web. A DTI oferim suport a projectes internacionals orientats a augmentar la donaci\u00f3 d&#039;\u00f2rgans i els trasplantaments arreu del m\u00f3n.\" \/>\n<meta name=\"robots\" content=\"index, follow, max-snippet:-1, max-image-preview:large, max-video-preview:-1\" \/>\n<link rel=\"canonical\" href=\"https:\/\/dtifoundation.com\/ca\/la-nostra-historia\/\" \/>\n<meta property=\"og:locale\" content=\"ca_ES\" \/>\n<meta property=\"og:type\" content=\"article\" \/>\n<meta property=\"og:title\" content=\"Hist\u00f2ria | DTI Foundation | Donation &amp; Transplantation Institute\" \/>\n<meta property=\"og:description\" content=\"Descobreix tota la informaci\u00f3 sobre Hist\u00f2ria a la nostra web. A DTI oferim suport a projectes internacionals orientats a augmentar la donaci\u00f3 d&#039;\u00f2rgans i els trasplantaments arreu del m\u00f3n.\" \/>\n<meta property=\"og:url\" content=\"https:\/\/dtifoundation.com\/ca\/la-nostra-historia\/\" \/>\n<meta property=\"og:site_name\" content=\"DTI Foundation | Donation &amp; Transplantation Institute\" \/>\n<meta property=\"article:modified_time\" content=\"2026-04-15T07:36:22+00:00\" \/>\n<meta property=\"og:image\" content=\"https:\/\/dtifoundation.com\/wp-content\/uploads\/2022\/12\/MAR1143-1024x578-1.jpg\" \/>\n\t<meta property=\"og:image:width\" content=\"1920\" \/>\n\t<meta property=\"og:image:height\" content=\"1084\" \/>\n\t<meta property=\"og:image:type\" content=\"image\/jpeg\" \/>\n<meta name=\"twitter:card\" content=\"summary_large_image\" \/>\n<meta name=\"twitter:label1\" content=\"Temps estimat de lectura\" \/>\n\t<meta name=\"twitter:data1\" content=\"3 minuts\" \/>\n<script type=\"application\/ld+json\" class=\"yoast-schema-graph\">{\"@context\":\"https:\/\/schema.org\",\"@graph\":[{\"@type\":[\"WebPage\",\"MedicalWebPage\"],\"@id\":\"https:\/\/dtifoundation.com\/ca\/la-nostra-historia\/\",\"url\":\"https:\/\/dtifoundation.com\/ca\/la-nostra-historia\/\",\"name\":\"Hist\u00f2ria | DTI Foundation | Donation &amp; Transplantation Institute\",\"isPartOf\":{\"@id\":\"https:\/\/dtifoundation.com\/#website\"},\"primaryImageOfPage\":{\"@id\":\"https:\/\/dtifoundation.com\/ca\/la-nostra-historia\/#primaryimage\"},\"image\":{\"@id\":\"https:\/\/dtifoundation.com\/ca\/la-nostra-historia\/#primaryimage\"},\"thumbnailUrl\":\"https:\/\/dtifoundation.com\/wp-content\/uploads\/2022\/12\/MAR1143-1024x578-1.jpg\",\"datePublished\":\"2022-12-21T10:43:12+00:00\",\"dateModified\":\"2026-04-15T07:36:22+00:00\",\"description\":\"Descobreix tota la informaci\u00f3 sobre Hist\u00f2ria a la nostra web. A DTI oferim suport a projectes internacionals orientats a augmentar la donaci\u00f3 d'\u00f2rgans i els trasplantaments arreu del m\u00f3n.\",\"breadcrumb\":{\"@id\":\"https:\/\/dtifoundation.com\/ca\/la-nostra-historia\/#breadcrumb\"},\"inLanguage\":\"ca\",\"potentialAction\":[{\"@type\":\"ReadAction\",\"target\":[\"https:\/\/dtifoundation.com\/ca\/la-nostra-historia\/\"]}]},{\"@type\":\"ImageObject\",\"inLanguage\":\"ca\",\"@id\":\"https:\/\/dtifoundation.com\/ca\/la-nostra-historia\/#primaryimage\",\"url\":\"https:\/\/dtifoundation.com\/wp-content\/uploads\/2022\/12\/MAR1143-1024x578-1.jpg\",\"contentUrl\":\"https:\/\/dtifoundation.com\/wp-content\/uploads\/2022\/12\/MAR1143-1024x578-1.jpg\",\"width\":1920,\"height\":1084},{\"@type\":\"BreadcrumbList\",\"@id\":\"https:\/\/dtifoundation.com\/ca\/la-nostra-historia\/#breadcrumb\",\"itemListElement\":[{\"@type\":\"ListItem\",\"position\":1,\"name\":\"Home\",\"item\":\"https:\/\/dtifoundation.com\/ca\/\"},{\"@type\":\"ListItem\",\"position\":2,\"name\":\"Hist\u00f2ria\"}]},{\"@type\":\"WebSite\",\"@id\":\"https:\/\/dtifoundation.com\/#website\",\"url\":\"https:\/\/dtifoundation.com\/\",\"name\":\"TPM - DTI Foundation\",\"description\":\"\",\"potentialAction\":[{\"@type\":\"SearchAction\",\"target\":{\"@type\":\"EntryPoint\",\"urlTemplate\":\"https:\/\/dtifoundation.com\/?s={search_term_string}\"},\"query-input\":{\"@type\":\"PropertyValueSpecification\",\"valueRequired\":true,\"valueName\":\"search_term_string\"}}],\"inLanguage\":\"ca\"}]}<\/script>\n<!-- \/ Yoast SEO plugin. -->","yoast_head_json":{"title":"Hist\u00f2ria | DTI Foundation | Donation &amp; Transplantation Institute","description":"Descobreix tota la informaci\u00f3 sobre Hist\u00f2ria a la nostra web. A DTI oferim suport a projectes internacionals orientats a augmentar la donaci\u00f3 d'\u00f2rgans i els trasplantaments arreu del m\u00f3n.","robots":{"index":"index","follow":"follow","max-snippet":"max-snippet:-1","max-image-preview":"max-image-preview:large","max-video-preview":"max-video-preview:-1"},"canonical":"https:\/\/dtifoundation.com\/ca\/la-nostra-historia\/","og_locale":"ca_ES","og_type":"article","og_title":"Hist\u00f2ria | DTI Foundation | Donation &amp; Transplantation Institute","og_description":"Descobreix tota la informaci\u00f3 sobre Hist\u00f2ria a la nostra web. A DTI oferim suport a projectes internacionals orientats a augmentar la donaci\u00f3 d'\u00f2rgans i els trasplantaments arreu del m\u00f3n.","og_url":"https:\/\/dtifoundation.com\/ca\/la-nostra-historia\/","og_site_name":"DTI Foundation | Donation &amp; Transplantation Institute","article_modified_time":"2026-04-15T07:36:22+00:00","og_image":[{"width":1920,"height":1084,"url":"https:\/\/dtifoundation.com\/wp-content\/uploads\/2022\/12\/MAR1143-1024x578-1.jpg","type":"image\/jpeg"}],"twitter_card":"summary_large_image","twitter_misc":{"Temps estimat de lectura":"3 minuts"},"schema":{"@context":"https:\/\/schema.org","@graph":[{"@type":["WebPage","MedicalWebPage"],"@id":"https:\/\/dtifoundation.com\/ca\/la-nostra-historia\/","url":"https:\/\/dtifoundation.com\/ca\/la-nostra-historia\/","name":"Hist\u00f2ria | DTI Foundation | Donation &amp; Transplantation Institute","isPartOf":{"@id":"https:\/\/dtifoundation.com\/#website"},"primaryImageOfPage":{"@id":"https:\/\/dtifoundation.com\/ca\/la-nostra-historia\/#primaryimage"},"image":{"@id":"https:\/\/dtifoundation.com\/ca\/la-nostra-historia\/#primaryimage"},"thumbnailUrl":"https:\/\/dtifoundation.com\/wp-content\/uploads\/2022\/12\/MAR1143-1024x578-1.jpg","datePublished":"2022-12-21T10:43:12+00:00","dateModified":"2026-04-15T07:36:22+00:00","description":"Descobreix tota la informaci\u00f3 sobre Hist\u00f2ria a la nostra web. A DTI oferim suport a projectes internacionals orientats a augmentar la donaci\u00f3 d'\u00f2rgans i els trasplantaments arreu del m\u00f3n.","breadcrumb":{"@id":"https:\/\/dtifoundation.com\/ca\/la-nostra-historia\/#breadcrumb"},"inLanguage":"ca","potentialAction":[{"@type":"ReadAction","target":["https:\/\/dtifoundation.com\/ca\/la-nostra-historia\/"]}]},{"@type":"ImageObject","inLanguage":"ca","@id":"https:\/\/dtifoundation.com\/ca\/la-nostra-historia\/#primaryimage","url":"https:\/\/dtifoundation.com\/wp-content\/uploads\/2022\/12\/MAR1143-1024x578-1.jpg","contentUrl":"https:\/\/dtifoundation.com\/wp-content\/uploads\/2022\/12\/MAR1143-1024x578-1.jpg","width":1920,"height":1084},{"@type":"BreadcrumbList","@id":"https:\/\/dtifoundation.com\/ca\/la-nostra-historia\/#breadcrumb","itemListElement":[{"@type":"ListItem","position":1,"name":"Home","item":"https:\/\/dtifoundation.com\/ca\/"},{"@type":"ListItem","position":2,"name":"Hist\u00f2ria"}]},{"@type":"WebSite","@id":"https:\/\/dtifoundation.com\/#website","url":"https:\/\/dtifoundation.com\/","name":"TPM - DTI Foundation","description":"","potentialAction":[{"@type":"SearchAction","target":{"@type":"EntryPoint","urlTemplate":"https:\/\/dtifoundation.com\/?s={search_term_string}"},"query-input":{"@type":"PropertyValueSpecification","valueRequired":true,"valueName":"search_term_string"}}],"inLanguage":"ca"}]}},"_links":{"self":[{"href":"https:\/\/dtifoundation.com\/ca\/wp-json\/wp\/v2\/pages\/5260","targetHints":{"allow":["GET"]}}],"collection":[{"href":"https:\/\/dtifoundation.com\/ca\/wp-json\/wp\/v2\/pages"}],"about":[{"href":"https:\/\/dtifoundation.com\/ca\/wp-json\/wp\/v2\/types\/page"}],"author":[{"embeddable":true,"href":"https:\/\/dtifoundation.com\/ca\/wp-json\/wp\/v2\/users\/1"}],"replies":[{"embeddable":true,"href":"https:\/\/dtifoundation.com\/ca\/wp-json\/wp\/v2\/comments?post=5260"}],"version-history":[{"count":6,"href":"https:\/\/dtifoundation.com\/ca\/wp-json\/wp\/v2\/pages\/5260\/revisions"}],"predecessor-version":[{"id":18116,"href":"https:\/\/dtifoundation.com\/ca\/wp-json\/wp\/v2\/pages\/5260\/revisions\/18116"}],"wp:featuredmedia":[{"embeddable":true,"href":"https:\/\/dtifoundation.com\/ca\/wp-json\/wp\/v2\/media\/52"}],"wp:attachment":[{"href":"https:\/\/dtifoundation.com\/ca\/wp-json\/wp\/v2\/media?parent=5260"}],"curies":[{"name":"wp","href":"https:\/\/api.w.org\/{rel}","templated":true}]}}