{"id":17302,"date":"2025-12-10T13:28:56","date_gmt":"2025-12-10T13:28:56","guid":{"rendered":"https:\/\/dtifoundation.com\/recerca-i-desenvolupament\/"},"modified":"2025-12-15T11:12:54","modified_gmt":"2025-12-15T11:12:54","slug":"recerca-i-desenvolupament","status":"publish","type":"page","link":"https:\/\/dtifoundation.com\/ca\/recerca-i-desenvolupament\/","title":{"rendered":"Recerca i desenvolupament"},"content":{"rendered":"","protected":false},"excerpt":{"rendered":"<p>Al departament de Research &#038; Development de DTI Foundation, donem suport integral a projectes de recerca que tenen un impacte directe en l\u2019\u00e0mbit de la biomedicina i en la millora dels processos de donaci\u00f3 i trasplantament d\u2019\u00f2rgans, teixits i c\u00e8l\u00b7lules. Treballem de manera col\u00b7laborativa amb grups de recerca, hospitals, biobancs, laboratoris i farmac\u00e8utiques per facilitar la coordinaci\u00f3 de circuits per a l\u2019obtenci\u00f3 de mostres biol\u00f2giques humanes de m\u00e0xima qualitat, adaptant-nos a les necessitats espec\u00edfiques de cada estudi i assegurant la tra\u00e7abilitat i l\u2019excel\u00b7l\u00e8ncia en totes les fases del proc\u00e9s.<\/p>\n<p>Aquest suport inclou tant projectes orientats a la recerca b\u00e0sica i precl\u00ednica que utilitzen models humans predictius com iniciatives enfocades a la identificaci\u00f3 de biomarcadors, la validaci\u00f3 de models org\u00e0nics i el desenvolupament de ter\u00e0pies avan\u00e7ades, amb l\u2019objectiu de contribuir a l\u2019aven\u00e7 cient\u00edfic i a la seva translaci\u00f3 cl\u00ednica.<\/p>\n<p>A m\u00e9s, el departament tamb\u00e9 dona suport al desenvolupament de solucions innovadores i tecnol\u00f2giques en l\u2019\u00e0mbit de la donaci\u00f3 i el trasplantament, incloent el disseny i validaci\u00f3 de dispositius m\u00e8dics, eines tecnol\u00f2giques i metodologies avan\u00e7ades, refor\u00e7ant aix\u00ed l\u2019impacte cient\u00edfic, sanitari i social dels projectes amb qu\u00e8 col\u00b7laborem.<\/p>\n","protected":false},"author":1,"featured_media":0,"parent":0,"menu_order":0,"comment_status":"closed","ping_status":"closed","template":"page-coperation.php","meta":{"_acf_changed":false,"footnotes":""},"class_list":["post-17302","page","type-page","status-publish","hentry"],"acf":[],"yoast_head":"<!-- This site is optimized with the Yoast SEO plugin v26.9 - https:\/\/yoast.com\/product\/yoast-seo-wordpress\/ -->\n<title>Recerca i desenvolupament | DTI Foundation | Donation &amp; Transplantation Institute<\/title>\n<meta name=\"description\" content=\"Descobreix tota la informaci\u00f3 sobre Recerca i desenvolupament a la nostra web. A DTI oferim suport a projectes internacionals orientats a augmentar la donaci\u00f3 d&#039;\u00f2rgans i els trasplantaments arreu del m\u00f3n.\" \/>\n<meta name=\"robots\" content=\"index, follow, max-snippet:-1, max-image-preview:large, max-video-preview:-1\" \/>\n<link rel=\"canonical\" href=\"https:\/\/dtifoundation.com\/ca\/recerca-i-desenvolupament\/\" \/>\n<meta property=\"og:locale\" content=\"ca_ES\" \/>\n<meta property=\"og:type\" content=\"article\" \/>\n<meta property=\"og:title\" content=\"Recerca i desenvolupament | DTI Foundation | Donation &amp; Transplantation Institute\" \/>\n<meta property=\"og:description\" content=\"Descobreix tota la informaci\u00f3 sobre Recerca i desenvolupament a la nostra web. A DTI oferim suport a projectes internacionals orientats a augmentar la donaci\u00f3 d&#039;\u00f2rgans i els trasplantaments arreu del m\u00f3n.\" \/>\n<meta property=\"og:url\" content=\"https:\/\/dtifoundation.com\/ca\/recerca-i-desenvolupament\/\" \/>\n<meta property=\"og:site_name\" content=\"DTI Foundation | Donation &amp; Transplantation Institute\" \/>\n<meta property=\"article:modified_time\" content=\"2025-12-15T11:12:54+00:00\" \/>\n<meta name=\"twitter:card\" content=\"summary_large_image\" \/>\n<script type=\"application\/ld+json\" class=\"yoast-schema-graph\">{\"@context\":\"https:\/\/schema.org\",\"@graph\":[{\"@type\":[\"WebPage\",\"MedicalWebPage\"],\"@id\":\"https:\/\/dtifoundation.com\/ca\/recerca-i-desenvolupament\/\",\"url\":\"https:\/\/dtifoundation.com\/ca\/recerca-i-desenvolupament\/\",\"name\":\"Recerca i desenvolupament | DTI Foundation | Donation &amp; Transplantation Institute\",\"isPartOf\":{\"@id\":\"https:\/\/dtifoundation.com\/#website\"},\"datePublished\":\"2025-12-10T13:28:56+00:00\",\"dateModified\":\"2025-12-15T11:12:54+00:00\",\"description\":\"Descobreix tota la informaci\u00f3 sobre Recerca i desenvolupament a la nostra web. A DTI oferim suport a projectes internacionals orientats a augmentar la donaci\u00f3 d'\u00f2rgans i els trasplantaments arreu del m\u00f3n.\",\"breadcrumb\":{\"@id\":\"https:\/\/dtifoundation.com\/ca\/recerca-i-desenvolupament\/#breadcrumb\"},\"inLanguage\":\"ca\",\"potentialAction\":[{\"@type\":\"ReadAction\",\"target\":[\"https:\/\/dtifoundation.com\/ca\/recerca-i-desenvolupament\/\"]}]},{\"@type\":\"BreadcrumbList\",\"@id\":\"https:\/\/dtifoundation.com\/ca\/recerca-i-desenvolupament\/#breadcrumb\",\"itemListElement\":[{\"@type\":\"ListItem\",\"position\":1,\"name\":\"Home\",\"item\":\"https:\/\/dtifoundation.com\/ca\/\"},{\"@type\":\"ListItem\",\"position\":2,\"name\":\"Recerca i desenvolupament\"}]},{\"@type\":\"WebSite\",\"@id\":\"https:\/\/dtifoundation.com\/#website\",\"url\":\"https:\/\/dtifoundation.com\/\",\"name\":\"TPM - DTI Foundation\",\"description\":\"\",\"potentialAction\":[{\"@type\":\"SearchAction\",\"target\":{\"@type\":\"EntryPoint\",\"urlTemplate\":\"https:\/\/dtifoundation.com\/?s={search_term_string}\"},\"query-input\":{\"@type\":\"PropertyValueSpecification\",\"valueRequired\":true,\"valueName\":\"search_term_string\"}}],\"inLanguage\":\"ca\"}]}<\/script>\n<!-- \/ Yoast SEO plugin. -->","yoast_head_json":{"title":"Recerca i desenvolupament | DTI Foundation | Donation &amp; Transplantation Institute","description":"Descobreix tota la informaci\u00f3 sobre Recerca i desenvolupament a la nostra web. A DTI oferim suport a projectes internacionals orientats a augmentar la donaci\u00f3 d'\u00f2rgans i els trasplantaments arreu del m\u00f3n.","robots":{"index":"index","follow":"follow","max-snippet":"max-snippet:-1","max-image-preview":"max-image-preview:large","max-video-preview":"max-video-preview:-1"},"canonical":"https:\/\/dtifoundation.com\/ca\/recerca-i-desenvolupament\/","og_locale":"ca_ES","og_type":"article","og_title":"Recerca i desenvolupament | DTI Foundation | Donation &amp; Transplantation Institute","og_description":"Descobreix tota la informaci\u00f3 sobre Recerca i desenvolupament a la nostra web. A DTI oferim suport a projectes internacionals orientats a augmentar la donaci\u00f3 d'\u00f2rgans i els trasplantaments arreu del m\u00f3n.","og_url":"https:\/\/dtifoundation.com\/ca\/recerca-i-desenvolupament\/","og_site_name":"DTI Foundation | Donation &amp; Transplantation Institute","article_modified_time":"2025-12-15T11:12:54+00:00","twitter_card":"summary_large_image","schema":{"@context":"https:\/\/schema.org","@graph":[{"@type":["WebPage","MedicalWebPage"],"@id":"https:\/\/dtifoundation.com\/ca\/recerca-i-desenvolupament\/","url":"https:\/\/dtifoundation.com\/ca\/recerca-i-desenvolupament\/","name":"Recerca i desenvolupament | DTI Foundation | Donation &amp; Transplantation Institute","isPartOf":{"@id":"https:\/\/dtifoundation.com\/#website"},"datePublished":"2025-12-10T13:28:56+00:00","dateModified":"2025-12-15T11:12:54+00:00","description":"Descobreix tota la informaci\u00f3 sobre Recerca i desenvolupament a la nostra web. A DTI oferim suport a projectes internacionals orientats a augmentar la donaci\u00f3 d'\u00f2rgans i els trasplantaments arreu del m\u00f3n.","breadcrumb":{"@id":"https:\/\/dtifoundation.com\/ca\/recerca-i-desenvolupament\/#breadcrumb"},"inLanguage":"ca","potentialAction":[{"@type":"ReadAction","target":["https:\/\/dtifoundation.com\/ca\/recerca-i-desenvolupament\/"]}]},{"@type":"BreadcrumbList","@id":"https:\/\/dtifoundation.com\/ca\/recerca-i-desenvolupament\/#breadcrumb","itemListElement":[{"@type":"ListItem","position":1,"name":"Home","item":"https:\/\/dtifoundation.com\/ca\/"},{"@type":"ListItem","position":2,"name":"Recerca i desenvolupament"}]},{"@type":"WebSite","@id":"https:\/\/dtifoundation.com\/#website","url":"https:\/\/dtifoundation.com\/","name":"TPM - DTI Foundation","description":"","potentialAction":[{"@type":"SearchAction","target":{"@type":"EntryPoint","urlTemplate":"https:\/\/dtifoundation.com\/?s={search_term_string}"},"query-input":{"@type":"PropertyValueSpecification","valueRequired":true,"valueName":"search_term_string"}}],"inLanguage":"ca"}]}},"_links":{"self":[{"href":"https:\/\/dtifoundation.com\/ca\/wp-json\/wp\/v2\/pages\/17302","targetHints":{"allow":["GET"]}}],"collection":[{"href":"https:\/\/dtifoundation.com\/ca\/wp-json\/wp\/v2\/pages"}],"about":[{"href":"https:\/\/dtifoundation.com\/ca\/wp-json\/wp\/v2\/types\/page"}],"author":[{"embeddable":true,"href":"https:\/\/dtifoundation.com\/ca\/wp-json\/wp\/v2\/users\/1"}],"replies":[{"embeddable":true,"href":"https:\/\/dtifoundation.com\/ca\/wp-json\/wp\/v2\/comments?post=17302"}],"version-history":[{"count":1,"href":"https:\/\/dtifoundation.com\/ca\/wp-json\/wp\/v2\/pages\/17302\/revisions"}],"predecessor-version":[{"id":17326,"href":"https:\/\/dtifoundation.com\/ca\/wp-json\/wp\/v2\/pages\/17302\/revisions\/17326"}],"wp:attachment":[{"href":"https:\/\/dtifoundation.com\/ca\/wp-json\/wp\/v2\/media?parent=17302"}],"curies":[{"name":"wp","href":"https:\/\/api.w.org\/{rel}","templated":true}]}}