{"id":15897,"date":"2025-05-07T13:22:48","date_gmt":"2025-05-07T13:22:48","guid":{"rendered":"https:\/\/dtifoundation.com\/beques-pepe-buitron\/"},"modified":"2025-07-11T11:21:33","modified_gmt":"2025-07-11T11:21:33","slug":"beques-pepe-buitron","status":"publish","type":"page","link":"https:\/\/dtifoundation.com\/ca\/beques-pepe-buitron\/","title":{"rendered":"Beques Pepe Buitron"},"content":{"rendered":"<div class=\"wpb-content-wrapper\"><p>[vc_row row_height_percent=&#8221;0&#8243; override_padding=&#8221;yes&#8221; h_padding=&#8221;2&#8243; top_padding=&#8221;3&#8243; bottom_padding=&#8221;3&#8243; overlay_alpha=&#8221;50&#8243; gutter_size=&#8221;3&#8243; column_width_percent=&#8221;100&#8243; shift_y=&#8221;0&#8243; z_index=&#8221;0&#8243; uncode_shortcode_id=&#8221;107598&#8243;][vc_column width=&#8221;1\/1&#8243;][vc_custom_heading heading_semantic=&#8221;div&#8221; text_weight=&#8221;600&#8243; uncode_shortcode_id=&#8221;113845&#8243;]Beques Pepe Buitron[\/vc_custom_heading][vc_column_text uncode_shortcode_id=&#8221;865731&#8243;]<\/p>\n<p data-sourcepos=\"1:1-1:39\"><strong>Honorant un llegat, impulsant el futur.<\/strong><\/p>\n<p data-sourcepos=\"3:1-3:222\">A la Fundaci\u00f3 DTI, estem orgullosos de continuar el llegat del <strong>Dr. Jos\u00e9 Manuel Garc\u00eda Buitr\u00f3n,<\/strong> un pioner en la donaci\u00f3 i el trasplantament d&#8217;\u00f2rgans i membre fundador de la nostra fundaci\u00f3, a trav\u00e9s de la <strong>Beca Pepe Buitr\u00f3n.<\/strong><\/p>\n<p data-sourcepos=\"5:1-5:228\">Aquesta iniciativa reflecteix el profund comprom\u00eds del Dr. Buitr\u00f3n amb l&#8217;equitat, la solidaritat i l&#8217;aven\u00e7 de l&#8217;assist\u00e8ncia sanit\u00e0ria global mitjan\u00e7ant el suport a la formaci\u00f3 de professionals de <em><strong>pa\u00efsos de renda baixa i mitjana.<\/strong><\/em><\/p>\n<p data-sourcepos=\"7:1-7:86\">Amb el teu suport, podem mantenir viu el seu llegat i ampliar l&#8217;abast del seu impacte.<\/p>\n<p>[\/vc_column_text][vc_custom_heading heading_semantic=&#8221;div&#8221; text_weight=&#8221;600&#8243; uncode_shortcode_id=&#8221;111555&#8243;]<\/p>\n<div id=\"model-response-message-contentr_53ffefdd6e324396\" class=\"markdown markdown-main-panel stronger enable-updated-hr-color\" dir=\"ltr\">\n<p data-sourcepos=\"1:1-1:25\">Sobre el Dr. Pepe Buitr\u00f3n<\/p>\n<\/div>\n<p>[\/vc_custom_heading][vc_column_text uncode_shortcode_id=&#8221;168729&#8243;]<\/p>\n<p data-sourcepos=\"1:1-1:231\">El Dr. Buitr\u00f3n va ser un ur\u00f2leg de trasplantaments, antic director de l&#8217;Oficina de Coordinaci\u00f3 de Trasplantaments i gerent de l&#8217;Hospital Canalejo a A Coru\u00f1a, Espanya. Tamb\u00e9 va ser membre fundador i vicepresident de la Fundaci\u00f3 DTI.<\/p>\n<p data-sourcepos=\"3:1-3:219\">Durant m\u00e9s de 30 anys, va promoure activament la formaci\u00f3 i la cooperaci\u00f3 en pa\u00efsos com Trinitat i Tobago, Filipines i Cuba, entre molts d&#8217;altres. La seva obra continua inspirant professionals de la salut arreu del m\u00f3n.<\/p>\n<p>[\/vc_column_text][vc_single_image media=&#8221;15855&#8243; media_width_percent=&#8221;60&#8243; alignment=&#8221;center&#8221; uncode_shortcode_id=&#8221;911829&#8243;][vc_custom_heading heading_semantic=&#8221;div&#8221; text_weight=&#8221;600&#8243; uncode_shortcode_id=&#8221;360203&#8243;]<\/p>\n<h2 class=\"\" data-start=\"1203\" data-end=\"1231\"><strong data-start=\"1206\" data-end=\"1231\">Sobre la beca<\/strong><\/h2>\n<p>[\/vc_custom_heading][vc_column_text uncode_shortcode_id=&#8221;203654&#8243;]<\/p>\n<p data-sourcepos=\"1:1-1:259\">La <strong>Beca Pepe Buitr\u00f3n<\/strong> promou<strong> l&#8217;equitat i la inclusi\u00f3<\/strong> en els sistemes de salut globals oferint a professionals de la salut de pa\u00efsos de renda baixa i mitjana l&#8217;oportunitat d&#8217;assistir al Curs <strong>International Workshop on Uncontrolled &amp; Controlled Donation After Circulatory Death<\/strong>.<\/p>\n<p data-sourcepos=\"3:1-3:251\">Aquesta iniciativa garanteix que professionals que altrament no tindrien acc\u00e9s a una formaci\u00f3 avan\u00e7ada en donaci\u00f3 i trasplantament d&#8217;\u00f2rgans puguin rebre una educaci\u00f3 d&#8217;alta qualitat, millorar les pr\u00e0ctiques als seus pa\u00efsos i contribuir a salvar vides.<\/p>\n<p>La beca cobreix \u00edntegrament la<strong> taxa d&#8217;inscripci\u00f3 al curs i l&#8217;allotjament<\/strong> durant el programa.<\/p>\n<ul>\n<li><a href=\"https:\/\/dtifoundation.com\/wp-content\/uploads\/2025\/07\/Becas-Pepe-Buitron-2025-2026ES.pdf\"><mark><strong>Descobreix aqu\u00ed les bases de la convocat\u00f2ria<\/strong><\/mark><\/a><\/li>\n<\/ul>\n<p>[\/vc_column_text][vc_custom_heading heading_semantic=&#8221;div&#8221; text_weight=&#8221;600&#8243; uncode_shortcode_id=&#8221;416998&#8243;]<\/p>\n<h2 class=\"\" data-start=\"875\" data-end=\"918\"><strong data-start=\"878\" data-end=\"918\">Com pots donar suport a aquesta iniciativa?<\/strong><\/h2>\n<p>[\/vc_custom_heading][vc_column_text uncode_shortcode_id=&#8221;102908&#8243;]<\/p>\n<p data-sourcepos=\"1:1-1:139\"><strong>Una donaci\u00f3 de 1.800 \u20ac<\/strong> \u00e9s suficient per patrocinar completament un participant, cobrint tant la matr\u00edcula com l&#8217;allotjament durant el curs.<\/p>\n<p data-sourcepos=\"3:1-3:129\">La teva contribuci\u00f3 pot impactar directament en el futur de la donaci\u00f3 i el trasplantament d&#8217;\u00f2rgans en regions amb pocs recursos.<\/p>\n<p data-sourcepos=\"5:1-5:52\">Pots col\u00b7laborar <strong>aqu\u00ed<\/strong>: ES68 0081 0900 8900 0364 4576<\/p>\n<p data-sourcepos=\"7:1-7:99\">Per rebre m\u00e9s informaci\u00f3, si us plau, completa el formulari que trobar\u00e0s al final d&#8217;aquesta p\u00e0gina.<\/p>\n<p>[\/vc_column_text][\/vc_column][\/vc_row][vc_row][vc_column width=&#8221;1\/6&#8243;][\/vc_column][vc_column width=&#8221;4\/6&#8243;][vc_raw_html]JTNDaWZyYW1lJTIwYXJpYS1sYWJlbCUzRCUyN1NjaG9sYXJzaGlwJTIwUGVwZSUyMEJ1aXRyJUMzJUIzbiUyMC0lMjBJbnRlcm5hdGlvbmFsJTIwV29ya3Nob3AlMjBvbiUyMFVuY29udHJvbGxlZCUyMCUyNiUyMENvbnRyb2xsZWQlMjBEb25hdGlvbiUyMEFmdGVyJTIwQ2lyY3VsYXRvcnklMjBEZWF0aCUyNyUyMGZyYW1lYm9yZGVyJTNEJTIyMCUyMiUyMGFsbG93JTNEJTIyZ2VvbG9jYXRpb24lM0IlMjIlMjBzdHlsZSUzRCUyMmhlaWdodCUzQTUwMHB4JTNCd2lkdGglM0E5OSUyNSUzQmJvcmRlciUzQW5vbmUlM0IlMjIlMjBzcmMlM0QlMjdodHRwcyUzQSUyRiUyRmZvcm1zLnpvaG9wdWJsaWMuY29tJTJGZHRpZm91bmRhdGlvbiUyRmZvcm0lMkZTY2hvbGFyc2hpcFBlcGVCdWl0cm5UUE1GZWIyNTElMkZmb3JtcGVybWElMkZKOS03dTFSc3pIRkcwODk4SlFxVjltc1oxTjBNTGwwczVxM0MwQkxZMnhFJTNGemZfbGFuZyUzRGVuJTI3JTNFJTNDJTJGaWZyYW1lJTNF[\/vc_raw_html][\/vc_column][vc_column width=&#8221;1\/6&#8243;][\/vc_column][\/vc_row][vc_row][vc_column width=&#8221;1\/3&#8243;][\/vc_column][vc_column width=&#8221;1\/3&#8243;][vc_custom_heading uncode_shortcode_id=&#8221;170994&#8243;]<strong>PATROCINADORS<\/strong>[\/vc_custom_heading][\/vc_column][vc_column width=&#8221;1\/3&#8243;][\/vc_column][\/vc_row][vc_row][vc_column width=&#8221;1\/1&#8243;][vc_single_image media=&#8221;16344&#8243; media_width_percent=&#8221;50&#8243; alignment=&#8221;center&#8221; uncode_shortcode_id=&#8221;367638&#8243; media_link=&#8221;url:https%3A%2F%2Fwww.fundacionmariajosejove.org%2F&#8221;][\/vc_column][\/vc_row]<\/p>\n<\/div>","protected":false},"excerpt":{"rendered":"<p>[vc_row row_height_percent=&#8221;0&#8243; override_padding=&#8221;yes&#8221; h_padding=&#8221;2&#8243; top_padding=&#8221;3&#8243; bottom_padding=&#8221;3&#8243; overlay_alpha=&#8221;50&#8243; gutter_size=&#8221;3&#8243; column_width_percent=&#8221;100&#8243; shift_y=&#8221;0&#8243; z_index=&#8221;0&#8243; uncode_shortcode_id=&#8221;107598&#8243;][vc_column width=&#8221;1\/1&#8243;][vc_custom_heading heading_semantic=&#8221;div&#8221; text_weight=&#8221;600&#8243; uncode_shortcode_id=&#8221;113845&#8243;]Beques Pepe Buitron[\/vc_custom_heading][vc_column_text uncode_shortcode_id=&#8221;865731&#8243;] Honorant [&hellip;]<\/p>\n","protected":false},"author":1,"featured_media":15860,"parent":0,"menu_order":0,"comment_status":"closed","ping_status":"closed","template":"","meta":{"_acf_changed":false,"footnotes":""},"class_list":["post-15897","page","type-page","status-publish","has-post-thumbnail","hentry"],"acf":[],"yoast_head":"<!-- This site is optimized with the Yoast SEO plugin v26.9 - https:\/\/yoast.com\/product\/yoast-seo-wordpress\/ -->\n<title>Beques Pepe Buitron | DTI Foundation | Donation &amp; Transplantation Institute<\/title>\n<meta name=\"description\" content=\"Descobreix tota la informaci\u00f3 sobre Beques Pepe Buitron a la nostra web. A DTI oferim suport a projectes internacionals orientats a augmentar la donaci\u00f3 d&#039;\u00f2rgans i els trasplantaments arreu del m\u00f3n.\" \/>\n<meta name=\"robots\" content=\"index, follow, max-snippet:-1, max-image-preview:large, max-video-preview:-1\" \/>\n<link rel=\"canonical\" href=\"https:\/\/dtifoundation.com\/ca\/beques-pepe-buitron\/\" \/>\n<meta property=\"og:locale\" content=\"ca_ES\" \/>\n<meta property=\"og:type\" content=\"article\" \/>\n<meta property=\"og:title\" content=\"Beques Pepe Buitron | DTI Foundation | Donation &amp; Transplantation Institute\" \/>\n<meta property=\"og:description\" content=\"Descobreix tota la informaci\u00f3 sobre Beques Pepe Buitron a la nostra web. A DTI oferim suport a projectes internacionals orientats a augmentar la donaci\u00f3 d&#039;\u00f2rgans i els trasplantaments arreu del m\u00f3n.\" \/>\n<meta property=\"og:url\" content=\"https:\/\/dtifoundation.com\/ca\/beques-pepe-buitron\/\" \/>\n<meta property=\"og:site_name\" content=\"DTI Foundation | Donation &amp; Transplantation Institute\" \/>\n<meta property=\"article:modified_time\" content=\"2025-07-11T11:21:33+00:00\" \/>\n<meta property=\"og:image\" content=\"https:\/\/dtifoundation.com\/wp-content\/uploads\/2025\/05\/Image-1.jpeg\" \/>\n\t<meta property=\"og:image:width\" content=\"1280\" \/>\n\t<meta property=\"og:image:height\" content=\"720\" \/>\n\t<meta property=\"og:image:type\" content=\"image\/jpeg\" \/>\n<meta name=\"twitter:card\" content=\"summary_large_image\" \/>\n<meta name=\"twitter:label1\" content=\"Temps estimat de lectura\" \/>\n\t<meta name=\"twitter:data1\" content=\"3 minuts\" \/>\n<script type=\"application\/ld+json\" class=\"yoast-schema-graph\">{\"@context\":\"https:\/\/schema.org\",\"@graph\":[{\"@type\":[\"WebPage\",\"MedicalWebPage\"],\"@id\":\"https:\/\/dtifoundation.com\/ca\/beques-pepe-buitron\/\",\"url\":\"https:\/\/dtifoundation.com\/ca\/beques-pepe-buitron\/\",\"name\":\"Beques Pepe Buitron | DTI Foundation | Donation &amp; Transplantation Institute\",\"isPartOf\":{\"@id\":\"https:\/\/dtifoundation.com\/#website\"},\"primaryImageOfPage\":{\"@id\":\"https:\/\/dtifoundation.com\/ca\/beques-pepe-buitron\/#primaryimage\"},\"image\":{\"@id\":\"https:\/\/dtifoundation.com\/ca\/beques-pepe-buitron\/#primaryimage\"},\"thumbnailUrl\":\"https:\/\/dtifoundation.com\/wp-content\/uploads\/2025\/05\/Image-1.jpeg\",\"datePublished\":\"2025-05-07T13:22:48+00:00\",\"dateModified\":\"2025-07-11T11:21:33+00:00\",\"description\":\"Descobreix tota la informaci\u00f3 sobre Beques Pepe Buitron a la nostra web. A DTI oferim suport a projectes internacionals orientats a augmentar la donaci\u00f3 d'\u00f2rgans i els trasplantaments arreu del m\u00f3n.\",\"breadcrumb\":{\"@id\":\"https:\/\/dtifoundation.com\/ca\/beques-pepe-buitron\/#breadcrumb\"},\"inLanguage\":\"ca\",\"potentialAction\":[{\"@type\":\"ReadAction\",\"target\":[\"https:\/\/dtifoundation.com\/ca\/beques-pepe-buitron\/\"]}]},{\"@type\":\"ImageObject\",\"inLanguage\":\"ca\",\"@id\":\"https:\/\/dtifoundation.com\/ca\/beques-pepe-buitron\/#primaryimage\",\"url\":\"https:\/\/dtifoundation.com\/wp-content\/uploads\/2025\/05\/Image-1.jpeg\",\"contentUrl\":\"https:\/\/dtifoundation.com\/wp-content\/uploads\/2025\/05\/Image-1.jpeg\",\"width\":1280,\"height\":720},{\"@type\":\"BreadcrumbList\",\"@id\":\"https:\/\/dtifoundation.com\/ca\/beques-pepe-buitron\/#breadcrumb\",\"itemListElement\":[{\"@type\":\"ListItem\",\"position\":1,\"name\":\"Home\",\"item\":\"https:\/\/dtifoundation.com\/ca\/\"},{\"@type\":\"ListItem\",\"position\":2,\"name\":\"Beques Pepe Buitron\"}]},{\"@type\":\"WebSite\",\"@id\":\"https:\/\/dtifoundation.com\/#website\",\"url\":\"https:\/\/dtifoundation.com\/\",\"name\":\"TPM - DTI Foundation\",\"description\":\"\",\"potentialAction\":[{\"@type\":\"SearchAction\",\"target\":{\"@type\":\"EntryPoint\",\"urlTemplate\":\"https:\/\/dtifoundation.com\/?s={search_term_string}\"},\"query-input\":{\"@type\":\"PropertyValueSpecification\",\"valueRequired\":true,\"valueName\":\"search_term_string\"}}],\"inLanguage\":\"ca\"}]}<\/script>\n<!-- \/ Yoast SEO plugin. -->","yoast_head_json":{"title":"Beques Pepe Buitron | DTI Foundation | Donation &amp; Transplantation Institute","description":"Descobreix tota la informaci\u00f3 sobre Beques Pepe Buitron a la nostra web. A DTI oferim suport a projectes internacionals orientats a augmentar la donaci\u00f3 d'\u00f2rgans i els trasplantaments arreu del m\u00f3n.","robots":{"index":"index","follow":"follow","max-snippet":"max-snippet:-1","max-image-preview":"max-image-preview:large","max-video-preview":"max-video-preview:-1"},"canonical":"https:\/\/dtifoundation.com\/ca\/beques-pepe-buitron\/","og_locale":"ca_ES","og_type":"article","og_title":"Beques Pepe Buitron | DTI Foundation | Donation &amp; Transplantation Institute","og_description":"Descobreix tota la informaci\u00f3 sobre Beques Pepe Buitron a la nostra web. A DTI oferim suport a projectes internacionals orientats a augmentar la donaci\u00f3 d'\u00f2rgans i els trasplantaments arreu del m\u00f3n.","og_url":"https:\/\/dtifoundation.com\/ca\/beques-pepe-buitron\/","og_site_name":"DTI Foundation | Donation &amp; Transplantation Institute","article_modified_time":"2025-07-11T11:21:33+00:00","og_image":[{"width":1280,"height":720,"url":"https:\/\/dtifoundation.com\/wp-content\/uploads\/2025\/05\/Image-1.jpeg","type":"image\/jpeg"}],"twitter_card":"summary_large_image","twitter_misc":{"Temps estimat de lectura":"3 minuts"},"schema":{"@context":"https:\/\/schema.org","@graph":[{"@type":["WebPage","MedicalWebPage"],"@id":"https:\/\/dtifoundation.com\/ca\/beques-pepe-buitron\/","url":"https:\/\/dtifoundation.com\/ca\/beques-pepe-buitron\/","name":"Beques Pepe Buitron | DTI Foundation | Donation &amp; Transplantation Institute","isPartOf":{"@id":"https:\/\/dtifoundation.com\/#website"},"primaryImageOfPage":{"@id":"https:\/\/dtifoundation.com\/ca\/beques-pepe-buitron\/#primaryimage"},"image":{"@id":"https:\/\/dtifoundation.com\/ca\/beques-pepe-buitron\/#primaryimage"},"thumbnailUrl":"https:\/\/dtifoundation.com\/wp-content\/uploads\/2025\/05\/Image-1.jpeg","datePublished":"2025-05-07T13:22:48+00:00","dateModified":"2025-07-11T11:21:33+00:00","description":"Descobreix tota la informaci\u00f3 sobre Beques Pepe Buitron a la nostra web. A DTI oferim suport a projectes internacionals orientats a augmentar la donaci\u00f3 d'\u00f2rgans i els trasplantaments arreu del m\u00f3n.","breadcrumb":{"@id":"https:\/\/dtifoundation.com\/ca\/beques-pepe-buitron\/#breadcrumb"},"inLanguage":"ca","potentialAction":[{"@type":"ReadAction","target":["https:\/\/dtifoundation.com\/ca\/beques-pepe-buitron\/"]}]},{"@type":"ImageObject","inLanguage":"ca","@id":"https:\/\/dtifoundation.com\/ca\/beques-pepe-buitron\/#primaryimage","url":"https:\/\/dtifoundation.com\/wp-content\/uploads\/2025\/05\/Image-1.jpeg","contentUrl":"https:\/\/dtifoundation.com\/wp-content\/uploads\/2025\/05\/Image-1.jpeg","width":1280,"height":720},{"@type":"BreadcrumbList","@id":"https:\/\/dtifoundation.com\/ca\/beques-pepe-buitron\/#breadcrumb","itemListElement":[{"@type":"ListItem","position":1,"name":"Home","item":"https:\/\/dtifoundation.com\/ca\/"},{"@type":"ListItem","position":2,"name":"Beques Pepe Buitron"}]},{"@type":"WebSite","@id":"https:\/\/dtifoundation.com\/#website","url":"https:\/\/dtifoundation.com\/","name":"TPM - DTI Foundation","description":"","potentialAction":[{"@type":"SearchAction","target":{"@type":"EntryPoint","urlTemplate":"https:\/\/dtifoundation.com\/?s={search_term_string}"},"query-input":{"@type":"PropertyValueSpecification","valueRequired":true,"valueName":"search_term_string"}}],"inLanguage":"ca"}]}},"_links":{"self":[{"href":"https:\/\/dtifoundation.com\/ca\/wp-json\/wp\/v2\/pages\/15897","targetHints":{"allow":["GET"]}}],"collection":[{"href":"https:\/\/dtifoundation.com\/ca\/wp-json\/wp\/v2\/pages"}],"about":[{"href":"https:\/\/dtifoundation.com\/ca\/wp-json\/wp\/v2\/types\/page"}],"author":[{"embeddable":true,"href":"https:\/\/dtifoundation.com\/ca\/wp-json\/wp\/v2\/users\/1"}],"replies":[{"embeddable":true,"href":"https:\/\/dtifoundation.com\/ca\/wp-json\/wp\/v2\/comments?post=15897"}],"version-history":[{"count":15,"href":"https:\/\/dtifoundation.com\/ca\/wp-json\/wp\/v2\/pages\/15897\/revisions"}],"predecessor-version":[{"id":16432,"href":"https:\/\/dtifoundation.com\/ca\/wp-json\/wp\/v2\/pages\/15897\/revisions\/16432"}],"wp:featuredmedia":[{"embeddable":true,"href":"https:\/\/dtifoundation.com\/ca\/wp-json\/wp\/v2\/media\/15860"}],"wp:attachment":[{"href":"https:\/\/dtifoundation.com\/ca\/wp-json\/wp\/v2\/media?parent=15897"}],"curies":[{"name":"wp","href":"https:\/\/api.w.org\/{rel}","templated":true}]}}