{"id":15569,"date":"2025-03-26T10:35:06","date_gmt":"2025-03-26T10:35:06","guid":{"rendered":"https:\/\/dtifoundation.com\/llegat\/"},"modified":"2025-04-03T09:12:42","modified_gmt":"2025-04-03T09:12:42","slug":"llegat","status":"publish","type":"page","link":"https:\/\/dtifoundation.com\/ca\/llegat\/","title":{"rendered":"Llegat"},"content":{"rendered":"<div class=\"wpb-content-wrapper\"><p>[vc_row row_height_percent=&#8221;0&#8243; back_image=&#8221;15439&#8243; back_image_auto=&#8221;yes&#8221; overlay_color=&#8221;color-jevc&#8221; overlay_alpha=&#8221;50&#8243; gutter_size=&#8221;3&#8243; column_width_percent=&#8221;100&#8243; shift_y=&#8221;0&#8243; z_index=&#8221;0&#8243; content_parallax=&#8221;0&#8243; uncode_shortcode_id=&#8221;711654&#8243; overlay_color_type=&#8221;uncode-palette&#8221; el_class=&#8221;service-heading-custom&#8221;][vc_column column_width_percent=&#8221;100&#8243; position_horizontal=&#8221;left&#8221; gutter_size=&#8221;3&#8243; overlay_alpha=&#8221;50&#8243; shift_x=&#8221;0&#8243; shift_y=&#8221;0&#8243; shift_y_down=&#8221;0&#8243; z_index=&#8221;0&#8243; medium_width=&#8221;0&#8243; mobile_width=&#8221;0&#8243; width=&#8221;4\/6&#8243; uncode_shortcode_id=&#8221;702555&#8243;][vc_custom_heading text_color=&#8221;color-xsdn&#8221; heading_semantic=&#8221;h1&#8243; text_size=&#8221;h1&#8243; uncode_shortcode_id=&#8221;422454&#8243; text_color_type=&#8221;uncode-palette&#8221;]<strong>El teu llegat pot marcar la difer\u00e8ncia<br \/>\n<\/strong>[\/vc_custom_heading][vc_column_text uncode_shortcode_id=&#8221;142828&#8243;]<span style=\"color: #ffffff;\">La teva contribuci\u00f3 a la DTI Foundation ajuda a millorar la donaci\u00f3 i el trasplantament d\u2019\u00f2rgans arreu del m\u00f3n. Amb el teu suport, podem salvar m\u00e9s vides, formar professionals i sensibilitzar la societat. Cada donaci\u00f3 compta: uneix-te a nosaltres per construir un futur millor.<\/span>[\/vc_column_text][\/vc_column][vc_column width=&#8221;2\/6&#8243;][\/vc_column][\/vc_row][vc_row row_height_percent=&#8221;0&#8243; override_padding=&#8221;yes&#8221; h_padding=&#8221;2&#8243; top_padding=&#8221;3&#8243; bottom_padding=&#8221;3&#8243; overlay_alpha=&#8221;50&#8243; equal_height=&#8221;yes&#8221; gutter_size=&#8221;3&#8243; column_width_percent=&#8221;100&#8243; shift_y=&#8221;0&#8243; z_index=&#8221;0&#8243; content_parallax=&#8221;0&#8243; uncode_shortcode_id=&#8221;696678&#8243;][vc_column column_width_percent=&#8221;100&#8243; position_vertical=&#8221;middle&#8221; gutter_size=&#8221;3&#8243; overlay_alpha=&#8221;50&#8243; shift_x=&#8221;0&#8243; shift_y=&#8221;0&#8243; shift_y_down=&#8221;0&#8243; z_index=&#8221;0&#8243; medium_width=&#8221;0&#8243; mobile_width=&#8221;0&#8243; width=&#8221;1\/2&#8243; uncode_shortcode_id=&#8221;207643&#8243;][vc_column_text uncode_shortcode_id=&#8221;290822&#8243;]<\/p>\n<h2><b data-b37a8a57-c073-4452-a3e1-bd3b4e56f3e3-11=\"true\">El teu llegat: un regal que salva vides<br data-b37a8a57-c073-4452-a3e1-bd3b4e56f3e3-13=\"true\" \/><\/b><\/h2>\n<p>A DTI Foundation creiem que el teu llegat \u00e9s molt m\u00e9s que all\u00f2 que deixes enrere, \u00e9s una aportaci\u00f3 duradora que continua transformant vides. Incloent la DTI a la teva planificaci\u00f3 patrimonial, la teva her\u00e8ncia es converteix en un impuls per al progr\u00e9s en la donaci\u00f3 i trasplantament d\u2019\u00f2rgans i teixits. Aquest gest tan significatiu dona suport a la formaci\u00f3 especialitzada, a la recerca d\u2019avantguarda i a la cooperaci\u00f3 internacional, elements clau per salvar vides i millorar l\u2019atenci\u00f3 als pacients arreu del m\u00f3n.<\/p>\n<p>El teu suport enforteix les nostres iniciatives globals, ajudant a portar pr\u00e0ctiques avan\u00e7ades de donaci\u00f3 i tecnologia de trasplantaments a les comunitats que m\u00e9s ho necessiten. En integrar el teu llegat a la nostra missi\u00f3, contribueixes a construir un sistema de donaci\u00f3 m\u00e9s eficient i a impulsar innovacions que transformen la sanitat i porten esperan\u00e7a a pacients i fam\u00edlies.<\/p>\n<p>La teva decisi\u00f3 no nom\u00e9s reflecteix els teus valors, sin\u00f3 que tamb\u00e9 obre cam\u00ed a futurs aven\u00e7os que milloraran la vida de moltes persones.<br \/>\n[\/vc_column_text][\/vc_column][vc_column column_width_percent=&#8221;100&#8243; position_vertical=&#8221;middle&#8221; align_horizontal=&#8221;align_center&#8221; gutter_size=&#8221;3&#8243; overlay_alpha=&#8221;50&#8243; shift_x=&#8221;0&#8243; shift_y=&#8221;0&#8243; shift_y_down=&#8221;0&#8243; z_index=&#8221;0&#8243; medium_width=&#8221;0&#8243; mobile_width=&#8221;0&#8243; width=&#8221;1\/2&#8243; uncode_shortcode_id=&#8221;134460&#8243;][vc_single_image media=&#8221;14547&#8243; media_width_percent=&#8221;100&#8243; shape=&#8221;img-round&#8221; radius=&#8221;std&#8221; uncode_shortcode_id=&#8221;259425&#8243;][vc_column_text uncode_shortcode_id=&#8221;201960&#8243;]Per saber com la teva her\u00e8ncia pot tenir un impacte durador, contacta amb nosaltres. Junts, podem crear un futur on cada contribuci\u00f3 ajudi a salvar vides i a construir un m\u00f3n m\u00e9s compassiu.[\/vc_column_text][\/vc_column][\/vc_row][vc_row row_height_percent=&#8221;0&#8243; override_padding=&#8221;yes&#8221; h_padding=&#8221;2&#8243; top_padding=&#8221;3&#8243; bottom_padding=&#8221;3&#8243; overlay_alpha=&#8221;50&#8243; gutter_size=&#8221;3&#8243; column_width_percent=&#8221;100&#8243; shift_y=&#8221;0&#8243; z_index=&#8221;0&#8243; content_parallax=&#8221;0&#8243; uncode_shortcode_id=&#8221;133548&#8243;][vc_column width=&#8221;1\/4&#8243;][vc_single_image media=&#8221;15476&#8243; media_width_percent=&#8221;100&#8243; uncode_shortcode_id=&#8221;180560&#8243;][vc_column_text uncode_shortcode_id=&#8221;187496&#8243;]<\/p>\n<h3>1. El teu llegat pot marcar la difer\u00e8ncia<\/h3>\n<p class=\"\" data-start=\"235\" data-end=\"425\">Consultar amb un notari \u00e9s el primer pas per garantir que els teus desitjos quedin degudament documentats. Amb el seu assessorament, podr\u00e0s assegurar-te que tot s\u2019expressi de manera clara, legal i alineada amb la teva voluntat.<\/p>\n<p>[\/vc_column_text][\/vc_column][vc_column width=&#8221;1\/4&#8243;][vc_single_image media=&#8221;15473&#8243; media_width_percent=&#8221;100&#8243; uncode_shortcode_id=&#8221;208473&#8243;][vc_column_text uncode_shortcode_id=&#8221;378231&#8243;]<\/p>\n<h3>2. Inclou la DTI al teu testament<\/h3>\n<p>Nom\u00e9s cal que hi incloguis les nostres dades:<\/p>\n<p style=\"margin: 10px 0 5px 0; line-height: 1.1;\"><span style=\"color: #b53125; font-weight: bold; font-size: 13px;\">&#8211; DTI- Donation and Transplantation Institute, Fundaci\u00f3 Privada<\/span><\/p>\n<p style=\"margin: 0 0 5px 0; line-height: 1.1;\"><span style=\"color: #b53125; font-weight: bold; font-size: 13px;\">&#8211; CIF G64862006<\/span><\/p>\n<p style=\"margin: 0 0 5px 0; line-height: 1.1;\"><span style=\"color: #b53125; font-weight: bold; font-size: 13px;\">&#8211; Parc Cient\u00edfic de Barcelona. Torre I Planta 8, Carrer Baldiri Reixac 4-8 08028 Barcelona<\/span><\/p>\n<p>[\/vc_column_text][\/vc_column][vc_column width=&#8221;1\/4&#8243;][vc_single_image media=&#8221;15470&#8243; media_width_percent=&#8221;100&#8243; uncode_shortcode_id=&#8221;343275&#8243;][vc_column_text uncode_shortcode_id=&#8221;106014&#8243;]<\/p>\n<h3>3. Assegura\u2019t que es compleixi la teva voluntat<\/h3>\n<p class=\"\" data-start=\"235\" data-end=\"425\">Informa a una persona de confian\u00e7a\u2014sigui un familiar, la teva parella o alg\u00fa proper\u2014sobre la teva decisi\u00f3. \u00c9s la millor manera de garantir que el teu llegat arribi a la seva destinaci\u00f3.<\/p>\n<p>[\/vc_column_text][\/vc_column][vc_column width=&#8221;1\/4&#8243;][vc_single_image media=&#8221;15467&#8243; media_width_percent=&#8221;100&#8243; uncode_shortcode_id=&#8221;248872&#8243;][vc_column_text uncode_shortcode_id=&#8221;930197&#8243;]<\/p>\n<h3>4. <strong data-start=\"953\" data-end=\"997\">Fes-nos-ho saber, si aix\u00ed ho desitges<\/strong><\/h3>\n<p class=\"\" data-start=\"235\" data-end=\"425\">Si decideixes incloure\u2019ns, et convidem a comunicar-nos-ho. No cal que comparteixis detalls; simplement volem estar preparats per complir la teva voluntat.<\/p>\n<p>[\/vc_column_text][\/vc_column][\/vc_row][vc_row row_height_percent=&#8221;0&#8243; override_padding=&#8221;yes&#8221; h_padding=&#8221;2&#8243; top_padding=&#8221;3&#8243; bottom_padding=&#8221;3&#8243; overlay_alpha=&#8221;50&#8243; gutter_size=&#8221;3&#8243; column_width_percent=&#8221;100&#8243; shift_y=&#8221;0&#8243; z_index=&#8221;0&#8243; content_parallax=&#8221;0&#8243; uncode_shortcode_id=&#8221;144953&#8243; back_color_type=&#8221;uncode-solid&#8221; back_color_solid=&#8221;#f2f2f2&#8243;][vc_column width=&#8221;1\/1&#8243;][vc_row_inner][vc_column_inner column_width_percent=&#8221;100&#8243; gutter_size=&#8221;3&#8243; overlay_alpha=&#8221;50&#8243; shift_x=&#8221;0&#8243; shift_y=&#8221;0&#8243; shift_y_down=&#8221;0&#8243; z_index=&#8221;0&#8243; medium_width=&#8221;0&#8243; mobile_width=&#8221;0&#8243; width=&#8221;2\/3&#8243; uncode_shortcode_id=&#8221;202518&#8243; el_class=&#8221;btn-right&#8221;][vc_custom_heading text_color=&#8221;accent&#8221; heading_semantic=&#8221;div&#8221; uncode_shortcode_id=&#8221;133800&#8243; text_color_type=&#8221;uncode-palette&#8221;]<\/p>\n<h3 class=\"\" data-start=\"1160\" data-end=\"1185\"><strong data-start=\"1164\" data-end=\"1185\">Necessites ajuda?<\/strong><\/h3>\n<p>[\/vc_custom_heading][vc_column_text text_color=&#8221;accent&#8221; uncode_shortcode_id=&#8221;189815&#8243; text_color_type=&#8221;uncode-palette&#8221;]<br \/>\nA la DTI Foundation estem aqu\u00ed per ajudar-te. Si necessites orientaci\u00f3 abans de prendre una decisi\u00f3, el nostre equip, conjuntament amb experts legals, pot oferir-te el suport que necessitis. Contacta amb nosaltres per rebre assessorament gratu\u00eft\u2014estarem encantats d\u2019atendre\u2019t personalment.<br \/>\n[\/vc_column_text][\/vc_column_inner][vc_column_inner column_width_percent=&#8221;100&#8243; position_vertical=&#8221;middle&#8221; align_horizontal=&#8221;align_right&#8221; gutter_size=&#8221;3&#8243; overlay_alpha=&#8221;50&#8243; shift_x=&#8221;0&#8243; shift_y=&#8221;0&#8243; shift_y_down=&#8221;0&#8243; z_index=&#8221;0&#8243; medium_width=&#8221;0&#8243; mobile_width=&#8221;0&#8243; width=&#8221;1\/3&#8243; uncode_shortcode_id=&#8221;184423&#8243;][vc_button button_color=&#8221;color-red-tpm-dti&#8221; border_width=&#8221;0&#8243; button_color_type=&#8221;uncode-palette&#8221; uncode_shortcode_id=&#8221;442488&#8243; link=&#8221;url:https%3A%2F%2Fdtifoundation.com%2Fca%2Fcontacte%2F|title:DTI%20Community|&#8221;]Contacta amb nosaltres[\/vc_button][\/vc_column_inner][\/vc_row_inner][\/vc_column][\/vc_row]<\/p>\n<\/div>","protected":false},"excerpt":{"rendered":"<p>[vc_row row_height_percent=&#8221;0&#8243; back_image=&#8221;15439&#8243; back_image_auto=&#8221;yes&#8221; overlay_color=&#8221;color-jevc&#8221; overlay_alpha=&#8221;50&#8243; gutter_size=&#8221;3&#8243; column_width_percent=&#8221;100&#8243; shift_y=&#8221;0&#8243; z_index=&#8221;0&#8243; content_parallax=&#8221;0&#8243; uncode_shortcode_id=&#8221;711654&#8243; overlay_color_type=&#8221;uncode-palette&#8221; el_class=&#8221;service-heading-custom&#8221;][vc_column column_width_percent=&#8221;100&#8243; position_horizontal=&#8221;left&#8221; gutter_size=&#8221;3&#8243; overlay_alpha=&#8221;50&#8243; shift_x=&#8221;0&#8243; shift_y=&#8221;0&#8243; [&hellip;]<\/p>\n","protected":false},"author":1,"featured_media":15440,"parent":0,"menu_order":0,"comment_status":"closed","ping_status":"closed","template":"","meta":{"_acf_changed":false,"footnotes":""},"class_list":["post-15569","page","type-page","status-publish","has-post-thumbnail","hentry"],"acf":[],"yoast_head":"<!-- This site is optimized with the Yoast SEO plugin v26.9 - https:\/\/yoast.com\/product\/yoast-seo-wordpress\/ -->\n<title>Llegat | DTI Foundation | Donation &amp; Transplantation Institute<\/title>\n<meta name=\"description\" content=\"Descobreix tota la informaci\u00f3 sobre Llegat a la nostra web. A DTI oferim suport a projectes internacionals orientats a augmentar la donaci\u00f3 d&#039;\u00f2rgans i els trasplantaments arreu del m\u00f3n.\" \/>\n<meta name=\"robots\" content=\"index, follow, max-snippet:-1, max-image-preview:large, max-video-preview:-1\" \/>\n<link rel=\"canonical\" href=\"https:\/\/dtifoundation.com\/legacy\/\" \/>\n<meta property=\"og:locale\" content=\"ca_ES\" \/>\n<meta property=\"og:type\" content=\"article\" \/>\n<meta property=\"og:title\" content=\"Llegat | DTI Foundation | Donation &amp; Transplantation Institute\" \/>\n<meta property=\"og:description\" content=\"Descobreix tota la informaci\u00f3 sobre Llegat a la nostra web. A DTI oferim suport a projectes internacionals orientats a augmentar la donaci\u00f3 d&#039;\u00f2rgans i els trasplantaments arreu del m\u00f3n.\" \/>\n<meta property=\"og:url\" content=\"https:\/\/dtifoundation.com\/legacy\/\" \/>\n<meta property=\"og:site_name\" content=\"DTI Foundation | Donation &amp; Transplantation Institute\" \/>\n<meta property=\"article:modified_time\" content=\"2025-04-03T09:12:42+00:00\" \/>\n<meta property=\"og:image\" content=\"https:\/\/dtifoundation.com\/wp-content\/uploads\/2025\/03\/la-disyuntiva-de-la-herencia-vender-o-no-vender-el-piso-familiar.jpg\" \/>\n\t<meta property=\"og:image:width\" content=\"809\" \/>\n\t<meta property=\"og:image:height\" content=\"265\" \/>\n\t<meta property=\"og:image:type\" content=\"image\/jpeg\" \/>\n<meta name=\"twitter:card\" content=\"summary_large_image\" \/>\n<meta name=\"twitter:label1\" content=\"Temps estimat de lectura\" \/>\n\t<meta name=\"twitter:data1\" content=\"5 minuts\" \/>\n<script type=\"application\/ld+json\" class=\"yoast-schema-graph\">{\"@context\":\"https:\/\/schema.org\",\"@graph\":[{\"@type\":[\"WebPage\",\"MedicalWebPage\"],\"@id\":\"https:\/\/dtifoundation.com\/legacy\/\",\"url\":\"https:\/\/dtifoundation.com\/legacy\/\",\"name\":\"Llegat | DTI Foundation | Donation &amp; Transplantation Institute\",\"isPartOf\":{\"@id\":\"https:\/\/dtifoundation.com\/#website\"},\"primaryImageOfPage\":{\"@id\":\"https:\/\/dtifoundation.com\/legacy\/#primaryimage\"},\"image\":{\"@id\":\"https:\/\/dtifoundation.com\/legacy\/#primaryimage\"},\"thumbnailUrl\":\"https:\/\/dtifoundation.com\/wp-content\/uploads\/2025\/03\/la-disyuntiva-de-la-herencia-vender-o-no-vender-el-piso-familiar.jpg\",\"datePublished\":\"2025-03-26T10:35:06+00:00\",\"dateModified\":\"2025-04-03T09:12:42+00:00\",\"description\":\"Descobreix tota la informaci\u00f3 sobre Llegat a la nostra web. A DTI oferim suport a projectes internacionals orientats a augmentar la donaci\u00f3 d'\u00f2rgans i els trasplantaments arreu del m\u00f3n.\",\"breadcrumb\":{\"@id\":\"https:\/\/dtifoundation.com\/legacy\/#breadcrumb\"},\"inLanguage\":\"ca\",\"potentialAction\":[{\"@type\":\"ReadAction\",\"target\":[\"https:\/\/dtifoundation.com\/legacy\/\"]}]},{\"@type\":\"ImageObject\",\"inLanguage\":\"ca\",\"@id\":\"https:\/\/dtifoundation.com\/legacy\/#primaryimage\",\"url\":\"https:\/\/dtifoundation.com\/wp-content\/uploads\/2025\/03\/la-disyuntiva-de-la-herencia-vender-o-no-vender-el-piso-familiar.jpg\",\"contentUrl\":\"https:\/\/dtifoundation.com\/wp-content\/uploads\/2025\/03\/la-disyuntiva-de-la-herencia-vender-o-no-vender-el-piso-familiar.jpg\",\"width\":809,\"height\":265,\"caption\":\"xr:d:DAGCeszh-_A:5,j:137784726597563509,t:24041510\"},{\"@type\":\"BreadcrumbList\",\"@id\":\"https:\/\/dtifoundation.com\/legacy\/#breadcrumb\",\"itemListElement\":[{\"@type\":\"ListItem\",\"position\":1,\"name\":\"Home\",\"item\":\"https:\/\/dtifoundation.com\/ca\/\"},{\"@type\":\"ListItem\",\"position\":2,\"name\":\"Llegat\"}]},{\"@type\":\"WebSite\",\"@id\":\"https:\/\/dtifoundation.com\/#website\",\"url\":\"https:\/\/dtifoundation.com\/\",\"name\":\"TPM - DTI Foundation\",\"description\":\"\",\"potentialAction\":[{\"@type\":\"SearchAction\",\"target\":{\"@type\":\"EntryPoint\",\"urlTemplate\":\"https:\/\/dtifoundation.com\/?s={search_term_string}\"},\"query-input\":{\"@type\":\"PropertyValueSpecification\",\"valueRequired\":true,\"valueName\":\"search_term_string\"}}],\"inLanguage\":\"ca\"}]}<\/script>\n<!-- \/ Yoast SEO plugin. -->","yoast_head_json":{"title":"Llegat | DTI Foundation | Donation &amp; Transplantation Institute","description":"Descobreix tota la informaci\u00f3 sobre Llegat a la nostra web. A DTI oferim suport a projectes internacionals orientats a augmentar la donaci\u00f3 d'\u00f2rgans i els trasplantaments arreu del m\u00f3n.","robots":{"index":"index","follow":"follow","max-snippet":"max-snippet:-1","max-image-preview":"max-image-preview:large","max-video-preview":"max-video-preview:-1"},"canonical":"https:\/\/dtifoundation.com\/legacy\/","og_locale":"ca_ES","og_type":"article","og_title":"Llegat | DTI Foundation | Donation &amp; Transplantation Institute","og_description":"Descobreix tota la informaci\u00f3 sobre Llegat a la nostra web. A DTI oferim suport a projectes internacionals orientats a augmentar la donaci\u00f3 d'\u00f2rgans i els trasplantaments arreu del m\u00f3n.","og_url":"https:\/\/dtifoundation.com\/legacy\/","og_site_name":"DTI Foundation | Donation &amp; Transplantation Institute","article_modified_time":"2025-04-03T09:12:42+00:00","og_image":[{"width":809,"height":265,"url":"https:\/\/dtifoundation.com\/wp-content\/uploads\/2025\/03\/la-disyuntiva-de-la-herencia-vender-o-no-vender-el-piso-familiar.jpg","type":"image\/jpeg"}],"twitter_card":"summary_large_image","twitter_misc":{"Temps estimat de lectura":"5 minuts"},"schema":{"@context":"https:\/\/schema.org","@graph":[{"@type":["WebPage","MedicalWebPage"],"@id":"https:\/\/dtifoundation.com\/legacy\/","url":"https:\/\/dtifoundation.com\/legacy\/","name":"Llegat | DTI Foundation | Donation &amp; Transplantation Institute","isPartOf":{"@id":"https:\/\/dtifoundation.com\/#website"},"primaryImageOfPage":{"@id":"https:\/\/dtifoundation.com\/legacy\/#primaryimage"},"image":{"@id":"https:\/\/dtifoundation.com\/legacy\/#primaryimage"},"thumbnailUrl":"https:\/\/dtifoundation.com\/wp-content\/uploads\/2025\/03\/la-disyuntiva-de-la-herencia-vender-o-no-vender-el-piso-familiar.jpg","datePublished":"2025-03-26T10:35:06+00:00","dateModified":"2025-04-03T09:12:42+00:00","description":"Descobreix tota la informaci\u00f3 sobre Llegat a la nostra web. A DTI oferim suport a projectes internacionals orientats a augmentar la donaci\u00f3 d'\u00f2rgans i els trasplantaments arreu del m\u00f3n.","breadcrumb":{"@id":"https:\/\/dtifoundation.com\/legacy\/#breadcrumb"},"inLanguage":"ca","potentialAction":[{"@type":"ReadAction","target":["https:\/\/dtifoundation.com\/legacy\/"]}]},{"@type":"ImageObject","inLanguage":"ca","@id":"https:\/\/dtifoundation.com\/legacy\/#primaryimage","url":"https:\/\/dtifoundation.com\/wp-content\/uploads\/2025\/03\/la-disyuntiva-de-la-herencia-vender-o-no-vender-el-piso-familiar.jpg","contentUrl":"https:\/\/dtifoundation.com\/wp-content\/uploads\/2025\/03\/la-disyuntiva-de-la-herencia-vender-o-no-vender-el-piso-familiar.jpg","width":809,"height":265,"caption":"xr:d:DAGCeszh-_A:5,j:137784726597563509,t:24041510"},{"@type":"BreadcrumbList","@id":"https:\/\/dtifoundation.com\/legacy\/#breadcrumb","itemListElement":[{"@type":"ListItem","position":1,"name":"Home","item":"https:\/\/dtifoundation.com\/ca\/"},{"@type":"ListItem","position":2,"name":"Llegat"}]},{"@type":"WebSite","@id":"https:\/\/dtifoundation.com\/#website","url":"https:\/\/dtifoundation.com\/","name":"TPM - DTI Foundation","description":"","potentialAction":[{"@type":"SearchAction","target":{"@type":"EntryPoint","urlTemplate":"https:\/\/dtifoundation.com\/?s={search_term_string}"},"query-input":{"@type":"PropertyValueSpecification","valueRequired":true,"valueName":"search_term_string"}}],"inLanguage":"ca"}]}},"_links":{"self":[{"href":"https:\/\/dtifoundation.com\/ca\/wp-json\/wp\/v2\/pages\/15569","targetHints":{"allow":["GET"]}}],"collection":[{"href":"https:\/\/dtifoundation.com\/ca\/wp-json\/wp\/v2\/pages"}],"about":[{"href":"https:\/\/dtifoundation.com\/ca\/wp-json\/wp\/v2\/types\/page"}],"author":[{"embeddable":true,"href":"https:\/\/dtifoundation.com\/ca\/wp-json\/wp\/v2\/users\/1"}],"replies":[{"embeddable":true,"href":"https:\/\/dtifoundation.com\/ca\/wp-json\/wp\/v2\/comments?post=15569"}],"version-history":[{"count":8,"href":"https:\/\/dtifoundation.com\/ca\/wp-json\/wp\/v2\/pages\/15569\/revisions"}],"predecessor-version":[{"id":15590,"href":"https:\/\/dtifoundation.com\/ca\/wp-json\/wp\/v2\/pages\/15569\/revisions\/15590"}],"wp:featuredmedia":[{"embeddable":true,"href":"https:\/\/dtifoundation.com\/ca\/wp-json\/wp\/v2\/media\/15440"}],"wp:attachment":[{"href":"https:\/\/dtifoundation.com\/ca\/wp-json\/wp\/v2\/media?parent=15569"}],"curies":[{"name":"wp","href":"https:\/\/api.w.org\/{rel}","templated":true}]}}