{"id":15232,"date":"2025-02-26T14:08:54","date_gmt":"2025-02-26T14:08:54","guid":{"rendered":"https:\/\/dtifoundation.com\/butlleti\/"},"modified":"2025-02-26T14:37:56","modified_gmt":"2025-02-26T14:37:56","slug":"butlleti","status":"publish","type":"page","link":"https:\/\/dtifoundation.com\/ca\/butlleti\/","title":{"rendered":"Butllet\u00ed"},"content":{"rendered":"<div class=\"wpb-content-wrapper\"><p>[vc_row row_height_percent=&#8221;0&#8243; override_padding=&#8221;yes&#8221; h_padding=&#8221;2&#8243; top_padding=&#8221;4&#8243; bottom_padding=&#8221;4&#8243; overlay_alpha=&#8221;50&#8243; gutter_size=&#8221;3&#8243; column_width_percent=&#8221;100&#8243; shift_y=&#8221;0&#8243; z_index=&#8221;0&#8243; content_parallax=&#8221;0&#8243; uncode_shortcode_id=&#8221;822330&#8243;][vc_column width=&#8221;1\/2&#8243;][vc_column_text uncode_shortcode_id=&#8221;153209&#8243;]<\/p>\n<h3>Subscriu-te per connectar vides<\/h3>\n<p>[\/vc_column_text][vc_single_image media=&#8221;13480&#8243; media_width_percent=&#8221;100&#8243; media_ratio=&#8221;four-three&#8221; uncode_shortcode_id=&#8221;191758&#8243;][vc_column_text uncode_shortcode_id=&#8221;845260&#8243;]A la Fundaci\u00f3 DTI, treballem cada dia per salvar i millorar vides a trav\u00e9s de la donaci\u00f3 i el trasplantament d&#8217;\u00f2rgans. Vols estar al corrent dels nostres \u00e8xits i avan\u00e7os en aquest camp vital? Uneix-te a la nostra comunitat subscrivint-te al nostre butllet\u00ed.<\/p>\n<p>Rebr\u00e0s actualitzacions sobre els \u00faltims avan\u00e7os en t\u00e8cniques de trasplantament, hist\u00f2ries inspiradores de donants i receptors, aix\u00ed com informaci\u00f3 sobre esdeveniments i campanyes de sensibilitzaci\u00f3. Tot directament a la teva b\u00fastia de correu.<\/p>\n<p><strong>Omple el formulari i sigues part del canvi!<\/strong>[\/vc_column_text][\/vc_column][vc_column width=&#8221;1\/2&#8243;][vc_raw_html]PGlmcmFtZSBzdHlsZT0ibWluLWhlaWdodDogNzUwcHg7IGhlaWdodDogNzUwcHg7IHdpZHRoOiAxMDAlOyBib3JkZXI6IG5vbmU7IiBzcmM9Imh0dHBzOi8vZm9ybXMuem9ob3B1YmxpYy5jb20vZHRpZm91bmRhdGlvbi9mb3JtL0RUSUNvbGxhYm9yYXRpb253aXRoVGhlV29ybGRUcmFuc3BsYW50R2FtZXNGZWRlcmF0L2Zvcm1wZXJtYS8wQWM4SjVBUzhpWk1qWGQ4NWhzSEdtZW9wdFB6Y05vLTVkZFloOVhPai1BIiBmcmFtZWJvcmRlcj0iMCIgYXJpYS1sYWJlbD0iRFRJIENvbGxhYm9yYXRpb24gd2l0aCBUaGUgV29ybGQgVHJhbnNwbGFudCBHYW1lcyBGZWRlcmF0aW9uIChXVEdGKSBDQVQiPjwvaWZyYW1lPg==[\/vc_raw_html][\/vc_column][\/vc_row]<\/p>\n<\/div>","protected":false},"excerpt":{"rendered":"<p>[vc_row row_height_percent=&#8221;0&#8243; override_padding=&#8221;yes&#8221; h_padding=&#8221;2&#8243; top_padding=&#8221;4&#8243; bottom_padding=&#8221;4&#8243; overlay_alpha=&#8221;50&#8243; gutter_size=&#8221;3&#8243; column_width_percent=&#8221;100&#8243; shift_y=&#8221;0&#8243; z_index=&#8221;0&#8243; content_parallax=&#8221;0&#8243; uncode_shortcode_id=&#8221;822330&#8243;][vc_column width=&#8221;1\/2&#8243;][vc_column_text uncode_shortcode_id=&#8221;153209&#8243;] Subscriu-te per connectar vides [\/vc_column_text][vc_single_image [&hellip;]<\/p>\n","protected":false},"author":1,"featured_media":15164,"parent":0,"menu_order":0,"comment_status":"closed","ping_status":"closed","template":"","meta":{"_acf_changed":false,"footnotes":""},"class_list":["post-15232","page","type-page","status-publish","has-post-thumbnail","hentry"],"acf":[],"yoast_head":"<!-- This site is optimized with the Yoast SEO plugin v26.9 - https:\/\/yoast.com\/product\/yoast-seo-wordpress\/ -->\n<title>Butllet\u00ed | DTI Foundation | Donation &amp; Transplantation Institute<\/title>\n<meta name=\"description\" content=\"Descobreix tota la informaci\u00f3 sobre Butllet\u00ed a la nostra web. A DTI oferim suport a projectes internacionals orientats a augmentar la donaci\u00f3 d&#039;\u00f2rgans i els trasplantaments arreu del m\u00f3n.\" \/>\n<meta name=\"robots\" content=\"index, follow, max-snippet:-1, max-image-preview:large, max-video-preview:-1\" \/>\n<link rel=\"canonical\" href=\"https:\/\/dtifoundation.com\/newsletter\/\" \/>\n<meta property=\"og:locale\" content=\"ca_ES\" \/>\n<meta property=\"og:type\" content=\"article\" \/>\n<meta property=\"og:title\" content=\"Butllet\u00ed | DTI Foundation | Donation &amp; Transplantation Institute\" \/>\n<meta property=\"og:description\" content=\"Descobreix tota la informaci\u00f3 sobre Butllet\u00ed a la nostra web. A DTI oferim suport a projectes internacionals orientats a augmentar la donaci\u00f3 d&#039;\u00f2rgans i els trasplantaments arreu del m\u00f3n.\" \/>\n<meta property=\"og:url\" content=\"https:\/\/dtifoundation.com\/newsletter\/\" \/>\n<meta property=\"og:site_name\" content=\"DTI Foundation | Donation &amp; Transplantation Institute\" \/>\n<meta property=\"article:modified_time\" content=\"2025-02-26T14:37:56+00:00\" \/>\n<meta property=\"og:image\" content=\"https:\/\/dtifoundation.com\/wp-content\/uploads\/2025\/02\/TPM-DTI_nov24_hands-1024x684.png\" \/>\n\t<meta property=\"og:image:width\" content=\"1024\" \/>\n\t<meta property=\"og:image:height\" content=\"684\" \/>\n\t<meta property=\"og:image:type\" content=\"image\/png\" \/>\n<meta name=\"twitter:card\" content=\"summary_large_image\" \/>\n<meta name=\"twitter:label1\" content=\"Temps estimat de lectura\" \/>\n\t<meta name=\"twitter:data1\" content=\"1 minut\" \/>\n<script type=\"application\/ld+json\" class=\"yoast-schema-graph\">{\"@context\":\"https:\/\/schema.org\",\"@graph\":[{\"@type\":[\"WebPage\",\"MedicalWebPage\"],\"@id\":\"https:\/\/dtifoundation.com\/newsletter\/\",\"url\":\"https:\/\/dtifoundation.com\/newsletter\/\",\"name\":\"Butllet\u00ed | DTI Foundation | Donation &amp; Transplantation Institute\",\"isPartOf\":{\"@id\":\"https:\/\/dtifoundation.com\/#website\"},\"primaryImageOfPage\":{\"@id\":\"https:\/\/dtifoundation.com\/newsletter\/#primaryimage\"},\"image\":{\"@id\":\"https:\/\/dtifoundation.com\/newsletter\/#primaryimage\"},\"thumbnailUrl\":\"https:\/\/dtifoundation.com\/wp-content\/uploads\/2025\/02\/TPM-DTI_nov24_hands.png\",\"datePublished\":\"2025-02-26T14:08:54+00:00\",\"dateModified\":\"2025-02-26T14:37:56+00:00\",\"description\":\"Descobreix tota la informaci\u00f3 sobre Butllet\u00ed a la nostra web. A DTI oferim suport a projectes internacionals orientats a augmentar la donaci\u00f3 d'\u00f2rgans i els trasplantaments arreu del m\u00f3n.\",\"breadcrumb\":{\"@id\":\"https:\/\/dtifoundation.com\/newsletter\/#breadcrumb\"},\"inLanguage\":\"ca\",\"potentialAction\":[{\"@type\":\"ReadAction\",\"target\":[\"https:\/\/dtifoundation.com\/newsletter\/\"]}]},{\"@type\":\"ImageObject\",\"inLanguage\":\"ca\",\"@id\":\"https:\/\/dtifoundation.com\/newsletter\/#primaryimage\",\"url\":\"https:\/\/dtifoundation.com\/wp-content\/uploads\/2025\/02\/TPM-DTI_nov24_hands.png\",\"contentUrl\":\"https:\/\/dtifoundation.com\/wp-content\/uploads\/2025\/02\/TPM-DTI_nov24_hands.png\",\"width\":4148,\"height\":2771},{\"@type\":\"BreadcrumbList\",\"@id\":\"https:\/\/dtifoundation.com\/newsletter\/#breadcrumb\",\"itemListElement\":[{\"@type\":\"ListItem\",\"position\":1,\"name\":\"Home\",\"item\":\"https:\/\/dtifoundation.com\/ca\/\"},{\"@type\":\"ListItem\",\"position\":2,\"name\":\"Butllet\u00ed\"}]},{\"@type\":\"WebSite\",\"@id\":\"https:\/\/dtifoundation.com\/#website\",\"url\":\"https:\/\/dtifoundation.com\/\",\"name\":\"TPM - DTI Foundation\",\"description\":\"\",\"potentialAction\":[{\"@type\":\"SearchAction\",\"target\":{\"@type\":\"EntryPoint\",\"urlTemplate\":\"https:\/\/dtifoundation.com\/?s={search_term_string}\"},\"query-input\":{\"@type\":\"PropertyValueSpecification\",\"valueRequired\":true,\"valueName\":\"search_term_string\"}}],\"inLanguage\":\"ca\"}]}<\/script>\n<!-- \/ Yoast SEO plugin. -->","yoast_head_json":{"title":"Butllet\u00ed | DTI Foundation | Donation &amp; Transplantation Institute","description":"Descobreix tota la informaci\u00f3 sobre Butllet\u00ed a la nostra web. A DTI oferim suport a projectes internacionals orientats a augmentar la donaci\u00f3 d'\u00f2rgans i els trasplantaments arreu del m\u00f3n.","robots":{"index":"index","follow":"follow","max-snippet":"max-snippet:-1","max-image-preview":"max-image-preview:large","max-video-preview":"max-video-preview:-1"},"canonical":"https:\/\/dtifoundation.com\/newsletter\/","og_locale":"ca_ES","og_type":"article","og_title":"Butllet\u00ed | DTI Foundation | Donation &amp; Transplantation Institute","og_description":"Descobreix tota la informaci\u00f3 sobre Butllet\u00ed a la nostra web. A DTI oferim suport a projectes internacionals orientats a augmentar la donaci\u00f3 d'\u00f2rgans i els trasplantaments arreu del m\u00f3n.","og_url":"https:\/\/dtifoundation.com\/newsletter\/","og_site_name":"DTI Foundation | Donation &amp; Transplantation Institute","article_modified_time":"2025-02-26T14:37:56+00:00","og_image":[{"width":1024,"height":684,"url":"https:\/\/dtifoundation.com\/wp-content\/uploads\/2025\/02\/TPM-DTI_nov24_hands-1024x684.png","type":"image\/png"}],"twitter_card":"summary_large_image","twitter_misc":{"Temps estimat de lectura":"1 minut"},"schema":{"@context":"https:\/\/schema.org","@graph":[{"@type":["WebPage","MedicalWebPage"],"@id":"https:\/\/dtifoundation.com\/newsletter\/","url":"https:\/\/dtifoundation.com\/newsletter\/","name":"Butllet\u00ed | DTI Foundation | Donation &amp; Transplantation Institute","isPartOf":{"@id":"https:\/\/dtifoundation.com\/#website"},"primaryImageOfPage":{"@id":"https:\/\/dtifoundation.com\/newsletter\/#primaryimage"},"image":{"@id":"https:\/\/dtifoundation.com\/newsletter\/#primaryimage"},"thumbnailUrl":"https:\/\/dtifoundation.com\/wp-content\/uploads\/2025\/02\/TPM-DTI_nov24_hands.png","datePublished":"2025-02-26T14:08:54+00:00","dateModified":"2025-02-26T14:37:56+00:00","description":"Descobreix tota la informaci\u00f3 sobre Butllet\u00ed a la nostra web. A DTI oferim suport a projectes internacionals orientats a augmentar la donaci\u00f3 d'\u00f2rgans i els trasplantaments arreu del m\u00f3n.","breadcrumb":{"@id":"https:\/\/dtifoundation.com\/newsletter\/#breadcrumb"},"inLanguage":"ca","potentialAction":[{"@type":"ReadAction","target":["https:\/\/dtifoundation.com\/newsletter\/"]}]},{"@type":"ImageObject","inLanguage":"ca","@id":"https:\/\/dtifoundation.com\/newsletter\/#primaryimage","url":"https:\/\/dtifoundation.com\/wp-content\/uploads\/2025\/02\/TPM-DTI_nov24_hands.png","contentUrl":"https:\/\/dtifoundation.com\/wp-content\/uploads\/2025\/02\/TPM-DTI_nov24_hands.png","width":4148,"height":2771},{"@type":"BreadcrumbList","@id":"https:\/\/dtifoundation.com\/newsletter\/#breadcrumb","itemListElement":[{"@type":"ListItem","position":1,"name":"Home","item":"https:\/\/dtifoundation.com\/ca\/"},{"@type":"ListItem","position":2,"name":"Butllet\u00ed"}]},{"@type":"WebSite","@id":"https:\/\/dtifoundation.com\/#website","url":"https:\/\/dtifoundation.com\/","name":"TPM - DTI Foundation","description":"","potentialAction":[{"@type":"SearchAction","target":{"@type":"EntryPoint","urlTemplate":"https:\/\/dtifoundation.com\/?s={search_term_string}"},"query-input":{"@type":"PropertyValueSpecification","valueRequired":true,"valueName":"search_term_string"}}],"inLanguage":"ca"}]}},"_links":{"self":[{"href":"https:\/\/dtifoundation.com\/ca\/wp-json\/wp\/v2\/pages\/15232","targetHints":{"allow":["GET"]}}],"collection":[{"href":"https:\/\/dtifoundation.com\/ca\/wp-json\/wp\/v2\/pages"}],"about":[{"href":"https:\/\/dtifoundation.com\/ca\/wp-json\/wp\/v2\/types\/page"}],"author":[{"embeddable":true,"href":"https:\/\/dtifoundation.com\/ca\/wp-json\/wp\/v2\/users\/1"}],"replies":[{"embeddable":true,"href":"https:\/\/dtifoundation.com\/ca\/wp-json\/wp\/v2\/comments?post=15232"}],"version-history":[{"count":2,"href":"https:\/\/dtifoundation.com\/ca\/wp-json\/wp\/v2\/pages\/15232\/revisions"}],"predecessor-version":[{"id":15234,"href":"https:\/\/dtifoundation.com\/ca\/wp-json\/wp\/v2\/pages\/15232\/revisions\/15234"}],"wp:featuredmedia":[{"embeddable":true,"href":"https:\/\/dtifoundation.com\/ca\/wp-json\/wp\/v2\/media\/15164"}],"wp:attachment":[{"href":"https:\/\/dtifoundation.com\/ca\/wp-json\/wp\/v2\/media?parent=15232"}],"curies":[{"name":"wp","href":"https:\/\/api.w.org\/{rel}","templated":true}]}}