{"id":14674,"date":"2024-12-09T12:11:20","date_gmt":"2024-12-09T12:11:20","guid":{"rendered":"https:\/\/dtifoundation.com\/donar-2\/"},"modified":"2025-03-26T11:47:27","modified_gmt":"2025-03-26T11:47:27","slug":"donar","status":"publish","type":"page","link":"https:\/\/dtifoundation.com\/ca\/donar\/","title":{"rendered":"Donar"},"content":{"rendered":"<div class=\"wpb-content-wrapper\"><p>[vc_row row_height_percent=&#8221;0&#8243; override_padding=&#8221;yes&#8221; h_padding=&#8221;2&#8243; top_padding=&#8221;3&#8243; bottom_padding=&#8221;0&#8243; overlay_alpha=&#8221;50&#8243; gutter_size=&#8221;3&#8243; column_width_percent=&#8221;100&#8243; shift_y=&#8221;0&#8243; z_index=&#8221;0&#8243; content_parallax=&#8221;0&#8243; uncode_shortcode_id=&#8221;154636&#8243; el_class=&#8221;donations-intro&#8221;][vc_column column_width_percent=&#8221;100&#8243; align_horizontal=&#8221;align_center&#8221; gutter_size=&#8221;3&#8243; overlay_alpha=&#8221;50&#8243; shift_x=&#8221;0&#8243; shift_y=&#8221;0&#8243; shift_y_down=&#8221;0&#8243; z_index=&#8221;0&#8243; medium_width=&#8221;0&#8243; mobile_width=&#8221;0&#8243; width=&#8221;1\/1&#8243; uncode_shortcode_id=&#8221;175892&#8243;][vc_column_text uncode_shortcode_id=&#8221;118212&#8243;]<\/p>\n<h2>Uneix-te a la nostra missi\u00f3 de salvar vides mitjan\u00e7ant el trasplantament d&#8217;\u00f2rgans<\/h2>\n<p>[\/vc_column_text][\/vc_column][\/vc_row][vc_row][vc_column width=&#8221;1\/1&#8243;][vc_column_text uncode_shortcode_id=&#8221;128602&#8243;]    <div class=\"wrapper option-1 option-1-1\">\n        <ol class=\"c-stepper\">\n            <li class=\"c-stepper__item active\">\n                <span class=\"mini-number\">1<\/span>\n                <h3 class=\"c-stepper__title\">Quantitat<\/h3>\n            <\/li>\n            <li class=\"c-stepper__item\">\n                <span class=\"mini-number\">2<\/span>\n                <h3 class=\"c-stepper__title\">Detalls de facturaci\u00f3<\/h3>\n            <\/li>\n            <li class=\"c-stepper__item\">\n                <span class=\"mini-number\">3<\/span>\n                <h3 class=\"c-stepper__title\">Ressenya<\/h3>\n            <\/li>\n        <\/ol>\n    <\/div>\n\n    <div class=\"donation-amounts\">\n        <div class=\"donation-buttons\">\n            <button class=\"donation-option\" onclick=\"selectAmount(30, this)\">30\u20ac<\/button>\n            <button class=\"donation-option selected\" onclick=\"selectAmount(60, this)\">60\u20ac<\/button>\n            <button class=\"donation-option\" onclick=\"selectAmount(100, this)\">100\u20ac<\/button>\n            <span id=\"input-container\"><input type=\"number\" id=\"customAmount\" min=\"30\" step=\"10\" placeholder=\"Quantitat personalitzada\" \/><\/span>\n        <\/div>\n        <div id=\"donation-message\" class=\"donation-message\">\n        <\/div>\n    <\/div>\n\n    <div class=\"checkout-shortcode\" style=\"display: none;\">\n        <div class=\"woocommerce\"><\/div>    <\/div>\n\n    <div class=\"nav-buttons\">\n        <button id=\"nextButton\" onclick=\"goToCheckout()\">Seg\u00fcent<\/button>\n        <button id=\"nextButtonStep2\" style=\"display: none;\" onclick=\"goToReview()\">Seg\u00fcent<\/button>\n    <\/div>\n    [\/vc_column_text][\/vc_column][\/vc_row][vc_row row_height_percent=&#8221;0&#8243; overlay_alpha=&#8221;50&#8243; equal_height=&#8221;yes&#8221; gutter_size=&#8221;3&#8243; column_width_percent=&#8221;100&#8243; shift_y=&#8221;0&#8243; z_index=&#8221;0&#8243; content_parallax=&#8221;0&#8243; uncode_shortcode_id=&#8221;170683&#8243; el_id=&#8221;donations-info&#8221; css=&#8221;.vc_custom_1737621712384{padding-top: 40px !important;}&#8221;][vc_column column_width_percent=&#8221;100&#8243; position_vertical=&#8221;middle&#8221; gutter_size=&#8221;3&#8243; overlay_alpha=&#8221;50&#8243; shift_x=&#8221;0&#8243; shift_y=&#8221;0&#8243; shift_y_down=&#8221;0&#8243; z_index=&#8221;0&#8243; medium_width=&#8221;0&#8243; mobile_width=&#8221;0&#8243; width=&#8221;1\/4&#8243; uncode_shortcode_id=&#8221;153397&#8243;][vc_single_image media=&#8221;30&#8243; media_width_use_pixel=&#8221;yes&#8221; uncode_shortcode_id=&#8221;189823&#8243; media_width_pixel=&#8221;150&#8243;][\/vc_column][vc_column column_width_percent=&#8221;100&#8243; position_vertical=&#8221;middle&#8221; gutter_size=&#8221;3&#8243; overlay_alpha=&#8221;50&#8243; shift_x=&#8221;0&#8243; shift_y=&#8221;0&#8243; shift_y_down=&#8221;0&#8243; z_index=&#8221;0&#8243; medium_width=&#8221;0&#8243; mobile_width=&#8221;0&#8243; width=&#8221;3\/4&#8243; uncode_shortcode_id=&#8221;177647&#8243;][vc_column_text uncode_shortcode_id=&#8221;185557&#8243;]<\/p>\n<h3>La teva aportaci\u00f3 es beneficia d&#8217;avantatges fiscals<\/h3>\n<p>La seva contribuci\u00f3 gaudeix de la tasca de benefici inclosa a la Llei 49\/2002. Vost\u00e8 pot prendre la deducci\u00f3 del 80% dels 250 \u20ac i del 40% de la taxa. A partir del tercer any consecutiu de donaci\u00f3 d&#8217;imports iguals o superiors, el 40% passar\u00e0 a ser el 45%.[\/vc_column_text][\/vc_column][\/vc_row]<\/p>\n<\/div>","protected":false},"excerpt":{"rendered":"<p>[vc_row row_height_percent=&#8221;0&#8243; override_padding=&#8221;yes&#8221; h_padding=&#8221;2&#8243; top_padding=&#8221;3&#8243; bottom_padding=&#8221;0&#8243; overlay_alpha=&#8221;50&#8243; gutter_size=&#8221;3&#8243; column_width_percent=&#8221;100&#8243; shift_y=&#8221;0&#8243; z_index=&#8221;0&#8243; content_parallax=&#8221;0&#8243; uncode_shortcode_id=&#8221;154636&#8243; el_class=&#8221;donations-intro&#8221;][vc_column column_width_percent=&#8221;100&#8243; align_horizontal=&#8221;align_center&#8221; gutter_size=&#8221;3&#8243; overlay_alpha=&#8221;50&#8243; shift_x=&#8221;0&#8243; shift_y=&#8221;0&#8243; [&hellip;]<\/p>\n","protected":false},"author":1,"featured_media":15430,"parent":0,"menu_order":0,"comment_status":"closed","ping_status":"closed","template":"","meta":{"_acf_changed":false,"footnotes":""},"class_list":["post-14674","page","type-page","status-publish","has-post-thumbnail","hentry"],"acf":[],"yoast_head":"<!-- This site is optimized with the Yoast SEO plugin v26.9 - https:\/\/yoast.com\/product\/yoast-seo-wordpress\/ -->\n<title>Donar | DTI Foundation | Donation &amp; Transplantation Institute<\/title>\n<meta name=\"description\" content=\"Descobreix tota la informaci\u00f3 sobre Donar a la nostra web. A DTI oferim suport a projectes internacionals orientats a augmentar la donaci\u00f3 d&#039;\u00f2rgans i els trasplantaments arreu del m\u00f3n.\" \/>\n<meta name=\"robots\" content=\"index, follow, max-snippet:-1, max-image-preview:large, max-video-preview:-1\" \/>\n<link rel=\"canonical\" href=\"https:\/\/dtifoundation.com\/ca\/donar\/\" \/>\n<meta property=\"og:locale\" content=\"ca_ES\" \/>\n<meta property=\"og:type\" content=\"article\" \/>\n<meta property=\"og:title\" content=\"Donar | DTI Foundation | Donation &amp; Transplantation Institute\" \/>\n<meta property=\"og:description\" content=\"Descobreix tota la informaci\u00f3 sobre Donar a la nostra web. A DTI oferim suport a projectes internacionals orientats a augmentar la donaci\u00f3 d&#039;\u00f2rgans i els trasplantaments arreu del m\u00f3n.\" \/>\n<meta property=\"og:url\" content=\"https:\/\/dtifoundation.com\/ca\/donar\/\" \/>\n<meta property=\"og:site_name\" content=\"DTI Foundation | Donation &amp; Transplantation Institute\" \/>\n<meta property=\"article:modified_time\" content=\"2025-03-26T11:47:27+00:00\" \/>\n<meta property=\"og:image\" content=\"https:\/\/dtifoundation.com\/wp-content\/uploads\/2025\/03\/Firefly-20250326104941.png\" \/>\n\t<meta property=\"og:image:width\" content=\"2136\" \/>\n\t<meta property=\"og:image:height\" content=\"773\" \/>\n\t<meta property=\"og:image:type\" content=\"image\/png\" \/>\n<meta name=\"twitter:card\" content=\"summary_large_image\" \/>\n<meta name=\"twitter:label1\" content=\"Temps estimat de lectura\" \/>\n\t<meta name=\"twitter:data1\" content=\"1 minut\" \/>\n<script type=\"application\/ld+json\" class=\"yoast-schema-graph\">{\"@context\":\"https:\/\/schema.org\",\"@graph\":[{\"@type\":[\"WebPage\",\"MedicalWebPage\"],\"@id\":\"https:\/\/dtifoundation.com\/ca\/donar\/\",\"url\":\"https:\/\/dtifoundation.com\/ca\/donar\/\",\"name\":\"Donar | DTI Foundation | Donation &amp; Transplantation Institute\",\"isPartOf\":{\"@id\":\"https:\/\/dtifoundation.com\/#website\"},\"primaryImageOfPage\":{\"@id\":\"https:\/\/dtifoundation.com\/ca\/donar\/#primaryimage\"},\"image\":{\"@id\":\"https:\/\/dtifoundation.com\/ca\/donar\/#primaryimage\"},\"thumbnailUrl\":\"https:\/\/dtifoundation.com\/wp-content\/uploads\/2025\/03\/Firefly-20250326104941.png\",\"datePublished\":\"2024-12-09T12:11:20+00:00\",\"dateModified\":\"2025-03-26T11:47:27+00:00\",\"description\":\"Descobreix tota la informaci\u00f3 sobre Donar a la nostra web. A DTI oferim suport a projectes internacionals orientats a augmentar la donaci\u00f3 d'\u00f2rgans i els trasplantaments arreu del m\u00f3n.\",\"breadcrumb\":{\"@id\":\"https:\/\/dtifoundation.com\/ca\/donar\/#breadcrumb\"},\"inLanguage\":\"ca\",\"potentialAction\":[{\"@type\":\"ReadAction\",\"target\":[\"https:\/\/dtifoundation.com\/ca\/donar\/\"]}]},{\"@type\":\"ImageObject\",\"inLanguage\":\"ca\",\"@id\":\"https:\/\/dtifoundation.com\/ca\/donar\/#primaryimage\",\"url\":\"https:\/\/dtifoundation.com\/wp-content\/uploads\/2025\/03\/Firefly-20250326104941.png\",\"contentUrl\":\"https:\/\/dtifoundation.com\/wp-content\/uploads\/2025\/03\/Firefly-20250326104941.png\",\"width\":2136,\"height\":773},{\"@type\":\"BreadcrumbList\",\"@id\":\"https:\/\/dtifoundation.com\/ca\/donar\/#breadcrumb\",\"itemListElement\":[{\"@type\":\"ListItem\",\"position\":1,\"name\":\"Home\",\"item\":\"https:\/\/dtifoundation.com\/ca\/\"},{\"@type\":\"ListItem\",\"position\":2,\"name\":\"Donar\"}]},{\"@type\":\"WebSite\",\"@id\":\"https:\/\/dtifoundation.com\/#website\",\"url\":\"https:\/\/dtifoundation.com\/\",\"name\":\"TPM - DTI Foundation\",\"description\":\"\",\"potentialAction\":[{\"@type\":\"SearchAction\",\"target\":{\"@type\":\"EntryPoint\",\"urlTemplate\":\"https:\/\/dtifoundation.com\/?s={search_term_string}\"},\"query-input\":{\"@type\":\"PropertyValueSpecification\",\"valueRequired\":true,\"valueName\":\"search_term_string\"}}],\"inLanguage\":\"ca\"}]}<\/script>\n<!-- \/ Yoast SEO plugin. -->","yoast_head_json":{"title":"Donar | DTI Foundation | Donation &amp; Transplantation Institute","description":"Descobreix tota la informaci\u00f3 sobre Donar a la nostra web. A DTI oferim suport a projectes internacionals orientats a augmentar la donaci\u00f3 d'\u00f2rgans i els trasplantaments arreu del m\u00f3n.","robots":{"index":"index","follow":"follow","max-snippet":"max-snippet:-1","max-image-preview":"max-image-preview:large","max-video-preview":"max-video-preview:-1"},"canonical":"https:\/\/dtifoundation.com\/ca\/donar\/","og_locale":"ca_ES","og_type":"article","og_title":"Donar | DTI Foundation | Donation &amp; Transplantation Institute","og_description":"Descobreix tota la informaci\u00f3 sobre Donar a la nostra web. A DTI oferim suport a projectes internacionals orientats a augmentar la donaci\u00f3 d'\u00f2rgans i els trasplantaments arreu del m\u00f3n.","og_url":"https:\/\/dtifoundation.com\/ca\/donar\/","og_site_name":"DTI Foundation | Donation &amp; Transplantation Institute","article_modified_time":"2025-03-26T11:47:27+00:00","og_image":[{"width":2136,"height":773,"url":"https:\/\/dtifoundation.com\/wp-content\/uploads\/2025\/03\/Firefly-20250326104941.png","type":"image\/png"}],"twitter_card":"summary_large_image","twitter_misc":{"Temps estimat de lectura":"1 minut"},"schema":{"@context":"https:\/\/schema.org","@graph":[{"@type":["WebPage","MedicalWebPage"],"@id":"https:\/\/dtifoundation.com\/ca\/donar\/","url":"https:\/\/dtifoundation.com\/ca\/donar\/","name":"Donar | DTI Foundation | Donation &amp; Transplantation Institute","isPartOf":{"@id":"https:\/\/dtifoundation.com\/#website"},"primaryImageOfPage":{"@id":"https:\/\/dtifoundation.com\/ca\/donar\/#primaryimage"},"image":{"@id":"https:\/\/dtifoundation.com\/ca\/donar\/#primaryimage"},"thumbnailUrl":"https:\/\/dtifoundation.com\/wp-content\/uploads\/2025\/03\/Firefly-20250326104941.png","datePublished":"2024-12-09T12:11:20+00:00","dateModified":"2025-03-26T11:47:27+00:00","description":"Descobreix tota la informaci\u00f3 sobre Donar a la nostra web. A DTI oferim suport a projectes internacionals orientats a augmentar la donaci\u00f3 d'\u00f2rgans i els trasplantaments arreu del m\u00f3n.","breadcrumb":{"@id":"https:\/\/dtifoundation.com\/ca\/donar\/#breadcrumb"},"inLanguage":"ca","potentialAction":[{"@type":"ReadAction","target":["https:\/\/dtifoundation.com\/ca\/donar\/"]}]},{"@type":"ImageObject","inLanguage":"ca","@id":"https:\/\/dtifoundation.com\/ca\/donar\/#primaryimage","url":"https:\/\/dtifoundation.com\/wp-content\/uploads\/2025\/03\/Firefly-20250326104941.png","contentUrl":"https:\/\/dtifoundation.com\/wp-content\/uploads\/2025\/03\/Firefly-20250326104941.png","width":2136,"height":773},{"@type":"BreadcrumbList","@id":"https:\/\/dtifoundation.com\/ca\/donar\/#breadcrumb","itemListElement":[{"@type":"ListItem","position":1,"name":"Home","item":"https:\/\/dtifoundation.com\/ca\/"},{"@type":"ListItem","position":2,"name":"Donar"}]},{"@type":"WebSite","@id":"https:\/\/dtifoundation.com\/#website","url":"https:\/\/dtifoundation.com\/","name":"TPM - DTI Foundation","description":"","potentialAction":[{"@type":"SearchAction","target":{"@type":"EntryPoint","urlTemplate":"https:\/\/dtifoundation.com\/?s={search_term_string}"},"query-input":{"@type":"PropertyValueSpecification","valueRequired":true,"valueName":"search_term_string"}}],"inLanguage":"ca"}]}},"_links":{"self":[{"href":"https:\/\/dtifoundation.com\/ca\/wp-json\/wp\/v2\/pages\/14674","targetHints":{"allow":["GET"]}}],"collection":[{"href":"https:\/\/dtifoundation.com\/ca\/wp-json\/wp\/v2\/pages"}],"about":[{"href":"https:\/\/dtifoundation.com\/ca\/wp-json\/wp\/v2\/types\/page"}],"author":[{"embeddable":true,"href":"https:\/\/dtifoundation.com\/ca\/wp-json\/wp\/v2\/users\/1"}],"replies":[{"embeddable":true,"href":"https:\/\/dtifoundation.com\/ca\/wp-json\/wp\/v2\/comments?post=14674"}],"version-history":[{"count":4,"href":"https:\/\/dtifoundation.com\/ca\/wp-json\/wp\/v2\/pages\/14674\/revisions"}],"predecessor-version":[{"id":14967,"href":"https:\/\/dtifoundation.com\/ca\/wp-json\/wp\/v2\/pages\/14674\/revisions\/14967"}],"wp:featuredmedia":[{"embeddable":true,"href":"https:\/\/dtifoundation.com\/ca\/wp-json\/wp\/v2\/media\/15430"}],"wp:attachment":[{"href":"https:\/\/dtifoundation.com\/ca\/wp-json\/wp\/v2\/media?parent=14674"}],"curies":[{"name":"wp","href":"https:\/\/api.w.org\/{rel}","templated":true}]}}